{"id":12358,"date":"2025-07-23T19:57:19","date_gmt":"2025-07-23T17:57:19","guid":{"rendered":"https:\/\/www.kliinikum.ee\/yhendlabor\/?page_id=12358"},"modified":"2025-12-11T18:26:52","modified_gmt":"2025-12-11T16:26:52","slug":"etanool-sp-etoh","status":"publish","type":"page","link":"https:\/\/www.kliinikum.ee\/yhendlabor\/kasiraamat\/toksikoloogilised-ja-metallide-uuringud\/etanool-sp-etoh\/","title":{"rendered":"Etanool (S,P-EtOH)"},"content":{"rendered":"\n<p><em>Kliinilise keemia osakond, tel. 731 8316<\/em><\/p>\n\n\n\n<p><strong>Etanool<\/strong> satub organismi peamiselt seedetrakti kaudu, v\u00f5imalik on ka selle sattumine organismi aurude sissehingamise teel. Seedetraktist imendub etanool kiiresti ja t\u00e4ielikult, ~60% tarbitud etanoolist on verre imendunud \u00fche tunniga, 1,5 tunni jooksul on imendunud ~90%. Imendumine aeglustub, kui tarvitada etanooli koos toiduga. P\u00e4rast vereringesse j\u00f5udmist metaboliseeritakse etanool maksas, tekib atseetaldeh\u00fc\u00fcd, mis eritatakse uriiniga v\u00f5i metaboliseeritakse edasi \u00e4\u00e4dikhappeks. Alkohoolikutel on metabolism kiirenenud, samuti on metabolism kiirenenud etanooli suurte kontsentratsioonide puhul veres. V\u00e4ike osa etanoolist eritatakse organismist neerude, naha ja kopsude kaudu.<\/p>\n\n\n\n<p class=\"has-medium-font-size\"><strong>Uuritav materjal, selle v\u00f5tmine, saatmine ja s\u00e4ilitamine<\/strong><\/p>\n\n\n\n<p>Verev\u00f5tul ei tohi punktsioonikohta alkoholiga puhastada! Katsuti tuleb t\u00e4ita selle normaalse mahutavuse ulatuses ning et\u00fc\u00fclalkoholi lendumise ja mikrobiaalse saastumise v\u00e4ltimiseks ei v\u00f5i korki eemaldada.<\/p>\n\n\n\n<p>Proov ei tohi olla hemol\u00fc\u00fctiline!<\/p>\n\n\n\n<figure class=\"wp-block-table is-style-stripes\"><table width=\"100%\"><tbody><tr><td width=\"1%\"><\/td><td width=\"15%\"><strong>Katsuti<\/strong><\/td><td width=\"84%\">Geeli ja h\u00fc\u00fcbimisaktivaatoriga katsuti (kollane kork) v\u00f5i geeliga LH-katsuti (heleroheline kork)<\/td><\/tr><tr><td><\/td><td><strong>S\u00e4ilivus<\/strong><\/td><td>Seerum\/plasma toatemperatuuril kaks p\u00e4eva, +4 \u00b0C kaks n\u00e4dalat, -20 \u00b0C \u00fcks kuu<\/td><\/tr><\/tbody><\/table><\/figure>\n\n\n\n<p class=\"has-medium-font-size\"><strong>Anal\u00fc\u00fcsi tegemise aeg:<\/strong> \u00f6\u00f6p\u00e4evaringselt<\/p>\n\n\n\n<p class=\"has-medium-font-size\"><strong>Anal\u00fc\u00fcsimeetod:<\/strong> ens\u00fcmaatiline meetod, meetod on spetsiifiline etanoolile, s.t negatiivne vastus ei v\u00e4lista etanooli surrogaatide, nagu metanooli, et\u00fcleengl\u00fckooli, isopropanooli ja atsetooni sisaldust veres.<\/p>\n\n\n\n<p class=\"has-medium-font-size\"><strong>Referentsv\u00e4\u00e4rtus<\/strong><\/p>\n\n\n\n<figure class=\"wp-block-table\"><table width=\"100%\"><tbody><tr><td width=\"1%\"><\/td><td width=\"30%\"><strong>K\u00f5ik vanusegrupid<\/strong><\/td><td width=\"69%\">&lt; 0,2 g\/L<\/td><\/tr><\/tbody><\/table><\/figure>\n\n\n\n<p class=\"has-medium-font-size\"><strong>N\u00e4idustus ja kliiniline t\u00e4hendus<\/strong><\/p>\n\n\n\n<p>Alkoholim\u00fcrgistuse diagnostika.<\/p>\n\n\n\n<p>SA T\u00dcK \u00dchendlaboris teostatakse etanooli anal\u00fc\u00fcse ainult meditsiinilistel n\u00e4idustustel. Etanooli tarvitamise sedastamine juriidilistel n\u00e4idustustel teostatakse Eesti Kohtuekspertiisi Instituudis (sel juhul tuleb prooviv\u00f5tu jm k\u00fcsimustes juhinduda Vabariigi Valitsuse 17.12.2009. a vastu v\u00f5etud m\u00e4\u00e4rusest nr. 204 (\u201eVere- ja bioloogilise vedeliku proovi v\u00f5tmise, s\u00e4ilitamise, uuringuks edastamise, uuringu tegemise ning nende toimingute tasustamise ja uuringu tulemustest teavitamise kord\u201c).<\/p>\n\n\n\n<p>Koostaja: Katrin Reimand<br>Muudetud 11.02.2016<\/p>\n","protected":false},"excerpt":{"rendered":"<p>Kliinilise keemia osakond, tel. 731 8316 Etanool satub organismi peamiselt seedetrakti kaudu, v\u00f5imalik on ka selle sattumine organismi aurude sissehingamise teel. Seedetraktist imendub etanool kiiresti ja t\u00e4ielikult, ~60% tarbitud etanoolist on verre imendunud \u00fche tunniga, 1,5 tunni jooksul on imendunud ~90%. Imendumine aeglustub, kui tarvitada etanooli koos toiduga. P\u00e4rast vereringesse j\u00f5udmist metaboliseeritakse etanool maksas, tekib [&hellip;]<\/p>\n","protected":false},"author":38,"featured_media":0,"parent":7314,"menu_order":6,"comment_status":"closed","ping_status":"closed","template":"","meta":{"_uag_custom_page_level_css":"","footnotes":""},"class_list":["post-12358","page","type-page","status-publish","hentry"],"acf":[],"yoast_head":"<!-- This site is optimized with the Yoast SEO plugin v27.3 - https:\/\/yoast.com\/product\/yoast-seo-wordpress\/ -->\n<title>Etanool (S,P-EtOH) - \u00dchendlabor<\/title>\n<meta name=\"robots\" content=\"index, follow, max-snippet:-1, max-image-preview:large, max-video-preview:-1\" \/>\n<link rel=\"canonical\" href=\"https:\/\/www.kliinikum.ee\/yhendlabor\/kasiraamat\/toksikoloogilised-ja-metallide-uuringud\/etanool-sp-etoh\/\" \/>\n<meta property=\"og:locale\" content=\"et_EE\" \/>\n<meta property=\"og:type\" content=\"article\" \/>\n<meta property=\"og:title\" content=\"Etanool (S,P-EtOH) - \u00dchendlabor\" \/>\n<meta property=\"og:description\" content=\"Kliinilise keemia osakond, tel. 731 8316 Etanool satub organismi peamiselt seedetrakti kaudu, v\u00f5imalik on ka selle sattumine organismi aurude sissehingamise teel. Seedetraktist imendub etanool kiiresti ja t\u00e4ielikult, ~60% tarbitud etanoolist on verre imendunud \u00fche tunniga, 1,5 tunni jooksul on imendunud ~90%. Imendumine aeglustub, kui tarvitada etanooli koos toiduga. P\u00e4rast vereringesse j\u00f5udmist metaboliseeritakse etanool maksas, tekib [&hellip;]\" \/>\n<meta property=\"og:url\" content=\"https:\/\/www.kliinikum.ee\/yhendlabor\/kasiraamat\/toksikoloogilised-ja-metallide-uuringud\/etanool-sp-etoh\/\" \/>\n<meta property=\"og:site_name\" content=\"\u00dchendlabor\" \/>\n<meta property=\"article:modified_time\" content=\"2025-12-11T16:26:52+00:00\" \/>\n<meta name=\"twitter:card\" content=\"summary_large_image\" \/>\n<meta name=\"twitter:label1\" content=\"Est. reading time\" \/>\n\t<meta name=\"twitter:data1\" content=\"2 minutit\" \/>\n<script type=\"application\/ld+json\" class=\"yoast-schema-graph\">{\"@context\":\"https:\\\/\\\/schema.org\",\"@graph\":[{\"@type\":\"WebPage\",\"@id\":\"https:\\\/\\\/www.kliinikum.ee\\\/yhendlabor\\\/kasiraamat\\\/toksikoloogilised-ja-metallide-uuringud\\\/etanool-sp-etoh\\\/\",\"url\":\"https:\\\/\\\/www.kliinikum.ee\\\/yhendlabor\\\/kasiraamat\\\/toksikoloogilised-ja-metallide-uuringud\\\/etanool-sp-etoh\\\/\",\"name\":\"Etanool (S,P-EtOH) - \u00dchendlabor\",\"isPartOf\":{\"@id\":\"https:\\\/\\\/www.kliinikum.ee\\\/yhendlabor\\\/#website\"},\"datePublished\":\"2025-07-23T17:57:19+00:00\",\"dateModified\":\"2025-12-11T16:26:52+00:00\",\"breadcrumb\":{\"@id\":\"https:\\\/\\\/www.kliinikum.ee\\\/yhendlabor\\\/kasiraamat\\\/toksikoloogilised-ja-metallide-uuringud\\\/etanool-sp-etoh\\\/#breadcrumb\"},\"inLanguage\":\"et\",\"potentialAction\":[{\"@type\":\"ReadAction\",\"target\":[\"https:\\\/\\\/www.kliinikum.ee\\\/yhendlabor\\\/kasiraamat\\\/toksikoloogilised-ja-metallide-uuringud\\\/etanool-sp-etoh\\\/\"]}]},{\"@type\":\"BreadcrumbList\",\"@id\":\"https:\\\/\\\/www.kliinikum.ee\\\/yhendlabor\\\/kasiraamat\\\/toksikoloogilised-ja-metallide-uuringud\\\/etanool-sp-etoh\\\/#breadcrumb\",\"itemListElement\":[{\"@type\":\"ListItem\",\"position\":1,\"name\":\"Home\",\"item\":\"https:\\\/\\\/www.kliinikum.ee\\\/yhendlabor\\\/\"},{\"@type\":\"ListItem\",\"position\":2,\"name\":\"K\u00e4siraamat\",\"item\":\"https:\\\/\\\/www.kliinikum.ee\\\/yhendlabor\\\/kasiraamat\\\/\"},{\"@type\":\"ListItem\",\"position\":3,\"name\":\"Toksikoloogilised ja metallide uuringud\",\"item\":\"https:\\\/\\\/www.kliinikum.ee\\\/yhendlabor\\\/kasiraamat\\\/toksikoloogilised-ja-metallide-uuringud\\\/\"},{\"@type\":\"ListItem\",\"position\":4,\"name\":\"Etanool (S,P-EtOH)\"}]},{\"@type\":\"WebSite\",\"@id\":\"https:\\\/\\\/www.kliinikum.ee\\\/yhendlabor\\\/#website\",\"url\":\"https:\\\/\\\/www.kliinikum.ee\\\/yhendlabor\\\/\",\"name\":\"\u00dchendlabor\",\"description\":\"Hoolivus, Uuendusmeelsus, P\u00e4devus ja Usaldusv\u00e4\u00e4rsus\",\"potentialAction\":[{\"@type\":\"SearchAction\",\"target\":{\"@type\":\"EntryPoint\",\"urlTemplate\":\"https:\\\/\\\/www.kliinikum.ee\\\/yhendlabor\\\/?s={search_term_string}\"},\"query-input\":{\"@type\":\"PropertyValueSpecification\",\"valueRequired\":true,\"valueName\":\"search_term_string\"}}],\"inLanguage\":\"et\"}]}<\/script>\n<!-- \/ Yoast SEO plugin. -->","yoast_head_json":{"title":"Etanool (S,P-EtOH) - \u00dchendlabor","robots":{"index":"index","follow":"follow","max-snippet":"max-snippet:-1","max-image-preview":"max-image-preview:large","max-video-preview":"max-video-preview:-1"},"canonical":"https:\/\/www.kliinikum.ee\/yhendlabor\/kasiraamat\/toksikoloogilised-ja-metallide-uuringud\/etanool-sp-etoh\/","og_locale":"et_EE","og_type":"article","og_title":"Etanool (S,P-EtOH) - \u00dchendlabor","og_description":"Kliinilise keemia osakond, tel. 731 8316 Etanool satub organismi peamiselt seedetrakti kaudu, v\u00f5imalik on ka selle sattumine organismi aurude sissehingamise teel. Seedetraktist imendub etanool kiiresti ja t\u00e4ielikult, ~60% tarbitud etanoolist on verre imendunud \u00fche tunniga, 1,5 tunni jooksul on imendunud ~90%. Imendumine aeglustub, kui tarvitada etanooli koos toiduga. P\u00e4rast vereringesse j\u00f5udmist metaboliseeritakse etanool maksas, tekib [&hellip;]","og_url":"https:\/\/www.kliinikum.ee\/yhendlabor\/kasiraamat\/toksikoloogilised-ja-metallide-uuringud\/etanool-sp-etoh\/","og_site_name":"\u00dchendlabor","article_modified_time":"2025-12-11T16:26:52+00:00","twitter_card":"summary_large_image","twitter_misc":{"Est. reading time":"2 minutit"},"schema":{"@context":"https:\/\/schema.org","@graph":[{"@type":"WebPage","@id":"https:\/\/www.kliinikum.ee\/yhendlabor\/kasiraamat\/toksikoloogilised-ja-metallide-uuringud\/etanool-sp-etoh\/","url":"https:\/\/www.kliinikum.ee\/yhendlabor\/kasiraamat\/toksikoloogilised-ja-metallide-uuringud\/etanool-sp-etoh\/","name":"Etanool (S,P-EtOH) - \u00dchendlabor","isPartOf":{"@id":"https:\/\/www.kliinikum.ee\/yhendlabor\/#website"},"datePublished":"2025-07-23T17:57:19+00:00","dateModified":"2025-12-11T16:26:52+00:00","breadcrumb":{"@id":"https:\/\/www.kliinikum.ee\/yhendlabor\/kasiraamat\/toksikoloogilised-ja-metallide-uuringud\/etanool-sp-etoh\/#breadcrumb"},"inLanguage":"et","potentialAction":[{"@type":"ReadAction","target":["https:\/\/www.kliinikum.ee\/yhendlabor\/kasiraamat\/toksikoloogilised-ja-metallide-uuringud\/etanool-sp-etoh\/"]}]},{"@type":"BreadcrumbList","@id":"https:\/\/www.kliinikum.ee\/yhendlabor\/kasiraamat\/toksikoloogilised-ja-metallide-uuringud\/etanool-sp-etoh\/#breadcrumb","itemListElement":[{"@type":"ListItem","position":1,"name":"Home","item":"https:\/\/www.kliinikum.ee\/yhendlabor\/"},{"@type":"ListItem","position":2,"name":"K\u00e4siraamat","item":"https:\/\/www.kliinikum.ee\/yhendlabor\/kasiraamat\/"},{"@type":"ListItem","position":3,"name":"Toksikoloogilised ja metallide uuringud","item":"https:\/\/www.kliinikum.ee\/yhendlabor\/kasiraamat\/toksikoloogilised-ja-metallide-uuringud\/"},{"@type":"ListItem","position":4,"name":"Etanool (S,P-EtOH)"}]},{"@type":"WebSite","@id":"https:\/\/www.kliinikum.ee\/yhendlabor\/#website","url":"https:\/\/www.kliinikum.ee\/yhendlabor\/","name":"\u00dchendlabor","description":"Hoolivus, Uuendusmeelsus, P\u00e4devus ja Usaldusv\u00e4\u00e4rsus","potentialAction":[{"@type":"SearchAction","target":{"@type":"EntryPoint","urlTemplate":"https:\/\/www.kliinikum.ee\/yhendlabor\/?s={search_term_string}"},"query-input":{"@type":"PropertyValueSpecification","valueRequired":true,"valueName":"search_term_string"}}],"inLanguage":"et"}]}},"uagb_featured_image_src":{"full":false,"thumbnail":false,"medium":false,"medium_large":false,"large":false,"1536x1536":false,"2048x2048":false},"uagb_author_info":{"display_name":"Kadi Siigur","author_link":"https:\/\/www.kliinikum.ee\/yhendlabor\/author\/kadisi\/"},"uagb_comment_info":0,"uagb_excerpt":"Kliinilise keemia osakond, tel. 731 8316 Etanool satub organismi peamiselt seedetrakti kaudu, v\u00f5imalik on ka selle sattumine organismi aurude sissehingamise teel. Seedetraktist imendub etanool kiiresti ja t\u00e4ielikult, ~60% tarbitud etanoolist on verre imendunud \u00fche tunniga, 1,5 tunni jooksul on imendunud ~90%. Imendumine aeglustub, kui tarvitada etanooli koos toiduga. P\u00e4rast vereringesse j\u00f5udmist metaboliseeritakse etanool maksas, tekib&hellip;","_links":{"self":[{"href":"https:\/\/www.kliinikum.ee\/yhendlabor\/wp-json\/wp\/v2\/pages\/12358","targetHints":{"allow":["GET"]}}],"collection":[{"href":"https:\/\/www.kliinikum.ee\/yhendlabor\/wp-json\/wp\/v2\/pages"}],"about":[{"href":"https:\/\/www.kliinikum.ee\/yhendlabor\/wp-json\/wp\/v2\/types\/page"}],"author":[{"embeddable":true,"href":"https:\/\/www.kliinikum.ee\/yhendlabor\/wp-json\/wp\/v2\/users\/38"}],"replies":[{"embeddable":true,"href":"https:\/\/www.kliinikum.ee\/yhendlabor\/wp-json\/wp\/v2\/comments?post=12358"}],"version-history":[{"count":0,"href":"https:\/\/www.kliinikum.ee\/yhendlabor\/wp-json\/wp\/v2\/pages\/12358\/revisions"}],"up":[{"embeddable":true,"href":"https:\/\/www.kliinikum.ee\/yhendlabor\/wp-json\/wp\/v2\/pages\/7314"}],"wp:attachment":[{"href":"https:\/\/www.kliinikum.ee\/yhendlabor\/wp-json\/wp\/v2\/media?parent=12358"}],"curies":[{"name":"wp","href":"https:\/\/api.w.org\/{rel}","templated":true}]}}