{"id":12364,"date":"2025-07-23T20:10:04","date_gmt":"2025-07-23T18:10:04","guid":{"rendered":"https:\/\/www.kliinikum.ee\/yhendlabor\/?page_id=12364"},"modified":"2025-12-11T18:20:56","modified_gmt":"2025-12-11T16:20:56","slug":"barbituraadid-uriinis-u-bar","status":"publish","type":"page","link":"https:\/\/www.kliinikum.ee\/yhendlabor\/kasiraamat\/toksikoloogilised-ja-metallide-uuringud\/barbituraadid-uriinis-u-bar\/","title":{"rendered":"Barbituraadid uriinis (U-Bar)"},"content":{"rendered":"\n<p><em>Kliinilise keemia osakond, tel. 731 8316<\/em><\/p>\n\n\n\n<p><strong>Barbituraadid <\/strong>on barbituurhappest p\u00e4rinev ravimite r\u00fchm, mida kasutatakse rahustite, uinutite, anesteetikumide ja epilepsiavastaste ainetena. Nende tarvitamisel esineb suhteliselt sageli tahtmatut v\u00f5i tahtlikku \u00fcleannustamist. Barbituraatide kasutamisega v\u00f5ib kaasneda f\u00fc\u00fcsiline s\u00f5ltuvus. Kliiniliselt sarnaneb barbituraatidest tingitud joove alkoholijoobele. Unisus, artikulatsiooni- ja koordinatsioonih\u00e4ired ning suurenenud \u00e4rritatavus on tavalised n\u00e4hud barbituraatide \u00fcledoseerimisel. Eriti ohtlik on barbituraatide ja alkoholi \u00fcheaegne tarvitamine. Suurte dooside puhul v\u00f5ivad tekkida h\u00fcpotermia, h\u00fcpotensioon, kooma ning hingamise ja vereringe seiskumine. S\u00f5ltuvalt preparaadist v\u00f5ib barbituraatide toime olla v\u00e4ga erineva kestusega. Samuti p\u00fcsivad erinevad barbituraadid uriinis m\u00e4\u00e4ratavas kontsentratsioonis v\u00e4ga erineva ajaperioodi v\u00e4ltel p\u00e4rast manustamist.<\/p>\n\n\n\n<p class=\"has-medium-font-size\"><strong>Uuritav materjal, selle v\u00f5tmine, saatmine ja s\u00e4ilitamine<\/strong><\/p>\n\n\n\n<figure class=\"wp-block-table is-style-stripes\"><table width=\"100%\"><tbody><tr><td width=\"1%\"><\/td><td width=\"15%\"><strong>Proovin\u00f5u<\/strong><\/td><td width=\"84%\">Proovitops, 50mL<\/td><\/tr><tr><td><\/td><td><strong>S\u00e4ilivus<\/strong><\/td><td>Uriin +4 \u00b0C kaks p\u00e4eva, -20 \u00b0C pikemat aega<\/td><\/tr><\/tbody><\/table><\/figure>\n\n\n\n<p class=\"has-medium-font-size\"><strong>Anal\u00fc\u00fcsi tegemise aeg:<\/strong> \u00f6\u00f6p\u00e4evaringselt<\/p>\n\n\n\n<p class=\"has-medium-font-size\"><strong>Anal\u00fc\u00fcsimeetod: <\/strong>immuunkromatograafiline meetod (s\u00f5eltest)<\/p>\n\n\n\n<p class=\"has-medium-font-size\"><strong>Referentsv\u00e4\u00e4rtus<\/strong><\/p>\n\n\n\n<p>Normaalleid on negatiivne.<\/p>\n\n\n\n<p>Erinevate barbituraatide puhul on testi tundlikkus erinev. Test muutub positiivseks j\u00e4rgnevatel ravimite kontsentratsioonidel uriinis:<\/p>\n\n\n\n<figure class=\"wp-block-table\"><table width=\"100%\"><tbody><tr><td width=\"1%\"><\/td><td width=\"29%\"><strong>Alfenool<\/strong><\/td><td width=\"20%\">150 ng\/mL<\/td><td width=\"30%\"><strong>Butetaal<\/strong><\/td><td width=\"20%\">100 ng\/mL<\/td><\/tr><tr><td><\/td><td><strong>Amobarbitaal<\/strong><\/td><td>300 ng\/mL<\/td><td><strong>Fenobarbitaal<\/strong><\/td><td>100 ng\/mL<\/td><\/tr><tr><td><\/td><td><strong>Aprobarbitaal<\/strong><\/td><td>200 ng\/mL<\/td><td><strong>Pentobarbitaal<\/strong><\/td><td>300 ng\/mL<\/td><\/tr><tr><td><\/td><td><strong>Butabarbitaal<\/strong><\/td><td>75 ng\/mL<\/td><td><strong>Sekobarbitaal<\/strong><\/td><td>300 ng\/mL<\/td><\/tr><tr><td><\/td><td><strong>Butalbitaal<\/strong><\/td><td>2500 ng\/mL<\/td><td><strong>Ts\u00fcklopentobarbitaal<\/strong><\/td><td>600 ng\/mL<\/td><\/tr><\/tbody><\/table><\/figure>\n\n\n\n<p class=\"has-medium-font-size\"><strong>N\u00e4idustus ja kliiniline t\u00e4hendus<\/strong><\/p>\n\n\n\n<p>Kahtlus barbituraatide (kuri)tarvitamisele.<\/p>\n\n\n\n<p>S\u00f5eltesti tulemuse t\u00f5lgendamisel tuleb kindlasti arvestada kliinilist pilti ja v\u00f5imalikke ristreaktsioone patsiendile manustatavate ravimitega.<\/p>\n\n\n\n<p>SA T\u00dcK \u00dchendlaboris teostatakse narkootiliste ja ps\u00fchhotroopsete ainete anal\u00fc\u00fcse ainult meditsiinilistel n\u00e4idustustel. S\u00f5ltuvusaine kuritarvitamise sedastamine juriidilistel n\u00e4idustustel teostatakse Eesti Kohtuekspertiisi Instituudis.<\/p>\n\n\n\n<p>Koostaja: Katrin Reimand<\/p>\n","protected":false},"excerpt":{"rendered":"<p>Kliinilise keemia osakond, tel. 731 8316 Barbituraadid on barbituurhappest p\u00e4rinev ravimite r\u00fchm, mida kasutatakse rahustite, uinutite, anesteetikumide ja epilepsiavastaste ainetena. Nende tarvitamisel esineb suhteliselt sageli tahtmatut v\u00f5i tahtlikku \u00fcleannustamist. Barbituraatide kasutamisega v\u00f5ib kaasneda f\u00fc\u00fcsiline s\u00f5ltuvus. Kliiniliselt sarnaneb barbituraatidest tingitud joove alkoholijoobele. Unisus, artikulatsiooni- ja koordinatsioonih\u00e4ired ning suurenenud \u00e4rritatavus on tavalised n\u00e4hud barbituraatide \u00fcledoseerimisel. Eriti ohtlik [&hellip;]<\/p>\n","protected":false},"author":38,"featured_media":0,"parent":7314,"menu_order":3,"comment_status":"closed","ping_status":"closed","template":"","meta":{"_uag_custom_page_level_css":"","footnotes":""},"class_list":["post-12364","page","type-page","status-publish","hentry"],"acf":[],"yoast_head":"<!-- This site is optimized with the Yoast SEO plugin v27.3 - https:\/\/yoast.com\/product\/yoast-seo-wordpress\/ -->\n<title>Barbituraadid uriinis (U-Bar) - \u00dchendlabor<\/title>\n<meta name=\"robots\" content=\"index, follow, max-snippet:-1, max-image-preview:large, max-video-preview:-1\" \/>\n<link rel=\"canonical\" href=\"https:\/\/www.kliinikum.ee\/yhendlabor\/kasiraamat\/toksikoloogilised-ja-metallide-uuringud\/barbituraadid-uriinis-u-bar\/\" \/>\n<meta property=\"og:locale\" content=\"et_EE\" \/>\n<meta property=\"og:type\" content=\"article\" \/>\n<meta property=\"og:title\" content=\"Barbituraadid uriinis (U-Bar) - \u00dchendlabor\" \/>\n<meta property=\"og:description\" content=\"Kliinilise keemia osakond, tel. 731 8316 Barbituraadid on barbituurhappest p\u00e4rinev ravimite r\u00fchm, mida kasutatakse rahustite, uinutite, anesteetikumide ja epilepsiavastaste ainetena. Nende tarvitamisel esineb suhteliselt sageli tahtmatut v\u00f5i tahtlikku \u00fcleannustamist. Barbituraatide kasutamisega v\u00f5ib kaasneda f\u00fc\u00fcsiline s\u00f5ltuvus. Kliiniliselt sarnaneb barbituraatidest tingitud joove alkoholijoobele. Unisus, artikulatsiooni- ja koordinatsioonih\u00e4ired ning suurenenud \u00e4rritatavus on tavalised n\u00e4hud barbituraatide \u00fcledoseerimisel. Eriti ohtlik [&hellip;]\" \/>\n<meta property=\"og:url\" content=\"https:\/\/www.kliinikum.ee\/yhendlabor\/kasiraamat\/toksikoloogilised-ja-metallide-uuringud\/barbituraadid-uriinis-u-bar\/\" \/>\n<meta property=\"og:site_name\" content=\"\u00dchendlabor\" \/>\n<meta property=\"article:modified_time\" content=\"2025-12-11T16:20:56+00:00\" \/>\n<meta name=\"twitter:card\" content=\"summary_large_image\" \/>\n<meta name=\"twitter:label1\" content=\"Est. reading time\" \/>\n\t<meta name=\"twitter:data1\" content=\"2 minutit\" \/>\n<script type=\"application\/ld+json\" class=\"yoast-schema-graph\">{\"@context\":\"https:\\\/\\\/schema.org\",\"@graph\":[{\"@type\":\"WebPage\",\"@id\":\"https:\\\/\\\/www.kliinikum.ee\\\/yhendlabor\\\/kasiraamat\\\/toksikoloogilised-ja-metallide-uuringud\\\/barbituraadid-uriinis-u-bar\\\/\",\"url\":\"https:\\\/\\\/www.kliinikum.ee\\\/yhendlabor\\\/kasiraamat\\\/toksikoloogilised-ja-metallide-uuringud\\\/barbituraadid-uriinis-u-bar\\\/\",\"name\":\"Barbituraadid uriinis (U-Bar) - \u00dchendlabor\",\"isPartOf\":{\"@id\":\"https:\\\/\\\/www.kliinikum.ee\\\/yhendlabor\\\/#website\"},\"datePublished\":\"2025-07-23T18:10:04+00:00\",\"dateModified\":\"2025-12-11T16:20:56+00:00\",\"breadcrumb\":{\"@id\":\"https:\\\/\\\/www.kliinikum.ee\\\/yhendlabor\\\/kasiraamat\\\/toksikoloogilised-ja-metallide-uuringud\\\/barbituraadid-uriinis-u-bar\\\/#breadcrumb\"},\"inLanguage\":\"et\",\"potentialAction\":[{\"@type\":\"ReadAction\",\"target\":[\"https:\\\/\\\/www.kliinikum.ee\\\/yhendlabor\\\/kasiraamat\\\/toksikoloogilised-ja-metallide-uuringud\\\/barbituraadid-uriinis-u-bar\\\/\"]}]},{\"@type\":\"BreadcrumbList\",\"@id\":\"https:\\\/\\\/www.kliinikum.ee\\\/yhendlabor\\\/kasiraamat\\\/toksikoloogilised-ja-metallide-uuringud\\\/barbituraadid-uriinis-u-bar\\\/#breadcrumb\",\"itemListElement\":[{\"@type\":\"ListItem\",\"position\":1,\"name\":\"Home\",\"item\":\"https:\\\/\\\/www.kliinikum.ee\\\/yhendlabor\\\/\"},{\"@type\":\"ListItem\",\"position\":2,\"name\":\"K\u00e4siraamat\",\"item\":\"https:\\\/\\\/www.kliinikum.ee\\\/yhendlabor\\\/kasiraamat\\\/\"},{\"@type\":\"ListItem\",\"position\":3,\"name\":\"Toksikoloogilised ja metallide uuringud\",\"item\":\"https:\\\/\\\/www.kliinikum.ee\\\/yhendlabor\\\/kasiraamat\\\/toksikoloogilised-ja-metallide-uuringud\\\/\"},{\"@type\":\"ListItem\",\"position\":4,\"name\":\"Barbituraadid uriinis (U-Bar)\"}]},{\"@type\":\"WebSite\",\"@id\":\"https:\\\/\\\/www.kliinikum.ee\\\/yhendlabor\\\/#website\",\"url\":\"https:\\\/\\\/www.kliinikum.ee\\\/yhendlabor\\\/\",\"name\":\"\u00dchendlabor\",\"description\":\"Hoolivus, Uuendusmeelsus, P\u00e4devus ja Usaldusv\u00e4\u00e4rsus\",\"potentialAction\":[{\"@type\":\"SearchAction\",\"target\":{\"@type\":\"EntryPoint\",\"urlTemplate\":\"https:\\\/\\\/www.kliinikum.ee\\\/yhendlabor\\\/?s={search_term_string}\"},\"query-input\":{\"@type\":\"PropertyValueSpecification\",\"valueRequired\":true,\"valueName\":\"search_term_string\"}}],\"inLanguage\":\"et\"}]}<\/script>\n<!-- \/ Yoast SEO plugin. -->","yoast_head_json":{"title":"Barbituraadid uriinis (U-Bar) - \u00dchendlabor","robots":{"index":"index","follow":"follow","max-snippet":"max-snippet:-1","max-image-preview":"max-image-preview:large","max-video-preview":"max-video-preview:-1"},"canonical":"https:\/\/www.kliinikum.ee\/yhendlabor\/kasiraamat\/toksikoloogilised-ja-metallide-uuringud\/barbituraadid-uriinis-u-bar\/","og_locale":"et_EE","og_type":"article","og_title":"Barbituraadid uriinis (U-Bar) - \u00dchendlabor","og_description":"Kliinilise keemia osakond, tel. 731 8316 Barbituraadid on barbituurhappest p\u00e4rinev ravimite r\u00fchm, mida kasutatakse rahustite, uinutite, anesteetikumide ja epilepsiavastaste ainetena. Nende tarvitamisel esineb suhteliselt sageli tahtmatut v\u00f5i tahtlikku \u00fcleannustamist. Barbituraatide kasutamisega v\u00f5ib kaasneda f\u00fc\u00fcsiline s\u00f5ltuvus. Kliiniliselt sarnaneb barbituraatidest tingitud joove alkoholijoobele. Unisus, artikulatsiooni- ja koordinatsioonih\u00e4ired ning suurenenud \u00e4rritatavus on tavalised n\u00e4hud barbituraatide \u00fcledoseerimisel. Eriti ohtlik [&hellip;]","og_url":"https:\/\/www.kliinikum.ee\/yhendlabor\/kasiraamat\/toksikoloogilised-ja-metallide-uuringud\/barbituraadid-uriinis-u-bar\/","og_site_name":"\u00dchendlabor","article_modified_time":"2025-12-11T16:20:56+00:00","twitter_card":"summary_large_image","twitter_misc":{"Est. reading time":"2 minutit"},"schema":{"@context":"https:\/\/schema.org","@graph":[{"@type":"WebPage","@id":"https:\/\/www.kliinikum.ee\/yhendlabor\/kasiraamat\/toksikoloogilised-ja-metallide-uuringud\/barbituraadid-uriinis-u-bar\/","url":"https:\/\/www.kliinikum.ee\/yhendlabor\/kasiraamat\/toksikoloogilised-ja-metallide-uuringud\/barbituraadid-uriinis-u-bar\/","name":"Barbituraadid uriinis (U-Bar) - \u00dchendlabor","isPartOf":{"@id":"https:\/\/www.kliinikum.ee\/yhendlabor\/#website"},"datePublished":"2025-07-23T18:10:04+00:00","dateModified":"2025-12-11T16:20:56+00:00","breadcrumb":{"@id":"https:\/\/www.kliinikum.ee\/yhendlabor\/kasiraamat\/toksikoloogilised-ja-metallide-uuringud\/barbituraadid-uriinis-u-bar\/#breadcrumb"},"inLanguage":"et","potentialAction":[{"@type":"ReadAction","target":["https:\/\/www.kliinikum.ee\/yhendlabor\/kasiraamat\/toksikoloogilised-ja-metallide-uuringud\/barbituraadid-uriinis-u-bar\/"]}]},{"@type":"BreadcrumbList","@id":"https:\/\/www.kliinikum.ee\/yhendlabor\/kasiraamat\/toksikoloogilised-ja-metallide-uuringud\/barbituraadid-uriinis-u-bar\/#breadcrumb","itemListElement":[{"@type":"ListItem","position":1,"name":"Home","item":"https:\/\/www.kliinikum.ee\/yhendlabor\/"},{"@type":"ListItem","position":2,"name":"K\u00e4siraamat","item":"https:\/\/www.kliinikum.ee\/yhendlabor\/kasiraamat\/"},{"@type":"ListItem","position":3,"name":"Toksikoloogilised ja metallide uuringud","item":"https:\/\/www.kliinikum.ee\/yhendlabor\/kasiraamat\/toksikoloogilised-ja-metallide-uuringud\/"},{"@type":"ListItem","position":4,"name":"Barbituraadid uriinis (U-Bar)"}]},{"@type":"WebSite","@id":"https:\/\/www.kliinikum.ee\/yhendlabor\/#website","url":"https:\/\/www.kliinikum.ee\/yhendlabor\/","name":"\u00dchendlabor","description":"Hoolivus, Uuendusmeelsus, P\u00e4devus ja Usaldusv\u00e4\u00e4rsus","potentialAction":[{"@type":"SearchAction","target":{"@type":"EntryPoint","urlTemplate":"https:\/\/www.kliinikum.ee\/yhendlabor\/?s={search_term_string}"},"query-input":{"@type":"PropertyValueSpecification","valueRequired":true,"valueName":"search_term_string"}}],"inLanguage":"et"}]}},"uagb_featured_image_src":{"full":false,"thumbnail":false,"medium":false,"medium_large":false,"large":false,"1536x1536":false,"2048x2048":false},"uagb_author_info":{"display_name":"Kadi Siigur","author_link":"https:\/\/www.kliinikum.ee\/yhendlabor\/author\/kadisi\/"},"uagb_comment_info":0,"uagb_excerpt":"Kliinilise keemia osakond, tel. 731 8316 Barbituraadid on barbituurhappest p\u00e4rinev ravimite r\u00fchm, mida kasutatakse rahustite, uinutite, anesteetikumide ja epilepsiavastaste ainetena. Nende tarvitamisel esineb suhteliselt sageli tahtmatut v\u00f5i tahtlikku \u00fcleannustamist. Barbituraatide kasutamisega v\u00f5ib kaasneda f\u00fc\u00fcsiline s\u00f5ltuvus. Kliiniliselt sarnaneb barbituraatidest tingitud joove alkoholijoobele. Unisus, artikulatsiooni- ja koordinatsioonih\u00e4ired ning suurenenud \u00e4rritatavus on tavalised n\u00e4hud barbituraatide \u00fcledoseerimisel. Eriti ohtlik&hellip;","_links":{"self":[{"href":"https:\/\/www.kliinikum.ee\/yhendlabor\/wp-json\/wp\/v2\/pages\/12364","targetHints":{"allow":["GET"]}}],"collection":[{"href":"https:\/\/www.kliinikum.ee\/yhendlabor\/wp-json\/wp\/v2\/pages"}],"about":[{"href":"https:\/\/www.kliinikum.ee\/yhendlabor\/wp-json\/wp\/v2\/types\/page"}],"author":[{"embeddable":true,"href":"https:\/\/www.kliinikum.ee\/yhendlabor\/wp-json\/wp\/v2\/users\/38"}],"replies":[{"embeddable":true,"href":"https:\/\/www.kliinikum.ee\/yhendlabor\/wp-json\/wp\/v2\/comments?post=12364"}],"version-history":[{"count":0,"href":"https:\/\/www.kliinikum.ee\/yhendlabor\/wp-json\/wp\/v2\/pages\/12364\/revisions"}],"up":[{"embeddable":true,"href":"https:\/\/www.kliinikum.ee\/yhendlabor\/wp-json\/wp\/v2\/pages\/7314"}],"wp:attachment":[{"href":"https:\/\/www.kliinikum.ee\/yhendlabor\/wp-json\/wp\/v2\/media?parent=12364"}],"curies":[{"name":"wp","href":"https:\/\/api.w.org\/{rel}","templated":true}]}}