{"id":12377,"date":"2025-07-23T20:36:11","date_gmt":"2025-07-23T18:36:11","guid":{"rendered":"https:\/\/www.kliinikum.ee\/yhendlabor\/?page_id=12377"},"modified":"2025-12-11T18:32:10","modified_gmt":"2025-12-11T16:32:10","slug":"gammahudroksubuturaat-uriinis-u-ghb","status":"publish","type":"page","link":"https:\/\/www.kliinikum.ee\/yhendlabor\/kasiraamat\/toksikoloogilised-ja-metallide-uuringud\/gammahudroksubuturaat-uriinis-u-ghb\/","title":{"rendered":"Gammah\u00fcdroks\u00fcbut\u00fcraat uriinis (U-GHB)"},"content":{"rendered":"\n<p><em>Kliinilise keemia ja laboratoorse hematoloogia osakond, tel. 731 8316<\/em><\/p>\n\n\n\n<p><strong>Gammah\u00fcdroks\u00fcbut\u00fcraat (GHB)<\/strong> on looduslikult esinev nelja s\u00fcsiniku aatomiga \u00fchend, mida leidub enim keskn\u00e4rvis\u00fcsteemis, kus ta tekib neurotransmitteri gammaaminobut\u00fcraadi (GABA) metabolismis, omades ka ise mediaatori funktsiooni. GHB-d tekib ka fermentatsiooni k\u00e4igus, mist\u00f5ttu v\u00f5ib teda leida v\u00e4ga v\u00e4ikeses kontsentratsioonis ka m\u00f5nedes veini- ja \u00f5llesortides. Meditsiinis on GHB-d kasutatud \u00fcldanesteetikumina ning unetuse, depressiooni ja alkoholismi ravis. GHB on kantud narkootiliste ja ps\u00fchhotroopsete ainete nimekirja selle v\u00e4\u00e4rkasutuse t\u00f5ttu m\u00f5nu- ning dopinguainena. M\u00f5nuainena on ta rahvasuus tuntud \u201ekorgijoogina\u201c.<\/p>\n\n\n\n<p>GHB on v\u00e4rvitu, l\u00f5hnatu, kergelt soolase maitsega vedelik, mis imendub kiiresti suukaudsel manustamisel, saavutades maksimumkontsentratsiooni veres u 30 minuti jooksul. M\u00f5ju kestab olenevalt annusest 1\u20133 tundi. GHB metaboliseerub maksas peaaegu t\u00e4ielikult ning ainult 5% eritub muutumatult uriiniga.&nbsp;<\/p>\n\n\n\n<p class=\"has-medium-font-size\"><strong>Uuritav materjal, selle v\u00f5tmine, saatmine ja s\u00e4ilitamine<\/strong><\/p>\n\n\n\n<figure class=\"wp-block-table is-style-stripes\"><table width=\"100%\"><tbody><tr><td width=\"1%\"><\/td><td width=\"15%\"><strong>Proovin\u00f5u<\/strong><\/td><td width=\"84%\">Proovitops, 50 mL<\/td><\/tr><tr><td><\/td><td><strong>S\u00e4ilivus<\/strong><\/td><td>Uriin +4 \u00b0C kaks p\u00e4eva, -20 \u00b0C pikemat aega<\/td><\/tr><\/tbody><\/table><\/figure>\n\n\n\n<p class=\"has-medium-font-size\"><strong>Anal\u00fc\u00fcsi tegemise aeg:<\/strong> \u00f6\u00f6p\u00e4evaringselt<\/p>\n\n\n\n<p class=\"has-medium-font-size\"><strong>Anal\u00fc\u00fcsimeetod:<\/strong> ens\u00fcmaatiline meetod (s\u00f5eluuring)<\/p>\n\n\n\n<p class=\"has-medium-font-size\"><strong>Vastuse vorm<\/strong><\/p>\n\n\n\n<p>Normaalleid on negatiivne.<\/p>\n\n\n\n<p>Test muutub positiivseks, kui GHB kontsentratsioon uriinis on \u00fcle 10 \u00b5g\/mL.<\/p>\n\n\n\n<p class=\"has-medium-font-size\"><strong>N\u00e4idustus ja kliiniline t\u00e4hendus<\/strong><\/p>\n\n\n\n<p>Kahtlus GHB kasutamisele.<\/p>\n\n\n\n<p>S\u00f5eluuringu tulemuse t\u00f5lgendamisel tuleb kindlasti arvestada kliinilist pilti ja v\u00f5imalikke ristreaktsioone. Vitamiin C suurenenud kontsentratsioon uriinis v\u00f5ib anda GHB valepositiivse tulemuse.<\/p>\n\n\n\n<p>SA T\u00dcK \u00dchendlaboris teostatakse narkootiliste ja ps\u00fchhotroopsete ainete anal\u00fc\u00fcse ainult meditsiinilistel n\u00e4idustustel. S\u00f5ltuvusaine kuritarvitamise sedastamine juriidilistel n\u00e4idustustel teostatakse Eesti Kohtuekspertiisi Instituudis.<\/p>\n\n\n\n<p>Koostaja: Kaja Vaagen<\/p>\n","protected":false},"excerpt":{"rendered":"<p>Kliinilise keemia ja laboratoorse hematoloogia osakond, tel. 731 8316 Gammah\u00fcdroks\u00fcbut\u00fcraat (GHB) on looduslikult esinev nelja s\u00fcsiniku aatomiga \u00fchend, mida leidub enim keskn\u00e4rvis\u00fcsteemis, kus ta tekib neurotransmitteri gammaaminobut\u00fcraadi (GABA) metabolismis, omades ka ise mediaatori funktsiooni. GHB-d tekib ka fermentatsiooni k\u00e4igus, mist\u00f5ttu v\u00f5ib teda leida v\u00e4ga v\u00e4ikeses kontsentratsioonis ka m\u00f5nedes veini- ja \u00f5llesortides. Meditsiinis on GHB-d kasutatud [&hellip;]<\/p>\n","protected":false},"author":38,"featured_media":0,"parent":7314,"menu_order":7,"comment_status":"closed","ping_status":"closed","template":"","meta":{"_uag_custom_page_level_css":"","footnotes":""},"class_list":["post-12377","page","type-page","status-publish","hentry"],"acf":[],"yoast_head":"<!-- This site is optimized with the Yoast SEO plugin v27.3 - https:\/\/yoast.com\/product\/yoast-seo-wordpress\/ -->\n<title>Gammah\u00fcdroks\u00fcbut\u00fcraat uriinis (U-GHB) - \u00dchendlabor<\/title>\n<meta name=\"robots\" content=\"index, follow, max-snippet:-1, max-image-preview:large, max-video-preview:-1\" \/>\n<link rel=\"canonical\" href=\"https:\/\/www.kliinikum.ee\/yhendlabor\/kasiraamat\/toksikoloogilised-ja-metallide-uuringud\/gammahudroksubuturaat-uriinis-u-ghb\/\" \/>\n<meta property=\"og:locale\" content=\"et_EE\" \/>\n<meta property=\"og:type\" content=\"article\" \/>\n<meta property=\"og:title\" content=\"Gammah\u00fcdroks\u00fcbut\u00fcraat uriinis (U-GHB) - \u00dchendlabor\" \/>\n<meta property=\"og:description\" content=\"Kliinilise keemia ja laboratoorse hematoloogia osakond, tel. 731 8316 Gammah\u00fcdroks\u00fcbut\u00fcraat (GHB) on looduslikult esinev nelja s\u00fcsiniku aatomiga \u00fchend, mida leidub enim keskn\u00e4rvis\u00fcsteemis, kus ta tekib neurotransmitteri gammaaminobut\u00fcraadi (GABA) metabolismis, omades ka ise mediaatori funktsiooni. GHB-d tekib ka fermentatsiooni k\u00e4igus, mist\u00f5ttu v\u00f5ib teda leida v\u00e4ga v\u00e4ikeses kontsentratsioonis ka m\u00f5nedes veini- ja \u00f5llesortides. Meditsiinis on GHB-d kasutatud [&hellip;]\" \/>\n<meta property=\"og:url\" content=\"https:\/\/www.kliinikum.ee\/yhendlabor\/kasiraamat\/toksikoloogilised-ja-metallide-uuringud\/gammahudroksubuturaat-uriinis-u-ghb\/\" \/>\n<meta property=\"og:site_name\" content=\"\u00dchendlabor\" \/>\n<meta property=\"article:modified_time\" content=\"2025-12-11T16:32:10+00:00\" \/>\n<meta name=\"twitter:card\" content=\"summary_large_image\" \/>\n<meta name=\"twitter:label1\" content=\"Est. reading time\" \/>\n\t<meta name=\"twitter:data1\" content=\"2 minutit\" \/>\n<script type=\"application\/ld+json\" class=\"yoast-schema-graph\">{\"@context\":\"https:\\\/\\\/schema.org\",\"@graph\":[{\"@type\":\"WebPage\",\"@id\":\"https:\\\/\\\/www.kliinikum.ee\\\/yhendlabor\\\/kasiraamat\\\/toksikoloogilised-ja-metallide-uuringud\\\/gammahudroksubuturaat-uriinis-u-ghb\\\/\",\"url\":\"https:\\\/\\\/www.kliinikum.ee\\\/yhendlabor\\\/kasiraamat\\\/toksikoloogilised-ja-metallide-uuringud\\\/gammahudroksubuturaat-uriinis-u-ghb\\\/\",\"name\":\"Gammah\u00fcdroks\u00fcbut\u00fcraat uriinis (U-GHB) - \u00dchendlabor\",\"isPartOf\":{\"@id\":\"https:\\\/\\\/www.kliinikum.ee\\\/yhendlabor\\\/#website\"},\"datePublished\":\"2025-07-23T18:36:11+00:00\",\"dateModified\":\"2025-12-11T16:32:10+00:00\",\"breadcrumb\":{\"@id\":\"https:\\\/\\\/www.kliinikum.ee\\\/yhendlabor\\\/kasiraamat\\\/toksikoloogilised-ja-metallide-uuringud\\\/gammahudroksubuturaat-uriinis-u-ghb\\\/#breadcrumb\"},\"inLanguage\":\"et\",\"potentialAction\":[{\"@type\":\"ReadAction\",\"target\":[\"https:\\\/\\\/www.kliinikum.ee\\\/yhendlabor\\\/kasiraamat\\\/toksikoloogilised-ja-metallide-uuringud\\\/gammahudroksubuturaat-uriinis-u-ghb\\\/\"]}]},{\"@type\":\"BreadcrumbList\",\"@id\":\"https:\\\/\\\/www.kliinikum.ee\\\/yhendlabor\\\/kasiraamat\\\/toksikoloogilised-ja-metallide-uuringud\\\/gammahudroksubuturaat-uriinis-u-ghb\\\/#breadcrumb\",\"itemListElement\":[{\"@type\":\"ListItem\",\"position\":1,\"name\":\"Home\",\"item\":\"https:\\\/\\\/www.kliinikum.ee\\\/yhendlabor\\\/\"},{\"@type\":\"ListItem\",\"position\":2,\"name\":\"K\u00e4siraamat\",\"item\":\"https:\\\/\\\/www.kliinikum.ee\\\/yhendlabor\\\/kasiraamat\\\/\"},{\"@type\":\"ListItem\",\"position\":3,\"name\":\"Toksikoloogilised ja metallide uuringud\",\"item\":\"https:\\\/\\\/www.kliinikum.ee\\\/yhendlabor\\\/kasiraamat\\\/toksikoloogilised-ja-metallide-uuringud\\\/\"},{\"@type\":\"ListItem\",\"position\":4,\"name\":\"Gammah\u00fcdroks\u00fcbut\u00fcraat uriinis (U-GHB)\"}]},{\"@type\":\"WebSite\",\"@id\":\"https:\\\/\\\/www.kliinikum.ee\\\/yhendlabor\\\/#website\",\"url\":\"https:\\\/\\\/www.kliinikum.ee\\\/yhendlabor\\\/\",\"name\":\"\u00dchendlabor\",\"description\":\"Hoolivus, Uuendusmeelsus, P\u00e4devus ja Usaldusv\u00e4\u00e4rsus\",\"potentialAction\":[{\"@type\":\"SearchAction\",\"target\":{\"@type\":\"EntryPoint\",\"urlTemplate\":\"https:\\\/\\\/www.kliinikum.ee\\\/yhendlabor\\\/?s={search_term_string}\"},\"query-input\":{\"@type\":\"PropertyValueSpecification\",\"valueRequired\":true,\"valueName\":\"search_term_string\"}}],\"inLanguage\":\"et\"}]}<\/script>\n<!-- \/ Yoast SEO plugin. -->","yoast_head_json":{"title":"Gammah\u00fcdroks\u00fcbut\u00fcraat uriinis (U-GHB) - \u00dchendlabor","robots":{"index":"index","follow":"follow","max-snippet":"max-snippet:-1","max-image-preview":"max-image-preview:large","max-video-preview":"max-video-preview:-1"},"canonical":"https:\/\/www.kliinikum.ee\/yhendlabor\/kasiraamat\/toksikoloogilised-ja-metallide-uuringud\/gammahudroksubuturaat-uriinis-u-ghb\/","og_locale":"et_EE","og_type":"article","og_title":"Gammah\u00fcdroks\u00fcbut\u00fcraat uriinis (U-GHB) - \u00dchendlabor","og_description":"Kliinilise keemia ja laboratoorse hematoloogia osakond, tel. 731 8316 Gammah\u00fcdroks\u00fcbut\u00fcraat (GHB) on looduslikult esinev nelja s\u00fcsiniku aatomiga \u00fchend, mida leidub enim keskn\u00e4rvis\u00fcsteemis, kus ta tekib neurotransmitteri gammaaminobut\u00fcraadi (GABA) metabolismis, omades ka ise mediaatori funktsiooni. GHB-d tekib ka fermentatsiooni k\u00e4igus, mist\u00f5ttu v\u00f5ib teda leida v\u00e4ga v\u00e4ikeses kontsentratsioonis ka m\u00f5nedes veini- ja \u00f5llesortides. Meditsiinis on GHB-d kasutatud [&hellip;]","og_url":"https:\/\/www.kliinikum.ee\/yhendlabor\/kasiraamat\/toksikoloogilised-ja-metallide-uuringud\/gammahudroksubuturaat-uriinis-u-ghb\/","og_site_name":"\u00dchendlabor","article_modified_time":"2025-12-11T16:32:10+00:00","twitter_card":"summary_large_image","twitter_misc":{"Est. reading time":"2 minutit"},"schema":{"@context":"https:\/\/schema.org","@graph":[{"@type":"WebPage","@id":"https:\/\/www.kliinikum.ee\/yhendlabor\/kasiraamat\/toksikoloogilised-ja-metallide-uuringud\/gammahudroksubuturaat-uriinis-u-ghb\/","url":"https:\/\/www.kliinikum.ee\/yhendlabor\/kasiraamat\/toksikoloogilised-ja-metallide-uuringud\/gammahudroksubuturaat-uriinis-u-ghb\/","name":"Gammah\u00fcdroks\u00fcbut\u00fcraat uriinis (U-GHB) - \u00dchendlabor","isPartOf":{"@id":"https:\/\/www.kliinikum.ee\/yhendlabor\/#website"},"datePublished":"2025-07-23T18:36:11+00:00","dateModified":"2025-12-11T16:32:10+00:00","breadcrumb":{"@id":"https:\/\/www.kliinikum.ee\/yhendlabor\/kasiraamat\/toksikoloogilised-ja-metallide-uuringud\/gammahudroksubuturaat-uriinis-u-ghb\/#breadcrumb"},"inLanguage":"et","potentialAction":[{"@type":"ReadAction","target":["https:\/\/www.kliinikum.ee\/yhendlabor\/kasiraamat\/toksikoloogilised-ja-metallide-uuringud\/gammahudroksubuturaat-uriinis-u-ghb\/"]}]},{"@type":"BreadcrumbList","@id":"https:\/\/www.kliinikum.ee\/yhendlabor\/kasiraamat\/toksikoloogilised-ja-metallide-uuringud\/gammahudroksubuturaat-uriinis-u-ghb\/#breadcrumb","itemListElement":[{"@type":"ListItem","position":1,"name":"Home","item":"https:\/\/www.kliinikum.ee\/yhendlabor\/"},{"@type":"ListItem","position":2,"name":"K\u00e4siraamat","item":"https:\/\/www.kliinikum.ee\/yhendlabor\/kasiraamat\/"},{"@type":"ListItem","position":3,"name":"Toksikoloogilised ja metallide uuringud","item":"https:\/\/www.kliinikum.ee\/yhendlabor\/kasiraamat\/toksikoloogilised-ja-metallide-uuringud\/"},{"@type":"ListItem","position":4,"name":"Gammah\u00fcdroks\u00fcbut\u00fcraat uriinis (U-GHB)"}]},{"@type":"WebSite","@id":"https:\/\/www.kliinikum.ee\/yhendlabor\/#website","url":"https:\/\/www.kliinikum.ee\/yhendlabor\/","name":"\u00dchendlabor","description":"Hoolivus, Uuendusmeelsus, P\u00e4devus ja Usaldusv\u00e4\u00e4rsus","potentialAction":[{"@type":"SearchAction","target":{"@type":"EntryPoint","urlTemplate":"https:\/\/www.kliinikum.ee\/yhendlabor\/?s={search_term_string}"},"query-input":{"@type":"PropertyValueSpecification","valueRequired":true,"valueName":"search_term_string"}}],"inLanguage":"et"}]}},"uagb_featured_image_src":{"full":false,"thumbnail":false,"medium":false,"medium_large":false,"large":false,"1536x1536":false,"2048x2048":false},"uagb_author_info":{"display_name":"Kadi Siigur","author_link":"https:\/\/www.kliinikum.ee\/yhendlabor\/author\/kadisi\/"},"uagb_comment_info":0,"uagb_excerpt":"Kliinilise keemia ja laboratoorse hematoloogia osakond, tel. 731 8316 Gammah\u00fcdroks\u00fcbut\u00fcraat (GHB) on looduslikult esinev nelja s\u00fcsiniku aatomiga \u00fchend, mida leidub enim keskn\u00e4rvis\u00fcsteemis, kus ta tekib neurotransmitteri gammaaminobut\u00fcraadi (GABA) metabolismis, omades ka ise mediaatori funktsiooni. GHB-d tekib ka fermentatsiooni k\u00e4igus, mist\u00f5ttu v\u00f5ib teda leida v\u00e4ga v\u00e4ikeses kontsentratsioonis ka m\u00f5nedes veini- ja \u00f5llesortides. Meditsiinis on GHB-d kasutatud&hellip;","_links":{"self":[{"href":"https:\/\/www.kliinikum.ee\/yhendlabor\/wp-json\/wp\/v2\/pages\/12377","targetHints":{"allow":["GET"]}}],"collection":[{"href":"https:\/\/www.kliinikum.ee\/yhendlabor\/wp-json\/wp\/v2\/pages"}],"about":[{"href":"https:\/\/www.kliinikum.ee\/yhendlabor\/wp-json\/wp\/v2\/types\/page"}],"author":[{"embeddable":true,"href":"https:\/\/www.kliinikum.ee\/yhendlabor\/wp-json\/wp\/v2\/users\/38"}],"replies":[{"embeddable":true,"href":"https:\/\/www.kliinikum.ee\/yhendlabor\/wp-json\/wp\/v2\/comments?post=12377"}],"version-history":[{"count":0,"href":"https:\/\/www.kliinikum.ee\/yhendlabor\/wp-json\/wp\/v2\/pages\/12377\/revisions"}],"up":[{"embeddable":true,"href":"https:\/\/www.kliinikum.ee\/yhendlabor\/wp-json\/wp\/v2\/pages\/7314"}],"wp:attachment":[{"href":"https:\/\/www.kliinikum.ee\/yhendlabor\/wp-json\/wp\/v2\/media?parent=12377"}],"curies":[{"name":"wp","href":"https:\/\/api.w.org\/{rel}","templated":true}]}}