{"id":12389,"date":"2025-07-23T20:49:20","date_gmt":"2025-07-23T18:49:20","guid":{"rendered":"https:\/\/www.kliinikum.ee\/yhendlabor\/?page_id=12389"},"modified":"2025-12-11T18:36:03","modified_gmt":"2025-12-11T16:36:03","slug":"metadoon-uriinis-u-mtd","status":"publish","type":"page","link":"https:\/\/www.kliinikum.ee\/yhendlabor\/kasiraamat\/toksikoloogilised-ja-metallide-uuringud\/metadoon-uriinis-u-mtd\/","title":{"rendered":"Metadoon uriinis (U-Mtd)"},"content":{"rendered":"\n<p><em>Kliinilise keemia osakond, tel. 731 8316<\/em><\/p>\n\n\n\n<p><strong>Metadoon <\/strong>on opioidide gruppi kuuluv s\u00fcnteetiline narkootiline aine. P\u00f5hitoimed on sarnased teiste opiaatidega: analgeesia, sedatsioon, k\u00f6ha vaigistamine, kaasuvad ka hingamise p\u00e4rssimine, mioos (pupillide ahenemine) ja k\u00f5hukinnisus. Metadoon on kasutusel nii valuvaigistina kui ka v\u00f5\u00f5rutus- ja asendusravimina heroiinis\u00f5ltlastel: aine v\u00e4hendab efektiivselt v\u00f5\u00f5rutusn\u00e4hte 12\u201324 tunniks. Toime saabub 30\u201360 minutit p\u00e4rast suukaudset manustamist.<\/p>\n\n\n\n<p>Levinud on ka metadooni kuritarvitamine m\u00f5nuainena. Metadoon v\u00f5ib tekitada s\u00f5ltuvust, kuid aeglasemalt kui heroiin. \u00dcledoseering p\u00f5hjustab keskn\u00e4rvis\u00fcsteemi pidurdust, hingamise p\u00e4rssumist, s\u00fcdame l\u00f6\u00f6gisageduse ja verer\u00f5hu langust, h\u00fcpotermiat, krampe ja koomat. Antidoodina kasutatakse naloksooni. Uriinis on metadoon on m\u00e4\u00e4ratav 1\u20133 p\u00e4eva jooksul p\u00e4rast \u00fchekordset manustamist.<\/p>\n\n\n\n<p class=\"has-medium-font-size\"><strong>Uuritav materjal, selle v\u00f5tmine, saatmine ja s\u00e4ilitamine<\/strong><\/p>\n\n\n\n<figure class=\"wp-block-table is-style-stripes\"><table width=\"100%\"><tbody><tr><td width=\"1%\"><\/td><td width=\"15%\"><strong>Proovin\u00f5u<\/strong><\/td><td width=\"84%\">Proovitops, 50mL<\/td><\/tr><tr><td><\/td><td><strong>S\u00e4ilivus<\/strong><\/td><td>Uriin +4 \u00b0C kaks p\u00e4eva, -20 \u00b0C pikemat aega<\/td><\/tr><\/tbody><\/table><\/figure>\n\n\n\n<p class=\"has-medium-font-size\"><strong>Anal\u00fc\u00fcsi tegemise aeg:<\/strong> \u00f6\u00f6p\u00e4evaringselt<\/p>\n\n\n\n<p class=\"has-medium-font-size\"><strong>Anal\u00fc\u00fcsimeetod: <\/strong>immuunkromatograafiline meetod (s\u00f5eltest)<\/p>\n\n\n\n<p class=\"has-medium-font-size\"><strong>Referentsv\u00e4\u00e4rtus<\/strong><\/p>\n\n\n\n<p>Normaalleid on negatiivne.<\/p>\n\n\n\n<p>Test muutub positiivseks, kui metadooni kontsentratsioon uriinis on &gt; 300 ng\/mL.<\/p>\n\n\n\n<p class=\"has-medium-font-size\"><strong>N\u00e4idustus ja kliiniline t\u00e4hendus<\/strong><\/p>\n\n\n\n<p>Metadooni kasutamise j\u00e4lgimine heroiini s\u00f5ltuvuse ravis, kahtlus metadooni kuritarvitamisele.<\/p>\n\n\n\n<p>S\u00f5eltesti tulemuse t\u00f5lgendamisel tuleb kindlasti arvestada kliinilist pilti ja v\u00f5imalikke ristreaktsioone patsiendile manustatavate ravimitega.<\/p>\n\n\n\n<p>SA T\u00dcK \u00dchendlaboris teostatakse narkootiliste ja ps\u00fchhotroopsete ainete anal\u00fc\u00fcse ainult meditsiinilistel n\u00e4idustustel. S\u00f5ltuvusaine kuritarvitamise sedastamine juriidilistel n\u00e4idustustel teostatakse Eesti Kohtuekspertiisi Instituudis.<\/p>\n\n\n\n<p>Koostaja: Katrin Reimand<\/p>\n","protected":false},"excerpt":{"rendered":"<p>Kliinilise keemia osakond, tel. 731 8316 Metadoon on opioidide gruppi kuuluv s\u00fcnteetiline narkootiline aine. P\u00f5hitoimed on sarnased teiste opiaatidega: analgeesia, sedatsioon, k\u00f6ha vaigistamine, kaasuvad ka hingamise p\u00e4rssimine, mioos (pupillide ahenemine) ja k\u00f5hukinnisus. Metadoon on kasutusel nii valuvaigistina kui ka v\u00f5\u00f5rutus- ja asendusravimina heroiinis\u00f5ltlastel: aine v\u00e4hendab efektiivselt v\u00f5\u00f5rutusn\u00e4hte 12\u201324 tunniks. Toime saabub 30\u201360 minutit p\u00e4rast suukaudset [&hellip;]<\/p>\n","protected":false},"author":38,"featured_media":0,"parent":7314,"menu_order":10,"comment_status":"closed","ping_status":"closed","template":"","meta":{"_uag_custom_page_level_css":"","footnotes":""},"class_list":["post-12389","page","type-page","status-publish","hentry"],"acf":[],"yoast_head":"<!-- This site is optimized with the Yoast SEO plugin v27.3 - https:\/\/yoast.com\/product\/yoast-seo-wordpress\/ -->\n<title>Metadoon uriinis (U-Mtd) - \u00dchendlabor<\/title>\n<meta name=\"robots\" content=\"index, follow, max-snippet:-1, max-image-preview:large, max-video-preview:-1\" \/>\n<link rel=\"canonical\" href=\"https:\/\/www.kliinikum.ee\/yhendlabor\/kasiraamat\/toksikoloogilised-ja-metallide-uuringud\/metadoon-uriinis-u-mtd\/\" \/>\n<meta property=\"og:locale\" content=\"et_EE\" \/>\n<meta property=\"og:type\" content=\"article\" \/>\n<meta property=\"og:title\" content=\"Metadoon uriinis (U-Mtd) - \u00dchendlabor\" \/>\n<meta property=\"og:description\" content=\"Kliinilise keemia osakond, tel. 731 8316 Metadoon on opioidide gruppi kuuluv s\u00fcnteetiline narkootiline aine. P\u00f5hitoimed on sarnased teiste opiaatidega: analgeesia, sedatsioon, k\u00f6ha vaigistamine, kaasuvad ka hingamise p\u00e4rssimine, mioos (pupillide ahenemine) ja k\u00f5hukinnisus. Metadoon on kasutusel nii valuvaigistina kui ka v\u00f5\u00f5rutus- ja asendusravimina heroiinis\u00f5ltlastel: aine v\u00e4hendab efektiivselt v\u00f5\u00f5rutusn\u00e4hte 12\u201324 tunniks. Toime saabub 30\u201360 minutit p\u00e4rast suukaudset [&hellip;]\" \/>\n<meta property=\"og:url\" content=\"https:\/\/www.kliinikum.ee\/yhendlabor\/kasiraamat\/toksikoloogilised-ja-metallide-uuringud\/metadoon-uriinis-u-mtd\/\" \/>\n<meta property=\"og:site_name\" content=\"\u00dchendlabor\" \/>\n<meta property=\"article:modified_time\" content=\"2025-12-11T16:36:03+00:00\" \/>\n<meta name=\"twitter:card\" content=\"summary_large_image\" \/>\n<meta name=\"twitter:label1\" content=\"Est. reading time\" \/>\n\t<meta name=\"twitter:data1\" content=\"2 minutit\" \/>\n<script type=\"application\/ld+json\" class=\"yoast-schema-graph\">{\"@context\":\"https:\\\/\\\/schema.org\",\"@graph\":[{\"@type\":\"WebPage\",\"@id\":\"https:\\\/\\\/www.kliinikum.ee\\\/yhendlabor\\\/kasiraamat\\\/toksikoloogilised-ja-metallide-uuringud\\\/metadoon-uriinis-u-mtd\\\/\",\"url\":\"https:\\\/\\\/www.kliinikum.ee\\\/yhendlabor\\\/kasiraamat\\\/toksikoloogilised-ja-metallide-uuringud\\\/metadoon-uriinis-u-mtd\\\/\",\"name\":\"Metadoon uriinis (U-Mtd) - \u00dchendlabor\",\"isPartOf\":{\"@id\":\"https:\\\/\\\/www.kliinikum.ee\\\/yhendlabor\\\/#website\"},\"datePublished\":\"2025-07-23T18:49:20+00:00\",\"dateModified\":\"2025-12-11T16:36:03+00:00\",\"breadcrumb\":{\"@id\":\"https:\\\/\\\/www.kliinikum.ee\\\/yhendlabor\\\/kasiraamat\\\/toksikoloogilised-ja-metallide-uuringud\\\/metadoon-uriinis-u-mtd\\\/#breadcrumb\"},\"inLanguage\":\"et\",\"potentialAction\":[{\"@type\":\"ReadAction\",\"target\":[\"https:\\\/\\\/www.kliinikum.ee\\\/yhendlabor\\\/kasiraamat\\\/toksikoloogilised-ja-metallide-uuringud\\\/metadoon-uriinis-u-mtd\\\/\"]}]},{\"@type\":\"BreadcrumbList\",\"@id\":\"https:\\\/\\\/www.kliinikum.ee\\\/yhendlabor\\\/kasiraamat\\\/toksikoloogilised-ja-metallide-uuringud\\\/metadoon-uriinis-u-mtd\\\/#breadcrumb\",\"itemListElement\":[{\"@type\":\"ListItem\",\"position\":1,\"name\":\"Home\",\"item\":\"https:\\\/\\\/www.kliinikum.ee\\\/yhendlabor\\\/\"},{\"@type\":\"ListItem\",\"position\":2,\"name\":\"K\u00e4siraamat\",\"item\":\"https:\\\/\\\/www.kliinikum.ee\\\/yhendlabor\\\/kasiraamat\\\/\"},{\"@type\":\"ListItem\",\"position\":3,\"name\":\"Toksikoloogilised ja metallide uuringud\",\"item\":\"https:\\\/\\\/www.kliinikum.ee\\\/yhendlabor\\\/kasiraamat\\\/toksikoloogilised-ja-metallide-uuringud\\\/\"},{\"@type\":\"ListItem\",\"position\":4,\"name\":\"Metadoon uriinis (U-Mtd)\"}]},{\"@type\":\"WebSite\",\"@id\":\"https:\\\/\\\/www.kliinikum.ee\\\/yhendlabor\\\/#website\",\"url\":\"https:\\\/\\\/www.kliinikum.ee\\\/yhendlabor\\\/\",\"name\":\"\u00dchendlabor\",\"description\":\"Hoolivus, Uuendusmeelsus, P\u00e4devus ja Usaldusv\u00e4\u00e4rsus\",\"potentialAction\":[{\"@type\":\"SearchAction\",\"target\":{\"@type\":\"EntryPoint\",\"urlTemplate\":\"https:\\\/\\\/www.kliinikum.ee\\\/yhendlabor\\\/?s={search_term_string}\"},\"query-input\":{\"@type\":\"PropertyValueSpecification\",\"valueRequired\":true,\"valueName\":\"search_term_string\"}}],\"inLanguage\":\"et\"}]}<\/script>\n<!-- \/ Yoast SEO plugin. -->","yoast_head_json":{"title":"Metadoon uriinis (U-Mtd) - \u00dchendlabor","robots":{"index":"index","follow":"follow","max-snippet":"max-snippet:-1","max-image-preview":"max-image-preview:large","max-video-preview":"max-video-preview:-1"},"canonical":"https:\/\/www.kliinikum.ee\/yhendlabor\/kasiraamat\/toksikoloogilised-ja-metallide-uuringud\/metadoon-uriinis-u-mtd\/","og_locale":"et_EE","og_type":"article","og_title":"Metadoon uriinis (U-Mtd) - \u00dchendlabor","og_description":"Kliinilise keemia osakond, tel. 731 8316 Metadoon on opioidide gruppi kuuluv s\u00fcnteetiline narkootiline aine. P\u00f5hitoimed on sarnased teiste opiaatidega: analgeesia, sedatsioon, k\u00f6ha vaigistamine, kaasuvad ka hingamise p\u00e4rssimine, mioos (pupillide ahenemine) ja k\u00f5hukinnisus. Metadoon on kasutusel nii valuvaigistina kui ka v\u00f5\u00f5rutus- ja asendusravimina heroiinis\u00f5ltlastel: aine v\u00e4hendab efektiivselt v\u00f5\u00f5rutusn\u00e4hte 12\u201324 tunniks. Toime saabub 30\u201360 minutit p\u00e4rast suukaudset [&hellip;]","og_url":"https:\/\/www.kliinikum.ee\/yhendlabor\/kasiraamat\/toksikoloogilised-ja-metallide-uuringud\/metadoon-uriinis-u-mtd\/","og_site_name":"\u00dchendlabor","article_modified_time":"2025-12-11T16:36:03+00:00","twitter_card":"summary_large_image","twitter_misc":{"Est. reading time":"2 minutit"},"schema":{"@context":"https:\/\/schema.org","@graph":[{"@type":"WebPage","@id":"https:\/\/www.kliinikum.ee\/yhendlabor\/kasiraamat\/toksikoloogilised-ja-metallide-uuringud\/metadoon-uriinis-u-mtd\/","url":"https:\/\/www.kliinikum.ee\/yhendlabor\/kasiraamat\/toksikoloogilised-ja-metallide-uuringud\/metadoon-uriinis-u-mtd\/","name":"Metadoon uriinis (U-Mtd) - \u00dchendlabor","isPartOf":{"@id":"https:\/\/www.kliinikum.ee\/yhendlabor\/#website"},"datePublished":"2025-07-23T18:49:20+00:00","dateModified":"2025-12-11T16:36:03+00:00","breadcrumb":{"@id":"https:\/\/www.kliinikum.ee\/yhendlabor\/kasiraamat\/toksikoloogilised-ja-metallide-uuringud\/metadoon-uriinis-u-mtd\/#breadcrumb"},"inLanguage":"et","potentialAction":[{"@type":"ReadAction","target":["https:\/\/www.kliinikum.ee\/yhendlabor\/kasiraamat\/toksikoloogilised-ja-metallide-uuringud\/metadoon-uriinis-u-mtd\/"]}]},{"@type":"BreadcrumbList","@id":"https:\/\/www.kliinikum.ee\/yhendlabor\/kasiraamat\/toksikoloogilised-ja-metallide-uuringud\/metadoon-uriinis-u-mtd\/#breadcrumb","itemListElement":[{"@type":"ListItem","position":1,"name":"Home","item":"https:\/\/www.kliinikum.ee\/yhendlabor\/"},{"@type":"ListItem","position":2,"name":"K\u00e4siraamat","item":"https:\/\/www.kliinikum.ee\/yhendlabor\/kasiraamat\/"},{"@type":"ListItem","position":3,"name":"Toksikoloogilised ja metallide uuringud","item":"https:\/\/www.kliinikum.ee\/yhendlabor\/kasiraamat\/toksikoloogilised-ja-metallide-uuringud\/"},{"@type":"ListItem","position":4,"name":"Metadoon uriinis (U-Mtd)"}]},{"@type":"WebSite","@id":"https:\/\/www.kliinikum.ee\/yhendlabor\/#website","url":"https:\/\/www.kliinikum.ee\/yhendlabor\/","name":"\u00dchendlabor","description":"Hoolivus, Uuendusmeelsus, P\u00e4devus ja Usaldusv\u00e4\u00e4rsus","potentialAction":[{"@type":"SearchAction","target":{"@type":"EntryPoint","urlTemplate":"https:\/\/www.kliinikum.ee\/yhendlabor\/?s={search_term_string}"},"query-input":{"@type":"PropertyValueSpecification","valueRequired":true,"valueName":"search_term_string"}}],"inLanguage":"et"}]}},"uagb_featured_image_src":{"full":false,"thumbnail":false,"medium":false,"medium_large":false,"large":false,"1536x1536":false,"2048x2048":false},"uagb_author_info":{"display_name":"Kadi Siigur","author_link":"https:\/\/www.kliinikum.ee\/yhendlabor\/author\/kadisi\/"},"uagb_comment_info":0,"uagb_excerpt":"Kliinilise keemia osakond, tel. 731 8316 Metadoon on opioidide gruppi kuuluv s\u00fcnteetiline narkootiline aine. P\u00f5hitoimed on sarnased teiste opiaatidega: analgeesia, sedatsioon, k\u00f6ha vaigistamine, kaasuvad ka hingamise p\u00e4rssimine, mioos (pupillide ahenemine) ja k\u00f5hukinnisus. Metadoon on kasutusel nii valuvaigistina kui ka v\u00f5\u00f5rutus- ja asendusravimina heroiinis\u00f5ltlastel: aine v\u00e4hendab efektiivselt v\u00f5\u00f5rutusn\u00e4hte 12\u201324 tunniks. Toime saabub 30\u201360 minutit p\u00e4rast suukaudset&hellip;","_links":{"self":[{"href":"https:\/\/www.kliinikum.ee\/yhendlabor\/wp-json\/wp\/v2\/pages\/12389","targetHints":{"allow":["GET"]}}],"collection":[{"href":"https:\/\/www.kliinikum.ee\/yhendlabor\/wp-json\/wp\/v2\/pages"}],"about":[{"href":"https:\/\/www.kliinikum.ee\/yhendlabor\/wp-json\/wp\/v2\/types\/page"}],"author":[{"embeddable":true,"href":"https:\/\/www.kliinikum.ee\/yhendlabor\/wp-json\/wp\/v2\/users\/38"}],"replies":[{"embeddable":true,"href":"https:\/\/www.kliinikum.ee\/yhendlabor\/wp-json\/wp\/v2\/comments?post=12389"}],"version-history":[{"count":0,"href":"https:\/\/www.kliinikum.ee\/yhendlabor\/wp-json\/wp\/v2\/pages\/12389\/revisions"}],"up":[{"embeddable":true,"href":"https:\/\/www.kliinikum.ee\/yhendlabor\/wp-json\/wp\/v2\/pages\/7314"}],"wp:attachment":[{"href":"https:\/\/www.kliinikum.ee\/yhendlabor\/wp-json\/wp\/v2\/media?parent=12389"}],"curies":[{"name":"wp","href":"https:\/\/api.w.org\/{rel}","templated":true}]}}