{"id":12393,"date":"2025-07-23T20:53:25","date_gmt":"2025-07-23T18:53:25","guid":{"rendered":"https:\/\/www.kliinikum.ee\/yhendlabor\/?page_id=12393"},"modified":"2025-12-11T18:40:53","modified_gmt":"2025-12-11T16:40:53","slug":"metamfetamiin-uriinis-u-met","status":"publish","type":"page","link":"https:\/\/www.kliinikum.ee\/yhendlabor\/kasiraamat\/toksikoloogilised-ja-metallide-uuringud\/metamfetamiin-uriinis-u-met\/","title":{"rendered":"Metamfetamiin uriinis (U-Met)"},"content":{"rendered":"\n<p><em>Kliinilise keemia osakond, tel. 731 8316<\/em><\/p>\n\n\n\n<p><strong>Metamfetamiin <\/strong>on amfetamiini derivaat, mille toime on sarnane amfetamiinile. Nagu amfetamiin, ei ole ka metamfetamiin Eestis ametlikult ravimina registreeritud. Seega on kasutamise juhtudel tegu illegaalset p\u00e4ritolu preparaadiga. Seda kasutatakse narkootilise joobe saavutamiseks, manustatakse enamasti suukaudselt. Metamfetamiin stimuleerib keskn\u00e4rvis\u00fcsteemi, tekitades eufooriat, erutust, suurenenud energia ja v\u00f5imekuse tunnet. Samuti v\u00f5ivad esineda \u00e4revus, paranoia ja ps\u00fchhootiline k\u00e4itumine. Nagu k\u00f5ik s\u00fcmpatomimeetilised amiinid, p\u00f5hjustab metamfetamiin verer\u00f5hu, s\u00fcdame l\u00f6\u00f6gisageduse ja kehatemperatuuri t\u00f5usu, bronhodilatatsiooni ning s\u00f6\u00f6giisu v\u00e4henemist. M\u00fcrgistuse korral v\u00f5ivad esineda s\u00fcdame r\u00fctmih\u00e4ired, laktatsidoos, rabdom\u00fcol\u00fc\u00fcs, \u00e4ge maksa- ja neerupuudulikkus. Metmfetamiin p\u00fcsib uriinis m\u00e4\u00e4ratavas kontsentratsioonis (> 1000 ng\/mL) \u00fcks-kaks \u00f6\u00f6p\u00e4eva p\u00e4rast \u00fchekordset manustamist (eritumise kiirus s\u00f5ltub uriini pH-st).<\/p>\n\n\n\n<p class=\"has-medium-font-size\"><strong>Uuritav materjal, selle v\u00f5tmine, saatmine ja s\u00e4ilitamine<\/strong><\/p>\n\n\n\n<figure class=\"wp-block-table is-style-stripes\"><table width=\"100%\"><tbody><tr><td width=\"1%\"><\/td><td width=\"15%\"><strong>Proovin\u00f5u<\/strong><\/td><td width=\"84%\">Proovitops, 50mL<\/td><\/tr><tr><td><\/td><td><strong>S\u00e4ilivus<\/strong><\/td><td>Uriin +4 \u00b0C kaks p\u00e4eva, -20 \u00b0C pikemat aega<\/td><\/tr><\/tbody><\/table><\/figure>\n\n\n\n<p class=\"has-medium-font-size\"><strong>Anal\u00fc\u00fcsi tegemise aeg:<\/strong> \u00f6\u00f6p\u00e4evaringselt<\/p>\n\n\n\n<p class=\"has-medium-font-size\"><strong>Anal\u00fc\u00fcsimeetod:<\/strong> immuunkromatograafiline meetod (s\u00f5eltest)<\/p>\n\n\n\n<p class=\"has-medium-font-size\"><strong>Referentsv\u00e4\u00e4rtus<\/strong><\/p>\n\n\n\n<p>Normaalleid on negatiivne.<\/p>\n\n\n\n<p>Test muutub positiivseks, kui metamfetamiini kontsentratsioon uriinis on \u00fcle 1000 ng\/mL.<\/p>\n\n\n\n<p class=\"has-medium-font-size\"><strong>N\u00e4idustus ja kliiniline t\u00e4hendus<\/strong><\/p>\n\n\n\n<p>Metamfetamiini kasutamise kahtlus.<\/p>\n\n\n\n<p>S\u00f5eltesti tulemuse t\u00f5lgendamisel tuleb kindlasti arvestada kliinilist pilti ja v\u00f5imalikke ristreaktsioone patsiendile manustatavate ravimitega.<\/p>\n\n\n\n<p>SA T\u00dcK \u00dchendlaboris teostatakse narkootiliste ja ps\u00fchhotroopsete ainete anal\u00fc\u00fcse ainult meditsiinilistel n\u00e4idustustel. S\u00f5ltuvusaine kuritarvitamise sedastamine juriidilistel n\u00e4idustustel teostatakse Eesti Kohtuekspertiisi Instituudis.<\/p>\n\n\n\n<p>Koostaja: Katrin Reimand<\/p>\n","protected":false},"excerpt":{"rendered":"<p>Kliinilise keemia osakond, tel. 731 8316 Metamfetamiin on amfetamiini derivaat, mille toime on sarnane amfetamiinile. Nagu amfetamiin, ei ole ka metamfetamiin Eestis ametlikult ravimina registreeritud. Seega on kasutamise juhtudel tegu illegaalset p\u00e4ritolu preparaadiga. Seda kasutatakse narkootilise joobe saavutamiseks, manustatakse enamasti suukaudselt. Metamfetamiin stimuleerib keskn\u00e4rvis\u00fcsteemi, tekitades eufooriat, erutust, suurenenud energia ja v\u00f5imekuse tunnet. Samuti v\u00f5ivad esineda [&hellip;]<\/p>\n","protected":false},"author":38,"featured_media":0,"parent":7314,"menu_order":11,"comment_status":"closed","ping_status":"closed","template":"","meta":{"_uag_custom_page_level_css":"","footnotes":""},"class_list":["post-12393","page","type-page","status-publish","hentry"],"acf":[],"yoast_head":"<!-- This site is optimized with the Yoast SEO plugin v27.3 - https:\/\/yoast.com\/product\/yoast-seo-wordpress\/ -->\n<title>Metamfetamiin uriinis (U-Met) - \u00dchendlabor<\/title>\n<meta name=\"robots\" content=\"index, follow, max-snippet:-1, max-image-preview:large, max-video-preview:-1\" \/>\n<link rel=\"canonical\" href=\"https:\/\/www.kliinikum.ee\/yhendlabor\/kasiraamat\/toksikoloogilised-ja-metallide-uuringud\/metamfetamiin-uriinis-u-met\/\" \/>\n<meta property=\"og:locale\" content=\"et_EE\" \/>\n<meta property=\"og:type\" content=\"article\" \/>\n<meta property=\"og:title\" content=\"Metamfetamiin uriinis (U-Met) - \u00dchendlabor\" \/>\n<meta property=\"og:description\" content=\"Kliinilise keemia osakond, tel. 731 8316 Metamfetamiin on amfetamiini derivaat, mille toime on sarnane amfetamiinile. Nagu amfetamiin, ei ole ka metamfetamiin Eestis ametlikult ravimina registreeritud. Seega on kasutamise juhtudel tegu illegaalset p\u00e4ritolu preparaadiga. Seda kasutatakse narkootilise joobe saavutamiseks, manustatakse enamasti suukaudselt. Metamfetamiin stimuleerib keskn\u00e4rvis\u00fcsteemi, tekitades eufooriat, erutust, suurenenud energia ja v\u00f5imekuse tunnet. Samuti v\u00f5ivad esineda [&hellip;]\" \/>\n<meta property=\"og:url\" content=\"https:\/\/www.kliinikum.ee\/yhendlabor\/kasiraamat\/toksikoloogilised-ja-metallide-uuringud\/metamfetamiin-uriinis-u-met\/\" \/>\n<meta property=\"og:site_name\" content=\"\u00dchendlabor\" \/>\n<meta property=\"article:modified_time\" content=\"2025-12-11T16:40:53+00:00\" \/>\n<meta name=\"twitter:card\" content=\"summary_large_image\" \/>\n<meta name=\"twitter:label1\" content=\"Est. reading time\" \/>\n\t<meta name=\"twitter:data1\" content=\"2 minutit\" \/>\n<script type=\"application\/ld+json\" class=\"yoast-schema-graph\">{\"@context\":\"https:\\\/\\\/schema.org\",\"@graph\":[{\"@type\":\"WebPage\",\"@id\":\"https:\\\/\\\/www.kliinikum.ee\\\/yhendlabor\\\/kasiraamat\\\/toksikoloogilised-ja-metallide-uuringud\\\/metamfetamiin-uriinis-u-met\\\/\",\"url\":\"https:\\\/\\\/www.kliinikum.ee\\\/yhendlabor\\\/kasiraamat\\\/toksikoloogilised-ja-metallide-uuringud\\\/metamfetamiin-uriinis-u-met\\\/\",\"name\":\"Metamfetamiin uriinis (U-Met) - \u00dchendlabor\",\"isPartOf\":{\"@id\":\"https:\\\/\\\/www.kliinikum.ee\\\/yhendlabor\\\/#website\"},\"datePublished\":\"2025-07-23T18:53:25+00:00\",\"dateModified\":\"2025-12-11T16:40:53+00:00\",\"breadcrumb\":{\"@id\":\"https:\\\/\\\/www.kliinikum.ee\\\/yhendlabor\\\/kasiraamat\\\/toksikoloogilised-ja-metallide-uuringud\\\/metamfetamiin-uriinis-u-met\\\/#breadcrumb\"},\"inLanguage\":\"et\",\"potentialAction\":[{\"@type\":\"ReadAction\",\"target\":[\"https:\\\/\\\/www.kliinikum.ee\\\/yhendlabor\\\/kasiraamat\\\/toksikoloogilised-ja-metallide-uuringud\\\/metamfetamiin-uriinis-u-met\\\/\"]}]},{\"@type\":\"BreadcrumbList\",\"@id\":\"https:\\\/\\\/www.kliinikum.ee\\\/yhendlabor\\\/kasiraamat\\\/toksikoloogilised-ja-metallide-uuringud\\\/metamfetamiin-uriinis-u-met\\\/#breadcrumb\",\"itemListElement\":[{\"@type\":\"ListItem\",\"position\":1,\"name\":\"Home\",\"item\":\"https:\\\/\\\/www.kliinikum.ee\\\/yhendlabor\\\/\"},{\"@type\":\"ListItem\",\"position\":2,\"name\":\"K\u00e4siraamat\",\"item\":\"https:\\\/\\\/www.kliinikum.ee\\\/yhendlabor\\\/kasiraamat\\\/\"},{\"@type\":\"ListItem\",\"position\":3,\"name\":\"Toksikoloogilised ja metallide uuringud\",\"item\":\"https:\\\/\\\/www.kliinikum.ee\\\/yhendlabor\\\/kasiraamat\\\/toksikoloogilised-ja-metallide-uuringud\\\/\"},{\"@type\":\"ListItem\",\"position\":4,\"name\":\"Metamfetamiin uriinis (U-Met)\"}]},{\"@type\":\"WebSite\",\"@id\":\"https:\\\/\\\/www.kliinikum.ee\\\/yhendlabor\\\/#website\",\"url\":\"https:\\\/\\\/www.kliinikum.ee\\\/yhendlabor\\\/\",\"name\":\"\u00dchendlabor\",\"description\":\"Hoolivus, Uuendusmeelsus, P\u00e4devus ja Usaldusv\u00e4\u00e4rsus\",\"potentialAction\":[{\"@type\":\"SearchAction\",\"target\":{\"@type\":\"EntryPoint\",\"urlTemplate\":\"https:\\\/\\\/www.kliinikum.ee\\\/yhendlabor\\\/?s={search_term_string}\"},\"query-input\":{\"@type\":\"PropertyValueSpecification\",\"valueRequired\":true,\"valueName\":\"search_term_string\"}}],\"inLanguage\":\"et\"}]}<\/script>\n<!-- \/ Yoast SEO plugin. -->","yoast_head_json":{"title":"Metamfetamiin uriinis (U-Met) - \u00dchendlabor","robots":{"index":"index","follow":"follow","max-snippet":"max-snippet:-1","max-image-preview":"max-image-preview:large","max-video-preview":"max-video-preview:-1"},"canonical":"https:\/\/www.kliinikum.ee\/yhendlabor\/kasiraamat\/toksikoloogilised-ja-metallide-uuringud\/metamfetamiin-uriinis-u-met\/","og_locale":"et_EE","og_type":"article","og_title":"Metamfetamiin uriinis (U-Met) - \u00dchendlabor","og_description":"Kliinilise keemia osakond, tel. 731 8316 Metamfetamiin on amfetamiini derivaat, mille toime on sarnane amfetamiinile. Nagu amfetamiin, ei ole ka metamfetamiin Eestis ametlikult ravimina registreeritud. Seega on kasutamise juhtudel tegu illegaalset p\u00e4ritolu preparaadiga. Seda kasutatakse narkootilise joobe saavutamiseks, manustatakse enamasti suukaudselt. Metamfetamiin stimuleerib keskn\u00e4rvis\u00fcsteemi, tekitades eufooriat, erutust, suurenenud energia ja v\u00f5imekuse tunnet. Samuti v\u00f5ivad esineda [&hellip;]","og_url":"https:\/\/www.kliinikum.ee\/yhendlabor\/kasiraamat\/toksikoloogilised-ja-metallide-uuringud\/metamfetamiin-uriinis-u-met\/","og_site_name":"\u00dchendlabor","article_modified_time":"2025-12-11T16:40:53+00:00","twitter_card":"summary_large_image","twitter_misc":{"Est. reading time":"2 minutit"},"schema":{"@context":"https:\/\/schema.org","@graph":[{"@type":"WebPage","@id":"https:\/\/www.kliinikum.ee\/yhendlabor\/kasiraamat\/toksikoloogilised-ja-metallide-uuringud\/metamfetamiin-uriinis-u-met\/","url":"https:\/\/www.kliinikum.ee\/yhendlabor\/kasiraamat\/toksikoloogilised-ja-metallide-uuringud\/metamfetamiin-uriinis-u-met\/","name":"Metamfetamiin uriinis (U-Met) - \u00dchendlabor","isPartOf":{"@id":"https:\/\/www.kliinikum.ee\/yhendlabor\/#website"},"datePublished":"2025-07-23T18:53:25+00:00","dateModified":"2025-12-11T16:40:53+00:00","breadcrumb":{"@id":"https:\/\/www.kliinikum.ee\/yhendlabor\/kasiraamat\/toksikoloogilised-ja-metallide-uuringud\/metamfetamiin-uriinis-u-met\/#breadcrumb"},"inLanguage":"et","potentialAction":[{"@type":"ReadAction","target":["https:\/\/www.kliinikum.ee\/yhendlabor\/kasiraamat\/toksikoloogilised-ja-metallide-uuringud\/metamfetamiin-uriinis-u-met\/"]}]},{"@type":"BreadcrumbList","@id":"https:\/\/www.kliinikum.ee\/yhendlabor\/kasiraamat\/toksikoloogilised-ja-metallide-uuringud\/metamfetamiin-uriinis-u-met\/#breadcrumb","itemListElement":[{"@type":"ListItem","position":1,"name":"Home","item":"https:\/\/www.kliinikum.ee\/yhendlabor\/"},{"@type":"ListItem","position":2,"name":"K\u00e4siraamat","item":"https:\/\/www.kliinikum.ee\/yhendlabor\/kasiraamat\/"},{"@type":"ListItem","position":3,"name":"Toksikoloogilised ja metallide uuringud","item":"https:\/\/www.kliinikum.ee\/yhendlabor\/kasiraamat\/toksikoloogilised-ja-metallide-uuringud\/"},{"@type":"ListItem","position":4,"name":"Metamfetamiin uriinis (U-Met)"}]},{"@type":"WebSite","@id":"https:\/\/www.kliinikum.ee\/yhendlabor\/#website","url":"https:\/\/www.kliinikum.ee\/yhendlabor\/","name":"\u00dchendlabor","description":"Hoolivus, Uuendusmeelsus, P\u00e4devus ja Usaldusv\u00e4\u00e4rsus","potentialAction":[{"@type":"SearchAction","target":{"@type":"EntryPoint","urlTemplate":"https:\/\/www.kliinikum.ee\/yhendlabor\/?s={search_term_string}"},"query-input":{"@type":"PropertyValueSpecification","valueRequired":true,"valueName":"search_term_string"}}],"inLanguage":"et"}]}},"uagb_featured_image_src":{"full":false,"thumbnail":false,"medium":false,"medium_large":false,"large":false,"1536x1536":false,"2048x2048":false},"uagb_author_info":{"display_name":"Kadi Siigur","author_link":"https:\/\/www.kliinikum.ee\/yhendlabor\/author\/kadisi\/"},"uagb_comment_info":0,"uagb_excerpt":"Kliinilise keemia osakond, tel. 731 8316 Metamfetamiin on amfetamiini derivaat, mille toime on sarnane amfetamiinile. Nagu amfetamiin, ei ole ka metamfetamiin Eestis ametlikult ravimina registreeritud. Seega on kasutamise juhtudel tegu illegaalset p\u00e4ritolu preparaadiga. Seda kasutatakse narkootilise joobe saavutamiseks, manustatakse enamasti suukaudselt. Metamfetamiin stimuleerib keskn\u00e4rvis\u00fcsteemi, tekitades eufooriat, erutust, suurenenud energia ja v\u00f5imekuse tunnet. Samuti v\u00f5ivad esineda&hellip;","_links":{"self":[{"href":"https:\/\/www.kliinikum.ee\/yhendlabor\/wp-json\/wp\/v2\/pages\/12393","targetHints":{"allow":["GET"]}}],"collection":[{"href":"https:\/\/www.kliinikum.ee\/yhendlabor\/wp-json\/wp\/v2\/pages"}],"about":[{"href":"https:\/\/www.kliinikum.ee\/yhendlabor\/wp-json\/wp\/v2\/types\/page"}],"author":[{"embeddable":true,"href":"https:\/\/www.kliinikum.ee\/yhendlabor\/wp-json\/wp\/v2\/users\/38"}],"replies":[{"embeddable":true,"href":"https:\/\/www.kliinikum.ee\/yhendlabor\/wp-json\/wp\/v2\/comments?post=12393"}],"version-history":[{"count":0,"href":"https:\/\/www.kliinikum.ee\/yhendlabor\/wp-json\/wp\/v2\/pages\/12393\/revisions"}],"up":[{"embeddable":true,"href":"https:\/\/www.kliinikum.ee\/yhendlabor\/wp-json\/wp\/v2\/pages\/7314"}],"wp:attachment":[{"href":"https:\/\/www.kliinikum.ee\/yhendlabor\/wp-json\/wp\/v2\/media?parent=12393"}],"curies":[{"name":"wp","href":"https:\/\/api.w.org\/{rel}","templated":true}]}}