{"id":12422,"date":"2025-07-30T16:46:56","date_gmt":"2025-07-30T14:46:56","guid":{"rendered":"https:\/\/www.kliinikum.ee\/yhendlabor\/?page_id=12422"},"modified":"2025-12-11T00:09:30","modified_gmt":"2025-12-10T22:09:30","slug":"b-tuupi-natriureetilise-propeptiidi-n-fragment-sp-nt-probnp","status":"publish","type":"page","link":"https:\/\/www.kliinikum.ee\/yhendlabor\/kasiraamat\/sudamemarkerite-uuringud\/b-tuupi-natriureetilise-propeptiidi-n-fragment-sp-nt-probnp\/","title":{"rendered":"B-t\u00fc\u00fcpi natriureetilise propeptiidi N-fragment (S,P-NT-proBNP)"},"content":{"rendered":"\n<p><em>Kliinilise keemia ja laboratoorse hematoloogia osakond<\/em><\/p>\n\n\n\n<p><strong>B-t\u00fc\u00fcpi natriureetiline peptiid (BNP)<\/strong> on peamiselt s\u00fcdame vatsakestes s\u00fcnteesitav peptiidhormoon, mis omab diureetilist, natriureetilist ja vasodilateerivat toimet. BNP s\u00fcnteesitakse s\u00fcdamelihasrakkudes 108 aminohappest koosneva propeptiidina (proBNP), mis rakust vabanemiseks l\u00f5hustatakse bioloogiliselt aktiivseks, 32 aminohappest koosnevaks BNP-ks ning inaktiivseks, 76 aminohappest koosnevaks N-terminaalseks fragmendiks (NT-proBNP). BNP sekretsiooni peamiseks p\u00f5hjuseks on plasmamahu suurenemine ja s\u00fcdameseina venitus. Nii BNP kui NT-proBNP on vatsakeste venituse ja \u00fclekoormuse markeriteks.<\/p>\n\n\n\n<p class=\"has-medium-font-size\"><strong>Uuritav materjal, selle v\u00f5tmine, saatmine ja s\u00e4ilitamine<\/strong><\/p>\n\n\n\n<figure class=\"wp-block-table is-style-stripes\"><table width=\"100%\"><tbody><tr><td width=\"1%\"><\/td><td width=\"15%\"><strong>Katsuti<\/strong><\/td><td width=\"84%\">Geeli ja h\u00fc\u00fcbimisaktivaatoriga katsuti (punane kollase r\u00f5ngaga v\u00f5i kollane kork) v\u00f5i geeliga LH-katsuti (roheline kollase r\u00f5ngaga v\u00f5i heleroheline kork)<\/td><\/tr><tr><td><\/td><td><strong>S\u00e4ilivus<\/strong><\/td><td>Seerum\/plasma toatemperatuuril kolm p\u00e4eva, +4 \u00b0C kuus p\u00e4eva, -20 \u00b0C kaks aastat<\/td><\/tr><\/tbody><\/table><\/figure>\n\n\n\n<p class=\"has-medium-font-size\"><strong>Anal\u00fc\u00fcsi tegemise aeg: <\/strong>\u00f6\u00f6p\u00e4evaringselt<\/p>\n\n\n\n<p class=\"has-medium-font-size\"><strong>Anal\u00fc\u00fcsimeetod:<\/strong> elektrokemoluminestsents-immuunmeetod (ECLIA)<\/p>\n\n\n\n<p class=\"has-medium-font-size\"><strong>Referentsv\u00e4\u00e4rtused<\/strong><\/p>\n\n\n\n<figure class=\"wp-block-table\"><table width=\"100%\"><tbody><tr><td width=\"1%\"><\/td><td width=\"69%\"><strong>1 a \u2013 &lt; 2 a<\/strong><\/td><td width=\"30%\">&lt; 400 ng\/L<\/td><\/tr><tr><td><\/td><td><strong>2 a \u2013 &lt; 6 a<\/strong><\/td><td>&lt; 300 ng\/L<\/td><\/tr><tr><td><\/td><td><strong>6 a \u2013 &lt; 18 a<\/strong><\/td><td>&lt; 160 ng\/L<\/td><\/tr><tr><td><\/td><td><strong>\u2265 18 a kroonilise s\u00fcdamepuudulikkuse v\u00e4listuspiir<\/strong><\/td><td>&lt; 125 ng\/L<\/td><\/tr><tr><td><\/td><td><strong>\u2265 18 a s\u00fcdamepuudulikkuse v\u00e4listuspiir \u00e4geda d\u00fcspnoe korral<\/strong><\/td><td>&lt; 300 ng\/L<\/td><\/tr><\/tbody><\/table><\/figure>\n\n\n\n<p class=\"has-medium-font-size\"><strong>N\u00e4idustus ja kliiniline t\u00e4hendus<\/strong><\/p>\n\n\n\n<p>S\u00fcdamepuudulikkuse diagnostika ja raskusastme hindamine. S\u00fcdamepuudulikkusega patsientide ravi j\u00e4lgimine. Kardiovaskulaarsete haiguste (\u00e4ge koronaars\u00fcndroom, s\u00fcdamepuudulikus jt) prognoosi hindamine.<\/p>\n\n\n\n<p>Euroopa Kardioloogide Selts on vastu v\u00f5tnud kroonilise s\u00fcdamepuudulikkuse diagnoosimise ja ravimise algoritmi (2016, 2021), kus on \u00f6eldud, et natriureetilistel peptiididel, s.h NT-proBNP-l on tugev negatiivne ennustusj\u00f5ud, s.t otsustuspiirist madalam kontsentratsioon v\u00e4listab eelnevalt ravimata patsiendil suure t\u00f5en\u00e4osusega s\u00fcdamepuudulikkuse. Selle algoritmi on heaks kiitnud ka Eesti Kardioloogide Selts. NT-proBNP kontsentratsioon korreleerub h\u00e4sti s\u00fcdamepuudulikkuse raskusastmega.<\/p>\n\n\n\n<p>Kroonilise s\u00fcdamepuudulikkuse puhul on suuremad NT-proBNP kontsentratsioonid seotud suurema kardiovaskulaarse ja \u00fcldise suremuse ning s\u00fcdamepuudulikkuse dekompenseerumise riskiga, seda s\u00f5ltumatult east, s\u00fcdamepuudulikkuse raskusastmest, varasemast m\u00fcokardiinfarktist v\u00f5i vasaku vatsakese v\u00e4ljutusfraktsiooni suurusest. NT-proBNP kontsentratsiooni v\u00e4henemine s\u00fcdamepuudulikkuse ravi k\u00e4igus viitab paremale prognoosile. \u00c4geda koronaars\u00fcndroomiga patsientidel on suuremad NT-proBNP v\u00e4\u00e4rtused seotud suurema suremuse, s\u00fcdamepuudulikkuse tekkimise ja v\u00f5imalik, et ka korduva m\u00fcokardiinfarkti riskiga.<\/p>\n\n\n\n<p>NT-proBNP kontsentratsioonid on lisaks eelpool mainitud seisunditele suurenenud ka vasaku vatsakese h\u00fcpertroofia, klapirikete, s\u00fcdamelihase isheemia, m\u00f5nede r\u00fctmih\u00e4irete, pulmonaarse h\u00fcpertensiooni, terminaalse neerupuudulikkuse ja preeklampsia korral. Samuti m\u00f5jutavad NT-proBNP taset patsiendi vanus, sugu, soola tarbimine, rasvumine ja m\u00f5ned ravimid (ACE-inhibiitorid, angiotensiini retseptori blokaatorid, diureetikumid, nitropreparaadid, valsartaan, beeta-blokaatorid).<\/p>\n\n\n\n<p>Koostaja: Kaja Vaagen<br>Muudetud 27.01.2023<\/p>\n","protected":false},"excerpt":{"rendered":"<p>Kliinilise keemia ja laboratoorse hematoloogia osakond B-t\u00fc\u00fcpi natriureetiline peptiid (BNP) on peamiselt s\u00fcdame vatsakestes s\u00fcnteesitav peptiidhormoon, mis omab diureetilist, natriureetilist ja vasodilateerivat toimet. BNP s\u00fcnteesitakse s\u00fcdamelihasrakkudes 108 aminohappest koosneva propeptiidina (proBNP), mis rakust vabanemiseks l\u00f5hustatakse bioloogiliselt aktiivseks, 32 aminohappest koosnevaks BNP-ks ning inaktiivseks, 76 aminohappest koosnevaks N-terminaalseks fragmendiks (NT-proBNP). BNP sekretsiooni peamiseks p\u00f5hjuseks on plasmamahu [&hellip;]<\/p>\n","protected":false},"author":38,"featured_media":0,"parent":7308,"menu_order":0,"comment_status":"closed","ping_status":"closed","template":"","meta":{"_uag_custom_page_level_css":"","footnotes":""},"class_list":["post-12422","page","type-page","status-publish","hentry"],"acf":[],"yoast_head":"<!-- This site is optimized with the Yoast SEO plugin v27.3 - https:\/\/yoast.com\/product\/yoast-seo-wordpress\/ -->\n<title>B-t\u00fc\u00fcpi natriureetilise propeptiidi N-fragment (S,P-NT-proBNP) - \u00dchendlabor<\/title>\n<meta name=\"robots\" content=\"index, follow, max-snippet:-1, max-image-preview:large, max-video-preview:-1\" \/>\n<link rel=\"canonical\" href=\"https:\/\/www.kliinikum.ee\/yhendlabor\/kasiraamat\/sudamemarkerite-uuringud\/b-tuupi-natriureetilise-propeptiidi-n-fragment-sp-nt-probnp\/\" \/>\n<meta property=\"og:locale\" content=\"et_EE\" \/>\n<meta property=\"og:type\" content=\"article\" \/>\n<meta property=\"og:title\" content=\"B-t\u00fc\u00fcpi natriureetilise propeptiidi N-fragment (S,P-NT-proBNP) - \u00dchendlabor\" \/>\n<meta property=\"og:description\" content=\"Kliinilise keemia ja laboratoorse hematoloogia osakond B-t\u00fc\u00fcpi natriureetiline peptiid (BNP) on peamiselt s\u00fcdame vatsakestes s\u00fcnteesitav peptiidhormoon, mis omab diureetilist, natriureetilist ja vasodilateerivat toimet. BNP s\u00fcnteesitakse s\u00fcdamelihasrakkudes 108 aminohappest koosneva propeptiidina (proBNP), mis rakust vabanemiseks l\u00f5hustatakse bioloogiliselt aktiivseks, 32 aminohappest koosnevaks BNP-ks ning inaktiivseks, 76 aminohappest koosnevaks N-terminaalseks fragmendiks (NT-proBNP). BNP sekretsiooni peamiseks p\u00f5hjuseks on plasmamahu [&hellip;]\" \/>\n<meta property=\"og:url\" content=\"https:\/\/www.kliinikum.ee\/yhendlabor\/kasiraamat\/sudamemarkerite-uuringud\/b-tuupi-natriureetilise-propeptiidi-n-fragment-sp-nt-probnp\/\" \/>\n<meta property=\"og:site_name\" content=\"\u00dchendlabor\" \/>\n<meta property=\"article:modified_time\" content=\"2025-12-10T22:09:30+00:00\" \/>\n<meta name=\"twitter:card\" content=\"summary_large_image\" \/>\n<meta name=\"twitter:label1\" content=\"Est. reading time\" \/>\n\t<meta name=\"twitter:data1\" content=\"2 minutit\" \/>\n<script type=\"application\/ld+json\" class=\"yoast-schema-graph\">{\"@context\":\"https:\\\/\\\/schema.org\",\"@graph\":[{\"@type\":\"WebPage\",\"@id\":\"https:\\\/\\\/www.kliinikum.ee\\\/yhendlabor\\\/kasiraamat\\\/sudamemarkerite-uuringud\\\/b-tuupi-natriureetilise-propeptiidi-n-fragment-sp-nt-probnp\\\/\",\"url\":\"https:\\\/\\\/www.kliinikum.ee\\\/yhendlabor\\\/kasiraamat\\\/sudamemarkerite-uuringud\\\/b-tuupi-natriureetilise-propeptiidi-n-fragment-sp-nt-probnp\\\/\",\"name\":\"B-t\u00fc\u00fcpi natriureetilise propeptiidi N-fragment (S,P-NT-proBNP) - \u00dchendlabor\",\"isPartOf\":{\"@id\":\"https:\\\/\\\/www.kliinikum.ee\\\/yhendlabor\\\/#website\"},\"datePublished\":\"2025-07-30T14:46:56+00:00\",\"dateModified\":\"2025-12-10T22:09:30+00:00\",\"breadcrumb\":{\"@id\":\"https:\\\/\\\/www.kliinikum.ee\\\/yhendlabor\\\/kasiraamat\\\/sudamemarkerite-uuringud\\\/b-tuupi-natriureetilise-propeptiidi-n-fragment-sp-nt-probnp\\\/#breadcrumb\"},\"inLanguage\":\"et\",\"potentialAction\":[{\"@type\":\"ReadAction\",\"target\":[\"https:\\\/\\\/www.kliinikum.ee\\\/yhendlabor\\\/kasiraamat\\\/sudamemarkerite-uuringud\\\/b-tuupi-natriureetilise-propeptiidi-n-fragment-sp-nt-probnp\\\/\"]}]},{\"@type\":\"BreadcrumbList\",\"@id\":\"https:\\\/\\\/www.kliinikum.ee\\\/yhendlabor\\\/kasiraamat\\\/sudamemarkerite-uuringud\\\/b-tuupi-natriureetilise-propeptiidi-n-fragment-sp-nt-probnp\\\/#breadcrumb\",\"itemListElement\":[{\"@type\":\"ListItem\",\"position\":1,\"name\":\"Home\",\"item\":\"https:\\\/\\\/www.kliinikum.ee\\\/yhendlabor\\\/\"},{\"@type\":\"ListItem\",\"position\":2,\"name\":\"K\u00e4siraamat\",\"item\":\"https:\\\/\\\/www.kliinikum.ee\\\/yhendlabor\\\/kasiraamat\\\/\"},{\"@type\":\"ListItem\",\"position\":3,\"name\":\"S\u00fcdamemarkerite uuringud\",\"item\":\"https:\\\/\\\/www.kliinikum.ee\\\/yhendlabor\\\/kasiraamat\\\/sudamemarkerite-uuringud\\\/\"},{\"@type\":\"ListItem\",\"position\":4,\"name\":\"B-t\u00fc\u00fcpi natriureetilise propeptiidi N-fragment (S,P-NT-proBNP)\"}]},{\"@type\":\"WebSite\",\"@id\":\"https:\\\/\\\/www.kliinikum.ee\\\/yhendlabor\\\/#website\",\"url\":\"https:\\\/\\\/www.kliinikum.ee\\\/yhendlabor\\\/\",\"name\":\"\u00dchendlabor\",\"description\":\"Hoolivus, Uuendusmeelsus, P\u00e4devus ja Usaldusv\u00e4\u00e4rsus\",\"potentialAction\":[{\"@type\":\"SearchAction\",\"target\":{\"@type\":\"EntryPoint\",\"urlTemplate\":\"https:\\\/\\\/www.kliinikum.ee\\\/yhendlabor\\\/?s={search_term_string}\"},\"query-input\":{\"@type\":\"PropertyValueSpecification\",\"valueRequired\":true,\"valueName\":\"search_term_string\"}}],\"inLanguage\":\"et\"}]}<\/script>\n<!-- \/ Yoast SEO plugin. -->","yoast_head_json":{"title":"B-t\u00fc\u00fcpi natriureetilise propeptiidi N-fragment (S,P-NT-proBNP) - \u00dchendlabor","robots":{"index":"index","follow":"follow","max-snippet":"max-snippet:-1","max-image-preview":"max-image-preview:large","max-video-preview":"max-video-preview:-1"},"canonical":"https:\/\/www.kliinikum.ee\/yhendlabor\/kasiraamat\/sudamemarkerite-uuringud\/b-tuupi-natriureetilise-propeptiidi-n-fragment-sp-nt-probnp\/","og_locale":"et_EE","og_type":"article","og_title":"B-t\u00fc\u00fcpi natriureetilise propeptiidi N-fragment (S,P-NT-proBNP) - \u00dchendlabor","og_description":"Kliinilise keemia ja laboratoorse hematoloogia osakond B-t\u00fc\u00fcpi natriureetiline peptiid (BNP) on peamiselt s\u00fcdame vatsakestes s\u00fcnteesitav peptiidhormoon, mis omab diureetilist, natriureetilist ja vasodilateerivat toimet. BNP s\u00fcnteesitakse s\u00fcdamelihasrakkudes 108 aminohappest koosneva propeptiidina (proBNP), mis rakust vabanemiseks l\u00f5hustatakse bioloogiliselt aktiivseks, 32 aminohappest koosnevaks BNP-ks ning inaktiivseks, 76 aminohappest koosnevaks N-terminaalseks fragmendiks (NT-proBNP). BNP sekretsiooni peamiseks p\u00f5hjuseks on plasmamahu [&hellip;]","og_url":"https:\/\/www.kliinikum.ee\/yhendlabor\/kasiraamat\/sudamemarkerite-uuringud\/b-tuupi-natriureetilise-propeptiidi-n-fragment-sp-nt-probnp\/","og_site_name":"\u00dchendlabor","article_modified_time":"2025-12-10T22:09:30+00:00","twitter_card":"summary_large_image","twitter_misc":{"Est. reading time":"2 minutit"},"schema":{"@context":"https:\/\/schema.org","@graph":[{"@type":"WebPage","@id":"https:\/\/www.kliinikum.ee\/yhendlabor\/kasiraamat\/sudamemarkerite-uuringud\/b-tuupi-natriureetilise-propeptiidi-n-fragment-sp-nt-probnp\/","url":"https:\/\/www.kliinikum.ee\/yhendlabor\/kasiraamat\/sudamemarkerite-uuringud\/b-tuupi-natriureetilise-propeptiidi-n-fragment-sp-nt-probnp\/","name":"B-t\u00fc\u00fcpi natriureetilise propeptiidi N-fragment (S,P-NT-proBNP) - \u00dchendlabor","isPartOf":{"@id":"https:\/\/www.kliinikum.ee\/yhendlabor\/#website"},"datePublished":"2025-07-30T14:46:56+00:00","dateModified":"2025-12-10T22:09:30+00:00","breadcrumb":{"@id":"https:\/\/www.kliinikum.ee\/yhendlabor\/kasiraamat\/sudamemarkerite-uuringud\/b-tuupi-natriureetilise-propeptiidi-n-fragment-sp-nt-probnp\/#breadcrumb"},"inLanguage":"et","potentialAction":[{"@type":"ReadAction","target":["https:\/\/www.kliinikum.ee\/yhendlabor\/kasiraamat\/sudamemarkerite-uuringud\/b-tuupi-natriureetilise-propeptiidi-n-fragment-sp-nt-probnp\/"]}]},{"@type":"BreadcrumbList","@id":"https:\/\/www.kliinikum.ee\/yhendlabor\/kasiraamat\/sudamemarkerite-uuringud\/b-tuupi-natriureetilise-propeptiidi-n-fragment-sp-nt-probnp\/#breadcrumb","itemListElement":[{"@type":"ListItem","position":1,"name":"Home","item":"https:\/\/www.kliinikum.ee\/yhendlabor\/"},{"@type":"ListItem","position":2,"name":"K\u00e4siraamat","item":"https:\/\/www.kliinikum.ee\/yhendlabor\/kasiraamat\/"},{"@type":"ListItem","position":3,"name":"S\u00fcdamemarkerite uuringud","item":"https:\/\/www.kliinikum.ee\/yhendlabor\/kasiraamat\/sudamemarkerite-uuringud\/"},{"@type":"ListItem","position":4,"name":"B-t\u00fc\u00fcpi natriureetilise propeptiidi N-fragment (S,P-NT-proBNP)"}]},{"@type":"WebSite","@id":"https:\/\/www.kliinikum.ee\/yhendlabor\/#website","url":"https:\/\/www.kliinikum.ee\/yhendlabor\/","name":"\u00dchendlabor","description":"Hoolivus, Uuendusmeelsus, P\u00e4devus ja Usaldusv\u00e4\u00e4rsus","potentialAction":[{"@type":"SearchAction","target":{"@type":"EntryPoint","urlTemplate":"https:\/\/www.kliinikum.ee\/yhendlabor\/?s={search_term_string}"},"query-input":{"@type":"PropertyValueSpecification","valueRequired":true,"valueName":"search_term_string"}}],"inLanguage":"et"}]}},"uagb_featured_image_src":{"full":false,"thumbnail":false,"medium":false,"medium_large":false,"large":false,"1536x1536":false,"2048x2048":false},"uagb_author_info":{"display_name":"Kadi Siigur","author_link":"https:\/\/www.kliinikum.ee\/yhendlabor\/author\/kadisi\/"},"uagb_comment_info":0,"uagb_excerpt":"Kliinilise keemia ja laboratoorse hematoloogia osakond B-t\u00fc\u00fcpi natriureetiline peptiid (BNP) on peamiselt s\u00fcdame vatsakestes s\u00fcnteesitav peptiidhormoon, mis omab diureetilist, natriureetilist ja vasodilateerivat toimet. BNP s\u00fcnteesitakse s\u00fcdamelihasrakkudes 108 aminohappest koosneva propeptiidina (proBNP), mis rakust vabanemiseks l\u00f5hustatakse bioloogiliselt aktiivseks, 32 aminohappest koosnevaks BNP-ks ning inaktiivseks, 76 aminohappest koosnevaks N-terminaalseks fragmendiks (NT-proBNP). BNP sekretsiooni peamiseks p\u00f5hjuseks on plasmamahu&hellip;","_links":{"self":[{"href":"https:\/\/www.kliinikum.ee\/yhendlabor\/wp-json\/wp\/v2\/pages\/12422","targetHints":{"allow":["GET"]}}],"collection":[{"href":"https:\/\/www.kliinikum.ee\/yhendlabor\/wp-json\/wp\/v2\/pages"}],"about":[{"href":"https:\/\/www.kliinikum.ee\/yhendlabor\/wp-json\/wp\/v2\/types\/page"}],"author":[{"embeddable":true,"href":"https:\/\/www.kliinikum.ee\/yhendlabor\/wp-json\/wp\/v2\/users\/38"}],"replies":[{"embeddable":true,"href":"https:\/\/www.kliinikum.ee\/yhendlabor\/wp-json\/wp\/v2\/comments?post=12422"}],"version-history":[{"count":0,"href":"https:\/\/www.kliinikum.ee\/yhendlabor\/wp-json\/wp\/v2\/pages\/12422\/revisions"}],"up":[{"embeddable":true,"href":"https:\/\/www.kliinikum.ee\/yhendlabor\/wp-json\/wp\/v2\/pages\/7308"}],"wp:attachment":[{"href":"https:\/\/www.kliinikum.ee\/yhendlabor\/wp-json\/wp\/v2\/media?parent=12422"}],"curies":[{"name":"wp","href":"https:\/\/api.w.org\/{rel}","templated":true}]}}