{"id":12430,"date":"2025-07-30T17:00:14","date_gmt":"2025-07-30T15:00:14","guid":{"rendered":"https:\/\/www.kliinikum.ee\/yhendlabor\/?page_id=12430"},"modified":"2025-12-11T00:10:10","modified_gmt":"2025-12-10T22:10:10","slug":"troponiin-t-korgtundlik-sp-ctnt-hs","status":"publish","type":"page","link":"https:\/\/www.kliinikum.ee\/yhendlabor\/kasiraamat\/sudamemarkerite-uuringud\/troponiin-t-korgtundlik-sp-ctnt-hs\/","title":{"rendered":"Troponiin T (k\u00f5rgtundlik) (S,P-cTnT-hs)"},"content":{"rendered":"\n<p><em>Kliinilise keemia osakond, tel. 731 8316<\/em><\/p>\n\n\n\n<p><strong>Troponiin (Tn)<\/strong> on lihasvalk. Kolmest ala\u00fchikust \u2013 TnT, TnI ja TnC \u2013 koosnev troponiinkompleks paikneb skeleti- ja s\u00fcdamelihase kontraktiilses aparaadis ning reguleerib lihase kontraktsiooni. Troponiin C seob kaltsiumi ja reguleerib lihase kontraktsiooni; troponiin I toimib inhibiitorina aktiini sidumisel m\u00fcosiiniga lihase puhkeolekus; troponiin T seob troponiinkompleksi tropom\u00fcosiiniga. T\u00e4iskasvanu s\u00fcdamelihases on nii troponiin T kui troponiin I molekulide aminohappeline j\u00e4rjestus erinev v\u00f5rreldes skeletilihase omaga, sellel p\u00f5hinebki s\u00fcdamespetsiifiliste cTnT (<em>cardiac troponin T<\/em>) ja cTnI (<em>cardiac troponin I<\/em>) m\u00e4\u00e4ramine. Kuna troponiin C-l on skeleti- ja s\u00fcdamelihase rakkudes \u00fchesugune aminohapete j\u00e4rjestus, ei oma ta s\u00fcdamespetsiifilise markeri potentsiaali.<\/p>\n\n\n\n<p>K\u00f5rgtundlik meetod v\u00f5imaldab m\u00e4\u00e4rata t\u00e4pselt ka v\u00e4ga madalaid troponiin T tulemusi (referentsisikute 99. protsentiili juures on anal\u00fc\u00fcsi kordust\u00e4psus ehk CV \u2264 10%).<\/p>\n\n\n\n<p class=\"has-medium-font-size\"><strong>Uuritav materjal, selle v\u00f5tmine, saatmine ja s\u00e4ilitamine<\/strong><\/p>\n\n\n\n<figure class=\"wp-block-table is-style-stripes\"><table width=\"100%\"><tbody><tr><td width=\"1%\"><\/td><td width=\"15%\"><strong>Katsuti<\/strong><\/td><td width=\"84%\">Geeli ja h\u00fc\u00fcbimisaktivaatoriga katsuti (kollane kork) v\u00f5i geeliga LH-katsuti (heleroheline kork)<\/td><\/tr><tr><td><\/td><td><strong>S\u00e4ilivus<\/strong><\/td><td>Seerum\/plasma +4 \u00b0C \u00fcks p\u00e4ev, -20 \u00b0C \u00fcks aasta<\/td><\/tr><\/tbody><\/table><\/figure>\n\n\n\n<p class=\"has-medium-font-size\"><strong>Anal\u00fc\u00fcsi tegemise aeg:<\/strong> \u00f6\u00f6p\u00e4evaringselt<\/p>\n\n\n\n<p class=\"has-medium-font-size\"><strong>Anal\u00fc\u00fcsimeetod:<\/strong> elektrokemoluminestsents-immuunmeetod (ECLIA)<\/p>\n\n\n\n<p class=\"has-medium-font-size\"><strong>Referentsv\u00e4\u00e4rtused<\/strong><\/p>\n\n\n\n<figure class=\"wp-block-table\"><table width=\"100%\"><tbody><tr><td width=\"1%\"><\/td><td width=\"50%\"><strong>\u2265 18 a (99. protsentiil)<\/strong><\/td><td width=\"49%\">&lt; 14 ng\/L<\/td><\/tr><\/tbody><\/table><\/figure>\n\n\n\n<p class=\"has-medium-font-size\"><strong>N\u00e4idustus ja kliiniline t\u00e4hendus<\/strong><\/p>\n\n\n\n<p>M\u00fcokardiinfarkti (MI) diagnostika, t\u00fcsistuste riski ning prognoosi hindamine.<\/p>\n\n\n\n<p>cTnT kontsentratsioon hakkab suurenema 2\u20134 tundi p\u00e4rast MI algust ja v\u00f5ib p\u00fcsida k\u00f5rgemal tasemel 1\u20132 n\u00e4dalat.<\/p>\n\n\n\n<p>\u00c4geda MI diagnoos p\u00f5hineb 1) kardiospetsiifiliste biomarkerite kontsentratsiooni suurenemisel (eelistatuimad biomarkerid on cTnT ja cTnI); 2) m\u00fcokardi isheemiale ja nekroosile viitavatel s\u00fcmptomitel ning 3) EKG ja piltdiagnostika meetodite leiul. MI otsustuspiiriks loetakse cTnT tulemust \u00fcle referentsisikute 99. protsentiili v\u00e4\u00e4rtuse, kusjuures anal\u00fc\u00fcsi kordust\u00e4psus sellel tasemel peaks olema \u2264 10% <em>(ESC\/ACCF\/AHA\/WHF Task Force for the Redefinition of Myocardial Infarction (European Heart Journal (2007)28, 2525-2538)<\/em>.<\/p>\n\n\n\n<p>\u00dchendlaboris kasutusel oleva k\u00f5rgtundliku meetodi puhul (<em>Troponin T high sensitive STAT, Roche<\/em>) on cTnT tervete referentsisikute 99. protsentiili v\u00e4\u00e4rtuseks 14 ng\/L ja ka anal\u00fc\u00fcsi n\u00f5utav kordust\u00e4psus (\u2264 10%) on sellel tasemel tagatud. Seega viitavad cTnT-hs puhul m\u00fcokardi nekroosile v\u00e4\u00e4rtused \u2265 14 ng\/L.<\/p>\n\n\n\n<p>K\u00f5rgtundlikul meetodil m\u00e4\u00e4ratud cTnT eeliseks peetakse kiiremat MI diagnoosimise, eriti aga v\u00e4listamise v\u00f5imalust (kolme tunni jooksul). Samas on seoses sensitiivsuse suurenemisega v\u00e4henenud meetodi spetsiifilisus. K\u00f5rgtundliku meetodi kasutusele v\u00f5tmine tingib selle, et MI diagnoosimisel on veelgi olulisem kui varem cTnT sisalduse d\u00fcnaamika j\u00e4lgimine (nn t\u00f5usev v\u00f5i langev muster). See on vajalik selleks, et eristada MI-d kaasuvate haiguste puhul esinevast suurenenud cTnT-hs baasv\u00e4\u00e4rtusest (nt cTnT-hs taseme t\u00f5us kroonilise neerupuudulikkuse korral) ning teistest kroonilistest v\u00f5i ala\u00e4gedatest s\u00fcdame- ja veresoonkonna haigustest, mille puhul v\u00f5ib k\u00fcll esineda cTnT-hs sisalduse suurenemine, kuid ei esine kontsentratsiooni d\u00fcnaamikat v\u00f5i on see v\u00e4iksema ulatusega kui MI puhul.<\/p>\n\n\n\n<p>Samuti on veelgi olulisem kui varem hinnata cTnT-hs tulemusi kliinilise pildi ja teiste diagnostikameetoditega kompleksis. Ainu\u00fcksi cTnT-hs tulemuse p\u00f5hjal ei ole v\u00f5imalik MI diagnoosi p\u00fcstitada.<\/p>\n\n\n\n<p>cTnT-hs soovitatakse \u00e4geda koronaars\u00fcndroomi kahtlusega patsientidel m\u00e4\u00e4rata patsiendi haiglasse saabumisel ja seej\u00e4rel kolme tunni m\u00f6\u00f6dudes. MI diagnostiliste algoritmide osas esineb spetsialistide hulgas erinevaid seisukohti (milliste ajavahemike j\u00e4rel cTnT-hs m\u00e4\u00e4rata, milline on MI diagnoosimisel kliiniliselt oluline muutus cTnT-hs d\u00fcnaamikas jne).<\/p>\n\n\n\n<p>Kliiniliste uuringute andmed n\u00e4itavad, et igasugune cTnT-hs sisalduse t\u00f5us \u00fcle referentspiiri on \u00e4geda koronaars\u00fcndroomi kahtlusega patsiendil seotud suurenenud suremuse ja kardiovaskulaarsete t\u00fcsistuste riskiga. Riski hindamisel kasutatakse ka erinevate markerite kombineerimist (cTnT + NT-proBNP + CRP-hs). Samuti on referentspiiri \u00fcletav cTnT-hs tulemus halvema prognoosi n\u00e4itajaks ka mitte \u00e4geda koronaars\u00fcndroomiga patsientidel (nt s\u00fcdamepuudulikkus, kodade virvendusar\u00fctmia jt).<\/p>\n\n\n\n<p>Teised haigused ja seisundid, millele on iseloomulik cTnT-hs sisalduse suurenemine: s\u00fcdame trauma, s\u00fcdame paispuudulikkus, aordi dissekatsioon v\u00f5i aordiklapi haigus, h\u00fcpertroofiline kardiom\u00fcopaatia, m\u00f5ned r\u00fctmih\u00e4ired, Takotsubo s\u00fcndroom, rabdom\u00fcol\u00fc\u00fcs s\u00fcdame haaratusega, kopsuarteri trombemboolia, raske pulmonaalne h\u00fcpertensioon, neerupuudulikkus, \u00e4ge neuroloogiline haigus, infiltratiivsed haigused, nt am\u00fcloidoos, sarkoidoos, sklerodermia, p\u00f5letikulised haigused, nt m\u00fcokardiit, ravimite v\u00f5i toksiinide toksiline toime, terminaalselt haiged patsiendid, eriti hingamispuudulikkuse v\u00f5i sepsise korral, p\u00f5letused, suur f\u00fc\u00fcsiline pingutus).<\/p>\n\n\n\n<p>Koostaja: Kaja Kallion<\/p>\n","protected":false},"excerpt":{"rendered":"<p>Kliinilise keemia osakond, tel. 731 8316 Troponiin (Tn) on lihasvalk. Kolmest ala\u00fchikust \u2013 TnT, TnI ja TnC \u2013 koosnev troponiinkompleks paikneb skeleti- ja s\u00fcdamelihase kontraktiilses aparaadis ning reguleerib lihase kontraktsiooni. Troponiin C seob kaltsiumi ja reguleerib lihase kontraktsiooni; troponiin I toimib inhibiitorina aktiini sidumisel m\u00fcosiiniga lihase puhkeolekus; troponiin T seob troponiinkompleksi tropom\u00fcosiiniga. T\u00e4iskasvanu s\u00fcdamelihases on [&hellip;]<\/p>\n","protected":false},"author":38,"featured_media":0,"parent":7308,"menu_order":0,"comment_status":"closed","ping_status":"closed","template":"","meta":{"_uag_custom_page_level_css":"","footnotes":""},"class_list":["post-12430","page","type-page","status-publish","hentry"],"acf":[],"yoast_head":"<!-- This site is optimized with the Yoast SEO plugin v27.3 - https:\/\/yoast.com\/product\/yoast-seo-wordpress\/ -->\n<title>Troponiin T (k\u00f5rgtundlik) (S,P-cTnT-hs) - \u00dchendlabor<\/title>\n<meta name=\"robots\" content=\"index, follow, max-snippet:-1, max-image-preview:large, max-video-preview:-1\" \/>\n<link rel=\"canonical\" href=\"https:\/\/www.kliinikum.ee\/yhendlabor\/kasiraamat\/sudamemarkerite-uuringud\/troponiin-t-korgtundlik-sp-ctnt-hs\/\" \/>\n<meta property=\"og:locale\" content=\"et_EE\" \/>\n<meta property=\"og:type\" content=\"article\" \/>\n<meta property=\"og:title\" content=\"Troponiin T (k\u00f5rgtundlik) (S,P-cTnT-hs) - \u00dchendlabor\" \/>\n<meta property=\"og:description\" content=\"Kliinilise keemia osakond, tel. 731 8316 Troponiin (Tn) on lihasvalk. Kolmest ala\u00fchikust \u2013 TnT, TnI ja TnC \u2013 koosnev troponiinkompleks paikneb skeleti- ja s\u00fcdamelihase kontraktiilses aparaadis ning reguleerib lihase kontraktsiooni. Troponiin C seob kaltsiumi ja reguleerib lihase kontraktsiooni; troponiin I toimib inhibiitorina aktiini sidumisel m\u00fcosiiniga lihase puhkeolekus; troponiin T seob troponiinkompleksi tropom\u00fcosiiniga. T\u00e4iskasvanu s\u00fcdamelihases on [&hellip;]\" \/>\n<meta property=\"og:url\" content=\"https:\/\/www.kliinikum.ee\/yhendlabor\/kasiraamat\/sudamemarkerite-uuringud\/troponiin-t-korgtundlik-sp-ctnt-hs\/\" \/>\n<meta property=\"og:site_name\" content=\"\u00dchendlabor\" \/>\n<meta property=\"article:modified_time\" content=\"2025-12-10T22:10:10+00:00\" \/>\n<meta name=\"twitter:card\" content=\"summary_large_image\" \/>\n<meta name=\"twitter:label1\" content=\"Est. reading time\" \/>\n\t<meta name=\"twitter:data1\" content=\"4 minutit\" \/>\n<script type=\"application\/ld+json\" class=\"yoast-schema-graph\">{\"@context\":\"https:\\\/\\\/schema.org\",\"@graph\":[{\"@type\":\"WebPage\",\"@id\":\"https:\\\/\\\/www.kliinikum.ee\\\/yhendlabor\\\/kasiraamat\\\/sudamemarkerite-uuringud\\\/troponiin-t-korgtundlik-sp-ctnt-hs\\\/\",\"url\":\"https:\\\/\\\/www.kliinikum.ee\\\/yhendlabor\\\/kasiraamat\\\/sudamemarkerite-uuringud\\\/troponiin-t-korgtundlik-sp-ctnt-hs\\\/\",\"name\":\"Troponiin T (k\u00f5rgtundlik) (S,P-cTnT-hs) - \u00dchendlabor\",\"isPartOf\":{\"@id\":\"https:\\\/\\\/www.kliinikum.ee\\\/yhendlabor\\\/#website\"},\"datePublished\":\"2025-07-30T15:00:14+00:00\",\"dateModified\":\"2025-12-10T22:10:10+00:00\",\"breadcrumb\":{\"@id\":\"https:\\\/\\\/www.kliinikum.ee\\\/yhendlabor\\\/kasiraamat\\\/sudamemarkerite-uuringud\\\/troponiin-t-korgtundlik-sp-ctnt-hs\\\/#breadcrumb\"},\"inLanguage\":\"et\",\"potentialAction\":[{\"@type\":\"ReadAction\",\"target\":[\"https:\\\/\\\/www.kliinikum.ee\\\/yhendlabor\\\/kasiraamat\\\/sudamemarkerite-uuringud\\\/troponiin-t-korgtundlik-sp-ctnt-hs\\\/\"]}]},{\"@type\":\"BreadcrumbList\",\"@id\":\"https:\\\/\\\/www.kliinikum.ee\\\/yhendlabor\\\/kasiraamat\\\/sudamemarkerite-uuringud\\\/troponiin-t-korgtundlik-sp-ctnt-hs\\\/#breadcrumb\",\"itemListElement\":[{\"@type\":\"ListItem\",\"position\":1,\"name\":\"Home\",\"item\":\"https:\\\/\\\/www.kliinikum.ee\\\/yhendlabor\\\/\"},{\"@type\":\"ListItem\",\"position\":2,\"name\":\"K\u00e4siraamat\",\"item\":\"https:\\\/\\\/www.kliinikum.ee\\\/yhendlabor\\\/kasiraamat\\\/\"},{\"@type\":\"ListItem\",\"position\":3,\"name\":\"S\u00fcdamemarkerite uuringud\",\"item\":\"https:\\\/\\\/www.kliinikum.ee\\\/yhendlabor\\\/kasiraamat\\\/sudamemarkerite-uuringud\\\/\"},{\"@type\":\"ListItem\",\"position\":4,\"name\":\"Troponiin T (k\u00f5rgtundlik) (S,P-cTnT-hs)\"}]},{\"@type\":\"WebSite\",\"@id\":\"https:\\\/\\\/www.kliinikum.ee\\\/yhendlabor\\\/#website\",\"url\":\"https:\\\/\\\/www.kliinikum.ee\\\/yhendlabor\\\/\",\"name\":\"\u00dchendlabor\",\"description\":\"Hoolivus, Uuendusmeelsus, P\u00e4devus ja Usaldusv\u00e4\u00e4rsus\",\"potentialAction\":[{\"@type\":\"SearchAction\",\"target\":{\"@type\":\"EntryPoint\",\"urlTemplate\":\"https:\\\/\\\/www.kliinikum.ee\\\/yhendlabor\\\/?s={search_term_string}\"},\"query-input\":{\"@type\":\"PropertyValueSpecification\",\"valueRequired\":true,\"valueName\":\"search_term_string\"}}],\"inLanguage\":\"et\"}]}<\/script>\n<!-- \/ Yoast SEO plugin. -->","yoast_head_json":{"title":"Troponiin T (k\u00f5rgtundlik) (S,P-cTnT-hs) - \u00dchendlabor","robots":{"index":"index","follow":"follow","max-snippet":"max-snippet:-1","max-image-preview":"max-image-preview:large","max-video-preview":"max-video-preview:-1"},"canonical":"https:\/\/www.kliinikum.ee\/yhendlabor\/kasiraamat\/sudamemarkerite-uuringud\/troponiin-t-korgtundlik-sp-ctnt-hs\/","og_locale":"et_EE","og_type":"article","og_title":"Troponiin T (k\u00f5rgtundlik) (S,P-cTnT-hs) - \u00dchendlabor","og_description":"Kliinilise keemia osakond, tel. 731 8316 Troponiin (Tn) on lihasvalk. Kolmest ala\u00fchikust \u2013 TnT, TnI ja TnC \u2013 koosnev troponiinkompleks paikneb skeleti- ja s\u00fcdamelihase kontraktiilses aparaadis ning reguleerib lihase kontraktsiooni. Troponiin C seob kaltsiumi ja reguleerib lihase kontraktsiooni; troponiin I toimib inhibiitorina aktiini sidumisel m\u00fcosiiniga lihase puhkeolekus; troponiin T seob troponiinkompleksi tropom\u00fcosiiniga. T\u00e4iskasvanu s\u00fcdamelihases on [&hellip;]","og_url":"https:\/\/www.kliinikum.ee\/yhendlabor\/kasiraamat\/sudamemarkerite-uuringud\/troponiin-t-korgtundlik-sp-ctnt-hs\/","og_site_name":"\u00dchendlabor","article_modified_time":"2025-12-10T22:10:10+00:00","twitter_card":"summary_large_image","twitter_misc":{"Est. reading time":"4 minutit"},"schema":{"@context":"https:\/\/schema.org","@graph":[{"@type":"WebPage","@id":"https:\/\/www.kliinikum.ee\/yhendlabor\/kasiraamat\/sudamemarkerite-uuringud\/troponiin-t-korgtundlik-sp-ctnt-hs\/","url":"https:\/\/www.kliinikum.ee\/yhendlabor\/kasiraamat\/sudamemarkerite-uuringud\/troponiin-t-korgtundlik-sp-ctnt-hs\/","name":"Troponiin T (k\u00f5rgtundlik) (S,P-cTnT-hs) - \u00dchendlabor","isPartOf":{"@id":"https:\/\/www.kliinikum.ee\/yhendlabor\/#website"},"datePublished":"2025-07-30T15:00:14+00:00","dateModified":"2025-12-10T22:10:10+00:00","breadcrumb":{"@id":"https:\/\/www.kliinikum.ee\/yhendlabor\/kasiraamat\/sudamemarkerite-uuringud\/troponiin-t-korgtundlik-sp-ctnt-hs\/#breadcrumb"},"inLanguage":"et","potentialAction":[{"@type":"ReadAction","target":["https:\/\/www.kliinikum.ee\/yhendlabor\/kasiraamat\/sudamemarkerite-uuringud\/troponiin-t-korgtundlik-sp-ctnt-hs\/"]}]},{"@type":"BreadcrumbList","@id":"https:\/\/www.kliinikum.ee\/yhendlabor\/kasiraamat\/sudamemarkerite-uuringud\/troponiin-t-korgtundlik-sp-ctnt-hs\/#breadcrumb","itemListElement":[{"@type":"ListItem","position":1,"name":"Home","item":"https:\/\/www.kliinikum.ee\/yhendlabor\/"},{"@type":"ListItem","position":2,"name":"K\u00e4siraamat","item":"https:\/\/www.kliinikum.ee\/yhendlabor\/kasiraamat\/"},{"@type":"ListItem","position":3,"name":"S\u00fcdamemarkerite uuringud","item":"https:\/\/www.kliinikum.ee\/yhendlabor\/kasiraamat\/sudamemarkerite-uuringud\/"},{"@type":"ListItem","position":4,"name":"Troponiin T (k\u00f5rgtundlik) (S,P-cTnT-hs)"}]},{"@type":"WebSite","@id":"https:\/\/www.kliinikum.ee\/yhendlabor\/#website","url":"https:\/\/www.kliinikum.ee\/yhendlabor\/","name":"\u00dchendlabor","description":"Hoolivus, Uuendusmeelsus, P\u00e4devus ja Usaldusv\u00e4\u00e4rsus","potentialAction":[{"@type":"SearchAction","target":{"@type":"EntryPoint","urlTemplate":"https:\/\/www.kliinikum.ee\/yhendlabor\/?s={search_term_string}"},"query-input":{"@type":"PropertyValueSpecification","valueRequired":true,"valueName":"search_term_string"}}],"inLanguage":"et"}]}},"uagb_featured_image_src":{"full":false,"thumbnail":false,"medium":false,"medium_large":false,"large":false,"1536x1536":false,"2048x2048":false},"uagb_author_info":{"display_name":"Kadi Siigur","author_link":"https:\/\/www.kliinikum.ee\/yhendlabor\/author\/kadisi\/"},"uagb_comment_info":0,"uagb_excerpt":"Kliinilise keemia osakond, tel. 731 8316 Troponiin (Tn) on lihasvalk. Kolmest ala\u00fchikust \u2013 TnT, TnI ja TnC \u2013 koosnev troponiinkompleks paikneb skeleti- ja s\u00fcdamelihase kontraktiilses aparaadis ning reguleerib lihase kontraktsiooni. Troponiin C seob kaltsiumi ja reguleerib lihase kontraktsiooni; troponiin I toimib inhibiitorina aktiini sidumisel m\u00fcosiiniga lihase puhkeolekus; troponiin T seob troponiinkompleksi tropom\u00fcosiiniga. T\u00e4iskasvanu s\u00fcdamelihases on&hellip;","_links":{"self":[{"href":"https:\/\/www.kliinikum.ee\/yhendlabor\/wp-json\/wp\/v2\/pages\/12430","targetHints":{"allow":["GET"]}}],"collection":[{"href":"https:\/\/www.kliinikum.ee\/yhendlabor\/wp-json\/wp\/v2\/pages"}],"about":[{"href":"https:\/\/www.kliinikum.ee\/yhendlabor\/wp-json\/wp\/v2\/types\/page"}],"author":[{"embeddable":true,"href":"https:\/\/www.kliinikum.ee\/yhendlabor\/wp-json\/wp\/v2\/users\/38"}],"replies":[{"embeddable":true,"href":"https:\/\/www.kliinikum.ee\/yhendlabor\/wp-json\/wp\/v2\/comments?post=12430"}],"version-history":[{"count":0,"href":"https:\/\/www.kliinikum.ee\/yhendlabor\/wp-json\/wp\/v2\/pages\/12430\/revisions"}],"up":[{"embeddable":true,"href":"https:\/\/www.kliinikum.ee\/yhendlabor\/wp-json\/wp\/v2\/pages\/7308"}],"wp:attachment":[{"href":"https:\/\/www.kliinikum.ee\/yhendlabor\/wp-json\/wp\/v2\/media?parent=12430"}],"curies":[{"name":"wp","href":"https:\/\/api.w.org\/{rel}","templated":true}]}}