{"id":12440,"date":"2025-07-30T17:15:51","date_gmt":"2025-07-30T15:15:51","guid":{"rendered":"https:\/\/www.kliinikum.ee\/yhendlabor\/?page_id=12440"},"modified":"2025-12-11T00:01:53","modified_gmt":"2025-12-10T22:01:53","slug":"peitveri-roojas-hemoglobiin-kvantitatiivne-st-hb-qn","status":"publish","type":"page","link":"https:\/\/www.kliinikum.ee\/yhendlabor\/kasiraamat\/rooja-uuringud\/peitveri-roojas-hemoglobiin-kvantitatiivne-st-hb-qn\/","title":{"rendered":"Peitveri roojas (hemoglobiin, kvantitatiivne) (St-Hb QN)"},"content":{"rendered":"\n<p><em>Kliinilise keemia ja laboratoorse hematoloogia osakond<\/em><\/p>\n\n\n\n<p>Normaalselt v\u00f5ib erituda seedetraktist v\u00e4ljaheitesse 0,5\u20131 mL verd \u00f6\u00f6p\u00e4evas. Vere hulga suurenemine esineb mitmesuguste gastrointestinaaltrakti haiguste puhul.<\/p>\n\n\n\n<p class=\"has-medium-font-size\"><strong>Uuritav materjal, selle v\u00f5tmine, saatmine ja s\u00e4ilitamine<\/strong><\/p>\n\n\n\n<figure class=\"wp-block-table is-style-stripes\"><table width=\"100%\"><tbody><tr><td width=\"1%\"><\/td><td width=\"15%\"><strong>Proovin\u00f5u<\/strong><\/td><td width=\"84%\">Roojatops<\/td><\/tr><tr><td><\/td><td><strong>S\u00e4ilivus<\/strong><\/td><td>Toatemperatuuril kuni viis p\u00e4eva, +4 \u00b0C kuni seitse p\u00e4eva<\/td><\/tr><\/tbody><\/table><\/figure>\n\n\n\n<p class=\"has-medium-font-size\"><strong>Anal\u00fc\u00fcsi tegemise aeg: <\/strong>\u00f6\u00f6p\u00e4evaringselt<\/p>\n\n\n\n<p class=\"has-medium-font-size\"><strong>Anal\u00fc\u00fcsimeetod: <\/strong>immuunturbidimeetria<\/p>\n\n\n\n<p class=\"has-medium-font-size\"><strong>Referentsv\u00e4\u00e4rtus<\/strong><\/p>\n\n\n\n<figure class=\"wp-block-table\"><table width=\"100%\"><tbody><tr><td width=\"1%\"><\/td><td width=\"30%\"><strong>K\u00f5ik vanusegrupid<\/strong><\/td><td width=\"69%\">&lt; 15 \u03bcg\/g<\/td><\/tr><\/tbody><\/table><\/figure>\n\n\n\n<p>Tulemus v\u00e4ljastatakse koos t\u00f5lgendusega: &lt; 15\u03bcg\/g negatiivne, \u2265 15 \u03bcg\/g positiivne.<\/p>\n\n\n\n<p>J\u00e4mesoolev\u00e4hi riikliku s\u00f5eluuringu otsustuspiir on &lt; 20\u03bcg\/g negatiivne, \u2265 20 \u03bcg\/g positiivne.<strong><\/strong><\/p>\n\n\n\n<p class=\"has-medium-font-size\"><strong>N\u00e4idustus ja kliiniline t\u00e4hendus<\/strong><\/p>\n\n\n\n<p>Seedetrakti verejooksu avastamine, s\u00f5eluuring riskigrupi haigetel (j\u00e4mesoole- ja p\u00e4rasoole v\u00e4hk).<\/p>\n\n\n\n<p>Seedetrakti verejooksu p\u00f5hjuseks v\u00f5ivad olla mao- ja kaksteists\u00f5rmiksoole haavandid, seedetrakti kasvajad, p\u00f5letikud, pol\u00fc\u00fcbid, divertiiklid, haavandiline koliit, seedetrakti veenilaiendid, traumad, hemangioomid.<\/p>\n\n\n\n<p>Koostajad: Tiit Salum, Katrin Reimand<br>Muudetud 06.03.2020<\/p>\n","protected":false},"excerpt":{"rendered":"<p>Kliinilise keemia ja laboratoorse hematoloogia osakond Normaalselt v\u00f5ib erituda seedetraktist v\u00e4ljaheitesse 0,5\u20131 mL verd \u00f6\u00f6p\u00e4evas. Vere hulga suurenemine esineb mitmesuguste gastrointestinaaltrakti haiguste puhul. Uuritav materjal, selle v\u00f5tmine, saatmine ja s\u00e4ilitamine Proovin\u00f5u Roojatops S\u00e4ilivus Toatemperatuuril kuni viis p\u00e4eva, +4 \u00b0C kuni seitse p\u00e4eva Anal\u00fc\u00fcsi tegemise aeg: \u00f6\u00f6p\u00e4evaringselt Anal\u00fc\u00fcsimeetod: immuunturbidimeetria Referentsv\u00e4\u00e4rtus K\u00f5ik vanusegrupid &lt; 15 \u03bcg\/g Tulemus [&hellip;]<\/p>\n","protected":false},"author":38,"featured_media":0,"parent":7304,"menu_order":0,"comment_status":"closed","ping_status":"closed","template":"","meta":{"_uag_custom_page_level_css":"","footnotes":""},"class_list":["post-12440","page","type-page","status-publish","hentry"],"acf":[],"yoast_head":"<!-- This site is optimized with the Yoast SEO plugin v27.3 - https:\/\/yoast.com\/product\/yoast-seo-wordpress\/ -->\n<title>Peitveri roojas (hemoglobiin, kvantitatiivne) (St-Hb QN) - \u00dchendlabor<\/title>\n<meta name=\"robots\" content=\"index, follow, max-snippet:-1, max-image-preview:large, max-video-preview:-1\" \/>\n<link rel=\"canonical\" href=\"https:\/\/www.kliinikum.ee\/yhendlabor\/kasiraamat\/rooja-uuringud\/peitveri-roojas-hemoglobiin-kvantitatiivne-st-hb-qn\/\" \/>\n<meta property=\"og:locale\" content=\"et_EE\" \/>\n<meta property=\"og:type\" content=\"article\" \/>\n<meta property=\"og:title\" content=\"Peitveri roojas (hemoglobiin, kvantitatiivne) (St-Hb QN) - \u00dchendlabor\" \/>\n<meta property=\"og:description\" content=\"Kliinilise keemia ja laboratoorse hematoloogia osakond Normaalselt v\u00f5ib erituda seedetraktist v\u00e4ljaheitesse 0,5\u20131 mL verd \u00f6\u00f6p\u00e4evas. Vere hulga suurenemine esineb mitmesuguste gastrointestinaaltrakti haiguste puhul. Uuritav materjal, selle v\u00f5tmine, saatmine ja s\u00e4ilitamine Proovin\u00f5u Roojatops S\u00e4ilivus Toatemperatuuril kuni viis p\u00e4eva, +4 \u00b0C kuni seitse p\u00e4eva Anal\u00fc\u00fcsi tegemise aeg: \u00f6\u00f6p\u00e4evaringselt Anal\u00fc\u00fcsimeetod: immuunturbidimeetria Referentsv\u00e4\u00e4rtus K\u00f5ik vanusegrupid &lt; 15 \u03bcg\/g Tulemus [&hellip;]\" \/>\n<meta property=\"og:url\" content=\"https:\/\/www.kliinikum.ee\/yhendlabor\/kasiraamat\/rooja-uuringud\/peitveri-roojas-hemoglobiin-kvantitatiivne-st-hb-qn\/\" \/>\n<meta property=\"og:site_name\" content=\"\u00dchendlabor\" \/>\n<meta property=\"article:modified_time\" content=\"2025-12-10T22:01:53+00:00\" \/>\n<meta name=\"twitter:card\" content=\"summary_large_image\" \/>\n<meta name=\"twitter:label1\" content=\"Est. reading time\" \/>\n\t<meta name=\"twitter:data1\" content=\"1 minut\" \/>\n<script type=\"application\/ld+json\" class=\"yoast-schema-graph\">{\"@context\":\"https:\\\/\\\/schema.org\",\"@graph\":[{\"@type\":\"WebPage\",\"@id\":\"https:\\\/\\\/www.kliinikum.ee\\\/yhendlabor\\\/kasiraamat\\\/rooja-uuringud\\\/peitveri-roojas-hemoglobiin-kvantitatiivne-st-hb-qn\\\/\",\"url\":\"https:\\\/\\\/www.kliinikum.ee\\\/yhendlabor\\\/kasiraamat\\\/rooja-uuringud\\\/peitveri-roojas-hemoglobiin-kvantitatiivne-st-hb-qn\\\/\",\"name\":\"Peitveri roojas (hemoglobiin, kvantitatiivne) (St-Hb QN) - \u00dchendlabor\",\"isPartOf\":{\"@id\":\"https:\\\/\\\/www.kliinikum.ee\\\/yhendlabor\\\/#website\"},\"datePublished\":\"2025-07-30T15:15:51+00:00\",\"dateModified\":\"2025-12-10T22:01:53+00:00\",\"breadcrumb\":{\"@id\":\"https:\\\/\\\/www.kliinikum.ee\\\/yhendlabor\\\/kasiraamat\\\/rooja-uuringud\\\/peitveri-roojas-hemoglobiin-kvantitatiivne-st-hb-qn\\\/#breadcrumb\"},\"inLanguage\":\"et\",\"potentialAction\":[{\"@type\":\"ReadAction\",\"target\":[\"https:\\\/\\\/www.kliinikum.ee\\\/yhendlabor\\\/kasiraamat\\\/rooja-uuringud\\\/peitveri-roojas-hemoglobiin-kvantitatiivne-st-hb-qn\\\/\"]}]},{\"@type\":\"BreadcrumbList\",\"@id\":\"https:\\\/\\\/www.kliinikum.ee\\\/yhendlabor\\\/kasiraamat\\\/rooja-uuringud\\\/peitveri-roojas-hemoglobiin-kvantitatiivne-st-hb-qn\\\/#breadcrumb\",\"itemListElement\":[{\"@type\":\"ListItem\",\"position\":1,\"name\":\"Home\",\"item\":\"https:\\\/\\\/www.kliinikum.ee\\\/yhendlabor\\\/\"},{\"@type\":\"ListItem\",\"position\":2,\"name\":\"K\u00e4siraamat\",\"item\":\"https:\\\/\\\/www.kliinikum.ee\\\/yhendlabor\\\/kasiraamat\\\/\"},{\"@type\":\"ListItem\",\"position\":3,\"name\":\"Rooja uuringud\",\"item\":\"https:\\\/\\\/www.kliinikum.ee\\\/yhendlabor\\\/kasiraamat\\\/rooja-uuringud\\\/\"},{\"@type\":\"ListItem\",\"position\":4,\"name\":\"Peitveri roojas (hemoglobiin, kvantitatiivne) (St-Hb QN)\"}]},{\"@type\":\"WebSite\",\"@id\":\"https:\\\/\\\/www.kliinikum.ee\\\/yhendlabor\\\/#website\",\"url\":\"https:\\\/\\\/www.kliinikum.ee\\\/yhendlabor\\\/\",\"name\":\"\u00dchendlabor\",\"description\":\"Hoolivus, Uuendusmeelsus, P\u00e4devus ja Usaldusv\u00e4\u00e4rsus\",\"potentialAction\":[{\"@type\":\"SearchAction\",\"target\":{\"@type\":\"EntryPoint\",\"urlTemplate\":\"https:\\\/\\\/www.kliinikum.ee\\\/yhendlabor\\\/?s={search_term_string}\"},\"query-input\":{\"@type\":\"PropertyValueSpecification\",\"valueRequired\":true,\"valueName\":\"search_term_string\"}}],\"inLanguage\":\"et\"}]}<\/script>\n<!-- \/ Yoast SEO plugin. -->","yoast_head_json":{"title":"Peitveri roojas (hemoglobiin, kvantitatiivne) (St-Hb QN) - \u00dchendlabor","robots":{"index":"index","follow":"follow","max-snippet":"max-snippet:-1","max-image-preview":"max-image-preview:large","max-video-preview":"max-video-preview:-1"},"canonical":"https:\/\/www.kliinikum.ee\/yhendlabor\/kasiraamat\/rooja-uuringud\/peitveri-roojas-hemoglobiin-kvantitatiivne-st-hb-qn\/","og_locale":"et_EE","og_type":"article","og_title":"Peitveri roojas (hemoglobiin, kvantitatiivne) (St-Hb QN) - \u00dchendlabor","og_description":"Kliinilise keemia ja laboratoorse hematoloogia osakond Normaalselt v\u00f5ib erituda seedetraktist v\u00e4ljaheitesse 0,5\u20131 mL verd \u00f6\u00f6p\u00e4evas. Vere hulga suurenemine esineb mitmesuguste gastrointestinaaltrakti haiguste puhul. Uuritav materjal, selle v\u00f5tmine, saatmine ja s\u00e4ilitamine Proovin\u00f5u Roojatops S\u00e4ilivus Toatemperatuuril kuni viis p\u00e4eva, +4 \u00b0C kuni seitse p\u00e4eva Anal\u00fc\u00fcsi tegemise aeg: \u00f6\u00f6p\u00e4evaringselt Anal\u00fc\u00fcsimeetod: immuunturbidimeetria Referentsv\u00e4\u00e4rtus K\u00f5ik vanusegrupid &lt; 15 \u03bcg\/g Tulemus [&hellip;]","og_url":"https:\/\/www.kliinikum.ee\/yhendlabor\/kasiraamat\/rooja-uuringud\/peitveri-roojas-hemoglobiin-kvantitatiivne-st-hb-qn\/","og_site_name":"\u00dchendlabor","article_modified_time":"2025-12-10T22:01:53+00:00","twitter_card":"summary_large_image","twitter_misc":{"Est. reading time":"1 minut"},"schema":{"@context":"https:\/\/schema.org","@graph":[{"@type":"WebPage","@id":"https:\/\/www.kliinikum.ee\/yhendlabor\/kasiraamat\/rooja-uuringud\/peitveri-roojas-hemoglobiin-kvantitatiivne-st-hb-qn\/","url":"https:\/\/www.kliinikum.ee\/yhendlabor\/kasiraamat\/rooja-uuringud\/peitveri-roojas-hemoglobiin-kvantitatiivne-st-hb-qn\/","name":"Peitveri roojas (hemoglobiin, kvantitatiivne) (St-Hb QN) - \u00dchendlabor","isPartOf":{"@id":"https:\/\/www.kliinikum.ee\/yhendlabor\/#website"},"datePublished":"2025-07-30T15:15:51+00:00","dateModified":"2025-12-10T22:01:53+00:00","breadcrumb":{"@id":"https:\/\/www.kliinikum.ee\/yhendlabor\/kasiraamat\/rooja-uuringud\/peitveri-roojas-hemoglobiin-kvantitatiivne-st-hb-qn\/#breadcrumb"},"inLanguage":"et","potentialAction":[{"@type":"ReadAction","target":["https:\/\/www.kliinikum.ee\/yhendlabor\/kasiraamat\/rooja-uuringud\/peitveri-roojas-hemoglobiin-kvantitatiivne-st-hb-qn\/"]}]},{"@type":"BreadcrumbList","@id":"https:\/\/www.kliinikum.ee\/yhendlabor\/kasiraamat\/rooja-uuringud\/peitveri-roojas-hemoglobiin-kvantitatiivne-st-hb-qn\/#breadcrumb","itemListElement":[{"@type":"ListItem","position":1,"name":"Home","item":"https:\/\/www.kliinikum.ee\/yhendlabor\/"},{"@type":"ListItem","position":2,"name":"K\u00e4siraamat","item":"https:\/\/www.kliinikum.ee\/yhendlabor\/kasiraamat\/"},{"@type":"ListItem","position":3,"name":"Rooja uuringud","item":"https:\/\/www.kliinikum.ee\/yhendlabor\/kasiraamat\/rooja-uuringud\/"},{"@type":"ListItem","position":4,"name":"Peitveri roojas (hemoglobiin, kvantitatiivne) (St-Hb QN)"}]},{"@type":"WebSite","@id":"https:\/\/www.kliinikum.ee\/yhendlabor\/#website","url":"https:\/\/www.kliinikum.ee\/yhendlabor\/","name":"\u00dchendlabor","description":"Hoolivus, Uuendusmeelsus, P\u00e4devus ja Usaldusv\u00e4\u00e4rsus","potentialAction":[{"@type":"SearchAction","target":{"@type":"EntryPoint","urlTemplate":"https:\/\/www.kliinikum.ee\/yhendlabor\/?s={search_term_string}"},"query-input":{"@type":"PropertyValueSpecification","valueRequired":true,"valueName":"search_term_string"}}],"inLanguage":"et"}]}},"uagb_featured_image_src":{"full":false,"thumbnail":false,"medium":false,"medium_large":false,"large":false,"1536x1536":false,"2048x2048":false},"uagb_author_info":{"display_name":"Kadi Siigur","author_link":"https:\/\/www.kliinikum.ee\/yhendlabor\/author\/kadisi\/"},"uagb_comment_info":0,"uagb_excerpt":"Kliinilise keemia ja laboratoorse hematoloogia osakond Normaalselt v\u00f5ib erituda seedetraktist v\u00e4ljaheitesse 0,5\u20131 mL verd \u00f6\u00f6p\u00e4evas. Vere hulga suurenemine esineb mitmesuguste gastrointestinaaltrakti haiguste puhul. Uuritav materjal, selle v\u00f5tmine, saatmine ja s\u00e4ilitamine Proovin\u00f5u Roojatops S\u00e4ilivus Toatemperatuuril kuni viis p\u00e4eva, +4 \u00b0C kuni seitse p\u00e4eva Anal\u00fc\u00fcsi tegemise aeg: \u00f6\u00f6p\u00e4evaringselt Anal\u00fc\u00fcsimeetod: immuunturbidimeetria Referentsv\u00e4\u00e4rtus K\u00f5ik vanusegrupid &lt; 15 \u03bcg\/g Tulemus&hellip;","_links":{"self":[{"href":"https:\/\/www.kliinikum.ee\/yhendlabor\/wp-json\/wp\/v2\/pages\/12440","targetHints":{"allow":["GET"]}}],"collection":[{"href":"https:\/\/www.kliinikum.ee\/yhendlabor\/wp-json\/wp\/v2\/pages"}],"about":[{"href":"https:\/\/www.kliinikum.ee\/yhendlabor\/wp-json\/wp\/v2\/types\/page"}],"author":[{"embeddable":true,"href":"https:\/\/www.kliinikum.ee\/yhendlabor\/wp-json\/wp\/v2\/users\/38"}],"replies":[{"embeddable":true,"href":"https:\/\/www.kliinikum.ee\/yhendlabor\/wp-json\/wp\/v2\/comments?post=12440"}],"version-history":[{"count":0,"href":"https:\/\/www.kliinikum.ee\/yhendlabor\/wp-json\/wp\/v2\/pages\/12440\/revisions"}],"up":[{"embeddable":true,"href":"https:\/\/www.kliinikum.ee\/yhendlabor\/wp-json\/wp\/v2\/pages\/7304"}],"wp:attachment":[{"href":"https:\/\/www.kliinikum.ee\/yhendlabor\/wp-json\/wp\/v2\/media?parent=12440"}],"curies":[{"name":"wp","href":"https:\/\/api.w.org\/{rel}","templated":true}]}}