{"id":12448,"date":"2025-07-30T17:40:50","date_gmt":"2025-07-30T15:40:50","guid":{"rendered":"https:\/\/www.kliinikum.ee\/yhendlabor\/?page_id=12448"},"modified":"2025-12-11T17:11:28","modified_gmt":"2025-12-11T15:11:28","slug":"amikatsiin-sp-amic","status":"publish","type":"page","link":"https:\/\/www.kliinikum.ee\/yhendlabor\/kasiraamat\/ravimiseire-uuringud\/amikatsiin-sp-amic\/","title":{"rendered":"Amikatsiin (S,P-Amic)"},"content":{"rendered":"\n<p><em>Kliinilise keemia ja laboratoorse hematoloogia osakond<\/em><\/p>\n\n\n\n<p><strong>Amikatsiin <\/strong>on aminogl\u00fckosiid, mis on efektiivne eesk\u00e4tt gramnegatiivsete infektsioonide ravis, aga ka grampositiivsete infektsioonide (nt staf\u00fclokokk-infektsioonide) korral, eriti kombinatsioonis koos teiste antibiootikumidega. Amikatsiin imendub seedetraktist halvasti, seet\u00f5ttu manustatakse teda parenteraalselt. Ravim ei seostu plasmavalkudega (seostuvus kuni 11%). Eritatakse neerude kaudu. Poolv\u00e4\u00e4rtusaeg t\u00e4iskasvanutel on pisut \u00fcle kahe tunni, neerufunktsiooni kahjustuse puhul pikem. Vasts\u00fcndinutel ning eriti enneaegsetel on amikatsiini eliminatsioon neerude kaudu v\u00e4iksem.<\/p>\n\n\n\n<p>Amikatsiin l\u00e4bib platsentaarbarj\u00e4\u00e4ri ning eritub rinnapiima.<\/p>\n\n\n\n<p>Sarnaselt teistele aminogl\u00fckosiididele v\u00f5ib ka amikatsiin p\u00f5hjustada ototoksilisust ja nefrotoksilisust. Neid toksilisi ilminguid on t\u00e4heldatud sagedamini neerukahjustusega haigetel, teiste ototoksiliste v\u00f5i nefrotoksiliste ravimite samaaegsel manustamisel ning soovitatust pikemaaegse ravi v\u00f5i suuremate annuste korral.<\/p>\n\n\n\n<p class=\"has-medium-font-size\"><strong>Uuritav materjal, selle v\u00f5tmine, saatmine ja s\u00e4ilitamine<\/strong><\/p>\n\n\n\n<p><em>Tippkontsentratsiooni<\/em> m\u00e4\u00e4ramiseks on soovitatav v\u00f5tta proov 30 min p\u00e4rast infusiooni l\u00f5ppu.<\/p>\n\n\n\n<p><em>Baaskontsentratsiooni <\/em>m\u00e4\u00e4ramiseks v\u00f5tta proov vahetult enne j\u00e4rgmist doosi.<\/p>\n\n\n\n<p>NB! Proovi ei ole lubatud v\u00f5tta sellest veenist, kuhu manustati ravim.<\/p>\n\n\n\n<figure class=\"wp-block-table is-style-stripes\"><table width=\"100%\"><tbody><tr><td width=\"1%\"><\/td><td width=\"15%\"><strong>Katsuti<\/strong><\/td><td width=\"84%\">Geeli ja h\u00fc\u00fcbimisaktivaatoriga katsuti (punane kollase r\u00f5ngaga v\u00f5i kollane kork) v\u00f5i geeliga LH-katsuti (roheline kollase r\u00f5ngaga v\u00f5i heleroheline kork)\u00a0<\/td><\/tr><tr><td><\/td><td><strong>S\u00e4ilivus<\/strong><\/td><td>Seerum\/plasma toatemperatuuril kaheksa tundi, +4 \u00b0C kaks p\u00e4eva, -20 \u00b0C neli n\u00e4dalat.<\/td><\/tr><\/tbody><\/table><\/figure>\n\n\n\n<p class=\"has-medium-font-size\"><strong>Anal\u00fc\u00fcsi tegemise aeg: <\/strong>\u00f6\u00f6p\u00e4evaringselt<\/p>\n\n\n\n<p class=\"has-medium-font-size\"><strong>Anal\u00fc\u00fcsimeetod: <\/strong>mikropartiklite kineetilise interaktsiooni meetod (KIMS)<\/p>\n\n\n\n<p class=\"has-medium-font-size\"><strong>Referentsv\u00e4\u00e4rtused<\/strong><\/p>\n\n\n\n<figure class=\"wp-block-table\"><table width=\"100%\"><tbody><tr><td width=\"1%\"><\/td><td width=\"29%\"><strong>K\u00f5ik vanusegrupid<\/strong><\/td><td width=\"30%\">Baaskontsentratsioon<\/td><td width=\"20%\">Terapeutiline<\/td><td width=\"20%\">5\u201310 mg\/L<\/td><\/tr><tr><td><\/td><td>&nbsp;<\/td><td>&nbsp;<\/td><td>Toksiline<\/td><td>&gt; 10 mg\/L<\/td><\/tr><tr><td><\/td><td>&nbsp;<\/td><td>Tippkontsentratsioon<\/td><td>Terapeutiline<\/td><td>20\u201325 mg\/L<\/td><\/tr><tr><td><\/td><td>&nbsp;<\/td><td>&nbsp;<\/td><td>Toksiline<\/td><td>&gt; 35 mg\/L<\/td><\/tr><\/tbody><\/table><\/figure>\n\n\n\n<p class=\"has-medium-font-size\"><strong>N\u00e4idustus ja kliiniline t\u00e4hendus<\/strong><\/p>\n\n\n\n<p>Amikatsiinravi j\u00e4lgimine.<\/p>\n\n\n\n<p>Baaskontsentratsiooni tasapisi suurenevad v\u00e4\u00e4rtused n\u00e4itavad ravimi akumulatsiooni. Baaskontsentratsiooni pikemaajaline p\u00fcsimine &gt; 10 mg\/L ning tippkontsentratsiooni kestvam p\u00fcsimine &gt; 35 mg\/L v\u00f5ivad p\u00f5hjustada neerukahjustust ja VIII kraniaaln\u00e4rvi kahjustust. Kui tippkontsentratsioon j\u00e4\u00e4b &lt; 20 mg\/L, ei pruugi ravi olla efektiivne.<\/p>\n\n\n\n<p>Neerukahjustusega patsientidel tuleb ravi ajal pidevalt j\u00e4lgida neerufunktsiooni n\u00e4itajaid ja nende alusel korrigeerida ravimi annust.<\/p>\n\n\n\n<p>Koostajad: Ene Ora, Kaja Vaagen<br>Muudetud 19.01.2023<\/p>\n","protected":false},"excerpt":{"rendered":"<p>Kliinilise keemia ja laboratoorse hematoloogia osakond Amikatsiin on aminogl\u00fckosiid, mis on efektiivne eesk\u00e4tt gramnegatiivsete infektsioonide ravis, aga ka grampositiivsete infektsioonide (nt staf\u00fclokokk-infektsioonide) korral, eriti kombinatsioonis koos teiste antibiootikumidega. Amikatsiin imendub seedetraktist halvasti, seet\u00f5ttu manustatakse teda parenteraalselt. Ravim ei seostu plasmavalkudega (seostuvus kuni 11%). Eritatakse neerude kaudu. Poolv\u00e4\u00e4rtusaeg t\u00e4iskasvanutel on pisut \u00fcle kahe tunni, neerufunktsiooni kahjustuse [&hellip;]<\/p>\n","protected":false},"author":38,"featured_media":0,"parent":7301,"menu_order":2,"comment_status":"closed","ping_status":"closed","template":"","meta":{"_uag_custom_page_level_css":"","footnotes":""},"class_list":["post-12448","page","type-page","status-publish","hentry"],"acf":[],"yoast_head":"<!-- This site is optimized with the Yoast SEO plugin v27.3 - https:\/\/yoast.com\/product\/yoast-seo-wordpress\/ -->\n<title>Amikatsiin (S,P-Amic) - \u00dchendlabor<\/title>\n<meta name=\"robots\" content=\"index, follow, max-snippet:-1, max-image-preview:large, max-video-preview:-1\" \/>\n<link rel=\"canonical\" href=\"https:\/\/www.kliinikum.ee\/yhendlabor\/kasiraamat\/ravimiseire-uuringud\/amikatsiin-sp-amic\/\" \/>\n<meta property=\"og:locale\" content=\"et_EE\" \/>\n<meta property=\"og:type\" content=\"article\" \/>\n<meta property=\"og:title\" content=\"Amikatsiin (S,P-Amic) - \u00dchendlabor\" \/>\n<meta property=\"og:description\" content=\"Kliinilise keemia ja laboratoorse hematoloogia osakond Amikatsiin on aminogl\u00fckosiid, mis on efektiivne eesk\u00e4tt gramnegatiivsete infektsioonide ravis, aga ka grampositiivsete infektsioonide (nt staf\u00fclokokk-infektsioonide) korral, eriti kombinatsioonis koos teiste antibiootikumidega. Amikatsiin imendub seedetraktist halvasti, seet\u00f5ttu manustatakse teda parenteraalselt. Ravim ei seostu plasmavalkudega (seostuvus kuni 11%). Eritatakse neerude kaudu. Poolv\u00e4\u00e4rtusaeg t\u00e4iskasvanutel on pisut \u00fcle kahe tunni, neerufunktsiooni kahjustuse [&hellip;]\" \/>\n<meta property=\"og:url\" content=\"https:\/\/www.kliinikum.ee\/yhendlabor\/kasiraamat\/ravimiseire-uuringud\/amikatsiin-sp-amic\/\" \/>\n<meta property=\"og:site_name\" content=\"\u00dchendlabor\" \/>\n<meta property=\"article:modified_time\" content=\"2025-12-11T15:11:28+00:00\" \/>\n<meta name=\"twitter:card\" content=\"summary_large_image\" \/>\n<meta name=\"twitter:label1\" content=\"Est. reading time\" \/>\n\t<meta name=\"twitter:data1\" content=\"2 minutit\" \/>\n<script type=\"application\/ld+json\" class=\"yoast-schema-graph\">{\"@context\":\"https:\\\/\\\/schema.org\",\"@graph\":[{\"@type\":\"WebPage\",\"@id\":\"https:\\\/\\\/www.kliinikum.ee\\\/yhendlabor\\\/kasiraamat\\\/ravimiseire-uuringud\\\/amikatsiin-sp-amic\\\/\",\"url\":\"https:\\\/\\\/www.kliinikum.ee\\\/yhendlabor\\\/kasiraamat\\\/ravimiseire-uuringud\\\/amikatsiin-sp-amic\\\/\",\"name\":\"Amikatsiin (S,P-Amic) - \u00dchendlabor\",\"isPartOf\":{\"@id\":\"https:\\\/\\\/www.kliinikum.ee\\\/yhendlabor\\\/#website\"},\"datePublished\":\"2025-07-30T15:40:50+00:00\",\"dateModified\":\"2025-12-11T15:11:28+00:00\",\"breadcrumb\":{\"@id\":\"https:\\\/\\\/www.kliinikum.ee\\\/yhendlabor\\\/kasiraamat\\\/ravimiseire-uuringud\\\/amikatsiin-sp-amic\\\/#breadcrumb\"},\"inLanguage\":\"et\",\"potentialAction\":[{\"@type\":\"ReadAction\",\"target\":[\"https:\\\/\\\/www.kliinikum.ee\\\/yhendlabor\\\/kasiraamat\\\/ravimiseire-uuringud\\\/amikatsiin-sp-amic\\\/\"]}]},{\"@type\":\"BreadcrumbList\",\"@id\":\"https:\\\/\\\/www.kliinikum.ee\\\/yhendlabor\\\/kasiraamat\\\/ravimiseire-uuringud\\\/amikatsiin-sp-amic\\\/#breadcrumb\",\"itemListElement\":[{\"@type\":\"ListItem\",\"position\":1,\"name\":\"Home\",\"item\":\"https:\\\/\\\/www.kliinikum.ee\\\/yhendlabor\\\/\"},{\"@type\":\"ListItem\",\"position\":2,\"name\":\"K\u00e4siraamat\",\"item\":\"https:\\\/\\\/www.kliinikum.ee\\\/yhendlabor\\\/kasiraamat\\\/\"},{\"@type\":\"ListItem\",\"position\":3,\"name\":\"Ravimiseire uuringud\",\"item\":\"https:\\\/\\\/www.kliinikum.ee\\\/yhendlabor\\\/kasiraamat\\\/ravimiseire-uuringud\\\/\"},{\"@type\":\"ListItem\",\"position\":4,\"name\":\"Amikatsiin (S,P-Amic)\"}]},{\"@type\":\"WebSite\",\"@id\":\"https:\\\/\\\/www.kliinikum.ee\\\/yhendlabor\\\/#website\",\"url\":\"https:\\\/\\\/www.kliinikum.ee\\\/yhendlabor\\\/\",\"name\":\"\u00dchendlabor\",\"description\":\"Hoolivus, Uuendusmeelsus, P\u00e4devus ja Usaldusv\u00e4\u00e4rsus\",\"potentialAction\":[{\"@type\":\"SearchAction\",\"target\":{\"@type\":\"EntryPoint\",\"urlTemplate\":\"https:\\\/\\\/www.kliinikum.ee\\\/yhendlabor\\\/?s={search_term_string}\"},\"query-input\":{\"@type\":\"PropertyValueSpecification\",\"valueRequired\":true,\"valueName\":\"search_term_string\"}}],\"inLanguage\":\"et\"}]}<\/script>\n<!-- \/ Yoast SEO plugin. -->","yoast_head_json":{"title":"Amikatsiin (S,P-Amic) - \u00dchendlabor","robots":{"index":"index","follow":"follow","max-snippet":"max-snippet:-1","max-image-preview":"max-image-preview:large","max-video-preview":"max-video-preview:-1"},"canonical":"https:\/\/www.kliinikum.ee\/yhendlabor\/kasiraamat\/ravimiseire-uuringud\/amikatsiin-sp-amic\/","og_locale":"et_EE","og_type":"article","og_title":"Amikatsiin (S,P-Amic) - \u00dchendlabor","og_description":"Kliinilise keemia ja laboratoorse hematoloogia osakond Amikatsiin on aminogl\u00fckosiid, mis on efektiivne eesk\u00e4tt gramnegatiivsete infektsioonide ravis, aga ka grampositiivsete infektsioonide (nt staf\u00fclokokk-infektsioonide) korral, eriti kombinatsioonis koos teiste antibiootikumidega. Amikatsiin imendub seedetraktist halvasti, seet\u00f5ttu manustatakse teda parenteraalselt. Ravim ei seostu plasmavalkudega (seostuvus kuni 11%). Eritatakse neerude kaudu. Poolv\u00e4\u00e4rtusaeg t\u00e4iskasvanutel on pisut \u00fcle kahe tunni, neerufunktsiooni kahjustuse [&hellip;]","og_url":"https:\/\/www.kliinikum.ee\/yhendlabor\/kasiraamat\/ravimiseire-uuringud\/amikatsiin-sp-amic\/","og_site_name":"\u00dchendlabor","article_modified_time":"2025-12-11T15:11:28+00:00","twitter_card":"summary_large_image","twitter_misc":{"Est. reading time":"2 minutit"},"schema":{"@context":"https:\/\/schema.org","@graph":[{"@type":"WebPage","@id":"https:\/\/www.kliinikum.ee\/yhendlabor\/kasiraamat\/ravimiseire-uuringud\/amikatsiin-sp-amic\/","url":"https:\/\/www.kliinikum.ee\/yhendlabor\/kasiraamat\/ravimiseire-uuringud\/amikatsiin-sp-amic\/","name":"Amikatsiin (S,P-Amic) - \u00dchendlabor","isPartOf":{"@id":"https:\/\/www.kliinikum.ee\/yhendlabor\/#website"},"datePublished":"2025-07-30T15:40:50+00:00","dateModified":"2025-12-11T15:11:28+00:00","breadcrumb":{"@id":"https:\/\/www.kliinikum.ee\/yhendlabor\/kasiraamat\/ravimiseire-uuringud\/amikatsiin-sp-amic\/#breadcrumb"},"inLanguage":"et","potentialAction":[{"@type":"ReadAction","target":["https:\/\/www.kliinikum.ee\/yhendlabor\/kasiraamat\/ravimiseire-uuringud\/amikatsiin-sp-amic\/"]}]},{"@type":"BreadcrumbList","@id":"https:\/\/www.kliinikum.ee\/yhendlabor\/kasiraamat\/ravimiseire-uuringud\/amikatsiin-sp-amic\/#breadcrumb","itemListElement":[{"@type":"ListItem","position":1,"name":"Home","item":"https:\/\/www.kliinikum.ee\/yhendlabor\/"},{"@type":"ListItem","position":2,"name":"K\u00e4siraamat","item":"https:\/\/www.kliinikum.ee\/yhendlabor\/kasiraamat\/"},{"@type":"ListItem","position":3,"name":"Ravimiseire uuringud","item":"https:\/\/www.kliinikum.ee\/yhendlabor\/kasiraamat\/ravimiseire-uuringud\/"},{"@type":"ListItem","position":4,"name":"Amikatsiin (S,P-Amic)"}]},{"@type":"WebSite","@id":"https:\/\/www.kliinikum.ee\/yhendlabor\/#website","url":"https:\/\/www.kliinikum.ee\/yhendlabor\/","name":"\u00dchendlabor","description":"Hoolivus, Uuendusmeelsus, P\u00e4devus ja Usaldusv\u00e4\u00e4rsus","potentialAction":[{"@type":"SearchAction","target":{"@type":"EntryPoint","urlTemplate":"https:\/\/www.kliinikum.ee\/yhendlabor\/?s={search_term_string}"},"query-input":{"@type":"PropertyValueSpecification","valueRequired":true,"valueName":"search_term_string"}}],"inLanguage":"et"}]}},"uagb_featured_image_src":{"full":false,"thumbnail":false,"medium":false,"medium_large":false,"large":false,"1536x1536":false,"2048x2048":false},"uagb_author_info":{"display_name":"Kadi Siigur","author_link":"https:\/\/www.kliinikum.ee\/yhendlabor\/author\/kadisi\/"},"uagb_comment_info":0,"uagb_excerpt":"Kliinilise keemia ja laboratoorse hematoloogia osakond Amikatsiin on aminogl\u00fckosiid, mis on efektiivne eesk\u00e4tt gramnegatiivsete infektsioonide ravis, aga ka grampositiivsete infektsioonide (nt staf\u00fclokokk-infektsioonide) korral, eriti kombinatsioonis koos teiste antibiootikumidega. Amikatsiin imendub seedetraktist halvasti, seet\u00f5ttu manustatakse teda parenteraalselt. Ravim ei seostu plasmavalkudega (seostuvus kuni 11%). Eritatakse neerude kaudu. Poolv\u00e4\u00e4rtusaeg t\u00e4iskasvanutel on pisut \u00fcle kahe tunni, neerufunktsiooni kahjustuse&hellip;","_links":{"self":[{"href":"https:\/\/www.kliinikum.ee\/yhendlabor\/wp-json\/wp\/v2\/pages\/12448","targetHints":{"allow":["GET"]}}],"collection":[{"href":"https:\/\/www.kliinikum.ee\/yhendlabor\/wp-json\/wp\/v2\/pages"}],"about":[{"href":"https:\/\/www.kliinikum.ee\/yhendlabor\/wp-json\/wp\/v2\/types\/page"}],"author":[{"embeddable":true,"href":"https:\/\/www.kliinikum.ee\/yhendlabor\/wp-json\/wp\/v2\/users\/38"}],"replies":[{"embeddable":true,"href":"https:\/\/www.kliinikum.ee\/yhendlabor\/wp-json\/wp\/v2\/comments?post=12448"}],"version-history":[{"count":0,"href":"https:\/\/www.kliinikum.ee\/yhendlabor\/wp-json\/wp\/v2\/pages\/12448\/revisions"}],"up":[{"embeddable":true,"href":"https:\/\/www.kliinikum.ee\/yhendlabor\/wp-json\/wp\/v2\/pages\/7301"}],"wp:attachment":[{"href":"https:\/\/www.kliinikum.ee\/yhendlabor\/wp-json\/wp\/v2\/media?parent=12448"}],"curies":[{"name":"wp","href":"https:\/\/api.w.org\/{rel}","templated":true}]}}