{"id":12456,"date":"2025-07-30T17:54:48","date_gmt":"2025-07-30T15:54:48","guid":{"rendered":"https:\/\/www.kliinikum.ee\/yhendlabor\/?page_id=12456"},"modified":"2025-12-11T17:14:07","modified_gmt":"2025-12-11T15:14:07","slug":"bensodiasepiinid-alprasolaam-bromasepaam-diasepaam-klonasepaam","status":"publish","type":"page","link":"https:\/\/www.kliinikum.ee\/yhendlabor\/kasiraamat\/ravimiseire-uuringud\/bensodiasepiinid-alprasolaam-bromasepaam-diasepaam-klonasepaam\/","title":{"rendered":"Bensodiasepiinid (alprasolaam, bromasepaam, diasepaam, klonasepaam)\u00a0"},"content":{"rendered":"\n<p><em>Kliinilise keemia ja laboratoorse hematoloogia osakond<\/em><\/p>\n\n\n\n<p><strong>Bensodiasepiinid <\/strong>on struktuurilt sarnaste ravimite r\u00fchm, mida kasutatakse trankvilisaatoritena, anksiol\u00fc\u00fctikumidena, unerohtudena, epilepsiavastaste ravimitena ja tsentraalsete lihasrelaksantidena. Veres seonduvad enamasti mittespetsiifiliselt plasmaproteiinidega ning metaboliseeritakse maksas. Nende tarvitamisel esineb suhteliselt sageli tahtmatut v\u00f5i tahtlikku \u00fcleannustamist.<\/p>\n\n\n\n<p>Bensodiasepiinide kasutamisega v\u00f5ib kaasneda ps\u00fc\u00fchiline ja f\u00fc\u00fcsiline s\u00f5ltuvus. S\u00f5ltuvuse teke on seda t\u00f5en\u00e4olisem, mida suurem on annus ja mida kestvam on ravi. S\u00f5ltuvuse riski suurendab samaaegne s\u00f5ltuvus alkoholist v\u00f5i narkootilistest ainetest. F\u00fc\u00fcsilise s\u00f5ltuvuse korral kaasnevad ravi l\u00f5petamisega \u00e4raj\u00e4tun\u00e4hud. Ajutised v\u00f5\u00f5rutusn\u00e4hud v\u00f5ivad tekkida ka l\u00fchiajalise ravi j\u00e4rsul katkestamisel (tagasil\u00f6\u00f6gi-fenomen), mille tulemusena v\u00f5ivad tugevneda bensodiasepiinravi n\u00e4idustuseks olnud s\u00fcmptomid.<\/p>\n\n\n\n<p>Bensodiasepiinide \u00fcledoseeringule on iseloomulikud somnolentsus, segasus, ataksia, d\u00fcsartria ja lihasn\u00f5rkus, v\u00e4ga suurte dooside puhul verer\u00f5hu langus, hingamise p\u00e4rssimine ja kooma. Alkohol tugevdab bensodiasepiinide toimet.<\/p>\n\n\n\n<p class=\"has-medium-font-size\"><strong>Uuritav materjal, selle v\u00f5tmine, saatmine ja s\u00e4ilitamine<\/strong><\/p>\n\n\n\n<figure class=\"wp-block-table is-style-stripes\"><table width=\"100%\"><tbody><tr><td width=\"1%\"><\/td><td width=\"15%\"><strong>Katsuti<\/strong><\/td><td width=\"84%\">K2E\/K3E-katsuti (lilla kork)<\/td><\/tr><tr><td><\/td><td><strong>S\u00e4ilivus<\/strong><\/td><td>Plasma valguse eest kaitstuna +4 \u00b0C \u00fcks \u00f6\u00f6p\u00e4ev, -20 \u00b0C pikemat aega<\/td><\/tr><\/tbody><\/table><\/figure>\n\n\n\n<p class=\"has-medium-font-size\"><strong>Anal\u00fc\u00fcsi tegemise aeg:<\/strong> kord n\u00e4dalas<\/p>\n\n\n\n<p class=\"has-medium-font-size\"><strong>Anal\u00fc\u00fcsimeetod:<\/strong> vedelikkromatograafia-massispektromeetria (LC-MS\/MS)<\/p>\n\n\n\n<p class=\"has-medium-font-size\"><strong>Referentsv\u00e4\u00e4rtused<\/strong><\/p>\n\n\n\n<p>Erinevate bensodiasepiinide terapeutilised ja toksilised kontsentratsioonid on erinevad.<\/p>\n\n\n\n<figure class=\"wp-block-table\"><table width=\"100%\"><tbody><tr><td width=\"1%\"><\/td><td width=\"35%\">&nbsp;<\/td><td width=\"32%\"><strong>Terapeutiline kontsentratsioon<\/strong><\/td><td width=\"32%\"><strong>Toksiline kontsentratsioon<\/strong><\/td><\/tr><tr><td><\/td><td><strong>Alprasolaam<\/strong><\/td><td>5\u201350 \u00b5g\/L<\/td><td>&gt; 100 \u00b5g\/L<\/td><\/tr><tr><td><\/td><td><strong>Bromasepaam<\/strong><\/td><td>50\u2013200 \u00b5g\/L<\/td><td>&gt; 300 \u00b5g\/L<\/td><\/tr><tr><td><\/td><td><strong>Diasepaam + desmet\u00fc\u00fcldiasepaam (nordiasepaam)<\/strong><\/td><td>125\u20132500 \u00b5g\/L &nbsp; &nbsp;<\/td><td>&gt; 3000 \u00b5g\/L<\/td><\/tr><tr><td><\/td><td><strong>Klonasepaam<\/strong><\/td><td>10\u201380 \u00b5g\/L<\/td><td>&gt; 100 \u00b5g\/L<\/td><\/tr><\/tbody><\/table><\/figure>\n\n\n\n<p class=\"has-medium-font-size\"><strong>N\u00e4idustus ja kliiniline t\u00e4hendus<\/strong><\/p>\n\n\n\n<p>Bensodiasepiin-ravi j\u00e4lgimine. Kahtlus m\u00fcrgistusele bensodiasepiinidega v\u00f5i bensodiasepiinide kuritarvitamisele.<\/p>\n\n\n\n<p>Koostaja: Eliise-Rosalinda Ude<br>Koosatatud 04.06.2024<\/p>\n\n\n\n<p><\/p>\n","protected":false},"excerpt":{"rendered":"<p>Kliinilise keemia ja laboratoorse hematoloogia osakond Bensodiasepiinid on struktuurilt sarnaste ravimite r\u00fchm, mida kasutatakse trankvilisaatoritena, anksiol\u00fc\u00fctikumidena, unerohtudena, epilepsiavastaste ravimitena ja tsentraalsete lihasrelaksantidena. Veres seonduvad enamasti mittespetsiifiliselt plasmaproteiinidega ning metaboliseeritakse maksas. Nende tarvitamisel esineb suhteliselt sageli tahtmatut v\u00f5i tahtlikku \u00fcleannustamist. Bensodiasepiinide kasutamisega v\u00f5ib kaasneda ps\u00fc\u00fchiline ja f\u00fc\u00fcsiline s\u00f5ltuvus. S\u00f5ltuvuse teke on seda t\u00f5en\u00e4olisem, mida suurem on [&hellip;]<\/p>\n","protected":false},"author":38,"featured_media":0,"parent":7301,"menu_order":4,"comment_status":"closed","ping_status":"closed","template":"","meta":{"_uag_custom_page_level_css":"","footnotes":""},"class_list":["post-12456","page","type-page","status-publish","hentry"],"acf":[],"yoast_head":"<!-- This site is optimized with the Yoast SEO plugin v27.3 - https:\/\/yoast.com\/product\/yoast-seo-wordpress\/ -->\n<title>Bensodiasepiinid (alprasolaam, bromasepaam, diasepaam, klonasepaam)\u00a0 - \u00dchendlabor<\/title>\n<meta name=\"robots\" content=\"index, follow, max-snippet:-1, max-image-preview:large, max-video-preview:-1\" \/>\n<link rel=\"canonical\" href=\"https:\/\/www.kliinikum.ee\/yhendlabor\/kasiraamat\/ravimiseire-uuringud\/bensodiasepiinid-alprasolaam-bromasepaam-diasepaam-klonasepaam\/\" \/>\n<meta property=\"og:locale\" content=\"et_EE\" \/>\n<meta property=\"og:type\" content=\"article\" \/>\n<meta property=\"og:title\" content=\"Bensodiasepiinid (alprasolaam, bromasepaam, diasepaam, klonasepaam)\u00a0 - \u00dchendlabor\" \/>\n<meta property=\"og:description\" content=\"Kliinilise keemia ja laboratoorse hematoloogia osakond Bensodiasepiinid on struktuurilt sarnaste ravimite r\u00fchm, mida kasutatakse trankvilisaatoritena, anksiol\u00fc\u00fctikumidena, unerohtudena, epilepsiavastaste ravimitena ja tsentraalsete lihasrelaksantidena. Veres seonduvad enamasti mittespetsiifiliselt plasmaproteiinidega ning metaboliseeritakse maksas. Nende tarvitamisel esineb suhteliselt sageli tahtmatut v\u00f5i tahtlikku \u00fcleannustamist. Bensodiasepiinide kasutamisega v\u00f5ib kaasneda ps\u00fc\u00fchiline ja f\u00fc\u00fcsiline s\u00f5ltuvus. S\u00f5ltuvuse teke on seda t\u00f5en\u00e4olisem, mida suurem on [&hellip;]\" \/>\n<meta property=\"og:url\" content=\"https:\/\/www.kliinikum.ee\/yhendlabor\/kasiraamat\/ravimiseire-uuringud\/bensodiasepiinid-alprasolaam-bromasepaam-diasepaam-klonasepaam\/\" \/>\n<meta property=\"og:site_name\" content=\"\u00dchendlabor\" \/>\n<meta property=\"article:modified_time\" content=\"2025-12-11T15:14:07+00:00\" \/>\n<meta name=\"twitter:card\" content=\"summary_large_image\" \/>\n<meta name=\"twitter:label1\" content=\"Est. reading time\" \/>\n\t<meta name=\"twitter:data1\" content=\"2 minutit\" \/>\n<script type=\"application\/ld+json\" class=\"yoast-schema-graph\">{\"@context\":\"https:\\\/\\\/schema.org\",\"@graph\":[{\"@type\":\"WebPage\",\"@id\":\"https:\\\/\\\/www.kliinikum.ee\\\/yhendlabor\\\/kasiraamat\\\/ravimiseire-uuringud\\\/bensodiasepiinid-alprasolaam-bromasepaam-diasepaam-klonasepaam\\\/\",\"url\":\"https:\\\/\\\/www.kliinikum.ee\\\/yhendlabor\\\/kasiraamat\\\/ravimiseire-uuringud\\\/bensodiasepiinid-alprasolaam-bromasepaam-diasepaam-klonasepaam\\\/\",\"name\":\"Bensodiasepiinid (alprasolaam, bromasepaam, diasepaam, klonasepaam)\u00a0 - \u00dchendlabor\",\"isPartOf\":{\"@id\":\"https:\\\/\\\/www.kliinikum.ee\\\/yhendlabor\\\/#website\"},\"datePublished\":\"2025-07-30T15:54:48+00:00\",\"dateModified\":\"2025-12-11T15:14:07+00:00\",\"breadcrumb\":{\"@id\":\"https:\\\/\\\/www.kliinikum.ee\\\/yhendlabor\\\/kasiraamat\\\/ravimiseire-uuringud\\\/bensodiasepiinid-alprasolaam-bromasepaam-diasepaam-klonasepaam\\\/#breadcrumb\"},\"inLanguage\":\"et\",\"potentialAction\":[{\"@type\":\"ReadAction\",\"target\":[\"https:\\\/\\\/www.kliinikum.ee\\\/yhendlabor\\\/kasiraamat\\\/ravimiseire-uuringud\\\/bensodiasepiinid-alprasolaam-bromasepaam-diasepaam-klonasepaam\\\/\"]}]},{\"@type\":\"BreadcrumbList\",\"@id\":\"https:\\\/\\\/www.kliinikum.ee\\\/yhendlabor\\\/kasiraamat\\\/ravimiseire-uuringud\\\/bensodiasepiinid-alprasolaam-bromasepaam-diasepaam-klonasepaam\\\/#breadcrumb\",\"itemListElement\":[{\"@type\":\"ListItem\",\"position\":1,\"name\":\"Home\",\"item\":\"https:\\\/\\\/www.kliinikum.ee\\\/yhendlabor\\\/\"},{\"@type\":\"ListItem\",\"position\":2,\"name\":\"K\u00e4siraamat\",\"item\":\"https:\\\/\\\/www.kliinikum.ee\\\/yhendlabor\\\/kasiraamat\\\/\"},{\"@type\":\"ListItem\",\"position\":3,\"name\":\"Ravimiseire uuringud\",\"item\":\"https:\\\/\\\/www.kliinikum.ee\\\/yhendlabor\\\/kasiraamat\\\/ravimiseire-uuringud\\\/\"},{\"@type\":\"ListItem\",\"position\":4,\"name\":\"Bensodiasepiinid (alprasolaam, bromasepaam, diasepaam, klonasepaam)\u00a0\"}]},{\"@type\":\"WebSite\",\"@id\":\"https:\\\/\\\/www.kliinikum.ee\\\/yhendlabor\\\/#website\",\"url\":\"https:\\\/\\\/www.kliinikum.ee\\\/yhendlabor\\\/\",\"name\":\"\u00dchendlabor\",\"description\":\"Hoolivus, Uuendusmeelsus, P\u00e4devus ja Usaldusv\u00e4\u00e4rsus\",\"potentialAction\":[{\"@type\":\"SearchAction\",\"target\":{\"@type\":\"EntryPoint\",\"urlTemplate\":\"https:\\\/\\\/www.kliinikum.ee\\\/yhendlabor\\\/?s={search_term_string}\"},\"query-input\":{\"@type\":\"PropertyValueSpecification\",\"valueRequired\":true,\"valueName\":\"search_term_string\"}}],\"inLanguage\":\"et\"}]}<\/script>\n<!-- \/ Yoast SEO plugin. -->","yoast_head_json":{"title":"Bensodiasepiinid (alprasolaam, bromasepaam, diasepaam, klonasepaam)\u00a0 - \u00dchendlabor","robots":{"index":"index","follow":"follow","max-snippet":"max-snippet:-1","max-image-preview":"max-image-preview:large","max-video-preview":"max-video-preview:-1"},"canonical":"https:\/\/www.kliinikum.ee\/yhendlabor\/kasiraamat\/ravimiseire-uuringud\/bensodiasepiinid-alprasolaam-bromasepaam-diasepaam-klonasepaam\/","og_locale":"et_EE","og_type":"article","og_title":"Bensodiasepiinid (alprasolaam, bromasepaam, diasepaam, klonasepaam)\u00a0 - \u00dchendlabor","og_description":"Kliinilise keemia ja laboratoorse hematoloogia osakond Bensodiasepiinid on struktuurilt sarnaste ravimite r\u00fchm, mida kasutatakse trankvilisaatoritena, anksiol\u00fc\u00fctikumidena, unerohtudena, epilepsiavastaste ravimitena ja tsentraalsete lihasrelaksantidena. Veres seonduvad enamasti mittespetsiifiliselt plasmaproteiinidega ning metaboliseeritakse maksas. Nende tarvitamisel esineb suhteliselt sageli tahtmatut v\u00f5i tahtlikku \u00fcleannustamist. Bensodiasepiinide kasutamisega v\u00f5ib kaasneda ps\u00fc\u00fchiline ja f\u00fc\u00fcsiline s\u00f5ltuvus. S\u00f5ltuvuse teke on seda t\u00f5en\u00e4olisem, mida suurem on [&hellip;]","og_url":"https:\/\/www.kliinikum.ee\/yhendlabor\/kasiraamat\/ravimiseire-uuringud\/bensodiasepiinid-alprasolaam-bromasepaam-diasepaam-klonasepaam\/","og_site_name":"\u00dchendlabor","article_modified_time":"2025-12-11T15:14:07+00:00","twitter_card":"summary_large_image","twitter_misc":{"Est. reading time":"2 minutit"},"schema":{"@context":"https:\/\/schema.org","@graph":[{"@type":"WebPage","@id":"https:\/\/www.kliinikum.ee\/yhendlabor\/kasiraamat\/ravimiseire-uuringud\/bensodiasepiinid-alprasolaam-bromasepaam-diasepaam-klonasepaam\/","url":"https:\/\/www.kliinikum.ee\/yhendlabor\/kasiraamat\/ravimiseire-uuringud\/bensodiasepiinid-alprasolaam-bromasepaam-diasepaam-klonasepaam\/","name":"Bensodiasepiinid (alprasolaam, bromasepaam, diasepaam, klonasepaam)\u00a0 - \u00dchendlabor","isPartOf":{"@id":"https:\/\/www.kliinikum.ee\/yhendlabor\/#website"},"datePublished":"2025-07-30T15:54:48+00:00","dateModified":"2025-12-11T15:14:07+00:00","breadcrumb":{"@id":"https:\/\/www.kliinikum.ee\/yhendlabor\/kasiraamat\/ravimiseire-uuringud\/bensodiasepiinid-alprasolaam-bromasepaam-diasepaam-klonasepaam\/#breadcrumb"},"inLanguage":"et","potentialAction":[{"@type":"ReadAction","target":["https:\/\/www.kliinikum.ee\/yhendlabor\/kasiraamat\/ravimiseire-uuringud\/bensodiasepiinid-alprasolaam-bromasepaam-diasepaam-klonasepaam\/"]}]},{"@type":"BreadcrumbList","@id":"https:\/\/www.kliinikum.ee\/yhendlabor\/kasiraamat\/ravimiseire-uuringud\/bensodiasepiinid-alprasolaam-bromasepaam-diasepaam-klonasepaam\/#breadcrumb","itemListElement":[{"@type":"ListItem","position":1,"name":"Home","item":"https:\/\/www.kliinikum.ee\/yhendlabor\/"},{"@type":"ListItem","position":2,"name":"K\u00e4siraamat","item":"https:\/\/www.kliinikum.ee\/yhendlabor\/kasiraamat\/"},{"@type":"ListItem","position":3,"name":"Ravimiseire uuringud","item":"https:\/\/www.kliinikum.ee\/yhendlabor\/kasiraamat\/ravimiseire-uuringud\/"},{"@type":"ListItem","position":4,"name":"Bensodiasepiinid (alprasolaam, bromasepaam, diasepaam, klonasepaam)\u00a0"}]},{"@type":"WebSite","@id":"https:\/\/www.kliinikum.ee\/yhendlabor\/#website","url":"https:\/\/www.kliinikum.ee\/yhendlabor\/","name":"\u00dchendlabor","description":"Hoolivus, Uuendusmeelsus, P\u00e4devus ja Usaldusv\u00e4\u00e4rsus","potentialAction":[{"@type":"SearchAction","target":{"@type":"EntryPoint","urlTemplate":"https:\/\/www.kliinikum.ee\/yhendlabor\/?s={search_term_string}"},"query-input":{"@type":"PropertyValueSpecification","valueRequired":true,"valueName":"search_term_string"}}],"inLanguage":"et"}]}},"uagb_featured_image_src":{"full":false,"thumbnail":false,"medium":false,"medium_large":false,"large":false,"1536x1536":false,"2048x2048":false},"uagb_author_info":{"display_name":"Kadi Siigur","author_link":"https:\/\/www.kliinikum.ee\/yhendlabor\/author\/kadisi\/"},"uagb_comment_info":0,"uagb_excerpt":"Kliinilise keemia ja laboratoorse hematoloogia osakond Bensodiasepiinid on struktuurilt sarnaste ravimite r\u00fchm, mida kasutatakse trankvilisaatoritena, anksiol\u00fc\u00fctikumidena, unerohtudena, epilepsiavastaste ravimitena ja tsentraalsete lihasrelaksantidena. Veres seonduvad enamasti mittespetsiifiliselt plasmaproteiinidega ning metaboliseeritakse maksas. Nende tarvitamisel esineb suhteliselt sageli tahtmatut v\u00f5i tahtlikku \u00fcleannustamist. Bensodiasepiinide kasutamisega v\u00f5ib kaasneda ps\u00fc\u00fchiline ja f\u00fc\u00fcsiline s\u00f5ltuvus. S\u00f5ltuvuse teke on seda t\u00f5en\u00e4olisem, mida suurem on&hellip;","_links":{"self":[{"href":"https:\/\/www.kliinikum.ee\/yhendlabor\/wp-json\/wp\/v2\/pages\/12456","targetHints":{"allow":["GET"]}}],"collection":[{"href":"https:\/\/www.kliinikum.ee\/yhendlabor\/wp-json\/wp\/v2\/pages"}],"about":[{"href":"https:\/\/www.kliinikum.ee\/yhendlabor\/wp-json\/wp\/v2\/types\/page"}],"author":[{"embeddable":true,"href":"https:\/\/www.kliinikum.ee\/yhendlabor\/wp-json\/wp\/v2\/users\/38"}],"replies":[{"embeddable":true,"href":"https:\/\/www.kliinikum.ee\/yhendlabor\/wp-json\/wp\/v2\/comments?post=12456"}],"version-history":[{"count":0,"href":"https:\/\/www.kliinikum.ee\/yhendlabor\/wp-json\/wp\/v2\/pages\/12456\/revisions"}],"up":[{"embeddable":true,"href":"https:\/\/www.kliinikum.ee\/yhendlabor\/wp-json\/wp\/v2\/pages\/7301"}],"wp:attachment":[{"href":"https:\/\/www.kliinikum.ee\/yhendlabor\/wp-json\/wp\/v2\/media?parent=12456"}],"curies":[{"name":"wp","href":"https:\/\/api.w.org\/{rel}","templated":true}]}}