{"id":12460,"date":"2025-07-30T17:59:35","date_gmt":"2025-07-30T15:59:35","guid":{"rendered":"https:\/\/www.kliinikum.ee\/yhendlabor\/?page_id=12460"},"modified":"2025-12-11T17:15:22","modified_gmt":"2025-12-11T15:15:22","slug":"digoksiin-sp-digox","status":"publish","type":"page","link":"https:\/\/www.kliinikum.ee\/yhendlabor\/kasiraamat\/ravimiseire-uuringud\/digoksiin-sp-digox\/","title":{"rendered":"Digoksiin (S,P-Digox)"},"content":{"rendered":"\n<p><em>Kliinilise keemia ja laboratoorse hematoloogia osakond<\/em><\/p>\n\n\n\n<p><strong>Digoksiin <\/strong>on enimkasutatav s\u00fcdamegl\u00fckosiid. Seedetraktis imendub manustatud doosist 50\u201380%, osa inaktiveeritakse maos. Suukaudsel manustamisel saavutatakse maksimaalne kontsentratsioon seerumis 1\u20132 tunni j\u00e4rel. Seerumis on umbes 20% digoksiinist seotud plasmavalkudega, peamiselt albumiiniga. Digoksiini metabolism organismis on t\u00fchine, peamine osa (umbes 90%) eritub muutumatul kujul glomerulaarfiltratsiooni teel, olulist tubulaarset reabsorptsiooni ei toimu. \u00d6\u00f6p\u00e4evas eritub neerude kaudu umbes kolmandik digoksiinist ning poolv\u00e4\u00e4rtusaeg on t\u00e4iskasvanutel normaalse neerufunktsiooni korral 30\u201340 tundi. Digoksiini terapeutiline vahemik on k\u00fcllalt kitsas ja doseerimine on individuaalne. Sagedasemateks intoksikatsioonis\u00fcmptomiteks on ar\u00fctmiad, s\u00fcdame erutusjuhte h\u00e4ired, iiveldus, oksendamine.<\/p>\n\n\n\n<p class=\"has-medium-font-size\"><strong>Uuritav materjal, selle v\u00f5tmine, saatmine ja s\u00e4ilitamine<\/strong><\/p>\n\n\n\n<p>Proov tuleb v\u00f5tta vahetult enne j\u00e4rgmise ravimiannuse manustamist.<\/p>\n\n\n\n<figure class=\"wp-block-table is-style-stripes\"><table width=\"100%\"><tbody><tr><td width=\"1%\"><\/td><td width=\"15%\"><strong>Katsuti<\/strong><\/td><td width=\"84%\">Geeli ja h\u00fc\u00fcbimisaktivaatoriga katsuti (punane kollase r\u00f5ngaga v\u00f5i kollane kork) v\u00f5i geeliga LH-katsuti (roheline kollase r\u00f5ngaga v\u00f5i heleroheline kork)<\/td><\/tr><tr><td><\/td><td><strong>S\u00e4ilivus<\/strong><\/td><td>Seerum\/plasma toatemperatuuril seitse p\u00e4eva, +4 \u00b0C kaks n\u00e4dalat, -20 \u00b0C kuus kuud<\/td><\/tr><\/tbody><\/table><\/figure>\n\n\n\n<p class=\"has-medium-font-size\"><strong>Anal\u00fc\u00fcsi tegemise aeg: <\/strong>\u00f6\u00f6p\u00e4evaringselt<\/p>\n\n\n\n<p class=\"has-medium-font-size\"><strong>Anal\u00fc\u00fcsimeetod:<\/strong> elektrokemoluminestsents-immuunmeetod (ECLIA)<\/p>\n\n\n\n<p class=\"has-medium-font-size\"><strong>Referentsv\u00e4\u00e4rtused<\/strong><\/p>\n\n\n\n<figure class=\"wp-block-table\"><table width=\"100%\"><tbody><tr><td width=\"1%\"><\/td><td width=\"33%\"><strong>\u2265 18 a<\/strong><\/td><td width=\"33%\">Terapeutiline<\/td><td width=\"33%\">0,5\u20130,8 \u00b5g\/L<\/td><\/tr><tr><td><\/td><td>&nbsp;<\/td><td>Toksiline<\/td><td>\u2265 1,2 \u00b5g\/L<\/td><\/tr><\/tbody><\/table><\/figure>\n\n\n\n<p class=\"has-medium-font-size\"><strong>N\u00e4idustus ja kliiniline t\u00e4hendus<\/strong><\/p>\n\n\n\n<p>Kahtlus digoksiinim\u00fcrgistusele. Optimaalse raviskeemi leidmine ja kontroll juhtudel, kus ravi ei anna ootusp\u00e4rast efekti (n\u00e4iteks imendumish\u00e4irete v\u00f5i neerupuudulikkuse korral v\u00f5i kui patsient ei j\u00e4rgi raviskeemi).<\/p>\n\n\n\n<p>Intoksikatsioonis\u00fcmptomid v\u00f5ivad elektrol\u00fc\u00fctide tasakaalu h\u00e4ire (h\u00fcpokaleemia) v\u00f5i ureemia puhul ilmneda ka madalamatel v\u00e4\u00e4rtustel. H\u00fcpoksia, h\u00fcperkaltseemia, h\u00fcpot\u00fcreoos, h\u00fcpomagneseemia ja atsidoos suurendavad organismi tundlikkust digoksiinile. Mitmed ravimid (n\u00e4iteks kinidiin, verapamiil, spironolaktoon, amiodaroon) pikendavad oluliselt digoksiini poolv\u00e4\u00e4rtusaega ja seega \u00fcledoseerimise riski.<\/p>\n\n\n\n<p>Koostajad: Ene Ora, Kaja Vaagen<br>Muudetud 15.03.2023<\/p>\n","protected":false},"excerpt":{"rendered":"<p>Kliinilise keemia ja laboratoorse hematoloogia osakond Digoksiin on enimkasutatav s\u00fcdamegl\u00fckosiid. Seedetraktis imendub manustatud doosist 50\u201380%, osa inaktiveeritakse maos. Suukaudsel manustamisel saavutatakse maksimaalne kontsentratsioon seerumis 1\u20132 tunni j\u00e4rel. Seerumis on umbes 20% digoksiinist seotud plasmavalkudega, peamiselt albumiiniga. Digoksiini metabolism organismis on t\u00fchine, peamine osa (umbes 90%) eritub muutumatul kujul glomerulaarfiltratsiooni teel, olulist tubulaarset reabsorptsiooni ei toimu. [&hellip;]<\/p>\n","protected":false},"author":38,"featured_media":0,"parent":7301,"menu_order":5,"comment_status":"closed","ping_status":"closed","template":"","meta":{"_uag_custom_page_level_css":"","footnotes":""},"class_list":["post-12460","page","type-page","status-publish","hentry"],"acf":[],"yoast_head":"<!-- This site is optimized with the Yoast SEO plugin v27.3 - https:\/\/yoast.com\/product\/yoast-seo-wordpress\/ -->\n<title>Digoksiin (S,P-Digox) - \u00dchendlabor<\/title>\n<meta name=\"robots\" content=\"index, follow, max-snippet:-1, max-image-preview:large, max-video-preview:-1\" \/>\n<link rel=\"canonical\" href=\"https:\/\/www.kliinikum.ee\/yhendlabor\/kasiraamat\/ravimiseire-uuringud\/digoksiin-sp-digox\/\" \/>\n<meta property=\"og:locale\" content=\"et_EE\" \/>\n<meta property=\"og:type\" content=\"article\" \/>\n<meta property=\"og:title\" content=\"Digoksiin (S,P-Digox) - \u00dchendlabor\" \/>\n<meta property=\"og:description\" content=\"Kliinilise keemia ja laboratoorse hematoloogia osakond Digoksiin on enimkasutatav s\u00fcdamegl\u00fckosiid. Seedetraktis imendub manustatud doosist 50\u201380%, osa inaktiveeritakse maos. Suukaudsel manustamisel saavutatakse maksimaalne kontsentratsioon seerumis 1\u20132 tunni j\u00e4rel. Seerumis on umbes 20% digoksiinist seotud plasmavalkudega, peamiselt albumiiniga. Digoksiini metabolism organismis on t\u00fchine, peamine osa (umbes 90%) eritub muutumatul kujul glomerulaarfiltratsiooni teel, olulist tubulaarset reabsorptsiooni ei toimu. [&hellip;]\" \/>\n<meta property=\"og:url\" content=\"https:\/\/www.kliinikum.ee\/yhendlabor\/kasiraamat\/ravimiseire-uuringud\/digoksiin-sp-digox\/\" \/>\n<meta property=\"og:site_name\" content=\"\u00dchendlabor\" \/>\n<meta property=\"article:modified_time\" content=\"2025-12-11T15:15:22+00:00\" \/>\n<meta name=\"twitter:card\" content=\"summary_large_image\" \/>\n<meta name=\"twitter:label1\" content=\"Est. reading time\" \/>\n\t<meta name=\"twitter:data1\" content=\"2 minutit\" \/>\n<script type=\"application\/ld+json\" class=\"yoast-schema-graph\">{\"@context\":\"https:\\\/\\\/schema.org\",\"@graph\":[{\"@type\":\"WebPage\",\"@id\":\"https:\\\/\\\/www.kliinikum.ee\\\/yhendlabor\\\/kasiraamat\\\/ravimiseire-uuringud\\\/digoksiin-sp-digox\\\/\",\"url\":\"https:\\\/\\\/www.kliinikum.ee\\\/yhendlabor\\\/kasiraamat\\\/ravimiseire-uuringud\\\/digoksiin-sp-digox\\\/\",\"name\":\"Digoksiin (S,P-Digox) - \u00dchendlabor\",\"isPartOf\":{\"@id\":\"https:\\\/\\\/www.kliinikum.ee\\\/yhendlabor\\\/#website\"},\"datePublished\":\"2025-07-30T15:59:35+00:00\",\"dateModified\":\"2025-12-11T15:15:22+00:00\",\"breadcrumb\":{\"@id\":\"https:\\\/\\\/www.kliinikum.ee\\\/yhendlabor\\\/kasiraamat\\\/ravimiseire-uuringud\\\/digoksiin-sp-digox\\\/#breadcrumb\"},\"inLanguage\":\"et\",\"potentialAction\":[{\"@type\":\"ReadAction\",\"target\":[\"https:\\\/\\\/www.kliinikum.ee\\\/yhendlabor\\\/kasiraamat\\\/ravimiseire-uuringud\\\/digoksiin-sp-digox\\\/\"]}]},{\"@type\":\"BreadcrumbList\",\"@id\":\"https:\\\/\\\/www.kliinikum.ee\\\/yhendlabor\\\/kasiraamat\\\/ravimiseire-uuringud\\\/digoksiin-sp-digox\\\/#breadcrumb\",\"itemListElement\":[{\"@type\":\"ListItem\",\"position\":1,\"name\":\"Home\",\"item\":\"https:\\\/\\\/www.kliinikum.ee\\\/yhendlabor\\\/\"},{\"@type\":\"ListItem\",\"position\":2,\"name\":\"K\u00e4siraamat\",\"item\":\"https:\\\/\\\/www.kliinikum.ee\\\/yhendlabor\\\/kasiraamat\\\/\"},{\"@type\":\"ListItem\",\"position\":3,\"name\":\"Ravimiseire uuringud\",\"item\":\"https:\\\/\\\/www.kliinikum.ee\\\/yhendlabor\\\/kasiraamat\\\/ravimiseire-uuringud\\\/\"},{\"@type\":\"ListItem\",\"position\":4,\"name\":\"Digoksiin (S,P-Digox)\"}]},{\"@type\":\"WebSite\",\"@id\":\"https:\\\/\\\/www.kliinikum.ee\\\/yhendlabor\\\/#website\",\"url\":\"https:\\\/\\\/www.kliinikum.ee\\\/yhendlabor\\\/\",\"name\":\"\u00dchendlabor\",\"description\":\"Hoolivus, Uuendusmeelsus, P\u00e4devus ja Usaldusv\u00e4\u00e4rsus\",\"potentialAction\":[{\"@type\":\"SearchAction\",\"target\":{\"@type\":\"EntryPoint\",\"urlTemplate\":\"https:\\\/\\\/www.kliinikum.ee\\\/yhendlabor\\\/?s={search_term_string}\"},\"query-input\":{\"@type\":\"PropertyValueSpecification\",\"valueRequired\":true,\"valueName\":\"search_term_string\"}}],\"inLanguage\":\"et\"}]}<\/script>\n<!-- \/ Yoast SEO plugin. -->","yoast_head_json":{"title":"Digoksiin (S,P-Digox) - \u00dchendlabor","robots":{"index":"index","follow":"follow","max-snippet":"max-snippet:-1","max-image-preview":"max-image-preview:large","max-video-preview":"max-video-preview:-1"},"canonical":"https:\/\/www.kliinikum.ee\/yhendlabor\/kasiraamat\/ravimiseire-uuringud\/digoksiin-sp-digox\/","og_locale":"et_EE","og_type":"article","og_title":"Digoksiin (S,P-Digox) - \u00dchendlabor","og_description":"Kliinilise keemia ja laboratoorse hematoloogia osakond Digoksiin on enimkasutatav s\u00fcdamegl\u00fckosiid. Seedetraktis imendub manustatud doosist 50\u201380%, osa inaktiveeritakse maos. Suukaudsel manustamisel saavutatakse maksimaalne kontsentratsioon seerumis 1\u20132 tunni j\u00e4rel. Seerumis on umbes 20% digoksiinist seotud plasmavalkudega, peamiselt albumiiniga. Digoksiini metabolism organismis on t\u00fchine, peamine osa (umbes 90%) eritub muutumatul kujul glomerulaarfiltratsiooni teel, olulist tubulaarset reabsorptsiooni ei toimu. [&hellip;]","og_url":"https:\/\/www.kliinikum.ee\/yhendlabor\/kasiraamat\/ravimiseire-uuringud\/digoksiin-sp-digox\/","og_site_name":"\u00dchendlabor","article_modified_time":"2025-12-11T15:15:22+00:00","twitter_card":"summary_large_image","twitter_misc":{"Est. reading time":"2 minutit"},"schema":{"@context":"https:\/\/schema.org","@graph":[{"@type":"WebPage","@id":"https:\/\/www.kliinikum.ee\/yhendlabor\/kasiraamat\/ravimiseire-uuringud\/digoksiin-sp-digox\/","url":"https:\/\/www.kliinikum.ee\/yhendlabor\/kasiraamat\/ravimiseire-uuringud\/digoksiin-sp-digox\/","name":"Digoksiin (S,P-Digox) - \u00dchendlabor","isPartOf":{"@id":"https:\/\/www.kliinikum.ee\/yhendlabor\/#website"},"datePublished":"2025-07-30T15:59:35+00:00","dateModified":"2025-12-11T15:15:22+00:00","breadcrumb":{"@id":"https:\/\/www.kliinikum.ee\/yhendlabor\/kasiraamat\/ravimiseire-uuringud\/digoksiin-sp-digox\/#breadcrumb"},"inLanguage":"et","potentialAction":[{"@type":"ReadAction","target":["https:\/\/www.kliinikum.ee\/yhendlabor\/kasiraamat\/ravimiseire-uuringud\/digoksiin-sp-digox\/"]}]},{"@type":"BreadcrumbList","@id":"https:\/\/www.kliinikum.ee\/yhendlabor\/kasiraamat\/ravimiseire-uuringud\/digoksiin-sp-digox\/#breadcrumb","itemListElement":[{"@type":"ListItem","position":1,"name":"Home","item":"https:\/\/www.kliinikum.ee\/yhendlabor\/"},{"@type":"ListItem","position":2,"name":"K\u00e4siraamat","item":"https:\/\/www.kliinikum.ee\/yhendlabor\/kasiraamat\/"},{"@type":"ListItem","position":3,"name":"Ravimiseire uuringud","item":"https:\/\/www.kliinikum.ee\/yhendlabor\/kasiraamat\/ravimiseire-uuringud\/"},{"@type":"ListItem","position":4,"name":"Digoksiin (S,P-Digox)"}]},{"@type":"WebSite","@id":"https:\/\/www.kliinikum.ee\/yhendlabor\/#website","url":"https:\/\/www.kliinikum.ee\/yhendlabor\/","name":"\u00dchendlabor","description":"Hoolivus, Uuendusmeelsus, P\u00e4devus ja Usaldusv\u00e4\u00e4rsus","potentialAction":[{"@type":"SearchAction","target":{"@type":"EntryPoint","urlTemplate":"https:\/\/www.kliinikum.ee\/yhendlabor\/?s={search_term_string}"},"query-input":{"@type":"PropertyValueSpecification","valueRequired":true,"valueName":"search_term_string"}}],"inLanguage":"et"}]}},"uagb_featured_image_src":{"full":false,"thumbnail":false,"medium":false,"medium_large":false,"large":false,"1536x1536":false,"2048x2048":false},"uagb_author_info":{"display_name":"Kadi Siigur","author_link":"https:\/\/www.kliinikum.ee\/yhendlabor\/author\/kadisi\/"},"uagb_comment_info":0,"uagb_excerpt":"Kliinilise keemia ja laboratoorse hematoloogia osakond Digoksiin on enimkasutatav s\u00fcdamegl\u00fckosiid. Seedetraktis imendub manustatud doosist 50\u201380%, osa inaktiveeritakse maos. Suukaudsel manustamisel saavutatakse maksimaalne kontsentratsioon seerumis 1\u20132 tunni j\u00e4rel. Seerumis on umbes 20% digoksiinist seotud plasmavalkudega, peamiselt albumiiniga. Digoksiini metabolism organismis on t\u00fchine, peamine osa (umbes 90%) eritub muutumatul kujul glomerulaarfiltratsiooni teel, olulist tubulaarset reabsorptsiooni ei toimu.&hellip;","_links":{"self":[{"href":"https:\/\/www.kliinikum.ee\/yhendlabor\/wp-json\/wp\/v2\/pages\/12460","targetHints":{"allow":["GET"]}}],"collection":[{"href":"https:\/\/www.kliinikum.ee\/yhendlabor\/wp-json\/wp\/v2\/pages"}],"about":[{"href":"https:\/\/www.kliinikum.ee\/yhendlabor\/wp-json\/wp\/v2\/types\/page"}],"author":[{"embeddable":true,"href":"https:\/\/www.kliinikum.ee\/yhendlabor\/wp-json\/wp\/v2\/users\/38"}],"replies":[{"embeddable":true,"href":"https:\/\/www.kliinikum.ee\/yhendlabor\/wp-json\/wp\/v2\/comments?post=12460"}],"version-history":[{"count":0,"href":"https:\/\/www.kliinikum.ee\/yhendlabor\/wp-json\/wp\/v2\/pages\/12460\/revisions"}],"up":[{"embeddable":true,"href":"https:\/\/www.kliinikum.ee\/yhendlabor\/wp-json\/wp\/v2\/pages\/7301"}],"wp:attachment":[{"href":"https:\/\/www.kliinikum.ee\/yhendlabor\/wp-json\/wp\/v2\/media?parent=12460"}],"curies":[{"name":"wp","href":"https:\/\/api.w.org\/{rel}","templated":true}]}}