{"id":12464,"date":"2025-07-30T18:15:54","date_gmt":"2025-07-30T16:15:54","guid":{"rendered":"https:\/\/www.kliinikum.ee\/yhendlabor\/?page_id=12464"},"modified":"2025-12-11T17:16:35","modified_gmt":"2025-12-11T15:16:35","slug":"fenobarbitaal-sp-phenobarb","status":"publish","type":"page","link":"https:\/\/www.kliinikum.ee\/yhendlabor\/kasiraamat\/ravimiseire-uuringud\/fenobarbitaal-sp-phenobarb\/","title":{"rendered":"Fenobarbitaal (S,P-Phenobarb)"},"content":{"rendered":"\n<p><em>Kliinilise keemia ja laboratoorse hematoloogia osakond<\/em><\/p>\n\n\n\n<p><strong>Fenobarbitaal <\/strong>on barbituraat, mida kasutatakse krambivastase ravimina. Ta on kasutusel k\u00f5igi epileptiliste hoogude korral, v\u00e4lja arvatud absaansid. Ravimit kasutatakse ka febriilsete krampide puhul. Suukaudsel manustamisel imendub ravim aeglaselt, kuid peaaegu t\u00e4ielikult ning tema farmakokineetika ja -d\u00fcnaamika v\u00f5ivad olla indiviiditi k\u00fcllalt varieeruvad. Plasmas on 40\u201360% ravimist seotud valkudega. Metabolism toimub umbes 65% ulatuses maksas, umbes 25% eritub muutumatuna uriiniga. Metaboliidid ei kuhju ja eritatakse samuti uriiniga. Metaboliitide eritus s\u00f5ltub uriini pH-st. Ravimi poolv\u00e4\u00e4rtusaeg t\u00e4iskasvanutel on 50\u2013120 tundi, lastel l\u00fchem, vasts\u00fcndinutel aga pikem kui t\u00e4iskasvanutel. Fenobarbitaal l\u00e4bib hematoentsefaal- ja platsentaarbarj\u00e4\u00e4ri.<\/p>\n\n\n\n<p>Regulaarsel manustamisel saavutatakse ravimi stabiilne tase veres t\u00e4iskasvanutel 2\u20134 n\u00e4dala j\u00e4rel, lastel 1\u20132 n\u00e4dala j\u00e4rel. Valproaadi v\u00f5i fen\u00fctoiini samaaegne manustamine aeglustab fenobarbitaali metabolismi. Toksilise toime sagedasemateks ilminguteks on neurosensoorsed h\u00e4ired (\u00e4revus, depressioon, unisus, v\u00e4simus, lastel ja vanuritel v\u00f5ib esineda h\u00fcperaktiivsus). Pikaajalisel ravil olevatel patsientidel on v\u00f5imalik megaloblastilise aneemia teke. \u00c4geda intermiteeruva porf\u00fc\u00fcriaga haigetel v\u00f5ib tekkida \u00e4ge haigushoog.<\/p>\n\n\n\n<p class=\"has-medium-font-size\"><strong>Uuritav materjal, selle v\u00f5tmine, saatmine ja s\u00e4ilitamine<\/strong><\/p>\n\n\n\n<p>Proov tuleb v\u00f5tta vahetult enne j\u00e4rgmise ravimiannuse manustamist!<\/p>\n\n\n\n<figure class=\"wp-block-table is-style-stripes\"><table width=\"100%\"><tbody><tr><td width=\"1%\"><\/td><td width=\"15%\"><strong>Katsuti<\/strong><\/td><td width=\"84%\">Geeli ja h\u00fc\u00fcbimisaktivaatoriga katsuti (punane kollase r\u00f5ngaga v\u00f5i kollane kork) v\u00f5i geeliga LH-katsuti (roheline kollase r\u00f5ngaga v\u00f5i heleroheline kork)<\/td><\/tr><tr><td><\/td><td><strong>S\u00e4ilivus<\/strong><\/td><td>Seerum\/plasma toatemperatuuril ja +4 \u00b0C seitse p\u00e4eva, -20 \u00b0C \u00fcks aasta<\/td><\/tr><\/tbody><\/table><\/figure>\n\n\n\n<p class=\"has-medium-font-size\"><strong>Anal\u00fc\u00fcsi tegemise aeg:<\/strong> \u00f6\u00f6p\u00e4evaringselt<\/p>\n\n\n\n<p class=\"has-medium-font-size\"><strong>Anal\u00fc\u00fcsimeetod: <\/strong>mikropartiklite kineetilise interaktsiooni meetod (KIMS)<\/p>\n\n\n\n<p class=\"has-medium-font-size\"><strong>Referentsv\u00e4\u00e4rtused<\/strong><\/p>\n\n\n\n<figure class=\"wp-block-table\"><table width=\"100%\"><tbody><tr><td width=\"1%\"><\/td><td width=\"33%\"><strong>K\u00f5ik vanusegrupid<\/strong><\/td><td width=\"33%\">Terapeutiline kontsentratsioon<\/td><td width=\"33%\">10\u201330 mg\/L<\/td><\/tr><tr><td><\/td><td><\/td><td>Toksiline kontsentratsioon<\/td><td>> 40 mg\/L<\/td><\/tr><\/tbody><\/table><\/figure>\n\n\n\n<p>Pikaajalise ravi puhul ei pruugi k\u00f5rgemad plasmakontsentratsioonid anda toksilisi n\u00e4hte.<\/p>\n\n\n\n<p class=\"has-medium-font-size\"><strong>N\u00e4idustus ja kliiniline t\u00e4hendus<\/strong><\/p>\n\n\n\n<p>Optimaalse raviskeemi leidmine ja kontroll fenobarbitaal- ja primidoonravi (primidooni peamine metaboliit on fenobarbitaal) puhul, ravimim\u00fcrgistuse diagnostika.<\/p>\n\n\n\n<p>Koostajad: Ene Ora, Kaja Vaagen<br>Muudetud 11.09.2023<\/p>\n","protected":false},"excerpt":{"rendered":"<p>Kliinilise keemia ja laboratoorse hematoloogia osakond Fenobarbitaal on barbituraat, mida kasutatakse krambivastase ravimina. Ta on kasutusel k\u00f5igi epileptiliste hoogude korral, v\u00e4lja arvatud absaansid. Ravimit kasutatakse ka febriilsete krampide puhul. Suukaudsel manustamisel imendub ravim aeglaselt, kuid peaaegu t\u00e4ielikult ning tema farmakokineetika ja -d\u00fcnaamika v\u00f5ivad olla indiviiditi k\u00fcllalt varieeruvad. Plasmas on 40\u201360% ravimist seotud valkudega. Metabolism toimub [&hellip;]<\/p>\n","protected":false},"author":38,"featured_media":0,"parent":7301,"menu_order":6,"comment_status":"closed","ping_status":"closed","template":"","meta":{"_uag_custom_page_level_css":"","footnotes":""},"class_list":["post-12464","page","type-page","status-publish","hentry"],"acf":[],"yoast_head":"<!-- This site is optimized with the Yoast SEO plugin v27.3 - https:\/\/yoast.com\/product\/yoast-seo-wordpress\/ -->\n<title>Fenobarbitaal (S,P-Phenobarb) - \u00dchendlabor<\/title>\n<meta name=\"robots\" content=\"index, follow, max-snippet:-1, max-image-preview:large, max-video-preview:-1\" \/>\n<link rel=\"canonical\" href=\"https:\/\/www.kliinikum.ee\/yhendlabor\/kasiraamat\/ravimiseire-uuringud\/fenobarbitaal-sp-phenobarb\/\" \/>\n<meta property=\"og:locale\" content=\"et_EE\" \/>\n<meta property=\"og:type\" content=\"article\" \/>\n<meta property=\"og:title\" content=\"Fenobarbitaal (S,P-Phenobarb) - \u00dchendlabor\" \/>\n<meta property=\"og:description\" content=\"Kliinilise keemia ja laboratoorse hematoloogia osakond Fenobarbitaal on barbituraat, mida kasutatakse krambivastase ravimina. Ta on kasutusel k\u00f5igi epileptiliste hoogude korral, v\u00e4lja arvatud absaansid. Ravimit kasutatakse ka febriilsete krampide puhul. Suukaudsel manustamisel imendub ravim aeglaselt, kuid peaaegu t\u00e4ielikult ning tema farmakokineetika ja -d\u00fcnaamika v\u00f5ivad olla indiviiditi k\u00fcllalt varieeruvad. Plasmas on 40\u201360% ravimist seotud valkudega. Metabolism toimub [&hellip;]\" \/>\n<meta property=\"og:url\" content=\"https:\/\/www.kliinikum.ee\/yhendlabor\/kasiraamat\/ravimiseire-uuringud\/fenobarbitaal-sp-phenobarb\/\" \/>\n<meta property=\"og:site_name\" content=\"\u00dchendlabor\" \/>\n<meta property=\"article:modified_time\" content=\"2025-12-11T15:16:35+00:00\" \/>\n<meta name=\"twitter:card\" content=\"summary_large_image\" \/>\n<meta name=\"twitter:label1\" content=\"Est. reading time\" \/>\n\t<meta name=\"twitter:data1\" content=\"2 minutit\" \/>\n<script type=\"application\/ld+json\" class=\"yoast-schema-graph\">{\"@context\":\"https:\\\/\\\/schema.org\",\"@graph\":[{\"@type\":\"WebPage\",\"@id\":\"https:\\\/\\\/www.kliinikum.ee\\\/yhendlabor\\\/kasiraamat\\\/ravimiseire-uuringud\\\/fenobarbitaal-sp-phenobarb\\\/\",\"url\":\"https:\\\/\\\/www.kliinikum.ee\\\/yhendlabor\\\/kasiraamat\\\/ravimiseire-uuringud\\\/fenobarbitaal-sp-phenobarb\\\/\",\"name\":\"Fenobarbitaal (S,P-Phenobarb) - \u00dchendlabor\",\"isPartOf\":{\"@id\":\"https:\\\/\\\/www.kliinikum.ee\\\/yhendlabor\\\/#website\"},\"datePublished\":\"2025-07-30T16:15:54+00:00\",\"dateModified\":\"2025-12-11T15:16:35+00:00\",\"breadcrumb\":{\"@id\":\"https:\\\/\\\/www.kliinikum.ee\\\/yhendlabor\\\/kasiraamat\\\/ravimiseire-uuringud\\\/fenobarbitaal-sp-phenobarb\\\/#breadcrumb\"},\"inLanguage\":\"et\",\"potentialAction\":[{\"@type\":\"ReadAction\",\"target\":[\"https:\\\/\\\/www.kliinikum.ee\\\/yhendlabor\\\/kasiraamat\\\/ravimiseire-uuringud\\\/fenobarbitaal-sp-phenobarb\\\/\"]}]},{\"@type\":\"BreadcrumbList\",\"@id\":\"https:\\\/\\\/www.kliinikum.ee\\\/yhendlabor\\\/kasiraamat\\\/ravimiseire-uuringud\\\/fenobarbitaal-sp-phenobarb\\\/#breadcrumb\",\"itemListElement\":[{\"@type\":\"ListItem\",\"position\":1,\"name\":\"Home\",\"item\":\"https:\\\/\\\/www.kliinikum.ee\\\/yhendlabor\\\/\"},{\"@type\":\"ListItem\",\"position\":2,\"name\":\"K\u00e4siraamat\",\"item\":\"https:\\\/\\\/www.kliinikum.ee\\\/yhendlabor\\\/kasiraamat\\\/\"},{\"@type\":\"ListItem\",\"position\":3,\"name\":\"Ravimiseire uuringud\",\"item\":\"https:\\\/\\\/www.kliinikum.ee\\\/yhendlabor\\\/kasiraamat\\\/ravimiseire-uuringud\\\/\"},{\"@type\":\"ListItem\",\"position\":4,\"name\":\"Fenobarbitaal (S,P-Phenobarb)\"}]},{\"@type\":\"WebSite\",\"@id\":\"https:\\\/\\\/www.kliinikum.ee\\\/yhendlabor\\\/#website\",\"url\":\"https:\\\/\\\/www.kliinikum.ee\\\/yhendlabor\\\/\",\"name\":\"\u00dchendlabor\",\"description\":\"Hoolivus, Uuendusmeelsus, P\u00e4devus ja Usaldusv\u00e4\u00e4rsus\",\"potentialAction\":[{\"@type\":\"SearchAction\",\"target\":{\"@type\":\"EntryPoint\",\"urlTemplate\":\"https:\\\/\\\/www.kliinikum.ee\\\/yhendlabor\\\/?s={search_term_string}\"},\"query-input\":{\"@type\":\"PropertyValueSpecification\",\"valueRequired\":true,\"valueName\":\"search_term_string\"}}],\"inLanguage\":\"et\"}]}<\/script>\n<!-- \/ Yoast SEO plugin. -->","yoast_head_json":{"title":"Fenobarbitaal (S,P-Phenobarb) - \u00dchendlabor","robots":{"index":"index","follow":"follow","max-snippet":"max-snippet:-1","max-image-preview":"max-image-preview:large","max-video-preview":"max-video-preview:-1"},"canonical":"https:\/\/www.kliinikum.ee\/yhendlabor\/kasiraamat\/ravimiseire-uuringud\/fenobarbitaal-sp-phenobarb\/","og_locale":"et_EE","og_type":"article","og_title":"Fenobarbitaal (S,P-Phenobarb) - \u00dchendlabor","og_description":"Kliinilise keemia ja laboratoorse hematoloogia osakond Fenobarbitaal on barbituraat, mida kasutatakse krambivastase ravimina. Ta on kasutusel k\u00f5igi epileptiliste hoogude korral, v\u00e4lja arvatud absaansid. Ravimit kasutatakse ka febriilsete krampide puhul. Suukaudsel manustamisel imendub ravim aeglaselt, kuid peaaegu t\u00e4ielikult ning tema farmakokineetika ja -d\u00fcnaamika v\u00f5ivad olla indiviiditi k\u00fcllalt varieeruvad. Plasmas on 40\u201360% ravimist seotud valkudega. Metabolism toimub [&hellip;]","og_url":"https:\/\/www.kliinikum.ee\/yhendlabor\/kasiraamat\/ravimiseire-uuringud\/fenobarbitaal-sp-phenobarb\/","og_site_name":"\u00dchendlabor","article_modified_time":"2025-12-11T15:16:35+00:00","twitter_card":"summary_large_image","twitter_misc":{"Est. reading time":"2 minutit"},"schema":{"@context":"https:\/\/schema.org","@graph":[{"@type":"WebPage","@id":"https:\/\/www.kliinikum.ee\/yhendlabor\/kasiraamat\/ravimiseire-uuringud\/fenobarbitaal-sp-phenobarb\/","url":"https:\/\/www.kliinikum.ee\/yhendlabor\/kasiraamat\/ravimiseire-uuringud\/fenobarbitaal-sp-phenobarb\/","name":"Fenobarbitaal (S,P-Phenobarb) - \u00dchendlabor","isPartOf":{"@id":"https:\/\/www.kliinikum.ee\/yhendlabor\/#website"},"datePublished":"2025-07-30T16:15:54+00:00","dateModified":"2025-12-11T15:16:35+00:00","breadcrumb":{"@id":"https:\/\/www.kliinikum.ee\/yhendlabor\/kasiraamat\/ravimiseire-uuringud\/fenobarbitaal-sp-phenobarb\/#breadcrumb"},"inLanguage":"et","potentialAction":[{"@type":"ReadAction","target":["https:\/\/www.kliinikum.ee\/yhendlabor\/kasiraamat\/ravimiseire-uuringud\/fenobarbitaal-sp-phenobarb\/"]}]},{"@type":"BreadcrumbList","@id":"https:\/\/www.kliinikum.ee\/yhendlabor\/kasiraamat\/ravimiseire-uuringud\/fenobarbitaal-sp-phenobarb\/#breadcrumb","itemListElement":[{"@type":"ListItem","position":1,"name":"Home","item":"https:\/\/www.kliinikum.ee\/yhendlabor\/"},{"@type":"ListItem","position":2,"name":"K\u00e4siraamat","item":"https:\/\/www.kliinikum.ee\/yhendlabor\/kasiraamat\/"},{"@type":"ListItem","position":3,"name":"Ravimiseire uuringud","item":"https:\/\/www.kliinikum.ee\/yhendlabor\/kasiraamat\/ravimiseire-uuringud\/"},{"@type":"ListItem","position":4,"name":"Fenobarbitaal (S,P-Phenobarb)"}]},{"@type":"WebSite","@id":"https:\/\/www.kliinikum.ee\/yhendlabor\/#website","url":"https:\/\/www.kliinikum.ee\/yhendlabor\/","name":"\u00dchendlabor","description":"Hoolivus, Uuendusmeelsus, P\u00e4devus ja Usaldusv\u00e4\u00e4rsus","potentialAction":[{"@type":"SearchAction","target":{"@type":"EntryPoint","urlTemplate":"https:\/\/www.kliinikum.ee\/yhendlabor\/?s={search_term_string}"},"query-input":{"@type":"PropertyValueSpecification","valueRequired":true,"valueName":"search_term_string"}}],"inLanguage":"et"}]}},"uagb_featured_image_src":{"full":false,"thumbnail":false,"medium":false,"medium_large":false,"large":false,"1536x1536":false,"2048x2048":false},"uagb_author_info":{"display_name":"Kadi Siigur","author_link":"https:\/\/www.kliinikum.ee\/yhendlabor\/author\/kadisi\/"},"uagb_comment_info":0,"uagb_excerpt":"Kliinilise keemia ja laboratoorse hematoloogia osakond Fenobarbitaal on barbituraat, mida kasutatakse krambivastase ravimina. Ta on kasutusel k\u00f5igi epileptiliste hoogude korral, v\u00e4lja arvatud absaansid. Ravimit kasutatakse ka febriilsete krampide puhul. Suukaudsel manustamisel imendub ravim aeglaselt, kuid peaaegu t\u00e4ielikult ning tema farmakokineetika ja -d\u00fcnaamika v\u00f5ivad olla indiviiditi k\u00fcllalt varieeruvad. Plasmas on 40\u201360% ravimist seotud valkudega. Metabolism toimub&hellip;","_links":{"self":[{"href":"https:\/\/www.kliinikum.ee\/yhendlabor\/wp-json\/wp\/v2\/pages\/12464","targetHints":{"allow":["GET"]}}],"collection":[{"href":"https:\/\/www.kliinikum.ee\/yhendlabor\/wp-json\/wp\/v2\/pages"}],"about":[{"href":"https:\/\/www.kliinikum.ee\/yhendlabor\/wp-json\/wp\/v2\/types\/page"}],"author":[{"embeddable":true,"href":"https:\/\/www.kliinikum.ee\/yhendlabor\/wp-json\/wp\/v2\/users\/38"}],"replies":[{"embeddable":true,"href":"https:\/\/www.kliinikum.ee\/yhendlabor\/wp-json\/wp\/v2\/comments?post=12464"}],"version-history":[{"count":0,"href":"https:\/\/www.kliinikum.ee\/yhendlabor\/wp-json\/wp\/v2\/pages\/12464\/revisions"}],"up":[{"embeddable":true,"href":"https:\/\/www.kliinikum.ee\/yhendlabor\/wp-json\/wp\/v2\/pages\/7301"}],"wp:attachment":[{"href":"https:\/\/www.kliinikum.ee\/yhendlabor\/wp-json\/wp\/v2\/media?parent=12464"}],"curies":[{"name":"wp","href":"https:\/\/api.w.org\/{rel}","templated":true}]}}