{"id":12468,"date":"2025-07-30T18:22:48","date_gmt":"2025-07-30T16:22:48","guid":{"rendered":"https:\/\/www.kliinikum.ee\/yhendlabor\/?page_id=12468"},"modified":"2025-12-11T17:17:48","modified_gmt":"2025-12-11T15:17:48","slug":"gentamutsiin-sp-genta","status":"publish","type":"page","link":"https:\/\/www.kliinikum.ee\/yhendlabor\/kasiraamat\/ravimiseire-uuringud\/gentamutsiin-sp-genta\/","title":{"rendered":"Gentam\u00fctsiin (S,P-Genta)"},"content":{"rendered":"\n<p><em>Kliinilise keemia ja laboratoorse hematoloogia osakond<\/em><\/p>\n\n\n\n<p><strong>Gentam\u00fctsiin <\/strong>on aminogl\u00fckosiid, mis toimib bakteritsiidselt aeroobsetele gram-negatiivsetele bakteritele, staf\u00fclokokkidele ning <em>Listeria monocytogenes<\/em>\u2019ele.<\/p>\n\n\n\n<p>Gentam\u00fctsiin imendub intramuskulaarsel manustamisel kiiresti ja t\u00e4ielikult. Maksimaalne kontsentratsioon seerumis kujuneb 30\u201390 minutit p\u00e4rast manustamist. Imendumine on aeglasem halva verevarustusega lihastes. Manustamisel infusioonina (20\u201330 minuti jooksul) on kontsentratsioon vereseerumis v\u00f5rdne sama ravimiannuse intramuskulaarsel manustamisel saavutatud kontsentratsiooniga. Gentam\u00fctsiin seondub valkudega v\u00e4hesel m\u00e4\u00e4ral (25%), ent kaltsiumi ja magneesiumi madalate kontsentratsioonide korral vereseerumis v\u00f5ib seostumine suureneda kuni 70%-ni. Eritub peamiselt muutumatult glomerulaarfiltratsiooni teel. Tervetel noortel t\u00e4iskasvanutel on gentam\u00fctsiini poolv\u00e4\u00e4rtusaeg 1,5\u20135,5 tundi, neerupuudulikkuse korral pikeneb kuni 50 (70) tunnini. Lastel on poolv\u00e4\u00e4rtusaeg keskmiselt \u00fcks tund, vasts\u00fcndinutel 2,3\u20133,3 tundi.<\/p>\n\n\n\n<p>Gentam\u00fctsiin avaldab toksilist toimet vestibulaar- ja kuulmisaparaadile ning neerudele, lisaks p\u00e4rsib ta neuromuskulaarset \u00fclekannet. Nagu teisedki aminogl\u00fckosiidid, l\u00e4bib gentam\u00fctsiin platsentaarbarj\u00e4\u00e4ri ning v\u00f5ib kahjustada loote vestibulaar- ja kuulmisaparaati. Rinnapiima eritub gentam\u00fctsiin v\u00e4ga v\u00e4ikestes kogustes.<\/p>\n\n\n\n<p class=\"has-medium-font-size\"><strong>Uuritav materjal, selle v\u00f5tmine, saatmine ja s\u00e4ilitamine<\/strong><\/p>\n\n\n\n<p><em>Baaskontsentratsiooni <\/em>m\u00e4\u00e4ramiseks v\u00f5tta proov vahetult enne ravimi j\u00e4rgmist manustamist.<\/p>\n\n\n\n<figure class=\"wp-block-table is-style-stripes\"><table width=\"100%\"><tbody><tr><td width=\"1%\"><\/td><td width=\"15%\"><strong>Katsuti<\/strong><\/td><td width=\"84%\">Geeli ja h\u00fc\u00fcbimisaktivaatoriga katsuti (punane kollase r\u00f5ngaga v\u00f5i kollane kork) v\u00f5i geeliga LH-katsuti (roheline kollase r\u00f5ngaga v\u00f5i heleroheline kork)<\/td><\/tr><tr><td><\/td><td><strong>S\u00e4ilivus<\/strong><\/td><td>Seerum\/plasma +4 \u00b0C \u00fcks n\u00e4dal, \u00a0-20 \u00b0C \u00fcks kuu<\/td><\/tr><\/tbody><\/table><\/figure>\n\n\n\n<p class=\"has-medium-font-size\"><strong>Anal\u00fc\u00fcsi tegemise aeg:<\/strong> \u00f6\u00f6p\u00e4evaringselt<\/p>\n\n\n\n<p class=\"has-medium-font-size\"><strong>Anal\u00fc\u00fcsimeetod:<\/strong> mikroosakeste kineetilise interaktsiooni meetod (KIMS)<\/p>\n\n\n\n<p class=\"has-medium-font-size\"><strong>Referentsv\u00e4\u00e4rtused<\/strong><\/p>\n\n\n\n<figure class=\"wp-block-table\"><table width=\"100%\"><tbody><tr><td width=\"1%\"><\/td><td width=\"30%\"><strong>K\u00f5ik vanusegrupid<\/strong><\/td><td width=\"69%\"><strong>Baaskontsentratsioon<\/strong><\/td><\/tr><tr><td><\/td><td><\/td><td>Terapeutiline 0,5\u20132,0 mg\/L <br>Toksiline > 2,0 mg\/L<\/td><\/tr><\/tbody><\/table><\/figure>\n\n\n\n<p class=\"has-medium-font-size\"><strong>N\u00e4idustus ja kliiniline t\u00e4hendus<\/strong><\/p>\n\n\n\n<p>Gentam\u00fctsiini seerumikontsentratsiooni j\u00e4lgimine on soovitatav eriti eakatel, vasts\u00fcndinutel ja kahjustunud neerufunktsiooniga patsientidel.<\/p>\n\n\n\n<p>Kuulmiskahjustuse risk on suurem kui gentam\u00fctsiini kontsentratsioon seerumis \u00fcletab pidevalt 2 mg\/L. Ajutiselt k\u00f5rgem kontsentratsioon ei m\u00f5juta kahjustuse tekkimist, juhul kui see ei \u00fcleta 10 mg\/L.<\/p>\n\n\n\n<p>Koostajad: Ene Ora, Kaja Vaagen<br>Muudetud 11.09.2023<\/p>\n","protected":false},"excerpt":{"rendered":"<p>Kliinilise keemia ja laboratoorse hematoloogia osakond Gentam\u00fctsiin on aminogl\u00fckosiid, mis toimib bakteritsiidselt aeroobsetele gram-negatiivsetele bakteritele, staf\u00fclokokkidele ning Listeria monocytogenes\u2019ele. Gentam\u00fctsiin imendub intramuskulaarsel manustamisel kiiresti ja t\u00e4ielikult. Maksimaalne kontsentratsioon seerumis kujuneb 30\u201390 minutit p\u00e4rast manustamist. Imendumine on aeglasem halva verevarustusega lihastes. Manustamisel infusioonina (20\u201330 minuti jooksul) on kontsentratsioon vereseerumis v\u00f5rdne sama ravimiannuse intramuskulaarsel manustamisel saavutatud kontsentratsiooniga. [&hellip;]<\/p>\n","protected":false},"author":38,"featured_media":0,"parent":7301,"menu_order":7,"comment_status":"closed","ping_status":"closed","template":"","meta":{"_uag_custom_page_level_css":"","footnotes":""},"class_list":["post-12468","page","type-page","status-publish","hentry"],"acf":[],"yoast_head":"<!-- This site is optimized with the Yoast SEO plugin v27.3 - https:\/\/yoast.com\/product\/yoast-seo-wordpress\/ -->\n<title>Gentam\u00fctsiin (S,P-Genta) - \u00dchendlabor<\/title>\n<meta name=\"robots\" content=\"index, follow, max-snippet:-1, max-image-preview:large, max-video-preview:-1\" \/>\n<link rel=\"canonical\" href=\"https:\/\/www.kliinikum.ee\/yhendlabor\/kasiraamat\/ravimiseire-uuringud\/gentamutsiin-sp-genta\/\" \/>\n<meta property=\"og:locale\" content=\"et_EE\" \/>\n<meta property=\"og:type\" content=\"article\" \/>\n<meta property=\"og:title\" content=\"Gentam\u00fctsiin (S,P-Genta) - \u00dchendlabor\" \/>\n<meta property=\"og:description\" content=\"Kliinilise keemia ja laboratoorse hematoloogia osakond Gentam\u00fctsiin on aminogl\u00fckosiid, mis toimib bakteritsiidselt aeroobsetele gram-negatiivsetele bakteritele, staf\u00fclokokkidele ning Listeria monocytogenes\u2019ele. Gentam\u00fctsiin imendub intramuskulaarsel manustamisel kiiresti ja t\u00e4ielikult. Maksimaalne kontsentratsioon seerumis kujuneb 30\u201390 minutit p\u00e4rast manustamist. Imendumine on aeglasem halva verevarustusega lihastes. Manustamisel infusioonina (20\u201330 minuti jooksul) on kontsentratsioon vereseerumis v\u00f5rdne sama ravimiannuse intramuskulaarsel manustamisel saavutatud kontsentratsiooniga. [&hellip;]\" \/>\n<meta property=\"og:url\" content=\"https:\/\/www.kliinikum.ee\/yhendlabor\/kasiraamat\/ravimiseire-uuringud\/gentamutsiin-sp-genta\/\" \/>\n<meta property=\"og:site_name\" content=\"\u00dchendlabor\" \/>\n<meta property=\"article:modified_time\" content=\"2025-12-11T15:17:48+00:00\" \/>\n<meta name=\"twitter:card\" content=\"summary_large_image\" \/>\n<meta name=\"twitter:label1\" content=\"Est. reading time\" \/>\n\t<meta name=\"twitter:data1\" content=\"2 minutit\" \/>\n<script type=\"application\/ld+json\" class=\"yoast-schema-graph\">{\"@context\":\"https:\\\/\\\/schema.org\",\"@graph\":[{\"@type\":\"WebPage\",\"@id\":\"https:\\\/\\\/www.kliinikum.ee\\\/yhendlabor\\\/kasiraamat\\\/ravimiseire-uuringud\\\/gentamutsiin-sp-genta\\\/\",\"url\":\"https:\\\/\\\/www.kliinikum.ee\\\/yhendlabor\\\/kasiraamat\\\/ravimiseire-uuringud\\\/gentamutsiin-sp-genta\\\/\",\"name\":\"Gentam\u00fctsiin (S,P-Genta) - \u00dchendlabor\",\"isPartOf\":{\"@id\":\"https:\\\/\\\/www.kliinikum.ee\\\/yhendlabor\\\/#website\"},\"datePublished\":\"2025-07-30T16:22:48+00:00\",\"dateModified\":\"2025-12-11T15:17:48+00:00\",\"breadcrumb\":{\"@id\":\"https:\\\/\\\/www.kliinikum.ee\\\/yhendlabor\\\/kasiraamat\\\/ravimiseire-uuringud\\\/gentamutsiin-sp-genta\\\/#breadcrumb\"},\"inLanguage\":\"et\",\"potentialAction\":[{\"@type\":\"ReadAction\",\"target\":[\"https:\\\/\\\/www.kliinikum.ee\\\/yhendlabor\\\/kasiraamat\\\/ravimiseire-uuringud\\\/gentamutsiin-sp-genta\\\/\"]}]},{\"@type\":\"BreadcrumbList\",\"@id\":\"https:\\\/\\\/www.kliinikum.ee\\\/yhendlabor\\\/kasiraamat\\\/ravimiseire-uuringud\\\/gentamutsiin-sp-genta\\\/#breadcrumb\",\"itemListElement\":[{\"@type\":\"ListItem\",\"position\":1,\"name\":\"Home\",\"item\":\"https:\\\/\\\/www.kliinikum.ee\\\/yhendlabor\\\/\"},{\"@type\":\"ListItem\",\"position\":2,\"name\":\"K\u00e4siraamat\",\"item\":\"https:\\\/\\\/www.kliinikum.ee\\\/yhendlabor\\\/kasiraamat\\\/\"},{\"@type\":\"ListItem\",\"position\":3,\"name\":\"Ravimiseire uuringud\",\"item\":\"https:\\\/\\\/www.kliinikum.ee\\\/yhendlabor\\\/kasiraamat\\\/ravimiseire-uuringud\\\/\"},{\"@type\":\"ListItem\",\"position\":4,\"name\":\"Gentam\u00fctsiin (S,P-Genta)\"}]},{\"@type\":\"WebSite\",\"@id\":\"https:\\\/\\\/www.kliinikum.ee\\\/yhendlabor\\\/#website\",\"url\":\"https:\\\/\\\/www.kliinikum.ee\\\/yhendlabor\\\/\",\"name\":\"\u00dchendlabor\",\"description\":\"Hoolivus, Uuendusmeelsus, P\u00e4devus ja Usaldusv\u00e4\u00e4rsus\",\"potentialAction\":[{\"@type\":\"SearchAction\",\"target\":{\"@type\":\"EntryPoint\",\"urlTemplate\":\"https:\\\/\\\/www.kliinikum.ee\\\/yhendlabor\\\/?s={search_term_string}\"},\"query-input\":{\"@type\":\"PropertyValueSpecification\",\"valueRequired\":true,\"valueName\":\"search_term_string\"}}],\"inLanguage\":\"et\"}]}<\/script>\n<!-- \/ Yoast SEO plugin. -->","yoast_head_json":{"title":"Gentam\u00fctsiin (S,P-Genta) - \u00dchendlabor","robots":{"index":"index","follow":"follow","max-snippet":"max-snippet:-1","max-image-preview":"max-image-preview:large","max-video-preview":"max-video-preview:-1"},"canonical":"https:\/\/www.kliinikum.ee\/yhendlabor\/kasiraamat\/ravimiseire-uuringud\/gentamutsiin-sp-genta\/","og_locale":"et_EE","og_type":"article","og_title":"Gentam\u00fctsiin (S,P-Genta) - \u00dchendlabor","og_description":"Kliinilise keemia ja laboratoorse hematoloogia osakond Gentam\u00fctsiin on aminogl\u00fckosiid, mis toimib bakteritsiidselt aeroobsetele gram-negatiivsetele bakteritele, staf\u00fclokokkidele ning Listeria monocytogenes\u2019ele. Gentam\u00fctsiin imendub intramuskulaarsel manustamisel kiiresti ja t\u00e4ielikult. Maksimaalne kontsentratsioon seerumis kujuneb 30\u201390 minutit p\u00e4rast manustamist. Imendumine on aeglasem halva verevarustusega lihastes. Manustamisel infusioonina (20\u201330 minuti jooksul) on kontsentratsioon vereseerumis v\u00f5rdne sama ravimiannuse intramuskulaarsel manustamisel saavutatud kontsentratsiooniga. [&hellip;]","og_url":"https:\/\/www.kliinikum.ee\/yhendlabor\/kasiraamat\/ravimiseire-uuringud\/gentamutsiin-sp-genta\/","og_site_name":"\u00dchendlabor","article_modified_time":"2025-12-11T15:17:48+00:00","twitter_card":"summary_large_image","twitter_misc":{"Est. reading time":"2 minutit"},"schema":{"@context":"https:\/\/schema.org","@graph":[{"@type":"WebPage","@id":"https:\/\/www.kliinikum.ee\/yhendlabor\/kasiraamat\/ravimiseire-uuringud\/gentamutsiin-sp-genta\/","url":"https:\/\/www.kliinikum.ee\/yhendlabor\/kasiraamat\/ravimiseire-uuringud\/gentamutsiin-sp-genta\/","name":"Gentam\u00fctsiin (S,P-Genta) - \u00dchendlabor","isPartOf":{"@id":"https:\/\/www.kliinikum.ee\/yhendlabor\/#website"},"datePublished":"2025-07-30T16:22:48+00:00","dateModified":"2025-12-11T15:17:48+00:00","breadcrumb":{"@id":"https:\/\/www.kliinikum.ee\/yhendlabor\/kasiraamat\/ravimiseire-uuringud\/gentamutsiin-sp-genta\/#breadcrumb"},"inLanguage":"et","potentialAction":[{"@type":"ReadAction","target":["https:\/\/www.kliinikum.ee\/yhendlabor\/kasiraamat\/ravimiseire-uuringud\/gentamutsiin-sp-genta\/"]}]},{"@type":"BreadcrumbList","@id":"https:\/\/www.kliinikum.ee\/yhendlabor\/kasiraamat\/ravimiseire-uuringud\/gentamutsiin-sp-genta\/#breadcrumb","itemListElement":[{"@type":"ListItem","position":1,"name":"Home","item":"https:\/\/www.kliinikum.ee\/yhendlabor\/"},{"@type":"ListItem","position":2,"name":"K\u00e4siraamat","item":"https:\/\/www.kliinikum.ee\/yhendlabor\/kasiraamat\/"},{"@type":"ListItem","position":3,"name":"Ravimiseire uuringud","item":"https:\/\/www.kliinikum.ee\/yhendlabor\/kasiraamat\/ravimiseire-uuringud\/"},{"@type":"ListItem","position":4,"name":"Gentam\u00fctsiin (S,P-Genta)"}]},{"@type":"WebSite","@id":"https:\/\/www.kliinikum.ee\/yhendlabor\/#website","url":"https:\/\/www.kliinikum.ee\/yhendlabor\/","name":"\u00dchendlabor","description":"Hoolivus, Uuendusmeelsus, P\u00e4devus ja Usaldusv\u00e4\u00e4rsus","potentialAction":[{"@type":"SearchAction","target":{"@type":"EntryPoint","urlTemplate":"https:\/\/www.kliinikum.ee\/yhendlabor\/?s={search_term_string}"},"query-input":{"@type":"PropertyValueSpecification","valueRequired":true,"valueName":"search_term_string"}}],"inLanguage":"et"}]}},"uagb_featured_image_src":{"full":false,"thumbnail":false,"medium":false,"medium_large":false,"large":false,"1536x1536":false,"2048x2048":false},"uagb_author_info":{"display_name":"Kadi Siigur","author_link":"https:\/\/www.kliinikum.ee\/yhendlabor\/author\/kadisi\/"},"uagb_comment_info":0,"uagb_excerpt":"Kliinilise keemia ja laboratoorse hematoloogia osakond Gentam\u00fctsiin on aminogl\u00fckosiid, mis toimib bakteritsiidselt aeroobsetele gram-negatiivsetele bakteritele, staf\u00fclokokkidele ning Listeria monocytogenes\u2019ele. Gentam\u00fctsiin imendub intramuskulaarsel manustamisel kiiresti ja t\u00e4ielikult. Maksimaalne kontsentratsioon seerumis kujuneb 30\u201390 minutit p\u00e4rast manustamist. Imendumine on aeglasem halva verevarustusega lihastes. Manustamisel infusioonina (20\u201330 minuti jooksul) on kontsentratsioon vereseerumis v\u00f5rdne sama ravimiannuse intramuskulaarsel manustamisel saavutatud kontsentratsiooniga.&hellip;","_links":{"self":[{"href":"https:\/\/www.kliinikum.ee\/yhendlabor\/wp-json\/wp\/v2\/pages\/12468","targetHints":{"allow":["GET"]}}],"collection":[{"href":"https:\/\/www.kliinikum.ee\/yhendlabor\/wp-json\/wp\/v2\/pages"}],"about":[{"href":"https:\/\/www.kliinikum.ee\/yhendlabor\/wp-json\/wp\/v2\/types\/page"}],"author":[{"embeddable":true,"href":"https:\/\/www.kliinikum.ee\/yhendlabor\/wp-json\/wp\/v2\/users\/38"}],"replies":[{"embeddable":true,"href":"https:\/\/www.kliinikum.ee\/yhendlabor\/wp-json\/wp\/v2\/comments?post=12468"}],"version-history":[{"count":0,"href":"https:\/\/www.kliinikum.ee\/yhendlabor\/wp-json\/wp\/v2\/pages\/12468\/revisions"}],"up":[{"embeddable":true,"href":"https:\/\/www.kliinikum.ee\/yhendlabor\/wp-json\/wp\/v2\/pages\/7301"}],"wp:attachment":[{"href":"https:\/\/www.kliinikum.ee\/yhendlabor\/wp-json\/wp\/v2\/media?parent=12468"}],"curies":[{"name":"wp","href":"https:\/\/api.w.org\/{rel}","templated":true}]}}