{"id":12477,"date":"2025-07-30T18:39:14","date_gmt":"2025-07-30T16:39:14","guid":{"rendered":"https:\/\/www.kliinikum.ee\/yhendlabor\/?page_id=12477"},"modified":"2025-12-11T17:23:44","modified_gmt":"2025-12-11T15:23:44","slug":"karbamasepiin-sp-carba","status":"publish","type":"page","link":"https:\/\/www.kliinikum.ee\/yhendlabor\/kasiraamat\/ravimiseire-uuringud\/karbamasepiin-sp-carba\/","title":{"rendered":"Karbamasepiin (S,P-Carba)"},"content":{"rendered":"\n<p><em>Kliinilise keemia ja laboratoorse hematoloogia osakond<\/em><\/p>\n\n\n\n<p><strong>Karbamasepiin <\/strong>on krambivastane ravim, mida kasutatakse nii generaliseerunud kui partsiaalsete hoogudega epilepsia ja ka kolmikn\u00e4rvi neuralgia ravis. Suukaudsel manustamisel imendub ta kiiresti, kuid farmakokineetika ja -d\u00fcnaamika v\u00f5ivad olla indiviiditi k\u00fcllaltki varieeruvad. Plasmas on 70\u201380% ravimist seotud valkudega, metabolism toimub maksas ning eritumine neerude kaudu. Ravimi poolv\u00e4\u00e4rtusaeg on keskmiselt 24 tundi, pikaajalisel ravil oleval patsiendil l\u00fcheneb see 15\u201320 tunnini. Regulaarsel manustamisel saavutatakse stabiilne ravimi tase veres t\u00e4iskasvanutel 2\u20136 \u00f6\u00f6p\u00e4eva, lastel 2\u20134 \u00f6\u00f6p\u00e4eva j\u00e4rel alates ravi algusest. Mitmed ravimid v\u00f5ivad p\u00f5hjustada karbamasepiini kontsentratsiooni suurenemist v\u00f5i v\u00e4henemist, nt fenobarbitaali ja fen\u00fctoiini samaaegne kasutamine kiirendab karbamasepiini metabolismi. Sagedasemad toksilised n\u00e4hud karbamasepiini \u00fcledoseerimisel on n\u00fcstagmid, ataksia, n\u00e4gemish\u00e4ired, unisus. K\u00f5ige ohtlikum toksiline toime on luu\u00fcdi supressioon ning aplastilise aneemia teke, seda esineb aga siiski harva ja see on p\u00f5hjustatud idios\u00fcnkraasiast.<\/p>\n\n\n\n<p class=\"has-medium-font-size\"><strong>Uuritav materjal, selle v\u00f5tmine, saatmine ja s\u00e4ilitamine<\/strong><\/p>\n\n\n\n<p>Proov tuleb v\u00f5tta vahetult enne j\u00e4rgmise ravimiannuse manustamist!<\/p>\n\n\n\n<figure class=\"wp-block-table is-style-stripes\"><table width=\"100%\"><tbody><tr><td width=\"1%\"><\/td><td width=\"15%\"><strong>Katsuti<\/strong><\/td><td width=\"84%\">Geeli ja h\u00fc\u00fcbimisaktivaatoriga katsuti (punane kollase r\u00f5ngaga v\u00f5i kollane kork) v\u00f5i geeliga LH-katsuti (roheline kollase r\u00f5ngaga v\u00f5i heleroheline kork)<\/td><\/tr><tr><td><\/td><td><strong>S\u00e4ilivus<\/strong><\/td><td>Seerum\/plasma toatemperatuuril kaks p\u00e4eva, +4 \u00b0C seitse p\u00e4eva, \u00a0-20 \u00b0C neli n\u00e4dalat<\/td><\/tr><\/tbody><\/table><\/figure>\n\n\n\n<p class=\"has-medium-font-size\"><strong>Anal\u00fc\u00fcsi tegemise aeg:<\/strong> \u00f6\u00f6p\u00e4evaringselt<\/p>\n\n\n\n<p class=\"has-medium-font-size\"><strong>Anal\u00fc\u00fcsimeetod:<\/strong> mikroosakeste kineetilise interaktsiooni meetod (KIMS)<\/p>\n\n\n\n<p class=\"has-medium-font-size\"><strong>Referentsv\u00e4\u00e4rtused<\/strong><\/p>\n\n\n\n<figure class=\"wp-block-table\"><table width=\"100%\"><tbody><tr><td width=\"1%\"><\/td><td width=\"33%\"><strong>K\u00f5ik vanusegrupid<\/strong><\/td><td width=\"33%\">Terapeutiline kontsentratsioon<\/td><td width=\"33%\">4\u201312 mg\/L<\/td><\/tr><tr><td><\/td><td><\/td><td>Toksiline kontsentratsioon<\/td><td>> 15 mg\/L<\/td><\/tr><\/tbody><\/table><\/figure>\n\n\n\n<p class=\"has-medium-font-size\"><strong>N\u00e4idustus ja kliiniline t\u00e4hendus<\/strong><\/p>\n\n\n\n<p>Optimaalse raviskeemi leidmine ja kontroll, ravimim\u00fcrgistuse diagnostika.<\/p>\n\n\n\n<p>Koostajad: Ene Ora, Kaja Vaagen<br>Muudetud 11.09.2023<\/p>\n","protected":false},"excerpt":{"rendered":"<p>Kliinilise keemia ja laboratoorse hematoloogia osakond Karbamasepiin on krambivastane ravim, mida kasutatakse nii generaliseerunud kui partsiaalsete hoogudega epilepsia ja ka kolmikn\u00e4rvi neuralgia ravis. Suukaudsel manustamisel imendub ta kiiresti, kuid farmakokineetika ja -d\u00fcnaamika v\u00f5ivad olla indiviiditi k\u00fcllaltki varieeruvad. Plasmas on 70\u201380% ravimist seotud valkudega, metabolism toimub maksas ning eritumine neerude kaudu. Ravimi poolv\u00e4\u00e4rtusaeg on keskmiselt 24 [&hellip;]<\/p>\n","protected":false},"author":38,"featured_media":0,"parent":7301,"menu_order":11,"comment_status":"closed","ping_status":"closed","template":"","meta":{"_uag_custom_page_level_css":"","footnotes":""},"class_list":["post-12477","page","type-page","status-publish","hentry"],"acf":[],"yoast_head":"<!-- This site is optimized with the Yoast SEO plugin v27.3 - https:\/\/yoast.com\/product\/yoast-seo-wordpress\/ -->\n<title>Karbamasepiin (S,P-Carba) - \u00dchendlabor<\/title>\n<meta name=\"robots\" content=\"index, follow, max-snippet:-1, max-image-preview:large, max-video-preview:-1\" \/>\n<link rel=\"canonical\" href=\"https:\/\/www.kliinikum.ee\/yhendlabor\/kasiraamat\/ravimiseire-uuringud\/karbamasepiin-sp-carba\/\" \/>\n<meta property=\"og:locale\" content=\"et_EE\" \/>\n<meta property=\"og:type\" content=\"article\" \/>\n<meta property=\"og:title\" content=\"Karbamasepiin (S,P-Carba) - \u00dchendlabor\" \/>\n<meta property=\"og:description\" content=\"Kliinilise keemia ja laboratoorse hematoloogia osakond Karbamasepiin on krambivastane ravim, mida kasutatakse nii generaliseerunud kui partsiaalsete hoogudega epilepsia ja ka kolmikn\u00e4rvi neuralgia ravis. Suukaudsel manustamisel imendub ta kiiresti, kuid farmakokineetika ja -d\u00fcnaamika v\u00f5ivad olla indiviiditi k\u00fcllaltki varieeruvad. Plasmas on 70\u201380% ravimist seotud valkudega, metabolism toimub maksas ning eritumine neerude kaudu. Ravimi poolv\u00e4\u00e4rtusaeg on keskmiselt 24 [&hellip;]\" \/>\n<meta property=\"og:url\" content=\"https:\/\/www.kliinikum.ee\/yhendlabor\/kasiraamat\/ravimiseire-uuringud\/karbamasepiin-sp-carba\/\" \/>\n<meta property=\"og:site_name\" content=\"\u00dchendlabor\" \/>\n<meta property=\"article:modified_time\" content=\"2025-12-11T15:23:44+00:00\" \/>\n<meta name=\"twitter:card\" content=\"summary_large_image\" \/>\n<meta name=\"twitter:label1\" content=\"Est. reading time\" \/>\n\t<meta name=\"twitter:data1\" content=\"2 minutit\" \/>\n<script type=\"application\/ld+json\" class=\"yoast-schema-graph\">{\"@context\":\"https:\\\/\\\/schema.org\",\"@graph\":[{\"@type\":\"WebPage\",\"@id\":\"https:\\\/\\\/www.kliinikum.ee\\\/yhendlabor\\\/kasiraamat\\\/ravimiseire-uuringud\\\/karbamasepiin-sp-carba\\\/\",\"url\":\"https:\\\/\\\/www.kliinikum.ee\\\/yhendlabor\\\/kasiraamat\\\/ravimiseire-uuringud\\\/karbamasepiin-sp-carba\\\/\",\"name\":\"Karbamasepiin (S,P-Carba) - \u00dchendlabor\",\"isPartOf\":{\"@id\":\"https:\\\/\\\/www.kliinikum.ee\\\/yhendlabor\\\/#website\"},\"datePublished\":\"2025-07-30T16:39:14+00:00\",\"dateModified\":\"2025-12-11T15:23:44+00:00\",\"breadcrumb\":{\"@id\":\"https:\\\/\\\/www.kliinikum.ee\\\/yhendlabor\\\/kasiraamat\\\/ravimiseire-uuringud\\\/karbamasepiin-sp-carba\\\/#breadcrumb\"},\"inLanguage\":\"et\",\"potentialAction\":[{\"@type\":\"ReadAction\",\"target\":[\"https:\\\/\\\/www.kliinikum.ee\\\/yhendlabor\\\/kasiraamat\\\/ravimiseire-uuringud\\\/karbamasepiin-sp-carba\\\/\"]}]},{\"@type\":\"BreadcrumbList\",\"@id\":\"https:\\\/\\\/www.kliinikum.ee\\\/yhendlabor\\\/kasiraamat\\\/ravimiseire-uuringud\\\/karbamasepiin-sp-carba\\\/#breadcrumb\",\"itemListElement\":[{\"@type\":\"ListItem\",\"position\":1,\"name\":\"Home\",\"item\":\"https:\\\/\\\/www.kliinikum.ee\\\/yhendlabor\\\/\"},{\"@type\":\"ListItem\",\"position\":2,\"name\":\"K\u00e4siraamat\",\"item\":\"https:\\\/\\\/www.kliinikum.ee\\\/yhendlabor\\\/kasiraamat\\\/\"},{\"@type\":\"ListItem\",\"position\":3,\"name\":\"Ravimiseire uuringud\",\"item\":\"https:\\\/\\\/www.kliinikum.ee\\\/yhendlabor\\\/kasiraamat\\\/ravimiseire-uuringud\\\/\"},{\"@type\":\"ListItem\",\"position\":4,\"name\":\"Karbamasepiin (S,P-Carba)\"}]},{\"@type\":\"WebSite\",\"@id\":\"https:\\\/\\\/www.kliinikum.ee\\\/yhendlabor\\\/#website\",\"url\":\"https:\\\/\\\/www.kliinikum.ee\\\/yhendlabor\\\/\",\"name\":\"\u00dchendlabor\",\"description\":\"Hoolivus, Uuendusmeelsus, P\u00e4devus ja Usaldusv\u00e4\u00e4rsus\",\"potentialAction\":[{\"@type\":\"SearchAction\",\"target\":{\"@type\":\"EntryPoint\",\"urlTemplate\":\"https:\\\/\\\/www.kliinikum.ee\\\/yhendlabor\\\/?s={search_term_string}\"},\"query-input\":{\"@type\":\"PropertyValueSpecification\",\"valueRequired\":true,\"valueName\":\"search_term_string\"}}],\"inLanguage\":\"et\"}]}<\/script>\n<!-- \/ Yoast SEO plugin. -->","yoast_head_json":{"title":"Karbamasepiin (S,P-Carba) - \u00dchendlabor","robots":{"index":"index","follow":"follow","max-snippet":"max-snippet:-1","max-image-preview":"max-image-preview:large","max-video-preview":"max-video-preview:-1"},"canonical":"https:\/\/www.kliinikum.ee\/yhendlabor\/kasiraamat\/ravimiseire-uuringud\/karbamasepiin-sp-carba\/","og_locale":"et_EE","og_type":"article","og_title":"Karbamasepiin (S,P-Carba) - \u00dchendlabor","og_description":"Kliinilise keemia ja laboratoorse hematoloogia osakond Karbamasepiin on krambivastane ravim, mida kasutatakse nii generaliseerunud kui partsiaalsete hoogudega epilepsia ja ka kolmikn\u00e4rvi neuralgia ravis. Suukaudsel manustamisel imendub ta kiiresti, kuid farmakokineetika ja -d\u00fcnaamika v\u00f5ivad olla indiviiditi k\u00fcllaltki varieeruvad. Plasmas on 70\u201380% ravimist seotud valkudega, metabolism toimub maksas ning eritumine neerude kaudu. Ravimi poolv\u00e4\u00e4rtusaeg on keskmiselt 24 [&hellip;]","og_url":"https:\/\/www.kliinikum.ee\/yhendlabor\/kasiraamat\/ravimiseire-uuringud\/karbamasepiin-sp-carba\/","og_site_name":"\u00dchendlabor","article_modified_time":"2025-12-11T15:23:44+00:00","twitter_card":"summary_large_image","twitter_misc":{"Est. reading time":"2 minutit"},"schema":{"@context":"https:\/\/schema.org","@graph":[{"@type":"WebPage","@id":"https:\/\/www.kliinikum.ee\/yhendlabor\/kasiraamat\/ravimiseire-uuringud\/karbamasepiin-sp-carba\/","url":"https:\/\/www.kliinikum.ee\/yhendlabor\/kasiraamat\/ravimiseire-uuringud\/karbamasepiin-sp-carba\/","name":"Karbamasepiin (S,P-Carba) - \u00dchendlabor","isPartOf":{"@id":"https:\/\/www.kliinikum.ee\/yhendlabor\/#website"},"datePublished":"2025-07-30T16:39:14+00:00","dateModified":"2025-12-11T15:23:44+00:00","breadcrumb":{"@id":"https:\/\/www.kliinikum.ee\/yhendlabor\/kasiraamat\/ravimiseire-uuringud\/karbamasepiin-sp-carba\/#breadcrumb"},"inLanguage":"et","potentialAction":[{"@type":"ReadAction","target":["https:\/\/www.kliinikum.ee\/yhendlabor\/kasiraamat\/ravimiseire-uuringud\/karbamasepiin-sp-carba\/"]}]},{"@type":"BreadcrumbList","@id":"https:\/\/www.kliinikum.ee\/yhendlabor\/kasiraamat\/ravimiseire-uuringud\/karbamasepiin-sp-carba\/#breadcrumb","itemListElement":[{"@type":"ListItem","position":1,"name":"Home","item":"https:\/\/www.kliinikum.ee\/yhendlabor\/"},{"@type":"ListItem","position":2,"name":"K\u00e4siraamat","item":"https:\/\/www.kliinikum.ee\/yhendlabor\/kasiraamat\/"},{"@type":"ListItem","position":3,"name":"Ravimiseire uuringud","item":"https:\/\/www.kliinikum.ee\/yhendlabor\/kasiraamat\/ravimiseire-uuringud\/"},{"@type":"ListItem","position":4,"name":"Karbamasepiin (S,P-Carba)"}]},{"@type":"WebSite","@id":"https:\/\/www.kliinikum.ee\/yhendlabor\/#website","url":"https:\/\/www.kliinikum.ee\/yhendlabor\/","name":"\u00dchendlabor","description":"Hoolivus, Uuendusmeelsus, P\u00e4devus ja Usaldusv\u00e4\u00e4rsus","potentialAction":[{"@type":"SearchAction","target":{"@type":"EntryPoint","urlTemplate":"https:\/\/www.kliinikum.ee\/yhendlabor\/?s={search_term_string}"},"query-input":{"@type":"PropertyValueSpecification","valueRequired":true,"valueName":"search_term_string"}}],"inLanguage":"et"}]}},"uagb_featured_image_src":{"full":false,"thumbnail":false,"medium":false,"medium_large":false,"large":false,"1536x1536":false,"2048x2048":false},"uagb_author_info":{"display_name":"Kadi Siigur","author_link":"https:\/\/www.kliinikum.ee\/yhendlabor\/author\/kadisi\/"},"uagb_comment_info":0,"uagb_excerpt":"Kliinilise keemia ja laboratoorse hematoloogia osakond Karbamasepiin on krambivastane ravim, mida kasutatakse nii generaliseerunud kui partsiaalsete hoogudega epilepsia ja ka kolmikn\u00e4rvi neuralgia ravis. Suukaudsel manustamisel imendub ta kiiresti, kuid farmakokineetika ja -d\u00fcnaamika v\u00f5ivad olla indiviiditi k\u00fcllaltki varieeruvad. Plasmas on 70\u201380% ravimist seotud valkudega, metabolism toimub maksas ning eritumine neerude kaudu. Ravimi poolv\u00e4\u00e4rtusaeg on keskmiselt 24&hellip;","_links":{"self":[{"href":"https:\/\/www.kliinikum.ee\/yhendlabor\/wp-json\/wp\/v2\/pages\/12477","targetHints":{"allow":["GET"]}}],"collection":[{"href":"https:\/\/www.kliinikum.ee\/yhendlabor\/wp-json\/wp\/v2\/pages"}],"about":[{"href":"https:\/\/www.kliinikum.ee\/yhendlabor\/wp-json\/wp\/v2\/types\/page"}],"author":[{"embeddable":true,"href":"https:\/\/www.kliinikum.ee\/yhendlabor\/wp-json\/wp\/v2\/users\/38"}],"replies":[{"embeddable":true,"href":"https:\/\/www.kliinikum.ee\/yhendlabor\/wp-json\/wp\/v2\/comments?post=12477"}],"version-history":[{"count":0,"href":"https:\/\/www.kliinikum.ee\/yhendlabor\/wp-json\/wp\/v2\/pages\/12477\/revisions"}],"up":[{"embeddable":true,"href":"https:\/\/www.kliinikum.ee\/yhendlabor\/wp-json\/wp\/v2\/pages\/7301"}],"wp:attachment":[{"href":"https:\/\/www.kliinikum.ee\/yhendlabor\/wp-json\/wp\/v2\/media?parent=12477"}],"curies":[{"name":"wp","href":"https:\/\/api.w.org\/{rel}","templated":true}]}}