{"id":12481,"date":"2025-07-30T18:46:41","date_gmt":"2025-07-30T16:46:41","guid":{"rendered":"https:\/\/www.kliinikum.ee\/yhendlabor\/?page_id=12481"},"modified":"2025-12-11T17:24:50","modified_gmt":"2025-12-11T15:24:50","slug":"klaritromutsiin-sp-clarithromycin","status":"publish","type":"page","link":"https:\/\/www.kliinikum.ee\/yhendlabor\/kasiraamat\/ravimiseire-uuringud\/klaritromutsiin-sp-clarithromycin\/","title":{"rendered":"Klaritrom\u00fctsiin (S,P-Clarithromycin)"},"content":{"rendered":"\n<p><em>Kliinilise keemia ja laboratoorse hematoloogia osakond<\/em><\/p>\n\n\n\n<p><strong>Klaritrom\u00fctsiin <\/strong>on makroliidide klassi kuuluv laia toimespektriga antibiootikum, mille toimespektri hulka kuulub nii gramnegatiivseid kui grampositiivseid baktereid kui ka \u00a0<em>Mycobacterium avium complex (MAC)<\/em>. MAC-i p\u00f5hjustatud infektsioonide ravi on pikaajaline. Klaritrom\u00fctsiini antibakteriaalne toime avaldub l\u00e4bi bakterite valkude s\u00fcnteesi inhibeerimise.<\/p>\n\n\n\n<p>Biosaadavus on suukaudsel manustamisel 55%. Maksimaalne kontsentratsioon plasmas saabub &lt; 3 tunni jooksul.&nbsp; Plasmavalkudega seondub klaritrom\u00fctsiin v\u00e4he.<\/p>\n\n\n\n<p>Klaritrom\u00fctsiin metaboliseerub peamiselt maksas. Oluline antimikrobiaalse aktiivsusega metaboliit on 14-h\u00fcdroks\u00fcklaritrom\u00fctsiin. Klaritrom\u00fctsiin eritub umbes 30% ulatuses muutumatuna uriiniga, v\u00e4hemal m\u00e4\u00e4ral (4%) ka v\u00e4ljaheitega. Klaritrom\u00fctsiini poolv\u00e4\u00e4rtusaeg on 250 mg annuse puhul 3\u20134 tundi ja 500 mg annuse puhul 5\u20137 tundi. Rifampitsiini samaaegne kasutamine v\u00e4hendab oluliselt klaritrom\u00fctsiini plasmakontsentratsiooni.<\/p>\n\n\n\n<p>K\u00f5rvaltoimetena esineb iiveldust, oksendamist, k\u00f5hulahtisust, k\u00f5huvalu, maksakahjustust, QT aja pikenemist ja s\u00fcdame r\u00fctmih\u00e4ireid. <strong><\/strong><\/p>\n\n\n\n<p class=\"has-medium-font-size\"><strong>Uuritav materjal, selle v\u00f5tmine, saatmine ja s\u00e4ilitamine<\/strong><\/p>\n\n\n\n<p>M\u00f5\u00f5detakse tippkontsentratsiooni (C<sub>max<\/sub>) 2 tunni m\u00f6\u00f6dudes ravimi manustamisest.<\/p>\n\n\n\n<figure class=\"wp-block-table is-style-stripes\"><table width=\"100%\"><tbody><tr><td width=\"1%\"><\/td><td width=\"15%\"><strong>Katsuti<\/strong><\/td><td width=\"84%\">K2E\/K3E-katsuti (lilla kork)<\/td><\/tr><tr><td><\/td><td><strong>S\u00e4ilivus<\/strong><\/td><td>Plasma + 4 \u00baC kolm p\u00e4eva, -20 \u00baC pikemat aega<\/td><\/tr><\/tbody><\/table><\/figure>\n\n\n\n<p class=\"has-medium-font-size\"><strong>Anal\u00fc\u00fcsi tegemise aeg: <\/strong>t\u00f6\u00f6p\u00e4eviti<\/p>\n\n\n\n<p class=\"has-medium-font-size\"><strong>Anal\u00fc\u00fcsimeetod: <\/strong>vedelikkromatograafia-massispektromeetria (LC-MS\/MS)<\/p>\n\n\n\n<p class=\"has-medium-font-size\"><strong>Referentsv\u00e4\u00e4rtused<\/strong><\/p>\n\n\n\n<p>Terapeutiline vahemik ja toksiline piir ei ole \u00fcheselt m\u00e4\u00e4ratud. Ravimseire jaoks k\u00f5ige informatiivsemaks n\u00e4itajaks on tippkontsentratsioon (C<sub>max<\/sub>), kuna baaskontsentratsioon on liiga madal m\u00f5\u00f5temetoodikaga detekteerimiseks. M\u00f5ne patsiendi puhul v\u00f5ib optimaalne ravivastus olla ravimikontsentratsiooni juures, mis j\u00e4\u00e4b antud vahemikust v\u00e4lja.<\/p>\n\n\n\n<figure class=\"wp-block-table\"><table width=\"100%\"><tbody><tr><td width=\"1%\"><\/td><td width=\"50%\"><strong>Soovituslik C<sub>max <\/sub>\u00a0(1,2) \u00a0<\/strong><\/td><td width=\"49%\">&gt; 2 \u00b5g\/mL<\/td><\/tr><tr><td><\/td><td><strong>Toksiline kontsentratsioon<\/strong><\/td><td>Ei ole \u00fcheselt m\u00e4\u00e4ratletud<\/td><\/tr><\/tbody><\/table><\/figure>\n\n\n\n<p class=\"has-medium-font-size\"><strong>N\u00e4idustus ja kliiniline t\u00e4hendus<\/strong><\/p>\n\n\n\n<p><em>Mycobacterium avium complex<\/em>\u2019i p\u00f5hjustatud infektsioonide ravi j\u00e4lgimine, optimaalse raviskeemi leidmine.<\/p>\n\n\n\n<p class=\"has-medium-font-size\"><strong>Kasutatud kirjandus<\/strong><\/p>\n\n\n\n<ol class=\"wp-block-list\">\n<li>van Ingen J, Egelund EF, Levin A, Totten SE, Boeree MJ, Mouton JW, et al. The pharmacokinetics and pharmacodynamics of pulmonary Mycobacterium avium complex disease treatment. Am J Respir Crit Care Med. 2012;186:559\u201365<\/li>\n\n\n\n<li>Koh W-J, Jeong B-H, Jeon K, Lee S-Y, Shin SJ. Therapeutic drug monitoring in the treatment of Mycobacterium avium complex lung disease. Am J Respir Crit Care Med. 2012;186:797\u2013802.<\/li>\n\n\n\n<li>Alffenaar J-W, M\u00e4rtson A-G, Heysell SK, Cho J-G, Patanwala A, Burch G, et al. Therapeutic Drug Monitoring in Non-Tuberculosis Mycobacteria infections. Clin Pharmacokinet. 2021;60:711\u2013725<\/li>\n<\/ol>\n\n\n\n<p>Koostajad: Johannes P\u00e4rtel Truusalu, Jelena Beljantseva<br>Muudetud 29.04.2024<\/p>\n","protected":false},"excerpt":{"rendered":"<p>Kliinilise keemia ja laboratoorse hematoloogia osakond Klaritrom\u00fctsiin on makroliidide klassi kuuluv laia toimespektriga antibiootikum, mille toimespektri hulka kuulub nii gramnegatiivseid kui grampositiivseid baktereid kui ka \u00a0Mycobacterium avium complex (MAC). MAC-i p\u00f5hjustatud infektsioonide ravi on pikaajaline. Klaritrom\u00fctsiini antibakteriaalne toime avaldub l\u00e4bi bakterite valkude s\u00fcnteesi inhibeerimise. Biosaadavus on suukaudsel manustamisel 55%. Maksimaalne kontsentratsioon plasmas saabub &lt; 3 [&hellip;]<\/p>\n","protected":false},"author":38,"featured_media":0,"parent":7301,"menu_order":12,"comment_status":"closed","ping_status":"closed","template":"","meta":{"_uag_custom_page_level_css":"","footnotes":""},"class_list":["post-12481","page","type-page","status-publish","hentry"],"acf":[],"yoast_head":"<!-- This site is optimized with the Yoast SEO plugin v27.3 - https:\/\/yoast.com\/product\/yoast-seo-wordpress\/ -->\n<title>Klaritrom\u00fctsiin (S,P-Clarithromycin) - \u00dchendlabor<\/title>\n<meta name=\"robots\" content=\"index, follow, max-snippet:-1, max-image-preview:large, max-video-preview:-1\" \/>\n<link rel=\"canonical\" href=\"https:\/\/www.kliinikum.ee\/yhendlabor\/kasiraamat\/ravimiseire-uuringud\/klaritromutsiin-sp-clarithromycin\/\" \/>\n<meta property=\"og:locale\" content=\"et_EE\" \/>\n<meta property=\"og:type\" content=\"article\" \/>\n<meta property=\"og:title\" content=\"Klaritrom\u00fctsiin (S,P-Clarithromycin) - \u00dchendlabor\" \/>\n<meta property=\"og:description\" content=\"Kliinilise keemia ja laboratoorse hematoloogia osakond Klaritrom\u00fctsiin on makroliidide klassi kuuluv laia toimespektriga antibiootikum, mille toimespektri hulka kuulub nii gramnegatiivseid kui grampositiivseid baktereid kui ka \u00a0Mycobacterium avium complex (MAC). MAC-i p\u00f5hjustatud infektsioonide ravi on pikaajaline. Klaritrom\u00fctsiini antibakteriaalne toime avaldub l\u00e4bi bakterite valkude s\u00fcnteesi inhibeerimise. Biosaadavus on suukaudsel manustamisel 55%. Maksimaalne kontsentratsioon plasmas saabub &lt; 3 [&hellip;]\" \/>\n<meta property=\"og:url\" content=\"https:\/\/www.kliinikum.ee\/yhendlabor\/kasiraamat\/ravimiseire-uuringud\/klaritromutsiin-sp-clarithromycin\/\" \/>\n<meta property=\"og:site_name\" content=\"\u00dchendlabor\" \/>\n<meta property=\"article:modified_time\" content=\"2025-12-11T15:24:50+00:00\" \/>\n<meta name=\"twitter:card\" content=\"summary_large_image\" \/>\n<meta name=\"twitter:label1\" content=\"Est. reading time\" \/>\n\t<meta name=\"twitter:data1\" content=\"2 minutit\" \/>\n<script type=\"application\/ld+json\" class=\"yoast-schema-graph\">{\"@context\":\"https:\\\/\\\/schema.org\",\"@graph\":[{\"@type\":\"WebPage\",\"@id\":\"https:\\\/\\\/www.kliinikum.ee\\\/yhendlabor\\\/kasiraamat\\\/ravimiseire-uuringud\\\/klaritromutsiin-sp-clarithromycin\\\/\",\"url\":\"https:\\\/\\\/www.kliinikum.ee\\\/yhendlabor\\\/kasiraamat\\\/ravimiseire-uuringud\\\/klaritromutsiin-sp-clarithromycin\\\/\",\"name\":\"Klaritrom\u00fctsiin (S,P-Clarithromycin) - \u00dchendlabor\",\"isPartOf\":{\"@id\":\"https:\\\/\\\/www.kliinikum.ee\\\/yhendlabor\\\/#website\"},\"datePublished\":\"2025-07-30T16:46:41+00:00\",\"dateModified\":\"2025-12-11T15:24:50+00:00\",\"breadcrumb\":{\"@id\":\"https:\\\/\\\/www.kliinikum.ee\\\/yhendlabor\\\/kasiraamat\\\/ravimiseire-uuringud\\\/klaritromutsiin-sp-clarithromycin\\\/#breadcrumb\"},\"inLanguage\":\"et\",\"potentialAction\":[{\"@type\":\"ReadAction\",\"target\":[\"https:\\\/\\\/www.kliinikum.ee\\\/yhendlabor\\\/kasiraamat\\\/ravimiseire-uuringud\\\/klaritromutsiin-sp-clarithromycin\\\/\"]}]},{\"@type\":\"BreadcrumbList\",\"@id\":\"https:\\\/\\\/www.kliinikum.ee\\\/yhendlabor\\\/kasiraamat\\\/ravimiseire-uuringud\\\/klaritromutsiin-sp-clarithromycin\\\/#breadcrumb\",\"itemListElement\":[{\"@type\":\"ListItem\",\"position\":1,\"name\":\"Home\",\"item\":\"https:\\\/\\\/www.kliinikum.ee\\\/yhendlabor\\\/\"},{\"@type\":\"ListItem\",\"position\":2,\"name\":\"K\u00e4siraamat\",\"item\":\"https:\\\/\\\/www.kliinikum.ee\\\/yhendlabor\\\/kasiraamat\\\/\"},{\"@type\":\"ListItem\",\"position\":3,\"name\":\"Ravimiseire uuringud\",\"item\":\"https:\\\/\\\/www.kliinikum.ee\\\/yhendlabor\\\/kasiraamat\\\/ravimiseire-uuringud\\\/\"},{\"@type\":\"ListItem\",\"position\":4,\"name\":\"Klaritrom\u00fctsiin (S,P-Clarithromycin)\"}]},{\"@type\":\"WebSite\",\"@id\":\"https:\\\/\\\/www.kliinikum.ee\\\/yhendlabor\\\/#website\",\"url\":\"https:\\\/\\\/www.kliinikum.ee\\\/yhendlabor\\\/\",\"name\":\"\u00dchendlabor\",\"description\":\"Hoolivus, Uuendusmeelsus, P\u00e4devus ja Usaldusv\u00e4\u00e4rsus\",\"potentialAction\":[{\"@type\":\"SearchAction\",\"target\":{\"@type\":\"EntryPoint\",\"urlTemplate\":\"https:\\\/\\\/www.kliinikum.ee\\\/yhendlabor\\\/?s={search_term_string}\"},\"query-input\":{\"@type\":\"PropertyValueSpecification\",\"valueRequired\":true,\"valueName\":\"search_term_string\"}}],\"inLanguage\":\"et\"}]}<\/script>\n<!-- \/ Yoast SEO plugin. -->","yoast_head_json":{"title":"Klaritrom\u00fctsiin (S,P-Clarithromycin) - \u00dchendlabor","robots":{"index":"index","follow":"follow","max-snippet":"max-snippet:-1","max-image-preview":"max-image-preview:large","max-video-preview":"max-video-preview:-1"},"canonical":"https:\/\/www.kliinikum.ee\/yhendlabor\/kasiraamat\/ravimiseire-uuringud\/klaritromutsiin-sp-clarithromycin\/","og_locale":"et_EE","og_type":"article","og_title":"Klaritrom\u00fctsiin (S,P-Clarithromycin) - \u00dchendlabor","og_description":"Kliinilise keemia ja laboratoorse hematoloogia osakond Klaritrom\u00fctsiin on makroliidide klassi kuuluv laia toimespektriga antibiootikum, mille toimespektri hulka kuulub nii gramnegatiivseid kui grampositiivseid baktereid kui ka \u00a0Mycobacterium avium complex (MAC). MAC-i p\u00f5hjustatud infektsioonide ravi on pikaajaline. Klaritrom\u00fctsiini antibakteriaalne toime avaldub l\u00e4bi bakterite valkude s\u00fcnteesi inhibeerimise. Biosaadavus on suukaudsel manustamisel 55%. Maksimaalne kontsentratsioon plasmas saabub &lt; 3 [&hellip;]","og_url":"https:\/\/www.kliinikum.ee\/yhendlabor\/kasiraamat\/ravimiseire-uuringud\/klaritromutsiin-sp-clarithromycin\/","og_site_name":"\u00dchendlabor","article_modified_time":"2025-12-11T15:24:50+00:00","twitter_card":"summary_large_image","twitter_misc":{"Est. reading time":"2 minutit"},"schema":{"@context":"https:\/\/schema.org","@graph":[{"@type":"WebPage","@id":"https:\/\/www.kliinikum.ee\/yhendlabor\/kasiraamat\/ravimiseire-uuringud\/klaritromutsiin-sp-clarithromycin\/","url":"https:\/\/www.kliinikum.ee\/yhendlabor\/kasiraamat\/ravimiseire-uuringud\/klaritromutsiin-sp-clarithromycin\/","name":"Klaritrom\u00fctsiin (S,P-Clarithromycin) - \u00dchendlabor","isPartOf":{"@id":"https:\/\/www.kliinikum.ee\/yhendlabor\/#website"},"datePublished":"2025-07-30T16:46:41+00:00","dateModified":"2025-12-11T15:24:50+00:00","breadcrumb":{"@id":"https:\/\/www.kliinikum.ee\/yhendlabor\/kasiraamat\/ravimiseire-uuringud\/klaritromutsiin-sp-clarithromycin\/#breadcrumb"},"inLanguage":"et","potentialAction":[{"@type":"ReadAction","target":["https:\/\/www.kliinikum.ee\/yhendlabor\/kasiraamat\/ravimiseire-uuringud\/klaritromutsiin-sp-clarithromycin\/"]}]},{"@type":"BreadcrumbList","@id":"https:\/\/www.kliinikum.ee\/yhendlabor\/kasiraamat\/ravimiseire-uuringud\/klaritromutsiin-sp-clarithromycin\/#breadcrumb","itemListElement":[{"@type":"ListItem","position":1,"name":"Home","item":"https:\/\/www.kliinikum.ee\/yhendlabor\/"},{"@type":"ListItem","position":2,"name":"K\u00e4siraamat","item":"https:\/\/www.kliinikum.ee\/yhendlabor\/kasiraamat\/"},{"@type":"ListItem","position":3,"name":"Ravimiseire uuringud","item":"https:\/\/www.kliinikum.ee\/yhendlabor\/kasiraamat\/ravimiseire-uuringud\/"},{"@type":"ListItem","position":4,"name":"Klaritrom\u00fctsiin (S,P-Clarithromycin)"}]},{"@type":"WebSite","@id":"https:\/\/www.kliinikum.ee\/yhendlabor\/#website","url":"https:\/\/www.kliinikum.ee\/yhendlabor\/","name":"\u00dchendlabor","description":"Hoolivus, Uuendusmeelsus, P\u00e4devus ja Usaldusv\u00e4\u00e4rsus","potentialAction":[{"@type":"SearchAction","target":{"@type":"EntryPoint","urlTemplate":"https:\/\/www.kliinikum.ee\/yhendlabor\/?s={search_term_string}"},"query-input":{"@type":"PropertyValueSpecification","valueRequired":true,"valueName":"search_term_string"}}],"inLanguage":"et"}]}},"uagb_featured_image_src":{"full":false,"thumbnail":false,"medium":false,"medium_large":false,"large":false,"1536x1536":false,"2048x2048":false},"uagb_author_info":{"display_name":"Kadi Siigur","author_link":"https:\/\/www.kliinikum.ee\/yhendlabor\/author\/kadisi\/"},"uagb_comment_info":0,"uagb_excerpt":"Kliinilise keemia ja laboratoorse hematoloogia osakond Klaritrom\u00fctsiin on makroliidide klassi kuuluv laia toimespektriga antibiootikum, mille toimespektri hulka kuulub nii gramnegatiivseid kui grampositiivseid baktereid kui ka \u00a0Mycobacterium avium complex (MAC). MAC-i p\u00f5hjustatud infektsioonide ravi on pikaajaline. Klaritrom\u00fctsiini antibakteriaalne toime avaldub l\u00e4bi bakterite valkude s\u00fcnteesi inhibeerimise. Biosaadavus on suukaudsel manustamisel 55%. Maksimaalne kontsentratsioon plasmas saabub &lt; 3&hellip;","_links":{"self":[{"href":"https:\/\/www.kliinikum.ee\/yhendlabor\/wp-json\/wp\/v2\/pages\/12481","targetHints":{"allow":["GET"]}}],"collection":[{"href":"https:\/\/www.kliinikum.ee\/yhendlabor\/wp-json\/wp\/v2\/pages"}],"about":[{"href":"https:\/\/www.kliinikum.ee\/yhendlabor\/wp-json\/wp\/v2\/types\/page"}],"author":[{"embeddable":true,"href":"https:\/\/www.kliinikum.ee\/yhendlabor\/wp-json\/wp\/v2\/users\/38"}],"replies":[{"embeddable":true,"href":"https:\/\/www.kliinikum.ee\/yhendlabor\/wp-json\/wp\/v2\/comments?post=12481"}],"version-history":[{"count":0,"href":"https:\/\/www.kliinikum.ee\/yhendlabor\/wp-json\/wp\/v2\/pages\/12481\/revisions"}],"up":[{"embeddable":true,"href":"https:\/\/www.kliinikum.ee\/yhendlabor\/wp-json\/wp\/v2\/pages\/7301"}],"wp:attachment":[{"href":"https:\/\/www.kliinikum.ee\/yhendlabor\/wp-json\/wp\/v2\/media?parent=12481"}],"curies":[{"name":"wp","href":"https:\/\/api.w.org\/{rel}","templated":true}]}}