{"id":12485,"date":"2025-07-30T18:51:29","date_gmt":"2025-07-30T16:51:29","guid":{"rendered":"https:\/\/www.kliinikum.ee\/yhendlabor\/?page_id=12485"},"modified":"2025-12-11T17:26:18","modified_gmt":"2025-12-11T15:26:18","slug":"klosapiin-sp-clozap","status":"publish","type":"page","link":"https:\/\/www.kliinikum.ee\/yhendlabor\/kasiraamat\/ravimiseire-uuringud\/klosapiin-sp-clozap\/","title":{"rendered":"Klosapiin (S,P-Clozap)"},"content":{"rendered":"\n<p><em>Kliinilise keemia ja laboratoorse hematoloogia osakond<\/em><\/p>\n\n\n\n<p><strong>Klosapiin <\/strong>kuulub at\u00fc\u00fcpiliste antips\u00fchhootikumide r\u00fchma, mida kasutatakse ravile resistentse skisofreenia puhul ning patsientidel, kellel on teiste antips\u00fchhootiliste ravimite kasutamisel tekkinud rasked ravimatud neuroloogilised k\u00f5rvaltoimed. Samuti on klosapiin n\u00e4idustatud Parkinsoni t\u00f5ve puhul ilmnevate ps\u00fchhootiliste h\u00e4irete korral, kui standardravi on eba\u00f5nnestunud.<\/p>\n\n\n\n<p>Klosapiin imendub h\u00e4sti suukaudsel manustamisel ning maksimaalne plasmakontsentratsioon saavutatakse 1\u20134 tunniga. Ravim metaboliseeritakse maksas enamasti CYP1A2 ens\u00fc\u00fcmi poolt. V\u00e4hesel m\u00e4\u00e4ral osalevad klosapiini metabolismis ka CYP3A4, CYP2D6 ja CYP2C19. Metaboliitidest on ainult norklosapiinil v\u00e4hene bioloogiline aktiivsus. Norklosapiini kontsentratsioon on tavaliselt samal tasemel v\u00f5i madalam kui klosapiini kontsentratsioon. Paljud tegurid, nagu p\u00f5letik, maksapuudulikkus, muud ravimid, suitsetamine ja kofeiin, v\u00f5ivad m\u00f5jutada klosapiini taset.<\/p>\n\n\n\n<p>Vastun\u00e4idustatud on CYP1A2 ens\u00fc\u00fcmi tugevalt inhibeerivad ravimid (nt fluvoksamiin), mis v\u00f5ivad suurendada klosapiini kontsentratsiooni kuni 5\u201310 korda. Samuti v\u00f5ivad teised CYP1A2 inhibiitorid, nagu tsiprofloksatsiin ja isegi rohke kohvi joomine, oluliselt suurendada&nbsp; klosapiini kontsentratsiooni. CYP1A2 ens\u00fc\u00fcmi indutseerijad (nt omeprasool) ja teiste ravimeid metaboliseerivate ens\u00fc\u00fcmide indutseerijad (nt karbamasepiin, fen\u00fctoiin ja rifampitsiin) v\u00f5ivad v\u00e4hendada klosapiini kontsentratsiooni. Suitsetajatel on CYP1A2 aktiivsus suurenenud, mist\u00f5ttu j\u00e4\u00e4b klosapiini sama annuse juures kontsentratsioon neis keskmiselt madalamaks kui mittesuitsetajatel.<\/p>\n\n\n\n<p>K\u00f5ige sagedamasteks k\u00f5rvaln\u00e4htudeks on n\u00e4gemish\u00e4ired, segasus, k\u00f5hukinnisus, pearinglus, minestamine, s\u00fcdame pekslemine, iiveldus, unisus, agranulots\u00fctoos, verer\u00f5hu ja kolesterooli taseme t\u00f5us. \u00dcleannustamisel ilmneb ravimi farmakoloogiliste toimete tugevnemine.<\/p>\n\n\n\n<p class=\"has-medium-font-size\"><strong>Uuritav materjal, selle v\u00f5tmine, saatmine ja s\u00e4ilitamine<\/strong><\/p>\n\n\n\n<p>Proov tuleb v\u00f5tta vahetult enne j\u00e4rgmise ravimiannuse manustamist!<\/p>\n\n\n\n<figure class=\"wp-block-table is-style-stripes\"><table width=\"100%\"><tbody><tr><td width=\"1%\"><\/td><td width=\"15%\"><strong>Katsuti<\/strong><\/td><td width=\"84%\">K2E\/K3E-katsuti (lilla kork)<\/td><\/tr><tr><td><\/td><td><strong>S\u00e4ilivus<\/strong><\/td><td>Plasma&nbsp; +4 \u00b0C viis p\u00e4eva, -20 \u00b0C pikemat aega<\/td><\/tr><\/tbody><\/table><\/figure>\n\n\n\n<p class=\"has-medium-font-size\"><strong>Anal\u00fc\u00fcsi tegemise aeg: <\/strong>\u00fcks kord n\u00e4dalas<\/p>\n\n\n\n<p class=\"has-medium-font-size\"><strong>Anal\u00fc\u00fcsimeetod:<\/strong> vedelikkromatograafia-massispektromeetria (LC-MS\/MS)<\/p>\n\n\n\n<p class=\"has-medium-font-size\"><strong>Referentsv\u00e4\u00e4rtused<\/strong><\/p>\n\n\n\n<figure class=\"wp-block-table\"><table width=\"100%\"><tbody><tr><td width=\"1%\"><\/td><td width=\"33%\"><strong>K\u00f5ik vanusegrupid<\/strong><\/td><td width=\"33%\">Soovituslik terapeutiline kontsentratsioon*<\/td><td width=\"33%\">350\u2013600 \u00b5g\/L<\/td><\/tr><tr><td><\/td><td>&nbsp;<\/td><td>Toksiline kontsentratsioon<\/td><td>&gt; 1000 \u00b5g\/L<\/td><\/tr><\/tbody><\/table><\/figure>\n\n\n\n<p><em>*C. Hiemke et al (2018). \u201eConsensus Guidelines for Therapeutic Drug Monitoring in Neuropsychopharmacology: Update 2017\u201c Pharmacopsychiatry 2018; 51: 9\u201362<\/em><strong><em><\/em><\/strong><\/p>\n\n\n\n<p class=\"has-medium-font-size\"><strong>N\u00e4idustus ja kliiniline t\u00e4hendus<\/strong><\/p>\n\n\n\n<p>Klosapiinravi j\u00e4lgimine. Optimaalse raviskeemi leidmine ja kontroll, ravimim\u00fcrgistuse diagnostika.<\/p>\n\n\n\n<p>Koostaja: Eliise-Rosalinda Ude<br>Koostatud 07.06.2024<\/p>\n","protected":false},"excerpt":{"rendered":"<p>Kliinilise keemia ja laboratoorse hematoloogia osakond Klosapiin kuulub at\u00fc\u00fcpiliste antips\u00fchhootikumide r\u00fchma, mida kasutatakse ravile resistentse skisofreenia puhul ning patsientidel, kellel on teiste antips\u00fchhootiliste ravimite kasutamisel tekkinud rasked ravimatud neuroloogilised k\u00f5rvaltoimed. Samuti on klosapiin n\u00e4idustatud Parkinsoni t\u00f5ve puhul ilmnevate ps\u00fchhootiliste h\u00e4irete korral, kui standardravi on eba\u00f5nnestunud. Klosapiin imendub h\u00e4sti suukaudsel manustamisel ning maksimaalne plasmakontsentratsioon saavutatakse 1\u20134 [&hellip;]<\/p>\n","protected":false},"author":38,"featured_media":0,"parent":7301,"menu_order":13,"comment_status":"closed","ping_status":"closed","template":"","meta":{"_uag_custom_page_level_css":"","footnotes":""},"class_list":["post-12485","page","type-page","status-publish","hentry"],"acf":[],"yoast_head":"<!-- This site is optimized with the Yoast SEO plugin v27.3 - https:\/\/yoast.com\/product\/yoast-seo-wordpress\/ -->\n<title>Klosapiin (S,P-Clozap) - \u00dchendlabor<\/title>\n<meta name=\"robots\" content=\"index, follow, max-snippet:-1, max-image-preview:large, max-video-preview:-1\" \/>\n<link rel=\"canonical\" href=\"https:\/\/www.kliinikum.ee\/yhendlabor\/kasiraamat\/ravimiseire-uuringud\/klosapiin-sp-clozap\/\" \/>\n<meta property=\"og:locale\" content=\"et_EE\" \/>\n<meta property=\"og:type\" content=\"article\" \/>\n<meta property=\"og:title\" content=\"Klosapiin (S,P-Clozap) - \u00dchendlabor\" \/>\n<meta property=\"og:description\" content=\"Kliinilise keemia ja laboratoorse hematoloogia osakond Klosapiin kuulub at\u00fc\u00fcpiliste antips\u00fchhootikumide r\u00fchma, mida kasutatakse ravile resistentse skisofreenia puhul ning patsientidel, kellel on teiste antips\u00fchhootiliste ravimite kasutamisel tekkinud rasked ravimatud neuroloogilised k\u00f5rvaltoimed. Samuti on klosapiin n\u00e4idustatud Parkinsoni t\u00f5ve puhul ilmnevate ps\u00fchhootiliste h\u00e4irete korral, kui standardravi on eba\u00f5nnestunud. Klosapiin imendub h\u00e4sti suukaudsel manustamisel ning maksimaalne plasmakontsentratsioon saavutatakse 1\u20134 [&hellip;]\" \/>\n<meta property=\"og:url\" content=\"https:\/\/www.kliinikum.ee\/yhendlabor\/kasiraamat\/ravimiseire-uuringud\/klosapiin-sp-clozap\/\" \/>\n<meta property=\"og:site_name\" content=\"\u00dchendlabor\" \/>\n<meta property=\"article:modified_time\" content=\"2025-12-11T15:26:18+00:00\" \/>\n<meta name=\"twitter:card\" content=\"summary_large_image\" \/>\n<meta name=\"twitter:label1\" content=\"Est. reading time\" \/>\n\t<meta name=\"twitter:data1\" content=\"2 minutit\" \/>\n<script type=\"application\/ld+json\" class=\"yoast-schema-graph\">{\"@context\":\"https:\\\/\\\/schema.org\",\"@graph\":[{\"@type\":\"WebPage\",\"@id\":\"https:\\\/\\\/www.kliinikum.ee\\\/yhendlabor\\\/kasiraamat\\\/ravimiseire-uuringud\\\/klosapiin-sp-clozap\\\/\",\"url\":\"https:\\\/\\\/www.kliinikum.ee\\\/yhendlabor\\\/kasiraamat\\\/ravimiseire-uuringud\\\/klosapiin-sp-clozap\\\/\",\"name\":\"Klosapiin (S,P-Clozap) - \u00dchendlabor\",\"isPartOf\":{\"@id\":\"https:\\\/\\\/www.kliinikum.ee\\\/yhendlabor\\\/#website\"},\"datePublished\":\"2025-07-30T16:51:29+00:00\",\"dateModified\":\"2025-12-11T15:26:18+00:00\",\"breadcrumb\":{\"@id\":\"https:\\\/\\\/www.kliinikum.ee\\\/yhendlabor\\\/kasiraamat\\\/ravimiseire-uuringud\\\/klosapiin-sp-clozap\\\/#breadcrumb\"},\"inLanguage\":\"et\",\"potentialAction\":[{\"@type\":\"ReadAction\",\"target\":[\"https:\\\/\\\/www.kliinikum.ee\\\/yhendlabor\\\/kasiraamat\\\/ravimiseire-uuringud\\\/klosapiin-sp-clozap\\\/\"]}]},{\"@type\":\"BreadcrumbList\",\"@id\":\"https:\\\/\\\/www.kliinikum.ee\\\/yhendlabor\\\/kasiraamat\\\/ravimiseire-uuringud\\\/klosapiin-sp-clozap\\\/#breadcrumb\",\"itemListElement\":[{\"@type\":\"ListItem\",\"position\":1,\"name\":\"Home\",\"item\":\"https:\\\/\\\/www.kliinikum.ee\\\/yhendlabor\\\/\"},{\"@type\":\"ListItem\",\"position\":2,\"name\":\"K\u00e4siraamat\",\"item\":\"https:\\\/\\\/www.kliinikum.ee\\\/yhendlabor\\\/kasiraamat\\\/\"},{\"@type\":\"ListItem\",\"position\":3,\"name\":\"Ravimiseire uuringud\",\"item\":\"https:\\\/\\\/www.kliinikum.ee\\\/yhendlabor\\\/kasiraamat\\\/ravimiseire-uuringud\\\/\"},{\"@type\":\"ListItem\",\"position\":4,\"name\":\"Klosapiin (S,P-Clozap)\"}]},{\"@type\":\"WebSite\",\"@id\":\"https:\\\/\\\/www.kliinikum.ee\\\/yhendlabor\\\/#website\",\"url\":\"https:\\\/\\\/www.kliinikum.ee\\\/yhendlabor\\\/\",\"name\":\"\u00dchendlabor\",\"description\":\"Hoolivus, Uuendusmeelsus, P\u00e4devus ja Usaldusv\u00e4\u00e4rsus\",\"potentialAction\":[{\"@type\":\"SearchAction\",\"target\":{\"@type\":\"EntryPoint\",\"urlTemplate\":\"https:\\\/\\\/www.kliinikum.ee\\\/yhendlabor\\\/?s={search_term_string}\"},\"query-input\":{\"@type\":\"PropertyValueSpecification\",\"valueRequired\":true,\"valueName\":\"search_term_string\"}}],\"inLanguage\":\"et\"}]}<\/script>\n<!-- \/ Yoast SEO plugin. -->","yoast_head_json":{"title":"Klosapiin (S,P-Clozap) - \u00dchendlabor","robots":{"index":"index","follow":"follow","max-snippet":"max-snippet:-1","max-image-preview":"max-image-preview:large","max-video-preview":"max-video-preview:-1"},"canonical":"https:\/\/www.kliinikum.ee\/yhendlabor\/kasiraamat\/ravimiseire-uuringud\/klosapiin-sp-clozap\/","og_locale":"et_EE","og_type":"article","og_title":"Klosapiin (S,P-Clozap) - \u00dchendlabor","og_description":"Kliinilise keemia ja laboratoorse hematoloogia osakond Klosapiin kuulub at\u00fc\u00fcpiliste antips\u00fchhootikumide r\u00fchma, mida kasutatakse ravile resistentse skisofreenia puhul ning patsientidel, kellel on teiste antips\u00fchhootiliste ravimite kasutamisel tekkinud rasked ravimatud neuroloogilised k\u00f5rvaltoimed. Samuti on klosapiin n\u00e4idustatud Parkinsoni t\u00f5ve puhul ilmnevate ps\u00fchhootiliste h\u00e4irete korral, kui standardravi on eba\u00f5nnestunud. Klosapiin imendub h\u00e4sti suukaudsel manustamisel ning maksimaalne plasmakontsentratsioon saavutatakse 1\u20134 [&hellip;]","og_url":"https:\/\/www.kliinikum.ee\/yhendlabor\/kasiraamat\/ravimiseire-uuringud\/klosapiin-sp-clozap\/","og_site_name":"\u00dchendlabor","article_modified_time":"2025-12-11T15:26:18+00:00","twitter_card":"summary_large_image","twitter_misc":{"Est. reading time":"2 minutit"},"schema":{"@context":"https:\/\/schema.org","@graph":[{"@type":"WebPage","@id":"https:\/\/www.kliinikum.ee\/yhendlabor\/kasiraamat\/ravimiseire-uuringud\/klosapiin-sp-clozap\/","url":"https:\/\/www.kliinikum.ee\/yhendlabor\/kasiraamat\/ravimiseire-uuringud\/klosapiin-sp-clozap\/","name":"Klosapiin (S,P-Clozap) - \u00dchendlabor","isPartOf":{"@id":"https:\/\/www.kliinikum.ee\/yhendlabor\/#website"},"datePublished":"2025-07-30T16:51:29+00:00","dateModified":"2025-12-11T15:26:18+00:00","breadcrumb":{"@id":"https:\/\/www.kliinikum.ee\/yhendlabor\/kasiraamat\/ravimiseire-uuringud\/klosapiin-sp-clozap\/#breadcrumb"},"inLanguage":"et","potentialAction":[{"@type":"ReadAction","target":["https:\/\/www.kliinikum.ee\/yhendlabor\/kasiraamat\/ravimiseire-uuringud\/klosapiin-sp-clozap\/"]}]},{"@type":"BreadcrumbList","@id":"https:\/\/www.kliinikum.ee\/yhendlabor\/kasiraamat\/ravimiseire-uuringud\/klosapiin-sp-clozap\/#breadcrumb","itemListElement":[{"@type":"ListItem","position":1,"name":"Home","item":"https:\/\/www.kliinikum.ee\/yhendlabor\/"},{"@type":"ListItem","position":2,"name":"K\u00e4siraamat","item":"https:\/\/www.kliinikum.ee\/yhendlabor\/kasiraamat\/"},{"@type":"ListItem","position":3,"name":"Ravimiseire uuringud","item":"https:\/\/www.kliinikum.ee\/yhendlabor\/kasiraamat\/ravimiseire-uuringud\/"},{"@type":"ListItem","position":4,"name":"Klosapiin (S,P-Clozap)"}]},{"@type":"WebSite","@id":"https:\/\/www.kliinikum.ee\/yhendlabor\/#website","url":"https:\/\/www.kliinikum.ee\/yhendlabor\/","name":"\u00dchendlabor","description":"Hoolivus, Uuendusmeelsus, P\u00e4devus ja Usaldusv\u00e4\u00e4rsus","potentialAction":[{"@type":"SearchAction","target":{"@type":"EntryPoint","urlTemplate":"https:\/\/www.kliinikum.ee\/yhendlabor\/?s={search_term_string}"},"query-input":{"@type":"PropertyValueSpecification","valueRequired":true,"valueName":"search_term_string"}}],"inLanguage":"et"}]}},"uagb_featured_image_src":{"full":false,"thumbnail":false,"medium":false,"medium_large":false,"large":false,"1536x1536":false,"2048x2048":false},"uagb_author_info":{"display_name":"Kadi Siigur","author_link":"https:\/\/www.kliinikum.ee\/yhendlabor\/author\/kadisi\/"},"uagb_comment_info":0,"uagb_excerpt":"Kliinilise keemia ja laboratoorse hematoloogia osakond Klosapiin kuulub at\u00fc\u00fcpiliste antips\u00fchhootikumide r\u00fchma, mida kasutatakse ravile resistentse skisofreenia puhul ning patsientidel, kellel on teiste antips\u00fchhootiliste ravimite kasutamisel tekkinud rasked ravimatud neuroloogilised k\u00f5rvaltoimed. Samuti on klosapiin n\u00e4idustatud Parkinsoni t\u00f5ve puhul ilmnevate ps\u00fchhootiliste h\u00e4irete korral, kui standardravi on eba\u00f5nnestunud. Klosapiin imendub h\u00e4sti suukaudsel manustamisel ning maksimaalne plasmakontsentratsioon saavutatakse 1\u20134&hellip;","_links":{"self":[{"href":"https:\/\/www.kliinikum.ee\/yhendlabor\/wp-json\/wp\/v2\/pages\/12485","targetHints":{"allow":["GET"]}}],"collection":[{"href":"https:\/\/www.kliinikum.ee\/yhendlabor\/wp-json\/wp\/v2\/pages"}],"about":[{"href":"https:\/\/www.kliinikum.ee\/yhendlabor\/wp-json\/wp\/v2\/types\/page"}],"author":[{"embeddable":true,"href":"https:\/\/www.kliinikum.ee\/yhendlabor\/wp-json\/wp\/v2\/users\/38"}],"replies":[{"embeddable":true,"href":"https:\/\/www.kliinikum.ee\/yhendlabor\/wp-json\/wp\/v2\/comments?post=12485"}],"version-history":[{"count":0,"href":"https:\/\/www.kliinikum.ee\/yhendlabor\/wp-json\/wp\/v2\/pages\/12485\/revisions"}],"up":[{"embeddable":true,"href":"https:\/\/www.kliinikum.ee\/yhendlabor\/wp-json\/wp\/v2\/pages\/7301"}],"wp:attachment":[{"href":"https:\/\/www.kliinikum.ee\/yhendlabor\/wp-json\/wp\/v2\/media?parent=12485"}],"curies":[{"name":"wp","href":"https:\/\/api.w.org\/{rel}","templated":true}]}}