{"id":12489,"date":"2025-07-30T18:59:47","date_gmt":"2025-07-30T16:59:47","guid":{"rendered":"https:\/\/www.kliinikum.ee\/yhendlabor\/?page_id=12489"},"modified":"2025-12-11T17:27:56","modified_gmt":"2025-12-11T15:27:56","slug":"kvetiapiin-p-quetiapine","status":"publish","type":"page","link":"https:\/\/www.kliinikum.ee\/yhendlabor\/kasiraamat\/ravimiseire-uuringud\/kvetiapiin-p-quetiapine\/","title":{"rendered":"Kvetiapiin (P-Quetiapine)"},"content":{"rendered":"\n<p><em>Kliinilise keemia ja laboratoorse hematoloogia osakond<\/em><\/p>\n\n\n\n<p><strong>Kvetiapiin <\/strong>kuulub at\u00fc\u00fcpiliste antips\u00fchhootikumide r\u00fchma, mida kasutatakse skisofreenia ja bipolaarse h\u00e4ire raviks ning depressiooni t\u00e4iendraviks t\u00e4iskasvanutel.<\/p>\n\n\n\n<p>Kvetiapiini manustatakse suukaudselt ning maksimaalne plasmakontsentratsioon saavutatakse ligikaudu 6 tundi p\u00e4rast manustamist. Kvetiapiin imendub h\u00e4sti ning metabolism toimub maksas, kus tekib aktiivne metaboliit norkvetiapiin. Norkvetiapiin moodustab maksimaalselt 35% kvetiapiini kontsentratsioonist ravimi tasakaaluolekus. Kvetiapiin on seondunud 83% ulatuses plasmavalkudega. Ravimit elimineeritakse neerude kaudu. Kvetiapiini ja norkvetiapiini poolv\u00e4\u00e4rtusajad plasmas on ligikaudu 7 ja 12 tundi. Raske neerupuudulikkusega ja teadaoleva maksakahjustusega patsientidel on vajalik annuse kohandamine eliminatsiooni aeglustumise t\u00f5ttu.<\/p>\n\n\n\n<p>Kvetiapiini manustamine koos ketokonasooli ja CYP3A4 inhibiitoritega on vastun\u00e4idustatud, kuna need t\u00f5stavad kvetiapiini plasmakontsentratsiooni 5\u20138 korda. Maksaens\u00fc\u00fcmide indutseerijatega (nt karbamasepiiniga) koostoimes suureneb kvetiapiini kliirens olulisel m\u00e4\u00e4ral ning v\u00f5ib m\u00f5jutada raviefektiivsust.<\/p>\n\n\n\n<p>K\u00f5ige sagedasemateks k\u00f5rvaln\u00e4htudeks on unisus, pearinglus, peavalu, suukuivus, \u00e4raj\u00e4tus\u00fcmptomid, kolesterooli taseme t\u00f5us, kehakaalu t\u00f5us, hemoglobiini taseme v\u00e4henemine ning ekstrap\u00fcramidaalh\u00e4ired. \u00dcleannustamisel ilmneb ravimi farmakoloogiliste toimete tugevnemine, tekitades uimasust, sedatsiooni, tahh\u00fckardiat, h\u00fcpotensiooni ja antikolinergilisi toimeid. V\u00f5ivad tekkida krambid, epileptiline staatus, QT-intervalli pikenemine, deliirium jne.<\/p>\n\n\n\n<p class=\"has-medium-font-size\"><strong>Uuritav materjal, selle v\u00f5tmine, saatmine ja s\u00e4ilitamine<\/strong><\/p>\n\n\n\n<p>Proov tuleb v\u00f5tta vahetult enne j\u00e4rgmise ravimiannuse manustamist!<\/p>\n\n\n\n<figure class=\"wp-block-table is-style-stripes\"><table width=\"100%\"><tbody><tr><td width=\"1%\"><\/td><td width=\"15%\"><strong>Katsuti<\/strong><\/td><td width=\"84%\">K2E\/K3E-katsuti (lilla kork)<\/td><\/tr><tr><td><\/td><td><strong>S\u00e4ilivus<\/strong><\/td><td>Plasmas +4 \u00b0C \u00fcks n\u00e4dal<\/td><\/tr><\/tbody><\/table><\/figure>\n\n\n\n<p class=\"has-medium-font-size\"><strong>Anal\u00fc\u00fcsi tegemise aeg<\/strong><strong>:<\/strong> \u00fcks kord n\u00e4dalas<\/p>\n\n\n\n<p class=\"has-medium-font-size\"><strong>Anal\u00fc\u00fcsimeetod<\/strong><strong>:<\/strong> vedelikkromatograafia-massispektromeetria (LC-MS\/MS)<\/p>\n\n\n\n<p class=\"has-medium-font-size\"><strong>Referentsv\u00e4\u00e4rtused<\/strong><\/p>\n\n\n\n<figure class=\"wp-block-table\"><table width=\"100%\"><tbody><tr><td width=\"1%\"><\/td><td width=\"20%\"><strong>\u2265 18 a<\/strong><\/td><td width=\"59%\">Soovituslik terapeutiline vahemik (kvetiapiin)*<\/td><td width=\"20%\">100\u2013500 ng\/mL<\/td><\/tr><tr><td><\/td><td>&nbsp;<\/td><td>Toksiline kontsentratsioon*<\/td><td>&gt;1000 ng\/mL<\/td><\/tr><\/tbody><\/table><\/figure>\n\n\n\n<p>*C. Hiemke et al (2018). \u201eConsensus Guidelines for Therapeutic Drug Monitoring in Neuropsychopharmacology: Update 2017\u201c Pharmacopsychiatry 2018; 51: 9\u201362<\/p>\n\n\n\n<p>Terapeutiline vahemik ja toksiline piir ei ole \u00fcheselt m\u00e4\u00e4ratud. Antud terapeutiline vahemik p\u00f5hineb populatsiooniuuringutel, seega ei pruugi olla rakendatav igale patsiendile. M\u00f5ne patsiendi puhul v\u00f5ib optimaalne ravivastus olla ravimikontsentratsiooni juures, mis j\u00e4\u00e4b antud vahemikust v\u00e4lja.<\/p>\n\n\n\n<p class=\"has-medium-font-size\"><strong>N\u00e4idustus ja kliiniline t\u00e4hendus<\/strong><\/p>\n\n\n\n<p>Ravi j\u00e4lgimine, optimaalse raviskeemi leidmine ja kontroll, ravimim\u00fcrgistuse diagnostika.<\/p>\n\n\n\n<p>Koostajad: Julia Keller, Jelena Beljantseva<br>03.06.2020<\/p>\n","protected":false},"excerpt":{"rendered":"<p>Kliinilise keemia ja laboratoorse hematoloogia osakond Kvetiapiin kuulub at\u00fc\u00fcpiliste antips\u00fchhootikumide r\u00fchma, mida kasutatakse skisofreenia ja bipolaarse h\u00e4ire raviks ning depressiooni t\u00e4iendraviks t\u00e4iskasvanutel. Kvetiapiini manustatakse suukaudselt ning maksimaalne plasmakontsentratsioon saavutatakse ligikaudu 6 tundi p\u00e4rast manustamist. Kvetiapiin imendub h\u00e4sti ning metabolism toimub maksas, kus tekib aktiivne metaboliit norkvetiapiin. Norkvetiapiin moodustab maksimaalselt 35% kvetiapiini kontsentratsioonist ravimi tasakaaluolekus. Kvetiapiin [&hellip;]<\/p>\n","protected":false},"author":38,"featured_media":0,"parent":7301,"menu_order":14,"comment_status":"closed","ping_status":"closed","template":"","meta":{"_uag_custom_page_level_css":"","footnotes":""},"class_list":["post-12489","page","type-page","status-publish","hentry"],"acf":[],"yoast_head":"<!-- This site is optimized with the Yoast SEO plugin v27.3 - https:\/\/yoast.com\/product\/yoast-seo-wordpress\/ -->\n<title>Kvetiapiin (P-Quetiapine) - \u00dchendlabor<\/title>\n<meta name=\"robots\" content=\"index, follow, max-snippet:-1, max-image-preview:large, max-video-preview:-1\" \/>\n<link rel=\"canonical\" href=\"https:\/\/www.kliinikum.ee\/yhendlabor\/kasiraamat\/ravimiseire-uuringud\/kvetiapiin-p-quetiapine\/\" \/>\n<meta property=\"og:locale\" content=\"et_EE\" \/>\n<meta property=\"og:type\" content=\"article\" \/>\n<meta property=\"og:title\" content=\"Kvetiapiin (P-Quetiapine) - \u00dchendlabor\" \/>\n<meta property=\"og:description\" content=\"Kliinilise keemia ja laboratoorse hematoloogia osakond Kvetiapiin kuulub at\u00fc\u00fcpiliste antips\u00fchhootikumide r\u00fchma, mida kasutatakse skisofreenia ja bipolaarse h\u00e4ire raviks ning depressiooni t\u00e4iendraviks t\u00e4iskasvanutel. Kvetiapiini manustatakse suukaudselt ning maksimaalne plasmakontsentratsioon saavutatakse ligikaudu 6 tundi p\u00e4rast manustamist. Kvetiapiin imendub h\u00e4sti ning metabolism toimub maksas, kus tekib aktiivne metaboliit norkvetiapiin. Norkvetiapiin moodustab maksimaalselt 35% kvetiapiini kontsentratsioonist ravimi tasakaaluolekus. Kvetiapiin [&hellip;]\" \/>\n<meta property=\"og:url\" content=\"https:\/\/www.kliinikum.ee\/yhendlabor\/kasiraamat\/ravimiseire-uuringud\/kvetiapiin-p-quetiapine\/\" \/>\n<meta property=\"og:site_name\" content=\"\u00dchendlabor\" \/>\n<meta property=\"article:modified_time\" content=\"2025-12-11T15:27:56+00:00\" \/>\n<meta name=\"twitter:card\" content=\"summary_large_image\" \/>\n<meta name=\"twitter:label1\" content=\"Est. reading time\" \/>\n\t<meta name=\"twitter:data1\" content=\"2 minutit\" \/>\n<script type=\"application\/ld+json\" class=\"yoast-schema-graph\">{\"@context\":\"https:\\\/\\\/schema.org\",\"@graph\":[{\"@type\":\"WebPage\",\"@id\":\"https:\\\/\\\/www.kliinikum.ee\\\/yhendlabor\\\/kasiraamat\\\/ravimiseire-uuringud\\\/kvetiapiin-p-quetiapine\\\/\",\"url\":\"https:\\\/\\\/www.kliinikum.ee\\\/yhendlabor\\\/kasiraamat\\\/ravimiseire-uuringud\\\/kvetiapiin-p-quetiapine\\\/\",\"name\":\"Kvetiapiin (P-Quetiapine) - \u00dchendlabor\",\"isPartOf\":{\"@id\":\"https:\\\/\\\/www.kliinikum.ee\\\/yhendlabor\\\/#website\"},\"datePublished\":\"2025-07-30T16:59:47+00:00\",\"dateModified\":\"2025-12-11T15:27:56+00:00\",\"breadcrumb\":{\"@id\":\"https:\\\/\\\/www.kliinikum.ee\\\/yhendlabor\\\/kasiraamat\\\/ravimiseire-uuringud\\\/kvetiapiin-p-quetiapine\\\/#breadcrumb\"},\"inLanguage\":\"et\",\"potentialAction\":[{\"@type\":\"ReadAction\",\"target\":[\"https:\\\/\\\/www.kliinikum.ee\\\/yhendlabor\\\/kasiraamat\\\/ravimiseire-uuringud\\\/kvetiapiin-p-quetiapine\\\/\"]}]},{\"@type\":\"BreadcrumbList\",\"@id\":\"https:\\\/\\\/www.kliinikum.ee\\\/yhendlabor\\\/kasiraamat\\\/ravimiseire-uuringud\\\/kvetiapiin-p-quetiapine\\\/#breadcrumb\",\"itemListElement\":[{\"@type\":\"ListItem\",\"position\":1,\"name\":\"Home\",\"item\":\"https:\\\/\\\/www.kliinikum.ee\\\/yhendlabor\\\/\"},{\"@type\":\"ListItem\",\"position\":2,\"name\":\"K\u00e4siraamat\",\"item\":\"https:\\\/\\\/www.kliinikum.ee\\\/yhendlabor\\\/kasiraamat\\\/\"},{\"@type\":\"ListItem\",\"position\":3,\"name\":\"Ravimiseire uuringud\",\"item\":\"https:\\\/\\\/www.kliinikum.ee\\\/yhendlabor\\\/kasiraamat\\\/ravimiseire-uuringud\\\/\"},{\"@type\":\"ListItem\",\"position\":4,\"name\":\"Kvetiapiin (P-Quetiapine)\"}]},{\"@type\":\"WebSite\",\"@id\":\"https:\\\/\\\/www.kliinikum.ee\\\/yhendlabor\\\/#website\",\"url\":\"https:\\\/\\\/www.kliinikum.ee\\\/yhendlabor\\\/\",\"name\":\"\u00dchendlabor\",\"description\":\"Hoolivus, Uuendusmeelsus, P\u00e4devus ja Usaldusv\u00e4\u00e4rsus\",\"potentialAction\":[{\"@type\":\"SearchAction\",\"target\":{\"@type\":\"EntryPoint\",\"urlTemplate\":\"https:\\\/\\\/www.kliinikum.ee\\\/yhendlabor\\\/?s={search_term_string}\"},\"query-input\":{\"@type\":\"PropertyValueSpecification\",\"valueRequired\":true,\"valueName\":\"search_term_string\"}}],\"inLanguage\":\"et\"}]}<\/script>\n<!-- \/ Yoast SEO plugin. -->","yoast_head_json":{"title":"Kvetiapiin (P-Quetiapine) - \u00dchendlabor","robots":{"index":"index","follow":"follow","max-snippet":"max-snippet:-1","max-image-preview":"max-image-preview:large","max-video-preview":"max-video-preview:-1"},"canonical":"https:\/\/www.kliinikum.ee\/yhendlabor\/kasiraamat\/ravimiseire-uuringud\/kvetiapiin-p-quetiapine\/","og_locale":"et_EE","og_type":"article","og_title":"Kvetiapiin (P-Quetiapine) - \u00dchendlabor","og_description":"Kliinilise keemia ja laboratoorse hematoloogia osakond Kvetiapiin kuulub at\u00fc\u00fcpiliste antips\u00fchhootikumide r\u00fchma, mida kasutatakse skisofreenia ja bipolaarse h\u00e4ire raviks ning depressiooni t\u00e4iendraviks t\u00e4iskasvanutel. Kvetiapiini manustatakse suukaudselt ning maksimaalne plasmakontsentratsioon saavutatakse ligikaudu 6 tundi p\u00e4rast manustamist. Kvetiapiin imendub h\u00e4sti ning metabolism toimub maksas, kus tekib aktiivne metaboliit norkvetiapiin. Norkvetiapiin moodustab maksimaalselt 35% kvetiapiini kontsentratsioonist ravimi tasakaaluolekus. Kvetiapiin [&hellip;]","og_url":"https:\/\/www.kliinikum.ee\/yhendlabor\/kasiraamat\/ravimiseire-uuringud\/kvetiapiin-p-quetiapine\/","og_site_name":"\u00dchendlabor","article_modified_time":"2025-12-11T15:27:56+00:00","twitter_card":"summary_large_image","twitter_misc":{"Est. reading time":"2 minutit"},"schema":{"@context":"https:\/\/schema.org","@graph":[{"@type":"WebPage","@id":"https:\/\/www.kliinikum.ee\/yhendlabor\/kasiraamat\/ravimiseire-uuringud\/kvetiapiin-p-quetiapine\/","url":"https:\/\/www.kliinikum.ee\/yhendlabor\/kasiraamat\/ravimiseire-uuringud\/kvetiapiin-p-quetiapine\/","name":"Kvetiapiin (P-Quetiapine) - \u00dchendlabor","isPartOf":{"@id":"https:\/\/www.kliinikum.ee\/yhendlabor\/#website"},"datePublished":"2025-07-30T16:59:47+00:00","dateModified":"2025-12-11T15:27:56+00:00","breadcrumb":{"@id":"https:\/\/www.kliinikum.ee\/yhendlabor\/kasiraamat\/ravimiseire-uuringud\/kvetiapiin-p-quetiapine\/#breadcrumb"},"inLanguage":"et","potentialAction":[{"@type":"ReadAction","target":["https:\/\/www.kliinikum.ee\/yhendlabor\/kasiraamat\/ravimiseire-uuringud\/kvetiapiin-p-quetiapine\/"]}]},{"@type":"BreadcrumbList","@id":"https:\/\/www.kliinikum.ee\/yhendlabor\/kasiraamat\/ravimiseire-uuringud\/kvetiapiin-p-quetiapine\/#breadcrumb","itemListElement":[{"@type":"ListItem","position":1,"name":"Home","item":"https:\/\/www.kliinikum.ee\/yhendlabor\/"},{"@type":"ListItem","position":2,"name":"K\u00e4siraamat","item":"https:\/\/www.kliinikum.ee\/yhendlabor\/kasiraamat\/"},{"@type":"ListItem","position":3,"name":"Ravimiseire uuringud","item":"https:\/\/www.kliinikum.ee\/yhendlabor\/kasiraamat\/ravimiseire-uuringud\/"},{"@type":"ListItem","position":4,"name":"Kvetiapiin (P-Quetiapine)"}]},{"@type":"WebSite","@id":"https:\/\/www.kliinikum.ee\/yhendlabor\/#website","url":"https:\/\/www.kliinikum.ee\/yhendlabor\/","name":"\u00dchendlabor","description":"Hoolivus, Uuendusmeelsus, P\u00e4devus ja Usaldusv\u00e4\u00e4rsus","potentialAction":[{"@type":"SearchAction","target":{"@type":"EntryPoint","urlTemplate":"https:\/\/www.kliinikum.ee\/yhendlabor\/?s={search_term_string}"},"query-input":{"@type":"PropertyValueSpecification","valueRequired":true,"valueName":"search_term_string"}}],"inLanguage":"et"}]}},"uagb_featured_image_src":{"full":false,"thumbnail":false,"medium":false,"medium_large":false,"large":false,"1536x1536":false,"2048x2048":false},"uagb_author_info":{"display_name":"Kadi Siigur","author_link":"https:\/\/www.kliinikum.ee\/yhendlabor\/author\/kadisi\/"},"uagb_comment_info":0,"uagb_excerpt":"Kliinilise keemia ja laboratoorse hematoloogia osakond Kvetiapiin kuulub at\u00fc\u00fcpiliste antips\u00fchhootikumide r\u00fchma, mida kasutatakse skisofreenia ja bipolaarse h\u00e4ire raviks ning depressiooni t\u00e4iendraviks t\u00e4iskasvanutel. Kvetiapiini manustatakse suukaudselt ning maksimaalne plasmakontsentratsioon saavutatakse ligikaudu 6 tundi p\u00e4rast manustamist. Kvetiapiin imendub h\u00e4sti ning metabolism toimub maksas, kus tekib aktiivne metaboliit norkvetiapiin. Norkvetiapiin moodustab maksimaalselt 35% kvetiapiini kontsentratsioonist ravimi tasakaaluolekus. Kvetiapiin&hellip;","_links":{"self":[{"href":"https:\/\/www.kliinikum.ee\/yhendlabor\/wp-json\/wp\/v2\/pages\/12489","targetHints":{"allow":["GET"]}}],"collection":[{"href":"https:\/\/www.kliinikum.ee\/yhendlabor\/wp-json\/wp\/v2\/pages"}],"about":[{"href":"https:\/\/www.kliinikum.ee\/yhendlabor\/wp-json\/wp\/v2\/types\/page"}],"author":[{"embeddable":true,"href":"https:\/\/www.kliinikum.ee\/yhendlabor\/wp-json\/wp\/v2\/users\/38"}],"replies":[{"embeddable":true,"href":"https:\/\/www.kliinikum.ee\/yhendlabor\/wp-json\/wp\/v2\/comments?post=12489"}],"version-history":[{"count":0,"href":"https:\/\/www.kliinikum.ee\/yhendlabor\/wp-json\/wp\/v2\/pages\/12489\/revisions"}],"up":[{"embeddable":true,"href":"https:\/\/www.kliinikum.ee\/yhendlabor\/wp-json\/wp\/v2\/pages\/7301"}],"wp:attachment":[{"href":"https:\/\/www.kliinikum.ee\/yhendlabor\/wp-json\/wp\/v2\/media?parent=12489"}],"curies":[{"name":"wp","href":"https:\/\/api.w.org\/{rel}","templated":true}]}}