{"id":12501,"date":"2025-07-31T15:14:01","date_gmt":"2025-07-31T13:14:01","guid":{"rendered":"https:\/\/www.kliinikum.ee\/yhendlabor\/?page_id=12501"},"modified":"2025-12-11T17:32:06","modified_gmt":"2025-12-11T15:32:06","slug":"levetiratsetaam-sp-levetir","status":"publish","type":"page","link":"https:\/\/www.kliinikum.ee\/yhendlabor\/kasiraamat\/ravimiseire-uuringud\/levetiratsetaam-sp-levetir\/","title":{"rendered":"Levetiratsetaam (S,P-Levetir)"},"content":{"rendered":"\n<p><em>Kliinilise keemia ja laboratoorse hematoloogia osakond<\/em><\/p>\n\n\n\n<p><strong>Levetiratsetaam <\/strong>on laia toimespektriga krambivastane ravim, mis on n\u00e4idustatud partsiaalsete ja generaliseerunud toonilis-klooniliste hoogudega epilepsia korral nii t\u00e4iskasvanutel kui lastel. Levetiratsetaam on kasutusel monoteraapiana v\u00f5i kombinatsioonis teiste epilepsiavastaste ravimitega.<\/p>\n\n\n\n<p>Suukaudsel manustamisel imendub levetiratsetaam seedetraktist kiiresti ja t\u00e4ielikult. Maksimaalne kontsentratsioon veres saabub umbes 1\u20131,5 tundi p\u00e4rast suukaudset manustamist. Ravimi keskmine poolv\u00e4\u00e4rtusaeg tervetel t\u00e4iskasvanutel on 6\u20138 tundi. Eakatel patsientidel on poolv\u00e4\u00e4rtusaeg pikenenud ligikaudu 40% v\u00f5rra (10\u201311 tundi) seoses neerufunktsiooni langusega. Regulaarsel manustamisel saavutatakse t\u00e4iskasvanutel stabiilne ravimi tase veres kahe \u00f6\u00f6p\u00e4eva jooksul peale ravi alustamist. Levetiratsetaami manustamine neerufunktsioonih\u00e4irega patsientidele n\u00f5uab annuse kohaldamist. Levetiratsetaami peamised k\u00f5rvaltoimed on unisus, v\u00e4simus, pearinglus ja peavalu.<\/p>\n\n\n\n<p class=\"has-medium-font-size\"><strong>Uuritav materjal, selle v\u00f5tmine, saatmine ja s\u00e4ilitamine<\/strong><\/p>\n\n\n\n<p>Proov tuleb v\u00f5tta vahetult enne j\u00e4rgmise ravimiannuse manustamist!<\/p>\n\n\n\n<figure class=\"wp-block-table is-style-stripes\"><table width=\"100%\"><tbody><tr><td width=\"1%\"><\/td><td width=\"15%\"><strong>Katsuti<\/strong><\/td><td width=\"84%\">K2E\/K3E-katsuti (lilla kork)<\/td><\/tr><tr><td><\/td><td><strong>Kogus<\/strong><\/td><td>~1 mL plasmat<\/td><\/tr><tr><td><\/td><td><strong>S\u00e4ilivus<\/strong><\/td><td>Plasma +4 \u00b0C \u00fcks \u00f6\u00f6p\u00e4ev, \u201320 \u00b0C pikemat aega<\/td><\/tr><\/tbody><\/table><\/figure>\n\n\n\n<p class=\"has-medium-font-size\"><strong>Anal\u00fc\u00fcsi tegemise aeg: <\/strong>kaks korda n\u00e4dalas<\/p>\n\n\n\n<p class=\"has-medium-font-size\"><strong>Anal\u00fc\u00fcsimeetod: <\/strong>vedelikkromatograafia-massispektromeetria (LC-MS\/MS)<\/p>\n\n\n\n<p class=\"has-medium-font-size\"><strong>Referentsv\u00e4\u00e4rtused<\/strong><\/p>\n\n\n\n<figure class=\"wp-block-table\"><table width=\"100%\"><tbody><tr><td width=\"1%\"><\/td><td width=\"30%\"><strong>K\u00f5ik vanusegrupid<\/strong><\/td><td width=\"69%\">Terapeutiline kontsentratsioon 12\u201346 mg\/L<\/td><\/tr><\/tbody><\/table><\/figure>\n\n\n\n<p class=\"has-medium-font-size\"><strong>N\u00e4idustus ja kliiniline t\u00e4hendus<\/strong><\/p>\n\n\n\n<p>Optimaalse raviskeemi leidmine ja kontroll, ravimim\u00fcrgistuse diagnostika.<\/p>\n\n\n\n<p>Koostaja: Eliise-Rosalinda Ude<br>Muudetud 20.11.2023<\/p>\n","protected":false},"excerpt":{"rendered":"<p>Kliinilise keemia ja laboratoorse hematoloogia osakond Levetiratsetaam on laia toimespektriga krambivastane ravim, mis on n\u00e4idustatud partsiaalsete ja generaliseerunud toonilis-klooniliste hoogudega epilepsia korral nii t\u00e4iskasvanutel kui lastel. Levetiratsetaam on kasutusel monoteraapiana v\u00f5i kombinatsioonis teiste epilepsiavastaste ravimitega. Suukaudsel manustamisel imendub levetiratsetaam seedetraktist kiiresti ja t\u00e4ielikult. Maksimaalne kontsentratsioon veres saabub umbes 1\u20131,5 tundi p\u00e4rast suukaudset manustamist. Ravimi keskmine [&hellip;]<\/p>\n","protected":false},"author":38,"featured_media":0,"parent":7301,"menu_order":17,"comment_status":"closed","ping_status":"closed","template":"","meta":{"_uag_custom_page_level_css":"","footnotes":""},"class_list":["post-12501","page","type-page","status-publish","hentry"],"acf":[],"yoast_head":"<!-- This site is optimized with the Yoast SEO plugin v27.3 - https:\/\/yoast.com\/product\/yoast-seo-wordpress\/ -->\n<title>Levetiratsetaam (S,P-Levetir) - \u00dchendlabor<\/title>\n<meta name=\"robots\" content=\"index, follow, max-snippet:-1, max-image-preview:large, max-video-preview:-1\" \/>\n<link rel=\"canonical\" href=\"https:\/\/www.kliinikum.ee\/yhendlabor\/kasiraamat\/ravimiseire-uuringud\/levetiratsetaam-sp-levetir\/\" \/>\n<meta property=\"og:locale\" content=\"et_EE\" \/>\n<meta property=\"og:type\" content=\"article\" \/>\n<meta property=\"og:title\" content=\"Levetiratsetaam (S,P-Levetir) - \u00dchendlabor\" \/>\n<meta property=\"og:description\" content=\"Kliinilise keemia ja laboratoorse hematoloogia osakond Levetiratsetaam on laia toimespektriga krambivastane ravim, mis on n\u00e4idustatud partsiaalsete ja generaliseerunud toonilis-klooniliste hoogudega epilepsia korral nii t\u00e4iskasvanutel kui lastel. Levetiratsetaam on kasutusel monoteraapiana v\u00f5i kombinatsioonis teiste epilepsiavastaste ravimitega. Suukaudsel manustamisel imendub levetiratsetaam seedetraktist kiiresti ja t\u00e4ielikult. Maksimaalne kontsentratsioon veres saabub umbes 1\u20131,5 tundi p\u00e4rast suukaudset manustamist. Ravimi keskmine [&hellip;]\" \/>\n<meta property=\"og:url\" content=\"https:\/\/www.kliinikum.ee\/yhendlabor\/kasiraamat\/ravimiseire-uuringud\/levetiratsetaam-sp-levetir\/\" \/>\n<meta property=\"og:site_name\" content=\"\u00dchendlabor\" \/>\n<meta property=\"article:modified_time\" content=\"2025-12-11T15:32:06+00:00\" \/>\n<meta name=\"twitter:card\" content=\"summary_large_image\" \/>\n<meta name=\"twitter:label1\" content=\"Est. reading time\" \/>\n\t<meta name=\"twitter:data1\" content=\"1 minut\" \/>\n<script type=\"application\/ld+json\" class=\"yoast-schema-graph\">{\"@context\":\"https:\\\/\\\/schema.org\",\"@graph\":[{\"@type\":\"WebPage\",\"@id\":\"https:\\\/\\\/www.kliinikum.ee\\\/yhendlabor\\\/kasiraamat\\\/ravimiseire-uuringud\\\/levetiratsetaam-sp-levetir\\\/\",\"url\":\"https:\\\/\\\/www.kliinikum.ee\\\/yhendlabor\\\/kasiraamat\\\/ravimiseire-uuringud\\\/levetiratsetaam-sp-levetir\\\/\",\"name\":\"Levetiratsetaam (S,P-Levetir) - \u00dchendlabor\",\"isPartOf\":{\"@id\":\"https:\\\/\\\/www.kliinikum.ee\\\/yhendlabor\\\/#website\"},\"datePublished\":\"2025-07-31T13:14:01+00:00\",\"dateModified\":\"2025-12-11T15:32:06+00:00\",\"breadcrumb\":{\"@id\":\"https:\\\/\\\/www.kliinikum.ee\\\/yhendlabor\\\/kasiraamat\\\/ravimiseire-uuringud\\\/levetiratsetaam-sp-levetir\\\/#breadcrumb\"},\"inLanguage\":\"et\",\"potentialAction\":[{\"@type\":\"ReadAction\",\"target\":[\"https:\\\/\\\/www.kliinikum.ee\\\/yhendlabor\\\/kasiraamat\\\/ravimiseire-uuringud\\\/levetiratsetaam-sp-levetir\\\/\"]}]},{\"@type\":\"BreadcrumbList\",\"@id\":\"https:\\\/\\\/www.kliinikum.ee\\\/yhendlabor\\\/kasiraamat\\\/ravimiseire-uuringud\\\/levetiratsetaam-sp-levetir\\\/#breadcrumb\",\"itemListElement\":[{\"@type\":\"ListItem\",\"position\":1,\"name\":\"Home\",\"item\":\"https:\\\/\\\/www.kliinikum.ee\\\/yhendlabor\\\/\"},{\"@type\":\"ListItem\",\"position\":2,\"name\":\"K\u00e4siraamat\",\"item\":\"https:\\\/\\\/www.kliinikum.ee\\\/yhendlabor\\\/kasiraamat\\\/\"},{\"@type\":\"ListItem\",\"position\":3,\"name\":\"Ravimiseire uuringud\",\"item\":\"https:\\\/\\\/www.kliinikum.ee\\\/yhendlabor\\\/kasiraamat\\\/ravimiseire-uuringud\\\/\"},{\"@type\":\"ListItem\",\"position\":4,\"name\":\"Levetiratsetaam (S,P-Levetir)\"}]},{\"@type\":\"WebSite\",\"@id\":\"https:\\\/\\\/www.kliinikum.ee\\\/yhendlabor\\\/#website\",\"url\":\"https:\\\/\\\/www.kliinikum.ee\\\/yhendlabor\\\/\",\"name\":\"\u00dchendlabor\",\"description\":\"Hoolivus, Uuendusmeelsus, P\u00e4devus ja Usaldusv\u00e4\u00e4rsus\",\"potentialAction\":[{\"@type\":\"SearchAction\",\"target\":{\"@type\":\"EntryPoint\",\"urlTemplate\":\"https:\\\/\\\/www.kliinikum.ee\\\/yhendlabor\\\/?s={search_term_string}\"},\"query-input\":{\"@type\":\"PropertyValueSpecification\",\"valueRequired\":true,\"valueName\":\"search_term_string\"}}],\"inLanguage\":\"et\"}]}<\/script>\n<!-- \/ Yoast SEO plugin. -->","yoast_head_json":{"title":"Levetiratsetaam (S,P-Levetir) - \u00dchendlabor","robots":{"index":"index","follow":"follow","max-snippet":"max-snippet:-1","max-image-preview":"max-image-preview:large","max-video-preview":"max-video-preview:-1"},"canonical":"https:\/\/www.kliinikum.ee\/yhendlabor\/kasiraamat\/ravimiseire-uuringud\/levetiratsetaam-sp-levetir\/","og_locale":"et_EE","og_type":"article","og_title":"Levetiratsetaam (S,P-Levetir) - \u00dchendlabor","og_description":"Kliinilise keemia ja laboratoorse hematoloogia osakond Levetiratsetaam on laia toimespektriga krambivastane ravim, mis on n\u00e4idustatud partsiaalsete ja generaliseerunud toonilis-klooniliste hoogudega epilepsia korral nii t\u00e4iskasvanutel kui lastel. Levetiratsetaam on kasutusel monoteraapiana v\u00f5i kombinatsioonis teiste epilepsiavastaste ravimitega. Suukaudsel manustamisel imendub levetiratsetaam seedetraktist kiiresti ja t\u00e4ielikult. Maksimaalne kontsentratsioon veres saabub umbes 1\u20131,5 tundi p\u00e4rast suukaudset manustamist. Ravimi keskmine [&hellip;]","og_url":"https:\/\/www.kliinikum.ee\/yhendlabor\/kasiraamat\/ravimiseire-uuringud\/levetiratsetaam-sp-levetir\/","og_site_name":"\u00dchendlabor","article_modified_time":"2025-12-11T15:32:06+00:00","twitter_card":"summary_large_image","twitter_misc":{"Est. reading time":"1 minut"},"schema":{"@context":"https:\/\/schema.org","@graph":[{"@type":"WebPage","@id":"https:\/\/www.kliinikum.ee\/yhendlabor\/kasiraamat\/ravimiseire-uuringud\/levetiratsetaam-sp-levetir\/","url":"https:\/\/www.kliinikum.ee\/yhendlabor\/kasiraamat\/ravimiseire-uuringud\/levetiratsetaam-sp-levetir\/","name":"Levetiratsetaam (S,P-Levetir) - \u00dchendlabor","isPartOf":{"@id":"https:\/\/www.kliinikum.ee\/yhendlabor\/#website"},"datePublished":"2025-07-31T13:14:01+00:00","dateModified":"2025-12-11T15:32:06+00:00","breadcrumb":{"@id":"https:\/\/www.kliinikum.ee\/yhendlabor\/kasiraamat\/ravimiseire-uuringud\/levetiratsetaam-sp-levetir\/#breadcrumb"},"inLanguage":"et","potentialAction":[{"@type":"ReadAction","target":["https:\/\/www.kliinikum.ee\/yhendlabor\/kasiraamat\/ravimiseire-uuringud\/levetiratsetaam-sp-levetir\/"]}]},{"@type":"BreadcrumbList","@id":"https:\/\/www.kliinikum.ee\/yhendlabor\/kasiraamat\/ravimiseire-uuringud\/levetiratsetaam-sp-levetir\/#breadcrumb","itemListElement":[{"@type":"ListItem","position":1,"name":"Home","item":"https:\/\/www.kliinikum.ee\/yhendlabor\/"},{"@type":"ListItem","position":2,"name":"K\u00e4siraamat","item":"https:\/\/www.kliinikum.ee\/yhendlabor\/kasiraamat\/"},{"@type":"ListItem","position":3,"name":"Ravimiseire uuringud","item":"https:\/\/www.kliinikum.ee\/yhendlabor\/kasiraamat\/ravimiseire-uuringud\/"},{"@type":"ListItem","position":4,"name":"Levetiratsetaam (S,P-Levetir)"}]},{"@type":"WebSite","@id":"https:\/\/www.kliinikum.ee\/yhendlabor\/#website","url":"https:\/\/www.kliinikum.ee\/yhendlabor\/","name":"\u00dchendlabor","description":"Hoolivus, Uuendusmeelsus, P\u00e4devus ja Usaldusv\u00e4\u00e4rsus","potentialAction":[{"@type":"SearchAction","target":{"@type":"EntryPoint","urlTemplate":"https:\/\/www.kliinikum.ee\/yhendlabor\/?s={search_term_string}"},"query-input":{"@type":"PropertyValueSpecification","valueRequired":true,"valueName":"search_term_string"}}],"inLanguage":"et"}]}},"uagb_featured_image_src":{"full":false,"thumbnail":false,"medium":false,"medium_large":false,"large":false,"1536x1536":false,"2048x2048":false},"uagb_author_info":{"display_name":"Kadi Siigur","author_link":"https:\/\/www.kliinikum.ee\/yhendlabor\/author\/kadisi\/"},"uagb_comment_info":0,"uagb_excerpt":"Kliinilise keemia ja laboratoorse hematoloogia osakond Levetiratsetaam on laia toimespektriga krambivastane ravim, mis on n\u00e4idustatud partsiaalsete ja generaliseerunud toonilis-klooniliste hoogudega epilepsia korral nii t\u00e4iskasvanutel kui lastel. Levetiratsetaam on kasutusel monoteraapiana v\u00f5i kombinatsioonis teiste epilepsiavastaste ravimitega. Suukaudsel manustamisel imendub levetiratsetaam seedetraktist kiiresti ja t\u00e4ielikult. Maksimaalne kontsentratsioon veres saabub umbes 1\u20131,5 tundi p\u00e4rast suukaudset manustamist. Ravimi keskmine&hellip;","_links":{"self":[{"href":"https:\/\/www.kliinikum.ee\/yhendlabor\/wp-json\/wp\/v2\/pages\/12501","targetHints":{"allow":["GET"]}}],"collection":[{"href":"https:\/\/www.kliinikum.ee\/yhendlabor\/wp-json\/wp\/v2\/pages"}],"about":[{"href":"https:\/\/www.kliinikum.ee\/yhendlabor\/wp-json\/wp\/v2\/types\/page"}],"author":[{"embeddable":true,"href":"https:\/\/www.kliinikum.ee\/yhendlabor\/wp-json\/wp\/v2\/users\/38"}],"replies":[{"embeddable":true,"href":"https:\/\/www.kliinikum.ee\/yhendlabor\/wp-json\/wp\/v2\/comments?post=12501"}],"version-history":[{"count":0,"href":"https:\/\/www.kliinikum.ee\/yhendlabor\/wp-json\/wp\/v2\/pages\/12501\/revisions"}],"up":[{"embeddable":true,"href":"https:\/\/www.kliinikum.ee\/yhendlabor\/wp-json\/wp\/v2\/pages\/7301"}],"wp:attachment":[{"href":"https:\/\/www.kliinikum.ee\/yhendlabor\/wp-json\/wp\/v2\/media?parent=12501"}],"curies":[{"name":"wp","href":"https:\/\/api.w.org\/{rel}","templated":true}]}}