{"id":12505,"date":"2025-07-31T15:19:34","date_gmt":"2025-07-31T13:19:34","guid":{"rendered":"https:\/\/www.kliinikum.ee\/yhendlabor\/?page_id=12505"},"modified":"2025-12-11T17:33:28","modified_gmt":"2025-12-11T15:33:28","slug":"levofloksatsiin-sp-levofloxacin","status":"publish","type":"page","link":"https:\/\/www.kliinikum.ee\/yhendlabor\/kasiraamat\/ravimiseire-uuringud\/levofloksatsiin-sp-levofloxacin\/","title":{"rendered":"Levofloksatsiin (S,P-Levofloxacin)"},"content":{"rendered":"\n<p><em>Kliinilise keemia ja laboratoorse hematoloogia osakond<\/em><\/p>\n\n\n\n<p><strong>Levofloksatsiin <\/strong>on kolmanda p\u00f5lvkonna fluorokinoloon antibiootikum, mis avaldab oma bakteritsiidset toimet takistades bakteriaalse DNA replikatsiooni. Tema eeliseks eelnevate p\u00f5lvkondade kinoloonide suhtes on suurem stereokeemiline stabiilsus (s.t manustamise j\u00e4rgselt see ei metaboliseeru inaktiivseks \u00fchendiks) ning seel\u00e4bi suurenenud efektiivsus paljude gramnegatiivsete ja grampositiivsete bakterite vastu.<\/p>\n\n\n\n<p>Levofloksatsiini kasutatakse tundlike mikroorganismide poolt p\u00f5hjustatud infektsioonide raviks, n\u00e4iteks:<\/p>\n\n\n\n<ul class=\"wp-block-list\">\n<li>\u00fclemiste hingamisteede infektsioonid<\/li>\n\n\n\n<li>teiste antibiootikumide sobimatuse korral olme- ja haiglatekkene pneumoonia<\/li>\n\n\n\n<li>naha- ja pehmete kudede t\u00fcsistunud infektsioonid<\/li>\n\n\n\n<li>\u00e4ge p\u00fcelonefriit ja kuseteede t\u00fcsistunud infektsioonid<\/li>\n\n\n\n<li>krooniline bakteriaalne prostatiit<\/li>\n\n\n\n<li>kokkupuutej\u00e4rgne prof\u00fclaktika Siberi katku tekitajate sissehingamisel.<\/li>\n<\/ul>\n\n\n\n<p>Levofloksatsiin on reservrea antibiootikum tuberkuloosiravis.<\/p>\n\n\n\n<p>Levofloksatsiini manustatakse suukaudselt v\u00f5i intravenoosse tilkinfusioonina. See imendub kiiresti ja peaaegu t\u00e4ielikult saavutades maksimaalse plasmakontsentratsiooni 1\u20132 tunni jooksul manustamise j\u00e4rgselt. Levofloksatsiini biosaadavus on umbes 99% ning see jaotub h\u00e4sti kudedes ja kehavedelikes ning penetreerub h\u00e4sti naha-, kopsu- ja eesn\u00e4\u00e4rmekudedesse. Levofloksatsiini farmakokineetika on lineaarne kuni 1000 mg p\u00e4evase annuse juures, poolv\u00e4\u00e4rtusajaks on ligikaudu 9 tundi. Levofloksatsiin eritub uriiniga 87% ulatuses muutumatul kujul. Neerukahjustusega patsientidel on vajalik annuse kohandamine.<\/p>\n\n\n\n<p>Levofloksatsiin on vastun\u00e4idustatud epilepsiaga patsientidele, lastele ja kasvueas noorukitele samuti raseduse ja imetamise ajal. Eakatel patsientidel suurendab kinoloonide manustamine k\u00f5\u00f5lusep\u00f5letiku ja \u2013rebendi ning aordianeur\u00fcsmi teket. \u00dcleannustamise korral k\u00f5rvaln\u00e4htudena v\u00f5ib esineda keskn\u00e4rvis\u00fcsteemi h\u00e4ireid nagu segasus, pearinglus, teadvuseh\u00e4ired ja krambid, QT-intervalli pikenemist, samuti seedetrakti reaktsioone nagu iiveldus ja limaskesta erosioonid.<\/p>\n\n\n\n<p class=\"has-medium-font-size\"><strong>Uuritav materjal, selle v\u00f5tmine, saatmine ja s\u00e4ilitamine<\/strong><\/p>\n\n\n\n<p>Tippkontsentratsiooni (C<sub>max<\/sub>) m\u00e4\u00e4ramiseks v\u00f5tta proov 2 tundi ja 6 tundi peale ravimi manustamist.<\/p>\n\n\n\n<figure class=\"wp-block-table is-style-stripes\"><table width=\"100%\"><tbody><tr><td width=\"1%\"><\/td><td width=\"15%\"><strong>Katsuti<\/strong><\/td><td width=\"84%\">K2E\/K3E-katsuti (lilla kork)<\/td><\/tr><tr><td><\/td><td><strong>S\u00e4ilivus<\/strong><\/td><td>Plasma toatemperatuuril ja +4 \u00baC kolm p\u00e4eva, -20 \u00baC pikemat aega<\/td><\/tr><\/tbody><\/table><\/figure>\n\n\n\n<p class=\"has-medium-font-size\"><strong>Anal\u00fc\u00fcsi tegemise aeg:<\/strong> t\u00f6\u00f6p\u00e4eviti<\/p>\n\n\n\n<p class=\"has-medium-font-size\"><strong>Anal\u00fc\u00fcsimeetod<\/strong><strong>:<\/strong> vedelikkromatograafia-massispektromeetria (LC-MS\/MS)<\/p>\n\n\n\n<p class=\"has-medium-font-size\"><strong>Referentsv\u00e4\u00e4rtused<\/strong><\/p>\n\n\n\n<p>Terapeutiline vahemik ja toksiline piir ei ole \u00fcheselt m\u00e4\u00e4ratud. Ravimseire jaoks k\u00f5ige informatiivsemaks n\u00e4itajaks on tippkontsentratsioon, kuna baaskontsentratsioon on liiga madal m\u00f5\u00f5temetoodikaga detekteerimiseks. M\u00f5ne patsiendi puhul v\u00f5ib optimaalne ravivastus olla ravimikontsentratsiooni juures, mis j\u00e4\u00e4b antud vahemikust v\u00e4lja.<\/p>\n\n\n\n<figure class=\"wp-block-table\"><table width=\"100%\"><tbody><tr><td width=\"1%\"><\/td><td width=\"30%\"><strong>Soovituslik C<sub>max<\/sub><\/strong><\/td><td width=\"69%\">8\u201313 mg\/L (annustamine 500\u20131000 mg \u00f6\u00f6p\u00e4evas)<\/td><\/tr><tr><td><\/td><td><strong>Toksiline kontsentratsioon<\/strong><\/td><td>Ei ole \u00fcheselt m\u00e4\u00e4ratletud<\/td><\/tr><\/tbody><\/table><\/figure>\n\n\n\n<p class=\"has-medium-font-size\"><strong>N\u00e4idustus ja kliiniline t\u00e4hendus<\/strong><\/p>\n\n\n\n<p>Ravi j\u00e4lgimine, optimaalse raviskeemi leidmine ja kontroll.<\/p>\n\n\n\n<p class=\"has-medium-font-size\"><strong>Kasutatud kirjandus<\/strong><\/p>\n\n\n\n<ol class=\"wp-block-list\">\n<li>Eesti Ravimiamet<\/li>\n\n\n\n<li>Drugbank<\/li>\n\n\n\n<li>Alsultan and C. A. Peloquin (2014). \u201eTherapeutic Drug Monitoring in the Treatment of Tuberculosis: An Update\u201c Drugs 2014; 74:839-854.<\/li>\n<\/ol>\n\n\n\n<p>Koostaja: Jelena Beljantseva<br>Muudetud 29.04.2024<\/p>\n","protected":false},"excerpt":{"rendered":"<p>Kliinilise keemia ja laboratoorse hematoloogia osakond Levofloksatsiin on kolmanda p\u00f5lvkonna fluorokinoloon antibiootikum, mis avaldab oma bakteritsiidset toimet takistades bakteriaalse DNA replikatsiooni. Tema eeliseks eelnevate p\u00f5lvkondade kinoloonide suhtes on suurem stereokeemiline stabiilsus (s.t manustamise j\u00e4rgselt see ei metaboliseeru inaktiivseks \u00fchendiks) ning seel\u00e4bi suurenenud efektiivsus paljude gramnegatiivsete ja grampositiivsete bakterite vastu. Levofloksatsiini kasutatakse tundlike mikroorganismide poolt p\u00f5hjustatud [&hellip;]<\/p>\n","protected":false},"author":38,"featured_media":0,"parent":7301,"menu_order":18,"comment_status":"closed","ping_status":"closed","template":"","meta":{"_uag_custom_page_level_css":"","footnotes":""},"class_list":["post-12505","page","type-page","status-publish","hentry"],"acf":[],"yoast_head":"<!-- This site is optimized with the Yoast SEO plugin v27.3 - https:\/\/yoast.com\/product\/yoast-seo-wordpress\/ -->\n<title>Levofloksatsiin (S,P-Levofloxacin) - \u00dchendlabor<\/title>\n<meta name=\"robots\" content=\"index, follow, max-snippet:-1, max-image-preview:large, max-video-preview:-1\" \/>\n<link rel=\"canonical\" href=\"https:\/\/www.kliinikum.ee\/yhendlabor\/kasiraamat\/ravimiseire-uuringud\/levofloksatsiin-sp-levofloxacin\/\" \/>\n<meta property=\"og:locale\" content=\"et_EE\" \/>\n<meta property=\"og:type\" content=\"article\" \/>\n<meta property=\"og:title\" content=\"Levofloksatsiin (S,P-Levofloxacin) - \u00dchendlabor\" \/>\n<meta property=\"og:description\" content=\"Kliinilise keemia ja laboratoorse hematoloogia osakond Levofloksatsiin on kolmanda p\u00f5lvkonna fluorokinoloon antibiootikum, mis avaldab oma bakteritsiidset toimet takistades bakteriaalse DNA replikatsiooni. Tema eeliseks eelnevate p\u00f5lvkondade kinoloonide suhtes on suurem stereokeemiline stabiilsus (s.t manustamise j\u00e4rgselt see ei metaboliseeru inaktiivseks \u00fchendiks) ning seel\u00e4bi suurenenud efektiivsus paljude gramnegatiivsete ja grampositiivsete bakterite vastu. Levofloksatsiini kasutatakse tundlike mikroorganismide poolt p\u00f5hjustatud [&hellip;]\" \/>\n<meta property=\"og:url\" content=\"https:\/\/www.kliinikum.ee\/yhendlabor\/kasiraamat\/ravimiseire-uuringud\/levofloksatsiin-sp-levofloxacin\/\" \/>\n<meta property=\"og:site_name\" content=\"\u00dchendlabor\" \/>\n<meta property=\"article:modified_time\" content=\"2025-12-11T15:33:28+00:00\" \/>\n<meta name=\"twitter:card\" content=\"summary_large_image\" \/>\n<meta name=\"twitter:label1\" content=\"Est. reading time\" \/>\n\t<meta name=\"twitter:data1\" content=\"2 minutit\" \/>\n<script type=\"application\/ld+json\" class=\"yoast-schema-graph\">{\"@context\":\"https:\\\/\\\/schema.org\",\"@graph\":[{\"@type\":\"WebPage\",\"@id\":\"https:\\\/\\\/www.kliinikum.ee\\\/yhendlabor\\\/kasiraamat\\\/ravimiseire-uuringud\\\/levofloksatsiin-sp-levofloxacin\\\/\",\"url\":\"https:\\\/\\\/www.kliinikum.ee\\\/yhendlabor\\\/kasiraamat\\\/ravimiseire-uuringud\\\/levofloksatsiin-sp-levofloxacin\\\/\",\"name\":\"Levofloksatsiin (S,P-Levofloxacin) - \u00dchendlabor\",\"isPartOf\":{\"@id\":\"https:\\\/\\\/www.kliinikum.ee\\\/yhendlabor\\\/#website\"},\"datePublished\":\"2025-07-31T13:19:34+00:00\",\"dateModified\":\"2025-12-11T15:33:28+00:00\",\"breadcrumb\":{\"@id\":\"https:\\\/\\\/www.kliinikum.ee\\\/yhendlabor\\\/kasiraamat\\\/ravimiseire-uuringud\\\/levofloksatsiin-sp-levofloxacin\\\/#breadcrumb\"},\"inLanguage\":\"et\",\"potentialAction\":[{\"@type\":\"ReadAction\",\"target\":[\"https:\\\/\\\/www.kliinikum.ee\\\/yhendlabor\\\/kasiraamat\\\/ravimiseire-uuringud\\\/levofloksatsiin-sp-levofloxacin\\\/\"]}]},{\"@type\":\"BreadcrumbList\",\"@id\":\"https:\\\/\\\/www.kliinikum.ee\\\/yhendlabor\\\/kasiraamat\\\/ravimiseire-uuringud\\\/levofloksatsiin-sp-levofloxacin\\\/#breadcrumb\",\"itemListElement\":[{\"@type\":\"ListItem\",\"position\":1,\"name\":\"Home\",\"item\":\"https:\\\/\\\/www.kliinikum.ee\\\/yhendlabor\\\/\"},{\"@type\":\"ListItem\",\"position\":2,\"name\":\"K\u00e4siraamat\",\"item\":\"https:\\\/\\\/www.kliinikum.ee\\\/yhendlabor\\\/kasiraamat\\\/\"},{\"@type\":\"ListItem\",\"position\":3,\"name\":\"Ravimiseire uuringud\",\"item\":\"https:\\\/\\\/www.kliinikum.ee\\\/yhendlabor\\\/kasiraamat\\\/ravimiseire-uuringud\\\/\"},{\"@type\":\"ListItem\",\"position\":4,\"name\":\"Levofloksatsiin (S,P-Levofloxacin)\"}]},{\"@type\":\"WebSite\",\"@id\":\"https:\\\/\\\/www.kliinikum.ee\\\/yhendlabor\\\/#website\",\"url\":\"https:\\\/\\\/www.kliinikum.ee\\\/yhendlabor\\\/\",\"name\":\"\u00dchendlabor\",\"description\":\"Hoolivus, Uuendusmeelsus, P\u00e4devus ja Usaldusv\u00e4\u00e4rsus\",\"potentialAction\":[{\"@type\":\"SearchAction\",\"target\":{\"@type\":\"EntryPoint\",\"urlTemplate\":\"https:\\\/\\\/www.kliinikum.ee\\\/yhendlabor\\\/?s={search_term_string}\"},\"query-input\":{\"@type\":\"PropertyValueSpecification\",\"valueRequired\":true,\"valueName\":\"search_term_string\"}}],\"inLanguage\":\"et\"}]}<\/script>\n<!-- \/ Yoast SEO plugin. -->","yoast_head_json":{"title":"Levofloksatsiin (S,P-Levofloxacin) - \u00dchendlabor","robots":{"index":"index","follow":"follow","max-snippet":"max-snippet:-1","max-image-preview":"max-image-preview:large","max-video-preview":"max-video-preview:-1"},"canonical":"https:\/\/www.kliinikum.ee\/yhendlabor\/kasiraamat\/ravimiseire-uuringud\/levofloksatsiin-sp-levofloxacin\/","og_locale":"et_EE","og_type":"article","og_title":"Levofloksatsiin (S,P-Levofloxacin) - \u00dchendlabor","og_description":"Kliinilise keemia ja laboratoorse hematoloogia osakond Levofloksatsiin on kolmanda p\u00f5lvkonna fluorokinoloon antibiootikum, mis avaldab oma bakteritsiidset toimet takistades bakteriaalse DNA replikatsiooni. Tema eeliseks eelnevate p\u00f5lvkondade kinoloonide suhtes on suurem stereokeemiline stabiilsus (s.t manustamise j\u00e4rgselt see ei metaboliseeru inaktiivseks \u00fchendiks) ning seel\u00e4bi suurenenud efektiivsus paljude gramnegatiivsete ja grampositiivsete bakterite vastu. Levofloksatsiini kasutatakse tundlike mikroorganismide poolt p\u00f5hjustatud [&hellip;]","og_url":"https:\/\/www.kliinikum.ee\/yhendlabor\/kasiraamat\/ravimiseire-uuringud\/levofloksatsiin-sp-levofloxacin\/","og_site_name":"\u00dchendlabor","article_modified_time":"2025-12-11T15:33:28+00:00","twitter_card":"summary_large_image","twitter_misc":{"Est. reading time":"2 minutit"},"schema":{"@context":"https:\/\/schema.org","@graph":[{"@type":"WebPage","@id":"https:\/\/www.kliinikum.ee\/yhendlabor\/kasiraamat\/ravimiseire-uuringud\/levofloksatsiin-sp-levofloxacin\/","url":"https:\/\/www.kliinikum.ee\/yhendlabor\/kasiraamat\/ravimiseire-uuringud\/levofloksatsiin-sp-levofloxacin\/","name":"Levofloksatsiin (S,P-Levofloxacin) - \u00dchendlabor","isPartOf":{"@id":"https:\/\/www.kliinikum.ee\/yhendlabor\/#website"},"datePublished":"2025-07-31T13:19:34+00:00","dateModified":"2025-12-11T15:33:28+00:00","breadcrumb":{"@id":"https:\/\/www.kliinikum.ee\/yhendlabor\/kasiraamat\/ravimiseire-uuringud\/levofloksatsiin-sp-levofloxacin\/#breadcrumb"},"inLanguage":"et","potentialAction":[{"@type":"ReadAction","target":["https:\/\/www.kliinikum.ee\/yhendlabor\/kasiraamat\/ravimiseire-uuringud\/levofloksatsiin-sp-levofloxacin\/"]}]},{"@type":"BreadcrumbList","@id":"https:\/\/www.kliinikum.ee\/yhendlabor\/kasiraamat\/ravimiseire-uuringud\/levofloksatsiin-sp-levofloxacin\/#breadcrumb","itemListElement":[{"@type":"ListItem","position":1,"name":"Home","item":"https:\/\/www.kliinikum.ee\/yhendlabor\/"},{"@type":"ListItem","position":2,"name":"K\u00e4siraamat","item":"https:\/\/www.kliinikum.ee\/yhendlabor\/kasiraamat\/"},{"@type":"ListItem","position":3,"name":"Ravimiseire uuringud","item":"https:\/\/www.kliinikum.ee\/yhendlabor\/kasiraamat\/ravimiseire-uuringud\/"},{"@type":"ListItem","position":4,"name":"Levofloksatsiin (S,P-Levofloxacin)"}]},{"@type":"WebSite","@id":"https:\/\/www.kliinikum.ee\/yhendlabor\/#website","url":"https:\/\/www.kliinikum.ee\/yhendlabor\/","name":"\u00dchendlabor","description":"Hoolivus, Uuendusmeelsus, P\u00e4devus ja Usaldusv\u00e4\u00e4rsus","potentialAction":[{"@type":"SearchAction","target":{"@type":"EntryPoint","urlTemplate":"https:\/\/www.kliinikum.ee\/yhendlabor\/?s={search_term_string}"},"query-input":{"@type":"PropertyValueSpecification","valueRequired":true,"valueName":"search_term_string"}}],"inLanguage":"et"}]}},"uagb_featured_image_src":{"full":false,"thumbnail":false,"medium":false,"medium_large":false,"large":false,"1536x1536":false,"2048x2048":false},"uagb_author_info":{"display_name":"Kadi Siigur","author_link":"https:\/\/www.kliinikum.ee\/yhendlabor\/author\/kadisi\/"},"uagb_comment_info":0,"uagb_excerpt":"Kliinilise keemia ja laboratoorse hematoloogia osakond Levofloksatsiin on kolmanda p\u00f5lvkonna fluorokinoloon antibiootikum, mis avaldab oma bakteritsiidset toimet takistades bakteriaalse DNA replikatsiooni. Tema eeliseks eelnevate p\u00f5lvkondade kinoloonide suhtes on suurem stereokeemiline stabiilsus (s.t manustamise j\u00e4rgselt see ei metaboliseeru inaktiivseks \u00fchendiks) ning seel\u00e4bi suurenenud efektiivsus paljude gramnegatiivsete ja grampositiivsete bakterite vastu. Levofloksatsiini kasutatakse tundlike mikroorganismide poolt p\u00f5hjustatud&hellip;","_links":{"self":[{"href":"https:\/\/www.kliinikum.ee\/yhendlabor\/wp-json\/wp\/v2\/pages\/12505","targetHints":{"allow":["GET"]}}],"collection":[{"href":"https:\/\/www.kliinikum.ee\/yhendlabor\/wp-json\/wp\/v2\/pages"}],"about":[{"href":"https:\/\/www.kliinikum.ee\/yhendlabor\/wp-json\/wp\/v2\/types\/page"}],"author":[{"embeddable":true,"href":"https:\/\/www.kliinikum.ee\/yhendlabor\/wp-json\/wp\/v2\/users\/38"}],"replies":[{"embeddable":true,"href":"https:\/\/www.kliinikum.ee\/yhendlabor\/wp-json\/wp\/v2\/comments?post=12505"}],"version-history":[{"count":0,"href":"https:\/\/www.kliinikum.ee\/yhendlabor\/wp-json\/wp\/v2\/pages\/12505\/revisions"}],"up":[{"embeddable":true,"href":"https:\/\/www.kliinikum.ee\/yhendlabor\/wp-json\/wp\/v2\/pages\/7301"}],"wp:attachment":[{"href":"https:\/\/www.kliinikum.ee\/yhendlabor\/wp-json\/wp\/v2\/media?parent=12505"}],"curies":[{"name":"wp","href":"https:\/\/api.w.org\/{rel}","templated":true}]}}