{"id":12509,"date":"2025-07-31T15:24:12","date_gmt":"2025-07-31T13:24:12","guid":{"rendered":"https:\/\/www.kliinikum.ee\/yhendlabor\/?page_id=12509"},"modified":"2025-12-11T17:34:56","modified_gmt":"2025-12-11T15:34:56","slug":"liitium-s-li","status":"publish","type":"page","link":"https:\/\/www.kliinikum.ee\/yhendlabor\/kasiraamat\/ravimiseire-uuringud\/liitium-s-li\/","title":{"rendered":"Liitium (S-Li)"},"content":{"rendered":"\n<p><em>Kliinilise keemia osakond, tel. 731 8316<\/em><\/p>\n\n\n\n<p><strong>Liitiumipreparaate <\/strong>kasutatakse ps\u00fc\u00fchiliste afektiivseisundite, maania ja maniakaal-depressiivsete ps\u00fchhooside ravis. Liitium (liitiumkarbonaadina) imendub seedetraktist t\u00e4ielikult, suukaudsel manustamisel saavutatakse maksimaalne kontsentratsioon plasmas 2\u20134 tundi ja p\u00fcsiv nivoo 5\u201310 p\u00e4eva p\u00e4rast ravi alustamist. Plasmas liitiumi valkudega ei seota. Liitium eritub neerude kaudu ja on nefrotoksiline. Eritumine on kahefaasiline: esimeses faasis eritub 30\u201340% liitiumi hulgast, poolestusajaga umbes 24 tundi, ning teises faasis \u00fclej\u00e4\u00e4nud osa, poolestusajaga 48\u201372 tundi.<\/p>\n\n\n\n<p class=\"has-medium-font-size\"><strong>Uuritav materjal, selle v\u00f5tmine, saatmine ja s\u00e4ilitamine<\/strong><\/p>\n\n\n\n<p>Proov ei tohi olla hemol\u00fc\u00fctiline!<\/p>\n\n\n\n<p>Proov <em>ravi monitoorimiseks<\/em> v\u00f5etakse v\u00e4hemalt 12 tundi peale viimast annust, m\u00fcrgistuse kahtluse korral vajadusel.<\/p>\n\n\n\n<figure class=\"wp-block-table is-style-stripes\"><table width=\"100%\"><tbody><tr><td width=\"1%\"><\/td><td width=\"15%\"><strong>Katsuti<\/strong><\/td><td width=\"84%\">Geeli ja h\u00fc\u00fcbimisaktivaatoriga katsuti (kollane kork)<\/td><\/tr><tr><td><\/td><td><strong>S\u00e4ilivus<\/strong><\/td><td>Tsentrifuugida nelja tunni jooksul! Seerum toatemperatuuril \u00fcks p\u00e4ev, +4 \u00b0C \u00fcks n\u00e4dal, -20 \u00b0C kuus kuud<\/td><\/tr><\/tbody><\/table><\/figure>\n\n\n\n<p class=\"has-medium-font-size\"><strong>Anal\u00fc\u00fcsi tegemise aeg:<\/strong> \u00f6\u00f6p\u00e4evaringselt<\/p>\n\n\n\n<p class=\"has-medium-font-size\"><strong>Anal\u00fc\u00fcsimeetod:<\/strong> kolorimeetriline meetod<\/p>\n\n\n\n<p class=\"has-medium-font-size\"><strong>Referentsv\u00e4\u00e4rtused<\/strong><\/p>\n\n\n\n<figure class=\"wp-block-table\"><table width=\"100%\"><tbody><tr><td width=\"1%\"><\/td><td width=\"30%\"><strong>\u2265 18 a<\/strong><\/td><td width=\"37%\">Terapeutiline kontsentratsioon<\/td><td width=\"32%\">0,6\u20131,2 mmol\/L<\/td><\/tr><tr><td><\/td><td>&nbsp;<\/td><td>Toksiline kontsentratsioon<\/td><td>&gt; 2,0 mmol\/L<\/td><\/tr><\/tbody><\/table><\/figure>\n\n\n\n<p class=\"has-medium-font-size\"><strong>N\u00e4idustus ja kliiniline t\u00e4hendus<\/strong><\/p>\n\n\n\n<p>Toksilisuse v\u00e4ltimine ja raviskeemist kinnipidamise kontroll ravi puhul liitiumipreparaatidega. Liitiumim\u00fcrgistuse diagnoosimine, sellepuhune dial\u00fc\u00fcsravi seire.<\/p>\n\n\n\n<p>Liitiumi kontsentratsioon seerumis s\u00f5ltub organismi naatriumitasakaalust. Naatriumi rohke manustamine suurendab liitiumi eritust (konkurents reabsorptsioonis). Naatriumivaegus ja h\u00fcpovoleemia v\u00e4hendavad liitiumi eritust, p\u00f5hjustades kontsentratsiooni t\u00f5usu. Vedelikutasakaalu muutused v\u00f5ivad p\u00f5hjustada olulisi nihkeid liitiumi kontsentratsioonis ning vastavalt ravitoime kadumist v\u00f5i intoksikatsiooni. Neerupuudulikkuse puhul on liitiumi toksilise toime oht suurem. Pikaajaline ravi tiasiid-diureetikumidega v\u00e4hendab liitiumi eritust ja v\u00f5ib m\u00e4rgatavalt t\u00f5sta kontsentratsiooni seerumis. Liitiumi kontsentratsiooni seerumis v\u00f5ib t\u00f5sta ka er\u00fctrom\u00fctsiini, pseudoefedriini ja fen\u00fc\u00fclpropanoolamiini tarvitamine.<\/p>\n\n\n\n<p>Koostaja: Katrin Reimand<\/p>\n","protected":false},"excerpt":{"rendered":"<p>Kliinilise keemia osakond, tel. 731 8316 Liitiumipreparaate kasutatakse ps\u00fc\u00fchiliste afektiivseisundite, maania ja maniakaal-depressiivsete ps\u00fchhooside ravis. Liitium (liitiumkarbonaadina) imendub seedetraktist t\u00e4ielikult, suukaudsel manustamisel saavutatakse maksimaalne kontsentratsioon plasmas 2\u20134 tundi ja p\u00fcsiv nivoo 5\u201310 p\u00e4eva p\u00e4rast ravi alustamist. Plasmas liitiumi valkudega ei seota. Liitium eritub neerude kaudu ja on nefrotoksiline. Eritumine on kahefaasiline: esimeses faasis eritub 30\u201340% [&hellip;]<\/p>\n","protected":false},"author":38,"featured_media":0,"parent":7301,"menu_order":19,"comment_status":"closed","ping_status":"closed","template":"","meta":{"_uag_custom_page_level_css":"","footnotes":""},"class_list":["post-12509","page","type-page","status-publish","hentry"],"acf":[],"yoast_head":"<!-- This site is optimized with the Yoast SEO plugin v27.3 - https:\/\/yoast.com\/product\/yoast-seo-wordpress\/ -->\n<title>Liitium (S-Li) - \u00dchendlabor<\/title>\n<meta name=\"robots\" content=\"index, follow, max-snippet:-1, max-image-preview:large, max-video-preview:-1\" \/>\n<link rel=\"canonical\" href=\"https:\/\/www.kliinikum.ee\/yhendlabor\/kasiraamat\/ravimiseire-uuringud\/liitium-s-li\/\" \/>\n<meta property=\"og:locale\" content=\"et_EE\" \/>\n<meta property=\"og:type\" content=\"article\" \/>\n<meta property=\"og:title\" content=\"Liitium (S-Li) - \u00dchendlabor\" \/>\n<meta property=\"og:description\" content=\"Kliinilise keemia osakond, tel. 731 8316 Liitiumipreparaate kasutatakse ps\u00fc\u00fchiliste afektiivseisundite, maania ja maniakaal-depressiivsete ps\u00fchhooside ravis. Liitium (liitiumkarbonaadina) imendub seedetraktist t\u00e4ielikult, suukaudsel manustamisel saavutatakse maksimaalne kontsentratsioon plasmas 2\u20134 tundi ja p\u00fcsiv nivoo 5\u201310 p\u00e4eva p\u00e4rast ravi alustamist. Plasmas liitiumi valkudega ei seota. Liitium eritub neerude kaudu ja on nefrotoksiline. Eritumine on kahefaasiline: esimeses faasis eritub 30\u201340% [&hellip;]\" \/>\n<meta property=\"og:url\" content=\"https:\/\/www.kliinikum.ee\/yhendlabor\/kasiraamat\/ravimiseire-uuringud\/liitium-s-li\/\" \/>\n<meta property=\"og:site_name\" content=\"\u00dchendlabor\" \/>\n<meta property=\"article:modified_time\" content=\"2025-12-11T15:34:56+00:00\" \/>\n<meta name=\"twitter:card\" content=\"summary_large_image\" \/>\n<meta name=\"twitter:label1\" content=\"Est. reading time\" \/>\n\t<meta name=\"twitter:data1\" content=\"2 minutit\" \/>\n<script type=\"application\/ld+json\" class=\"yoast-schema-graph\">{\"@context\":\"https:\\\/\\\/schema.org\",\"@graph\":[{\"@type\":\"WebPage\",\"@id\":\"https:\\\/\\\/www.kliinikum.ee\\\/yhendlabor\\\/kasiraamat\\\/ravimiseire-uuringud\\\/liitium-s-li\\\/\",\"url\":\"https:\\\/\\\/www.kliinikum.ee\\\/yhendlabor\\\/kasiraamat\\\/ravimiseire-uuringud\\\/liitium-s-li\\\/\",\"name\":\"Liitium (S-Li) - \u00dchendlabor\",\"isPartOf\":{\"@id\":\"https:\\\/\\\/www.kliinikum.ee\\\/yhendlabor\\\/#website\"},\"datePublished\":\"2025-07-31T13:24:12+00:00\",\"dateModified\":\"2025-12-11T15:34:56+00:00\",\"breadcrumb\":{\"@id\":\"https:\\\/\\\/www.kliinikum.ee\\\/yhendlabor\\\/kasiraamat\\\/ravimiseire-uuringud\\\/liitium-s-li\\\/#breadcrumb\"},\"inLanguage\":\"et\",\"potentialAction\":[{\"@type\":\"ReadAction\",\"target\":[\"https:\\\/\\\/www.kliinikum.ee\\\/yhendlabor\\\/kasiraamat\\\/ravimiseire-uuringud\\\/liitium-s-li\\\/\"]}]},{\"@type\":\"BreadcrumbList\",\"@id\":\"https:\\\/\\\/www.kliinikum.ee\\\/yhendlabor\\\/kasiraamat\\\/ravimiseire-uuringud\\\/liitium-s-li\\\/#breadcrumb\",\"itemListElement\":[{\"@type\":\"ListItem\",\"position\":1,\"name\":\"Home\",\"item\":\"https:\\\/\\\/www.kliinikum.ee\\\/yhendlabor\\\/\"},{\"@type\":\"ListItem\",\"position\":2,\"name\":\"K\u00e4siraamat\",\"item\":\"https:\\\/\\\/www.kliinikum.ee\\\/yhendlabor\\\/kasiraamat\\\/\"},{\"@type\":\"ListItem\",\"position\":3,\"name\":\"Ravimiseire uuringud\",\"item\":\"https:\\\/\\\/www.kliinikum.ee\\\/yhendlabor\\\/kasiraamat\\\/ravimiseire-uuringud\\\/\"},{\"@type\":\"ListItem\",\"position\":4,\"name\":\"Liitium (S-Li)\"}]},{\"@type\":\"WebSite\",\"@id\":\"https:\\\/\\\/www.kliinikum.ee\\\/yhendlabor\\\/#website\",\"url\":\"https:\\\/\\\/www.kliinikum.ee\\\/yhendlabor\\\/\",\"name\":\"\u00dchendlabor\",\"description\":\"Hoolivus, Uuendusmeelsus, P\u00e4devus ja Usaldusv\u00e4\u00e4rsus\",\"potentialAction\":[{\"@type\":\"SearchAction\",\"target\":{\"@type\":\"EntryPoint\",\"urlTemplate\":\"https:\\\/\\\/www.kliinikum.ee\\\/yhendlabor\\\/?s={search_term_string}\"},\"query-input\":{\"@type\":\"PropertyValueSpecification\",\"valueRequired\":true,\"valueName\":\"search_term_string\"}}],\"inLanguage\":\"et\"}]}<\/script>\n<!-- \/ Yoast SEO plugin. -->","yoast_head_json":{"title":"Liitium (S-Li) - \u00dchendlabor","robots":{"index":"index","follow":"follow","max-snippet":"max-snippet:-1","max-image-preview":"max-image-preview:large","max-video-preview":"max-video-preview:-1"},"canonical":"https:\/\/www.kliinikum.ee\/yhendlabor\/kasiraamat\/ravimiseire-uuringud\/liitium-s-li\/","og_locale":"et_EE","og_type":"article","og_title":"Liitium (S-Li) - \u00dchendlabor","og_description":"Kliinilise keemia osakond, tel. 731 8316 Liitiumipreparaate kasutatakse ps\u00fc\u00fchiliste afektiivseisundite, maania ja maniakaal-depressiivsete ps\u00fchhooside ravis. Liitium (liitiumkarbonaadina) imendub seedetraktist t\u00e4ielikult, suukaudsel manustamisel saavutatakse maksimaalne kontsentratsioon plasmas 2\u20134 tundi ja p\u00fcsiv nivoo 5\u201310 p\u00e4eva p\u00e4rast ravi alustamist. Plasmas liitiumi valkudega ei seota. Liitium eritub neerude kaudu ja on nefrotoksiline. Eritumine on kahefaasiline: esimeses faasis eritub 30\u201340% [&hellip;]","og_url":"https:\/\/www.kliinikum.ee\/yhendlabor\/kasiraamat\/ravimiseire-uuringud\/liitium-s-li\/","og_site_name":"\u00dchendlabor","article_modified_time":"2025-12-11T15:34:56+00:00","twitter_card":"summary_large_image","twitter_misc":{"Est. reading time":"2 minutit"},"schema":{"@context":"https:\/\/schema.org","@graph":[{"@type":"WebPage","@id":"https:\/\/www.kliinikum.ee\/yhendlabor\/kasiraamat\/ravimiseire-uuringud\/liitium-s-li\/","url":"https:\/\/www.kliinikum.ee\/yhendlabor\/kasiraamat\/ravimiseire-uuringud\/liitium-s-li\/","name":"Liitium (S-Li) - \u00dchendlabor","isPartOf":{"@id":"https:\/\/www.kliinikum.ee\/yhendlabor\/#website"},"datePublished":"2025-07-31T13:24:12+00:00","dateModified":"2025-12-11T15:34:56+00:00","breadcrumb":{"@id":"https:\/\/www.kliinikum.ee\/yhendlabor\/kasiraamat\/ravimiseire-uuringud\/liitium-s-li\/#breadcrumb"},"inLanguage":"et","potentialAction":[{"@type":"ReadAction","target":["https:\/\/www.kliinikum.ee\/yhendlabor\/kasiraamat\/ravimiseire-uuringud\/liitium-s-li\/"]}]},{"@type":"BreadcrumbList","@id":"https:\/\/www.kliinikum.ee\/yhendlabor\/kasiraamat\/ravimiseire-uuringud\/liitium-s-li\/#breadcrumb","itemListElement":[{"@type":"ListItem","position":1,"name":"Home","item":"https:\/\/www.kliinikum.ee\/yhendlabor\/"},{"@type":"ListItem","position":2,"name":"K\u00e4siraamat","item":"https:\/\/www.kliinikum.ee\/yhendlabor\/kasiraamat\/"},{"@type":"ListItem","position":3,"name":"Ravimiseire uuringud","item":"https:\/\/www.kliinikum.ee\/yhendlabor\/kasiraamat\/ravimiseire-uuringud\/"},{"@type":"ListItem","position":4,"name":"Liitium (S-Li)"}]},{"@type":"WebSite","@id":"https:\/\/www.kliinikum.ee\/yhendlabor\/#website","url":"https:\/\/www.kliinikum.ee\/yhendlabor\/","name":"\u00dchendlabor","description":"Hoolivus, Uuendusmeelsus, P\u00e4devus ja Usaldusv\u00e4\u00e4rsus","potentialAction":[{"@type":"SearchAction","target":{"@type":"EntryPoint","urlTemplate":"https:\/\/www.kliinikum.ee\/yhendlabor\/?s={search_term_string}"},"query-input":{"@type":"PropertyValueSpecification","valueRequired":true,"valueName":"search_term_string"}}],"inLanguage":"et"}]}},"uagb_featured_image_src":{"full":false,"thumbnail":false,"medium":false,"medium_large":false,"large":false,"1536x1536":false,"2048x2048":false},"uagb_author_info":{"display_name":"Kadi Siigur","author_link":"https:\/\/www.kliinikum.ee\/yhendlabor\/author\/kadisi\/"},"uagb_comment_info":0,"uagb_excerpt":"Kliinilise keemia osakond, tel. 731 8316 Liitiumipreparaate kasutatakse ps\u00fc\u00fchiliste afektiivseisundite, maania ja maniakaal-depressiivsete ps\u00fchhooside ravis. Liitium (liitiumkarbonaadina) imendub seedetraktist t\u00e4ielikult, suukaudsel manustamisel saavutatakse maksimaalne kontsentratsioon plasmas 2\u20134 tundi ja p\u00fcsiv nivoo 5\u201310 p\u00e4eva p\u00e4rast ravi alustamist. Plasmas liitiumi valkudega ei seota. Liitium eritub neerude kaudu ja on nefrotoksiline. Eritumine on kahefaasiline: esimeses faasis eritub 30\u201340%&hellip;","_links":{"self":[{"href":"https:\/\/www.kliinikum.ee\/yhendlabor\/wp-json\/wp\/v2\/pages\/12509","targetHints":{"allow":["GET"]}}],"collection":[{"href":"https:\/\/www.kliinikum.ee\/yhendlabor\/wp-json\/wp\/v2\/pages"}],"about":[{"href":"https:\/\/www.kliinikum.ee\/yhendlabor\/wp-json\/wp\/v2\/types\/page"}],"author":[{"embeddable":true,"href":"https:\/\/www.kliinikum.ee\/yhendlabor\/wp-json\/wp\/v2\/users\/38"}],"replies":[{"embeddable":true,"href":"https:\/\/www.kliinikum.ee\/yhendlabor\/wp-json\/wp\/v2\/comments?post=12509"}],"version-history":[{"count":0,"href":"https:\/\/www.kliinikum.ee\/yhendlabor\/wp-json\/wp\/v2\/pages\/12509\/revisions"}],"up":[{"embeddable":true,"href":"https:\/\/www.kliinikum.ee\/yhendlabor\/wp-json\/wp\/v2\/pages\/7301"}],"wp:attachment":[{"href":"https:\/\/www.kliinikum.ee\/yhendlabor\/wp-json\/wp\/v2\/media?parent=12509"}],"curies":[{"name":"wp","href":"https:\/\/api.w.org\/{rel}","templated":true}]}}