{"id":12513,"date":"2025-07-31T15:28:38","date_gmt":"2025-07-31T13:28:38","guid":{"rendered":"https:\/\/www.kliinikum.ee\/yhendlabor\/?page_id=12513"},"modified":"2025-12-11T17:36:09","modified_gmt":"2025-12-11T15:36:09","slug":"linesoliid-sp-linezolid","status":"publish","type":"page","link":"https:\/\/www.kliinikum.ee\/yhendlabor\/kasiraamat\/ravimiseire-uuringud\/linesoliid-sp-linezolid\/","title":{"rendered":"Linesoliid (S,P-Linezolid)"},"content":{"rendered":"\n<p><em>Kliinilise keemia ja laboratoorse hematoloogia osakond<\/em><\/p>\n\n\n\n<p><strong>Linesoliid <\/strong>on s\u00fcnteetiline oksasolidinooni gruppi kuuluv antibiootikum, mille antibakteriaalne toime p\u00f5hineb bakterite translatsiooni initsiatsiooni takistamises. Linesoliidi kasutatakse reservrea antibiootikumina tuberkuloosi ravis ning ka teiste grampositiivsete bakterite poolt p\u00f5hjustatud infektsioonide raviks, nagu n\u00e4iteks:<\/p>\n\n\n\n<ul class=\"wp-block-list\">\n<li>haigla- ja olmetekkene pneumonia<\/li>\n\n\n\n<li>naha ja pehmete kudede t\u00fcsistunud infektsioonid.<\/li>\n<\/ul>\n\n\n\n<p>Linesoliidile tundlikud bakteriliigid on <em>Staphylococcus aureus<\/em>,&nbsp;<em>Streptococcus pneumoniae<\/em>,&nbsp;<em>Streptococcus pyogenes<\/em>,&nbsp;<em>Streptococcus agalactiae<\/em>. Ravim ei toimi gramnegatiivsete bakterite poolt p\u00f5hjustatud infektsioonide korral.<\/p>\n\n\n\n<p>Ravimit manustatakse suukaudselt v\u00f5i intravenoosse tilkinfusioonina. See imendub kiiresti ja t\u00e4ielikult, saavutades maksimaalse plasmakontsentratsiooni 2 tunni jooksul peale ravimi manustamist. Linesoliidi biosaadavus on ligikaudu 100% ning toit ei m\u00f5juta selle imendumist. Ravim eritatakse peamiselt uriiniga, eliminatsiooni poolv\u00e4\u00e4rtusaeg on 5\u20137 tundi. Ravim seondub plasmavalkudega 31% ulatuses.<\/p>\n\n\n\n<p>Linesoliid on vastun\u00e4idustatud patsientidele, kes kasutavad monoaminooks\u00fcdaas A v\u00f5i B inhibiitoreid. Linesoliidi kasutamisel tuleb p\u00fcsivalt j\u00e4lgida verer\u00f5hku j\u00e4rgmistel juhtudel:<\/p>\n\n\n\n<ul class=\"wp-block-list\">\n<li>patsientidel, kellel on ravile allumatu h\u00fcpertensioon, feokromots\u00fctoom, kartsinoid, t\u00fcreotoksilisus, bipolaarne depressioon, skisoafektiivne h\u00e4ire, \u00e4ge segasusseisund;<\/li>\n\n\n\n<li>patsientidel, kes v\u00f5tavad m\u00f5nda j\u00e4rgmistest ravimitest: serotoniini tagasihaarde inhibiitorid, trits\u00fcklilised antidepressandid, serotoniin 5-HT<sub>1<\/sub> retseptori agonistid, s\u00fcmpatomimeetilise toimega ained, vasopressiivsed ained, dopaminergilised ained, petidiin v\u00f5i buspiroon.<\/li>\n<\/ul>\n\n\n\n<p>Ravim eritub rinnapiima, seega ei tohi seda kasutada rinnaga toitmise ajal.<\/p>\n\n\n\n<p>P\u00f5hilisteks k\u00f5rvaltoimeteks on k\u00f5hulahtisus, peavalu, iiveldus ja oksendamine.<\/p>\n\n\n\n<p class=\"has-medium-font-size\"><strong>Uuritav materjal, selle v\u00f5tmine, saatmine ja s\u00e4ilitamine<\/strong><\/p>\n\n\n\n<p>M\u00f5\u00f5detakse tippkontsentratsiooni (C<sub>max<\/sub>) 2 tunni ja 6 tunni m\u00f6\u00f6dudes ravimi manustamisest.<\/p>\n\n\n\n<figure class=\"wp-block-table is-style-stripes\"><table width=\"100%\"><tbody><tr><td width=\"1%\"><\/td><td width=\"15%\"><strong>Katsuti<\/strong><\/td><td width=\"84%\">K2E\/K3E-katsuti (lilla kork)<\/td><\/tr><tr><td><\/td><td><strong>S\u00e4ilivus<\/strong><\/td><td>Plasma toatemperatuuril ja +4 \u00baC kolm p\u00e4eva, -20 \u00baC pikemat aega<\/td><\/tr><\/tbody><\/table><\/figure>\n\n\n\n<p class=\"has-medium-font-size\"><strong>Anal\u00fc\u00fcsi tegemise aeg:<\/strong> t\u00f6\u00f6p\u00e4eviti<\/p>\n\n\n\n<p class=\"has-medium-font-size\"><strong>Anal\u00fc\u00fcsimeetod<\/strong><strong>:<\/strong> vedelikkromatograafia-massispektromeetria (LC-MS\/MS)<\/p>\n\n\n\n<p class=\"has-medium-font-size\"><strong>Referentsv\u00e4\u00e4rtused<\/strong><\/p>\n\n\n\n<p>Terapeutiline vahemik ja toksiline piir ei ole \u00fcheselt m\u00e4\u00e4ratud. Ravimseire jaoks k\u00f5ige informatiivsemaks n\u00e4itajaks on tippkontsentratsioon, kuna baaskontsentratsioon on liiga madal m\u00f5\u00f5temetoodikaga detekteerimiseks. M\u00f5ne patsiendi puhul v\u00f5ib optimaalne ravivastus olla ravimikontsentratsiooni juures, mis j\u00e4\u00e4b antud vahemikust v\u00e4lja.<\/p>\n\n\n\n<figure class=\"wp-block-table\"><table width=\"100%\"><tbody><tr><td width=\"1%\"><\/td><td width=\"30%\"><strong>Soovituslik C<sub>max<\/sub>\u00a0<\/strong><\/td><td width=\"69%\">12\u201326 mg\/L (annustamine 300\u2013600 mg 1\u20132 korda p\u00e4evas)<\/td><\/tr><tr><td><\/td><td><strong>Toksiline kontsentratsioon<\/strong><\/td><td>Ei ole \u00fcheselt m\u00e4\u00e4ratletud<\/td><\/tr><\/tbody><\/table><\/figure>\n\n\n\n<p class=\"has-medium-font-size\"><strong>N\u00e4idustus ja kliiniline t\u00e4hendus<\/strong><\/p>\n\n\n\n<p>Ravi j\u00e4lgimine, optimaalse raviskeemi leidmine.<\/p>\n\n\n\n<p class=\"has-medium-font-size\"><strong>Kasutatud kirjandus<\/strong><\/p>\n\n\n\n<ol class=\"wp-block-list\">\n<li>Eesti Ravimiamet<\/li>\n\n\n\n<li>Drugbank<\/li>\n\n\n\n<li>Alsultan and C. A. Peloquin (2014). \u201eTherapeutic Drug Monitoring in the Treatment of Tuberculosis: An Update\u201c Drugs 2014; 74:839-854.<\/li>\n<\/ol>\n\n\n\n<p>Koostaja: Jelena Beljantseva<br>Muudetud 29.04.2024<\/p>\n","protected":false},"excerpt":{"rendered":"<p>Kliinilise keemia ja laboratoorse hematoloogia osakond Linesoliid on s\u00fcnteetiline oksasolidinooni gruppi kuuluv antibiootikum, mille antibakteriaalne toime p\u00f5hineb bakterite translatsiooni initsiatsiooni takistamises. Linesoliidi kasutatakse reservrea antibiootikumina tuberkuloosi ravis ning ka teiste grampositiivsete bakterite poolt p\u00f5hjustatud infektsioonide raviks, nagu n\u00e4iteks: Linesoliidile tundlikud bakteriliigid on Staphylococcus aureus,&nbsp;Streptococcus pneumoniae,&nbsp;Streptococcus pyogenes,&nbsp;Streptococcus agalactiae. Ravim ei toimi gramnegatiivsete bakterite poolt p\u00f5hjustatud infektsioonide [&hellip;]<\/p>\n","protected":false},"author":38,"featured_media":0,"parent":7301,"menu_order":20,"comment_status":"closed","ping_status":"closed","template":"","meta":{"_uag_custom_page_level_css":"","footnotes":""},"class_list":["post-12513","page","type-page","status-publish","hentry"],"acf":[],"yoast_head":"<!-- This site is optimized with the Yoast SEO plugin v27.3 - https:\/\/yoast.com\/product\/yoast-seo-wordpress\/ -->\n<title>Linesoliid (S,P-Linezolid) - \u00dchendlabor<\/title>\n<meta name=\"robots\" content=\"index, follow, max-snippet:-1, max-image-preview:large, max-video-preview:-1\" \/>\n<link rel=\"canonical\" href=\"https:\/\/www.kliinikum.ee\/yhendlabor\/kasiraamat\/ravimiseire-uuringud\/linesoliid-sp-linezolid\/\" \/>\n<meta property=\"og:locale\" content=\"et_EE\" \/>\n<meta property=\"og:type\" content=\"article\" \/>\n<meta property=\"og:title\" content=\"Linesoliid (S,P-Linezolid) - \u00dchendlabor\" \/>\n<meta property=\"og:description\" content=\"Kliinilise keemia ja laboratoorse hematoloogia osakond Linesoliid on s\u00fcnteetiline oksasolidinooni gruppi kuuluv antibiootikum, mille antibakteriaalne toime p\u00f5hineb bakterite translatsiooni initsiatsiooni takistamises. Linesoliidi kasutatakse reservrea antibiootikumina tuberkuloosi ravis ning ka teiste grampositiivsete bakterite poolt p\u00f5hjustatud infektsioonide raviks, nagu n\u00e4iteks: Linesoliidile tundlikud bakteriliigid on Staphylococcus aureus,&nbsp;Streptococcus pneumoniae,&nbsp;Streptococcus pyogenes,&nbsp;Streptococcus agalactiae. Ravim ei toimi gramnegatiivsete bakterite poolt p\u00f5hjustatud infektsioonide [&hellip;]\" \/>\n<meta property=\"og:url\" content=\"https:\/\/www.kliinikum.ee\/yhendlabor\/kasiraamat\/ravimiseire-uuringud\/linesoliid-sp-linezolid\/\" \/>\n<meta property=\"og:site_name\" content=\"\u00dchendlabor\" \/>\n<meta property=\"article:modified_time\" content=\"2025-12-11T15:36:09+00:00\" \/>\n<meta name=\"twitter:card\" content=\"summary_large_image\" \/>\n<meta name=\"twitter:label1\" content=\"Est. reading time\" \/>\n\t<meta name=\"twitter:data1\" content=\"2 minutit\" \/>\n<script type=\"application\/ld+json\" class=\"yoast-schema-graph\">{\"@context\":\"https:\\\/\\\/schema.org\",\"@graph\":[{\"@type\":\"WebPage\",\"@id\":\"https:\\\/\\\/www.kliinikum.ee\\\/yhendlabor\\\/kasiraamat\\\/ravimiseire-uuringud\\\/linesoliid-sp-linezolid\\\/\",\"url\":\"https:\\\/\\\/www.kliinikum.ee\\\/yhendlabor\\\/kasiraamat\\\/ravimiseire-uuringud\\\/linesoliid-sp-linezolid\\\/\",\"name\":\"Linesoliid (S,P-Linezolid) - \u00dchendlabor\",\"isPartOf\":{\"@id\":\"https:\\\/\\\/www.kliinikum.ee\\\/yhendlabor\\\/#website\"},\"datePublished\":\"2025-07-31T13:28:38+00:00\",\"dateModified\":\"2025-12-11T15:36:09+00:00\",\"breadcrumb\":{\"@id\":\"https:\\\/\\\/www.kliinikum.ee\\\/yhendlabor\\\/kasiraamat\\\/ravimiseire-uuringud\\\/linesoliid-sp-linezolid\\\/#breadcrumb\"},\"inLanguage\":\"et\",\"potentialAction\":[{\"@type\":\"ReadAction\",\"target\":[\"https:\\\/\\\/www.kliinikum.ee\\\/yhendlabor\\\/kasiraamat\\\/ravimiseire-uuringud\\\/linesoliid-sp-linezolid\\\/\"]}]},{\"@type\":\"BreadcrumbList\",\"@id\":\"https:\\\/\\\/www.kliinikum.ee\\\/yhendlabor\\\/kasiraamat\\\/ravimiseire-uuringud\\\/linesoliid-sp-linezolid\\\/#breadcrumb\",\"itemListElement\":[{\"@type\":\"ListItem\",\"position\":1,\"name\":\"Home\",\"item\":\"https:\\\/\\\/www.kliinikum.ee\\\/yhendlabor\\\/\"},{\"@type\":\"ListItem\",\"position\":2,\"name\":\"K\u00e4siraamat\",\"item\":\"https:\\\/\\\/www.kliinikum.ee\\\/yhendlabor\\\/kasiraamat\\\/\"},{\"@type\":\"ListItem\",\"position\":3,\"name\":\"Ravimiseire uuringud\",\"item\":\"https:\\\/\\\/www.kliinikum.ee\\\/yhendlabor\\\/kasiraamat\\\/ravimiseire-uuringud\\\/\"},{\"@type\":\"ListItem\",\"position\":4,\"name\":\"Linesoliid (S,P-Linezolid)\"}]},{\"@type\":\"WebSite\",\"@id\":\"https:\\\/\\\/www.kliinikum.ee\\\/yhendlabor\\\/#website\",\"url\":\"https:\\\/\\\/www.kliinikum.ee\\\/yhendlabor\\\/\",\"name\":\"\u00dchendlabor\",\"description\":\"Hoolivus, Uuendusmeelsus, P\u00e4devus ja Usaldusv\u00e4\u00e4rsus\",\"potentialAction\":[{\"@type\":\"SearchAction\",\"target\":{\"@type\":\"EntryPoint\",\"urlTemplate\":\"https:\\\/\\\/www.kliinikum.ee\\\/yhendlabor\\\/?s={search_term_string}\"},\"query-input\":{\"@type\":\"PropertyValueSpecification\",\"valueRequired\":true,\"valueName\":\"search_term_string\"}}],\"inLanguage\":\"et\"}]}<\/script>\n<!-- \/ Yoast SEO plugin. -->","yoast_head_json":{"title":"Linesoliid (S,P-Linezolid) - \u00dchendlabor","robots":{"index":"index","follow":"follow","max-snippet":"max-snippet:-1","max-image-preview":"max-image-preview:large","max-video-preview":"max-video-preview:-1"},"canonical":"https:\/\/www.kliinikum.ee\/yhendlabor\/kasiraamat\/ravimiseire-uuringud\/linesoliid-sp-linezolid\/","og_locale":"et_EE","og_type":"article","og_title":"Linesoliid (S,P-Linezolid) - \u00dchendlabor","og_description":"Kliinilise keemia ja laboratoorse hematoloogia osakond Linesoliid on s\u00fcnteetiline oksasolidinooni gruppi kuuluv antibiootikum, mille antibakteriaalne toime p\u00f5hineb bakterite translatsiooni initsiatsiooni takistamises. Linesoliidi kasutatakse reservrea antibiootikumina tuberkuloosi ravis ning ka teiste grampositiivsete bakterite poolt p\u00f5hjustatud infektsioonide raviks, nagu n\u00e4iteks: Linesoliidile tundlikud bakteriliigid on Staphylococcus aureus,&nbsp;Streptococcus pneumoniae,&nbsp;Streptococcus pyogenes,&nbsp;Streptococcus agalactiae. Ravim ei toimi gramnegatiivsete bakterite poolt p\u00f5hjustatud infektsioonide [&hellip;]","og_url":"https:\/\/www.kliinikum.ee\/yhendlabor\/kasiraamat\/ravimiseire-uuringud\/linesoliid-sp-linezolid\/","og_site_name":"\u00dchendlabor","article_modified_time":"2025-12-11T15:36:09+00:00","twitter_card":"summary_large_image","twitter_misc":{"Est. reading time":"2 minutit"},"schema":{"@context":"https:\/\/schema.org","@graph":[{"@type":"WebPage","@id":"https:\/\/www.kliinikum.ee\/yhendlabor\/kasiraamat\/ravimiseire-uuringud\/linesoliid-sp-linezolid\/","url":"https:\/\/www.kliinikum.ee\/yhendlabor\/kasiraamat\/ravimiseire-uuringud\/linesoliid-sp-linezolid\/","name":"Linesoliid (S,P-Linezolid) - \u00dchendlabor","isPartOf":{"@id":"https:\/\/www.kliinikum.ee\/yhendlabor\/#website"},"datePublished":"2025-07-31T13:28:38+00:00","dateModified":"2025-12-11T15:36:09+00:00","breadcrumb":{"@id":"https:\/\/www.kliinikum.ee\/yhendlabor\/kasiraamat\/ravimiseire-uuringud\/linesoliid-sp-linezolid\/#breadcrumb"},"inLanguage":"et","potentialAction":[{"@type":"ReadAction","target":["https:\/\/www.kliinikum.ee\/yhendlabor\/kasiraamat\/ravimiseire-uuringud\/linesoliid-sp-linezolid\/"]}]},{"@type":"BreadcrumbList","@id":"https:\/\/www.kliinikum.ee\/yhendlabor\/kasiraamat\/ravimiseire-uuringud\/linesoliid-sp-linezolid\/#breadcrumb","itemListElement":[{"@type":"ListItem","position":1,"name":"Home","item":"https:\/\/www.kliinikum.ee\/yhendlabor\/"},{"@type":"ListItem","position":2,"name":"K\u00e4siraamat","item":"https:\/\/www.kliinikum.ee\/yhendlabor\/kasiraamat\/"},{"@type":"ListItem","position":3,"name":"Ravimiseire uuringud","item":"https:\/\/www.kliinikum.ee\/yhendlabor\/kasiraamat\/ravimiseire-uuringud\/"},{"@type":"ListItem","position":4,"name":"Linesoliid (S,P-Linezolid)"}]},{"@type":"WebSite","@id":"https:\/\/www.kliinikum.ee\/yhendlabor\/#website","url":"https:\/\/www.kliinikum.ee\/yhendlabor\/","name":"\u00dchendlabor","description":"Hoolivus, Uuendusmeelsus, P\u00e4devus ja Usaldusv\u00e4\u00e4rsus","potentialAction":[{"@type":"SearchAction","target":{"@type":"EntryPoint","urlTemplate":"https:\/\/www.kliinikum.ee\/yhendlabor\/?s={search_term_string}"},"query-input":{"@type":"PropertyValueSpecification","valueRequired":true,"valueName":"search_term_string"}}],"inLanguage":"et"}]}},"uagb_featured_image_src":{"full":false,"thumbnail":false,"medium":false,"medium_large":false,"large":false,"1536x1536":false,"2048x2048":false},"uagb_author_info":{"display_name":"Kadi Siigur","author_link":"https:\/\/www.kliinikum.ee\/yhendlabor\/author\/kadisi\/"},"uagb_comment_info":0,"uagb_excerpt":"Kliinilise keemia ja laboratoorse hematoloogia osakond Linesoliid on s\u00fcnteetiline oksasolidinooni gruppi kuuluv antibiootikum, mille antibakteriaalne toime p\u00f5hineb bakterite translatsiooni initsiatsiooni takistamises. Linesoliidi kasutatakse reservrea antibiootikumina tuberkuloosi ravis ning ka teiste grampositiivsete bakterite poolt p\u00f5hjustatud infektsioonide raviks, nagu n\u00e4iteks: Linesoliidile tundlikud bakteriliigid on Staphylococcus aureus,&nbsp;Streptococcus pneumoniae,&nbsp;Streptococcus pyogenes,&nbsp;Streptococcus agalactiae. Ravim ei toimi gramnegatiivsete bakterite poolt p\u00f5hjustatud infektsioonide&hellip;","_links":{"self":[{"href":"https:\/\/www.kliinikum.ee\/yhendlabor\/wp-json\/wp\/v2\/pages\/12513","targetHints":{"allow":["GET"]}}],"collection":[{"href":"https:\/\/www.kliinikum.ee\/yhendlabor\/wp-json\/wp\/v2\/pages"}],"about":[{"href":"https:\/\/www.kliinikum.ee\/yhendlabor\/wp-json\/wp\/v2\/types\/page"}],"author":[{"embeddable":true,"href":"https:\/\/www.kliinikum.ee\/yhendlabor\/wp-json\/wp\/v2\/users\/38"}],"replies":[{"embeddable":true,"href":"https:\/\/www.kliinikum.ee\/yhendlabor\/wp-json\/wp\/v2\/comments?post=12513"}],"version-history":[{"count":0,"href":"https:\/\/www.kliinikum.ee\/yhendlabor\/wp-json\/wp\/v2\/pages\/12513\/revisions"}],"up":[{"embeddable":true,"href":"https:\/\/www.kliinikum.ee\/yhendlabor\/wp-json\/wp\/v2\/pages\/7301"}],"wp:attachment":[{"href":"https:\/\/www.kliinikum.ee\/yhendlabor\/wp-json\/wp\/v2\/media?parent=12513"}],"curies":[{"name":"wp","href":"https:\/\/api.w.org\/{rel}","templated":true}]}}