{"id":12517,"date":"2025-07-31T15:34:41","date_gmt":"2025-07-31T13:34:41","guid":{"rendered":"https:\/\/www.kliinikum.ee\/yhendlabor\/?page_id=12517"},"modified":"2025-12-11T17:40:04","modified_gmt":"2025-12-11T15:40:04","slug":"meropeneem-p-meropenem","status":"publish","type":"page","link":"https:\/\/www.kliinikum.ee\/yhendlabor\/kasiraamat\/ravimiseire-uuringud\/meropeneem-p-meropenem\/","title":{"rendered":"Meropeneem (P-Meropenem)"},"content":{"rendered":"\n<p><em>Kliinilise keemia ja laboratoorse hematoloogia osakond<\/em><\/p>\n\n\n\n<p><strong>Meropeneem <\/strong>on laia toimespektriga beetalaktaam-antibiootikum, mida sageli kasutatakse empiirilise ravimina haiglatekkeste ja pol\u00fcmikroobsete infektsioonide raviks. Selle eelisteks teiste sama klassi antibiootikumide ees on v\u00e4hene toksilisus ning stabiilsus beetalaktamaaside suhtes.<\/p>\n\n\n\n<p>Meropeneem on n\u00e4idustatud j\u00e4rgmiste infektsioonide raviks t\u00e4iskasvanutel ja \u00fcle 3 kuu vanustel lastel:<\/p>\n\n\n\n<ul class=\"wp-block-list\">\n<li>raske (s.h haiglatekkene) kopsup\u00f5letik;<\/li>\n\n\n\n<li>kroonilised ja \u00e4genenud kopsuinfektsioonid ts\u00fcstilise fibroosiga patsientidel;<\/li>\n\n\n\n<li>s\u00fcnnitusaegsed ja g\u00fcnekoloogilised infektsioonid;<\/li>\n\n\n\n<li>k\u00f5hu\u00f5\u00f5ne, kuseteede, naha ja pehmete kudede t\u00fcsistunud infektsioonid;<\/li>\n\n\n\n<li>\u00e4ge bakteriaalne meningiit;<\/li>\n\n\n\n<li>palavikuga neutropeenia;<\/li>\n\n\n\n<li>sepsis.<\/li>\n<\/ul>\n\n\n\n<p>Meropeneemi manustamine toimub intravenoosse tilkinfusiooni v\u00f5i booluss\u00fcstena. Ravimi tippkontsentratsioon saavutatakse umbes \u00fcks tund p\u00e4rast manustamise algust. N\u00e4iteks 0,5 g v\u00f5i 1 g ravimi manustamisel 30 minuti jooksul on maksimaalsed plasmakontsentratsioonid vastavalt 23 mg\/L ja 49 mg\/L. Meropeneem penetreerub h\u00e4sti enamikesse kehavedelikesse (s.h seljaajuvedelik) ja kudedesse ning selle seonduvus plasmavalkudega on marginaalne (~2%). Meropeneemi poolv\u00e4\u00e4rtusaeg on umbes 1\u20131,5 tundi ja eritumine toimub neerude kaudu glomerulaarfiltratsiooni ning tubulaarse sekretsiooni teel. Ravimi annuse kohandamine on vajalik neerukahjustusega patsientidel, kelle kreatiniinikliirens on alla 51 mL\/min.<\/p>\n\n\n\n<p>K\u00f5ige sagedasemad k\u00f5rvaltoimed on k\u00f5hulahtisus, nahal\u00f6\u00f6ve ja oksendamine.<\/p>\n\n\n\n<p class=\"has-medium-font-size\"><strong>Uuritav materjal, selle v\u00f5tmine, saatmine ja s\u00e4ilitamine<\/strong><\/p>\n\n\n\n<p><em>Tippkontsentratsiooni <\/em>m\u00e4\u00e4ramiseks v\u00f5tta proov pool tundi p\u00e4rast infusiooni l\u00f5ppu.<\/p>\n\n\n\n<p><em>Baaskontsentratsiooni <\/em>m\u00e4\u00e4ramiseks v\u00f5tta proov vahetult enne j\u00e4rgmist doosi.<\/p>\n\n\n\n<p>Proovi ei tohi v\u00f5tta samast veenist, kuhu ravim manustati. Proov tuleb transportida koheselt laborisse.<\/p>\n\n\n\n<figure class=\"wp-block-table is-style-stripes\"><table width=\"100%\"><tbody><tr><td width=\"1%\"><\/td><td width=\"15%\"><strong>Katsuti<\/strong><\/td><td width=\"84%\">K2E\/K3E-katsuti (lilla kork)<\/td><\/tr><tr><td><\/td><td><strong>S\u00e4ilivus<\/strong><\/td><td>Plasmas +4 \u00b0C \u00fcks p\u00e4ev<\/td><\/tr><\/tbody><\/table><\/figure>\n\n\n\n<p class=\"has-medium-font-size\"><strong>Anal\u00fc\u00fcsi tegemise aeg<\/strong><strong>:<\/strong> t\u00f6\u00f6p\u00e4eviti<\/p>\n\n\n\n<p class=\"has-medium-font-size\"><strong>Anal\u00fc\u00fcsimeetod<\/strong><strong>:<\/strong> vedelikkromatograafia-massispektromeetria (LC-MS\/MS)<\/p>\n\n\n\n<p class=\"has-medium-font-size\"><strong>Referentsv\u00e4\u00e4rtused<\/strong><\/p>\n\n\n\n<p>Meropeneemi efektiivsust m\u00e4\u00e4ravaks farmakod\u00fcnaamiliseks n\u00e4itajaks on aeg, mil vaba ravimi kontsentratsioon \u00fcletab minimaalset inhibeerivat kontsentratsiooni (MIC) (fT&gt;MIC). Maksimaalse bakteritsiidse toime saavutamiseks peab meropeneemi puhul plasmakontsentratsioon \u00fcletama MIC v\u00e4\u00e4rtuse v\u00e4hemalt 40% doseerimisajast (40% fT&gt;MIC). Raskete infektsioonide puhul on soovitatav hoida ravimi kontsentratsioon 100% doseerimisajast \u00fcle MIC v\u00e4\u00e4rtuse (100% fT&gt;MIC)&nbsp; v\u00f5i isegi \u00fcle neljakordse MIC v\u00e4\u00e4rtuse (100% fT&gt;4xMIC). MIC v\u00e4\u00e4rtused on leitavad EUCAST andmebaasist:<\/p>\n\n\n\n<p><a href=\"https:\/\/mic.eucast.org\/Eucast2\/SearchController\/search.jsp?action=performSearch&amp;BeginIndex=0&amp;Micdif=mic&amp;NumberIndex=50&amp;Antib=177&amp;Specium=-1\">https:\/\/mic.eucast.org\/Eucast2\/SearchController\/search.jsp?action=performSearch&amp;BeginIndex=0&amp;Micdif=mic&amp;NumberIndex=50&amp;Antib=177&amp;Specium=-1<\/a><\/p>\n\n\n\n<p>N\u00e4iteks k\u00f5ige k\u00f5rgem MIC on <em>Enterococcus<\/em> <em>spp <\/em>bakteritel (8 mg\/L).<\/p>\n\n\n\n<p class=\"has-medium-font-size\"><strong>N\u00e4idustus ja kliiniline t\u00e4hendus<\/strong><\/p>\n\n\n\n<p>Ravimi plasmakontsentratsiooni eesm\u00e4rkv\u00e4\u00e4rtuse saavutamine, ravi j\u00e4lgimine.<\/p>\n\n\n\n<p>Koostaja: Jelena Beljantseva<\/p>\n\n\n\n<p class=\"has-medium-font-size\"><strong>Kasutatud kirjandus:<\/strong><\/p>\n\n\n\n<p>Baldwin, C.M., K.A. Lyseng-Williamso, S. J. Keam (2008). \u201eMeropenem: A review of its use in the treatment of serious bacterial infections\u201c Drugs <strong>68<\/strong>(6): 803-838<\/p>\n\n\n\n<p>Delattre, I.K., F. S. Taccone, F. Jacobs, M. Hites, T. Dugernier, H. Spapen, P-F. Laterre, P.E. Wallemacq, F. Van Bambeke and P.M. Tulkens (2017). \u201eOptimizing \u03b2-lactams treatment in critically-ill patients using pharmacokinetics\/pharmacodynamics targets: are first conventional doses effective?\u201c Expert Rev Anti Infect Ther <strong>15<\/strong>(7): 677-688<\/p>\n\n\n\n<p>Nicolau D.P (2008). \u201ePharmacokinetic and pharmacodynamic properties of meropenem\u201c Clin Infect Dis <strong>47<\/strong>(Suppl_1): S32-40<\/p>\n","protected":false},"excerpt":{"rendered":"<p>Kliinilise keemia ja laboratoorse hematoloogia osakond Meropeneem on laia toimespektriga beetalaktaam-antibiootikum, mida sageli kasutatakse empiirilise ravimina haiglatekkeste ja pol\u00fcmikroobsete infektsioonide raviks. Selle eelisteks teiste sama klassi antibiootikumide ees on v\u00e4hene toksilisus ning stabiilsus beetalaktamaaside suhtes. Meropeneem on n\u00e4idustatud j\u00e4rgmiste infektsioonide raviks t\u00e4iskasvanutel ja \u00fcle 3 kuu vanustel lastel: Meropeneemi manustamine toimub intravenoosse tilkinfusiooni v\u00f5i booluss\u00fcstena. [&hellip;]<\/p>\n","protected":false},"author":38,"featured_media":0,"parent":7301,"menu_order":21,"comment_status":"closed","ping_status":"closed","template":"","meta":{"_uag_custom_page_level_css":"","footnotes":""},"class_list":["post-12517","page","type-page","status-publish","hentry"],"acf":[],"yoast_head":"<!-- This site is optimized with the Yoast SEO plugin v27.3 - https:\/\/yoast.com\/product\/yoast-seo-wordpress\/ -->\n<title>Meropeneem (P-Meropenem) - \u00dchendlabor<\/title>\n<meta name=\"robots\" content=\"index, follow, max-snippet:-1, max-image-preview:large, max-video-preview:-1\" \/>\n<link rel=\"canonical\" href=\"https:\/\/www.kliinikum.ee\/yhendlabor\/kasiraamat\/ravimiseire-uuringud\/meropeneem-p-meropenem\/\" \/>\n<meta property=\"og:locale\" content=\"et_EE\" \/>\n<meta property=\"og:type\" content=\"article\" \/>\n<meta property=\"og:title\" content=\"Meropeneem (P-Meropenem) - \u00dchendlabor\" \/>\n<meta property=\"og:description\" content=\"Kliinilise keemia ja laboratoorse hematoloogia osakond Meropeneem on laia toimespektriga beetalaktaam-antibiootikum, mida sageli kasutatakse empiirilise ravimina haiglatekkeste ja pol\u00fcmikroobsete infektsioonide raviks. Selle eelisteks teiste sama klassi antibiootikumide ees on v\u00e4hene toksilisus ning stabiilsus beetalaktamaaside suhtes. Meropeneem on n\u00e4idustatud j\u00e4rgmiste infektsioonide raviks t\u00e4iskasvanutel ja \u00fcle 3 kuu vanustel lastel: Meropeneemi manustamine toimub intravenoosse tilkinfusiooni v\u00f5i booluss\u00fcstena. [&hellip;]\" \/>\n<meta property=\"og:url\" content=\"https:\/\/www.kliinikum.ee\/yhendlabor\/kasiraamat\/ravimiseire-uuringud\/meropeneem-p-meropenem\/\" \/>\n<meta property=\"og:site_name\" content=\"\u00dchendlabor\" \/>\n<meta property=\"article:modified_time\" content=\"2025-12-11T15:40:04+00:00\" \/>\n<meta name=\"twitter:card\" content=\"summary_large_image\" \/>\n<meta name=\"twitter:label1\" content=\"Est. reading time\" \/>\n\t<meta name=\"twitter:data1\" content=\"3 minutit\" \/>\n<script type=\"application\/ld+json\" class=\"yoast-schema-graph\">{\"@context\":\"https:\\\/\\\/schema.org\",\"@graph\":[{\"@type\":\"WebPage\",\"@id\":\"https:\\\/\\\/www.kliinikum.ee\\\/yhendlabor\\\/kasiraamat\\\/ravimiseire-uuringud\\\/meropeneem-p-meropenem\\\/\",\"url\":\"https:\\\/\\\/www.kliinikum.ee\\\/yhendlabor\\\/kasiraamat\\\/ravimiseire-uuringud\\\/meropeneem-p-meropenem\\\/\",\"name\":\"Meropeneem (P-Meropenem) - \u00dchendlabor\",\"isPartOf\":{\"@id\":\"https:\\\/\\\/www.kliinikum.ee\\\/yhendlabor\\\/#website\"},\"datePublished\":\"2025-07-31T13:34:41+00:00\",\"dateModified\":\"2025-12-11T15:40:04+00:00\",\"breadcrumb\":{\"@id\":\"https:\\\/\\\/www.kliinikum.ee\\\/yhendlabor\\\/kasiraamat\\\/ravimiseire-uuringud\\\/meropeneem-p-meropenem\\\/#breadcrumb\"},\"inLanguage\":\"et\",\"potentialAction\":[{\"@type\":\"ReadAction\",\"target\":[\"https:\\\/\\\/www.kliinikum.ee\\\/yhendlabor\\\/kasiraamat\\\/ravimiseire-uuringud\\\/meropeneem-p-meropenem\\\/\"]}]},{\"@type\":\"BreadcrumbList\",\"@id\":\"https:\\\/\\\/www.kliinikum.ee\\\/yhendlabor\\\/kasiraamat\\\/ravimiseire-uuringud\\\/meropeneem-p-meropenem\\\/#breadcrumb\",\"itemListElement\":[{\"@type\":\"ListItem\",\"position\":1,\"name\":\"Home\",\"item\":\"https:\\\/\\\/www.kliinikum.ee\\\/yhendlabor\\\/\"},{\"@type\":\"ListItem\",\"position\":2,\"name\":\"K\u00e4siraamat\",\"item\":\"https:\\\/\\\/www.kliinikum.ee\\\/yhendlabor\\\/kasiraamat\\\/\"},{\"@type\":\"ListItem\",\"position\":3,\"name\":\"Ravimiseire uuringud\",\"item\":\"https:\\\/\\\/www.kliinikum.ee\\\/yhendlabor\\\/kasiraamat\\\/ravimiseire-uuringud\\\/\"},{\"@type\":\"ListItem\",\"position\":4,\"name\":\"Meropeneem (P-Meropenem)\"}]},{\"@type\":\"WebSite\",\"@id\":\"https:\\\/\\\/www.kliinikum.ee\\\/yhendlabor\\\/#website\",\"url\":\"https:\\\/\\\/www.kliinikum.ee\\\/yhendlabor\\\/\",\"name\":\"\u00dchendlabor\",\"description\":\"Hoolivus, Uuendusmeelsus, P\u00e4devus ja Usaldusv\u00e4\u00e4rsus\",\"potentialAction\":[{\"@type\":\"SearchAction\",\"target\":{\"@type\":\"EntryPoint\",\"urlTemplate\":\"https:\\\/\\\/www.kliinikum.ee\\\/yhendlabor\\\/?s={search_term_string}\"},\"query-input\":{\"@type\":\"PropertyValueSpecification\",\"valueRequired\":true,\"valueName\":\"search_term_string\"}}],\"inLanguage\":\"et\"}]}<\/script>\n<!-- \/ Yoast SEO plugin. -->","yoast_head_json":{"title":"Meropeneem (P-Meropenem) - \u00dchendlabor","robots":{"index":"index","follow":"follow","max-snippet":"max-snippet:-1","max-image-preview":"max-image-preview:large","max-video-preview":"max-video-preview:-1"},"canonical":"https:\/\/www.kliinikum.ee\/yhendlabor\/kasiraamat\/ravimiseire-uuringud\/meropeneem-p-meropenem\/","og_locale":"et_EE","og_type":"article","og_title":"Meropeneem (P-Meropenem) - \u00dchendlabor","og_description":"Kliinilise keemia ja laboratoorse hematoloogia osakond Meropeneem on laia toimespektriga beetalaktaam-antibiootikum, mida sageli kasutatakse empiirilise ravimina haiglatekkeste ja pol\u00fcmikroobsete infektsioonide raviks. Selle eelisteks teiste sama klassi antibiootikumide ees on v\u00e4hene toksilisus ning stabiilsus beetalaktamaaside suhtes. Meropeneem on n\u00e4idustatud j\u00e4rgmiste infektsioonide raviks t\u00e4iskasvanutel ja \u00fcle 3 kuu vanustel lastel: Meropeneemi manustamine toimub intravenoosse tilkinfusiooni v\u00f5i booluss\u00fcstena. [&hellip;]","og_url":"https:\/\/www.kliinikum.ee\/yhendlabor\/kasiraamat\/ravimiseire-uuringud\/meropeneem-p-meropenem\/","og_site_name":"\u00dchendlabor","article_modified_time":"2025-12-11T15:40:04+00:00","twitter_card":"summary_large_image","twitter_misc":{"Est. reading time":"3 minutit"},"schema":{"@context":"https:\/\/schema.org","@graph":[{"@type":"WebPage","@id":"https:\/\/www.kliinikum.ee\/yhendlabor\/kasiraamat\/ravimiseire-uuringud\/meropeneem-p-meropenem\/","url":"https:\/\/www.kliinikum.ee\/yhendlabor\/kasiraamat\/ravimiseire-uuringud\/meropeneem-p-meropenem\/","name":"Meropeneem (P-Meropenem) - \u00dchendlabor","isPartOf":{"@id":"https:\/\/www.kliinikum.ee\/yhendlabor\/#website"},"datePublished":"2025-07-31T13:34:41+00:00","dateModified":"2025-12-11T15:40:04+00:00","breadcrumb":{"@id":"https:\/\/www.kliinikum.ee\/yhendlabor\/kasiraamat\/ravimiseire-uuringud\/meropeneem-p-meropenem\/#breadcrumb"},"inLanguage":"et","potentialAction":[{"@type":"ReadAction","target":["https:\/\/www.kliinikum.ee\/yhendlabor\/kasiraamat\/ravimiseire-uuringud\/meropeneem-p-meropenem\/"]}]},{"@type":"BreadcrumbList","@id":"https:\/\/www.kliinikum.ee\/yhendlabor\/kasiraamat\/ravimiseire-uuringud\/meropeneem-p-meropenem\/#breadcrumb","itemListElement":[{"@type":"ListItem","position":1,"name":"Home","item":"https:\/\/www.kliinikum.ee\/yhendlabor\/"},{"@type":"ListItem","position":2,"name":"K\u00e4siraamat","item":"https:\/\/www.kliinikum.ee\/yhendlabor\/kasiraamat\/"},{"@type":"ListItem","position":3,"name":"Ravimiseire uuringud","item":"https:\/\/www.kliinikum.ee\/yhendlabor\/kasiraamat\/ravimiseire-uuringud\/"},{"@type":"ListItem","position":4,"name":"Meropeneem (P-Meropenem)"}]},{"@type":"WebSite","@id":"https:\/\/www.kliinikum.ee\/yhendlabor\/#website","url":"https:\/\/www.kliinikum.ee\/yhendlabor\/","name":"\u00dchendlabor","description":"Hoolivus, Uuendusmeelsus, P\u00e4devus ja Usaldusv\u00e4\u00e4rsus","potentialAction":[{"@type":"SearchAction","target":{"@type":"EntryPoint","urlTemplate":"https:\/\/www.kliinikum.ee\/yhendlabor\/?s={search_term_string}"},"query-input":{"@type":"PropertyValueSpecification","valueRequired":true,"valueName":"search_term_string"}}],"inLanguage":"et"}]}},"uagb_featured_image_src":{"full":false,"thumbnail":false,"medium":false,"medium_large":false,"large":false,"1536x1536":false,"2048x2048":false},"uagb_author_info":{"display_name":"Kadi Siigur","author_link":"https:\/\/www.kliinikum.ee\/yhendlabor\/author\/kadisi\/"},"uagb_comment_info":0,"uagb_excerpt":"Kliinilise keemia ja laboratoorse hematoloogia osakond Meropeneem on laia toimespektriga beetalaktaam-antibiootikum, mida sageli kasutatakse empiirilise ravimina haiglatekkeste ja pol\u00fcmikroobsete infektsioonide raviks. Selle eelisteks teiste sama klassi antibiootikumide ees on v\u00e4hene toksilisus ning stabiilsus beetalaktamaaside suhtes. Meropeneem on n\u00e4idustatud j\u00e4rgmiste infektsioonide raviks t\u00e4iskasvanutel ja \u00fcle 3 kuu vanustel lastel: Meropeneemi manustamine toimub intravenoosse tilkinfusiooni v\u00f5i booluss\u00fcstena.&hellip;","_links":{"self":[{"href":"https:\/\/www.kliinikum.ee\/yhendlabor\/wp-json\/wp\/v2\/pages\/12517","targetHints":{"allow":["GET"]}}],"collection":[{"href":"https:\/\/www.kliinikum.ee\/yhendlabor\/wp-json\/wp\/v2\/pages"}],"about":[{"href":"https:\/\/www.kliinikum.ee\/yhendlabor\/wp-json\/wp\/v2\/types\/page"}],"author":[{"embeddable":true,"href":"https:\/\/www.kliinikum.ee\/yhendlabor\/wp-json\/wp\/v2\/users\/38"}],"replies":[{"embeddable":true,"href":"https:\/\/www.kliinikum.ee\/yhendlabor\/wp-json\/wp\/v2\/comments?post=12517"}],"version-history":[{"count":0,"href":"https:\/\/www.kliinikum.ee\/yhendlabor\/wp-json\/wp\/v2\/pages\/12517\/revisions"}],"up":[{"embeddable":true,"href":"https:\/\/www.kliinikum.ee\/yhendlabor\/wp-json\/wp\/v2\/pages\/7301"}],"wp:attachment":[{"href":"https:\/\/www.kliinikum.ee\/yhendlabor\/wp-json\/wp\/v2\/media?parent=12517"}],"curies":[{"name":"wp","href":"https:\/\/api.w.org\/{rel}","templated":true}]}}