{"id":12525,"date":"2025-07-31T15:45:50","date_gmt":"2025-07-31T13:45:50","guid":{"rendered":"https:\/\/www.kliinikum.ee\/yhendlabor\/?page_id=12525"},"modified":"2025-12-11T17:42:55","modified_gmt":"2025-12-11T15:42:55","slug":"moksifloksatsiin-sp-moxifloxacin","status":"publish","type":"page","link":"https:\/\/www.kliinikum.ee\/yhendlabor\/kasiraamat\/ravimiseire-uuringud\/moksifloksatsiin-sp-moxifloxacin\/","title":{"rendered":"Moksifloksatsiin (S,P-Moxifloxacin)"},"content":{"rendered":"\n<p><em>Kliinilise keemia ja laboratoorse hematoloogia osakond<\/em><\/p>\n\n\n\n<p><strong>Moksifloksatsiin <\/strong>on fluorokinoloon-antibiootikum, mis avaldab oma bakteritsiidset toimet takistades bakteriaalse DNA replikatsiooni. Moksifloksatsiini toimespektri hulka kuuluvad nii grampositiivseid kui gramnegatiivseid baktereid. Moksifloksatsiin kuulub tuberkuloosiravis reservrea antibiootikumide hulka. Juhul, kui teised tavaliselt kasutatavad antibakteriaalsed ravimid \u00a0on sobimatud, v\u00f5ib moksifloksatsiini kasutada ka j\u00e4rgmistel n\u00e4idustustel: \u00e4ge bakteriaalne sinusiit, olmetekkene pleumoonia, krooniline obstruktiivne kopsuhaigus, s.h bronhiit, naha ja nahaaluskoe t\u00fcsistunud infektsioonid.<\/p>\n\n\n\n<p>Moksifloksatsiini manustatakse suukaudselt v\u00f5i intravenoosselt. Suukaudsel manustamisel on biosaadavus ligikaudu 90% ning toit ei m\u00f5juta ravimi imendumist. Moksifloksatsiin seondub plasmavalkudega umbes 40% ulatuses. Ravimi poolv\u00e4\u00e4rtusaeg on ligikaudu 12 tundi ning see eritub 45% ulatuses muutumatul kujul uriini ja v\u00e4ljaheitega.<\/p>\n\n\n\n<p>Maksimaalne plasmakontsentratsioon saavutatakse 2 tundi p\u00e4rast ravimi manustamist. Koosmanustamisel rifampitsiiniga moksifloksatsiini plasmakontsentratsioon v\u00e4heneb 20 \u2013 30 % v\u00f5rra.<\/p>\n\n\n\n<p>K\u00f5rvaltoimetena v\u00f5ivad esineda peavalu v\u00f5i pearinglus, oksendamine, k\u00f5hulahtisus, krambid. K\u00f5rgetel kontsentratsioonidel v\u00f5ib moksifloksatsiin p\u00f5hjustada QT-intervalli pikenemist.<\/p>\n\n\n\n<p class=\"has-medium-font-size\"><strong>Uuritav materjal, selle v\u00f5tmine, saatmine ja s\u00e4ilitamine<\/strong><\/p>\n\n\n\n<p>Tippkontsentratsiooni (C<sub>max<\/sub>) m\u00e4\u00e4ramiseks v\u00f5tta proov 2 tundi ja 6 tundi peale ravimi manustamist.<\/p>\n\n\n\n<figure class=\"wp-block-table is-style-stripes\"><table width=\"100%\"><tbody><tr><td width=\"1%\"><\/td><td width=\"15%\"><strong>Katsuti<\/strong><\/td><td width=\"84%\">K2E\/K3E-katsuti (lilla kork)<\/td><\/tr><tr><td><\/td><td><strong>S\u00e4ilivus<\/strong><\/td><td>Plasma toatemperatuuril ja +4 \u00baC kolm p\u00e4eva, -20 \u00baC pikemat aega<\/td><\/tr><\/tbody><\/table><\/figure>\n\n\n\n<p class=\"has-medium-font-size\"><strong>Anal\u00fc\u00fcsi tegemise aeg:<\/strong> t\u00f6\u00f6p\u00e4eviti<\/p>\n\n\n\n<p class=\"has-medium-font-size\"><strong>Anal\u00fc\u00fcsimeetod<\/strong><strong>:<\/strong> vedelikkromatograafia-massispektromeetria (LC-MS\/MS)<\/p>\n\n\n\n<p class=\"has-medium-font-size\"><strong>Referentsv\u00e4\u00e4rtused<\/strong><\/p>\n\n\n\n<figure class=\"wp-block-table\"><table width=\"100%\"><tbody><tr><td width=\"1%\"><\/td><td width=\"30%\"><strong>Soovituslik C<sub>max<\/sub> eesm\u00e4rkv\u00e4\u00e4rtus<\/strong><\/td><td width=\"69%\">3\u20135 mg\/L 400 mg \u00f6\u00f6p\u00e4evase annuse puhul<\/td><\/tr><tr><td><\/td><td><strong>Toksiline kontsentratsioon<\/strong><\/td><td>Ei ole \u00fcheselt m\u00e4\u00e4ratletud<\/td><\/tr><\/tbody><\/table><\/figure>\n\n\n\n<p>Terapeutiline vahemik ja toksiline kontsentratsioon ei ole \u00fcheselt m\u00e4\u00e4ratud. Ravimseire jaoks k\u00f5ige informatiivsemaks n\u00e4itajaks on tippkontsentratsioon (C<sub>max<\/sub>), kuna baaskontsentratsioon on liiga madal m\u00f5\u00f5temetoodikaga tuvastamiseks. M\u00f5ne patsiendi puhul v\u00f5ib optimaalne ravivastus olla ravimikontsentratsiooni juures, mis j\u00e4\u00e4b antud vahemikust v\u00e4lja.<\/p>\n\n\n\n<p class=\"has-medium-font-size\"><strong>N\u00e4idustus ja kliiniline t\u00e4hendus<\/strong><\/p>\n\n\n\n<p>Ravi j\u00e4lgimine, optimaalse raviskeemi leidmine.<\/p>\n\n\n\n<p class=\"has-medium-font-size\"><strong>Kasutatud kirjandus<\/strong><\/p>\n\n\n\n<ol class=\"wp-block-list\">\n<li>Eesti Ravimiamet, ravimiregister<\/li>\n\n\n\n<li>Drugbank<\/li>\n\n\n\n<li>A. Alsultan and C. A. Peloquin (2014). \u201eTherapeutic Drug Monitoring in the Treatment of Tuberculosis: An Update\u201c Drugs 2014; 74:839-854.<\/li>\n<\/ol>\n\n\n\n<p>Koostaja: Jelena Beljantseva<br>Muudetud 29.04.2024<\/p>\n","protected":false},"excerpt":{"rendered":"<p>Kliinilise keemia ja laboratoorse hematoloogia osakond Moksifloksatsiin on fluorokinoloon-antibiootikum, mis avaldab oma bakteritsiidset toimet takistades bakteriaalse DNA replikatsiooni. Moksifloksatsiini toimespektri hulka kuuluvad nii grampositiivseid kui gramnegatiivseid baktereid. Moksifloksatsiin kuulub tuberkuloosiravis reservrea antibiootikumide hulka. Juhul, kui teised tavaliselt kasutatavad antibakteriaalsed ravimid \u00a0on sobimatud, v\u00f5ib moksifloksatsiini kasutada ka j\u00e4rgmistel n\u00e4idustustel: \u00e4ge bakteriaalne sinusiit, olmetekkene pleumoonia, krooniline obstruktiivne [&hellip;]<\/p>\n","protected":false},"author":38,"featured_media":0,"parent":7301,"menu_order":23,"comment_status":"closed","ping_status":"closed","template":"","meta":{"_uag_custom_page_level_css":"","footnotes":""},"class_list":["post-12525","page","type-page","status-publish","hentry"],"acf":[],"yoast_head":"<!-- This site is optimized with the Yoast SEO plugin v27.3 - https:\/\/yoast.com\/product\/yoast-seo-wordpress\/ -->\n<title>Moksifloksatsiin (S,P-Moxifloxacin) - \u00dchendlabor<\/title>\n<meta name=\"robots\" content=\"index, follow, max-snippet:-1, max-image-preview:large, max-video-preview:-1\" \/>\n<link rel=\"canonical\" href=\"https:\/\/www.kliinikum.ee\/yhendlabor\/kasiraamat\/ravimiseire-uuringud\/moksifloksatsiin-sp-moxifloxacin\/\" \/>\n<meta property=\"og:locale\" content=\"et_EE\" \/>\n<meta property=\"og:type\" content=\"article\" \/>\n<meta property=\"og:title\" content=\"Moksifloksatsiin (S,P-Moxifloxacin) - \u00dchendlabor\" \/>\n<meta property=\"og:description\" content=\"Kliinilise keemia ja laboratoorse hematoloogia osakond Moksifloksatsiin on fluorokinoloon-antibiootikum, mis avaldab oma bakteritsiidset toimet takistades bakteriaalse DNA replikatsiooni. Moksifloksatsiini toimespektri hulka kuuluvad nii grampositiivseid kui gramnegatiivseid baktereid. Moksifloksatsiin kuulub tuberkuloosiravis reservrea antibiootikumide hulka. Juhul, kui teised tavaliselt kasutatavad antibakteriaalsed ravimid \u00a0on sobimatud, v\u00f5ib moksifloksatsiini kasutada ka j\u00e4rgmistel n\u00e4idustustel: \u00e4ge bakteriaalne sinusiit, olmetekkene pleumoonia, krooniline obstruktiivne [&hellip;]\" \/>\n<meta property=\"og:url\" content=\"https:\/\/www.kliinikum.ee\/yhendlabor\/kasiraamat\/ravimiseire-uuringud\/moksifloksatsiin-sp-moxifloxacin\/\" \/>\n<meta property=\"og:site_name\" content=\"\u00dchendlabor\" \/>\n<meta property=\"article:modified_time\" content=\"2025-12-11T15:42:55+00:00\" \/>\n<meta name=\"twitter:card\" content=\"summary_large_image\" \/>\n<meta name=\"twitter:label1\" content=\"Est. reading time\" \/>\n\t<meta name=\"twitter:data1\" content=\"2 minutit\" \/>\n<script type=\"application\/ld+json\" class=\"yoast-schema-graph\">{\"@context\":\"https:\\\/\\\/schema.org\",\"@graph\":[{\"@type\":\"WebPage\",\"@id\":\"https:\\\/\\\/www.kliinikum.ee\\\/yhendlabor\\\/kasiraamat\\\/ravimiseire-uuringud\\\/moksifloksatsiin-sp-moxifloxacin\\\/\",\"url\":\"https:\\\/\\\/www.kliinikum.ee\\\/yhendlabor\\\/kasiraamat\\\/ravimiseire-uuringud\\\/moksifloksatsiin-sp-moxifloxacin\\\/\",\"name\":\"Moksifloksatsiin (S,P-Moxifloxacin) - \u00dchendlabor\",\"isPartOf\":{\"@id\":\"https:\\\/\\\/www.kliinikum.ee\\\/yhendlabor\\\/#website\"},\"datePublished\":\"2025-07-31T13:45:50+00:00\",\"dateModified\":\"2025-12-11T15:42:55+00:00\",\"breadcrumb\":{\"@id\":\"https:\\\/\\\/www.kliinikum.ee\\\/yhendlabor\\\/kasiraamat\\\/ravimiseire-uuringud\\\/moksifloksatsiin-sp-moxifloxacin\\\/#breadcrumb\"},\"inLanguage\":\"et\",\"potentialAction\":[{\"@type\":\"ReadAction\",\"target\":[\"https:\\\/\\\/www.kliinikum.ee\\\/yhendlabor\\\/kasiraamat\\\/ravimiseire-uuringud\\\/moksifloksatsiin-sp-moxifloxacin\\\/\"]}]},{\"@type\":\"BreadcrumbList\",\"@id\":\"https:\\\/\\\/www.kliinikum.ee\\\/yhendlabor\\\/kasiraamat\\\/ravimiseire-uuringud\\\/moksifloksatsiin-sp-moxifloxacin\\\/#breadcrumb\",\"itemListElement\":[{\"@type\":\"ListItem\",\"position\":1,\"name\":\"Home\",\"item\":\"https:\\\/\\\/www.kliinikum.ee\\\/yhendlabor\\\/\"},{\"@type\":\"ListItem\",\"position\":2,\"name\":\"K\u00e4siraamat\",\"item\":\"https:\\\/\\\/www.kliinikum.ee\\\/yhendlabor\\\/kasiraamat\\\/\"},{\"@type\":\"ListItem\",\"position\":3,\"name\":\"Ravimiseire uuringud\",\"item\":\"https:\\\/\\\/www.kliinikum.ee\\\/yhendlabor\\\/kasiraamat\\\/ravimiseire-uuringud\\\/\"},{\"@type\":\"ListItem\",\"position\":4,\"name\":\"Moksifloksatsiin (S,P-Moxifloxacin)\"}]},{\"@type\":\"WebSite\",\"@id\":\"https:\\\/\\\/www.kliinikum.ee\\\/yhendlabor\\\/#website\",\"url\":\"https:\\\/\\\/www.kliinikum.ee\\\/yhendlabor\\\/\",\"name\":\"\u00dchendlabor\",\"description\":\"Hoolivus, Uuendusmeelsus, P\u00e4devus ja Usaldusv\u00e4\u00e4rsus\",\"potentialAction\":[{\"@type\":\"SearchAction\",\"target\":{\"@type\":\"EntryPoint\",\"urlTemplate\":\"https:\\\/\\\/www.kliinikum.ee\\\/yhendlabor\\\/?s={search_term_string}\"},\"query-input\":{\"@type\":\"PropertyValueSpecification\",\"valueRequired\":true,\"valueName\":\"search_term_string\"}}],\"inLanguage\":\"et\"}]}<\/script>\n<!-- \/ Yoast SEO plugin. -->","yoast_head_json":{"title":"Moksifloksatsiin (S,P-Moxifloxacin) - \u00dchendlabor","robots":{"index":"index","follow":"follow","max-snippet":"max-snippet:-1","max-image-preview":"max-image-preview:large","max-video-preview":"max-video-preview:-1"},"canonical":"https:\/\/www.kliinikum.ee\/yhendlabor\/kasiraamat\/ravimiseire-uuringud\/moksifloksatsiin-sp-moxifloxacin\/","og_locale":"et_EE","og_type":"article","og_title":"Moksifloksatsiin (S,P-Moxifloxacin) - \u00dchendlabor","og_description":"Kliinilise keemia ja laboratoorse hematoloogia osakond Moksifloksatsiin on fluorokinoloon-antibiootikum, mis avaldab oma bakteritsiidset toimet takistades bakteriaalse DNA replikatsiooni. Moksifloksatsiini toimespektri hulka kuuluvad nii grampositiivseid kui gramnegatiivseid baktereid. Moksifloksatsiin kuulub tuberkuloosiravis reservrea antibiootikumide hulka. Juhul, kui teised tavaliselt kasutatavad antibakteriaalsed ravimid \u00a0on sobimatud, v\u00f5ib moksifloksatsiini kasutada ka j\u00e4rgmistel n\u00e4idustustel: \u00e4ge bakteriaalne sinusiit, olmetekkene pleumoonia, krooniline obstruktiivne [&hellip;]","og_url":"https:\/\/www.kliinikum.ee\/yhendlabor\/kasiraamat\/ravimiseire-uuringud\/moksifloksatsiin-sp-moxifloxacin\/","og_site_name":"\u00dchendlabor","article_modified_time":"2025-12-11T15:42:55+00:00","twitter_card":"summary_large_image","twitter_misc":{"Est. reading time":"2 minutit"},"schema":{"@context":"https:\/\/schema.org","@graph":[{"@type":"WebPage","@id":"https:\/\/www.kliinikum.ee\/yhendlabor\/kasiraamat\/ravimiseire-uuringud\/moksifloksatsiin-sp-moxifloxacin\/","url":"https:\/\/www.kliinikum.ee\/yhendlabor\/kasiraamat\/ravimiseire-uuringud\/moksifloksatsiin-sp-moxifloxacin\/","name":"Moksifloksatsiin (S,P-Moxifloxacin) - \u00dchendlabor","isPartOf":{"@id":"https:\/\/www.kliinikum.ee\/yhendlabor\/#website"},"datePublished":"2025-07-31T13:45:50+00:00","dateModified":"2025-12-11T15:42:55+00:00","breadcrumb":{"@id":"https:\/\/www.kliinikum.ee\/yhendlabor\/kasiraamat\/ravimiseire-uuringud\/moksifloksatsiin-sp-moxifloxacin\/#breadcrumb"},"inLanguage":"et","potentialAction":[{"@type":"ReadAction","target":["https:\/\/www.kliinikum.ee\/yhendlabor\/kasiraamat\/ravimiseire-uuringud\/moksifloksatsiin-sp-moxifloxacin\/"]}]},{"@type":"BreadcrumbList","@id":"https:\/\/www.kliinikum.ee\/yhendlabor\/kasiraamat\/ravimiseire-uuringud\/moksifloksatsiin-sp-moxifloxacin\/#breadcrumb","itemListElement":[{"@type":"ListItem","position":1,"name":"Home","item":"https:\/\/www.kliinikum.ee\/yhendlabor\/"},{"@type":"ListItem","position":2,"name":"K\u00e4siraamat","item":"https:\/\/www.kliinikum.ee\/yhendlabor\/kasiraamat\/"},{"@type":"ListItem","position":3,"name":"Ravimiseire uuringud","item":"https:\/\/www.kliinikum.ee\/yhendlabor\/kasiraamat\/ravimiseire-uuringud\/"},{"@type":"ListItem","position":4,"name":"Moksifloksatsiin (S,P-Moxifloxacin)"}]},{"@type":"WebSite","@id":"https:\/\/www.kliinikum.ee\/yhendlabor\/#website","url":"https:\/\/www.kliinikum.ee\/yhendlabor\/","name":"\u00dchendlabor","description":"Hoolivus, Uuendusmeelsus, P\u00e4devus ja Usaldusv\u00e4\u00e4rsus","potentialAction":[{"@type":"SearchAction","target":{"@type":"EntryPoint","urlTemplate":"https:\/\/www.kliinikum.ee\/yhendlabor\/?s={search_term_string}"},"query-input":{"@type":"PropertyValueSpecification","valueRequired":true,"valueName":"search_term_string"}}],"inLanguage":"et"}]}},"uagb_featured_image_src":{"full":false,"thumbnail":false,"medium":false,"medium_large":false,"large":false,"1536x1536":false,"2048x2048":false},"uagb_author_info":{"display_name":"Kadi Siigur","author_link":"https:\/\/www.kliinikum.ee\/yhendlabor\/author\/kadisi\/"},"uagb_comment_info":0,"uagb_excerpt":"Kliinilise keemia ja laboratoorse hematoloogia osakond Moksifloksatsiin on fluorokinoloon-antibiootikum, mis avaldab oma bakteritsiidset toimet takistades bakteriaalse DNA replikatsiooni. Moksifloksatsiini toimespektri hulka kuuluvad nii grampositiivseid kui gramnegatiivseid baktereid. Moksifloksatsiin kuulub tuberkuloosiravis reservrea antibiootikumide hulka. Juhul, kui teised tavaliselt kasutatavad antibakteriaalsed ravimid \u00a0on sobimatud, v\u00f5ib moksifloksatsiini kasutada ka j\u00e4rgmistel n\u00e4idustustel: \u00e4ge bakteriaalne sinusiit, olmetekkene pleumoonia, krooniline obstruktiivne&hellip;","_links":{"self":[{"href":"https:\/\/www.kliinikum.ee\/yhendlabor\/wp-json\/wp\/v2\/pages\/12525","targetHints":{"allow":["GET"]}}],"collection":[{"href":"https:\/\/www.kliinikum.ee\/yhendlabor\/wp-json\/wp\/v2\/pages"}],"about":[{"href":"https:\/\/www.kliinikum.ee\/yhendlabor\/wp-json\/wp\/v2\/types\/page"}],"author":[{"embeddable":true,"href":"https:\/\/www.kliinikum.ee\/yhendlabor\/wp-json\/wp\/v2\/users\/38"}],"replies":[{"embeddable":true,"href":"https:\/\/www.kliinikum.ee\/yhendlabor\/wp-json\/wp\/v2\/comments?post=12525"}],"version-history":[{"count":0,"href":"https:\/\/www.kliinikum.ee\/yhendlabor\/wp-json\/wp\/v2\/pages\/12525\/revisions"}],"up":[{"embeddable":true,"href":"https:\/\/www.kliinikum.ee\/yhendlabor\/wp-json\/wp\/v2\/pages\/7301"}],"wp:attachment":[{"href":"https:\/\/www.kliinikum.ee\/yhendlabor\/wp-json\/wp\/v2\/media?parent=12525"}],"curies":[{"name":"wp","href":"https:\/\/api.w.org\/{rel}","templated":true}]}}