{"id":12537,"date":"2025-07-31T15:59:20","date_gmt":"2025-07-31T13:59:20","guid":{"rendered":"https:\/\/www.kliinikum.ee\/yhendlabor\/?page_id=12537"},"modified":"2025-12-11T17:48:59","modified_gmt":"2025-12-11T15:48:59","slug":"paratsetamool-sp-paracet","status":"publish","type":"page","link":"https:\/\/www.kliinikum.ee\/yhendlabor\/kasiraamat\/ravimiseire-uuringud\/paratsetamool-sp-paracet\/","title":{"rendered":"Paratsetamool (S,P-Paracet)"},"content":{"rendered":"\n<p><em>Kliinilise keemia ja laboratoorse hematoloogia osakond<\/em><\/p>\n\n\n\n<p><strong>Paratsetamool (atseetaminofeen)<\/strong> on ravim, mis omab valuvaigistavat, palavikku alandavat ja v\u00e4ga n\u00f5rka p\u00f5letikuvastast toimet. Paratsetamool imendub seedetraktist kergesti ja maksimaalne kontsentratsioon plasmas saabub 30\u2013120 minutit p\u00e4rast suukaudset manustamist. Paratsetamool jaotub peaaegu k\u00f5ikidesse kudedesse, l\u00e4bib ka platsentat ja eritub rinnapiima. Terapeutilistes annustes on seonduvus plasmavalkudega v\u00e4ike, \u00fcleannustamisel see suureneb. Ravim metaboliseeritakse maksas ja eritub uriiniga, p\u00f5hiliselt gl\u00fckuroniidina ja konjugeeritud sulfaatidena (v\u00e4hem kui 5% eritub ka muutumatul kujul). Eliminatsiooni poolv\u00e4\u00e4rtusaeg on 1\u20134 tundi (maksa- ja neerufunktsiooni h\u00e4irete korral, \u00fcleannustamisel ja vasts\u00fcndinutel on poolv\u00e4\u00e4rtusaeg pikem). M\u00fcrgistuste korral ei pruugi <em>maksimaalne <\/em>kontsentratsioon saabuda enne nelja tunni m\u00f6\u00f6dumist alates ravimi sattumisest organismi.<\/p>\n\n\n\n<p>\u00dcleannustamisel tekivad 24 tunni jooksul isutus, iiveldus, oksendamine, k\u00f5huvalu. Peamine oht seisneb maksakahjustuse tekkes, mis v\u00f5ib ilmneda 24\u201348 (72) tunni jooksul. V\u00f5ib tekkida metaboolne atsidoos, raske m\u00fcrgistuse korral maksapuudulikkus, entsefalopaatia ja kooma. Maksakahjustuse riski suurendavad samaaegne paastumine v\u00f5i v\u00e4hene s\u00f6\u00f6mine, alkoholi ja CYP450 indutseerivate ravimite tarvitamine. V\u00f5imalik on ka neerupuudulikkuse teke.<\/p>\n\n\n\n<p class=\"has-medium-font-size\"><strong>Uuritav materjal, selle v\u00f5tmine, saatmine ja s\u00e4ilitamine<\/strong><\/p>\n\n\n\n<p>NB! Kui m\u00fcrgistuse kahtluse korral v\u00f5etakse proov v\u00e4hem kui neli tundi paratsetamooli sissev\u00f5tmisest, tuleb v\u00f5tta veel teine proov maksimaalse kontsentratsiooni saabumisajal.<\/p>\n\n\n\n<figure class=\"wp-block-table is-style-stripes\"><table width=\"100%\"><tbody><tr><td width=\"1%\"><\/td><td width=\"15%\"><strong>Katsuti<\/strong><\/td><td width=\"84%\">Geeli ja h\u00fc\u00fcbimisaktivaatoriga katsuti (punane kollase r\u00f5ngaga v\u00f5i kollane kork) v\u00f5i geeliga LH-katsuti (roheline kollase r\u00f5ngaga v\u00f5i heleroheline kork)\u00a0<\/td><\/tr><tr><td><\/td><td><strong>S\u00e4ilivus<\/strong><\/td><td>Seerum\/plasma toatemperatuuril \u00fcks p\u00e4ev, +4 \u00b0C \u00fcks n\u00e4dal, -20 \u00b0C 6 kuud<\/td><\/tr><\/tbody><\/table><\/figure>\n\n\n\n<p class=\"has-medium-font-size\"><strong>Anal\u00fc\u00fcsi tegemise aeg:<\/strong> \u00f6\u00f6p\u00e4evaringselt<\/p>\n\n\n\n<p class=\"has-medium-font-size\"><strong>Anal\u00fc\u00fcsimeetod:<\/strong> ens\u00fcmaatiline fotomeetriline meetod<\/p>\n\n\n\n<p class=\"has-medium-font-size\"><strong>Referentsv\u00e4\u00e4rtused<\/strong><\/p>\n\n\n\n<p>Anal\u00fc\u00fcsitulemuse hindamisel tuleb arvestada nii paratsetamooli kontsentratsiooni kui ka ravimi organismi sattumisest m\u00f6\u00f6dunud aega (kasutatakse spetsiaalseid nomogramme).<\/p>\n\n\n\n<figure class=\"wp-block-table\"><table width=\"100%\"><tbody><tr><td width=\"1%\"><\/td><td width=\"20%\"><strong>Terapeutiline<\/strong><\/td><td width=\"20%\">10\u201330 mg\/L<\/td><td width=\"20%\"><strong>Toksiline<\/strong><\/td><td width=\"39%\">> 150 (200) mg\/L neli tundi peale ravimi manustamist <br>> 100 mg\/L kaheksa tundi peale ravimi manustamist <br>> 50 mg\/L 12 tundi peale ravimi manustamist<\/td><\/tr><\/tbody><\/table><\/figure>\n\n\n\n<p class=\"has-medium-font-size\"><strong>N\u00e4idustus ja kliiniline t\u00e4hendus<\/strong><\/p>\n\n\n\n<p>Paratsetamoolim\u00fcrgistuse diagnostika. Antidoodi (N-atset\u00fc\u00fclts\u00fcsteiin) manustamise vajaduse otsustamine ning patsiendi prognoosi hindamine paratsetamoolim\u00fcrgistuse korral.<\/p>\n\n\n\n<p>Koostajad: Ene Ora, Kaja Vaagen<br>Muudetud 07.03.2023<\/p>\n","protected":false},"excerpt":{"rendered":"<p>Kliinilise keemia ja laboratoorse hematoloogia osakond Paratsetamool (atseetaminofeen) on ravim, mis omab valuvaigistavat, palavikku alandavat ja v\u00e4ga n\u00f5rka p\u00f5letikuvastast toimet. Paratsetamool imendub seedetraktist kergesti ja maksimaalne kontsentratsioon plasmas saabub 30\u2013120 minutit p\u00e4rast suukaudset manustamist. Paratsetamool jaotub peaaegu k\u00f5ikidesse kudedesse, l\u00e4bib ka platsentat ja eritub rinnapiima. Terapeutilistes annustes on seonduvus plasmavalkudega v\u00e4ike, \u00fcleannustamisel see suureneb. Ravim [&hellip;]<\/p>\n","protected":false},"author":38,"featured_media":0,"parent":7301,"menu_order":27,"comment_status":"closed","ping_status":"closed","template":"","meta":{"_uag_custom_page_level_css":"","footnotes":""},"class_list":["post-12537","page","type-page","status-publish","hentry"],"acf":[],"yoast_head":"<!-- This site is optimized with the Yoast SEO plugin v27.3 - https:\/\/yoast.com\/product\/yoast-seo-wordpress\/ -->\n<title>Paratsetamool (S,P-Paracet) - \u00dchendlabor<\/title>\n<meta name=\"robots\" content=\"index, follow, max-snippet:-1, max-image-preview:large, max-video-preview:-1\" \/>\n<link rel=\"canonical\" href=\"https:\/\/www.kliinikum.ee\/yhendlabor\/kasiraamat\/ravimiseire-uuringud\/paratsetamool-sp-paracet\/\" \/>\n<meta property=\"og:locale\" content=\"et_EE\" \/>\n<meta property=\"og:type\" content=\"article\" \/>\n<meta property=\"og:title\" content=\"Paratsetamool (S,P-Paracet) - \u00dchendlabor\" \/>\n<meta property=\"og:description\" content=\"Kliinilise keemia ja laboratoorse hematoloogia osakond Paratsetamool (atseetaminofeen) on ravim, mis omab valuvaigistavat, palavikku alandavat ja v\u00e4ga n\u00f5rka p\u00f5letikuvastast toimet. Paratsetamool imendub seedetraktist kergesti ja maksimaalne kontsentratsioon plasmas saabub 30\u2013120 minutit p\u00e4rast suukaudset manustamist. Paratsetamool jaotub peaaegu k\u00f5ikidesse kudedesse, l\u00e4bib ka platsentat ja eritub rinnapiima. Terapeutilistes annustes on seonduvus plasmavalkudega v\u00e4ike, \u00fcleannustamisel see suureneb. Ravim [&hellip;]\" \/>\n<meta property=\"og:url\" content=\"https:\/\/www.kliinikum.ee\/yhendlabor\/kasiraamat\/ravimiseire-uuringud\/paratsetamool-sp-paracet\/\" \/>\n<meta property=\"og:site_name\" content=\"\u00dchendlabor\" \/>\n<meta property=\"article:modified_time\" content=\"2025-12-11T15:48:59+00:00\" \/>\n<meta name=\"twitter:card\" content=\"summary_large_image\" \/>\n<meta name=\"twitter:label1\" content=\"Est. reading time\" \/>\n\t<meta name=\"twitter:data1\" content=\"2 minutit\" \/>\n<script type=\"application\/ld+json\" class=\"yoast-schema-graph\">{\"@context\":\"https:\\\/\\\/schema.org\",\"@graph\":[{\"@type\":\"WebPage\",\"@id\":\"https:\\\/\\\/www.kliinikum.ee\\\/yhendlabor\\\/kasiraamat\\\/ravimiseire-uuringud\\\/paratsetamool-sp-paracet\\\/\",\"url\":\"https:\\\/\\\/www.kliinikum.ee\\\/yhendlabor\\\/kasiraamat\\\/ravimiseire-uuringud\\\/paratsetamool-sp-paracet\\\/\",\"name\":\"Paratsetamool (S,P-Paracet) - \u00dchendlabor\",\"isPartOf\":{\"@id\":\"https:\\\/\\\/www.kliinikum.ee\\\/yhendlabor\\\/#website\"},\"datePublished\":\"2025-07-31T13:59:20+00:00\",\"dateModified\":\"2025-12-11T15:48:59+00:00\",\"breadcrumb\":{\"@id\":\"https:\\\/\\\/www.kliinikum.ee\\\/yhendlabor\\\/kasiraamat\\\/ravimiseire-uuringud\\\/paratsetamool-sp-paracet\\\/#breadcrumb\"},\"inLanguage\":\"et\",\"potentialAction\":[{\"@type\":\"ReadAction\",\"target\":[\"https:\\\/\\\/www.kliinikum.ee\\\/yhendlabor\\\/kasiraamat\\\/ravimiseire-uuringud\\\/paratsetamool-sp-paracet\\\/\"]}]},{\"@type\":\"BreadcrumbList\",\"@id\":\"https:\\\/\\\/www.kliinikum.ee\\\/yhendlabor\\\/kasiraamat\\\/ravimiseire-uuringud\\\/paratsetamool-sp-paracet\\\/#breadcrumb\",\"itemListElement\":[{\"@type\":\"ListItem\",\"position\":1,\"name\":\"Home\",\"item\":\"https:\\\/\\\/www.kliinikum.ee\\\/yhendlabor\\\/\"},{\"@type\":\"ListItem\",\"position\":2,\"name\":\"K\u00e4siraamat\",\"item\":\"https:\\\/\\\/www.kliinikum.ee\\\/yhendlabor\\\/kasiraamat\\\/\"},{\"@type\":\"ListItem\",\"position\":3,\"name\":\"Ravimiseire uuringud\",\"item\":\"https:\\\/\\\/www.kliinikum.ee\\\/yhendlabor\\\/kasiraamat\\\/ravimiseire-uuringud\\\/\"},{\"@type\":\"ListItem\",\"position\":4,\"name\":\"Paratsetamool (S,P-Paracet)\"}]},{\"@type\":\"WebSite\",\"@id\":\"https:\\\/\\\/www.kliinikum.ee\\\/yhendlabor\\\/#website\",\"url\":\"https:\\\/\\\/www.kliinikum.ee\\\/yhendlabor\\\/\",\"name\":\"\u00dchendlabor\",\"description\":\"Hoolivus, Uuendusmeelsus, P\u00e4devus ja Usaldusv\u00e4\u00e4rsus\",\"potentialAction\":[{\"@type\":\"SearchAction\",\"target\":{\"@type\":\"EntryPoint\",\"urlTemplate\":\"https:\\\/\\\/www.kliinikum.ee\\\/yhendlabor\\\/?s={search_term_string}\"},\"query-input\":{\"@type\":\"PropertyValueSpecification\",\"valueRequired\":true,\"valueName\":\"search_term_string\"}}],\"inLanguage\":\"et\"}]}<\/script>\n<!-- \/ Yoast SEO plugin. -->","yoast_head_json":{"title":"Paratsetamool (S,P-Paracet) - \u00dchendlabor","robots":{"index":"index","follow":"follow","max-snippet":"max-snippet:-1","max-image-preview":"max-image-preview:large","max-video-preview":"max-video-preview:-1"},"canonical":"https:\/\/www.kliinikum.ee\/yhendlabor\/kasiraamat\/ravimiseire-uuringud\/paratsetamool-sp-paracet\/","og_locale":"et_EE","og_type":"article","og_title":"Paratsetamool (S,P-Paracet) - \u00dchendlabor","og_description":"Kliinilise keemia ja laboratoorse hematoloogia osakond Paratsetamool (atseetaminofeen) on ravim, mis omab valuvaigistavat, palavikku alandavat ja v\u00e4ga n\u00f5rka p\u00f5letikuvastast toimet. Paratsetamool imendub seedetraktist kergesti ja maksimaalne kontsentratsioon plasmas saabub 30\u2013120 minutit p\u00e4rast suukaudset manustamist. Paratsetamool jaotub peaaegu k\u00f5ikidesse kudedesse, l\u00e4bib ka platsentat ja eritub rinnapiima. Terapeutilistes annustes on seonduvus plasmavalkudega v\u00e4ike, \u00fcleannustamisel see suureneb. Ravim [&hellip;]","og_url":"https:\/\/www.kliinikum.ee\/yhendlabor\/kasiraamat\/ravimiseire-uuringud\/paratsetamool-sp-paracet\/","og_site_name":"\u00dchendlabor","article_modified_time":"2025-12-11T15:48:59+00:00","twitter_card":"summary_large_image","twitter_misc":{"Est. reading time":"2 minutit"},"schema":{"@context":"https:\/\/schema.org","@graph":[{"@type":"WebPage","@id":"https:\/\/www.kliinikum.ee\/yhendlabor\/kasiraamat\/ravimiseire-uuringud\/paratsetamool-sp-paracet\/","url":"https:\/\/www.kliinikum.ee\/yhendlabor\/kasiraamat\/ravimiseire-uuringud\/paratsetamool-sp-paracet\/","name":"Paratsetamool (S,P-Paracet) - \u00dchendlabor","isPartOf":{"@id":"https:\/\/www.kliinikum.ee\/yhendlabor\/#website"},"datePublished":"2025-07-31T13:59:20+00:00","dateModified":"2025-12-11T15:48:59+00:00","breadcrumb":{"@id":"https:\/\/www.kliinikum.ee\/yhendlabor\/kasiraamat\/ravimiseire-uuringud\/paratsetamool-sp-paracet\/#breadcrumb"},"inLanguage":"et","potentialAction":[{"@type":"ReadAction","target":["https:\/\/www.kliinikum.ee\/yhendlabor\/kasiraamat\/ravimiseire-uuringud\/paratsetamool-sp-paracet\/"]}]},{"@type":"BreadcrumbList","@id":"https:\/\/www.kliinikum.ee\/yhendlabor\/kasiraamat\/ravimiseire-uuringud\/paratsetamool-sp-paracet\/#breadcrumb","itemListElement":[{"@type":"ListItem","position":1,"name":"Home","item":"https:\/\/www.kliinikum.ee\/yhendlabor\/"},{"@type":"ListItem","position":2,"name":"K\u00e4siraamat","item":"https:\/\/www.kliinikum.ee\/yhendlabor\/kasiraamat\/"},{"@type":"ListItem","position":3,"name":"Ravimiseire uuringud","item":"https:\/\/www.kliinikum.ee\/yhendlabor\/kasiraamat\/ravimiseire-uuringud\/"},{"@type":"ListItem","position":4,"name":"Paratsetamool (S,P-Paracet)"}]},{"@type":"WebSite","@id":"https:\/\/www.kliinikum.ee\/yhendlabor\/#website","url":"https:\/\/www.kliinikum.ee\/yhendlabor\/","name":"\u00dchendlabor","description":"Hoolivus, Uuendusmeelsus, P\u00e4devus ja Usaldusv\u00e4\u00e4rsus","potentialAction":[{"@type":"SearchAction","target":{"@type":"EntryPoint","urlTemplate":"https:\/\/www.kliinikum.ee\/yhendlabor\/?s={search_term_string}"},"query-input":{"@type":"PropertyValueSpecification","valueRequired":true,"valueName":"search_term_string"}}],"inLanguage":"et"}]}},"uagb_featured_image_src":{"full":false,"thumbnail":false,"medium":false,"medium_large":false,"large":false,"1536x1536":false,"2048x2048":false},"uagb_author_info":{"display_name":"Kadi Siigur","author_link":"https:\/\/www.kliinikum.ee\/yhendlabor\/author\/kadisi\/"},"uagb_comment_info":0,"uagb_excerpt":"Kliinilise keemia ja laboratoorse hematoloogia osakond Paratsetamool (atseetaminofeen) on ravim, mis omab valuvaigistavat, palavikku alandavat ja v\u00e4ga n\u00f5rka p\u00f5letikuvastast toimet. Paratsetamool imendub seedetraktist kergesti ja maksimaalne kontsentratsioon plasmas saabub 30\u2013120 minutit p\u00e4rast suukaudset manustamist. Paratsetamool jaotub peaaegu k\u00f5ikidesse kudedesse, l\u00e4bib ka platsentat ja eritub rinnapiima. Terapeutilistes annustes on seonduvus plasmavalkudega v\u00e4ike, \u00fcleannustamisel see suureneb. Ravim&hellip;","_links":{"self":[{"href":"https:\/\/www.kliinikum.ee\/yhendlabor\/wp-json\/wp\/v2\/pages\/12537","targetHints":{"allow":["GET"]}}],"collection":[{"href":"https:\/\/www.kliinikum.ee\/yhendlabor\/wp-json\/wp\/v2\/pages"}],"about":[{"href":"https:\/\/www.kliinikum.ee\/yhendlabor\/wp-json\/wp\/v2\/types\/page"}],"author":[{"embeddable":true,"href":"https:\/\/www.kliinikum.ee\/yhendlabor\/wp-json\/wp\/v2\/users\/38"}],"replies":[{"embeddable":true,"href":"https:\/\/www.kliinikum.ee\/yhendlabor\/wp-json\/wp\/v2\/comments?post=12537"}],"version-history":[{"count":0,"href":"https:\/\/www.kliinikum.ee\/yhendlabor\/wp-json\/wp\/v2\/pages\/12537\/revisions"}],"up":[{"embeddable":true,"href":"https:\/\/www.kliinikum.ee\/yhendlabor\/wp-json\/wp\/v2\/pages\/7301"}],"wp:attachment":[{"href":"https:\/\/www.kliinikum.ee\/yhendlabor\/wp-json\/wp\/v2\/media?parent=12537"}],"curies":[{"name":"wp","href":"https:\/\/api.w.org\/{rel}","templated":true}]}}