{"id":12541,"date":"2025-07-31T16:04:56","date_gmt":"2025-07-31T14:04:56","guid":{"rendered":"https:\/\/www.kliinikum.ee\/yhendlabor\/?page_id=12541"},"modified":"2025-12-11T17:51:09","modified_gmt":"2025-12-11T15:51:09","slug":"piperatsilliin-p-piperacillin","status":"publish","type":"page","link":"https:\/\/www.kliinikum.ee\/yhendlabor\/kasiraamat\/ravimiseire-uuringud\/piperatsilliin-p-piperacillin\/","title":{"rendered":"Piperatsilliin (P-Piperacillin)"},"content":{"rendered":"\n<p><em>Kliinilise keemia ja laboratoorse hematoloogia osakond<\/em><\/p>\n\n\n\n<p><strong>Piperatsilliin <\/strong>on laia toimespektriga beetalaktaam-antibiootikum, mis toimib gram-positiivsetele ja -negatiivsetele aeroobsetele ja anaeroobsetele bakteritele, sh ka multiresistentsele <em>Pseudomonas aeruginosa\u2019<\/em>le. Sageli kasutatakse seda empiirilise ravimina haiglatekkeste ja pol\u00fcmikroobsete infektsioonide puhul. Ravimit kasutatakse tavaliselt kombinatsioonis beeta-laktamaaside inhibiitoriga tasobaktaamiga. Tasobaktaam suurendab piperatsilliini toimespektrit.<\/p>\n\n\n\n<p>Piperatsilliin on n\u00e4idustatud j\u00e4rgmiste infektsioonide raviks:<\/p>\n\n\n\n<ul class=\"wp-block-list\">\n<li>k\u00f5hu\u00f5\u00f5ne infektsioonid (\u00e4ge apenditsiit, k\u00f5hukelmep\u00f5letik);<\/li>\n\n\n\n<li>alumiste hingamisteede infektsioonid (pneumoonia);<\/li>\n\n\n\n<li>t\u00fcsistunud kuseteede infektsioonid (p\u00fcelonefriit);<\/li>\n\n\n\n<li>naha ja pehmete kudede infektsioonid (diabeetilised nahainfektsioonid);<\/li>\n\n\n\n<li>g\u00fcnekoloogilised infektsioonid;<\/li>\n\n\n\n<li>neutropeeniaga patsiendid.<\/li>\n<\/ul>\n\n\n\n<p>Piperatsilliin ei imendu suukaudselt seega manustamine toimub intravenoosse infusioonina. Ravimi tippkontsentratsioon saavutatakse koheselt p\u00e4rast infusiooni l\u00f5ppu. N\u00e4iteks maksimaalne plasmakontsentratsioon p\u00e4rast 4 g ravimi manustamist 30 minuti jooksul on keskmiselt 264\u2013386 mg\/L. Umbes 30% ravimist on seondunud plasmavalkudega. Piperatsilliini poolv\u00e4\u00e4rtusaeg on 0,8\u20131,2 tundi, &nbsp;eritumine toimub neerude kaudu. Ravimi annust tuleb kohandada neerukahjustusega ja hemodial\u00fc\u00fcsi saavatel patsientidel.<\/p>\n\n\n\n<p class=\"has-medium-font-size\"><strong>Uuritav materjal, selle v\u00f5tmine, saatmine ja s\u00e4ilitamine<\/strong><\/p>\n\n\n\n<p><em>Tippkontsentratsiooni <\/em>m\u00e4\u00e4ramiseks v\u00f5tta proov p\u00e4rast infusiooni l\u00f5ppu.<\/p>\n\n\n\n<p><em>Baaskontsentratsiooni <\/em>m\u00e4\u00e4ramiseks v\u00f5tta proov vahetult enne j\u00e4rgmist manustamist.<\/p>\n\n\n\n<p>Proovi ei tohi v\u00f5tta samast veenist, kuhu ravim manustati. Proov tuleb transportida koheselt laborisse.<\/p>\n\n\n\n<figure class=\"wp-block-table is-style-stripes\"><table width=\"100%\"><tbody><tr><td width=\"1%\"><\/td><td width=\"15%\"><strong>Katsuti<\/strong><\/td><td width=\"84%\">K2E\/K3E-katsuti (lilla kork)<\/td><\/tr><tr><td><\/td><td><strong>S\u00e4ilivus<\/strong><\/td><td>Plasmas +4 \u00b0C \u00fcks p\u00e4ev<\/td><\/tr><\/tbody><\/table><\/figure>\n\n\n\n<p class=\"has-medium-font-size\"><strong>Anal\u00fc\u00fcsi tegemise aeg<\/strong><strong>:<\/strong> t\u00f6\u00f6p\u00e4eviti<\/p>\n\n\n\n<p class=\"has-medium-font-size\"><strong>Anal\u00fc\u00fcsimeetod<\/strong><strong>:<\/strong> vedelikkromatograafia-massispektromeetria (LC-MS\/MS)<\/p>\n\n\n\n<p class=\"has-medium-font-size\"><strong>Referentsv\u00e4\u00e4rtused<\/strong><\/p>\n\n\n\n<p>Terapeutiline vahemik ei ole \u00fcheselt m\u00e4\u00e4ratud. Piperatsilliini efektiivsust m\u00e4\u00e4ravaks farmakod\u00fcnaamiliseks n\u00e4itajaks on aeg, mil vaba ravimi kontsentratsioon (fT) \u00fcletab minimaalset inhibeerivat kontsentratsiooni (MIC) (fT&gt;MIC). Penitsilliini klassi kuuluvate antibiootikumide puhul peab maksimaalse bakteritsiidse toime saavutamiseks vaba ravimi kontsentratsioon plasmas \u00fcletama MIC v\u00e4\u00e4rtuse v\u00e4hemalt 50% doseerimisajast (50% fT&gt;MIC). Raskete infektsioonide puhul on soovitatav hoida ravimi kontsentratsioon 100% doseerimisajast \u00fcle MIC v\u00e4\u00e4rtuse (100% fT&gt;MIC) v\u00f5i isegi \u00fcle neljakordse MIC v\u00e4\u00e4rtuse (100% fT&gt;4xMIC). MIC v\u00e4\u00e4rtused on leitavad EUCAST andmebaasist:<\/p>\n\n\n\n<p><a href=\"https:\/\/mic.eucast.org\/Eucast2\/SearchController\/search.jsp?action=performSearch&amp;BeginIndex=0&amp;Micdif=mic&amp;NumberIndex=50&amp;Antib=251&amp;Specium=-1\">https:\/\/mic.eucast.org\/Eucast2\/SearchController\/search.jsp?action=performSearch&amp;BeginIndex=0&amp;Micdif=mic&amp;NumberIndex=50&amp;Antib=251&amp;Specium=-1<\/a><\/p>\n\n\n\n<p>N\u00e4iteks k\u00f5ige k\u00f5rgem MIC on <em>Pseudomonas<\/em> <em>spp.<\/em> bakteritel<em> (<\/em>16 mg\/L).<\/p>\n\n\n\n<p class=\"has-medium-font-size\"><strong>N\u00e4idustus ja kliiniline t\u00e4hendus<\/strong><\/p>\n\n\n\n<p>Ravimi plasmakontsentratsiooni eesm\u00e4rkv\u00e4\u00e4rtuse saavutamine, ravi j\u00e4lgimine.<\/p>\n\n\n\n<p>Koostaja: Jelena Beljantseva<\/p>\n","protected":false},"excerpt":{"rendered":"<p>Kliinilise keemia ja laboratoorse hematoloogia osakond Piperatsilliin on laia toimespektriga beetalaktaam-antibiootikum, mis toimib gram-positiivsetele ja -negatiivsetele aeroobsetele ja anaeroobsetele bakteritele, sh ka multiresistentsele Pseudomonas aeruginosa\u2019le. Sageli kasutatakse seda empiirilise ravimina haiglatekkeste ja pol\u00fcmikroobsete infektsioonide puhul. Ravimit kasutatakse tavaliselt kombinatsioonis beeta-laktamaaside inhibiitoriga tasobaktaamiga. Tasobaktaam suurendab piperatsilliini toimespektrit. Piperatsilliin on n\u00e4idustatud j\u00e4rgmiste infektsioonide raviks: Piperatsilliin ei imendu [&hellip;]<\/p>\n","protected":false},"author":38,"featured_media":0,"parent":7301,"menu_order":28,"comment_status":"closed","ping_status":"closed","template":"","meta":{"_uag_custom_page_level_css":"","footnotes":""},"class_list":["post-12541","page","type-page","status-publish","hentry"],"acf":[],"yoast_head":"<!-- This site is optimized with the Yoast SEO plugin v27.3 - https:\/\/yoast.com\/product\/yoast-seo-wordpress\/ -->\n<title>Piperatsilliin (P-Piperacillin) - \u00dchendlabor<\/title>\n<meta name=\"robots\" content=\"index, follow, max-snippet:-1, max-image-preview:large, max-video-preview:-1\" \/>\n<link rel=\"canonical\" href=\"https:\/\/www.kliinikum.ee\/yhendlabor\/kasiraamat\/ravimiseire-uuringud\/piperatsilliin-p-piperacillin\/\" \/>\n<meta property=\"og:locale\" content=\"et_EE\" \/>\n<meta property=\"og:type\" content=\"article\" \/>\n<meta property=\"og:title\" content=\"Piperatsilliin (P-Piperacillin) - \u00dchendlabor\" \/>\n<meta property=\"og:description\" content=\"Kliinilise keemia ja laboratoorse hematoloogia osakond Piperatsilliin on laia toimespektriga beetalaktaam-antibiootikum, mis toimib gram-positiivsetele ja -negatiivsetele aeroobsetele ja anaeroobsetele bakteritele, sh ka multiresistentsele Pseudomonas aeruginosa\u2019le. Sageli kasutatakse seda empiirilise ravimina haiglatekkeste ja pol\u00fcmikroobsete infektsioonide puhul. Ravimit kasutatakse tavaliselt kombinatsioonis beeta-laktamaaside inhibiitoriga tasobaktaamiga. Tasobaktaam suurendab piperatsilliini toimespektrit. Piperatsilliin on n\u00e4idustatud j\u00e4rgmiste infektsioonide raviks: Piperatsilliin ei imendu [&hellip;]\" \/>\n<meta property=\"og:url\" content=\"https:\/\/www.kliinikum.ee\/yhendlabor\/kasiraamat\/ravimiseire-uuringud\/piperatsilliin-p-piperacillin\/\" \/>\n<meta property=\"og:site_name\" content=\"\u00dchendlabor\" \/>\n<meta property=\"article:modified_time\" content=\"2025-12-11T15:51:09+00:00\" \/>\n<meta name=\"twitter:card\" content=\"summary_large_image\" \/>\n<meta name=\"twitter:label1\" content=\"Est. reading time\" \/>\n\t<meta name=\"twitter:data1\" content=\"2 minutit\" \/>\n<script type=\"application\/ld+json\" class=\"yoast-schema-graph\">{\"@context\":\"https:\\\/\\\/schema.org\",\"@graph\":[{\"@type\":\"WebPage\",\"@id\":\"https:\\\/\\\/www.kliinikum.ee\\\/yhendlabor\\\/kasiraamat\\\/ravimiseire-uuringud\\\/piperatsilliin-p-piperacillin\\\/\",\"url\":\"https:\\\/\\\/www.kliinikum.ee\\\/yhendlabor\\\/kasiraamat\\\/ravimiseire-uuringud\\\/piperatsilliin-p-piperacillin\\\/\",\"name\":\"Piperatsilliin (P-Piperacillin) - \u00dchendlabor\",\"isPartOf\":{\"@id\":\"https:\\\/\\\/www.kliinikum.ee\\\/yhendlabor\\\/#website\"},\"datePublished\":\"2025-07-31T14:04:56+00:00\",\"dateModified\":\"2025-12-11T15:51:09+00:00\",\"breadcrumb\":{\"@id\":\"https:\\\/\\\/www.kliinikum.ee\\\/yhendlabor\\\/kasiraamat\\\/ravimiseire-uuringud\\\/piperatsilliin-p-piperacillin\\\/#breadcrumb\"},\"inLanguage\":\"et\",\"potentialAction\":[{\"@type\":\"ReadAction\",\"target\":[\"https:\\\/\\\/www.kliinikum.ee\\\/yhendlabor\\\/kasiraamat\\\/ravimiseire-uuringud\\\/piperatsilliin-p-piperacillin\\\/\"]}]},{\"@type\":\"BreadcrumbList\",\"@id\":\"https:\\\/\\\/www.kliinikum.ee\\\/yhendlabor\\\/kasiraamat\\\/ravimiseire-uuringud\\\/piperatsilliin-p-piperacillin\\\/#breadcrumb\",\"itemListElement\":[{\"@type\":\"ListItem\",\"position\":1,\"name\":\"Home\",\"item\":\"https:\\\/\\\/www.kliinikum.ee\\\/yhendlabor\\\/\"},{\"@type\":\"ListItem\",\"position\":2,\"name\":\"K\u00e4siraamat\",\"item\":\"https:\\\/\\\/www.kliinikum.ee\\\/yhendlabor\\\/kasiraamat\\\/\"},{\"@type\":\"ListItem\",\"position\":3,\"name\":\"Ravimiseire uuringud\",\"item\":\"https:\\\/\\\/www.kliinikum.ee\\\/yhendlabor\\\/kasiraamat\\\/ravimiseire-uuringud\\\/\"},{\"@type\":\"ListItem\",\"position\":4,\"name\":\"Piperatsilliin (P-Piperacillin)\"}]},{\"@type\":\"WebSite\",\"@id\":\"https:\\\/\\\/www.kliinikum.ee\\\/yhendlabor\\\/#website\",\"url\":\"https:\\\/\\\/www.kliinikum.ee\\\/yhendlabor\\\/\",\"name\":\"\u00dchendlabor\",\"description\":\"Hoolivus, Uuendusmeelsus, P\u00e4devus ja Usaldusv\u00e4\u00e4rsus\",\"potentialAction\":[{\"@type\":\"SearchAction\",\"target\":{\"@type\":\"EntryPoint\",\"urlTemplate\":\"https:\\\/\\\/www.kliinikum.ee\\\/yhendlabor\\\/?s={search_term_string}\"},\"query-input\":{\"@type\":\"PropertyValueSpecification\",\"valueRequired\":true,\"valueName\":\"search_term_string\"}}],\"inLanguage\":\"et\"}]}<\/script>\n<!-- \/ Yoast SEO plugin. -->","yoast_head_json":{"title":"Piperatsilliin (P-Piperacillin) - \u00dchendlabor","robots":{"index":"index","follow":"follow","max-snippet":"max-snippet:-1","max-image-preview":"max-image-preview:large","max-video-preview":"max-video-preview:-1"},"canonical":"https:\/\/www.kliinikum.ee\/yhendlabor\/kasiraamat\/ravimiseire-uuringud\/piperatsilliin-p-piperacillin\/","og_locale":"et_EE","og_type":"article","og_title":"Piperatsilliin (P-Piperacillin) - \u00dchendlabor","og_description":"Kliinilise keemia ja laboratoorse hematoloogia osakond Piperatsilliin on laia toimespektriga beetalaktaam-antibiootikum, mis toimib gram-positiivsetele ja -negatiivsetele aeroobsetele ja anaeroobsetele bakteritele, sh ka multiresistentsele Pseudomonas aeruginosa\u2019le. Sageli kasutatakse seda empiirilise ravimina haiglatekkeste ja pol\u00fcmikroobsete infektsioonide puhul. Ravimit kasutatakse tavaliselt kombinatsioonis beeta-laktamaaside inhibiitoriga tasobaktaamiga. Tasobaktaam suurendab piperatsilliini toimespektrit. Piperatsilliin on n\u00e4idustatud j\u00e4rgmiste infektsioonide raviks: Piperatsilliin ei imendu [&hellip;]","og_url":"https:\/\/www.kliinikum.ee\/yhendlabor\/kasiraamat\/ravimiseire-uuringud\/piperatsilliin-p-piperacillin\/","og_site_name":"\u00dchendlabor","article_modified_time":"2025-12-11T15:51:09+00:00","twitter_card":"summary_large_image","twitter_misc":{"Est. reading time":"2 minutit"},"schema":{"@context":"https:\/\/schema.org","@graph":[{"@type":"WebPage","@id":"https:\/\/www.kliinikum.ee\/yhendlabor\/kasiraamat\/ravimiseire-uuringud\/piperatsilliin-p-piperacillin\/","url":"https:\/\/www.kliinikum.ee\/yhendlabor\/kasiraamat\/ravimiseire-uuringud\/piperatsilliin-p-piperacillin\/","name":"Piperatsilliin (P-Piperacillin) - \u00dchendlabor","isPartOf":{"@id":"https:\/\/www.kliinikum.ee\/yhendlabor\/#website"},"datePublished":"2025-07-31T14:04:56+00:00","dateModified":"2025-12-11T15:51:09+00:00","breadcrumb":{"@id":"https:\/\/www.kliinikum.ee\/yhendlabor\/kasiraamat\/ravimiseire-uuringud\/piperatsilliin-p-piperacillin\/#breadcrumb"},"inLanguage":"et","potentialAction":[{"@type":"ReadAction","target":["https:\/\/www.kliinikum.ee\/yhendlabor\/kasiraamat\/ravimiseire-uuringud\/piperatsilliin-p-piperacillin\/"]}]},{"@type":"BreadcrumbList","@id":"https:\/\/www.kliinikum.ee\/yhendlabor\/kasiraamat\/ravimiseire-uuringud\/piperatsilliin-p-piperacillin\/#breadcrumb","itemListElement":[{"@type":"ListItem","position":1,"name":"Home","item":"https:\/\/www.kliinikum.ee\/yhendlabor\/"},{"@type":"ListItem","position":2,"name":"K\u00e4siraamat","item":"https:\/\/www.kliinikum.ee\/yhendlabor\/kasiraamat\/"},{"@type":"ListItem","position":3,"name":"Ravimiseire uuringud","item":"https:\/\/www.kliinikum.ee\/yhendlabor\/kasiraamat\/ravimiseire-uuringud\/"},{"@type":"ListItem","position":4,"name":"Piperatsilliin (P-Piperacillin)"}]},{"@type":"WebSite","@id":"https:\/\/www.kliinikum.ee\/yhendlabor\/#website","url":"https:\/\/www.kliinikum.ee\/yhendlabor\/","name":"\u00dchendlabor","description":"Hoolivus, Uuendusmeelsus, P\u00e4devus ja Usaldusv\u00e4\u00e4rsus","potentialAction":[{"@type":"SearchAction","target":{"@type":"EntryPoint","urlTemplate":"https:\/\/www.kliinikum.ee\/yhendlabor\/?s={search_term_string}"},"query-input":{"@type":"PropertyValueSpecification","valueRequired":true,"valueName":"search_term_string"}}],"inLanguage":"et"}]}},"uagb_featured_image_src":{"full":false,"thumbnail":false,"medium":false,"medium_large":false,"large":false,"1536x1536":false,"2048x2048":false},"uagb_author_info":{"display_name":"Kadi Siigur","author_link":"https:\/\/www.kliinikum.ee\/yhendlabor\/author\/kadisi\/"},"uagb_comment_info":0,"uagb_excerpt":"Kliinilise keemia ja laboratoorse hematoloogia osakond Piperatsilliin on laia toimespektriga beetalaktaam-antibiootikum, mis toimib gram-positiivsetele ja -negatiivsetele aeroobsetele ja anaeroobsetele bakteritele, sh ka multiresistentsele Pseudomonas aeruginosa\u2019le. Sageli kasutatakse seda empiirilise ravimina haiglatekkeste ja pol\u00fcmikroobsete infektsioonide puhul. Ravimit kasutatakse tavaliselt kombinatsioonis beeta-laktamaaside inhibiitoriga tasobaktaamiga. Tasobaktaam suurendab piperatsilliini toimespektrit. Piperatsilliin on n\u00e4idustatud j\u00e4rgmiste infektsioonide raviks: Piperatsilliin ei imendu&hellip;","_links":{"self":[{"href":"https:\/\/www.kliinikum.ee\/yhendlabor\/wp-json\/wp\/v2\/pages\/12541","targetHints":{"allow":["GET"]}}],"collection":[{"href":"https:\/\/www.kliinikum.ee\/yhendlabor\/wp-json\/wp\/v2\/pages"}],"about":[{"href":"https:\/\/www.kliinikum.ee\/yhendlabor\/wp-json\/wp\/v2\/types\/page"}],"author":[{"embeddable":true,"href":"https:\/\/www.kliinikum.ee\/yhendlabor\/wp-json\/wp\/v2\/users\/38"}],"replies":[{"embeddable":true,"href":"https:\/\/www.kliinikum.ee\/yhendlabor\/wp-json\/wp\/v2\/comments?post=12541"}],"version-history":[{"count":0,"href":"https:\/\/www.kliinikum.ee\/yhendlabor\/wp-json\/wp\/v2\/pages\/12541\/revisions"}],"up":[{"embeddable":true,"href":"https:\/\/www.kliinikum.ee\/yhendlabor\/wp-json\/wp\/v2\/pages\/7301"}],"wp:attachment":[{"href":"https:\/\/www.kliinikum.ee\/yhendlabor\/wp-json\/wp\/v2\/media?parent=12541"}],"curies":[{"name":"wp","href":"https:\/\/api.w.org\/{rel}","templated":true}]}}