{"id":12545,"date":"2025-07-31T16:10:41","date_gmt":"2025-07-31T14:10:41","guid":{"rendered":"https:\/\/www.kliinikum.ee\/yhendlabor\/?page_id=12545"},"modified":"2025-12-11T17:53:22","modified_gmt":"2025-12-11T15:53:22","slug":"purasiinamiid-sp-pyrazinamide","status":"publish","type":"page","link":"https:\/\/www.kliinikum.ee\/yhendlabor\/kasiraamat\/ravimiseire-uuringud\/purasiinamiid-sp-pyrazinamide\/","title":{"rendered":"P\u00fcrasiinamiid (S,P-Pyrazinamide)"},"content":{"rendered":"\n<p><em>Kliinilise keemia ja laboratoorse hematoloogia osakond<\/em><\/p>\n\n\n\n<p><strong>P\u00fcrasiinamiid <\/strong>on kitsa toimespektriga antibiootikum, mis kuulub tuberkuloosi ravis esimese rea preparaatide hulka. Kliiniliselt olulist antibakteriaalset toimet omab p\u00fcrasiinamiid vaid <em>Mycobacterium tuberculosis\u2019<\/em>e ja <em>Mycobacterium africanum\u2019<\/em>i vastu. P\u00fcrasiinamiidi toimemehhanism on teadmata.<\/p>\n\n\n\n<p>Suukaudsel manustamisel imendub ravim kiiresti ja k\u00f5rgeim plasmakontsentratsioon saavutatakse 1\u20132 tunni jooksul. Ravim seondub veres valkudega v\u00e4ga v\u00e4hesel m\u00e4\u00e4ral.<\/p>\n\n\n\n<p>P\u00fcrasiinamiid metaboliseeritakse maksas. 70% ravimist ja metaboliitidest eritatakse uriiniga. Normaalse maksa- ja neerufunktsiooniga on poolv\u00e4\u00e4rtusaeg 9\u201310 tundi. Neerukahjustusega patsientidel on vajalik annuse kohandamine.<\/p>\n\n\n\n<p>Sagedasemateks k\u00f5rvaltoimeteks on maksakahjustus, iiveldus ja oksendamine, liigesvalud, as\u00fcmptomaatiline h\u00fcperurikeemia, podagra \u00e4genemine. Kirjeldatud on ka makulopapuloosset l\u00f6\u00f6vet, urtikaariat, naha fotosensitiivsust ja hematoloogilisi k\u00f5rvalekaldeid.<\/p>\n\n\n\n<p class=\"has-medium-font-size\"><strong>Uuritav materjal, selle v\u00f5tmine, saatmine ja s\u00e4ilitamine<\/strong><\/p>\n\n\n\n<p>M\u00f5\u00f5detakse tippkontsentratsiooni (C<sub>max<\/sub>) 2 tunni ja 6 tunni m\u00f6\u00f6dudes ravimi manustamisest.<\/p>\n\n\n\n<figure class=\"wp-block-table is-style-stripes\"><table width=\"100%\"><tbody><tr><td width=\"1%\"><\/td><td width=\"15%\"><strong>Katsuti<\/strong><\/td><td width=\"84%\">K2E\/K3E-katsuti (lilla kork)<\/td><\/tr><tr><td><\/td><td><strong>S\u00e4ilivus<\/strong><\/td><td>Plasma toatemperatuuril ja +4 \u00baC kolm p\u00e4eva, -20 \u00baC pikemat aega<\/td><\/tr><\/tbody><\/table><\/figure>\n\n\n\n<p class=\"has-medium-font-size\"><strong>Anal\u00fc\u00fcsi tegemise aeg: <\/strong>t\u00f6\u00f6p\u00e4eviti<\/p>\n\n\n\n<p class=\"has-medium-font-size\"><strong>Anal\u00fc\u00fcsimeetod: <\/strong>vedelikkromatograafia-massispektromeetria (LC-MS\/MS)<\/p>\n\n\n\n<p class=\"has-medium-font-size\"><strong>Referentsv\u00e4\u00e4rtused<\/strong><\/p>\n\n\n\n<p>Terapeutiline vahemik ja toksiline piir ei ole \u00fcheselt m\u00e4\u00e4ratud. Ravimseire jaoks k\u00f5ige informatiivsemaks n\u00e4itajaks on tippkontsentratsioon (C<sub>max<\/sub>), kuna baaskontsentratsioon on liiga madal m\u00f5\u00f5temetoodikaga detekteerimiseks. M\u00f5ne patsiendi puhul v\u00f5ib optimaalne ravivastus olla ravimikontsentratsiooni juures, mis j\u00e4\u00e4b antud vahemikust v\u00e4lja.<strong><\/strong><\/p>\n\n\n\n<figure class=\"wp-block-table\"><table width=\"100%\"><tbody><tr><td width=\"1%\"><\/td><td width=\"30%\"><strong>Soovituslik C<sub>max<\/sub> (1, 2)<\/strong><\/td><td width=\"69%\">20\u201360 mg\/L (annustamine 25\u201335mg\/kg \u00f6\u00f6p\u00e4evas) <br>60\u201390 mg\/L (annustamine 50mg\/kg kaks korda n\u00e4dalas)<\/td><\/tr><tr><td><\/td><td><strong>Toksiline kontsentratsioon<\/strong><\/td><td>Ei ole \u00fcheselt m\u00e4\u00e4ratletud<\/td><\/tr><\/tbody><\/table><\/figure>\n\n\n\n<p class=\"has-medium-font-size\"><strong>N\u00e4idustus ja kliiniline t\u00e4hendus<\/strong><\/p>\n\n\n\n<p>Ravi j\u00e4lgimine, optimaalse raviskeemi leidmine.<\/p>\n\n\n\n<p class=\"has-medium-font-size\"><strong>Kasutatud kirjandus<\/strong><\/p>\n\n\n\n<ol class=\"wp-block-list\">\n<li>Alsultan A and Peloquin CA. Therapeutic drug monitoring in the treatment of tuberculosis: an update. Drugs 2014;74:839-54<\/li>\n\n\n\n<li>Rihwa Choi, Byeong-Ho Jeong, Won-Jung Koh, Soo-Youn Lee. Recommendations for Optimizing Tuberculosis Treatment: Therapeutic Drug Monitoring, Pharmacogenetics, and Nutritional Status Considerations. Ann Lab Med 2017;37:97-107<\/li>\n<\/ol>\n\n\n\n<p>Koostajad: Johannes P\u00e4rtel Truusalu, Jelena Beljantseva<br>Muudetud 29.04.2024<\/p>\n","protected":false},"excerpt":{"rendered":"<p>Kliinilise keemia ja laboratoorse hematoloogia osakond P\u00fcrasiinamiid on kitsa toimespektriga antibiootikum, mis kuulub tuberkuloosi ravis esimese rea preparaatide hulka. Kliiniliselt olulist antibakteriaalset toimet omab p\u00fcrasiinamiid vaid Mycobacterium tuberculosis\u2019e ja Mycobacterium africanum\u2019i vastu. P\u00fcrasiinamiidi toimemehhanism on teadmata. Suukaudsel manustamisel imendub ravim kiiresti ja k\u00f5rgeim plasmakontsentratsioon saavutatakse 1\u20132 tunni jooksul. Ravim seondub veres valkudega v\u00e4ga v\u00e4hesel m\u00e4\u00e4ral. [&hellip;]<\/p>\n","protected":false},"author":38,"featured_media":0,"parent":7301,"menu_order":30,"comment_status":"closed","ping_status":"closed","template":"","meta":{"_uag_custom_page_level_css":"","footnotes":""},"class_list":["post-12545","page","type-page","status-publish","hentry"],"acf":[],"yoast_head":"<!-- This site is optimized with the Yoast SEO plugin v27.3 - https:\/\/yoast.com\/product\/yoast-seo-wordpress\/ -->\n<title>P\u00fcrasiinamiid (S,P-Pyrazinamide) - \u00dchendlabor<\/title>\n<meta name=\"robots\" content=\"index, follow, max-snippet:-1, max-image-preview:large, max-video-preview:-1\" \/>\n<link rel=\"canonical\" href=\"https:\/\/www.kliinikum.ee\/yhendlabor\/kasiraamat\/ravimiseire-uuringud\/purasiinamiid-sp-pyrazinamide\/\" \/>\n<meta property=\"og:locale\" content=\"et_EE\" \/>\n<meta property=\"og:type\" content=\"article\" \/>\n<meta property=\"og:title\" content=\"P\u00fcrasiinamiid (S,P-Pyrazinamide) - \u00dchendlabor\" \/>\n<meta property=\"og:description\" content=\"Kliinilise keemia ja laboratoorse hematoloogia osakond P\u00fcrasiinamiid on kitsa toimespektriga antibiootikum, mis kuulub tuberkuloosi ravis esimese rea preparaatide hulka. Kliiniliselt olulist antibakteriaalset toimet omab p\u00fcrasiinamiid vaid Mycobacterium tuberculosis\u2019e ja Mycobacterium africanum\u2019i vastu. P\u00fcrasiinamiidi toimemehhanism on teadmata. Suukaudsel manustamisel imendub ravim kiiresti ja k\u00f5rgeim plasmakontsentratsioon saavutatakse 1\u20132 tunni jooksul. Ravim seondub veres valkudega v\u00e4ga v\u00e4hesel m\u00e4\u00e4ral. [&hellip;]\" \/>\n<meta property=\"og:url\" content=\"https:\/\/www.kliinikum.ee\/yhendlabor\/kasiraamat\/ravimiseire-uuringud\/purasiinamiid-sp-pyrazinamide\/\" \/>\n<meta property=\"og:site_name\" content=\"\u00dchendlabor\" \/>\n<meta property=\"article:modified_time\" content=\"2025-12-11T15:53:22+00:00\" \/>\n<meta name=\"twitter:card\" content=\"summary_large_image\" \/>\n<meta name=\"twitter:label1\" content=\"Est. reading time\" \/>\n\t<meta name=\"twitter:data1\" content=\"2 minutit\" \/>\n<script type=\"application\/ld+json\" class=\"yoast-schema-graph\">{\"@context\":\"https:\\\/\\\/schema.org\",\"@graph\":[{\"@type\":\"WebPage\",\"@id\":\"https:\\\/\\\/www.kliinikum.ee\\\/yhendlabor\\\/kasiraamat\\\/ravimiseire-uuringud\\\/purasiinamiid-sp-pyrazinamide\\\/\",\"url\":\"https:\\\/\\\/www.kliinikum.ee\\\/yhendlabor\\\/kasiraamat\\\/ravimiseire-uuringud\\\/purasiinamiid-sp-pyrazinamide\\\/\",\"name\":\"P\u00fcrasiinamiid (S,P-Pyrazinamide) - \u00dchendlabor\",\"isPartOf\":{\"@id\":\"https:\\\/\\\/www.kliinikum.ee\\\/yhendlabor\\\/#website\"},\"datePublished\":\"2025-07-31T14:10:41+00:00\",\"dateModified\":\"2025-12-11T15:53:22+00:00\",\"breadcrumb\":{\"@id\":\"https:\\\/\\\/www.kliinikum.ee\\\/yhendlabor\\\/kasiraamat\\\/ravimiseire-uuringud\\\/purasiinamiid-sp-pyrazinamide\\\/#breadcrumb\"},\"inLanguage\":\"et\",\"potentialAction\":[{\"@type\":\"ReadAction\",\"target\":[\"https:\\\/\\\/www.kliinikum.ee\\\/yhendlabor\\\/kasiraamat\\\/ravimiseire-uuringud\\\/purasiinamiid-sp-pyrazinamide\\\/\"]}]},{\"@type\":\"BreadcrumbList\",\"@id\":\"https:\\\/\\\/www.kliinikum.ee\\\/yhendlabor\\\/kasiraamat\\\/ravimiseire-uuringud\\\/purasiinamiid-sp-pyrazinamide\\\/#breadcrumb\",\"itemListElement\":[{\"@type\":\"ListItem\",\"position\":1,\"name\":\"Home\",\"item\":\"https:\\\/\\\/www.kliinikum.ee\\\/yhendlabor\\\/\"},{\"@type\":\"ListItem\",\"position\":2,\"name\":\"K\u00e4siraamat\",\"item\":\"https:\\\/\\\/www.kliinikum.ee\\\/yhendlabor\\\/kasiraamat\\\/\"},{\"@type\":\"ListItem\",\"position\":3,\"name\":\"Ravimiseire uuringud\",\"item\":\"https:\\\/\\\/www.kliinikum.ee\\\/yhendlabor\\\/kasiraamat\\\/ravimiseire-uuringud\\\/\"},{\"@type\":\"ListItem\",\"position\":4,\"name\":\"P\u00fcrasiinamiid (S,P-Pyrazinamide)\"}]},{\"@type\":\"WebSite\",\"@id\":\"https:\\\/\\\/www.kliinikum.ee\\\/yhendlabor\\\/#website\",\"url\":\"https:\\\/\\\/www.kliinikum.ee\\\/yhendlabor\\\/\",\"name\":\"\u00dchendlabor\",\"description\":\"Hoolivus, Uuendusmeelsus, P\u00e4devus ja Usaldusv\u00e4\u00e4rsus\",\"potentialAction\":[{\"@type\":\"SearchAction\",\"target\":{\"@type\":\"EntryPoint\",\"urlTemplate\":\"https:\\\/\\\/www.kliinikum.ee\\\/yhendlabor\\\/?s={search_term_string}\"},\"query-input\":{\"@type\":\"PropertyValueSpecification\",\"valueRequired\":true,\"valueName\":\"search_term_string\"}}],\"inLanguage\":\"et\"}]}<\/script>\n<!-- \/ Yoast SEO plugin. -->","yoast_head_json":{"title":"P\u00fcrasiinamiid (S,P-Pyrazinamide) - \u00dchendlabor","robots":{"index":"index","follow":"follow","max-snippet":"max-snippet:-1","max-image-preview":"max-image-preview:large","max-video-preview":"max-video-preview:-1"},"canonical":"https:\/\/www.kliinikum.ee\/yhendlabor\/kasiraamat\/ravimiseire-uuringud\/purasiinamiid-sp-pyrazinamide\/","og_locale":"et_EE","og_type":"article","og_title":"P\u00fcrasiinamiid (S,P-Pyrazinamide) - \u00dchendlabor","og_description":"Kliinilise keemia ja laboratoorse hematoloogia osakond P\u00fcrasiinamiid on kitsa toimespektriga antibiootikum, mis kuulub tuberkuloosi ravis esimese rea preparaatide hulka. Kliiniliselt olulist antibakteriaalset toimet omab p\u00fcrasiinamiid vaid Mycobacterium tuberculosis\u2019e ja Mycobacterium africanum\u2019i vastu. P\u00fcrasiinamiidi toimemehhanism on teadmata. Suukaudsel manustamisel imendub ravim kiiresti ja k\u00f5rgeim plasmakontsentratsioon saavutatakse 1\u20132 tunni jooksul. Ravim seondub veres valkudega v\u00e4ga v\u00e4hesel m\u00e4\u00e4ral. [&hellip;]","og_url":"https:\/\/www.kliinikum.ee\/yhendlabor\/kasiraamat\/ravimiseire-uuringud\/purasiinamiid-sp-pyrazinamide\/","og_site_name":"\u00dchendlabor","article_modified_time":"2025-12-11T15:53:22+00:00","twitter_card":"summary_large_image","twitter_misc":{"Est. reading time":"2 minutit"},"schema":{"@context":"https:\/\/schema.org","@graph":[{"@type":"WebPage","@id":"https:\/\/www.kliinikum.ee\/yhendlabor\/kasiraamat\/ravimiseire-uuringud\/purasiinamiid-sp-pyrazinamide\/","url":"https:\/\/www.kliinikum.ee\/yhendlabor\/kasiraamat\/ravimiseire-uuringud\/purasiinamiid-sp-pyrazinamide\/","name":"P\u00fcrasiinamiid (S,P-Pyrazinamide) - \u00dchendlabor","isPartOf":{"@id":"https:\/\/www.kliinikum.ee\/yhendlabor\/#website"},"datePublished":"2025-07-31T14:10:41+00:00","dateModified":"2025-12-11T15:53:22+00:00","breadcrumb":{"@id":"https:\/\/www.kliinikum.ee\/yhendlabor\/kasiraamat\/ravimiseire-uuringud\/purasiinamiid-sp-pyrazinamide\/#breadcrumb"},"inLanguage":"et","potentialAction":[{"@type":"ReadAction","target":["https:\/\/www.kliinikum.ee\/yhendlabor\/kasiraamat\/ravimiseire-uuringud\/purasiinamiid-sp-pyrazinamide\/"]}]},{"@type":"BreadcrumbList","@id":"https:\/\/www.kliinikum.ee\/yhendlabor\/kasiraamat\/ravimiseire-uuringud\/purasiinamiid-sp-pyrazinamide\/#breadcrumb","itemListElement":[{"@type":"ListItem","position":1,"name":"Home","item":"https:\/\/www.kliinikum.ee\/yhendlabor\/"},{"@type":"ListItem","position":2,"name":"K\u00e4siraamat","item":"https:\/\/www.kliinikum.ee\/yhendlabor\/kasiraamat\/"},{"@type":"ListItem","position":3,"name":"Ravimiseire uuringud","item":"https:\/\/www.kliinikum.ee\/yhendlabor\/kasiraamat\/ravimiseire-uuringud\/"},{"@type":"ListItem","position":4,"name":"P\u00fcrasiinamiid (S,P-Pyrazinamide)"}]},{"@type":"WebSite","@id":"https:\/\/www.kliinikum.ee\/yhendlabor\/#website","url":"https:\/\/www.kliinikum.ee\/yhendlabor\/","name":"\u00dchendlabor","description":"Hoolivus, Uuendusmeelsus, P\u00e4devus ja Usaldusv\u00e4\u00e4rsus","potentialAction":[{"@type":"SearchAction","target":{"@type":"EntryPoint","urlTemplate":"https:\/\/www.kliinikum.ee\/yhendlabor\/?s={search_term_string}"},"query-input":{"@type":"PropertyValueSpecification","valueRequired":true,"valueName":"search_term_string"}}],"inLanguage":"et"}]}},"uagb_featured_image_src":{"full":false,"thumbnail":false,"medium":false,"medium_large":false,"large":false,"1536x1536":false,"2048x2048":false},"uagb_author_info":{"display_name":"Kadi Siigur","author_link":"https:\/\/www.kliinikum.ee\/yhendlabor\/author\/kadisi\/"},"uagb_comment_info":0,"uagb_excerpt":"Kliinilise keemia ja laboratoorse hematoloogia osakond P\u00fcrasiinamiid on kitsa toimespektriga antibiootikum, mis kuulub tuberkuloosi ravis esimese rea preparaatide hulka. Kliiniliselt olulist antibakteriaalset toimet omab p\u00fcrasiinamiid vaid Mycobacterium tuberculosis\u2019e ja Mycobacterium africanum\u2019i vastu. P\u00fcrasiinamiidi toimemehhanism on teadmata. Suukaudsel manustamisel imendub ravim kiiresti ja k\u00f5rgeim plasmakontsentratsioon saavutatakse 1\u20132 tunni jooksul. Ravim seondub veres valkudega v\u00e4ga v\u00e4hesel m\u00e4\u00e4ral.&hellip;","_links":{"self":[{"href":"https:\/\/www.kliinikum.ee\/yhendlabor\/wp-json\/wp\/v2\/pages\/12545","targetHints":{"allow":["GET"]}}],"collection":[{"href":"https:\/\/www.kliinikum.ee\/yhendlabor\/wp-json\/wp\/v2\/pages"}],"about":[{"href":"https:\/\/www.kliinikum.ee\/yhendlabor\/wp-json\/wp\/v2\/types\/page"}],"author":[{"embeddable":true,"href":"https:\/\/www.kliinikum.ee\/yhendlabor\/wp-json\/wp\/v2\/users\/38"}],"replies":[{"embeddable":true,"href":"https:\/\/www.kliinikum.ee\/yhendlabor\/wp-json\/wp\/v2\/comments?post=12545"}],"version-history":[{"count":0,"href":"https:\/\/www.kliinikum.ee\/yhendlabor\/wp-json\/wp\/v2\/pages\/12545\/revisions"}],"up":[{"embeddable":true,"href":"https:\/\/www.kliinikum.ee\/yhendlabor\/wp-json\/wp\/v2\/pages\/7301"}],"wp:attachment":[{"href":"https:\/\/www.kliinikum.ee\/yhendlabor\/wp-json\/wp\/v2\/media?parent=12545"}],"curies":[{"name":"wp","href":"https:\/\/api.w.org\/{rel}","templated":true}]}}