{"id":12554,"date":"2025-07-31T16:33:37","date_gmt":"2025-07-31T14:33:37","guid":{"rendered":"https:\/\/www.kliinikum.ee\/yhendlabor\/?page_id=12554"},"modified":"2025-12-11T18:00:59","modified_gmt":"2025-12-11T16:00:59","slug":"siroliimus-b-sirolimus","status":"publish","type":"page","link":"https:\/\/www.kliinikum.ee\/yhendlabor\/kasiraamat\/ravimiseire-uuringud\/siroliimus-b-sirolimus\/","title":{"rendered":"Siroliimus (B-Sirolimus)"},"content":{"rendered":"\n<p><em>Kliinilise keemia ja laboratoorse hematoloogia osakond<\/em><\/p>\n\n\n\n<p><strong>Siroliimus <\/strong>on immuunsupressiivne ravim, mida kasutatakse neeru siirdamise j\u00e4rgselt \u00e4rat\u00f5ukereaktsiooni ennetamiseks t\u00e4iskasvanutel madala v\u00f5i m\u00f5\u00f5duka riski korral. Sageli kasutatakse seda kombinatsioonis ts\u00fcklosporiini ja kortikosteroididega.<\/p>\n\n\n\n<p>Siroliimuse pikk poolv\u00e4\u00e4rtusaeg (62 +\/- 16 tundi) ja kitsas terapeutiline vahemik tingivad vajaduse selle kontsentratsiooni regulaarseks monitoorimiseks. Metabolism toimub ts\u00fctokroom P450 IIIA4 abil. Ravimi k\u00f5ige sagedasemateks k\u00f5rvaltoimeteks on trombots\u00fctopeenia, aneemia, palavik, h\u00fcpertensioon, h\u00fcpokaleemia, h\u00fcpofosfateemia, kuseteede infektsioon, h\u00fcperkolesteroleemia, h\u00fcpergl\u00fckeemia, h\u00fcpertrigl\u00fctserideemia, k\u00f5huvalu, l\u00fcmfotseele, perifeerne turse, artralgia, akne, k\u00f5hulahtisus v\u00f5i k\u00f5hukinnisus, iiveldus, peavalu, kreatiniini ja laktaadi deh\u00fcdrogenaasi sisalduse suurenemine veres.<\/p>\n\n\n\n<p class=\"has-medium-font-size\"><strong>Uuritav materjal, selle v\u00f5tmine, saatmine ja s\u00e4ilitamine<\/strong><\/p>\n\n\n\n<p>Proov v\u00f5etakse enne j\u00e4rgmist ravimiannust (baaskontsentratsioon).<\/p>\n\n\n\n<figure class=\"wp-block-table is-style-stripes\"><table width=\"100%\"><tbody><tr><td width=\"1%\"><\/td><td width=\"15%\"><strong>Katsuti<\/strong><\/td><td width=\"84%\">K2E\/K3E-katsuti (lilla kork)<\/td><\/tr><tr><td><\/td><td><strong>S\u00e4ilivus<\/strong><\/td><td>Veri toatemperatuuril viis p\u00e4eva, +4 \u00b0C seitse p\u00e4eva, -20 \u00b0C kuus kuud<\/td><\/tr><\/tbody><\/table><\/figure>\n\n\n\n<p class=\"has-medium-font-size\"><strong>Anal\u00fc\u00fcsi tegemise aeg: <\/strong>t\u00f6\u00f6p\u00e4eviti<\/p>\n\n\n\n<p class=\"has-medium-font-size\"><strong>Anal\u00fc\u00fcsimeetod: <\/strong>elektrokemoluminestsetns-immuunmeetod (ECLIA)<\/p>\n\n\n\n<p class=\"has-medium-font-size\"><strong>Referentsv\u00e4\u00e4rtused<\/strong><\/p>\n\n\n\n<p>Siroliimuse terapeutiline kontsentratsioon veres s\u00f5ltub patsiendi kliinilisest seisundist, siiratud organist, siirdamisest m\u00f6\u00f6dunud ajast, patsiendi individuaalsest tundlikkusest immuunsupressiivse ja toksilise efekti suhtes ning teiste immuunsupressantide samaaegsest manustamisest.<\/p>\n\n\n\n<p><strong>NB! Erinevate m\u00e4\u00e4ramismeetoditega saadud tulemused ei ole omavahel v\u00f5rreldavad!<\/strong><\/p>\n\n\n\n<p class=\"has-medium-font-size\"><strong>N\u00e4idustus ja kliiniline t\u00e4hendus<\/strong><\/p>\n\n\n\n<p>Siroliimus-ravi j\u00e4lgimine.<\/p>\n\n\n\n<p>Eriti vajalik on ravimikontsentratsiooni j\u00e4lgimine j\u00e4rgmistel juhtudel:<\/p>\n\n\n\n<ol class=\"wp-block-list\">\n<li>maksakahjustusega patsiendid;<\/li>\n\n\n\n<li>patsiendid, kellele samaaegselt manustatakse CYP3A4 indutseerijaid v\u00f5i inhibiitoreid, samuti patsiendid, kellel nimetatud ravimite manustamine on katkestatud;<\/li>\n\n\n\n<li>patsiendid, kellel ts\u00fcklosporiini annust on m\u00e4rkimisv\u00e4\u00e4rselt v\u00e4hendatud v\u00f5i on ts\u00fcklosporiinravi katkestatud.<\/li>\n<\/ol>\n\n\n\n<p>P\u00e4rast ts\u00fcklosporiinravi katkestamist v\u00e4heneb kiirenenud metabolismi t\u00f5ttu siroliimuse kontsentratsioon veres,&nbsp; mist\u00f5ttu tuleb siroliimuse annust korrigeerida. Ravimiannuse muutmise j\u00e4rgselt saabub uus tasakaalukontsentratsioon 5\u20137 p\u00e4eva m\u00f6\u00f6dudes.<\/p>\n\n\n\n<p>CYP3A4 inhibiitorite (ketokonasool, vorikonasool, itrakonasool, telitrom\u00fctsiin, klaritrom\u00fctsiin, verapamiil, diltiaseem, tsimetidiin, danasool) v\u00f5i indutseerijate (rifampitsiin, rifabutiin, karbamasepiin, fenobarbitaal, naistepuna) samaaegne manustamine v\u00f5ib siroliimuse kontsentratsiooni vastavalt kas suurendada v\u00f5i v\u00e4hendada.<\/p>\n\n\n\n<p>Koostaja: Kaja Vaagen<br>Muudetud 11.09.2023<\/p>\n","protected":false},"excerpt":{"rendered":"<p>Kliinilise keemia ja laboratoorse hematoloogia osakond Siroliimus on immuunsupressiivne ravim, mida kasutatakse neeru siirdamise j\u00e4rgselt \u00e4rat\u00f5ukereaktsiooni ennetamiseks t\u00e4iskasvanutel madala v\u00f5i m\u00f5\u00f5duka riski korral. Sageli kasutatakse seda kombinatsioonis ts\u00fcklosporiini ja kortikosteroididega. Siroliimuse pikk poolv\u00e4\u00e4rtusaeg (62 +\/- 16 tundi) ja kitsas terapeutiline vahemik tingivad vajaduse selle kontsentratsiooni regulaarseks monitoorimiseks. Metabolism toimub ts\u00fctokroom P450 IIIA4 abil. Ravimi k\u00f5ige [&hellip;]<\/p>\n","protected":false},"author":38,"featured_media":0,"parent":7301,"menu_order":33,"comment_status":"closed","ping_status":"closed","template":"","meta":{"_uag_custom_page_level_css":"","footnotes":""},"class_list":["post-12554","page","type-page","status-publish","hentry"],"acf":[],"yoast_head":"<!-- This site is optimized with the Yoast SEO plugin v27.3 - https:\/\/yoast.com\/product\/yoast-seo-wordpress\/ -->\n<title>Siroliimus (B-Sirolimus) - \u00dchendlabor<\/title>\n<meta name=\"robots\" content=\"index, follow, max-snippet:-1, max-image-preview:large, max-video-preview:-1\" \/>\n<link rel=\"canonical\" href=\"https:\/\/www.kliinikum.ee\/yhendlabor\/kasiraamat\/ravimiseire-uuringud\/siroliimus-b-sirolimus\/\" \/>\n<meta property=\"og:locale\" content=\"et_EE\" \/>\n<meta property=\"og:type\" content=\"article\" \/>\n<meta property=\"og:title\" content=\"Siroliimus (B-Sirolimus) - \u00dchendlabor\" \/>\n<meta property=\"og:description\" content=\"Kliinilise keemia ja laboratoorse hematoloogia osakond Siroliimus on immuunsupressiivne ravim, mida kasutatakse neeru siirdamise j\u00e4rgselt \u00e4rat\u00f5ukereaktsiooni ennetamiseks t\u00e4iskasvanutel madala v\u00f5i m\u00f5\u00f5duka riski korral. Sageli kasutatakse seda kombinatsioonis ts\u00fcklosporiini ja kortikosteroididega. Siroliimuse pikk poolv\u00e4\u00e4rtusaeg (62 +\/- 16 tundi) ja kitsas terapeutiline vahemik tingivad vajaduse selle kontsentratsiooni regulaarseks monitoorimiseks. Metabolism toimub ts\u00fctokroom P450 IIIA4 abil. Ravimi k\u00f5ige [&hellip;]\" \/>\n<meta property=\"og:url\" content=\"https:\/\/www.kliinikum.ee\/yhendlabor\/kasiraamat\/ravimiseire-uuringud\/siroliimus-b-sirolimus\/\" \/>\n<meta property=\"og:site_name\" content=\"\u00dchendlabor\" \/>\n<meta property=\"article:modified_time\" content=\"2025-12-11T16:00:59+00:00\" \/>\n<meta name=\"twitter:card\" content=\"summary_large_image\" \/>\n<meta name=\"twitter:label1\" content=\"Est. reading time\" \/>\n\t<meta name=\"twitter:data1\" content=\"2 minutit\" \/>\n<script type=\"application\/ld+json\" class=\"yoast-schema-graph\">{\"@context\":\"https:\\\/\\\/schema.org\",\"@graph\":[{\"@type\":\"WebPage\",\"@id\":\"https:\\\/\\\/www.kliinikum.ee\\\/yhendlabor\\\/kasiraamat\\\/ravimiseire-uuringud\\\/siroliimus-b-sirolimus\\\/\",\"url\":\"https:\\\/\\\/www.kliinikum.ee\\\/yhendlabor\\\/kasiraamat\\\/ravimiseire-uuringud\\\/siroliimus-b-sirolimus\\\/\",\"name\":\"Siroliimus (B-Sirolimus) - \u00dchendlabor\",\"isPartOf\":{\"@id\":\"https:\\\/\\\/www.kliinikum.ee\\\/yhendlabor\\\/#website\"},\"datePublished\":\"2025-07-31T14:33:37+00:00\",\"dateModified\":\"2025-12-11T16:00:59+00:00\",\"breadcrumb\":{\"@id\":\"https:\\\/\\\/www.kliinikum.ee\\\/yhendlabor\\\/kasiraamat\\\/ravimiseire-uuringud\\\/siroliimus-b-sirolimus\\\/#breadcrumb\"},\"inLanguage\":\"et\",\"potentialAction\":[{\"@type\":\"ReadAction\",\"target\":[\"https:\\\/\\\/www.kliinikum.ee\\\/yhendlabor\\\/kasiraamat\\\/ravimiseire-uuringud\\\/siroliimus-b-sirolimus\\\/\"]}]},{\"@type\":\"BreadcrumbList\",\"@id\":\"https:\\\/\\\/www.kliinikum.ee\\\/yhendlabor\\\/kasiraamat\\\/ravimiseire-uuringud\\\/siroliimus-b-sirolimus\\\/#breadcrumb\",\"itemListElement\":[{\"@type\":\"ListItem\",\"position\":1,\"name\":\"Home\",\"item\":\"https:\\\/\\\/www.kliinikum.ee\\\/yhendlabor\\\/\"},{\"@type\":\"ListItem\",\"position\":2,\"name\":\"K\u00e4siraamat\",\"item\":\"https:\\\/\\\/www.kliinikum.ee\\\/yhendlabor\\\/kasiraamat\\\/\"},{\"@type\":\"ListItem\",\"position\":3,\"name\":\"Ravimiseire uuringud\",\"item\":\"https:\\\/\\\/www.kliinikum.ee\\\/yhendlabor\\\/kasiraamat\\\/ravimiseire-uuringud\\\/\"},{\"@type\":\"ListItem\",\"position\":4,\"name\":\"Siroliimus (B-Sirolimus)\"}]},{\"@type\":\"WebSite\",\"@id\":\"https:\\\/\\\/www.kliinikum.ee\\\/yhendlabor\\\/#website\",\"url\":\"https:\\\/\\\/www.kliinikum.ee\\\/yhendlabor\\\/\",\"name\":\"\u00dchendlabor\",\"description\":\"Hoolivus, Uuendusmeelsus, P\u00e4devus ja Usaldusv\u00e4\u00e4rsus\",\"potentialAction\":[{\"@type\":\"SearchAction\",\"target\":{\"@type\":\"EntryPoint\",\"urlTemplate\":\"https:\\\/\\\/www.kliinikum.ee\\\/yhendlabor\\\/?s={search_term_string}\"},\"query-input\":{\"@type\":\"PropertyValueSpecification\",\"valueRequired\":true,\"valueName\":\"search_term_string\"}}],\"inLanguage\":\"et\"}]}<\/script>\n<!-- \/ Yoast SEO plugin. -->","yoast_head_json":{"title":"Siroliimus (B-Sirolimus) - \u00dchendlabor","robots":{"index":"index","follow":"follow","max-snippet":"max-snippet:-1","max-image-preview":"max-image-preview:large","max-video-preview":"max-video-preview:-1"},"canonical":"https:\/\/www.kliinikum.ee\/yhendlabor\/kasiraamat\/ravimiseire-uuringud\/siroliimus-b-sirolimus\/","og_locale":"et_EE","og_type":"article","og_title":"Siroliimus (B-Sirolimus) - \u00dchendlabor","og_description":"Kliinilise keemia ja laboratoorse hematoloogia osakond Siroliimus on immuunsupressiivne ravim, mida kasutatakse neeru siirdamise j\u00e4rgselt \u00e4rat\u00f5ukereaktsiooni ennetamiseks t\u00e4iskasvanutel madala v\u00f5i m\u00f5\u00f5duka riski korral. Sageli kasutatakse seda kombinatsioonis ts\u00fcklosporiini ja kortikosteroididega. Siroliimuse pikk poolv\u00e4\u00e4rtusaeg (62 +\/- 16 tundi) ja kitsas terapeutiline vahemik tingivad vajaduse selle kontsentratsiooni regulaarseks monitoorimiseks. Metabolism toimub ts\u00fctokroom P450 IIIA4 abil. Ravimi k\u00f5ige [&hellip;]","og_url":"https:\/\/www.kliinikum.ee\/yhendlabor\/kasiraamat\/ravimiseire-uuringud\/siroliimus-b-sirolimus\/","og_site_name":"\u00dchendlabor","article_modified_time":"2025-12-11T16:00:59+00:00","twitter_card":"summary_large_image","twitter_misc":{"Est. reading time":"2 minutit"},"schema":{"@context":"https:\/\/schema.org","@graph":[{"@type":"WebPage","@id":"https:\/\/www.kliinikum.ee\/yhendlabor\/kasiraamat\/ravimiseire-uuringud\/siroliimus-b-sirolimus\/","url":"https:\/\/www.kliinikum.ee\/yhendlabor\/kasiraamat\/ravimiseire-uuringud\/siroliimus-b-sirolimus\/","name":"Siroliimus (B-Sirolimus) - \u00dchendlabor","isPartOf":{"@id":"https:\/\/www.kliinikum.ee\/yhendlabor\/#website"},"datePublished":"2025-07-31T14:33:37+00:00","dateModified":"2025-12-11T16:00:59+00:00","breadcrumb":{"@id":"https:\/\/www.kliinikum.ee\/yhendlabor\/kasiraamat\/ravimiseire-uuringud\/siroliimus-b-sirolimus\/#breadcrumb"},"inLanguage":"et","potentialAction":[{"@type":"ReadAction","target":["https:\/\/www.kliinikum.ee\/yhendlabor\/kasiraamat\/ravimiseire-uuringud\/siroliimus-b-sirolimus\/"]}]},{"@type":"BreadcrumbList","@id":"https:\/\/www.kliinikum.ee\/yhendlabor\/kasiraamat\/ravimiseire-uuringud\/siroliimus-b-sirolimus\/#breadcrumb","itemListElement":[{"@type":"ListItem","position":1,"name":"Home","item":"https:\/\/www.kliinikum.ee\/yhendlabor\/"},{"@type":"ListItem","position":2,"name":"K\u00e4siraamat","item":"https:\/\/www.kliinikum.ee\/yhendlabor\/kasiraamat\/"},{"@type":"ListItem","position":3,"name":"Ravimiseire uuringud","item":"https:\/\/www.kliinikum.ee\/yhendlabor\/kasiraamat\/ravimiseire-uuringud\/"},{"@type":"ListItem","position":4,"name":"Siroliimus (B-Sirolimus)"}]},{"@type":"WebSite","@id":"https:\/\/www.kliinikum.ee\/yhendlabor\/#website","url":"https:\/\/www.kliinikum.ee\/yhendlabor\/","name":"\u00dchendlabor","description":"Hoolivus, Uuendusmeelsus, P\u00e4devus ja Usaldusv\u00e4\u00e4rsus","potentialAction":[{"@type":"SearchAction","target":{"@type":"EntryPoint","urlTemplate":"https:\/\/www.kliinikum.ee\/yhendlabor\/?s={search_term_string}"},"query-input":{"@type":"PropertyValueSpecification","valueRequired":true,"valueName":"search_term_string"}}],"inLanguage":"et"}]}},"uagb_featured_image_src":{"full":false,"thumbnail":false,"medium":false,"medium_large":false,"large":false,"1536x1536":false,"2048x2048":false},"uagb_author_info":{"display_name":"Kadi Siigur","author_link":"https:\/\/www.kliinikum.ee\/yhendlabor\/author\/kadisi\/"},"uagb_comment_info":0,"uagb_excerpt":"Kliinilise keemia ja laboratoorse hematoloogia osakond Siroliimus on immuunsupressiivne ravim, mida kasutatakse neeru siirdamise j\u00e4rgselt \u00e4rat\u00f5ukereaktsiooni ennetamiseks t\u00e4iskasvanutel madala v\u00f5i m\u00f5\u00f5duka riski korral. Sageli kasutatakse seda kombinatsioonis ts\u00fcklosporiini ja kortikosteroididega. Siroliimuse pikk poolv\u00e4\u00e4rtusaeg (62 +\/- 16 tundi) ja kitsas terapeutiline vahemik tingivad vajaduse selle kontsentratsiooni regulaarseks monitoorimiseks. Metabolism toimub ts\u00fctokroom P450 IIIA4 abil. Ravimi k\u00f5ige&hellip;","_links":{"self":[{"href":"https:\/\/www.kliinikum.ee\/yhendlabor\/wp-json\/wp\/v2\/pages\/12554","targetHints":{"allow":["GET"]}}],"collection":[{"href":"https:\/\/www.kliinikum.ee\/yhendlabor\/wp-json\/wp\/v2\/pages"}],"about":[{"href":"https:\/\/www.kliinikum.ee\/yhendlabor\/wp-json\/wp\/v2\/types\/page"}],"author":[{"embeddable":true,"href":"https:\/\/www.kliinikum.ee\/yhendlabor\/wp-json\/wp\/v2\/users\/38"}],"replies":[{"embeddable":true,"href":"https:\/\/www.kliinikum.ee\/yhendlabor\/wp-json\/wp\/v2\/comments?post=12554"}],"version-history":[{"count":0,"href":"https:\/\/www.kliinikum.ee\/yhendlabor\/wp-json\/wp\/v2\/pages\/12554\/revisions"}],"up":[{"embeddable":true,"href":"https:\/\/www.kliinikum.ee\/yhendlabor\/wp-json\/wp\/v2\/pages\/7301"}],"wp:attachment":[{"href":"https:\/\/www.kliinikum.ee\/yhendlabor\/wp-json\/wp\/v2\/media?parent=12554"}],"curies":[{"name":"wp","href":"https:\/\/api.w.org\/{rel}","templated":true}]}}