{"id":12558,"date":"2025-07-31T16:37:38","date_gmt":"2025-07-31T14:37:38","guid":{"rendered":"https:\/\/www.kliinikum.ee\/yhendlabor\/?page_id=12558"},"modified":"2025-12-11T18:02:32","modified_gmt":"2025-12-11T16:02:32","slug":"takroliimus-b-tacrolimus","status":"publish","type":"page","link":"https:\/\/www.kliinikum.ee\/yhendlabor\/kasiraamat\/ravimiseire-uuringud\/takroliimus-b-tacrolimus\/","title":{"rendered":"Takroliimus (B-Tacrolimus)"},"content":{"rendered":"\n<p><em>Kliinilise keemia ja laboratoorse hematoloogia osakond<\/em><\/p>\n\n\n\n<p><strong>Takroliimus <\/strong>on immunosupressiivne ravim, mida kasutatakse mitmete organite (p\u00f5hiliselt kopsud, s\u00fcda, maks, neerud) siirdamise j\u00e4rgselt transplantaadi \u00e4rat\u00f5ukereaktsiooni v\u00e4ltimiseks. Salvina on takroliimus kasutusel atoopilise dermatiidi ravis.<\/p>\n\n\n\n<p>Takroliimuse immunosupressiivne toime p\u00f5hineb kaltsineuriini inhibeerimisel, mis viib T-l\u00fcmfots\u00fc\u00fctide proliferatsiooni ja funktsiooni p\u00e4rssimisele.<\/p>\n\n\n\n<p>Takroliimust manustatakse suukaudselt v\u00f5i intravenoosselt. Suukaudsel manustamisel on biosaadavus keskmiselt 25%, kuid nii intraindividuaalne kui ka indiviididevaheline varieeruvus on suur.<\/p>\n\n\n\n<p>Veres seondub takroliimus peaaegu t\u00e4ielikult plasma valkudega ning kontsentreerub er\u00fctrots\u00fc\u00fctidesse. Ravimi kontsentratsioon veres \u00fcletab plasma kontsentratsiooni 15\u201335 korda. Takroliimus metaboliseeritakse maksas ja peensooles ts\u00fctokroom P450 perekonna ens\u00fc\u00fcmide abil. Metaboliitide immuunsupressiivne toime on v\u00e4hene ning nad elimineeritakse organismist peamiselt soolestiku kaudu.<\/p>\n\n\n\n<p>Ravimi poolv\u00e4\u00e4rtusaeg varieerub indiviiditi suurel m\u00e4\u00e4ral.<\/p>\n\n\n\n<p>\u00dcleannustamisel on esmaseks ohuks nefrotoksilisus. V\u00f5imalikeks k\u00f5rvaltoimeteks on ka neurotoksilisus (treemor, peavalu), h\u00fcpertensioon, iiveldus ja unetus. V\u00f5imalik on h\u00fcperkaleemia teke.<\/p>\n\n\n\n<p class=\"has-medium-font-size\"><strong>Uuritav materjal, selle v\u00f5tmine, saatmine ja s\u00e4ilitamine<\/strong><\/p>\n\n\n\n<p>Proov tuleb v\u00f5tta vahetult enne j\u00e4rgmise ravimiannuse manustamist!<\/p>\n\n\n\n<figure class=\"wp-block-table is-style-stripes\"><table width=\"100%\"><tbody><tr><td width=\"1%\"><\/td><td width=\"15%\"><strong>Katsuti<\/strong><\/td><td width=\"84%\">K2E\/K3E-katsuti (lilla kork)<\/td><\/tr><tr><td><\/td><td><strong>S\u00e4ilivus<\/strong><\/td><td>Veri toatemperatuuril viis p\u00e4eva, +4 \u00b0C \u00fcks n\u00e4dal, -20 \u00b0C kuus kuud<\/td><\/tr><\/tbody><\/table><\/figure>\n\n\n\n<p class=\"has-medium-font-size\"><strong>Anal\u00fc\u00fcsi tegemise aeg: <\/strong>\u00f6\u00f6p\u00e4evaringselt<\/p>\n\n\n\n<p class=\"has-medium-font-size\"><strong>Anal\u00fc\u00fcsimeetod:<\/strong> elektrokemoluminestsents-immuunmeetod (ECLIA)<\/p>\n\n\n\n<p>V\u00f5imalikud on ristreaktsioonid takroliimuse metaboliitidega.<strong><\/strong><\/p>\n\n\n\n<p class=\"has-medium-font-size\"><strong>Referentsv\u00e4\u00e4rtused<\/strong><\/p>\n\n\n\n<p>Takroliimuse terapeutiline kontsentratsioon veres s\u00f5ltub siiratud organist, siirdamisest m\u00f6\u00f6dunud ajast, patsiendi individuaalsest tundlikkusest immuunsupressiivse ja toksilise efekti suhtes ning teiste immuunsupressantide samaaegsest manustamisest.<\/p>\n\n\n\n<p>NB! Erinevate m\u00e4\u00e4ramismeetoditega saadud tulemused ei ole omavahel v\u00f5rreldavad!<\/p>\n\n\n\n<p class=\"has-medium-font-size\"><strong>N\u00e4idustus ja kliiniline t\u00e4hendus<\/strong><\/p>\n\n\n\n<p>Siirdatud organitega patsientide ravi monitoorimine optimaalse annuse leidmiseks ja ravimi kumulatsiooni v\u00e4ltimiseks.<\/p>\n\n\n\n<p>Kuna takroliimuse biosaadavus on indiviiditi varieeruv, siis ravimi doosi ja vere kontsentratsiooni vahel on halb korrelatsioon. K\u00fcll korreleerub takroliimuse kontsentratsioon veres immuunsupressiooni efektiivsuse ja samas ka toksiliste k\u00f5rvaltoimetega.<\/p>\n\n\n\n<p>Paljude ravimite koosmanustamine v\u00f5ib suurendada (kaltsiumikanali blokaatorid, makroliidantibiootikumid jt) v\u00f5i v\u00e4hendada (antikonvulsandid, rifampitsiin, siroliimus jt) takroliimuse kontsentratsiooni veres.<\/p>\n\n\n\n<p>Koostaja: Katrin Reimand<br>Muudetud 11.09.2023<\/p>\n\n\n\n<p><\/p>\n","protected":false},"excerpt":{"rendered":"<p>Kliinilise keemia ja laboratoorse hematoloogia osakond Takroliimus on immunosupressiivne ravim, mida kasutatakse mitmete organite (p\u00f5hiliselt kopsud, s\u00fcda, maks, neerud) siirdamise j\u00e4rgselt transplantaadi \u00e4rat\u00f5ukereaktsiooni v\u00e4ltimiseks. Salvina on takroliimus kasutusel atoopilise dermatiidi ravis. Takroliimuse immunosupressiivne toime p\u00f5hineb kaltsineuriini inhibeerimisel, mis viib T-l\u00fcmfots\u00fc\u00fctide proliferatsiooni ja funktsiooni p\u00e4rssimisele. Takroliimust manustatakse suukaudselt v\u00f5i intravenoosselt. Suukaudsel manustamisel on biosaadavus keskmiselt 25%, [&hellip;]<\/p>\n","protected":false},"author":38,"featured_media":0,"parent":7301,"menu_order":34,"comment_status":"closed","ping_status":"closed","template":"","meta":{"_uag_custom_page_level_css":"","footnotes":""},"class_list":["post-12558","page","type-page","status-publish","hentry"],"acf":[],"yoast_head":"<!-- This site is optimized with the Yoast SEO plugin v27.3 - https:\/\/yoast.com\/product\/yoast-seo-wordpress\/ -->\n<title>Takroliimus (B-Tacrolimus) - \u00dchendlabor<\/title>\n<meta name=\"robots\" content=\"index, follow, max-snippet:-1, max-image-preview:large, max-video-preview:-1\" \/>\n<link rel=\"canonical\" href=\"https:\/\/www.kliinikum.ee\/yhendlabor\/kasiraamat\/ravimiseire-uuringud\/takroliimus-b-tacrolimus\/\" \/>\n<meta property=\"og:locale\" content=\"et_EE\" \/>\n<meta property=\"og:type\" content=\"article\" \/>\n<meta property=\"og:title\" content=\"Takroliimus (B-Tacrolimus) - \u00dchendlabor\" \/>\n<meta property=\"og:description\" content=\"Kliinilise keemia ja laboratoorse hematoloogia osakond Takroliimus on immunosupressiivne ravim, mida kasutatakse mitmete organite (p\u00f5hiliselt kopsud, s\u00fcda, maks, neerud) siirdamise j\u00e4rgselt transplantaadi \u00e4rat\u00f5ukereaktsiooni v\u00e4ltimiseks. Salvina on takroliimus kasutusel atoopilise dermatiidi ravis. Takroliimuse immunosupressiivne toime p\u00f5hineb kaltsineuriini inhibeerimisel, mis viib T-l\u00fcmfots\u00fc\u00fctide proliferatsiooni ja funktsiooni p\u00e4rssimisele. Takroliimust manustatakse suukaudselt v\u00f5i intravenoosselt. Suukaudsel manustamisel on biosaadavus keskmiselt 25%, [&hellip;]\" \/>\n<meta property=\"og:url\" content=\"https:\/\/www.kliinikum.ee\/yhendlabor\/kasiraamat\/ravimiseire-uuringud\/takroliimus-b-tacrolimus\/\" \/>\n<meta property=\"og:site_name\" content=\"\u00dchendlabor\" \/>\n<meta property=\"article:modified_time\" content=\"2025-12-11T16:02:32+00:00\" \/>\n<meta name=\"twitter:card\" content=\"summary_large_image\" \/>\n<meta name=\"twitter:label1\" content=\"Est. reading time\" \/>\n\t<meta name=\"twitter:data1\" content=\"2 minutit\" \/>\n<script type=\"application\/ld+json\" class=\"yoast-schema-graph\">{\"@context\":\"https:\\\/\\\/schema.org\",\"@graph\":[{\"@type\":\"WebPage\",\"@id\":\"https:\\\/\\\/www.kliinikum.ee\\\/yhendlabor\\\/kasiraamat\\\/ravimiseire-uuringud\\\/takroliimus-b-tacrolimus\\\/\",\"url\":\"https:\\\/\\\/www.kliinikum.ee\\\/yhendlabor\\\/kasiraamat\\\/ravimiseire-uuringud\\\/takroliimus-b-tacrolimus\\\/\",\"name\":\"Takroliimus (B-Tacrolimus) - \u00dchendlabor\",\"isPartOf\":{\"@id\":\"https:\\\/\\\/www.kliinikum.ee\\\/yhendlabor\\\/#website\"},\"datePublished\":\"2025-07-31T14:37:38+00:00\",\"dateModified\":\"2025-12-11T16:02:32+00:00\",\"breadcrumb\":{\"@id\":\"https:\\\/\\\/www.kliinikum.ee\\\/yhendlabor\\\/kasiraamat\\\/ravimiseire-uuringud\\\/takroliimus-b-tacrolimus\\\/#breadcrumb\"},\"inLanguage\":\"et\",\"potentialAction\":[{\"@type\":\"ReadAction\",\"target\":[\"https:\\\/\\\/www.kliinikum.ee\\\/yhendlabor\\\/kasiraamat\\\/ravimiseire-uuringud\\\/takroliimus-b-tacrolimus\\\/\"]}]},{\"@type\":\"BreadcrumbList\",\"@id\":\"https:\\\/\\\/www.kliinikum.ee\\\/yhendlabor\\\/kasiraamat\\\/ravimiseire-uuringud\\\/takroliimus-b-tacrolimus\\\/#breadcrumb\",\"itemListElement\":[{\"@type\":\"ListItem\",\"position\":1,\"name\":\"Home\",\"item\":\"https:\\\/\\\/www.kliinikum.ee\\\/yhendlabor\\\/\"},{\"@type\":\"ListItem\",\"position\":2,\"name\":\"K\u00e4siraamat\",\"item\":\"https:\\\/\\\/www.kliinikum.ee\\\/yhendlabor\\\/kasiraamat\\\/\"},{\"@type\":\"ListItem\",\"position\":3,\"name\":\"Ravimiseire uuringud\",\"item\":\"https:\\\/\\\/www.kliinikum.ee\\\/yhendlabor\\\/kasiraamat\\\/ravimiseire-uuringud\\\/\"},{\"@type\":\"ListItem\",\"position\":4,\"name\":\"Takroliimus (B-Tacrolimus)\"}]},{\"@type\":\"WebSite\",\"@id\":\"https:\\\/\\\/www.kliinikum.ee\\\/yhendlabor\\\/#website\",\"url\":\"https:\\\/\\\/www.kliinikum.ee\\\/yhendlabor\\\/\",\"name\":\"\u00dchendlabor\",\"description\":\"Hoolivus, Uuendusmeelsus, P\u00e4devus ja Usaldusv\u00e4\u00e4rsus\",\"potentialAction\":[{\"@type\":\"SearchAction\",\"target\":{\"@type\":\"EntryPoint\",\"urlTemplate\":\"https:\\\/\\\/www.kliinikum.ee\\\/yhendlabor\\\/?s={search_term_string}\"},\"query-input\":{\"@type\":\"PropertyValueSpecification\",\"valueRequired\":true,\"valueName\":\"search_term_string\"}}],\"inLanguage\":\"et\"}]}<\/script>\n<!-- \/ Yoast SEO plugin. -->","yoast_head_json":{"title":"Takroliimus (B-Tacrolimus) - \u00dchendlabor","robots":{"index":"index","follow":"follow","max-snippet":"max-snippet:-1","max-image-preview":"max-image-preview:large","max-video-preview":"max-video-preview:-1"},"canonical":"https:\/\/www.kliinikum.ee\/yhendlabor\/kasiraamat\/ravimiseire-uuringud\/takroliimus-b-tacrolimus\/","og_locale":"et_EE","og_type":"article","og_title":"Takroliimus (B-Tacrolimus) - \u00dchendlabor","og_description":"Kliinilise keemia ja laboratoorse hematoloogia osakond Takroliimus on immunosupressiivne ravim, mida kasutatakse mitmete organite (p\u00f5hiliselt kopsud, s\u00fcda, maks, neerud) siirdamise j\u00e4rgselt transplantaadi \u00e4rat\u00f5ukereaktsiooni v\u00e4ltimiseks. Salvina on takroliimus kasutusel atoopilise dermatiidi ravis. Takroliimuse immunosupressiivne toime p\u00f5hineb kaltsineuriini inhibeerimisel, mis viib T-l\u00fcmfots\u00fc\u00fctide proliferatsiooni ja funktsiooni p\u00e4rssimisele. Takroliimust manustatakse suukaudselt v\u00f5i intravenoosselt. Suukaudsel manustamisel on biosaadavus keskmiselt 25%, [&hellip;]","og_url":"https:\/\/www.kliinikum.ee\/yhendlabor\/kasiraamat\/ravimiseire-uuringud\/takroliimus-b-tacrolimus\/","og_site_name":"\u00dchendlabor","article_modified_time":"2025-12-11T16:02:32+00:00","twitter_card":"summary_large_image","twitter_misc":{"Est. reading time":"2 minutit"},"schema":{"@context":"https:\/\/schema.org","@graph":[{"@type":"WebPage","@id":"https:\/\/www.kliinikum.ee\/yhendlabor\/kasiraamat\/ravimiseire-uuringud\/takroliimus-b-tacrolimus\/","url":"https:\/\/www.kliinikum.ee\/yhendlabor\/kasiraamat\/ravimiseire-uuringud\/takroliimus-b-tacrolimus\/","name":"Takroliimus (B-Tacrolimus) - \u00dchendlabor","isPartOf":{"@id":"https:\/\/www.kliinikum.ee\/yhendlabor\/#website"},"datePublished":"2025-07-31T14:37:38+00:00","dateModified":"2025-12-11T16:02:32+00:00","breadcrumb":{"@id":"https:\/\/www.kliinikum.ee\/yhendlabor\/kasiraamat\/ravimiseire-uuringud\/takroliimus-b-tacrolimus\/#breadcrumb"},"inLanguage":"et","potentialAction":[{"@type":"ReadAction","target":["https:\/\/www.kliinikum.ee\/yhendlabor\/kasiraamat\/ravimiseire-uuringud\/takroliimus-b-tacrolimus\/"]}]},{"@type":"BreadcrumbList","@id":"https:\/\/www.kliinikum.ee\/yhendlabor\/kasiraamat\/ravimiseire-uuringud\/takroliimus-b-tacrolimus\/#breadcrumb","itemListElement":[{"@type":"ListItem","position":1,"name":"Home","item":"https:\/\/www.kliinikum.ee\/yhendlabor\/"},{"@type":"ListItem","position":2,"name":"K\u00e4siraamat","item":"https:\/\/www.kliinikum.ee\/yhendlabor\/kasiraamat\/"},{"@type":"ListItem","position":3,"name":"Ravimiseire uuringud","item":"https:\/\/www.kliinikum.ee\/yhendlabor\/kasiraamat\/ravimiseire-uuringud\/"},{"@type":"ListItem","position":4,"name":"Takroliimus (B-Tacrolimus)"}]},{"@type":"WebSite","@id":"https:\/\/www.kliinikum.ee\/yhendlabor\/#website","url":"https:\/\/www.kliinikum.ee\/yhendlabor\/","name":"\u00dchendlabor","description":"Hoolivus, Uuendusmeelsus, P\u00e4devus ja Usaldusv\u00e4\u00e4rsus","potentialAction":[{"@type":"SearchAction","target":{"@type":"EntryPoint","urlTemplate":"https:\/\/www.kliinikum.ee\/yhendlabor\/?s={search_term_string}"},"query-input":{"@type":"PropertyValueSpecification","valueRequired":true,"valueName":"search_term_string"}}],"inLanguage":"et"}]}},"uagb_featured_image_src":{"full":false,"thumbnail":false,"medium":false,"medium_large":false,"large":false,"1536x1536":false,"2048x2048":false},"uagb_author_info":{"display_name":"Kadi Siigur","author_link":"https:\/\/www.kliinikum.ee\/yhendlabor\/author\/kadisi\/"},"uagb_comment_info":0,"uagb_excerpt":"Kliinilise keemia ja laboratoorse hematoloogia osakond Takroliimus on immunosupressiivne ravim, mida kasutatakse mitmete organite (p\u00f5hiliselt kopsud, s\u00fcda, maks, neerud) siirdamise j\u00e4rgselt transplantaadi \u00e4rat\u00f5ukereaktsiooni v\u00e4ltimiseks. Salvina on takroliimus kasutusel atoopilise dermatiidi ravis. Takroliimuse immunosupressiivne toime p\u00f5hineb kaltsineuriini inhibeerimisel, mis viib T-l\u00fcmfots\u00fc\u00fctide proliferatsiooni ja funktsiooni p\u00e4rssimisele. Takroliimust manustatakse suukaudselt v\u00f5i intravenoosselt. Suukaudsel manustamisel on biosaadavus keskmiselt 25%,&hellip;","_links":{"self":[{"href":"https:\/\/www.kliinikum.ee\/yhendlabor\/wp-json\/wp\/v2\/pages\/12558","targetHints":{"allow":["GET"]}}],"collection":[{"href":"https:\/\/www.kliinikum.ee\/yhendlabor\/wp-json\/wp\/v2\/pages"}],"about":[{"href":"https:\/\/www.kliinikum.ee\/yhendlabor\/wp-json\/wp\/v2\/types\/page"}],"author":[{"embeddable":true,"href":"https:\/\/www.kliinikum.ee\/yhendlabor\/wp-json\/wp\/v2\/users\/38"}],"replies":[{"embeddable":true,"href":"https:\/\/www.kliinikum.ee\/yhendlabor\/wp-json\/wp\/v2\/comments?post=12558"}],"version-history":[{"count":0,"href":"https:\/\/www.kliinikum.ee\/yhendlabor\/wp-json\/wp\/v2\/pages\/12558\/revisions"}],"up":[{"embeddable":true,"href":"https:\/\/www.kliinikum.ee\/yhendlabor\/wp-json\/wp\/v2\/pages\/7301"}],"wp:attachment":[{"href":"https:\/\/www.kliinikum.ee\/yhendlabor\/wp-json\/wp\/v2\/media?parent=12558"}],"curies":[{"name":"wp","href":"https:\/\/api.w.org\/{rel}","templated":true}]}}