{"id":12562,"date":"2025-07-31T16:46:37","date_gmt":"2025-07-31T14:46:37","guid":{"rendered":"https:\/\/www.kliinikum.ee\/yhendlabor\/?page_id=12562"},"modified":"2025-12-11T18:03:57","modified_gmt":"2025-12-11T16:03:57","slug":"teofulliin-sp-theoph","status":"publish","type":"page","link":"https:\/\/www.kliinikum.ee\/yhendlabor\/kasiraamat\/ravimiseire-uuringud\/teofulliin-sp-theoph\/","title":{"rendered":"Teof\u00fclliin (S,P-Theoph)"},"content":{"rendered":"\n<p><em>Kliinilise keemia ja laboratoorse hematoloogia osakond<\/em><\/p>\n\n\n\n<p><strong>Teof\u00fclliini (1,3-dimet\u00fc\u00fclksantiin)<\/strong> kasutatakse bronhe l\u00f5\u00f5gastava ravimina hingamisteede obstruktiivsete haiguste (nt astma) puhul ja vasts\u00fcndinute hingamish\u00e4irete puhul hingamise stimuleerimiseks. Imendub seedetraktist kiiresti ja t\u00e4ielikult, metaboliseerimine toimub maksas, eritumine neerude kaudu, sellest muutumatuna t\u00e4iskasvanul <em>ca<\/em> 10%. T\u00e4iskasvanutel saabub tasakaalukontsentratsioon suukaudse ravi alustamisest alates v\u00f5i ravimi \u00f6\u00f6p\u00e4evase annuse muutmise j\u00e4rel 2 kuni 3 \u00f6\u00f6p\u00e4eva m\u00f6\u00f6dudes, lastel s\u00f5ltuvalt east.<\/p>\n\n\n\n<p>Poolv\u00e4\u00e4rtusaeg (T\u00bd) on indiviiditi v\u00e4ga erinev: enneaegsetel vasts\u00fcndinutel ~30 tundi, ajalistel vasts\u00fcndinutel ~24 tundi, 1- kuni 9-aastastel lastel ~3,7 tundi, mittesuitsetajatest t\u00e4iskasvanutel ~9 tundi. Suitsetajatel ja m\u00f5ningate ravimite (rifampitsiin, barbituraadid) m\u00f5jul on T\u00bd tunduvalt l\u00fchem (suitsetajatel umbes 2 korda).<\/p>\n\n\n\n<p>Metabolismi aeglustavad ja seega pikendavad poolv\u00e4\u00e4rtusaega k\u00f5rge iga ja mitmed ravimid, p\u00e4rssides maksaens\u00fc\u00fcme (allopurinool, er\u00fctrom\u00fctsiin, eostumisvastased ravimid) v\u00f5i aeglustades eliminatsiooni (tsimetidiin, tsiprofloksatsiin, propranolool). Maksa- ja\/v\u00f5i s\u00fcdamepuudulikkuse korral v\u00f5ib T\u00bd olla pikenenud 20\u201330 tunnini.<\/p>\n\n\n\n<p>Teof\u00fclliin l\u00e4bib platsentaarbarj\u00e4\u00e4ri ja eritub rinnapiima.<\/p>\n\n\n\n<p>Enneaegsetel vasts\u00fcndinutel muutub kuni 30%, ajalistel vasts\u00fcndinutel ~10% teof\u00fclliinist metabolismi k\u00e4igus kofeiiniks, mis on samuti farmakoloogiliselt aktiivne.<\/p>\n\n\n\n<p>Teof\u00fclliini terapeutiline vahemik on kitsas. Terapeutiline toime ja toksilised k\u00f5rvaltoimed korreleeruvad h\u00e4sti ravimi kontsentratsiooniga seerumis. Kontsentratsioonil \u00fcle terapeutilise vahemiku \u00fclemise piiri (\u00fclitundlikel patsientidel ka varem) v\u00f5ivad tekkida j\u00e4rgnevad k\u00f5rvaltoimed: uneh\u00e4ired, suurenenud diurees, korduv oksendamine, treemor, kehatemperatuuri t\u00f5us, deliirium, s\u00fcdame r\u00fctmih\u00e4ired (tahh\u00fcar\u00fctmia), akuutne h\u00fcpotensioon ja krambid.<\/p>\n\n\n\n<p class=\"has-medium-font-size\"><strong>Uuritav materjal, selle v\u00f5tmine, saatmine ja s\u00e4ilitamine<\/strong><\/p>\n\n\n\n<figure class=\"wp-block-table is-style-stripes\"><table width=\"100%\"><tbody><tr><td width=\"1%\"><\/td><td width=\"15%\"><strong>Katsuti<\/strong><\/td><td width=\"84%\">Geeli ja h\u00fc\u00fcbimisaktivaatoriga katsuti (punane kollase r\u00f5ngaga v\u00f5i kollane kork) v\u00f5i geeliga LH-katsuti (roheline kollase r\u00f5ngaga v\u00f5i heleroheline kork)<\/td><\/tr><tr><td><\/td><td><strong>S\u00e4ilivus<\/strong><\/td><td>Seerum\/plasma +4 \u00b0C \u00fcks n\u00e4dal, -20 \u00b0C juures kaks kuud<\/td><\/tr><\/tbody><\/table><\/figure>\n\n\n\n<p class=\"has-medium-font-size\"><strong>Anal\u00fc\u00fcsi tegemise aeg:<\/strong> \u00f6\u00f6p\u00e4evaringselt<\/p>\n\n\n\n<p class=\"has-medium-font-size\"><strong>Anal\u00fc\u00fcsimeetod:<\/strong> mikroosakeste kineetilise interaktsiooni meetod (KIMS)<\/p>\n\n\n\n<p class=\"has-medium-font-size\"><strong>Referentsv\u00e4\u00e4rtused<\/strong><\/p>\n\n\n\n<figure class=\"wp-block-table\"><table width=\"100%\"><tbody><tr><td width=\"1%\"><\/td><td width=\"29%\"><strong>Terapeutiline kontsentratsioon<\/strong><\/td><td width=\"35%\">Bronhodilatatsiooniks k\u00f5ik vanusegrupid, v.a vasts\u00fcninud:<br>10\u201320 mg\/L<\/td><td width=\"35%\">Vasts\u00fcndinute apnoe ravis:<br>6\u201313 mg\/L<\/td><\/tr><tr><td><\/td><td><strong>Toksiline kontsentratsioon<\/strong><\/td><td colspan=\"2\">&nbsp;&gt; 20 mg\/L<\/td><\/tr><\/tbody><\/table><\/figure>\n\n\n\n<p>* NB! Individuaalne varieeruvus v\u00e4ga suur, vajaliku annuse erinevus kuni neli korda.<\/p>\n\n\n\n<p>** Samaaegse ravi puhul beeta-2-s\u00fcmpatomimeetikumidega on terapeutiline vahemik tunduvalt madalam (<em>ca<\/em> 5\u201310 mg\/L) ja toksilisi n\u00e4hte v\u00f5ib tekkida juba kontsentratsioonil \u00fcle 15 mg\/L.<\/p>\n\n\n\n<p class=\"has-medium-font-size\"><strong>N\u00e4idustus ja kliiniline t\u00e4hendus<\/strong><\/p>\n\n\n\n<p>Teof\u00fclliinravi monitoorimine: optimaalse raviskeemi leidmine ja kontroll. Kahtlus teof\u00fclliinim\u00fcrgistusele.<\/p>\n\n\n\n<p>Teof\u00fclliini kontsentratsiooni m\u00e4\u00e4ramise vajadus, prooviv\u00f5tu ajastamine ja sagedus:<\/p>\n\n\n\n<ul class=\"wp-block-list\">\n<li>Ravi alustamisel toimub optimaalse ravimiannuse leidmine ja monitoorimine s\u00f5ltuvalt kaasuvatest haigustest ja kasutatavast ravimist esialgu iga p\u00e4ev, kuni soovitud kontsentratsiooni saabumiseni; anal\u00fc\u00fcs teostatakse eeldatava maksimaalse kontsentratsiooni ajal.<\/li>\n\n\n\n<li>\u00dcleminekul parenteraalsele ravimvormile eelnevalt teadaoleva ravi foonilt (kontsentratsiooni kontroll enne j\u00e4rgmist annust).<\/li>\n\n\n\n<li>Teof\u00fclliini intravenoosse manustamise puhul: 1., 7., 24. tunnil, edasi iga 24 tunni j\u00e4rel.<\/li>\n\n\n\n<li>Ravimi annuse korrigeerimisel, kui patsiendil p\u00fcsivad haiguss\u00fcmptomid eelneva ravi foonil, s.t on subterapeutilise kontsentratsiooni kahtlus.<\/li>\n\n\n\n<li>Kliiniliselt olulise haiguse lisandumisel v\u00f5i kui eelneva ravire\u017eiimi muutmine eeldab teof\u00fclliini kontsentratsiooni kontrolli.<\/li>\n\n\n\n<li>Kahtluse korral toksilisele toimele on kontsentratsiooni m\u00f5\u00f5tmine koheselt vajalik.<\/li>\n\n\n\n<li>P\u00fcsivas annuses ja kliiniliste probleemideta patsientidel soovitatakse kontsentratsiooni m\u00e4\u00e4rata kord aastas.<\/li>\n<\/ul>\n\n\n\n<p>Koostajad: Ene Ora, Kaja Vaagen<br>Muudetud 11.09.2023<\/p>\n","protected":false},"excerpt":{"rendered":"<p>Kliinilise keemia ja laboratoorse hematoloogia osakond Teof\u00fclliini (1,3-dimet\u00fc\u00fclksantiin) kasutatakse bronhe l\u00f5\u00f5gastava ravimina hingamisteede obstruktiivsete haiguste (nt astma) puhul ja vasts\u00fcndinute hingamish\u00e4irete puhul hingamise stimuleerimiseks. Imendub seedetraktist kiiresti ja t\u00e4ielikult, metaboliseerimine toimub maksas, eritumine neerude kaudu, sellest muutumatuna t\u00e4iskasvanul ca 10%. T\u00e4iskasvanutel saabub tasakaalukontsentratsioon suukaudse ravi alustamisest alates v\u00f5i ravimi \u00f6\u00f6p\u00e4evase annuse muutmise j\u00e4rel 2 kuni [&hellip;]<\/p>\n","protected":false},"author":38,"featured_media":0,"parent":7301,"menu_order":35,"comment_status":"closed","ping_status":"closed","template":"","meta":{"_uag_custom_page_level_css":"","footnotes":""},"class_list":["post-12562","page","type-page","status-publish","hentry"],"acf":[],"yoast_head":"<!-- This site is optimized with the Yoast SEO plugin v27.3 - https:\/\/yoast.com\/product\/yoast-seo-wordpress\/ -->\n<title>Teof\u00fclliin (S,P-Theoph) - \u00dchendlabor<\/title>\n<meta name=\"robots\" content=\"index, follow, max-snippet:-1, max-image-preview:large, max-video-preview:-1\" \/>\n<link rel=\"canonical\" href=\"https:\/\/www.kliinikum.ee\/yhendlabor\/kasiraamat\/ravimiseire-uuringud\/teofulliin-sp-theoph\/\" \/>\n<meta property=\"og:locale\" content=\"et_EE\" \/>\n<meta property=\"og:type\" content=\"article\" \/>\n<meta property=\"og:title\" content=\"Teof\u00fclliin (S,P-Theoph) - \u00dchendlabor\" \/>\n<meta property=\"og:description\" content=\"Kliinilise keemia ja laboratoorse hematoloogia osakond Teof\u00fclliini (1,3-dimet\u00fc\u00fclksantiin) kasutatakse bronhe l\u00f5\u00f5gastava ravimina hingamisteede obstruktiivsete haiguste (nt astma) puhul ja vasts\u00fcndinute hingamish\u00e4irete puhul hingamise stimuleerimiseks. Imendub seedetraktist kiiresti ja t\u00e4ielikult, metaboliseerimine toimub maksas, eritumine neerude kaudu, sellest muutumatuna t\u00e4iskasvanul ca 10%. T\u00e4iskasvanutel saabub tasakaalukontsentratsioon suukaudse ravi alustamisest alates v\u00f5i ravimi \u00f6\u00f6p\u00e4evase annuse muutmise j\u00e4rel 2 kuni [&hellip;]\" \/>\n<meta property=\"og:url\" content=\"https:\/\/www.kliinikum.ee\/yhendlabor\/kasiraamat\/ravimiseire-uuringud\/teofulliin-sp-theoph\/\" \/>\n<meta property=\"og:site_name\" content=\"\u00dchendlabor\" \/>\n<meta property=\"article:modified_time\" content=\"2025-12-11T16:03:57+00:00\" \/>\n<meta name=\"twitter:card\" content=\"summary_large_image\" \/>\n<meta name=\"twitter:label1\" content=\"Est. reading time\" \/>\n\t<meta name=\"twitter:data1\" content=\"3 minutit\" \/>\n<script type=\"application\/ld+json\" class=\"yoast-schema-graph\">{\"@context\":\"https:\\\/\\\/schema.org\",\"@graph\":[{\"@type\":\"WebPage\",\"@id\":\"https:\\\/\\\/www.kliinikum.ee\\\/yhendlabor\\\/kasiraamat\\\/ravimiseire-uuringud\\\/teofulliin-sp-theoph\\\/\",\"url\":\"https:\\\/\\\/www.kliinikum.ee\\\/yhendlabor\\\/kasiraamat\\\/ravimiseire-uuringud\\\/teofulliin-sp-theoph\\\/\",\"name\":\"Teof\u00fclliin (S,P-Theoph) - \u00dchendlabor\",\"isPartOf\":{\"@id\":\"https:\\\/\\\/www.kliinikum.ee\\\/yhendlabor\\\/#website\"},\"datePublished\":\"2025-07-31T14:46:37+00:00\",\"dateModified\":\"2025-12-11T16:03:57+00:00\",\"breadcrumb\":{\"@id\":\"https:\\\/\\\/www.kliinikum.ee\\\/yhendlabor\\\/kasiraamat\\\/ravimiseire-uuringud\\\/teofulliin-sp-theoph\\\/#breadcrumb\"},\"inLanguage\":\"et\",\"potentialAction\":[{\"@type\":\"ReadAction\",\"target\":[\"https:\\\/\\\/www.kliinikum.ee\\\/yhendlabor\\\/kasiraamat\\\/ravimiseire-uuringud\\\/teofulliin-sp-theoph\\\/\"]}]},{\"@type\":\"BreadcrumbList\",\"@id\":\"https:\\\/\\\/www.kliinikum.ee\\\/yhendlabor\\\/kasiraamat\\\/ravimiseire-uuringud\\\/teofulliin-sp-theoph\\\/#breadcrumb\",\"itemListElement\":[{\"@type\":\"ListItem\",\"position\":1,\"name\":\"Home\",\"item\":\"https:\\\/\\\/www.kliinikum.ee\\\/yhendlabor\\\/\"},{\"@type\":\"ListItem\",\"position\":2,\"name\":\"K\u00e4siraamat\",\"item\":\"https:\\\/\\\/www.kliinikum.ee\\\/yhendlabor\\\/kasiraamat\\\/\"},{\"@type\":\"ListItem\",\"position\":3,\"name\":\"Ravimiseire uuringud\",\"item\":\"https:\\\/\\\/www.kliinikum.ee\\\/yhendlabor\\\/kasiraamat\\\/ravimiseire-uuringud\\\/\"},{\"@type\":\"ListItem\",\"position\":4,\"name\":\"Teof\u00fclliin (S,P-Theoph)\"}]},{\"@type\":\"WebSite\",\"@id\":\"https:\\\/\\\/www.kliinikum.ee\\\/yhendlabor\\\/#website\",\"url\":\"https:\\\/\\\/www.kliinikum.ee\\\/yhendlabor\\\/\",\"name\":\"\u00dchendlabor\",\"description\":\"Hoolivus, Uuendusmeelsus, P\u00e4devus ja Usaldusv\u00e4\u00e4rsus\",\"potentialAction\":[{\"@type\":\"SearchAction\",\"target\":{\"@type\":\"EntryPoint\",\"urlTemplate\":\"https:\\\/\\\/www.kliinikum.ee\\\/yhendlabor\\\/?s={search_term_string}\"},\"query-input\":{\"@type\":\"PropertyValueSpecification\",\"valueRequired\":true,\"valueName\":\"search_term_string\"}}],\"inLanguage\":\"et\"}]}<\/script>\n<!-- \/ Yoast SEO plugin. -->","yoast_head_json":{"title":"Teof\u00fclliin (S,P-Theoph) - \u00dchendlabor","robots":{"index":"index","follow":"follow","max-snippet":"max-snippet:-1","max-image-preview":"max-image-preview:large","max-video-preview":"max-video-preview:-1"},"canonical":"https:\/\/www.kliinikum.ee\/yhendlabor\/kasiraamat\/ravimiseire-uuringud\/teofulliin-sp-theoph\/","og_locale":"et_EE","og_type":"article","og_title":"Teof\u00fclliin (S,P-Theoph) - \u00dchendlabor","og_description":"Kliinilise keemia ja laboratoorse hematoloogia osakond Teof\u00fclliini (1,3-dimet\u00fc\u00fclksantiin) kasutatakse bronhe l\u00f5\u00f5gastava ravimina hingamisteede obstruktiivsete haiguste (nt astma) puhul ja vasts\u00fcndinute hingamish\u00e4irete puhul hingamise stimuleerimiseks. Imendub seedetraktist kiiresti ja t\u00e4ielikult, metaboliseerimine toimub maksas, eritumine neerude kaudu, sellest muutumatuna t\u00e4iskasvanul ca 10%. T\u00e4iskasvanutel saabub tasakaalukontsentratsioon suukaudse ravi alustamisest alates v\u00f5i ravimi \u00f6\u00f6p\u00e4evase annuse muutmise j\u00e4rel 2 kuni [&hellip;]","og_url":"https:\/\/www.kliinikum.ee\/yhendlabor\/kasiraamat\/ravimiseire-uuringud\/teofulliin-sp-theoph\/","og_site_name":"\u00dchendlabor","article_modified_time":"2025-12-11T16:03:57+00:00","twitter_card":"summary_large_image","twitter_misc":{"Est. reading time":"3 minutit"},"schema":{"@context":"https:\/\/schema.org","@graph":[{"@type":"WebPage","@id":"https:\/\/www.kliinikum.ee\/yhendlabor\/kasiraamat\/ravimiseire-uuringud\/teofulliin-sp-theoph\/","url":"https:\/\/www.kliinikum.ee\/yhendlabor\/kasiraamat\/ravimiseire-uuringud\/teofulliin-sp-theoph\/","name":"Teof\u00fclliin (S,P-Theoph) - \u00dchendlabor","isPartOf":{"@id":"https:\/\/www.kliinikum.ee\/yhendlabor\/#website"},"datePublished":"2025-07-31T14:46:37+00:00","dateModified":"2025-12-11T16:03:57+00:00","breadcrumb":{"@id":"https:\/\/www.kliinikum.ee\/yhendlabor\/kasiraamat\/ravimiseire-uuringud\/teofulliin-sp-theoph\/#breadcrumb"},"inLanguage":"et","potentialAction":[{"@type":"ReadAction","target":["https:\/\/www.kliinikum.ee\/yhendlabor\/kasiraamat\/ravimiseire-uuringud\/teofulliin-sp-theoph\/"]}]},{"@type":"BreadcrumbList","@id":"https:\/\/www.kliinikum.ee\/yhendlabor\/kasiraamat\/ravimiseire-uuringud\/teofulliin-sp-theoph\/#breadcrumb","itemListElement":[{"@type":"ListItem","position":1,"name":"Home","item":"https:\/\/www.kliinikum.ee\/yhendlabor\/"},{"@type":"ListItem","position":2,"name":"K\u00e4siraamat","item":"https:\/\/www.kliinikum.ee\/yhendlabor\/kasiraamat\/"},{"@type":"ListItem","position":3,"name":"Ravimiseire uuringud","item":"https:\/\/www.kliinikum.ee\/yhendlabor\/kasiraamat\/ravimiseire-uuringud\/"},{"@type":"ListItem","position":4,"name":"Teof\u00fclliin (S,P-Theoph)"}]},{"@type":"WebSite","@id":"https:\/\/www.kliinikum.ee\/yhendlabor\/#website","url":"https:\/\/www.kliinikum.ee\/yhendlabor\/","name":"\u00dchendlabor","description":"Hoolivus, Uuendusmeelsus, P\u00e4devus ja Usaldusv\u00e4\u00e4rsus","potentialAction":[{"@type":"SearchAction","target":{"@type":"EntryPoint","urlTemplate":"https:\/\/www.kliinikum.ee\/yhendlabor\/?s={search_term_string}"},"query-input":{"@type":"PropertyValueSpecification","valueRequired":true,"valueName":"search_term_string"}}],"inLanguage":"et"}]}},"uagb_featured_image_src":{"full":false,"thumbnail":false,"medium":false,"medium_large":false,"large":false,"1536x1536":false,"2048x2048":false},"uagb_author_info":{"display_name":"Kadi Siigur","author_link":"https:\/\/www.kliinikum.ee\/yhendlabor\/author\/kadisi\/"},"uagb_comment_info":0,"uagb_excerpt":"Kliinilise keemia ja laboratoorse hematoloogia osakond Teof\u00fclliini (1,3-dimet\u00fc\u00fclksantiin) kasutatakse bronhe l\u00f5\u00f5gastava ravimina hingamisteede obstruktiivsete haiguste (nt astma) puhul ja vasts\u00fcndinute hingamish\u00e4irete puhul hingamise stimuleerimiseks. Imendub seedetraktist kiiresti ja t\u00e4ielikult, metaboliseerimine toimub maksas, eritumine neerude kaudu, sellest muutumatuna t\u00e4iskasvanul ca 10%. T\u00e4iskasvanutel saabub tasakaalukontsentratsioon suukaudse ravi alustamisest alates v\u00f5i ravimi \u00f6\u00f6p\u00e4evase annuse muutmise j\u00e4rel 2 kuni&hellip;","_links":{"self":[{"href":"https:\/\/www.kliinikum.ee\/yhendlabor\/wp-json\/wp\/v2\/pages\/12562","targetHints":{"allow":["GET"]}}],"collection":[{"href":"https:\/\/www.kliinikum.ee\/yhendlabor\/wp-json\/wp\/v2\/pages"}],"about":[{"href":"https:\/\/www.kliinikum.ee\/yhendlabor\/wp-json\/wp\/v2\/types\/page"}],"author":[{"embeddable":true,"href":"https:\/\/www.kliinikum.ee\/yhendlabor\/wp-json\/wp\/v2\/users\/38"}],"replies":[{"embeddable":true,"href":"https:\/\/www.kliinikum.ee\/yhendlabor\/wp-json\/wp\/v2\/comments?post=12562"}],"version-history":[{"count":0,"href":"https:\/\/www.kliinikum.ee\/yhendlabor\/wp-json\/wp\/v2\/pages\/12562\/revisions"}],"up":[{"embeddable":true,"href":"https:\/\/www.kliinikum.ee\/yhendlabor\/wp-json\/wp\/v2\/pages\/7301"}],"wp:attachment":[{"href":"https:\/\/www.kliinikum.ee\/yhendlabor\/wp-json\/wp\/v2\/media?parent=12562"}],"curies":[{"name":"wp","href":"https:\/\/api.w.org\/{rel}","templated":true}]}}