{"id":12570,"date":"2025-07-31T17:02:57","date_gmt":"2025-07-31T15:02:57","guid":{"rendered":"https:\/\/www.kliinikum.ee\/yhendlabor\/?page_id=12570"},"modified":"2025-12-11T18:07:57","modified_gmt":"2025-12-11T16:07:57","slug":"tsukloseriin-sp-cycloserine","status":"publish","type":"page","link":"https:\/\/www.kliinikum.ee\/yhendlabor\/kasiraamat\/ravimiseire-uuringud\/tsukloseriin-sp-cycloserine\/","title":{"rendered":"Ts\u00fckloseriin (S,P-Cycloserine)"},"content":{"rendered":"\n<p><em>Kliinilise keemia ja laboratoorse hematoloogia osakond<\/em><\/p>\n\n\n\n<p><strong>Ts\u00fckloseriin <\/strong>on laia spektriga antibiootikum, mida kasutatakse tuberkuloosi (ka aktiivse ravimresistentse tuberkuloosi) ravis reservrea preparaadina. Ts\u00fckloseriin avaldab oma antibakteriaalset toimet takistades bakteri rakuseina s\u00fcnteesi.<\/p>\n\n\n\n<p>Ts\u00fckloseriini manustatakse suukaudselt. Imendub 65\u201390% manustatud doosist, maksimaalne plasmakontsentratsioon saabub 2 tunni jooksul annuse v\u00f5tmisest. T\u00e4is k\u00f5huga ravimi v\u00f5tmine v\u00e4hendab ravimi imendumist, mist\u00f5ttu soovitatakse seda v\u00f5tta t\u00fchja k\u00f5huga. Ts\u00fckloseriin ei seondu olulisel m\u00e4\u00e4ral plasmavalkudega. Ravimi poolv\u00e4\u00e4rtusaeg on tavap\u00e4raselt 7 tundi. Ts\u00fckloseriin eritub peaasjalikult muutumatul kujul uriiniga (70\u2013100%). Annust peab redutseerima neerupuudulikkuse puhul, maksapuudulikkuse puhul annust ei muudeta.<\/p>\n\n\n\n<p>Ts\u00fckloseriin toimib ka GABA transaminaasi inhibiitorina, mist\u00f5ttu v\u00f5ib see p\u00f5hjustada olulisi neuroloogilisi ja ps\u00fchhiaatrilisi k\u00f5rvaltoimeid nagu ps\u00fchhoos, krambid, peavalu, uimasus, meeleolu muutused, treemor, uneh\u00e4ired, d\u00fcsartria, perifeerne neuropaatia. Kirjeldatud on ka allergilisi reaktsioone, urtikaariat ja lihhenoidseid reaktsioone. \u00dcleannustamine v\u00f5ib p\u00f5hjustada meeleoluh\u00e4ireid, teadvush\u00e4ireid ja krambihoogusid.<\/p>\n\n\n\n<p>Ts\u00fckloseriini samaaegne manustamine muudab olulisel m\u00e4\u00e4ral isoniasiidi ja etionamiidi imendumist ja farmakokineetikat.<\/p>\n\n\n\n<p class=\"has-medium-font-size\"><strong>Uuritav materjal, selle v\u00f5tmine, saatmine ja s\u00e4ilitamine<\/strong><\/p>\n\n\n\n<p>M\u00f5\u00f5detakse tippkontsentratsiooni (C<sub>max<\/sub>) 2 tunni ja 6 tunni m\u00f6\u00f6dudes ravimi manustamisest.<\/p>\n\n\n\n<figure class=\"wp-block-table is-style-stripes\"><table width=\"100%\"><tbody><tr><td width=\"1%\"><\/td><td width=\"15%\"><strong>Katsuti<\/strong><\/td><td width=\"84%\">K2E\/K3E-katsuti (lilla kork)<\/td><\/tr><tr><td><\/td><td><strong>S\u00e4ilivus<\/strong><\/td><td>Plasma toatemperatuuril ja +4 \u00baC kolm p\u00e4eva, -20 \u00baC pikemat aega<\/td><\/tr><\/tbody><\/table><\/figure>\n\n\n\n<p class=\"has-medium-font-size\"><strong>Anal\u00fc\u00fcsi tegemise aeg: <\/strong>t\u00f6\u00f6p\u00e4eviti<\/p>\n\n\n\n<p class=\"has-medium-font-size\"><strong>Anal\u00fc\u00fcsimeetod: <\/strong>vedelikkromatograafia-massispektromeetria (LC-MS\/MS)<\/p>\n\n\n\n<p class=\"has-medium-font-size\"><strong>Referentsv\u00e4\u00e4rtused<\/strong><\/p>\n\n\n\n<p>Terapeutiline vahemik ja toksiline piir ei ole \u00fcheselt m\u00e4\u00e4ratud. Ravimseire jaoks k\u00f5ige informatiivsemaks n\u00e4itajaks on tippkontsentratsioon (C<sub>max<\/sub>), kuna baaskontsentratsioon on liiga madal m\u00f5\u00f5temetoodikaga detekteerimiseks. M\u00f5ne patsiendi puhul v\u00f5ib optimaalne ravivastus olla ravimikontsentratsiooni juures, mis j\u00e4\u00e4b antud vahemikust v\u00e4lja.<strong><\/strong><\/p>\n\n\n\n<figure class=\"wp-block-table\"><table width=\"100%\"><tbody><tr><td width=\"1%\"><\/td><td width=\"30%\"><strong>Soovituslik tippkontsetratsioon (1, 2)<\/strong><\/td><td width=\"69%\">20\u201335 mg\/L (annustamine 250\u2013500 mg \u00f6\u00f6p\u00e4evas v\u00f5i 2 korda n\u00e4dalas)<\/td><\/tr><tr><td><\/td><td><strong>Toksiline tippkontsentratsioon<\/strong><\/td><td>KNS toksilisust on tavap\u00e4raselt kirjeldatud &gt; 35 mg\/L juures (1)<\/td><\/tr><\/tbody><\/table><\/figure>\n\n\n\n<p class=\"has-medium-font-size\"><strong>N\u00e4idustus ja kliiniline t\u00e4hendus<\/strong><\/p>\n\n\n\n<p>Ravi j\u00e4lgimine, optimaalse raviskeemi leidmine.<\/p>\n\n\n\n<p class=\"has-medium-font-size\"><strong>Kasutatud kirjandus<\/strong><\/p>\n\n\n\n<ol class=\"wp-block-list\">\n<li>Alsultan A and Peloquin CA. Therapeutic drug monitoring in the treatment of tuberculosis: an update. Drugs 2014;74:839-54<\/li>\n\n\n\n<li>Rihwa Choi, Byeong-Ho Jeong, Won-Jung Koh, Soo-Youn Lee. Recommendations for Optimizing Tuberculosis Treatment: Therapeutic Drug Monitoring, Pharmacogenetics, and Nutritional Status Considerations. Ann Lab Med 2017;37:97-107<\/li>\n<\/ol>\n\n\n\n<p>Koostajad: Johannes P\u00e4rtel Truusalu, Jelena Beljantseva<br>Muudetud 29.04.2024<\/p>\n","protected":false},"excerpt":{"rendered":"<p>Kliinilise keemia ja laboratoorse hematoloogia osakond Ts\u00fckloseriin on laia spektriga antibiootikum, mida kasutatakse tuberkuloosi (ka aktiivse ravimresistentse tuberkuloosi) ravis reservrea preparaadina. Ts\u00fckloseriin avaldab oma antibakteriaalset toimet takistades bakteri rakuseina s\u00fcnteesi. Ts\u00fckloseriini manustatakse suukaudselt. Imendub 65\u201390% manustatud doosist, maksimaalne plasmakontsentratsioon saabub 2 tunni jooksul annuse v\u00f5tmisest. T\u00e4is k\u00f5huga ravimi v\u00f5tmine v\u00e4hendab ravimi imendumist, mist\u00f5ttu soovitatakse seda [&hellip;]<\/p>\n","protected":false},"author":38,"featured_media":0,"parent":7301,"menu_order":37,"comment_status":"closed","ping_status":"closed","template":"","meta":{"_uag_custom_page_level_css":"","footnotes":""},"class_list":["post-12570","page","type-page","status-publish","hentry"],"acf":[],"yoast_head":"<!-- This site is optimized with the Yoast SEO plugin v27.3 - https:\/\/yoast.com\/product\/yoast-seo-wordpress\/ -->\n<title>Ts\u00fckloseriin (S,P-Cycloserine) - \u00dchendlabor<\/title>\n<meta name=\"robots\" content=\"index, follow, max-snippet:-1, max-image-preview:large, max-video-preview:-1\" \/>\n<link rel=\"canonical\" href=\"https:\/\/www.kliinikum.ee\/yhendlabor\/kasiraamat\/ravimiseire-uuringud\/tsukloseriin-sp-cycloserine\/\" \/>\n<meta property=\"og:locale\" content=\"et_EE\" \/>\n<meta property=\"og:type\" content=\"article\" \/>\n<meta property=\"og:title\" content=\"Ts\u00fckloseriin (S,P-Cycloserine) - \u00dchendlabor\" \/>\n<meta property=\"og:description\" content=\"Kliinilise keemia ja laboratoorse hematoloogia osakond Ts\u00fckloseriin on laia spektriga antibiootikum, mida kasutatakse tuberkuloosi (ka aktiivse ravimresistentse tuberkuloosi) ravis reservrea preparaadina. Ts\u00fckloseriin avaldab oma antibakteriaalset toimet takistades bakteri rakuseina s\u00fcnteesi. Ts\u00fckloseriini manustatakse suukaudselt. Imendub 65\u201390% manustatud doosist, maksimaalne plasmakontsentratsioon saabub 2 tunni jooksul annuse v\u00f5tmisest. T\u00e4is k\u00f5huga ravimi v\u00f5tmine v\u00e4hendab ravimi imendumist, mist\u00f5ttu soovitatakse seda [&hellip;]\" \/>\n<meta property=\"og:url\" content=\"https:\/\/www.kliinikum.ee\/yhendlabor\/kasiraamat\/ravimiseire-uuringud\/tsukloseriin-sp-cycloserine\/\" \/>\n<meta property=\"og:site_name\" content=\"\u00dchendlabor\" \/>\n<meta property=\"article:modified_time\" content=\"2025-12-11T16:07:57+00:00\" \/>\n<meta name=\"twitter:card\" content=\"summary_large_image\" \/>\n<meta name=\"twitter:label1\" content=\"Est. reading time\" \/>\n\t<meta name=\"twitter:data1\" content=\"2 minutit\" \/>\n<script type=\"application\/ld+json\" class=\"yoast-schema-graph\">{\"@context\":\"https:\\\/\\\/schema.org\",\"@graph\":[{\"@type\":\"WebPage\",\"@id\":\"https:\\\/\\\/www.kliinikum.ee\\\/yhendlabor\\\/kasiraamat\\\/ravimiseire-uuringud\\\/tsukloseriin-sp-cycloserine\\\/\",\"url\":\"https:\\\/\\\/www.kliinikum.ee\\\/yhendlabor\\\/kasiraamat\\\/ravimiseire-uuringud\\\/tsukloseriin-sp-cycloserine\\\/\",\"name\":\"Ts\u00fckloseriin (S,P-Cycloserine) - \u00dchendlabor\",\"isPartOf\":{\"@id\":\"https:\\\/\\\/www.kliinikum.ee\\\/yhendlabor\\\/#website\"},\"datePublished\":\"2025-07-31T15:02:57+00:00\",\"dateModified\":\"2025-12-11T16:07:57+00:00\",\"breadcrumb\":{\"@id\":\"https:\\\/\\\/www.kliinikum.ee\\\/yhendlabor\\\/kasiraamat\\\/ravimiseire-uuringud\\\/tsukloseriin-sp-cycloserine\\\/#breadcrumb\"},\"inLanguage\":\"et\",\"potentialAction\":[{\"@type\":\"ReadAction\",\"target\":[\"https:\\\/\\\/www.kliinikum.ee\\\/yhendlabor\\\/kasiraamat\\\/ravimiseire-uuringud\\\/tsukloseriin-sp-cycloserine\\\/\"]}]},{\"@type\":\"BreadcrumbList\",\"@id\":\"https:\\\/\\\/www.kliinikum.ee\\\/yhendlabor\\\/kasiraamat\\\/ravimiseire-uuringud\\\/tsukloseriin-sp-cycloserine\\\/#breadcrumb\",\"itemListElement\":[{\"@type\":\"ListItem\",\"position\":1,\"name\":\"Home\",\"item\":\"https:\\\/\\\/www.kliinikum.ee\\\/yhendlabor\\\/\"},{\"@type\":\"ListItem\",\"position\":2,\"name\":\"K\u00e4siraamat\",\"item\":\"https:\\\/\\\/www.kliinikum.ee\\\/yhendlabor\\\/kasiraamat\\\/\"},{\"@type\":\"ListItem\",\"position\":3,\"name\":\"Ravimiseire uuringud\",\"item\":\"https:\\\/\\\/www.kliinikum.ee\\\/yhendlabor\\\/kasiraamat\\\/ravimiseire-uuringud\\\/\"},{\"@type\":\"ListItem\",\"position\":4,\"name\":\"Ts\u00fckloseriin (S,P-Cycloserine)\"}]},{\"@type\":\"WebSite\",\"@id\":\"https:\\\/\\\/www.kliinikum.ee\\\/yhendlabor\\\/#website\",\"url\":\"https:\\\/\\\/www.kliinikum.ee\\\/yhendlabor\\\/\",\"name\":\"\u00dchendlabor\",\"description\":\"Hoolivus, Uuendusmeelsus, P\u00e4devus ja Usaldusv\u00e4\u00e4rsus\",\"potentialAction\":[{\"@type\":\"SearchAction\",\"target\":{\"@type\":\"EntryPoint\",\"urlTemplate\":\"https:\\\/\\\/www.kliinikum.ee\\\/yhendlabor\\\/?s={search_term_string}\"},\"query-input\":{\"@type\":\"PropertyValueSpecification\",\"valueRequired\":true,\"valueName\":\"search_term_string\"}}],\"inLanguage\":\"et\"}]}<\/script>\n<!-- \/ Yoast SEO plugin. -->","yoast_head_json":{"title":"Ts\u00fckloseriin (S,P-Cycloserine) - \u00dchendlabor","robots":{"index":"index","follow":"follow","max-snippet":"max-snippet:-1","max-image-preview":"max-image-preview:large","max-video-preview":"max-video-preview:-1"},"canonical":"https:\/\/www.kliinikum.ee\/yhendlabor\/kasiraamat\/ravimiseire-uuringud\/tsukloseriin-sp-cycloserine\/","og_locale":"et_EE","og_type":"article","og_title":"Ts\u00fckloseriin (S,P-Cycloserine) - \u00dchendlabor","og_description":"Kliinilise keemia ja laboratoorse hematoloogia osakond Ts\u00fckloseriin on laia spektriga antibiootikum, mida kasutatakse tuberkuloosi (ka aktiivse ravimresistentse tuberkuloosi) ravis reservrea preparaadina. Ts\u00fckloseriin avaldab oma antibakteriaalset toimet takistades bakteri rakuseina s\u00fcnteesi. Ts\u00fckloseriini manustatakse suukaudselt. Imendub 65\u201390% manustatud doosist, maksimaalne plasmakontsentratsioon saabub 2 tunni jooksul annuse v\u00f5tmisest. T\u00e4is k\u00f5huga ravimi v\u00f5tmine v\u00e4hendab ravimi imendumist, mist\u00f5ttu soovitatakse seda [&hellip;]","og_url":"https:\/\/www.kliinikum.ee\/yhendlabor\/kasiraamat\/ravimiseire-uuringud\/tsukloseriin-sp-cycloserine\/","og_site_name":"\u00dchendlabor","article_modified_time":"2025-12-11T16:07:57+00:00","twitter_card":"summary_large_image","twitter_misc":{"Est. reading time":"2 minutit"},"schema":{"@context":"https:\/\/schema.org","@graph":[{"@type":"WebPage","@id":"https:\/\/www.kliinikum.ee\/yhendlabor\/kasiraamat\/ravimiseire-uuringud\/tsukloseriin-sp-cycloserine\/","url":"https:\/\/www.kliinikum.ee\/yhendlabor\/kasiraamat\/ravimiseire-uuringud\/tsukloseriin-sp-cycloserine\/","name":"Ts\u00fckloseriin (S,P-Cycloserine) - \u00dchendlabor","isPartOf":{"@id":"https:\/\/www.kliinikum.ee\/yhendlabor\/#website"},"datePublished":"2025-07-31T15:02:57+00:00","dateModified":"2025-12-11T16:07:57+00:00","breadcrumb":{"@id":"https:\/\/www.kliinikum.ee\/yhendlabor\/kasiraamat\/ravimiseire-uuringud\/tsukloseriin-sp-cycloserine\/#breadcrumb"},"inLanguage":"et","potentialAction":[{"@type":"ReadAction","target":["https:\/\/www.kliinikum.ee\/yhendlabor\/kasiraamat\/ravimiseire-uuringud\/tsukloseriin-sp-cycloserine\/"]}]},{"@type":"BreadcrumbList","@id":"https:\/\/www.kliinikum.ee\/yhendlabor\/kasiraamat\/ravimiseire-uuringud\/tsukloseriin-sp-cycloserine\/#breadcrumb","itemListElement":[{"@type":"ListItem","position":1,"name":"Home","item":"https:\/\/www.kliinikum.ee\/yhendlabor\/"},{"@type":"ListItem","position":2,"name":"K\u00e4siraamat","item":"https:\/\/www.kliinikum.ee\/yhendlabor\/kasiraamat\/"},{"@type":"ListItem","position":3,"name":"Ravimiseire uuringud","item":"https:\/\/www.kliinikum.ee\/yhendlabor\/kasiraamat\/ravimiseire-uuringud\/"},{"@type":"ListItem","position":4,"name":"Ts\u00fckloseriin (S,P-Cycloserine)"}]},{"@type":"WebSite","@id":"https:\/\/www.kliinikum.ee\/yhendlabor\/#website","url":"https:\/\/www.kliinikum.ee\/yhendlabor\/","name":"\u00dchendlabor","description":"Hoolivus, Uuendusmeelsus, P\u00e4devus ja Usaldusv\u00e4\u00e4rsus","potentialAction":[{"@type":"SearchAction","target":{"@type":"EntryPoint","urlTemplate":"https:\/\/www.kliinikum.ee\/yhendlabor\/?s={search_term_string}"},"query-input":{"@type":"PropertyValueSpecification","valueRequired":true,"valueName":"search_term_string"}}],"inLanguage":"et"}]}},"uagb_featured_image_src":{"full":false,"thumbnail":false,"medium":false,"medium_large":false,"large":false,"1536x1536":false,"2048x2048":false},"uagb_author_info":{"display_name":"Kadi Siigur","author_link":"https:\/\/www.kliinikum.ee\/yhendlabor\/author\/kadisi\/"},"uagb_comment_info":0,"uagb_excerpt":"Kliinilise keemia ja laboratoorse hematoloogia osakond Ts\u00fckloseriin on laia spektriga antibiootikum, mida kasutatakse tuberkuloosi (ka aktiivse ravimresistentse tuberkuloosi) ravis reservrea preparaadina. Ts\u00fckloseriin avaldab oma antibakteriaalset toimet takistades bakteri rakuseina s\u00fcnteesi. Ts\u00fckloseriini manustatakse suukaudselt. Imendub 65\u201390% manustatud doosist, maksimaalne plasmakontsentratsioon saabub 2 tunni jooksul annuse v\u00f5tmisest. T\u00e4is k\u00f5huga ravimi v\u00f5tmine v\u00e4hendab ravimi imendumist, mist\u00f5ttu soovitatakse seda&hellip;","_links":{"self":[{"href":"https:\/\/www.kliinikum.ee\/yhendlabor\/wp-json\/wp\/v2\/pages\/12570","targetHints":{"allow":["GET"]}}],"collection":[{"href":"https:\/\/www.kliinikum.ee\/yhendlabor\/wp-json\/wp\/v2\/pages"}],"about":[{"href":"https:\/\/www.kliinikum.ee\/yhendlabor\/wp-json\/wp\/v2\/types\/page"}],"author":[{"embeddable":true,"href":"https:\/\/www.kliinikum.ee\/yhendlabor\/wp-json\/wp\/v2\/users\/38"}],"replies":[{"embeddable":true,"href":"https:\/\/www.kliinikum.ee\/yhendlabor\/wp-json\/wp\/v2\/comments?post=12570"}],"version-history":[{"count":0,"href":"https:\/\/www.kliinikum.ee\/yhendlabor\/wp-json\/wp\/v2\/pages\/12570\/revisions"}],"up":[{"embeddable":true,"href":"https:\/\/www.kliinikum.ee\/yhendlabor\/wp-json\/wp\/v2\/pages\/7301"}],"wp:attachment":[{"href":"https:\/\/www.kliinikum.ee\/yhendlabor\/wp-json\/wp\/v2\/media?parent=12570"}],"curies":[{"name":"wp","href":"https:\/\/api.w.org\/{rel}","templated":true}]}}