{"id":12582,"date":"2025-07-31T17:21:56","date_gmt":"2025-07-31T15:21:56","guid":{"rendered":"https:\/\/www.kliinikum.ee\/yhendlabor\/?page_id=12582"},"modified":"2025-12-11T18:11:57","modified_gmt":"2025-12-11T16:11:57","slug":"vankomutsiin-sp-vanco","status":"publish","type":"page","link":"https:\/\/www.kliinikum.ee\/yhendlabor\/kasiraamat\/ravimiseire-uuringud\/vankomutsiin-sp-vanco\/","title":{"rendered":"Vankom\u00fctsiin (S,P-Vanco)"},"content":{"rendered":"\n<p><em>Kliinilise keemia ja laboratoorse hematoloogia osakond<\/em><\/p>\n\n\n\n<p><strong>Vankom\u00fctsiin <\/strong>on gl\u00fckopeptiidantibiootikum, mis toimib bakteritsiidselt ning on efektiivne peamiselt grampositiivsete bakterite suhtes. Erandiks on <em>E. faecalis<\/em>, mille suhtes omab ravim bakteriostaatilist toimet. Vankom\u00fctsiini kasutatakse peamiselt raskete staf\u00fclokokkinfektsioonide, eriti metitsilliinresistentsete staf\u00fclokokkide (MRSA ja MRSE) poolt p\u00f5hjustatud infektsioonide ravis.<\/p>\n\n\n\n<p>Vankom\u00fctsiini manustatakse intravenoosse tilkinfusioonina, mille kestvus on v\u00e4hemalt 60 minutit.<\/p>\n\n\n\n<p>Vankom\u00fctsiin ei metaboliseeru organismis, ravimi poolv\u00e4\u00e4rtusaeg t\u00e4iskasvanutel on keskmiselt 4\u20136 tundi, lastel 2\u20133 tundi ning ta eritatakse neerude kaudu. Vankom\u00fctsiini eritumine on aeglasem neerufunktsiooni kahjustusega patsientidel.<\/p>\n\n\n\n<p>Vankom\u00fctsiinil v\u00f5ivad esineda nefro- ja ototoksilised k\u00f5rvaltoimed, mis on plasmakontsentratsioonist s\u00f5ltuvad.<\/p>\n\n\n\n<p class=\"has-medium-font-size\"><strong>Uuritav materjal, selle v\u00f5tmine, saatmine ja s\u00e4ilitamine<\/strong><\/p>\n\n\n\n<p><em>Baaskontsentratsiooni <\/em>m\u00e4\u00e4ramiseks tuleb proov v\u00f5tta vahetult enne ravimi j\u00e4rgmist manustamist.<\/p>\n\n\n\n<p><em>Tippkontsentratsiooni <\/em>m\u00e4\u00e4ramiseks tuleb v\u00f5tta proov 1\u20132 tundi peale infusiooni algust.<\/p>\n\n\n\n<figure class=\"wp-block-table is-style-stripes\"><table width=\"100%\"><tbody><tr><td width=\"1%\"><\/td><td width=\"15%\"><strong>Katsuti<\/strong><\/td><td width=\"84%\">Geeli ja h\u00fc\u00fcbimisaktivaatoriga katsuti (punane kollase r\u00f5ngaga v\u00f5i kollane kork) v\u00f5i geeliga LH-katsuti (roheline kollase r\u00f5ngaga v\u00f5i heleroheline kork)<\/td><\/tr><tr><td><\/td><td><strong>S\u00e4ilivus<\/strong><\/td><td>Seerum\/plasma toatemperatuuril kaks p\u00e4eva, +4 \u00b0C kaks n\u00e4dalat, \u201320 \u00b0C 1 aasta<\/td><\/tr><\/tbody><\/table><\/figure>\n\n\n\n<p class=\"has-medium-font-size\"><strong>Anal\u00fc\u00fcsi tegemise aeg: <\/strong>\u00f6\u00f6p\u00e4evaringselt<\/p>\n\n\n\n<p class=\"has-medium-font-size\"><strong>Anal\u00fc\u00fcsimeetod:<\/strong> mikropartiklite kineetilise interaktsiooni meetod (KIMS)<\/p>\n\n\n\n<p class=\"has-medium-font-size\"><strong>Referentsv\u00e4\u00e4rtused<\/strong><\/p>\n\n\n\n<p>Soovituslik on j\u00e4lgida AUC\/MIC v\u00e4\u00e4rtust, mis arvutatakse baas- ja tippkontsentratsiooni abil valemiga v\u00f5i kasutades spetsiaalset tarkvara.<\/p>\n\n\n\n<figure class=\"wp-block-table\"><table width=\"100%\"><tbody><tr><td width=\"1%\"><\/td><td width=\"33%\"><strong>K\u00f5ik vanusegrupid \u00a0<\/strong><\/td><td width=\"33%\">Terapeutiline baaskontsentratsioon <br>10\u201320 mg\/L<\/td><td width=\"33%\">AUC\/MIC<sub>BMD<\/sub> 400\u2013600 (eeldusel, et MIC ~ 1 mg\/L)<\/td><\/tr><\/tbody><\/table><\/figure>\n\n\n\n<p class=\"has-medium-font-size\"><strong>N\u00e4idustus ja kliiniline t\u00e4hendus<\/strong><\/p>\n\n\n\n<p>Vankom\u00fctsiinravi j\u00e4lgimine. Eriti oluline on vankom\u00fctsiinravi j\u00e4lgimine:<\/p>\n\n\n\n<ul class=\"wp-block-list\">\n<li>t\u00f5siste MRSA-infketsioonide korral, et tagada vajalik vankom\u00fctsiini kontsentratsioon plasmas;<\/li>\n\n\n\n<li>samaaegse teiste nefro- ja ototoksiliste ravimite kasutamise korral;<\/li>\n\n\n\n<li>neerufunktsiooni h\u00e4iretega patsientidel;<\/li>\n\n\n\n<li>kui ravi kestus \u00fcletab 3\u20135 p\u00e4eva.<\/li>\n<\/ul>\n\n\n\n<p>Vankom\u00fctsiini taset v\u00f5ib m\u00e4\u00e4rata juba 24\u201348 tundi peale ravi algust.<\/p>\n\n\n\n<p>Monitoorimise sagedus s\u00f5ltub kliinilisest situatsioonist \u2013 kord n\u00e4dalas (stabiilses seisus ja korras neerufunktsioonga patsiendid) kuni kord p\u00e4evas (hemod\u00fcnaamiliselt ebastabiilsed, neerufunktsiooni h\u00e4iretega patsiendid, kriitilises seisus patsiendid).<\/p>\n\n\n\n<p>Koostajad: Ene Ora, Kaja Vaagen<br>Muudetud 08.09.2023<\/p>\n","protected":false},"excerpt":{"rendered":"<p>Kliinilise keemia ja laboratoorse hematoloogia osakond Vankom\u00fctsiin on gl\u00fckopeptiidantibiootikum, mis toimib bakteritsiidselt ning on efektiivne peamiselt grampositiivsete bakterite suhtes. Erandiks on E. faecalis, mille suhtes omab ravim bakteriostaatilist toimet. Vankom\u00fctsiini kasutatakse peamiselt raskete staf\u00fclokokkinfektsioonide, eriti metitsilliinresistentsete staf\u00fclokokkide (MRSA ja MRSE) poolt p\u00f5hjustatud infektsioonide ravis. Vankom\u00fctsiini manustatakse intravenoosse tilkinfusioonina, mille kestvus on v\u00e4hemalt 60 minutit. Vankom\u00fctsiin [&hellip;]<\/p>\n","protected":false},"author":38,"featured_media":0,"parent":7301,"menu_order":40,"comment_status":"closed","ping_status":"closed","template":"","meta":{"_uag_custom_page_level_css":"","footnotes":""},"class_list":["post-12582","page","type-page","status-publish","hentry"],"acf":[],"yoast_head":"<!-- This site is optimized with the Yoast SEO plugin v27.3 - https:\/\/yoast.com\/product\/yoast-seo-wordpress\/ -->\n<title>Vankom\u00fctsiin (S,P-Vanco) - \u00dchendlabor<\/title>\n<meta name=\"robots\" content=\"index, follow, max-snippet:-1, max-image-preview:large, max-video-preview:-1\" \/>\n<link rel=\"canonical\" href=\"https:\/\/www.kliinikum.ee\/yhendlabor\/kasiraamat\/ravimiseire-uuringud\/vankomutsiin-sp-vanco\/\" \/>\n<meta property=\"og:locale\" content=\"et_EE\" \/>\n<meta property=\"og:type\" content=\"article\" \/>\n<meta property=\"og:title\" content=\"Vankom\u00fctsiin (S,P-Vanco) - \u00dchendlabor\" \/>\n<meta property=\"og:description\" content=\"Kliinilise keemia ja laboratoorse hematoloogia osakond Vankom\u00fctsiin on gl\u00fckopeptiidantibiootikum, mis toimib bakteritsiidselt ning on efektiivne peamiselt grampositiivsete bakterite suhtes. Erandiks on E. faecalis, mille suhtes omab ravim bakteriostaatilist toimet. Vankom\u00fctsiini kasutatakse peamiselt raskete staf\u00fclokokkinfektsioonide, eriti metitsilliinresistentsete staf\u00fclokokkide (MRSA ja MRSE) poolt p\u00f5hjustatud infektsioonide ravis. Vankom\u00fctsiini manustatakse intravenoosse tilkinfusioonina, mille kestvus on v\u00e4hemalt 60 minutit. Vankom\u00fctsiin [&hellip;]\" \/>\n<meta property=\"og:url\" content=\"https:\/\/www.kliinikum.ee\/yhendlabor\/kasiraamat\/ravimiseire-uuringud\/vankomutsiin-sp-vanco\/\" \/>\n<meta property=\"og:site_name\" content=\"\u00dchendlabor\" \/>\n<meta property=\"article:modified_time\" content=\"2025-12-11T16:11:57+00:00\" \/>\n<meta name=\"twitter:card\" content=\"summary_large_image\" \/>\n<meta name=\"twitter:label1\" content=\"Est. reading time\" \/>\n\t<meta name=\"twitter:data1\" content=\"2 minutit\" \/>\n<script type=\"application\/ld+json\" class=\"yoast-schema-graph\">{\"@context\":\"https:\\\/\\\/schema.org\",\"@graph\":[{\"@type\":\"WebPage\",\"@id\":\"https:\\\/\\\/www.kliinikum.ee\\\/yhendlabor\\\/kasiraamat\\\/ravimiseire-uuringud\\\/vankomutsiin-sp-vanco\\\/\",\"url\":\"https:\\\/\\\/www.kliinikum.ee\\\/yhendlabor\\\/kasiraamat\\\/ravimiseire-uuringud\\\/vankomutsiin-sp-vanco\\\/\",\"name\":\"Vankom\u00fctsiin (S,P-Vanco) - \u00dchendlabor\",\"isPartOf\":{\"@id\":\"https:\\\/\\\/www.kliinikum.ee\\\/yhendlabor\\\/#website\"},\"datePublished\":\"2025-07-31T15:21:56+00:00\",\"dateModified\":\"2025-12-11T16:11:57+00:00\",\"breadcrumb\":{\"@id\":\"https:\\\/\\\/www.kliinikum.ee\\\/yhendlabor\\\/kasiraamat\\\/ravimiseire-uuringud\\\/vankomutsiin-sp-vanco\\\/#breadcrumb\"},\"inLanguage\":\"et\",\"potentialAction\":[{\"@type\":\"ReadAction\",\"target\":[\"https:\\\/\\\/www.kliinikum.ee\\\/yhendlabor\\\/kasiraamat\\\/ravimiseire-uuringud\\\/vankomutsiin-sp-vanco\\\/\"]}]},{\"@type\":\"BreadcrumbList\",\"@id\":\"https:\\\/\\\/www.kliinikum.ee\\\/yhendlabor\\\/kasiraamat\\\/ravimiseire-uuringud\\\/vankomutsiin-sp-vanco\\\/#breadcrumb\",\"itemListElement\":[{\"@type\":\"ListItem\",\"position\":1,\"name\":\"Home\",\"item\":\"https:\\\/\\\/www.kliinikum.ee\\\/yhendlabor\\\/\"},{\"@type\":\"ListItem\",\"position\":2,\"name\":\"K\u00e4siraamat\",\"item\":\"https:\\\/\\\/www.kliinikum.ee\\\/yhendlabor\\\/kasiraamat\\\/\"},{\"@type\":\"ListItem\",\"position\":3,\"name\":\"Ravimiseire uuringud\",\"item\":\"https:\\\/\\\/www.kliinikum.ee\\\/yhendlabor\\\/kasiraamat\\\/ravimiseire-uuringud\\\/\"},{\"@type\":\"ListItem\",\"position\":4,\"name\":\"Vankom\u00fctsiin (S,P-Vanco)\"}]},{\"@type\":\"WebSite\",\"@id\":\"https:\\\/\\\/www.kliinikum.ee\\\/yhendlabor\\\/#website\",\"url\":\"https:\\\/\\\/www.kliinikum.ee\\\/yhendlabor\\\/\",\"name\":\"\u00dchendlabor\",\"description\":\"Hoolivus, Uuendusmeelsus, P\u00e4devus ja Usaldusv\u00e4\u00e4rsus\",\"potentialAction\":[{\"@type\":\"SearchAction\",\"target\":{\"@type\":\"EntryPoint\",\"urlTemplate\":\"https:\\\/\\\/www.kliinikum.ee\\\/yhendlabor\\\/?s={search_term_string}\"},\"query-input\":{\"@type\":\"PropertyValueSpecification\",\"valueRequired\":true,\"valueName\":\"search_term_string\"}}],\"inLanguage\":\"et\"}]}<\/script>\n<!-- \/ Yoast SEO plugin. -->","yoast_head_json":{"title":"Vankom\u00fctsiin (S,P-Vanco) - \u00dchendlabor","robots":{"index":"index","follow":"follow","max-snippet":"max-snippet:-1","max-image-preview":"max-image-preview:large","max-video-preview":"max-video-preview:-1"},"canonical":"https:\/\/www.kliinikum.ee\/yhendlabor\/kasiraamat\/ravimiseire-uuringud\/vankomutsiin-sp-vanco\/","og_locale":"et_EE","og_type":"article","og_title":"Vankom\u00fctsiin (S,P-Vanco) - \u00dchendlabor","og_description":"Kliinilise keemia ja laboratoorse hematoloogia osakond Vankom\u00fctsiin on gl\u00fckopeptiidantibiootikum, mis toimib bakteritsiidselt ning on efektiivne peamiselt grampositiivsete bakterite suhtes. Erandiks on E. faecalis, mille suhtes omab ravim bakteriostaatilist toimet. Vankom\u00fctsiini kasutatakse peamiselt raskete staf\u00fclokokkinfektsioonide, eriti metitsilliinresistentsete staf\u00fclokokkide (MRSA ja MRSE) poolt p\u00f5hjustatud infektsioonide ravis. Vankom\u00fctsiini manustatakse intravenoosse tilkinfusioonina, mille kestvus on v\u00e4hemalt 60 minutit. Vankom\u00fctsiin [&hellip;]","og_url":"https:\/\/www.kliinikum.ee\/yhendlabor\/kasiraamat\/ravimiseire-uuringud\/vankomutsiin-sp-vanco\/","og_site_name":"\u00dchendlabor","article_modified_time":"2025-12-11T16:11:57+00:00","twitter_card":"summary_large_image","twitter_misc":{"Est. reading time":"2 minutit"},"schema":{"@context":"https:\/\/schema.org","@graph":[{"@type":"WebPage","@id":"https:\/\/www.kliinikum.ee\/yhendlabor\/kasiraamat\/ravimiseire-uuringud\/vankomutsiin-sp-vanco\/","url":"https:\/\/www.kliinikum.ee\/yhendlabor\/kasiraamat\/ravimiseire-uuringud\/vankomutsiin-sp-vanco\/","name":"Vankom\u00fctsiin (S,P-Vanco) - \u00dchendlabor","isPartOf":{"@id":"https:\/\/www.kliinikum.ee\/yhendlabor\/#website"},"datePublished":"2025-07-31T15:21:56+00:00","dateModified":"2025-12-11T16:11:57+00:00","breadcrumb":{"@id":"https:\/\/www.kliinikum.ee\/yhendlabor\/kasiraamat\/ravimiseire-uuringud\/vankomutsiin-sp-vanco\/#breadcrumb"},"inLanguage":"et","potentialAction":[{"@type":"ReadAction","target":["https:\/\/www.kliinikum.ee\/yhendlabor\/kasiraamat\/ravimiseire-uuringud\/vankomutsiin-sp-vanco\/"]}]},{"@type":"BreadcrumbList","@id":"https:\/\/www.kliinikum.ee\/yhendlabor\/kasiraamat\/ravimiseire-uuringud\/vankomutsiin-sp-vanco\/#breadcrumb","itemListElement":[{"@type":"ListItem","position":1,"name":"Home","item":"https:\/\/www.kliinikum.ee\/yhendlabor\/"},{"@type":"ListItem","position":2,"name":"K\u00e4siraamat","item":"https:\/\/www.kliinikum.ee\/yhendlabor\/kasiraamat\/"},{"@type":"ListItem","position":3,"name":"Ravimiseire uuringud","item":"https:\/\/www.kliinikum.ee\/yhendlabor\/kasiraamat\/ravimiseire-uuringud\/"},{"@type":"ListItem","position":4,"name":"Vankom\u00fctsiin (S,P-Vanco)"}]},{"@type":"WebSite","@id":"https:\/\/www.kliinikum.ee\/yhendlabor\/#website","url":"https:\/\/www.kliinikum.ee\/yhendlabor\/","name":"\u00dchendlabor","description":"Hoolivus, Uuendusmeelsus, P\u00e4devus ja Usaldusv\u00e4\u00e4rsus","potentialAction":[{"@type":"SearchAction","target":{"@type":"EntryPoint","urlTemplate":"https:\/\/www.kliinikum.ee\/yhendlabor\/?s={search_term_string}"},"query-input":{"@type":"PropertyValueSpecification","valueRequired":true,"valueName":"search_term_string"}}],"inLanguage":"et"}]}},"uagb_featured_image_src":{"full":false,"thumbnail":false,"medium":false,"medium_large":false,"large":false,"1536x1536":false,"2048x2048":false},"uagb_author_info":{"display_name":"Kadi Siigur","author_link":"https:\/\/www.kliinikum.ee\/yhendlabor\/author\/kadisi\/"},"uagb_comment_info":0,"uagb_excerpt":"Kliinilise keemia ja laboratoorse hematoloogia osakond Vankom\u00fctsiin on gl\u00fckopeptiidantibiootikum, mis toimib bakteritsiidselt ning on efektiivne peamiselt grampositiivsete bakterite suhtes. Erandiks on E. faecalis, mille suhtes omab ravim bakteriostaatilist toimet. Vankom\u00fctsiini kasutatakse peamiselt raskete staf\u00fclokokkinfektsioonide, eriti metitsilliinresistentsete staf\u00fclokokkide (MRSA ja MRSE) poolt p\u00f5hjustatud infektsioonide ravis. Vankom\u00fctsiini manustatakse intravenoosse tilkinfusioonina, mille kestvus on v\u00e4hemalt 60 minutit. Vankom\u00fctsiin&hellip;","_links":{"self":[{"href":"https:\/\/www.kliinikum.ee\/yhendlabor\/wp-json\/wp\/v2\/pages\/12582","targetHints":{"allow":["GET"]}}],"collection":[{"href":"https:\/\/www.kliinikum.ee\/yhendlabor\/wp-json\/wp\/v2\/pages"}],"about":[{"href":"https:\/\/www.kliinikum.ee\/yhendlabor\/wp-json\/wp\/v2\/types\/page"}],"author":[{"embeddable":true,"href":"https:\/\/www.kliinikum.ee\/yhendlabor\/wp-json\/wp\/v2\/users\/38"}],"replies":[{"embeddable":true,"href":"https:\/\/www.kliinikum.ee\/yhendlabor\/wp-json\/wp\/v2\/comments?post=12582"}],"version-history":[{"count":0,"href":"https:\/\/www.kliinikum.ee\/yhendlabor\/wp-json\/wp\/v2\/pages\/12582\/revisions"}],"up":[{"embeddable":true,"href":"https:\/\/www.kliinikum.ee\/yhendlabor\/wp-json\/wp\/v2\/pages\/7301"}],"wp:attachment":[{"href":"https:\/\/www.kliinikum.ee\/yhendlabor\/wp-json\/wp\/v2\/media?parent=12582"}],"curies":[{"name":"wp","href":"https:\/\/api.w.org\/{rel}","templated":true}]}}