{"id":12586,"date":"2025-07-31T17:26:00","date_gmt":"2025-07-31T15:26:00","guid":{"rendered":"https:\/\/www.kliinikum.ee\/yhendlabor\/?page_id=12586"},"modified":"2025-12-11T18:13:04","modified_gmt":"2025-12-11T16:13:04","slug":"vorikonasool-p-voricon","status":"publish","type":"page","link":"https:\/\/www.kliinikum.ee\/yhendlabor\/kasiraamat\/ravimiseire-uuringud\/vorikonasool-p-voricon\/","title":{"rendered":"Vorikonasool (P-Voricon)"},"content":{"rendered":"\n<p><em>Kliinilise keemia ja laboratoorse hematoloogia osakond<\/em><\/p>\n\n\n\n<p><strong>Vorikonasool <\/strong>on laia toimespektriga triasoolide r\u00fchma kuuluv seenevastane ravim, mis on n\u00e4idustatud invasiivsete seeninfektsioonidega patsientide raviks. Vorikonasooli kasutatakse t\u00e4iskasvanud patsientidel ja \u00fcle 2 aasta vanustel lastel invasiivse aspergilloosi (tekitaja <em>Aspergillus spp.<\/em>), mitteneutropeenilistel patsientidel kandideemia (tekitaja <em>Candida spp.<\/em>), flukonasooli suhtes resistentsete invasiivsete <em>Candida <\/em>infektsioonide ning kahe v\u00f5i enama <em>Candida<\/em> liigi, samuti perekondadesse <em>Scedosporium <\/em>v\u00f5i <em>Fusarium <\/em>kuuluvate hallitusseente p\u00f5hjustatud invasiivsete seeninfektsioonide raviks. Vorikonasooli manustatakse suukaudselt v\u00f5i intravenoosse tilkinfusioonina.<\/p>\n\n\n\n<p>Suukaudsel manustamisel imendub vorikonasool kiiresti ja peaaegu t\u00e4ielikult. Maksimaalne plasmakontsentratsioon saavutatakse 1\u20132 tunni jooksul. Vorikonasoolil on mittelineaarne farmakokineetika, mille tulemusel t\u00f5useb ravimi annuse suurendamisel vorikonasooli plasmakontsentratsioon ebaproportsionaalselt. Ravimi sissev\u00f5tmisel koos rasvarikka toiduga v\u00f5ib vorikonasooli imendumine v\u00e4heneda 20\u201330%. Vorikonasool metaboliseeritakse maksas ts\u00fctokroom P450 isoens\u00fc\u00fcmide CYP2C19, CYP2C9 ja CYP3A4 poolt, \u00fcksnes 2% eritub muutumatul kujul uriiniga.<\/p>\n\n\n\n<p>Vorikonasooli plasmakontsentratsioonides esineb suur indiviidisisene ja indiviididevaheline varieeruvus, mida v\u00f5ivad p\u00f5hjustada maksatalitluse h\u00e4ired, ts\u00fctokroom P450 isoens\u00fc\u00fcmide k\u00fcllastumine vorikonasooliga, koostoimed teiste ravimitega, geneetilised ise\u00e4rasused, sugu, vanus ning muutused ravimi imendumises.<\/p>\n\n\n\n<p>Vorikonasoolravi sagedasemad k\u00f5rvaltoimed on oksendamine, iiveldus, k\u00f5hulahtisus, peavalu, m\u00f6\u00f6duvad n\u00e4gemish\u00e4ired, palavik, l\u00f6\u00f6ve, perifeersed tursed ja k\u00f5huvalu. Neuroloogiliste ja n\u00e4gemish\u00e4irete sagenemist ning muutusi maksafunktsiooni testides seostatakse vorikonasooli k\u00f5rgemate seerumikontsentratsioonidega.<\/p>\n\n\n\n<p class=\"has-medium-font-size\"><strong>Uuritav materjal, selle v\u00f5tmine, saatmine ja s\u00e4ilitamine<\/strong><\/p>\n\n\n\n<p>Proov tuleb v\u00f5tta vahetult enne j\u00e4rgmise ravimiannuse manustamist!<\/p>\n\n\n\n<figure class=\"wp-block-table is-style-stripes\"><table width=\"100%\"><tbody><tr><td width=\"1%\"><\/td><td width=\"20%\"><strong>Katsuti<\/strong><\/td><td width=\"79%\">K2E\/K3E-katsuti (lilla kork)<\/td><\/tr><tr><td><\/td><td><strong>Anal\u00fc\u00fcsitav kogus<\/strong><\/td><td>V\u00e4hemalt 1 mL plasmat<\/td><\/tr><tr><td><\/td><td><strong>S\u00e4ilivus<\/strong><\/td><td>Plasma toatemperatuuril ja\/v\u00f5i +4 \u00b0C juures kolm p\u00e4eva, pikemajaliseks s\u00e4ilitamiseks s\u00e4ilitada \u201320 \u00b0C juures<\/td><\/tr><\/tbody><\/table><\/figure>\n\n\n\n<p class=\"has-medium-font-size\"><strong>Anal\u00fc\u00fcsi tegemise aeg<\/strong><strong>:<\/strong> kord n\u00e4dalas v\u00f5i kokkuleppel laboriga<\/p>\n\n\n\n<p class=\"has-medium-font-size\"><strong>Anal\u00fc\u00fcsimeetod<\/strong><strong>:<\/strong> vedelikkromatograafia-massispektromeetria (LC-MS\/MS)<\/p>\n\n\n\n<p class=\"has-medium-font-size\"><strong>Referentsv\u00e4\u00e4rtused<\/strong><\/p>\n\n\n\n<p>Terapeutiline vahemik ei ole \u00fcheselt m\u00e4\u00e4ratud. Uuringutes on n\u00e4idatud, et vorikonasooli plasmakontsentratsioonide vahemik 1,0\u20135,5 mg\/L korreleerub h\u00e4sti oodatava ravitulemusega. T\u00f5en\u00e4osus k\u00f5rvaltoimete tekkeks suureneb, kui &nbsp;vorikonasooli tase on &nbsp;&gt; 6,0 mg\/L.<strong><\/strong><\/p>\n\n\n\n<p class=\"has-medium-font-size\"><strong>N\u00e4idustus ja kliiniline t\u00e4hendus<\/strong><\/p>\n\n\n\n<p>Vorikonasooli ravi j\u00e4lgimine. Optimaalse raviskeemi leidmine ja kontroll, ravimim\u00fcrgistuse diagnostika.<\/p>\n\n\n\n<p>Koostajad: Annika Vaarmann, Eliise-Rosalida Ude<br>Muudetud 29.01.2024<\/p>\n","protected":false},"excerpt":{"rendered":"<p>Kliinilise keemia ja laboratoorse hematoloogia osakond Vorikonasool on laia toimespektriga triasoolide r\u00fchma kuuluv seenevastane ravim, mis on n\u00e4idustatud invasiivsete seeninfektsioonidega patsientide raviks. Vorikonasooli kasutatakse t\u00e4iskasvanud patsientidel ja \u00fcle 2 aasta vanustel lastel invasiivse aspergilloosi (tekitaja Aspergillus spp.), mitteneutropeenilistel patsientidel kandideemia (tekitaja Candida spp.), flukonasooli suhtes resistentsete invasiivsete Candida infektsioonide ning kahe v\u00f5i enama Candida liigi, [&hellip;]<\/p>\n","protected":false},"author":38,"featured_media":0,"parent":7301,"menu_order":41,"comment_status":"closed","ping_status":"closed","template":"","meta":{"_uag_custom_page_level_css":"","footnotes":""},"class_list":["post-12586","page","type-page","status-publish","hentry"],"acf":[],"yoast_head":"<!-- This site is optimized with the Yoast SEO plugin v27.3 - https:\/\/yoast.com\/product\/yoast-seo-wordpress\/ -->\n<title>Vorikonasool (P-Voricon) - \u00dchendlabor<\/title>\n<meta name=\"robots\" content=\"index, follow, max-snippet:-1, max-image-preview:large, max-video-preview:-1\" \/>\n<link rel=\"canonical\" href=\"https:\/\/www.kliinikum.ee\/yhendlabor\/kasiraamat\/ravimiseire-uuringud\/vorikonasool-p-voricon\/\" \/>\n<meta property=\"og:locale\" content=\"et_EE\" \/>\n<meta property=\"og:type\" content=\"article\" \/>\n<meta property=\"og:title\" content=\"Vorikonasool (P-Voricon) - \u00dchendlabor\" \/>\n<meta property=\"og:description\" content=\"Kliinilise keemia ja laboratoorse hematoloogia osakond Vorikonasool on laia toimespektriga triasoolide r\u00fchma kuuluv seenevastane ravim, mis on n\u00e4idustatud invasiivsete seeninfektsioonidega patsientide raviks. Vorikonasooli kasutatakse t\u00e4iskasvanud patsientidel ja \u00fcle 2 aasta vanustel lastel invasiivse aspergilloosi (tekitaja Aspergillus spp.), mitteneutropeenilistel patsientidel kandideemia (tekitaja Candida spp.), flukonasooli suhtes resistentsete invasiivsete Candida infektsioonide ning kahe v\u00f5i enama Candida liigi, [&hellip;]\" \/>\n<meta property=\"og:url\" content=\"https:\/\/www.kliinikum.ee\/yhendlabor\/kasiraamat\/ravimiseire-uuringud\/vorikonasool-p-voricon\/\" \/>\n<meta property=\"og:site_name\" content=\"\u00dchendlabor\" \/>\n<meta property=\"article:modified_time\" content=\"2025-12-11T16:13:04+00:00\" \/>\n<meta name=\"twitter:card\" content=\"summary_large_image\" \/>\n<meta name=\"twitter:label1\" content=\"Est. reading time\" \/>\n\t<meta name=\"twitter:data1\" content=\"2 minutit\" \/>\n<script type=\"application\/ld+json\" class=\"yoast-schema-graph\">{\"@context\":\"https:\\\/\\\/schema.org\",\"@graph\":[{\"@type\":\"WebPage\",\"@id\":\"https:\\\/\\\/www.kliinikum.ee\\\/yhendlabor\\\/kasiraamat\\\/ravimiseire-uuringud\\\/vorikonasool-p-voricon\\\/\",\"url\":\"https:\\\/\\\/www.kliinikum.ee\\\/yhendlabor\\\/kasiraamat\\\/ravimiseire-uuringud\\\/vorikonasool-p-voricon\\\/\",\"name\":\"Vorikonasool (P-Voricon) - \u00dchendlabor\",\"isPartOf\":{\"@id\":\"https:\\\/\\\/www.kliinikum.ee\\\/yhendlabor\\\/#website\"},\"datePublished\":\"2025-07-31T15:26:00+00:00\",\"dateModified\":\"2025-12-11T16:13:04+00:00\",\"breadcrumb\":{\"@id\":\"https:\\\/\\\/www.kliinikum.ee\\\/yhendlabor\\\/kasiraamat\\\/ravimiseire-uuringud\\\/vorikonasool-p-voricon\\\/#breadcrumb\"},\"inLanguage\":\"et\",\"potentialAction\":[{\"@type\":\"ReadAction\",\"target\":[\"https:\\\/\\\/www.kliinikum.ee\\\/yhendlabor\\\/kasiraamat\\\/ravimiseire-uuringud\\\/vorikonasool-p-voricon\\\/\"]}]},{\"@type\":\"BreadcrumbList\",\"@id\":\"https:\\\/\\\/www.kliinikum.ee\\\/yhendlabor\\\/kasiraamat\\\/ravimiseire-uuringud\\\/vorikonasool-p-voricon\\\/#breadcrumb\",\"itemListElement\":[{\"@type\":\"ListItem\",\"position\":1,\"name\":\"Home\",\"item\":\"https:\\\/\\\/www.kliinikum.ee\\\/yhendlabor\\\/\"},{\"@type\":\"ListItem\",\"position\":2,\"name\":\"K\u00e4siraamat\",\"item\":\"https:\\\/\\\/www.kliinikum.ee\\\/yhendlabor\\\/kasiraamat\\\/\"},{\"@type\":\"ListItem\",\"position\":3,\"name\":\"Ravimiseire uuringud\",\"item\":\"https:\\\/\\\/www.kliinikum.ee\\\/yhendlabor\\\/kasiraamat\\\/ravimiseire-uuringud\\\/\"},{\"@type\":\"ListItem\",\"position\":4,\"name\":\"Vorikonasool (P-Voricon)\"}]},{\"@type\":\"WebSite\",\"@id\":\"https:\\\/\\\/www.kliinikum.ee\\\/yhendlabor\\\/#website\",\"url\":\"https:\\\/\\\/www.kliinikum.ee\\\/yhendlabor\\\/\",\"name\":\"\u00dchendlabor\",\"description\":\"Hoolivus, Uuendusmeelsus, P\u00e4devus ja Usaldusv\u00e4\u00e4rsus\",\"potentialAction\":[{\"@type\":\"SearchAction\",\"target\":{\"@type\":\"EntryPoint\",\"urlTemplate\":\"https:\\\/\\\/www.kliinikum.ee\\\/yhendlabor\\\/?s={search_term_string}\"},\"query-input\":{\"@type\":\"PropertyValueSpecification\",\"valueRequired\":true,\"valueName\":\"search_term_string\"}}],\"inLanguage\":\"et\"}]}<\/script>\n<!-- \/ Yoast SEO plugin. -->","yoast_head_json":{"title":"Vorikonasool (P-Voricon) - \u00dchendlabor","robots":{"index":"index","follow":"follow","max-snippet":"max-snippet:-1","max-image-preview":"max-image-preview:large","max-video-preview":"max-video-preview:-1"},"canonical":"https:\/\/www.kliinikum.ee\/yhendlabor\/kasiraamat\/ravimiseire-uuringud\/vorikonasool-p-voricon\/","og_locale":"et_EE","og_type":"article","og_title":"Vorikonasool (P-Voricon) - \u00dchendlabor","og_description":"Kliinilise keemia ja laboratoorse hematoloogia osakond Vorikonasool on laia toimespektriga triasoolide r\u00fchma kuuluv seenevastane ravim, mis on n\u00e4idustatud invasiivsete seeninfektsioonidega patsientide raviks. Vorikonasooli kasutatakse t\u00e4iskasvanud patsientidel ja \u00fcle 2 aasta vanustel lastel invasiivse aspergilloosi (tekitaja Aspergillus spp.), mitteneutropeenilistel patsientidel kandideemia (tekitaja Candida spp.), flukonasooli suhtes resistentsete invasiivsete Candida infektsioonide ning kahe v\u00f5i enama Candida liigi, [&hellip;]","og_url":"https:\/\/www.kliinikum.ee\/yhendlabor\/kasiraamat\/ravimiseire-uuringud\/vorikonasool-p-voricon\/","og_site_name":"\u00dchendlabor","article_modified_time":"2025-12-11T16:13:04+00:00","twitter_card":"summary_large_image","twitter_misc":{"Est. reading time":"2 minutit"},"schema":{"@context":"https:\/\/schema.org","@graph":[{"@type":"WebPage","@id":"https:\/\/www.kliinikum.ee\/yhendlabor\/kasiraamat\/ravimiseire-uuringud\/vorikonasool-p-voricon\/","url":"https:\/\/www.kliinikum.ee\/yhendlabor\/kasiraamat\/ravimiseire-uuringud\/vorikonasool-p-voricon\/","name":"Vorikonasool (P-Voricon) - \u00dchendlabor","isPartOf":{"@id":"https:\/\/www.kliinikum.ee\/yhendlabor\/#website"},"datePublished":"2025-07-31T15:26:00+00:00","dateModified":"2025-12-11T16:13:04+00:00","breadcrumb":{"@id":"https:\/\/www.kliinikum.ee\/yhendlabor\/kasiraamat\/ravimiseire-uuringud\/vorikonasool-p-voricon\/#breadcrumb"},"inLanguage":"et","potentialAction":[{"@type":"ReadAction","target":["https:\/\/www.kliinikum.ee\/yhendlabor\/kasiraamat\/ravimiseire-uuringud\/vorikonasool-p-voricon\/"]}]},{"@type":"BreadcrumbList","@id":"https:\/\/www.kliinikum.ee\/yhendlabor\/kasiraamat\/ravimiseire-uuringud\/vorikonasool-p-voricon\/#breadcrumb","itemListElement":[{"@type":"ListItem","position":1,"name":"Home","item":"https:\/\/www.kliinikum.ee\/yhendlabor\/"},{"@type":"ListItem","position":2,"name":"K\u00e4siraamat","item":"https:\/\/www.kliinikum.ee\/yhendlabor\/kasiraamat\/"},{"@type":"ListItem","position":3,"name":"Ravimiseire uuringud","item":"https:\/\/www.kliinikum.ee\/yhendlabor\/kasiraamat\/ravimiseire-uuringud\/"},{"@type":"ListItem","position":4,"name":"Vorikonasool (P-Voricon)"}]},{"@type":"WebSite","@id":"https:\/\/www.kliinikum.ee\/yhendlabor\/#website","url":"https:\/\/www.kliinikum.ee\/yhendlabor\/","name":"\u00dchendlabor","description":"Hoolivus, Uuendusmeelsus, P\u00e4devus ja Usaldusv\u00e4\u00e4rsus","potentialAction":[{"@type":"SearchAction","target":{"@type":"EntryPoint","urlTemplate":"https:\/\/www.kliinikum.ee\/yhendlabor\/?s={search_term_string}"},"query-input":{"@type":"PropertyValueSpecification","valueRequired":true,"valueName":"search_term_string"}}],"inLanguage":"et"}]}},"uagb_featured_image_src":{"full":false,"thumbnail":false,"medium":false,"medium_large":false,"large":false,"1536x1536":false,"2048x2048":false},"uagb_author_info":{"display_name":"Kadi Siigur","author_link":"https:\/\/www.kliinikum.ee\/yhendlabor\/author\/kadisi\/"},"uagb_comment_info":0,"uagb_excerpt":"Kliinilise keemia ja laboratoorse hematoloogia osakond Vorikonasool on laia toimespektriga triasoolide r\u00fchma kuuluv seenevastane ravim, mis on n\u00e4idustatud invasiivsete seeninfektsioonidega patsientide raviks. Vorikonasooli kasutatakse t\u00e4iskasvanud patsientidel ja \u00fcle 2 aasta vanustel lastel invasiivse aspergilloosi (tekitaja Aspergillus spp.), mitteneutropeenilistel patsientidel kandideemia (tekitaja Candida spp.), flukonasooli suhtes resistentsete invasiivsete Candida infektsioonide ning kahe v\u00f5i enama Candida liigi,&hellip;","_links":{"self":[{"href":"https:\/\/www.kliinikum.ee\/yhendlabor\/wp-json\/wp\/v2\/pages\/12586","targetHints":{"allow":["GET"]}}],"collection":[{"href":"https:\/\/www.kliinikum.ee\/yhendlabor\/wp-json\/wp\/v2\/pages"}],"about":[{"href":"https:\/\/www.kliinikum.ee\/yhendlabor\/wp-json\/wp\/v2\/types\/page"}],"author":[{"embeddable":true,"href":"https:\/\/www.kliinikum.ee\/yhendlabor\/wp-json\/wp\/v2\/users\/38"}],"replies":[{"embeddable":true,"href":"https:\/\/www.kliinikum.ee\/yhendlabor\/wp-json\/wp\/v2\/comments?post=12586"}],"version-history":[{"count":0,"href":"https:\/\/www.kliinikum.ee\/yhendlabor\/wp-json\/wp\/v2\/pages\/12586\/revisions"}],"up":[{"embeddable":true,"href":"https:\/\/www.kliinikum.ee\/yhendlabor\/wp-json\/wp\/v2\/pages\/7301"}],"wp:attachment":[{"href":"https:\/\/www.kliinikum.ee\/yhendlabor\/wp-json\/wp\/v2\/media?parent=12586"}],"curies":[{"name":"wp","href":"https:\/\/api.w.org\/{rel}","templated":true}]}}