{"id":12613,"date":"2025-08-10T21:39:30","date_gmt":"2025-08-10T19:39:30","guid":{"rendered":"https:\/\/www.kliinikum.ee\/yhendlabor\/?page_id=12613"},"modified":"2025-12-10T22:22:43","modified_gmt":"2025-12-10T20:22:43","slug":"dna-eraldamine-verest-voi-muust-koematerjalist","status":"publish","type":"page","link":"https:\/\/www.kliinikum.ee\/yhendlabor\/kasiraamat\/parilike-haiguste-ja-riskialleelide-uuringud\/dna-eraldamine-verest-voi-muust-koematerjalist\/","title":{"rendered":"DNA eraldamine verest v\u00f5i muust koematerjalist"},"content":{"rendered":"\n<p><em>Geneetikakeskus, molekulaardiagnostika, tel. 731 9489, <a href=\"http:\/\/www.kliinikum.ee\/geneetika\">www.kliinikum.ee\/geneetika<\/a><\/em><\/p>\n\n\n\n<p><strong>DNA (desoks\u00fcribonukleiinhape)<\/strong> on p\u00e4rilikkusaine. Igasugusteks geneetilisteks uuringuteks kasutatakse enamasti puhastatud genoomset DNA-d. Ulatuslikeks geneetilisteks uuringuteks vajamineva suure koguse DNA eraldamisel on eelistatud materjaliks veri.<\/p>\n\n\n\n<p>DNA proovi m\u00f5nda teise laborisse uuringule saatmiseks on vajalik saata geneetikakeskusesse kas posti v\u00f5i e-posti (<a href=\"mailto:geneetikainfo@kliinikum.ee\">geneetikainfo@kliinikum.ee<\/a>) teel kirjalik korraldus, milles on m\u00e4rgitud patsiendi isikuandmed, uuringut pakkuva labori kontaktandmed, uuringu nimetus ja maksja andmed. Kindlasti on vajalikud ka uuringu tellija nimi ja kontaktandmed (postiaadress, e-mail, telefon, faks). V\u00f5imalusel palume saata uuringut pakkuva labori poolt n\u00f5utavad t\u00e4idetud tellimisvormid. Kuni vastava korralduse saabumiseni hoitakse eraldatud DNA proove geneetikakeskuse DNA pangas -18 \u00b0C kuni -20 \u00b0C juures.<\/p>\n\n\n\n<p class=\"has-medium-font-size\"><strong>Uuritav materjal, selle v\u00f5tmine, saatmine ja s\u00e4ilitamine<\/strong><\/p>\n\n\n\n<p>Saatelehena tuleb kasutada <a href=\"http:\/\/www.kliinikum.ee\/geneetikakeskus\/index.php?option=com_content&amp;view=article&amp;id=8&amp;Itemid=7\">DNA eraldamise<\/a> saatelehte.<\/p>\n\n\n\n<figure class=\"wp-block-table is-style-stripes\"><table width=\"100%\"><tbody><tr><td width=\"1%\"><\/td><td width=\"20%\"><strong>Katsuti<\/strong><\/td><td width=\"79%\">Veri: K2E\/K3E-katsuti (lilla kork) <br>Koet\u00fckid: steriilne katsuti (1,5 mL v\u00f5i suurem)<\/td><\/tr><tr><td><\/td><td><strong>Anal\u00fc\u00fcsitav kogus<\/strong><\/td><td>4\u201310 mL (t\u00e4iskasvanud) 2\u20135 mL (lapsed)<\/td><\/tr><tr><td><\/td><td><strong>S\u00e4ilivus<\/strong><\/td><td>Veri +4 \u00b0C juures kuni \u00fcks n\u00e4dal. NB! Mitte k\u00fclmutada!<\/td><\/tr><\/tbody><\/table><\/figure>\n\n\n\n<p>Teiste uuringumaterjalide s\u00e4ilitamise osas konsulteerida geneetikakeskuse arstidega. Prenataalse diagnostika puhul on uuritavaks materjaliks amnionirakkude kultuur v\u00f5i koorionikude ning enne uuringumaterjali saatmist geneetikakeskusesse tuleb sellest ette teatada.<\/p>\n\n\n\n<p class=\"has-medium-font-size\"><strong>Anal\u00fc\u00fcsi tegemise aeg:<\/strong> t\u00f6\u00f6p\u00e4eviti<\/p>\n\n\n\n<p class=\"has-medium-font-size\"><strong>Anal\u00fc\u00fcsimeetod:<\/strong> soolamismeetod v\u00f5i erinevate tootjate (Qiagen, Roche jt) DNA eraldamise komplektid<\/p>\n\n\n\n<p class=\"has-medium-font-size\"><strong>N\u00e4idustus<\/strong><\/p>\n\n\n\n<p>DNA eraldamine suurest kogusest verest v\u00f5i koest kas s\u00e4ilitamiseks, edaspidisteks&nbsp; uuringuteks v\u00f5i teistesse laboritesse anal\u00fc\u00fcsimisele saatmiseks.<\/p>\n\n\n\n<p>NB! \u00dchendlaborist tellitavate geneetiliste uuringute hinnas sisaldub alati vajaliku koguse DNA eraldamine ning DNA eraldamist ei ole vaja eraldi tellida.<\/p>\n\n\n\n<p>Koostaja: Neeme T\u00f5nisson<\/p>\n","protected":false},"excerpt":{"rendered":"<p>Geneetikakeskus, molekulaardiagnostika, tel. 731 9489, www.kliinikum.ee\/geneetika DNA (desoks\u00fcribonukleiinhape) on p\u00e4rilikkusaine. Igasugusteks geneetilisteks uuringuteks kasutatakse enamasti puhastatud genoomset DNA-d. Ulatuslikeks geneetilisteks uuringuteks vajamineva suure koguse DNA eraldamisel on eelistatud materjaliks veri. DNA proovi m\u00f5nda teise laborisse uuringule saatmiseks on vajalik saata geneetikakeskusesse kas posti v\u00f5i e-posti (geneetikainfo@kliinikum.ee) teel kirjalik korraldus, milles on m\u00e4rgitud patsiendi isikuandmed, uuringut [&hellip;]<\/p>\n","protected":false},"author":38,"featured_media":0,"parent":7298,"menu_order":4,"comment_status":"closed","ping_status":"closed","template":"","meta":{"_uag_custom_page_level_css":"","footnotes":""},"class_list":["post-12613","page","type-page","status-publish","hentry"],"acf":[],"yoast_head":"<!-- This site is optimized with the Yoast SEO plugin v27.3 - https:\/\/yoast.com\/product\/yoast-seo-wordpress\/ -->\n<title>DNA eraldamine verest v\u00f5i muust koematerjalist - \u00dchendlabor<\/title>\n<meta name=\"robots\" content=\"index, follow, max-snippet:-1, max-image-preview:large, max-video-preview:-1\" \/>\n<link rel=\"canonical\" href=\"https:\/\/www.kliinikum.ee\/yhendlabor\/kasiraamat\/parilike-haiguste-ja-riskialleelide-uuringud\/dna-eraldamine-verest-voi-muust-koematerjalist\/\" \/>\n<meta property=\"og:locale\" content=\"et_EE\" \/>\n<meta property=\"og:type\" content=\"article\" \/>\n<meta property=\"og:title\" content=\"DNA eraldamine verest v\u00f5i muust koematerjalist - \u00dchendlabor\" \/>\n<meta property=\"og:description\" content=\"Geneetikakeskus, molekulaardiagnostika, tel. 731 9489, www.kliinikum.ee\/geneetika DNA (desoks\u00fcribonukleiinhape) on p\u00e4rilikkusaine. Igasugusteks geneetilisteks uuringuteks kasutatakse enamasti puhastatud genoomset DNA-d. Ulatuslikeks geneetilisteks uuringuteks vajamineva suure koguse DNA eraldamisel on eelistatud materjaliks veri. DNA proovi m\u00f5nda teise laborisse uuringule saatmiseks on vajalik saata geneetikakeskusesse kas posti v\u00f5i e-posti (geneetikainfo@kliinikum.ee) teel kirjalik korraldus, milles on m\u00e4rgitud patsiendi isikuandmed, uuringut [&hellip;]\" \/>\n<meta property=\"og:url\" content=\"https:\/\/www.kliinikum.ee\/yhendlabor\/kasiraamat\/parilike-haiguste-ja-riskialleelide-uuringud\/dna-eraldamine-verest-voi-muust-koematerjalist\/\" \/>\n<meta property=\"og:site_name\" content=\"\u00dchendlabor\" \/>\n<meta property=\"article:modified_time\" content=\"2025-12-10T20:22:43+00:00\" \/>\n<meta name=\"twitter:card\" content=\"summary_large_image\" \/>\n<meta name=\"twitter:label1\" content=\"Est. reading time\" \/>\n\t<meta name=\"twitter:data1\" content=\"2 minutit\" \/>\n<script type=\"application\/ld+json\" class=\"yoast-schema-graph\">{\"@context\":\"https:\\\/\\\/schema.org\",\"@graph\":[{\"@type\":\"WebPage\",\"@id\":\"https:\\\/\\\/www.kliinikum.ee\\\/yhendlabor\\\/kasiraamat\\\/parilike-haiguste-ja-riskialleelide-uuringud\\\/dna-eraldamine-verest-voi-muust-koematerjalist\\\/\",\"url\":\"https:\\\/\\\/www.kliinikum.ee\\\/yhendlabor\\\/kasiraamat\\\/parilike-haiguste-ja-riskialleelide-uuringud\\\/dna-eraldamine-verest-voi-muust-koematerjalist\\\/\",\"name\":\"DNA eraldamine verest v\u00f5i muust koematerjalist - \u00dchendlabor\",\"isPartOf\":{\"@id\":\"https:\\\/\\\/www.kliinikum.ee\\\/yhendlabor\\\/#website\"},\"datePublished\":\"2025-08-10T19:39:30+00:00\",\"dateModified\":\"2025-12-10T20:22:43+00:00\",\"breadcrumb\":{\"@id\":\"https:\\\/\\\/www.kliinikum.ee\\\/yhendlabor\\\/kasiraamat\\\/parilike-haiguste-ja-riskialleelide-uuringud\\\/dna-eraldamine-verest-voi-muust-koematerjalist\\\/#breadcrumb\"},\"inLanguage\":\"et\",\"potentialAction\":[{\"@type\":\"ReadAction\",\"target\":[\"https:\\\/\\\/www.kliinikum.ee\\\/yhendlabor\\\/kasiraamat\\\/parilike-haiguste-ja-riskialleelide-uuringud\\\/dna-eraldamine-verest-voi-muust-koematerjalist\\\/\"]}]},{\"@type\":\"BreadcrumbList\",\"@id\":\"https:\\\/\\\/www.kliinikum.ee\\\/yhendlabor\\\/kasiraamat\\\/parilike-haiguste-ja-riskialleelide-uuringud\\\/dna-eraldamine-verest-voi-muust-koematerjalist\\\/#breadcrumb\",\"itemListElement\":[{\"@type\":\"ListItem\",\"position\":1,\"name\":\"Home\",\"item\":\"https:\\\/\\\/www.kliinikum.ee\\\/yhendlabor\\\/\"},{\"@type\":\"ListItem\",\"position\":2,\"name\":\"K\u00e4siraamat\",\"item\":\"https:\\\/\\\/www.kliinikum.ee\\\/yhendlabor\\\/kasiraamat\\\/\"},{\"@type\":\"ListItem\",\"position\":3,\"name\":\"P\u00e4rilike haiguste ja riskialleelide uuringud\",\"item\":\"https:\\\/\\\/www.kliinikum.ee\\\/yhendlabor\\\/kasiraamat\\\/parilike-haiguste-ja-riskialleelide-uuringud\\\/\"},{\"@type\":\"ListItem\",\"position\":4,\"name\":\"DNA eraldamine verest v\u00f5i muust koematerjalist\"}]},{\"@type\":\"WebSite\",\"@id\":\"https:\\\/\\\/www.kliinikum.ee\\\/yhendlabor\\\/#website\",\"url\":\"https:\\\/\\\/www.kliinikum.ee\\\/yhendlabor\\\/\",\"name\":\"\u00dchendlabor\",\"description\":\"Hoolivus, Uuendusmeelsus, P\u00e4devus ja Usaldusv\u00e4\u00e4rsus\",\"potentialAction\":[{\"@type\":\"SearchAction\",\"target\":{\"@type\":\"EntryPoint\",\"urlTemplate\":\"https:\\\/\\\/www.kliinikum.ee\\\/yhendlabor\\\/?s={search_term_string}\"},\"query-input\":{\"@type\":\"PropertyValueSpecification\",\"valueRequired\":true,\"valueName\":\"search_term_string\"}}],\"inLanguage\":\"et\"}]}<\/script>\n<!-- \/ Yoast SEO plugin. -->","yoast_head_json":{"title":"DNA eraldamine verest v\u00f5i muust koematerjalist - \u00dchendlabor","robots":{"index":"index","follow":"follow","max-snippet":"max-snippet:-1","max-image-preview":"max-image-preview:large","max-video-preview":"max-video-preview:-1"},"canonical":"https:\/\/www.kliinikum.ee\/yhendlabor\/kasiraamat\/parilike-haiguste-ja-riskialleelide-uuringud\/dna-eraldamine-verest-voi-muust-koematerjalist\/","og_locale":"et_EE","og_type":"article","og_title":"DNA eraldamine verest v\u00f5i muust koematerjalist - \u00dchendlabor","og_description":"Geneetikakeskus, molekulaardiagnostika, tel. 731 9489, www.kliinikum.ee\/geneetika DNA (desoks\u00fcribonukleiinhape) on p\u00e4rilikkusaine. Igasugusteks geneetilisteks uuringuteks kasutatakse enamasti puhastatud genoomset DNA-d. Ulatuslikeks geneetilisteks uuringuteks vajamineva suure koguse DNA eraldamisel on eelistatud materjaliks veri. DNA proovi m\u00f5nda teise laborisse uuringule saatmiseks on vajalik saata geneetikakeskusesse kas posti v\u00f5i e-posti (geneetikainfo@kliinikum.ee) teel kirjalik korraldus, milles on m\u00e4rgitud patsiendi isikuandmed, uuringut [&hellip;]","og_url":"https:\/\/www.kliinikum.ee\/yhendlabor\/kasiraamat\/parilike-haiguste-ja-riskialleelide-uuringud\/dna-eraldamine-verest-voi-muust-koematerjalist\/","og_site_name":"\u00dchendlabor","article_modified_time":"2025-12-10T20:22:43+00:00","twitter_card":"summary_large_image","twitter_misc":{"Est. reading time":"2 minutit"},"schema":{"@context":"https:\/\/schema.org","@graph":[{"@type":"WebPage","@id":"https:\/\/www.kliinikum.ee\/yhendlabor\/kasiraamat\/parilike-haiguste-ja-riskialleelide-uuringud\/dna-eraldamine-verest-voi-muust-koematerjalist\/","url":"https:\/\/www.kliinikum.ee\/yhendlabor\/kasiraamat\/parilike-haiguste-ja-riskialleelide-uuringud\/dna-eraldamine-verest-voi-muust-koematerjalist\/","name":"DNA eraldamine verest v\u00f5i muust koematerjalist - \u00dchendlabor","isPartOf":{"@id":"https:\/\/www.kliinikum.ee\/yhendlabor\/#website"},"datePublished":"2025-08-10T19:39:30+00:00","dateModified":"2025-12-10T20:22:43+00:00","breadcrumb":{"@id":"https:\/\/www.kliinikum.ee\/yhendlabor\/kasiraamat\/parilike-haiguste-ja-riskialleelide-uuringud\/dna-eraldamine-verest-voi-muust-koematerjalist\/#breadcrumb"},"inLanguage":"et","potentialAction":[{"@type":"ReadAction","target":["https:\/\/www.kliinikum.ee\/yhendlabor\/kasiraamat\/parilike-haiguste-ja-riskialleelide-uuringud\/dna-eraldamine-verest-voi-muust-koematerjalist\/"]}]},{"@type":"BreadcrumbList","@id":"https:\/\/www.kliinikum.ee\/yhendlabor\/kasiraamat\/parilike-haiguste-ja-riskialleelide-uuringud\/dna-eraldamine-verest-voi-muust-koematerjalist\/#breadcrumb","itemListElement":[{"@type":"ListItem","position":1,"name":"Home","item":"https:\/\/www.kliinikum.ee\/yhendlabor\/"},{"@type":"ListItem","position":2,"name":"K\u00e4siraamat","item":"https:\/\/www.kliinikum.ee\/yhendlabor\/kasiraamat\/"},{"@type":"ListItem","position":3,"name":"P\u00e4rilike haiguste ja riskialleelide uuringud","item":"https:\/\/www.kliinikum.ee\/yhendlabor\/kasiraamat\/parilike-haiguste-ja-riskialleelide-uuringud\/"},{"@type":"ListItem","position":4,"name":"DNA eraldamine verest v\u00f5i muust koematerjalist"}]},{"@type":"WebSite","@id":"https:\/\/www.kliinikum.ee\/yhendlabor\/#website","url":"https:\/\/www.kliinikum.ee\/yhendlabor\/","name":"\u00dchendlabor","description":"Hoolivus, Uuendusmeelsus, P\u00e4devus ja Usaldusv\u00e4\u00e4rsus","potentialAction":[{"@type":"SearchAction","target":{"@type":"EntryPoint","urlTemplate":"https:\/\/www.kliinikum.ee\/yhendlabor\/?s={search_term_string}"},"query-input":{"@type":"PropertyValueSpecification","valueRequired":true,"valueName":"search_term_string"}}],"inLanguage":"et"}]}},"uagb_featured_image_src":{"full":false,"thumbnail":false,"medium":false,"medium_large":false,"large":false,"1536x1536":false,"2048x2048":false},"uagb_author_info":{"display_name":"Kadi Siigur","author_link":"https:\/\/www.kliinikum.ee\/yhendlabor\/author\/kadisi\/"},"uagb_comment_info":0,"uagb_excerpt":"Geneetikakeskus, molekulaardiagnostika, tel. 731 9489, www.kliinikum.ee\/geneetika DNA (desoks\u00fcribonukleiinhape) on p\u00e4rilikkusaine. Igasugusteks geneetilisteks uuringuteks kasutatakse enamasti puhastatud genoomset DNA-d. Ulatuslikeks geneetilisteks uuringuteks vajamineva suure koguse DNA eraldamisel on eelistatud materjaliks veri. DNA proovi m\u00f5nda teise laborisse uuringule saatmiseks on vajalik saata geneetikakeskusesse kas posti v\u00f5i e-posti (geneetikainfo@kliinikum.ee) teel kirjalik korraldus, milles on m\u00e4rgitud patsiendi isikuandmed, uuringut&hellip;","_links":{"self":[{"href":"https:\/\/www.kliinikum.ee\/yhendlabor\/wp-json\/wp\/v2\/pages\/12613","targetHints":{"allow":["GET"]}}],"collection":[{"href":"https:\/\/www.kliinikum.ee\/yhendlabor\/wp-json\/wp\/v2\/pages"}],"about":[{"href":"https:\/\/www.kliinikum.ee\/yhendlabor\/wp-json\/wp\/v2\/types\/page"}],"author":[{"embeddable":true,"href":"https:\/\/www.kliinikum.ee\/yhendlabor\/wp-json\/wp\/v2\/users\/38"}],"replies":[{"embeddable":true,"href":"https:\/\/www.kliinikum.ee\/yhendlabor\/wp-json\/wp\/v2\/comments?post=12613"}],"version-history":[{"count":0,"href":"https:\/\/www.kliinikum.ee\/yhendlabor\/wp-json\/wp\/v2\/pages\/12613\/revisions"}],"up":[{"embeddable":true,"href":"https:\/\/www.kliinikum.ee\/yhendlabor\/wp-json\/wp\/v2\/pages\/7298"}],"wp:attachment":[{"href":"https:\/\/www.kliinikum.ee\/yhendlabor\/wp-json\/wp\/v2\/media?parent=12613"}],"curies":[{"name":"wp","href":"https:\/\/api.w.org\/{rel}","templated":true}]}}