{"id":12621,"date":"2025-08-10T21:57:06","date_gmt":"2025-08-10T19:57:06","guid":{"rendered":"https:\/\/www.kliinikum.ee\/yhendlabor\/?page_id=12621"},"modified":"2025-12-10T22:26:24","modified_gmt":"2025-12-10T20:26:24","slug":"eksonite-deletsioonid-ja-duplikatsioonid-valitud-geenides-mlpa","status":"publish","type":"page","link":"https:\/\/www.kliinikum.ee\/yhendlabor\/kasiraamat\/parilike-haiguste-ja-riskialleelide-uuringud\/eksonite-deletsioonid-ja-duplikatsioonid-valitud-geenides-mlpa\/","title":{"rendered":"Eksonite deletsioonid ja duplikatsioonid valitud geenides (MLPA)"},"content":{"rendered":"\n<p><em>Geneetika ja personaalmeditsiini kliinik, laboratoorse geneetika osakond, molekulaardiagnostika labor, tel. 731 9487 <a href=\"http:\/\/www.kliinikum.ee\/geneetika\">www.kliinikum.ee\/geneetika<\/a><\/em><\/p>\n\n\n\n<p class=\"has-medium-font-size\"><strong>Uuritavad muutused: <\/strong>MLPA anal\u00fc\u00fcsiluuritakse eksonite deletsioone ja duplikatsioone erinevates geenides. Soovitav on konsulteerida eelnevalt geneetika ja personaalmeditsiini kliiniku molekulaardiagnostika spetsialistidega, et t\u00e4psustada kas soovitud geeni on v\u00f5imalik uurida MLPA meetodil ja kas vastavad diagnostikumid on laboris olemas.<\/p>\n\n\n\n<p class=\"has-medium-font-size\"><strong>Uuritav materjal, selle v\u00f5tmine, saatmine ja s\u00e4ilitamine<\/strong><\/p>\n\n\n\n<p>Elektroonsel tellimisel m\u00e4rkida \u00e4ra uuritav(ad) geen(id). Elektroonse tellimise v\u00f5imaluse puudumisel tuleb koos uuritava materjaliga saata molekulaardiagnostika laborisse ka t\u00e4idetud tellimisleht \u2013<em> Eksonite deletsioonid ja duplikatsioonid valitud geenides (MLPA)<\/em>, tellimisel m\u00e4rkida \u00e4ra uuritav(ad) geen(id).<\/p>\n\n\n\n<p>Tellimisleht on leitav aadressil <a href=\"https:\/\/www.kliinikum.ee\/geneetikakeskus\/molekulaardiagnostika\">https:\/\/www.kliinikum.ee\/geneetikakeskus\/molekulaardiagnostika<\/a><\/p>\n\n\n\n<figure class=\"wp-block-table is-style-stripes\"><table width=\"100%\"><tbody><tr><td width=\"1%\"><\/td><td width=\"20%\"><strong>Katsuti<\/strong><\/td><td width=\"79%\">Veri: K2E\/K3E-katsuti (lilla kork) Koet\u00fckid: steriilne katsuti (v\u00e4hemalt 1,5 mL)<\/td><\/tr><tr><td><\/td><td><strong>Anal\u00fc\u00fcsitav kogus<\/strong><\/td><td>4\u201310 mL (t\u00e4iskasvanud) 2\u20135 mL (lapsed)<\/td><\/tr><tr><td><\/td><td><strong>S\u00e4ilivus<\/strong><\/td><td>Veri +4 \u00b0C \u00fcks n\u00e4dal NB! Mitte k\u00fclmutada!<\/td><\/tr><\/tbody><\/table><\/figure>\n\n\n\n<p>Teiste uuringumaterjalide osas konsulteerida geneetikakeskuse arstidega.<\/p>\n\n\n\n<p class=\"has-medium-font-size\"><strong>Anal\u00fc\u00fcsi tegemise aeg:<\/strong> t\u00f6\u00f6p\u00e4eviti. Anal\u00fc\u00fcsi valmimisaeg 2 kuni 8 n\u00e4dalat alates proovin\u00f5u laborisse saabumisest.<\/p>\n\n\n\n<p class=\"has-medium-font-size\"><strong>Anal\u00fc\u00fcsimeetod: <\/strong>MLPA (<em>Multiplex Ligation-Dependent Probe Amplification)<\/em>, SALSA MLPA<strong><\/strong><\/p>\n\n\n\n<p class=\"has-medium-font-size\"><strong>Vastuse vorm:<\/strong> genot\u00fc\u00fcp ja interpretatsioon<\/p>\n\n\n\n<p class=\"has-medium-font-size\"><strong>N\u00e4idustus<\/strong><\/p>\n\n\n\n<p>Eksonite deletsioonide v\u00f5i duplikatsioonide m\u00e4\u00e4ramine uuritavas geenis.<\/p>\n\n\n\n<p>Koostajad: \u00dclle Murumets, Tiina Kahre<br>Koostatud 20.10.2022<\/p>\n","protected":false},"excerpt":{"rendered":"<p>Geneetika ja personaalmeditsiini kliinik, laboratoorse geneetika osakond, molekulaardiagnostika labor, tel. 731 9487 www.kliinikum.ee\/geneetika Uuritavad muutused: MLPA anal\u00fc\u00fcsiluuritakse eksonite deletsioone ja duplikatsioone erinevates geenides. Soovitav on konsulteerida eelnevalt geneetika ja personaalmeditsiini kliiniku molekulaardiagnostika spetsialistidega, et t\u00e4psustada kas soovitud geeni on v\u00f5imalik uurida MLPA meetodil ja kas vastavad diagnostikumid on laboris olemas. Uuritav materjal, selle v\u00f5tmine, saatmine [&hellip;]<\/p>\n","protected":false},"author":38,"featured_media":0,"parent":7298,"menu_order":6,"comment_status":"closed","ping_status":"closed","template":"","meta":{"_uag_custom_page_level_css":"","footnotes":""},"class_list":["post-12621","page","type-page","status-publish","hentry"],"acf":[],"yoast_head":"<!-- This site is optimized with the Yoast SEO plugin v27.3 - https:\/\/yoast.com\/product\/yoast-seo-wordpress\/ -->\n<title>Eksonite deletsioonid ja duplikatsioonid valitud geenides (MLPA) - \u00dchendlabor<\/title>\n<meta name=\"robots\" content=\"index, follow, max-snippet:-1, max-image-preview:large, max-video-preview:-1\" \/>\n<link rel=\"canonical\" href=\"https:\/\/www.kliinikum.ee\/yhendlabor\/kasiraamat\/parilike-haiguste-ja-riskialleelide-uuringud\/eksonite-deletsioonid-ja-duplikatsioonid-valitud-geenides-mlpa\/\" \/>\n<meta property=\"og:locale\" content=\"et_EE\" \/>\n<meta property=\"og:type\" content=\"article\" \/>\n<meta property=\"og:title\" content=\"Eksonite deletsioonid ja duplikatsioonid valitud geenides (MLPA) - \u00dchendlabor\" \/>\n<meta property=\"og:description\" content=\"Geneetika ja personaalmeditsiini kliinik, laboratoorse geneetika osakond, molekulaardiagnostika labor, tel. 731 9487 www.kliinikum.ee\/geneetika Uuritavad muutused: MLPA anal\u00fc\u00fcsiluuritakse eksonite deletsioone ja duplikatsioone erinevates geenides. Soovitav on konsulteerida eelnevalt geneetika ja personaalmeditsiini kliiniku molekulaardiagnostika spetsialistidega, et t\u00e4psustada kas soovitud geeni on v\u00f5imalik uurida MLPA meetodil ja kas vastavad diagnostikumid on laboris olemas. Uuritav materjal, selle v\u00f5tmine, saatmine [&hellip;]\" \/>\n<meta property=\"og:url\" content=\"https:\/\/www.kliinikum.ee\/yhendlabor\/kasiraamat\/parilike-haiguste-ja-riskialleelide-uuringud\/eksonite-deletsioonid-ja-duplikatsioonid-valitud-geenides-mlpa\/\" \/>\n<meta property=\"og:site_name\" content=\"\u00dchendlabor\" \/>\n<meta property=\"article:modified_time\" content=\"2025-12-10T20:26:24+00:00\" \/>\n<meta name=\"twitter:card\" content=\"summary_large_image\" \/>\n<meta name=\"twitter:label1\" content=\"Est. reading time\" \/>\n\t<meta name=\"twitter:data1\" content=\"1 minut\" \/>\n<script type=\"application\/ld+json\" class=\"yoast-schema-graph\">{\"@context\":\"https:\\\/\\\/schema.org\",\"@graph\":[{\"@type\":\"WebPage\",\"@id\":\"https:\\\/\\\/www.kliinikum.ee\\\/yhendlabor\\\/kasiraamat\\\/parilike-haiguste-ja-riskialleelide-uuringud\\\/eksonite-deletsioonid-ja-duplikatsioonid-valitud-geenides-mlpa\\\/\",\"url\":\"https:\\\/\\\/www.kliinikum.ee\\\/yhendlabor\\\/kasiraamat\\\/parilike-haiguste-ja-riskialleelide-uuringud\\\/eksonite-deletsioonid-ja-duplikatsioonid-valitud-geenides-mlpa\\\/\",\"name\":\"Eksonite deletsioonid ja duplikatsioonid valitud geenides (MLPA) - \u00dchendlabor\",\"isPartOf\":{\"@id\":\"https:\\\/\\\/www.kliinikum.ee\\\/yhendlabor\\\/#website\"},\"datePublished\":\"2025-08-10T19:57:06+00:00\",\"dateModified\":\"2025-12-10T20:26:24+00:00\",\"breadcrumb\":{\"@id\":\"https:\\\/\\\/www.kliinikum.ee\\\/yhendlabor\\\/kasiraamat\\\/parilike-haiguste-ja-riskialleelide-uuringud\\\/eksonite-deletsioonid-ja-duplikatsioonid-valitud-geenides-mlpa\\\/#breadcrumb\"},\"inLanguage\":\"et\",\"potentialAction\":[{\"@type\":\"ReadAction\",\"target\":[\"https:\\\/\\\/www.kliinikum.ee\\\/yhendlabor\\\/kasiraamat\\\/parilike-haiguste-ja-riskialleelide-uuringud\\\/eksonite-deletsioonid-ja-duplikatsioonid-valitud-geenides-mlpa\\\/\"]}]},{\"@type\":\"BreadcrumbList\",\"@id\":\"https:\\\/\\\/www.kliinikum.ee\\\/yhendlabor\\\/kasiraamat\\\/parilike-haiguste-ja-riskialleelide-uuringud\\\/eksonite-deletsioonid-ja-duplikatsioonid-valitud-geenides-mlpa\\\/#breadcrumb\",\"itemListElement\":[{\"@type\":\"ListItem\",\"position\":1,\"name\":\"Home\",\"item\":\"https:\\\/\\\/www.kliinikum.ee\\\/yhendlabor\\\/\"},{\"@type\":\"ListItem\",\"position\":2,\"name\":\"K\u00e4siraamat\",\"item\":\"https:\\\/\\\/www.kliinikum.ee\\\/yhendlabor\\\/kasiraamat\\\/\"},{\"@type\":\"ListItem\",\"position\":3,\"name\":\"P\u00e4rilike haiguste ja riskialleelide uuringud\",\"item\":\"https:\\\/\\\/www.kliinikum.ee\\\/yhendlabor\\\/kasiraamat\\\/parilike-haiguste-ja-riskialleelide-uuringud\\\/\"},{\"@type\":\"ListItem\",\"position\":4,\"name\":\"Eksonite deletsioonid ja duplikatsioonid valitud geenides (MLPA)\"}]},{\"@type\":\"WebSite\",\"@id\":\"https:\\\/\\\/www.kliinikum.ee\\\/yhendlabor\\\/#website\",\"url\":\"https:\\\/\\\/www.kliinikum.ee\\\/yhendlabor\\\/\",\"name\":\"\u00dchendlabor\",\"description\":\"Hoolivus, Uuendusmeelsus, P\u00e4devus ja Usaldusv\u00e4\u00e4rsus\",\"potentialAction\":[{\"@type\":\"SearchAction\",\"target\":{\"@type\":\"EntryPoint\",\"urlTemplate\":\"https:\\\/\\\/www.kliinikum.ee\\\/yhendlabor\\\/?s={search_term_string}\"},\"query-input\":{\"@type\":\"PropertyValueSpecification\",\"valueRequired\":true,\"valueName\":\"search_term_string\"}}],\"inLanguage\":\"et\"}]}<\/script>\n<!-- \/ Yoast SEO plugin. -->","yoast_head_json":{"title":"Eksonite deletsioonid ja duplikatsioonid valitud geenides (MLPA) - \u00dchendlabor","robots":{"index":"index","follow":"follow","max-snippet":"max-snippet:-1","max-image-preview":"max-image-preview:large","max-video-preview":"max-video-preview:-1"},"canonical":"https:\/\/www.kliinikum.ee\/yhendlabor\/kasiraamat\/parilike-haiguste-ja-riskialleelide-uuringud\/eksonite-deletsioonid-ja-duplikatsioonid-valitud-geenides-mlpa\/","og_locale":"et_EE","og_type":"article","og_title":"Eksonite deletsioonid ja duplikatsioonid valitud geenides (MLPA) - \u00dchendlabor","og_description":"Geneetika ja personaalmeditsiini kliinik, laboratoorse geneetika osakond, molekulaardiagnostika labor, tel. 731 9487 www.kliinikum.ee\/geneetika Uuritavad muutused: MLPA anal\u00fc\u00fcsiluuritakse eksonite deletsioone ja duplikatsioone erinevates geenides. Soovitav on konsulteerida eelnevalt geneetika ja personaalmeditsiini kliiniku molekulaardiagnostika spetsialistidega, et t\u00e4psustada kas soovitud geeni on v\u00f5imalik uurida MLPA meetodil ja kas vastavad diagnostikumid on laboris olemas. Uuritav materjal, selle v\u00f5tmine, saatmine [&hellip;]","og_url":"https:\/\/www.kliinikum.ee\/yhendlabor\/kasiraamat\/parilike-haiguste-ja-riskialleelide-uuringud\/eksonite-deletsioonid-ja-duplikatsioonid-valitud-geenides-mlpa\/","og_site_name":"\u00dchendlabor","article_modified_time":"2025-12-10T20:26:24+00:00","twitter_card":"summary_large_image","twitter_misc":{"Est. reading time":"1 minut"},"schema":{"@context":"https:\/\/schema.org","@graph":[{"@type":"WebPage","@id":"https:\/\/www.kliinikum.ee\/yhendlabor\/kasiraamat\/parilike-haiguste-ja-riskialleelide-uuringud\/eksonite-deletsioonid-ja-duplikatsioonid-valitud-geenides-mlpa\/","url":"https:\/\/www.kliinikum.ee\/yhendlabor\/kasiraamat\/parilike-haiguste-ja-riskialleelide-uuringud\/eksonite-deletsioonid-ja-duplikatsioonid-valitud-geenides-mlpa\/","name":"Eksonite deletsioonid ja duplikatsioonid valitud geenides (MLPA) - \u00dchendlabor","isPartOf":{"@id":"https:\/\/www.kliinikum.ee\/yhendlabor\/#website"},"datePublished":"2025-08-10T19:57:06+00:00","dateModified":"2025-12-10T20:26:24+00:00","breadcrumb":{"@id":"https:\/\/www.kliinikum.ee\/yhendlabor\/kasiraamat\/parilike-haiguste-ja-riskialleelide-uuringud\/eksonite-deletsioonid-ja-duplikatsioonid-valitud-geenides-mlpa\/#breadcrumb"},"inLanguage":"et","potentialAction":[{"@type":"ReadAction","target":["https:\/\/www.kliinikum.ee\/yhendlabor\/kasiraamat\/parilike-haiguste-ja-riskialleelide-uuringud\/eksonite-deletsioonid-ja-duplikatsioonid-valitud-geenides-mlpa\/"]}]},{"@type":"BreadcrumbList","@id":"https:\/\/www.kliinikum.ee\/yhendlabor\/kasiraamat\/parilike-haiguste-ja-riskialleelide-uuringud\/eksonite-deletsioonid-ja-duplikatsioonid-valitud-geenides-mlpa\/#breadcrumb","itemListElement":[{"@type":"ListItem","position":1,"name":"Home","item":"https:\/\/www.kliinikum.ee\/yhendlabor\/"},{"@type":"ListItem","position":2,"name":"K\u00e4siraamat","item":"https:\/\/www.kliinikum.ee\/yhendlabor\/kasiraamat\/"},{"@type":"ListItem","position":3,"name":"P\u00e4rilike haiguste ja riskialleelide uuringud","item":"https:\/\/www.kliinikum.ee\/yhendlabor\/kasiraamat\/parilike-haiguste-ja-riskialleelide-uuringud\/"},{"@type":"ListItem","position":4,"name":"Eksonite deletsioonid ja duplikatsioonid valitud geenides (MLPA)"}]},{"@type":"WebSite","@id":"https:\/\/www.kliinikum.ee\/yhendlabor\/#website","url":"https:\/\/www.kliinikum.ee\/yhendlabor\/","name":"\u00dchendlabor","description":"Hoolivus, Uuendusmeelsus, P\u00e4devus ja Usaldusv\u00e4\u00e4rsus","potentialAction":[{"@type":"SearchAction","target":{"@type":"EntryPoint","urlTemplate":"https:\/\/www.kliinikum.ee\/yhendlabor\/?s={search_term_string}"},"query-input":{"@type":"PropertyValueSpecification","valueRequired":true,"valueName":"search_term_string"}}],"inLanguage":"et"}]}},"uagb_featured_image_src":{"full":false,"thumbnail":false,"medium":false,"medium_large":false,"large":false,"1536x1536":false,"2048x2048":false},"uagb_author_info":{"display_name":"Kadi Siigur","author_link":"https:\/\/www.kliinikum.ee\/yhendlabor\/author\/kadisi\/"},"uagb_comment_info":0,"uagb_excerpt":"Geneetika ja personaalmeditsiini kliinik, laboratoorse geneetika osakond, molekulaardiagnostika labor, tel. 731 9487 www.kliinikum.ee\/geneetika Uuritavad muutused: MLPA anal\u00fc\u00fcsiluuritakse eksonite deletsioone ja duplikatsioone erinevates geenides. Soovitav on konsulteerida eelnevalt geneetika ja personaalmeditsiini kliiniku molekulaardiagnostika spetsialistidega, et t\u00e4psustada kas soovitud geeni on v\u00f5imalik uurida MLPA meetodil ja kas vastavad diagnostikumid on laboris olemas. Uuritav materjal, selle v\u00f5tmine, saatmine&hellip;","_links":{"self":[{"href":"https:\/\/www.kliinikum.ee\/yhendlabor\/wp-json\/wp\/v2\/pages\/12621","targetHints":{"allow":["GET"]}}],"collection":[{"href":"https:\/\/www.kliinikum.ee\/yhendlabor\/wp-json\/wp\/v2\/pages"}],"about":[{"href":"https:\/\/www.kliinikum.ee\/yhendlabor\/wp-json\/wp\/v2\/types\/page"}],"author":[{"embeddable":true,"href":"https:\/\/www.kliinikum.ee\/yhendlabor\/wp-json\/wp\/v2\/users\/38"}],"replies":[{"embeddable":true,"href":"https:\/\/www.kliinikum.ee\/yhendlabor\/wp-json\/wp\/v2\/comments?post=12621"}],"version-history":[{"count":0,"href":"https:\/\/www.kliinikum.ee\/yhendlabor\/wp-json\/wp\/v2\/pages\/12621\/revisions"}],"up":[{"embeddable":true,"href":"https:\/\/www.kliinikum.ee\/yhendlabor\/wp-json\/wp\/v2\/pages\/7298"}],"wp:attachment":[{"href":"https:\/\/www.kliinikum.ee\/yhendlabor\/wp-json\/wp\/v2\/media?parent=12621"}],"curies":[{"name":"wp","href":"https:\/\/api.w.org\/{rel}","templated":true}]}}