{"id":12625,"date":"2025-08-10T22:05:05","date_gmt":"2025-08-10T20:05:05","guid":{"rendered":"https:\/\/www.kliinikum.ee\/yhendlabor\/?page_id=12625"},"modified":"2025-12-10T22:28:38","modified_gmt":"2025-12-10T20:28:38","slug":"eksoomi-sekveneerimine-ngs","status":"publish","type":"page","link":"https:\/\/www.kliinikum.ee\/yhendlabor\/kasiraamat\/parilike-haiguste-ja-riskialleelide-uuringud\/eksoomi-sekveneerimine-ngs\/","title":{"rendered":"Eksoomi sekveneerimine (NGS)"},"content":{"rendered":"\n<p><em>Kliinilise geneetika keskus, molekulaardiagnostika labor <a href=\"http:\/\/www.kliinikum.ee\/geneetika\">www.kliinikum.ee\/geneetika<\/a><\/em><\/p>\n\n\n\n<p>Kuna paljud geneetilised haigused on geneetiliselt heterogeensed (v\u00f5ivad olla p\u00f5hjustatud v\u00e4ga paljude erinevate geenide muutustest) v\u00f5i mittespetsiifilise s\u00fcmptomaatikaga, v\u00f5ivad spetsiifilised \u00fche v\u00f5i paari geeni anal\u00fc\u00fcsid osutuda ebaotstarbekaks. Selliste haiguste puhul (nt isoleeritud vaimse arengu mahaj\u00e4\u00e4mus) on v\u00f5imalik geneetilise anal\u00fc\u00fcsina teostada <strong>kogu eksoomi sekveneerimine<\/strong> ehk k\u00f5igi eksonite j\u00e4rjestamine.<\/p>\n\n\n\n<p>Anal\u00fc\u00fcsi saab teostada kas ainult patsiendile v\u00f5i korraga patsiendile ja tema vanematele (nn trio-anal\u00fc\u00fcs). Trio-anal\u00fc\u00fcs v\u00f5imaldab efektiivsemalt leida haigusp\u00f5hjusi eelk\u00f5ige vaimse arengu mahaj\u00e4\u00e4muse, autismi ja teiste haigusgruppide puhul, kus p\u00f5hjuslike tegurite hulgas on suur uusmutatsioonide (<em>de novo<\/em> mutatsioonide) osakaal. Vastavalt kehtivale tervishoiuteenuste loetelule saab kogu eksoomi sekveneerimist diagnostilise uuringuna tellida vaid vasts\u00fcndinu- ja lapseea ebaselge etioloogiaga haiguste ja s\u00fcndroomide puhul. On n\u00f5utud, et uuringu otsuse on teinud ekspertkomisjon, kuhu kuuluvad raviarst ja meditsiinigeneetik. Ekspertkomisjoni otsuse vorm on leitav geneetikakeskuse kodulehelt eksoomi sekveneerimise saatelehtede juurest.<\/p>\n\n\n\n<p>Eksoomi sekveneerimise tulemuslikkus kliinilises diagnostikas on 25\u201330%, s.t diagnoos leitakse keskmiselt igale neljandale patsiendile. Kogu eksoomi sekveneerimisega tuvastatakse punktmutatsioone ja v\u00e4ikseid (kuni k\u00fcmne aluspaari suuruseid) insertsioone-deletsioone (nn indeleid). Suuremate indelite ja eksonite\/geenide deletsioonide\/duplikatsioonide (suurusega alates kolmest j\u00e4rjestikkusest eksonist) tuvastamise t\u00f5en\u00e4osus on v\u00e4iksem. Eksoomi sekveneerimisel ei ole v\u00f5imalik tuvastada kromosomaalseid aberratsioone (trisoomiad, translokatsioonid), \u00fcksikute eksonite deletsioone ja duplikatsioone, kordusj\u00e4rjestuste suurenemisest p\u00f5hjustatud haigusi (nt fragiilse X s\u00fcndroom, Huntingtoni t\u00f5bi jt) ega ka reguleerivate alade muutusi v\u00e4ljaspool eksoneid.<\/p>\n\n\n\n<p>Vastavalt Euroopa Inimesegeneetika \u00dchingu klassifikatsioonile vastab antud anal\u00fc\u00fcs C-t\u00fc\u00fcpi diagnostilisele uuringule, s.t see tugineb \u00fcksnes NGS-metoodikale ja sisaldab katmata alasid eksonites (Eur J Hum Genet. 2016 Jan;24(1):2-5). K\u00f5igi geenide kodeeriv ala kaetakse keskmiselt 95% ulatuses, kuid see v\u00f5ib erineda olenevalt konkreetsest DNA proovist.<\/p>\n\n\n\n<p>Kuna uuritakse k\u00f5iki geene, on v\u00e4ike v\u00f5imalus, et leitakse ka selliseid muutusi, mis ei ole seotud anal\u00fc\u00fcsi n\u00e4idustuseks olnud seisundiga, kuid mis v\u00f5ivad omada olulist m\u00f5ju patsiendi ja\/v\u00f5i pereliikmete tervisele (nt pahaloomuliste kasvajate riski p\u00f5hjustav geenimuutus). Selliseid leide nimetatakse juhuleidudeks ja need edastatakse raviarstile ainult juhul, kui need esinevad rahvusvaheliselt kokkulepitud juhuleidude nimekirjas, mille on kinnitanud Ameerika Meditsiinigeneetika ja Genoomika Kolleegium (ACMG). ACMG nimekiri sisaldab 57 geeni, mille muutusi seostatakse oluliste p\u00e4rilike terviseriskidega, mille avaldumist on v\u00f5imalik j\u00e4lgimise v\u00f5i raviga v\u00e4hendada (nt p\u00e4rilikud v\u00e4his\u00fcndroomid, kardiom\u00fcopaatiad, r\u00fctmih\u00e4ired jne). Samuti on v\u00f5imalik, et trio-anal\u00fc\u00fcsi korral avastatakse, et tegu pole lapse bioloogilise isa v\u00f5i emaga.<\/p>\n\n\n\n<p>Eelnevalt kirjeldatud asjaolude t\u00f5ttu on tingimata vajalik patsiendi vanemate hoolikas uuringueelne n\u00f5ustamine ja spetsiaalsete n\u00f5usolekuvormide allkirjastamine. NB! Kui tellitakse trio-anal\u00fc\u00fcs, on vajalik allkirjastada n\u00f5usolek m\u00f5lema vanema poolt.<\/p>\n\n\n\n<p>K\u00f5ik dokumendivormid ja lisamaterjalid on leitavad aadressilt <a href=\"http:\/\/www.kliinikum.ee\/geneetikakeskus\/saatelehed\/93-saateleht-ja-vajalikud-dokumendid-eksoomi-sekveneerimine-ja-interpretatsioon\">http:\/\/www.kliinikum.ee\/geneetikakeskus\/saatelehed\/93-saateleht-ja-vajalikud-dokumendid-eksoomi-sekveneerimine-ja-interpretatsioon<\/a><\/p>\n\n\n\n<p class=\"has-medium-font-size\"><strong>Uuritav materjal, selle v\u00f5tmine, saatmine ja s\u00e4ilitamine<\/strong><\/p>\n\n\n\n<p>Anal\u00fc\u00fcsi tellimisel tuleb koos proovimaterjaliga molekulaardiagnostika laborisse saata ka j\u00e4rgnevad dokumendid:<strong><\/strong><\/p>\n\n\n\n<ul class=\"wp-block-list\">\n<li>saatekiri \u2013 Kogu eksoomi sekveneerimine<\/li>\n\n\n\n<li>t\u00e4idetud kliinilise info leht koos patsiendi geneetilise sugupuuga<\/li>\n<\/ul>\n\n\n\n<p>Allkirjastatud n\u00f5usolek ja ekspertkomisjoni otsus s\u00e4ilitada haigusloos, kliinilise info lehele teha m\u00e4rge nende olemasolu kohta.<strong><\/strong><\/p>\n\n\n\n<figure class=\"wp-block-table is-style-stripes\"><table width=\"100%\"><tbody><tr><td width=\"1%\"><\/td><td width=\"20%\"><strong>Katsuti<\/strong><\/td><td width=\"79%\">Veri: K2E\/K3E-katsuti (lilla kork) <br>Koet\u00fckid: steriilne katsuti (1,5 mL v\u00f5i suurem)<\/td><\/tr><tr><td><\/td><td><strong>Anal\u00fc\u00fcsitav kogus<\/strong><\/td><td>4\u201310 mL (t\u00e4iskasvanud) <br>2\u20135 mL (lapsed)<\/td><\/tr><tr><td><\/td><td><strong>S\u00e4ilivus<\/strong><\/td><td>Veri +4 \u00b0C juures kuni \u00fcks n\u00e4dal. NB! Mitte k\u00fclmutada!<\/td><\/tr><\/tbody><\/table><\/figure>\n\n\n\n<p>Teiste uuringumaterjalide osas konsulteerida molekulaardiagnostika laboriga, tel. 731 9488 v\u00f5i 731 9487.<\/p>\n\n\n\n<p class=\"has-medium-font-size\"><strong>Anal\u00fc\u00fcsi tegemise aeg: <\/strong>t\u00f6\u00f6p\u00e4eviti, anal\u00fc\u00fcsi valmimisaeg kuni 6 kuud<\/p>\n\n\n\n<p class=\"has-medium-font-size\"><strong>Anal\u00fc\u00fcsimeetodid: <\/strong>j\u00e4rgmise p\u00f5lvkonna sekveneerimistehnoloogia (<em>next generation sequencing \u2013 <\/em>NGS), Illumina<\/p>\n\n\n\n<p class=\"has-medium-font-size\"><strong>Vastuse vorm<\/strong><\/p>\n\n\n\n<p>Haigusp\u00f5hjusliku muutuse tuvastamisel genot\u00fc\u00fcp ja interpretatsioon.<\/p>\n\n\n\n<p class=\"has-medium-font-size\"><strong>N\u00e4idustus<\/strong><\/p>\n\n\n\n<ul class=\"wp-block-list\">\n<li>Patsiendi s\u00fcmptomid ja suguv\u00f5sa anamnees viitavad geneetilisele haigusele, mille jaoks ei ole olemas spetsiifilist geenitesti \u00fche kindla geeni v\u00f5i geenide paneeli anal\u00fc\u00fcsiks.<\/li>\n\n\n\n<li>Patsiendi kliiniline pilt vastab geneetilisele haigusele v\u00f5i haigusr\u00fchmale, millele on iseloomulik suur geneetiline heterogeensus (kahtlustatud haigus v\u00f5ib olla p\u00f5hjustatud mitmete v\u00f5i ka mitmek\u00fcmnete geenide mutatsioonidest)<\/li>\n\n\n\n<li>Patsiendil esineb t\u00f5en\u00e4oliselt geneetiline haigus, kuid spetsiifiliste geenitestidega ei ole haigusp\u00f5hjuslikku mutatsiooni leitud.<\/li>\n<\/ul>\n\n\n\n<p>Koostaja: Sander Pajusalu<br>Muudetud 18.09.2017<\/p>\n","protected":false},"excerpt":{"rendered":"<p>Kliinilise geneetika keskus, molekulaardiagnostika labor www.kliinikum.ee\/geneetika Kuna paljud geneetilised haigused on geneetiliselt heterogeensed (v\u00f5ivad olla p\u00f5hjustatud v\u00e4ga paljude erinevate geenide muutustest) v\u00f5i mittespetsiifilise s\u00fcmptomaatikaga, v\u00f5ivad spetsiifilised \u00fche v\u00f5i paari geeni anal\u00fc\u00fcsid osutuda ebaotstarbekaks. Selliste haiguste puhul (nt isoleeritud vaimse arengu mahaj\u00e4\u00e4mus) on v\u00f5imalik geneetilise anal\u00fc\u00fcsina teostada kogu eksoomi sekveneerimine ehk k\u00f5igi eksonite j\u00e4rjestamine. Anal\u00fc\u00fcsi saab [&hellip;]<\/p>\n","protected":false},"author":38,"featured_media":0,"parent":7298,"menu_order":7,"comment_status":"closed","ping_status":"closed","template":"","meta":{"_uag_custom_page_level_css":"","footnotes":""},"class_list":["post-12625","page","type-page","status-publish","hentry"],"acf":[],"yoast_head":"<!-- This site is optimized with the Yoast SEO plugin v27.3 - https:\/\/yoast.com\/product\/yoast-seo-wordpress\/ -->\n<title>Eksoomi sekveneerimine (NGS) - \u00dchendlabor<\/title>\n<meta name=\"robots\" content=\"index, follow, max-snippet:-1, max-image-preview:large, max-video-preview:-1\" \/>\n<link rel=\"canonical\" href=\"https:\/\/www.kliinikum.ee\/yhendlabor\/kasiraamat\/parilike-haiguste-ja-riskialleelide-uuringud\/eksoomi-sekveneerimine-ngs\/\" \/>\n<meta property=\"og:locale\" content=\"et_EE\" \/>\n<meta property=\"og:type\" content=\"article\" \/>\n<meta property=\"og:title\" content=\"Eksoomi sekveneerimine (NGS) - \u00dchendlabor\" \/>\n<meta property=\"og:description\" content=\"Kliinilise geneetika keskus, molekulaardiagnostika labor www.kliinikum.ee\/geneetika Kuna paljud geneetilised haigused on geneetiliselt heterogeensed (v\u00f5ivad olla p\u00f5hjustatud v\u00e4ga paljude erinevate geenide muutustest) v\u00f5i mittespetsiifilise s\u00fcmptomaatikaga, v\u00f5ivad spetsiifilised \u00fche v\u00f5i paari geeni anal\u00fc\u00fcsid osutuda ebaotstarbekaks. Selliste haiguste puhul (nt isoleeritud vaimse arengu mahaj\u00e4\u00e4mus) on v\u00f5imalik geneetilise anal\u00fc\u00fcsina teostada kogu eksoomi sekveneerimine ehk k\u00f5igi eksonite j\u00e4rjestamine. Anal\u00fc\u00fcsi saab [&hellip;]\" \/>\n<meta property=\"og:url\" content=\"https:\/\/www.kliinikum.ee\/yhendlabor\/kasiraamat\/parilike-haiguste-ja-riskialleelide-uuringud\/eksoomi-sekveneerimine-ngs\/\" \/>\n<meta property=\"og:site_name\" content=\"\u00dchendlabor\" \/>\n<meta property=\"article:modified_time\" content=\"2025-12-10T20:28:38+00:00\" \/>\n<meta name=\"twitter:card\" content=\"summary_large_image\" \/>\n<meta name=\"twitter:label1\" content=\"Est. reading time\" \/>\n\t<meta name=\"twitter:data1\" content=\"4 minutit\" \/>\n<script type=\"application\/ld+json\" class=\"yoast-schema-graph\">{\"@context\":\"https:\\\/\\\/schema.org\",\"@graph\":[{\"@type\":\"WebPage\",\"@id\":\"https:\\\/\\\/www.kliinikum.ee\\\/yhendlabor\\\/kasiraamat\\\/parilike-haiguste-ja-riskialleelide-uuringud\\\/eksoomi-sekveneerimine-ngs\\\/\",\"url\":\"https:\\\/\\\/www.kliinikum.ee\\\/yhendlabor\\\/kasiraamat\\\/parilike-haiguste-ja-riskialleelide-uuringud\\\/eksoomi-sekveneerimine-ngs\\\/\",\"name\":\"Eksoomi sekveneerimine (NGS) - \u00dchendlabor\",\"isPartOf\":{\"@id\":\"https:\\\/\\\/www.kliinikum.ee\\\/yhendlabor\\\/#website\"},\"datePublished\":\"2025-08-10T20:05:05+00:00\",\"dateModified\":\"2025-12-10T20:28:38+00:00\",\"breadcrumb\":{\"@id\":\"https:\\\/\\\/www.kliinikum.ee\\\/yhendlabor\\\/kasiraamat\\\/parilike-haiguste-ja-riskialleelide-uuringud\\\/eksoomi-sekveneerimine-ngs\\\/#breadcrumb\"},\"inLanguage\":\"et\",\"potentialAction\":[{\"@type\":\"ReadAction\",\"target\":[\"https:\\\/\\\/www.kliinikum.ee\\\/yhendlabor\\\/kasiraamat\\\/parilike-haiguste-ja-riskialleelide-uuringud\\\/eksoomi-sekveneerimine-ngs\\\/\"]}]},{\"@type\":\"BreadcrumbList\",\"@id\":\"https:\\\/\\\/www.kliinikum.ee\\\/yhendlabor\\\/kasiraamat\\\/parilike-haiguste-ja-riskialleelide-uuringud\\\/eksoomi-sekveneerimine-ngs\\\/#breadcrumb\",\"itemListElement\":[{\"@type\":\"ListItem\",\"position\":1,\"name\":\"Home\",\"item\":\"https:\\\/\\\/www.kliinikum.ee\\\/yhendlabor\\\/\"},{\"@type\":\"ListItem\",\"position\":2,\"name\":\"K\u00e4siraamat\",\"item\":\"https:\\\/\\\/www.kliinikum.ee\\\/yhendlabor\\\/kasiraamat\\\/\"},{\"@type\":\"ListItem\",\"position\":3,\"name\":\"P\u00e4rilike haiguste ja riskialleelide uuringud\",\"item\":\"https:\\\/\\\/www.kliinikum.ee\\\/yhendlabor\\\/kasiraamat\\\/parilike-haiguste-ja-riskialleelide-uuringud\\\/\"},{\"@type\":\"ListItem\",\"position\":4,\"name\":\"Eksoomi sekveneerimine (NGS)\"}]},{\"@type\":\"WebSite\",\"@id\":\"https:\\\/\\\/www.kliinikum.ee\\\/yhendlabor\\\/#website\",\"url\":\"https:\\\/\\\/www.kliinikum.ee\\\/yhendlabor\\\/\",\"name\":\"\u00dchendlabor\",\"description\":\"Hoolivus, Uuendusmeelsus, P\u00e4devus ja Usaldusv\u00e4\u00e4rsus\",\"potentialAction\":[{\"@type\":\"SearchAction\",\"target\":{\"@type\":\"EntryPoint\",\"urlTemplate\":\"https:\\\/\\\/www.kliinikum.ee\\\/yhendlabor\\\/?s={search_term_string}\"},\"query-input\":{\"@type\":\"PropertyValueSpecification\",\"valueRequired\":true,\"valueName\":\"search_term_string\"}}],\"inLanguage\":\"et\"}]}<\/script>\n<!-- \/ Yoast SEO plugin. -->","yoast_head_json":{"title":"Eksoomi sekveneerimine (NGS) - \u00dchendlabor","robots":{"index":"index","follow":"follow","max-snippet":"max-snippet:-1","max-image-preview":"max-image-preview:large","max-video-preview":"max-video-preview:-1"},"canonical":"https:\/\/www.kliinikum.ee\/yhendlabor\/kasiraamat\/parilike-haiguste-ja-riskialleelide-uuringud\/eksoomi-sekveneerimine-ngs\/","og_locale":"et_EE","og_type":"article","og_title":"Eksoomi sekveneerimine (NGS) - \u00dchendlabor","og_description":"Kliinilise geneetika keskus, molekulaardiagnostika labor www.kliinikum.ee\/geneetika Kuna paljud geneetilised haigused on geneetiliselt heterogeensed (v\u00f5ivad olla p\u00f5hjustatud v\u00e4ga paljude erinevate geenide muutustest) v\u00f5i mittespetsiifilise s\u00fcmptomaatikaga, v\u00f5ivad spetsiifilised \u00fche v\u00f5i paari geeni anal\u00fc\u00fcsid osutuda ebaotstarbekaks. Selliste haiguste puhul (nt isoleeritud vaimse arengu mahaj\u00e4\u00e4mus) on v\u00f5imalik geneetilise anal\u00fc\u00fcsina teostada kogu eksoomi sekveneerimine ehk k\u00f5igi eksonite j\u00e4rjestamine. Anal\u00fc\u00fcsi saab [&hellip;]","og_url":"https:\/\/www.kliinikum.ee\/yhendlabor\/kasiraamat\/parilike-haiguste-ja-riskialleelide-uuringud\/eksoomi-sekveneerimine-ngs\/","og_site_name":"\u00dchendlabor","article_modified_time":"2025-12-10T20:28:38+00:00","twitter_card":"summary_large_image","twitter_misc":{"Est. reading time":"4 minutit"},"schema":{"@context":"https:\/\/schema.org","@graph":[{"@type":"WebPage","@id":"https:\/\/www.kliinikum.ee\/yhendlabor\/kasiraamat\/parilike-haiguste-ja-riskialleelide-uuringud\/eksoomi-sekveneerimine-ngs\/","url":"https:\/\/www.kliinikum.ee\/yhendlabor\/kasiraamat\/parilike-haiguste-ja-riskialleelide-uuringud\/eksoomi-sekveneerimine-ngs\/","name":"Eksoomi sekveneerimine (NGS) - \u00dchendlabor","isPartOf":{"@id":"https:\/\/www.kliinikum.ee\/yhendlabor\/#website"},"datePublished":"2025-08-10T20:05:05+00:00","dateModified":"2025-12-10T20:28:38+00:00","breadcrumb":{"@id":"https:\/\/www.kliinikum.ee\/yhendlabor\/kasiraamat\/parilike-haiguste-ja-riskialleelide-uuringud\/eksoomi-sekveneerimine-ngs\/#breadcrumb"},"inLanguage":"et","potentialAction":[{"@type":"ReadAction","target":["https:\/\/www.kliinikum.ee\/yhendlabor\/kasiraamat\/parilike-haiguste-ja-riskialleelide-uuringud\/eksoomi-sekveneerimine-ngs\/"]}]},{"@type":"BreadcrumbList","@id":"https:\/\/www.kliinikum.ee\/yhendlabor\/kasiraamat\/parilike-haiguste-ja-riskialleelide-uuringud\/eksoomi-sekveneerimine-ngs\/#breadcrumb","itemListElement":[{"@type":"ListItem","position":1,"name":"Home","item":"https:\/\/www.kliinikum.ee\/yhendlabor\/"},{"@type":"ListItem","position":2,"name":"K\u00e4siraamat","item":"https:\/\/www.kliinikum.ee\/yhendlabor\/kasiraamat\/"},{"@type":"ListItem","position":3,"name":"P\u00e4rilike haiguste ja riskialleelide uuringud","item":"https:\/\/www.kliinikum.ee\/yhendlabor\/kasiraamat\/parilike-haiguste-ja-riskialleelide-uuringud\/"},{"@type":"ListItem","position":4,"name":"Eksoomi sekveneerimine (NGS)"}]},{"@type":"WebSite","@id":"https:\/\/www.kliinikum.ee\/yhendlabor\/#website","url":"https:\/\/www.kliinikum.ee\/yhendlabor\/","name":"\u00dchendlabor","description":"Hoolivus, Uuendusmeelsus, P\u00e4devus ja Usaldusv\u00e4\u00e4rsus","potentialAction":[{"@type":"SearchAction","target":{"@type":"EntryPoint","urlTemplate":"https:\/\/www.kliinikum.ee\/yhendlabor\/?s={search_term_string}"},"query-input":{"@type":"PropertyValueSpecification","valueRequired":true,"valueName":"search_term_string"}}],"inLanguage":"et"}]}},"uagb_featured_image_src":{"full":false,"thumbnail":false,"medium":false,"medium_large":false,"large":false,"1536x1536":false,"2048x2048":false},"uagb_author_info":{"display_name":"Kadi Siigur","author_link":"https:\/\/www.kliinikum.ee\/yhendlabor\/author\/kadisi\/"},"uagb_comment_info":0,"uagb_excerpt":"Kliinilise geneetika keskus, molekulaardiagnostika labor www.kliinikum.ee\/geneetika Kuna paljud geneetilised haigused on geneetiliselt heterogeensed (v\u00f5ivad olla p\u00f5hjustatud v\u00e4ga paljude erinevate geenide muutustest) v\u00f5i mittespetsiifilise s\u00fcmptomaatikaga, v\u00f5ivad spetsiifilised \u00fche v\u00f5i paari geeni anal\u00fc\u00fcsid osutuda ebaotstarbekaks. Selliste haiguste puhul (nt isoleeritud vaimse arengu mahaj\u00e4\u00e4mus) on v\u00f5imalik geneetilise anal\u00fc\u00fcsina teostada kogu eksoomi sekveneerimine ehk k\u00f5igi eksonite j\u00e4rjestamine. Anal\u00fc\u00fcsi saab&hellip;","_links":{"self":[{"href":"https:\/\/www.kliinikum.ee\/yhendlabor\/wp-json\/wp\/v2\/pages\/12625","targetHints":{"allow":["GET"]}}],"collection":[{"href":"https:\/\/www.kliinikum.ee\/yhendlabor\/wp-json\/wp\/v2\/pages"}],"about":[{"href":"https:\/\/www.kliinikum.ee\/yhendlabor\/wp-json\/wp\/v2\/types\/page"}],"author":[{"embeddable":true,"href":"https:\/\/www.kliinikum.ee\/yhendlabor\/wp-json\/wp\/v2\/users\/38"}],"replies":[{"embeddable":true,"href":"https:\/\/www.kliinikum.ee\/yhendlabor\/wp-json\/wp\/v2\/comments?post=12625"}],"version-history":[{"count":0,"href":"https:\/\/www.kliinikum.ee\/yhendlabor\/wp-json\/wp\/v2\/pages\/12625\/revisions"}],"up":[{"embeddable":true,"href":"https:\/\/www.kliinikum.ee\/yhendlabor\/wp-json\/wp\/v2\/pages\/7298"}],"wp:attachment":[{"href":"https:\/\/www.kliinikum.ee\/yhendlabor\/wp-json\/wp\/v2\/media?parent=12625"}],"curies":[{"name":"wp","href":"https:\/\/api.w.org\/{rel}","templated":true}]}}