{"id":12633,"date":"2025-08-10T22:21:43","date_gmt":"2025-08-10T20:21:43","guid":{"rendered":"https:\/\/www.kliinikum.ee\/yhendlabor\/?page_id=12633"},"modified":"2025-12-10T22:32:09","modified_gmt":"2025-12-10T20:32:09","slug":"folliikuleid-stimuleeriva-hormooni-beetaalauhiku-fshb-c-211gt-geenivariant","status":"publish","type":"page","link":"https:\/\/www.kliinikum.ee\/yhendlabor\/kasiraamat\/parilike-haiguste-ja-riskialleelide-uuringud\/folliikuleid-stimuleeriva-hormooni-beetaalauhiku-fshb-c-211gt-geenivariant\/","title":{"rendered":"Folliikuleid stimuleeriva hormooni beetaala\u00fchiku (FSHB) c.-211G>T geenivariant"},"content":{"rendered":"\n<p><em>Geneetika ja personaalmeditsiini kliinik, laboratoorse geneetika osakond, molekulaardiagnostika labor, tel. 731 9487, <a href=\"http:\/\/www.kliinikum.ee\/geneetika\">www.kliinikum.ee\/geneetika<\/a><\/em><\/p>\n\n\n\n<p><strong>Folliikuleid stimuleerivat hormooni (FSH)<\/strong> toodetakse h\u00fcpof\u00fc\u00fcsis ja see reguleerib gonaadide funktsiooni m\u00f5lemast soost imetajatel. Meestel aktiveerib FSH loote ja vasts\u00fcndinu perioodis Sertoli rakkude proliferatsiooni ning indutseerib puberteedis spermatogoonide mitootilist aktiivsust. FSHB geeni 5` regulatoorses promootoralas on leitud pol\u00fcmorfism rs10835638, <strong>c.-211G>T<\/strong>, mida seostatakse madalama FSH tasemega seerumis ning madalama FSH\/LH (luteiniseeriv hormoon) suhtega. Kirjanduse andmetel erinevad keskmised FSH tasemed seerumis GG ja TT homos\u00fcgootidel kuni 48,5%. Sama pol\u00fcmorfismi on seostatud ka testiste mahu ja vaba androgeeni indeksi olulise v\u00e4henemisega ning samas spermide mahu, suguhormooni siduva globuliini, seerumi testosterooni ja \u00f6stradiooli taseme suurenemisega. Infertiilsete meeste hulgas esineb -211T alleeli rohkem kui samaealiste meeste \u00fcldpopulatsioonis.<\/p>\n\n\n\n<p class=\"has-medium-font-size\"><strong>Uuritavad muutused<\/strong><\/p>\n\n\n\n<ul class=\"wp-block-list\">\n<li>FSHB geeni promootoralas muutus c.-211G&gt;T.<\/li>\n<\/ul>\n\n\n\n<p class=\"has-medium-font-size\"><strong>Uuritav materjal, selle v\u00f5tmine, saatmine ja s\u00e4ilitamine<\/strong><strong><\/strong><\/p>\n\n\n\n<p>Anal\u00fc\u00fcsi tellimisel tuleb kasutada Folliikuleid stimuleeriva hormooni beeta-ala\u00fchiku (FSHB) c.-211G&gt;T geenivariandi saatelehte.<\/p>\n\n\n\n<figure class=\"wp-block-table is-style-stripes\"><table width=\"100%\"><tbody><tr><td width=\"1%\"><\/td><td width=\"20%\"><strong>Katsuti<\/strong><\/td><td width=\"79%\">Veri: K2E\/K3E-katsuti (lilla kork)<\/td><\/tr><tr><td><\/td><td><strong>Anal\u00fc\u00fcsitav kogus<\/strong><\/td><td>4\u201310 mL (t\u00e4iskasvanud)<\/td><\/tr><tr><td><\/td><td><strong>S\u00e4ilivus<\/strong><\/td><td>Veri +4 \u00b0C juures kuni \u00fcks n\u00e4dal. NB! Mitte k\u00fclmutada!<\/td><\/tr><\/tbody><\/table><\/figure>\n\n\n\n<p>Teiste uuringumaterjalide osas konsulteerida geneetikakeskuse arstidega.<\/p>\n\n\n\n<p class=\"has-medium-font-size\"><strong>Anal\u00fc\u00fcsi tegemise aeg: <\/strong>t\u00f6\u00f6p\u00e4eviti, anal\u00fc\u00fcsi valmimisaeg 2\u20133 n\u00e4dalat alates laborisse saabumise kuup\u00e4evast.<\/p>\n\n\n\n<p class=\"has-medium-font-size\"><strong>Anal\u00fc\u00fcsimeetod: <\/strong>pol\u00fcmeraasi ahelreaktsioon (PCR) ja restriktsioonianal\u00fc\u00fcs<\/p>\n\n\n\n<p class=\"has-medium-font-size\"><strong>Vastuse vorm<\/strong><\/p>\n\n\n\n<p>Genot\u00fc\u00fcp ja interpretatsioon.<\/p>\n\n\n\n<p class=\"has-medium-font-size\"><strong>N\u00e4idustus<\/strong><\/p>\n\n\n\n<p>Meeste infertiilsus, kui sellega kaasneb madal FSH tase seerumis.<\/p>\n\n\n\n<p>Koostaja: Tiina Kahre<br>Muudetud: 05.12.2022<\/p>\n","protected":false},"excerpt":{"rendered":"<p>Geneetika ja personaalmeditsiini kliinik, laboratoorse geneetika osakond, molekulaardiagnostika labor, tel. 731 9487, www.kliinikum.ee\/geneetika Folliikuleid stimuleerivat hormooni (FSH) toodetakse h\u00fcpof\u00fc\u00fcsis ja see reguleerib gonaadide funktsiooni m\u00f5lemast soost imetajatel. Meestel aktiveerib FSH loote ja vasts\u00fcndinu perioodis Sertoli rakkude proliferatsiooni ning indutseerib puberteedis spermatogoonide mitootilist aktiivsust. FSHB geeni 5` regulatoorses promootoralas on leitud pol\u00fcmorfism rs10835638, c.-211G>T, mida seostatakse [&hellip;]<\/p>\n","protected":false},"author":38,"featured_media":0,"parent":7298,"menu_order":9,"comment_status":"closed","ping_status":"closed","template":"","meta":{"_uag_custom_page_level_css":"","footnotes":""},"class_list":["post-12633","page","type-page","status-publish","hentry"],"acf":[],"yoast_head":"<!-- This site is optimized with the Yoast SEO plugin v27.3 - https:\/\/yoast.com\/product\/yoast-seo-wordpress\/ -->\n<title>Folliikuleid stimuleeriva hormooni beetaala\u00fchiku (FSHB) c.-211G&gt;T geenivariant - \u00dchendlabor<\/title>\n<meta name=\"robots\" content=\"index, follow, max-snippet:-1, max-image-preview:large, max-video-preview:-1\" \/>\n<link rel=\"canonical\" href=\"https:\/\/www.kliinikum.ee\/yhendlabor\/kasiraamat\/parilike-haiguste-ja-riskialleelide-uuringud\/folliikuleid-stimuleeriva-hormooni-beetaalauhiku-fshb-c-211gt-geenivariant\/\" \/>\n<meta property=\"og:locale\" content=\"et_EE\" \/>\n<meta property=\"og:type\" content=\"article\" \/>\n<meta property=\"og:title\" content=\"Folliikuleid stimuleeriva hormooni beetaala\u00fchiku (FSHB) c.-211G&gt;T geenivariant - \u00dchendlabor\" \/>\n<meta property=\"og:description\" content=\"Geneetika ja personaalmeditsiini kliinik, laboratoorse geneetika osakond, molekulaardiagnostika labor, tel. 731 9487, www.kliinikum.ee\/geneetika Folliikuleid stimuleerivat hormooni (FSH) toodetakse h\u00fcpof\u00fc\u00fcsis ja see reguleerib gonaadide funktsiooni m\u00f5lemast soost imetajatel. Meestel aktiveerib FSH loote ja vasts\u00fcndinu perioodis Sertoli rakkude proliferatsiooni ning indutseerib puberteedis spermatogoonide mitootilist aktiivsust. FSHB geeni 5` regulatoorses promootoralas on leitud pol\u00fcmorfism rs10835638, c.-211G&gt;T, mida seostatakse [&hellip;]\" \/>\n<meta property=\"og:url\" content=\"https:\/\/www.kliinikum.ee\/yhendlabor\/kasiraamat\/parilike-haiguste-ja-riskialleelide-uuringud\/folliikuleid-stimuleeriva-hormooni-beetaalauhiku-fshb-c-211gt-geenivariant\/\" \/>\n<meta property=\"og:site_name\" content=\"\u00dchendlabor\" \/>\n<meta property=\"article:modified_time\" content=\"2025-12-10T20:32:09+00:00\" \/>\n<meta name=\"twitter:card\" content=\"summary_large_image\" \/>\n<meta name=\"twitter:label1\" content=\"Est. reading time\" \/>\n\t<meta name=\"twitter:data1\" content=\"2 minutit\" \/>\n<script type=\"application\/ld+json\" class=\"yoast-schema-graph\">{\"@context\":\"https:\\\/\\\/schema.org\",\"@graph\":[{\"@type\":\"WebPage\",\"@id\":\"https:\\\/\\\/www.kliinikum.ee\\\/yhendlabor\\\/kasiraamat\\\/parilike-haiguste-ja-riskialleelide-uuringud\\\/folliikuleid-stimuleeriva-hormooni-beetaalauhiku-fshb-c-211gt-geenivariant\\\/\",\"url\":\"https:\\\/\\\/www.kliinikum.ee\\\/yhendlabor\\\/kasiraamat\\\/parilike-haiguste-ja-riskialleelide-uuringud\\\/folliikuleid-stimuleeriva-hormooni-beetaalauhiku-fshb-c-211gt-geenivariant\\\/\",\"name\":\"Folliikuleid stimuleeriva hormooni beetaala\u00fchiku (FSHB) c.-211G>T geenivariant - \u00dchendlabor\",\"isPartOf\":{\"@id\":\"https:\\\/\\\/www.kliinikum.ee\\\/yhendlabor\\\/#website\"},\"datePublished\":\"2025-08-10T20:21:43+00:00\",\"dateModified\":\"2025-12-10T20:32:09+00:00\",\"breadcrumb\":{\"@id\":\"https:\\\/\\\/www.kliinikum.ee\\\/yhendlabor\\\/kasiraamat\\\/parilike-haiguste-ja-riskialleelide-uuringud\\\/folliikuleid-stimuleeriva-hormooni-beetaalauhiku-fshb-c-211gt-geenivariant\\\/#breadcrumb\"},\"inLanguage\":\"et\",\"potentialAction\":[{\"@type\":\"ReadAction\",\"target\":[\"https:\\\/\\\/www.kliinikum.ee\\\/yhendlabor\\\/kasiraamat\\\/parilike-haiguste-ja-riskialleelide-uuringud\\\/folliikuleid-stimuleeriva-hormooni-beetaalauhiku-fshb-c-211gt-geenivariant\\\/\"]}]},{\"@type\":\"BreadcrumbList\",\"@id\":\"https:\\\/\\\/www.kliinikum.ee\\\/yhendlabor\\\/kasiraamat\\\/parilike-haiguste-ja-riskialleelide-uuringud\\\/folliikuleid-stimuleeriva-hormooni-beetaalauhiku-fshb-c-211gt-geenivariant\\\/#breadcrumb\",\"itemListElement\":[{\"@type\":\"ListItem\",\"position\":1,\"name\":\"Home\",\"item\":\"https:\\\/\\\/www.kliinikum.ee\\\/yhendlabor\\\/\"},{\"@type\":\"ListItem\",\"position\":2,\"name\":\"K\u00e4siraamat\",\"item\":\"https:\\\/\\\/www.kliinikum.ee\\\/yhendlabor\\\/kasiraamat\\\/\"},{\"@type\":\"ListItem\",\"position\":3,\"name\":\"P\u00e4rilike haiguste ja riskialleelide uuringud\",\"item\":\"https:\\\/\\\/www.kliinikum.ee\\\/yhendlabor\\\/kasiraamat\\\/parilike-haiguste-ja-riskialleelide-uuringud\\\/\"},{\"@type\":\"ListItem\",\"position\":4,\"name\":\"Folliikuleid stimuleeriva hormooni beetaala\u00fchiku (FSHB) c.-211G>T geenivariant\"}]},{\"@type\":\"WebSite\",\"@id\":\"https:\\\/\\\/www.kliinikum.ee\\\/yhendlabor\\\/#website\",\"url\":\"https:\\\/\\\/www.kliinikum.ee\\\/yhendlabor\\\/\",\"name\":\"\u00dchendlabor\",\"description\":\"Hoolivus, Uuendusmeelsus, P\u00e4devus ja Usaldusv\u00e4\u00e4rsus\",\"potentialAction\":[{\"@type\":\"SearchAction\",\"target\":{\"@type\":\"EntryPoint\",\"urlTemplate\":\"https:\\\/\\\/www.kliinikum.ee\\\/yhendlabor\\\/?s={search_term_string}\"},\"query-input\":{\"@type\":\"PropertyValueSpecification\",\"valueRequired\":true,\"valueName\":\"search_term_string\"}}],\"inLanguage\":\"et\"}]}<\/script>\n<!-- \/ Yoast SEO plugin. -->","yoast_head_json":{"title":"Folliikuleid stimuleeriva hormooni beetaala\u00fchiku (FSHB) c.-211G>T geenivariant - \u00dchendlabor","robots":{"index":"index","follow":"follow","max-snippet":"max-snippet:-1","max-image-preview":"max-image-preview:large","max-video-preview":"max-video-preview:-1"},"canonical":"https:\/\/www.kliinikum.ee\/yhendlabor\/kasiraamat\/parilike-haiguste-ja-riskialleelide-uuringud\/folliikuleid-stimuleeriva-hormooni-beetaalauhiku-fshb-c-211gt-geenivariant\/","og_locale":"et_EE","og_type":"article","og_title":"Folliikuleid stimuleeriva hormooni beetaala\u00fchiku (FSHB) c.-211G>T geenivariant - \u00dchendlabor","og_description":"Geneetika ja personaalmeditsiini kliinik, laboratoorse geneetika osakond, molekulaardiagnostika labor, tel. 731 9487, www.kliinikum.ee\/geneetika Folliikuleid stimuleerivat hormooni (FSH) toodetakse h\u00fcpof\u00fc\u00fcsis ja see reguleerib gonaadide funktsiooni m\u00f5lemast soost imetajatel. Meestel aktiveerib FSH loote ja vasts\u00fcndinu perioodis Sertoli rakkude proliferatsiooni ning indutseerib puberteedis spermatogoonide mitootilist aktiivsust. FSHB geeni 5` regulatoorses promootoralas on leitud pol\u00fcmorfism rs10835638, c.-211G>T, mida seostatakse [&hellip;]","og_url":"https:\/\/www.kliinikum.ee\/yhendlabor\/kasiraamat\/parilike-haiguste-ja-riskialleelide-uuringud\/folliikuleid-stimuleeriva-hormooni-beetaalauhiku-fshb-c-211gt-geenivariant\/","og_site_name":"\u00dchendlabor","article_modified_time":"2025-12-10T20:32:09+00:00","twitter_card":"summary_large_image","twitter_misc":{"Est. reading time":"2 minutit"},"schema":{"@context":"https:\/\/schema.org","@graph":[{"@type":"WebPage","@id":"https:\/\/www.kliinikum.ee\/yhendlabor\/kasiraamat\/parilike-haiguste-ja-riskialleelide-uuringud\/folliikuleid-stimuleeriva-hormooni-beetaalauhiku-fshb-c-211gt-geenivariant\/","url":"https:\/\/www.kliinikum.ee\/yhendlabor\/kasiraamat\/parilike-haiguste-ja-riskialleelide-uuringud\/folliikuleid-stimuleeriva-hormooni-beetaalauhiku-fshb-c-211gt-geenivariant\/","name":"Folliikuleid stimuleeriva hormooni beetaala\u00fchiku (FSHB) c.-211G>T geenivariant - \u00dchendlabor","isPartOf":{"@id":"https:\/\/www.kliinikum.ee\/yhendlabor\/#website"},"datePublished":"2025-08-10T20:21:43+00:00","dateModified":"2025-12-10T20:32:09+00:00","breadcrumb":{"@id":"https:\/\/www.kliinikum.ee\/yhendlabor\/kasiraamat\/parilike-haiguste-ja-riskialleelide-uuringud\/folliikuleid-stimuleeriva-hormooni-beetaalauhiku-fshb-c-211gt-geenivariant\/#breadcrumb"},"inLanguage":"et","potentialAction":[{"@type":"ReadAction","target":["https:\/\/www.kliinikum.ee\/yhendlabor\/kasiraamat\/parilike-haiguste-ja-riskialleelide-uuringud\/folliikuleid-stimuleeriva-hormooni-beetaalauhiku-fshb-c-211gt-geenivariant\/"]}]},{"@type":"BreadcrumbList","@id":"https:\/\/www.kliinikum.ee\/yhendlabor\/kasiraamat\/parilike-haiguste-ja-riskialleelide-uuringud\/folliikuleid-stimuleeriva-hormooni-beetaalauhiku-fshb-c-211gt-geenivariant\/#breadcrumb","itemListElement":[{"@type":"ListItem","position":1,"name":"Home","item":"https:\/\/www.kliinikum.ee\/yhendlabor\/"},{"@type":"ListItem","position":2,"name":"K\u00e4siraamat","item":"https:\/\/www.kliinikum.ee\/yhendlabor\/kasiraamat\/"},{"@type":"ListItem","position":3,"name":"P\u00e4rilike haiguste ja riskialleelide uuringud","item":"https:\/\/www.kliinikum.ee\/yhendlabor\/kasiraamat\/parilike-haiguste-ja-riskialleelide-uuringud\/"},{"@type":"ListItem","position":4,"name":"Folliikuleid stimuleeriva hormooni beetaala\u00fchiku (FSHB) c.-211G>T geenivariant"}]},{"@type":"WebSite","@id":"https:\/\/www.kliinikum.ee\/yhendlabor\/#website","url":"https:\/\/www.kliinikum.ee\/yhendlabor\/","name":"\u00dchendlabor","description":"Hoolivus, Uuendusmeelsus, P\u00e4devus ja Usaldusv\u00e4\u00e4rsus","potentialAction":[{"@type":"SearchAction","target":{"@type":"EntryPoint","urlTemplate":"https:\/\/www.kliinikum.ee\/yhendlabor\/?s={search_term_string}"},"query-input":{"@type":"PropertyValueSpecification","valueRequired":true,"valueName":"search_term_string"}}],"inLanguage":"et"}]}},"uagb_featured_image_src":{"full":false,"thumbnail":false,"medium":false,"medium_large":false,"large":false,"1536x1536":false,"2048x2048":false},"uagb_author_info":{"display_name":"Kadi Siigur","author_link":"https:\/\/www.kliinikum.ee\/yhendlabor\/author\/kadisi\/"},"uagb_comment_info":0,"uagb_excerpt":"Geneetika ja personaalmeditsiini kliinik, laboratoorse geneetika osakond, molekulaardiagnostika labor, tel. 731 9487, www.kliinikum.ee\/geneetika Folliikuleid stimuleerivat hormooni (FSH) toodetakse h\u00fcpof\u00fc\u00fcsis ja see reguleerib gonaadide funktsiooni m\u00f5lemast soost imetajatel. Meestel aktiveerib FSH loote ja vasts\u00fcndinu perioodis Sertoli rakkude proliferatsiooni ning indutseerib puberteedis spermatogoonide mitootilist aktiivsust. FSHB geeni 5` regulatoorses promootoralas on leitud pol\u00fcmorfism rs10835638, c.-211G>T, mida seostatakse&hellip;","_links":{"self":[{"href":"https:\/\/www.kliinikum.ee\/yhendlabor\/wp-json\/wp\/v2\/pages\/12633","targetHints":{"allow":["GET"]}}],"collection":[{"href":"https:\/\/www.kliinikum.ee\/yhendlabor\/wp-json\/wp\/v2\/pages"}],"about":[{"href":"https:\/\/www.kliinikum.ee\/yhendlabor\/wp-json\/wp\/v2\/types\/page"}],"author":[{"embeddable":true,"href":"https:\/\/www.kliinikum.ee\/yhendlabor\/wp-json\/wp\/v2\/users\/38"}],"replies":[{"embeddable":true,"href":"https:\/\/www.kliinikum.ee\/yhendlabor\/wp-json\/wp\/v2\/comments?post=12633"}],"version-history":[{"count":0,"href":"https:\/\/www.kliinikum.ee\/yhendlabor\/wp-json\/wp\/v2\/pages\/12633\/revisions"}],"up":[{"embeddable":true,"href":"https:\/\/www.kliinikum.ee\/yhendlabor\/wp-json\/wp\/v2\/pages\/7298"}],"wp:attachment":[{"href":"https:\/\/www.kliinikum.ee\/yhendlabor\/wp-json\/wp\/v2\/media?parent=12633"}],"curies":[{"name":"wp","href":"https:\/\/api.w.org\/{rel}","templated":true}]}}