{"id":12693,"date":"2025-08-14T17:43:41","date_gmt":"2025-08-14T15:43:41","guid":{"rendered":"https:\/\/www.kliinikum.ee\/yhendlabor\/?page_id=12693"},"modified":"2025-12-22T00:56:28","modified_gmt":"2025-12-21T22:56:28","slug":"hupolaktaasia-taiskasvanutel-lct-geeni-c-13910ct-variant","status":"publish","type":"page","link":"https:\/\/www.kliinikum.ee\/yhendlabor\/kasiraamat\/parilike-haiguste-ja-riskialleelide-uuringud\/hupolaktaasia-taiskasvanutel-lct-geeni-c-13910ct-variant\/","title":{"rendered":"H\u00fcpolaktaasia t\u00e4iskasvanutel \u2013 LCT geeni c.-13910C>T variant"},"content":{"rendered":"\n<p><em>Geneetika ja personaalmeditsiini kliinik, laboratoorse geneetika osakond, molekulaardiagnostika labor, tel. 731 9487, 731 9488, <a href=\"http:\/\/www.kliinikum.ee\/geneetika\">www.kliinikum.ee\/geneetika<\/a><\/em><\/p>\n\n\n\n<p>T\u00e4iskasvanu t\u00fc\u00fcpi <strong>h\u00fcpolaktaasia <\/strong>on tingitud laktaasi (laktaas-florisiini h\u00fcdrolaasi, LPH) aktiivsuse v\u00e4henemisest ja p\u00e4randub autosoom-retsessiivselt. Peamine piimas esinevs\u00fcsivesik laktoos l\u00f5hustatakse sooles ens\u00fc\u00fcmi laktaasi poolt galaktoosiks ja gl\u00fckoosiks.<\/p>\n\n\n\n<p>Osadel inimestel s\u00e4ilib ens\u00fc\u00fcmi k\u00f5rge aktiivsus ka t\u00e4iskasvanueas, kuid osadel aktiivsus langeb peale rinnapiimast v\u00f5\u00f5rutamist. Laktaasi k\u00f5rge aktiivsuse s\u00e4ilimine on eriti sage P\u00f5hja-Euroopa rahvastel.<\/p>\n\n\n\n<p>H\u00fcpolaktaasia p\u00e4riliku eelsoodumusega on seostatud LCT geenivarianti -13910C&gt;T. Inimese \u00fchenukleotiidsete pol\u00fcmorfismide kataloogis on vastavaks t\u00e4hiseks rs4988235. See variant asub tegelikult LCT geenile eelneva MCM6 geeni 13. intronis (HGVS j\u00e4rgi c.1917+326C&gt;T), mis funktsioneerib laktaasi geeni v\u00f5imendajana (ingl. k <em>enhancer<\/em>). Antud C&gt;T pol\u00fcmorfism osaleb t\u00f5en\u00e4oliselt laktaasi geeni avaldumise regulatsioonis, m\u00f5jutades transkriptsioonifaktor AP-2 seostumiskohta. Seejuures C alleel on evolutsiooniliselt vanem ja T alleel noorem.<\/p>\n\n\n\n<p>H\u00fcpolaktaasia eelsoodumust seostatakse C alleeli homos\u00fcgootsusega, mille sagedus Eesti rahvastikus on uuringute andmetel ca 25% (24,8% Lember, M. 2006; 28,3% Esko, T. 2007). Euroopas on C alleeli suhtes homos\u00fcgootseid isikuid HapMap andmetel keskmiselt 8,8%, aga esinemissagedus varieerub piirkonniti suurel m\u00e4\u00e4ral.<\/p>\n\n\n\n<p class=\"has-medium-font-size\"><strong>Uuritav mutatsioon<\/strong><\/p>\n\n\n\n<ul class=\"wp-block-list\">\n<li>LCT geeni -13910C&gt;T variandi m\u00e4\u00e4ramine.<\/li>\n<\/ul>\n\n\n\n<p class=\"has-medium-font-size\"><strong>Uuritav materjal, selle v\u00f5tmine, saatmine ja s\u00e4ilitamine<\/strong><\/p>\n\n\n\n<p>Elektroonse tellimisv\u00f5imaluse puudumisel tuleb kasutada <em>H\u00fcpolaktaasia t\u00e4iskasvanutel \u2013 LCT geeni c.-13910C&gt;T variant (LAMP)<\/em> tellimislehte.<\/p>\n\n\n\n<figure class=\"wp-block-table is-style-stripes\"><table width=\"100%\"><tbody><tr><td width=\"1%\"><\/td><td width=\"20%\"><strong>Katsuti<\/strong><\/td><td width=\"79%\">Veri: K2E\/K3E-katsuti (lilla kork)<\/td><\/tr><tr><td><\/td><td><strong>Anal\u00fc\u00fcsitav kogus<\/strong><\/td><td>4\u201310 mL (t\u00e4iskasvanud) <br>2\u20135 mL (lapsed)\u00a0<\/td><\/tr><tr><td><\/td><td><strong>S\u00e4ilivus<\/strong><\/td><td>Veri +4 \u00b0C juures kuni \u00fcks n\u00e4dal. NB! Mitte k\u00fclmutada!<\/td><\/tr><\/tbody><\/table><\/figure>\n\n\n\n<p class=\"has-medium-font-size\"><strong>Anal\u00fc\u00fcsi tegemise aeg: <\/strong>t\u00f6\u00f6p\u00e4eviti, anal\u00fc\u00fcsi valmimisaeg on \u00fcks n\u00e4dal alates laborisse saabumise kuup\u00e4evast.<\/p>\n\n\n\n<p class=\"has-medium-font-size\"><strong>Anal\u00fc\u00fcsimeetod:<\/strong> silmus-vahendatud isotermiline amplifikatsioon (LAMP, <em>loop-mediated isothermic amplification<\/em>)<\/p>\n\n\n\n<p class=\"has-medium-font-size\"><strong>Vastuse vorm<\/strong><\/p>\n\n\n\n<p>Genot\u00fc\u00fcp ja interpretatsioon.<\/p>\n\n\n\n<p class=\"has-medium-font-size\"><strong>N\u00e4idustus<\/strong><\/p>\n\n\n\n<p>T\u00e4iskasvanu t\u00fc\u00fcpi h\u00fcpolaktaasia kahtlus.<\/p>\n\n\n\n<p>Vt ka: <a href=\"https:\/\/www.kliinikum.ee\/yhendlabor\/kasiraamat\/kliinilise-keemia-uuringud\/laktoosi-taluvuse-proov-ltt\/\">Laktoosi taluvuse proov<\/a><\/p>\n\n\n\n<p>Koostaja: Mikk Tooming<br>Muudetud 29.05.2023<\/p>\n","protected":false},"excerpt":{"rendered":"<p>Geneetika ja personaalmeditsiini kliinik, laboratoorse geneetika osakond, molekulaardiagnostika labor, tel. 731 9487, 731 9488, www.kliinikum.ee\/geneetika T\u00e4iskasvanu t\u00fc\u00fcpi h\u00fcpolaktaasia on tingitud laktaasi (laktaas-florisiini h\u00fcdrolaasi, LPH) aktiivsuse v\u00e4henemisest ja p\u00e4randub autosoom-retsessiivselt. Peamine piimas esinevs\u00fcsivesik laktoos l\u00f5hustatakse sooles ens\u00fc\u00fcmi laktaasi poolt galaktoosiks ja gl\u00fckoosiks. Osadel inimestel s\u00e4ilib ens\u00fc\u00fcmi k\u00f5rge aktiivsus ka t\u00e4iskasvanueas, kuid osadel aktiivsus langeb peale rinnapiimast [&hellip;]<\/p>\n","protected":false},"author":38,"featured_media":0,"parent":7298,"menu_order":17,"comment_status":"closed","ping_status":"closed","template":"","meta":{"_uag_custom_page_level_css":"","footnotes":""},"class_list":["post-12693","page","type-page","status-publish","hentry"],"acf":[],"yoast_head":"<!-- This site is optimized with the Yoast SEO plugin v27.3 - https:\/\/yoast.com\/product\/yoast-seo-wordpress\/ -->\n<title>H\u00fcpolaktaasia t\u00e4iskasvanutel \u2013 LCT geeni c.-13910C&gt;T variant - \u00dchendlabor<\/title>\n<meta name=\"robots\" content=\"index, follow, max-snippet:-1, max-image-preview:large, max-video-preview:-1\" \/>\n<link rel=\"canonical\" href=\"https:\/\/www.kliinikum.ee\/yhendlabor\/kasiraamat\/parilike-haiguste-ja-riskialleelide-uuringud\/hupolaktaasia-taiskasvanutel-lct-geeni-c-13910ct-variant\/\" \/>\n<meta property=\"og:locale\" content=\"et_EE\" \/>\n<meta property=\"og:type\" content=\"article\" \/>\n<meta property=\"og:title\" content=\"H\u00fcpolaktaasia t\u00e4iskasvanutel \u2013 LCT geeni c.-13910C&gt;T variant - \u00dchendlabor\" \/>\n<meta property=\"og:description\" content=\"Geneetika ja personaalmeditsiini kliinik, laboratoorse geneetika osakond, molekulaardiagnostika labor, tel. 731 9487, 731 9488, www.kliinikum.ee\/geneetika T\u00e4iskasvanu t\u00fc\u00fcpi h\u00fcpolaktaasia on tingitud laktaasi (laktaas-florisiini h\u00fcdrolaasi, LPH) aktiivsuse v\u00e4henemisest ja p\u00e4randub autosoom-retsessiivselt. Peamine piimas esinevs\u00fcsivesik laktoos l\u00f5hustatakse sooles ens\u00fc\u00fcmi laktaasi poolt galaktoosiks ja gl\u00fckoosiks. Osadel inimestel s\u00e4ilib ens\u00fc\u00fcmi k\u00f5rge aktiivsus ka t\u00e4iskasvanueas, kuid osadel aktiivsus langeb peale rinnapiimast [&hellip;]\" \/>\n<meta property=\"og:url\" content=\"https:\/\/www.kliinikum.ee\/yhendlabor\/kasiraamat\/parilike-haiguste-ja-riskialleelide-uuringud\/hupolaktaasia-taiskasvanutel-lct-geeni-c-13910ct-variant\/\" \/>\n<meta property=\"og:site_name\" content=\"\u00dchendlabor\" \/>\n<meta property=\"article:modified_time\" content=\"2025-12-21T22:56:28+00:00\" \/>\n<meta name=\"twitter:card\" content=\"summary_large_image\" \/>\n<meta name=\"twitter:label1\" content=\"Est. reading time\" \/>\n\t<meta name=\"twitter:data1\" content=\"2 minutit\" \/>\n<script type=\"application\/ld+json\" class=\"yoast-schema-graph\">{\"@context\":\"https:\\\/\\\/schema.org\",\"@graph\":[{\"@type\":\"WebPage\",\"@id\":\"https:\\\/\\\/www.kliinikum.ee\\\/yhendlabor\\\/kasiraamat\\\/parilike-haiguste-ja-riskialleelide-uuringud\\\/hupolaktaasia-taiskasvanutel-lct-geeni-c-13910ct-variant\\\/\",\"url\":\"https:\\\/\\\/www.kliinikum.ee\\\/yhendlabor\\\/kasiraamat\\\/parilike-haiguste-ja-riskialleelide-uuringud\\\/hupolaktaasia-taiskasvanutel-lct-geeni-c-13910ct-variant\\\/\",\"name\":\"H\u00fcpolaktaasia t\u00e4iskasvanutel \u2013 LCT geeni c.-13910C>T variant - \u00dchendlabor\",\"isPartOf\":{\"@id\":\"https:\\\/\\\/www.kliinikum.ee\\\/yhendlabor\\\/#website\"},\"datePublished\":\"2025-08-14T15:43:41+00:00\",\"dateModified\":\"2025-12-21T22:56:28+00:00\",\"breadcrumb\":{\"@id\":\"https:\\\/\\\/www.kliinikum.ee\\\/yhendlabor\\\/kasiraamat\\\/parilike-haiguste-ja-riskialleelide-uuringud\\\/hupolaktaasia-taiskasvanutel-lct-geeni-c-13910ct-variant\\\/#breadcrumb\"},\"inLanguage\":\"et\",\"potentialAction\":[{\"@type\":\"ReadAction\",\"target\":[\"https:\\\/\\\/www.kliinikum.ee\\\/yhendlabor\\\/kasiraamat\\\/parilike-haiguste-ja-riskialleelide-uuringud\\\/hupolaktaasia-taiskasvanutel-lct-geeni-c-13910ct-variant\\\/\"]}]},{\"@type\":\"BreadcrumbList\",\"@id\":\"https:\\\/\\\/www.kliinikum.ee\\\/yhendlabor\\\/kasiraamat\\\/parilike-haiguste-ja-riskialleelide-uuringud\\\/hupolaktaasia-taiskasvanutel-lct-geeni-c-13910ct-variant\\\/#breadcrumb\",\"itemListElement\":[{\"@type\":\"ListItem\",\"position\":1,\"name\":\"Home\",\"item\":\"https:\\\/\\\/www.kliinikum.ee\\\/yhendlabor\\\/\"},{\"@type\":\"ListItem\",\"position\":2,\"name\":\"K\u00e4siraamat\",\"item\":\"https:\\\/\\\/www.kliinikum.ee\\\/yhendlabor\\\/kasiraamat\\\/\"},{\"@type\":\"ListItem\",\"position\":3,\"name\":\"P\u00e4rilike haiguste ja riskialleelide uuringud\",\"item\":\"https:\\\/\\\/www.kliinikum.ee\\\/yhendlabor\\\/kasiraamat\\\/parilike-haiguste-ja-riskialleelide-uuringud\\\/\"},{\"@type\":\"ListItem\",\"position\":4,\"name\":\"H\u00fcpolaktaasia t\u00e4iskasvanutel \u2013 LCT geeni c.-13910C>T variant\"}]},{\"@type\":\"WebSite\",\"@id\":\"https:\\\/\\\/www.kliinikum.ee\\\/yhendlabor\\\/#website\",\"url\":\"https:\\\/\\\/www.kliinikum.ee\\\/yhendlabor\\\/\",\"name\":\"\u00dchendlabor\",\"description\":\"Hoolivus, Uuendusmeelsus, P\u00e4devus ja Usaldusv\u00e4\u00e4rsus\",\"potentialAction\":[{\"@type\":\"SearchAction\",\"target\":{\"@type\":\"EntryPoint\",\"urlTemplate\":\"https:\\\/\\\/www.kliinikum.ee\\\/yhendlabor\\\/?s={search_term_string}\"},\"query-input\":{\"@type\":\"PropertyValueSpecification\",\"valueRequired\":true,\"valueName\":\"search_term_string\"}}],\"inLanguage\":\"et\"}]}<\/script>\n<!-- \/ Yoast SEO plugin. -->","yoast_head_json":{"title":"H\u00fcpolaktaasia t\u00e4iskasvanutel \u2013 LCT geeni c.-13910C>T variant - \u00dchendlabor","robots":{"index":"index","follow":"follow","max-snippet":"max-snippet:-1","max-image-preview":"max-image-preview:large","max-video-preview":"max-video-preview:-1"},"canonical":"https:\/\/www.kliinikum.ee\/yhendlabor\/kasiraamat\/parilike-haiguste-ja-riskialleelide-uuringud\/hupolaktaasia-taiskasvanutel-lct-geeni-c-13910ct-variant\/","og_locale":"et_EE","og_type":"article","og_title":"H\u00fcpolaktaasia t\u00e4iskasvanutel \u2013 LCT geeni c.-13910C>T variant - \u00dchendlabor","og_description":"Geneetika ja personaalmeditsiini kliinik, laboratoorse geneetika osakond, molekulaardiagnostika labor, tel. 731 9487, 731 9488, www.kliinikum.ee\/geneetika T\u00e4iskasvanu t\u00fc\u00fcpi h\u00fcpolaktaasia on tingitud laktaasi (laktaas-florisiini h\u00fcdrolaasi, LPH) aktiivsuse v\u00e4henemisest ja p\u00e4randub autosoom-retsessiivselt. Peamine piimas esinevs\u00fcsivesik laktoos l\u00f5hustatakse sooles ens\u00fc\u00fcmi laktaasi poolt galaktoosiks ja gl\u00fckoosiks. Osadel inimestel s\u00e4ilib ens\u00fc\u00fcmi k\u00f5rge aktiivsus ka t\u00e4iskasvanueas, kuid osadel aktiivsus langeb peale rinnapiimast [&hellip;]","og_url":"https:\/\/www.kliinikum.ee\/yhendlabor\/kasiraamat\/parilike-haiguste-ja-riskialleelide-uuringud\/hupolaktaasia-taiskasvanutel-lct-geeni-c-13910ct-variant\/","og_site_name":"\u00dchendlabor","article_modified_time":"2025-12-21T22:56:28+00:00","twitter_card":"summary_large_image","twitter_misc":{"Est. reading time":"2 minutit"},"schema":{"@context":"https:\/\/schema.org","@graph":[{"@type":"WebPage","@id":"https:\/\/www.kliinikum.ee\/yhendlabor\/kasiraamat\/parilike-haiguste-ja-riskialleelide-uuringud\/hupolaktaasia-taiskasvanutel-lct-geeni-c-13910ct-variant\/","url":"https:\/\/www.kliinikum.ee\/yhendlabor\/kasiraamat\/parilike-haiguste-ja-riskialleelide-uuringud\/hupolaktaasia-taiskasvanutel-lct-geeni-c-13910ct-variant\/","name":"H\u00fcpolaktaasia t\u00e4iskasvanutel \u2013 LCT geeni c.-13910C>T variant - \u00dchendlabor","isPartOf":{"@id":"https:\/\/www.kliinikum.ee\/yhendlabor\/#website"},"datePublished":"2025-08-14T15:43:41+00:00","dateModified":"2025-12-21T22:56:28+00:00","breadcrumb":{"@id":"https:\/\/www.kliinikum.ee\/yhendlabor\/kasiraamat\/parilike-haiguste-ja-riskialleelide-uuringud\/hupolaktaasia-taiskasvanutel-lct-geeni-c-13910ct-variant\/#breadcrumb"},"inLanguage":"et","potentialAction":[{"@type":"ReadAction","target":["https:\/\/www.kliinikum.ee\/yhendlabor\/kasiraamat\/parilike-haiguste-ja-riskialleelide-uuringud\/hupolaktaasia-taiskasvanutel-lct-geeni-c-13910ct-variant\/"]}]},{"@type":"BreadcrumbList","@id":"https:\/\/www.kliinikum.ee\/yhendlabor\/kasiraamat\/parilike-haiguste-ja-riskialleelide-uuringud\/hupolaktaasia-taiskasvanutel-lct-geeni-c-13910ct-variant\/#breadcrumb","itemListElement":[{"@type":"ListItem","position":1,"name":"Home","item":"https:\/\/www.kliinikum.ee\/yhendlabor\/"},{"@type":"ListItem","position":2,"name":"K\u00e4siraamat","item":"https:\/\/www.kliinikum.ee\/yhendlabor\/kasiraamat\/"},{"@type":"ListItem","position":3,"name":"P\u00e4rilike haiguste ja riskialleelide uuringud","item":"https:\/\/www.kliinikum.ee\/yhendlabor\/kasiraamat\/parilike-haiguste-ja-riskialleelide-uuringud\/"},{"@type":"ListItem","position":4,"name":"H\u00fcpolaktaasia t\u00e4iskasvanutel \u2013 LCT geeni c.-13910C>T variant"}]},{"@type":"WebSite","@id":"https:\/\/www.kliinikum.ee\/yhendlabor\/#website","url":"https:\/\/www.kliinikum.ee\/yhendlabor\/","name":"\u00dchendlabor","description":"Hoolivus, Uuendusmeelsus, P\u00e4devus ja Usaldusv\u00e4\u00e4rsus","potentialAction":[{"@type":"SearchAction","target":{"@type":"EntryPoint","urlTemplate":"https:\/\/www.kliinikum.ee\/yhendlabor\/?s={search_term_string}"},"query-input":{"@type":"PropertyValueSpecification","valueRequired":true,"valueName":"search_term_string"}}],"inLanguage":"et"}]}},"uagb_featured_image_src":{"full":false,"thumbnail":false,"medium":false,"medium_large":false,"large":false,"1536x1536":false,"2048x2048":false},"uagb_author_info":{"display_name":"Kadi Siigur","author_link":"https:\/\/www.kliinikum.ee\/yhendlabor\/author\/kadisi\/"},"uagb_comment_info":0,"uagb_excerpt":"Geneetika ja personaalmeditsiini kliinik, laboratoorse geneetika osakond, molekulaardiagnostika labor, tel. 731 9487, 731 9488, www.kliinikum.ee\/geneetika T\u00e4iskasvanu t\u00fc\u00fcpi h\u00fcpolaktaasia on tingitud laktaasi (laktaas-florisiini h\u00fcdrolaasi, LPH) aktiivsuse v\u00e4henemisest ja p\u00e4randub autosoom-retsessiivselt. Peamine piimas esinevs\u00fcsivesik laktoos l\u00f5hustatakse sooles ens\u00fc\u00fcmi laktaasi poolt galaktoosiks ja gl\u00fckoosiks. Osadel inimestel s\u00e4ilib ens\u00fc\u00fcmi k\u00f5rge aktiivsus ka t\u00e4iskasvanueas, kuid osadel aktiivsus langeb peale rinnapiimast&hellip;","_links":{"self":[{"href":"https:\/\/www.kliinikum.ee\/yhendlabor\/wp-json\/wp\/v2\/pages\/12693","targetHints":{"allow":["GET"]}}],"collection":[{"href":"https:\/\/www.kliinikum.ee\/yhendlabor\/wp-json\/wp\/v2\/pages"}],"about":[{"href":"https:\/\/www.kliinikum.ee\/yhendlabor\/wp-json\/wp\/v2\/types\/page"}],"author":[{"embeddable":true,"href":"https:\/\/www.kliinikum.ee\/yhendlabor\/wp-json\/wp\/v2\/users\/38"}],"replies":[{"embeddable":true,"href":"https:\/\/www.kliinikum.ee\/yhendlabor\/wp-json\/wp\/v2\/comments?post=12693"}],"version-history":[{"count":0,"href":"https:\/\/www.kliinikum.ee\/yhendlabor\/wp-json\/wp\/v2\/pages\/12693\/revisions"}],"up":[{"embeddable":true,"href":"https:\/\/www.kliinikum.ee\/yhendlabor\/wp-json\/wp\/v2\/pages\/7298"}],"wp:attachment":[{"href":"https:\/\/www.kliinikum.ee\/yhendlabor\/wp-json\/wp\/v2\/media?parent=12693"}],"curies":[{"name":"wp","href":"https:\/\/api.w.org\/{rel}","templated":true}]}}