{"id":12701,"date":"2025-08-14T17:59:37","date_gmt":"2025-08-14T15:59:37","guid":{"rendered":"https:\/\/www.kliinikum.ee\/yhendlabor\/?page_id=12701"},"modified":"2025-12-10T22:53:32","modified_gmt":"2025-12-10T20:53:32","slug":"koorioni-ja-amnionirakkude-kontaminatsioon-ema-materjaliga","status":"publish","type":"page","link":"https:\/\/www.kliinikum.ee\/yhendlabor\/kasiraamat\/parilike-haiguste-ja-riskialleelide-uuringud\/koorioni-ja-amnionirakkude-kontaminatsioon-ema-materjaliga\/","title":{"rendered":"Koorioni- ja amnionirakkude kontaminatsioon ema materjaliga"},"content":{"rendered":"\n<p><em>Geneetika ja personaalmeditsiini kliinik, laboratoorse geneetika osakond, molekulaardiagnostika labor, tel. 731 9487, <a href=\"http:\/\/www.kliinikum.ee\/geneetika\">www.kliinikum.ee\/geneetika<\/a> &nbsp;<\/em><\/p>\n\n\n\n<p>Seoses s\u00fcnnieelse diagnostika arenguga on v\u00f5imalik mitmeid p\u00e4rilikke haigusi ja arengudefekte avastada juba enne lapse s\u00fcndi. Tavaliselt saadakse testide l\u00e4biviimiseks loote materjal kas amniotsenteesi v\u00f5i koorionibiopsia teel. M\u00f5lemal protseduuril saadud loote materjalis v\u00f5ib leiduda ka ema rakke (<em>maternal cell contamination \u2013 MCC<\/em>), mis v\u00f5ib potentsiaalselt viia vale diagnoosini. Kirjanduse andmetel on s\u00f5ltuvalt kasutatud MCC tuvastamise meetodist (loote soo m\u00e4\u00e4ramine, h\u00fcbridisatsioonikoha fluorestsentsm\u00e4rgistamine \u2013 FISH, pol\u00fcmeraasi ahelreaktsioon \u2013 PCR) kontaminatsiooni t\u00e4heldatud 0,3\u20133,1%-l s\u00fcnnieelse diagnostika juhtudest. Otsesel koorionibiopsia materjali v\u00f5i amnionirakkude anal\u00fc\u00fcsimisel on leitud ema rakkudega kontaminatsiooni kuni 9,5%-l proovidest. Amnionirakkude kultuurides on see v\u00e4ikseim ulatudes 0,7\u20132,8%-ni uuritud proovidest.<\/p>\n\n\n\n<p>Seega on k\u00f5igi s\u00fcnnieelsete molekulaardiagnostiliste uuringute puhul tungivalt soovitatav teostada <strong>lisauuring koorioni- ja amnionirakkude kontaminatsiooni v\u00e4listamiseks<\/strong>.<\/p>\n\n\n\n<p class=\"has-medium-font-size\"><strong>Uuritavad muutused<\/strong><\/p>\n\n\n\n<p>Uuritakse 5 mikrosatelliitset markerit erinevates kromosoomides. Koos on vajalik uurida nii loote kui ema DNA profiile ning m\u00f5ningatel juhtudel ka isa DNA-d. Tuleb arvestada, et isa kaasamisel uuringusse on vajalik t\u00e4ita vastav n\u00f5usoleku vorm, sest testi tulemused annavad \u00fchtlasi ka andmeid isaduse kohta.<\/p>\n\n\n\n<p class=\"has-medium-font-size\"><strong>Uuritav materjal, selle v\u00f5tmine, saatmine ja s\u00e4ilitamine<\/strong><\/p>\n\n\n\n<figure class=\"wp-block-table is-style-stripes\"><table width=\"100%\"><tbody><tr><td width=\"1%\"><\/td><td width=\"20%\"><strong>Katsuti<\/strong><\/td><td width=\"79%\">Veri emalt ja\/v\u00f5i isalt: K2E\/K3E-katsuti (lilla kork) <br>Lootelt <br>1) otsene koorionibiopsiamaterjal v\u00f5i rakukultuur: 50 mL steriilne koonusp\u00f5hjaga katsuti transpordilahusega (saab laborist); <br>2) amnionirakud v\u00f5i amnionirakkude kultuur: 50 mL steriilne koonusp\u00f5hjaga katsuti (saab laborist)<\/td><\/tr><tr><td><\/td><td><strong>Anal\u00fc\u00fcsitav kogus<\/strong><\/td><td>2\u20135 mL verd (t\u00e4iskasvanud)<\/td><\/tr><tr><td><\/td><td><strong>S\u00e4ilivus<\/strong><\/td><td>Veri +4 \u00b0C juures kuni \u00fcks n\u00e4dal. NB! Mitte k\u00fclmutada!<\/td><\/tr><\/tbody><\/table><\/figure>\n\n\n\n<p>Teiste uuringumaterjalide osas konsulteerida geneetikakeskuse arstidega.<\/p>\n\n\n\n<p class=\"has-medium-font-size\"><strong>Anal\u00fc\u00fcsi tegemise aeg: <\/strong>t\u00f6\u00f6p\u00e4eviti, valmimisaeg alates laborisse saabumise kuup\u00e4evast 1\u20132 n\u00e4dalat (keskmiselt 1 n\u00e4dal).<\/p>\n\n\n\n<p class=\"has-medium-font-size\"><strong>Anal\u00fc\u00fcsimeetod:<\/strong> pol\u00fcmeraasi ahelreaktsioon (PCR) fluorestsentsm\u00e4rgisega praimeritega, PCR produkti anal\u00fc\u00fcs<\/p>\n\n\n\n<p class=\"has-medium-font-size\"><strong>Vastuse vorm<\/strong><\/p>\n\n\n\n<p>DNA profiilide v\u00f5rdlus ja interpretatsioon.<\/p>\n\n\n\n<p class=\"has-medium-font-size\"><strong>N\u00e4idustus<\/strong><\/p>\n\n\n\n<p>K\u00f5ikide s\u00fcnnieelsete molekulaardiagnostiliste testide lisauuring.<\/p>\n\n\n\n<p>Koostajad: Tiina Kahre, Kadri Rekker<br>Muudetud 06.12.22<\/p>\n","protected":false},"excerpt":{"rendered":"<p>Geneetika ja personaalmeditsiini kliinik, laboratoorse geneetika osakond, molekulaardiagnostika labor, tel. 731 9487, www.kliinikum.ee\/geneetika &nbsp; Seoses s\u00fcnnieelse diagnostika arenguga on v\u00f5imalik mitmeid p\u00e4rilikke haigusi ja arengudefekte avastada juba enne lapse s\u00fcndi. Tavaliselt saadakse testide l\u00e4biviimiseks loote materjal kas amniotsenteesi v\u00f5i koorionibiopsia teel. M\u00f5lemal protseduuril saadud loote materjalis v\u00f5ib leiduda ka ema rakke (maternal cell contamination \u2013 [&hellip;]<\/p>\n","protected":false},"author":38,"featured_media":0,"parent":7298,"menu_order":19,"comment_status":"closed","ping_status":"closed","template":"","meta":{"_uag_custom_page_level_css":"","footnotes":""},"class_list":["post-12701","page","type-page","status-publish","hentry"],"acf":[],"yoast_head":"<!-- This site is optimized with the Yoast SEO plugin v27.3 - https:\/\/yoast.com\/product\/yoast-seo-wordpress\/ -->\n<title>Koorioni- ja amnionirakkude kontaminatsioon ema materjaliga - \u00dchendlabor<\/title>\n<meta name=\"robots\" content=\"index, follow, max-snippet:-1, max-image-preview:large, max-video-preview:-1\" \/>\n<link rel=\"canonical\" href=\"https:\/\/www.kliinikum.ee\/yhendlabor\/kasiraamat\/parilike-haiguste-ja-riskialleelide-uuringud\/koorioni-ja-amnionirakkude-kontaminatsioon-ema-materjaliga\/\" \/>\n<meta property=\"og:locale\" content=\"et_EE\" \/>\n<meta property=\"og:type\" content=\"article\" \/>\n<meta property=\"og:title\" content=\"Koorioni- ja amnionirakkude kontaminatsioon ema materjaliga - \u00dchendlabor\" \/>\n<meta property=\"og:description\" content=\"Geneetika ja personaalmeditsiini kliinik, laboratoorse geneetika osakond, molekulaardiagnostika labor, tel. 731 9487, www.kliinikum.ee\/geneetika &nbsp; Seoses s\u00fcnnieelse diagnostika arenguga on v\u00f5imalik mitmeid p\u00e4rilikke haigusi ja arengudefekte avastada juba enne lapse s\u00fcndi. Tavaliselt saadakse testide l\u00e4biviimiseks loote materjal kas amniotsenteesi v\u00f5i koorionibiopsia teel. M\u00f5lemal protseduuril saadud loote materjalis v\u00f5ib leiduda ka ema rakke (maternal cell contamination \u2013 [&hellip;]\" \/>\n<meta property=\"og:url\" content=\"https:\/\/www.kliinikum.ee\/yhendlabor\/kasiraamat\/parilike-haiguste-ja-riskialleelide-uuringud\/koorioni-ja-amnionirakkude-kontaminatsioon-ema-materjaliga\/\" \/>\n<meta property=\"og:site_name\" content=\"\u00dchendlabor\" \/>\n<meta property=\"article:modified_time\" content=\"2025-12-10T20:53:32+00:00\" \/>\n<meta name=\"twitter:card\" content=\"summary_large_image\" \/>\n<meta name=\"twitter:label1\" content=\"Est. reading time\" \/>\n\t<meta name=\"twitter:data1\" content=\"2 minutit\" \/>\n<script type=\"application\/ld+json\" class=\"yoast-schema-graph\">{\"@context\":\"https:\\\/\\\/schema.org\",\"@graph\":[{\"@type\":\"WebPage\",\"@id\":\"https:\\\/\\\/www.kliinikum.ee\\\/yhendlabor\\\/kasiraamat\\\/parilike-haiguste-ja-riskialleelide-uuringud\\\/koorioni-ja-amnionirakkude-kontaminatsioon-ema-materjaliga\\\/\",\"url\":\"https:\\\/\\\/www.kliinikum.ee\\\/yhendlabor\\\/kasiraamat\\\/parilike-haiguste-ja-riskialleelide-uuringud\\\/koorioni-ja-amnionirakkude-kontaminatsioon-ema-materjaliga\\\/\",\"name\":\"Koorioni- ja amnionirakkude kontaminatsioon ema materjaliga - \u00dchendlabor\",\"isPartOf\":{\"@id\":\"https:\\\/\\\/www.kliinikum.ee\\\/yhendlabor\\\/#website\"},\"datePublished\":\"2025-08-14T15:59:37+00:00\",\"dateModified\":\"2025-12-10T20:53:32+00:00\",\"breadcrumb\":{\"@id\":\"https:\\\/\\\/www.kliinikum.ee\\\/yhendlabor\\\/kasiraamat\\\/parilike-haiguste-ja-riskialleelide-uuringud\\\/koorioni-ja-amnionirakkude-kontaminatsioon-ema-materjaliga\\\/#breadcrumb\"},\"inLanguage\":\"et\",\"potentialAction\":[{\"@type\":\"ReadAction\",\"target\":[\"https:\\\/\\\/www.kliinikum.ee\\\/yhendlabor\\\/kasiraamat\\\/parilike-haiguste-ja-riskialleelide-uuringud\\\/koorioni-ja-amnionirakkude-kontaminatsioon-ema-materjaliga\\\/\"]}]},{\"@type\":\"BreadcrumbList\",\"@id\":\"https:\\\/\\\/www.kliinikum.ee\\\/yhendlabor\\\/kasiraamat\\\/parilike-haiguste-ja-riskialleelide-uuringud\\\/koorioni-ja-amnionirakkude-kontaminatsioon-ema-materjaliga\\\/#breadcrumb\",\"itemListElement\":[{\"@type\":\"ListItem\",\"position\":1,\"name\":\"Home\",\"item\":\"https:\\\/\\\/www.kliinikum.ee\\\/yhendlabor\\\/\"},{\"@type\":\"ListItem\",\"position\":2,\"name\":\"K\u00e4siraamat\",\"item\":\"https:\\\/\\\/www.kliinikum.ee\\\/yhendlabor\\\/kasiraamat\\\/\"},{\"@type\":\"ListItem\",\"position\":3,\"name\":\"P\u00e4rilike haiguste ja riskialleelide uuringud\",\"item\":\"https:\\\/\\\/www.kliinikum.ee\\\/yhendlabor\\\/kasiraamat\\\/parilike-haiguste-ja-riskialleelide-uuringud\\\/\"},{\"@type\":\"ListItem\",\"position\":4,\"name\":\"Koorioni- ja amnionirakkude kontaminatsioon ema materjaliga\"}]},{\"@type\":\"WebSite\",\"@id\":\"https:\\\/\\\/www.kliinikum.ee\\\/yhendlabor\\\/#website\",\"url\":\"https:\\\/\\\/www.kliinikum.ee\\\/yhendlabor\\\/\",\"name\":\"\u00dchendlabor\",\"description\":\"Hoolivus, Uuendusmeelsus, P\u00e4devus ja Usaldusv\u00e4\u00e4rsus\",\"potentialAction\":[{\"@type\":\"SearchAction\",\"target\":{\"@type\":\"EntryPoint\",\"urlTemplate\":\"https:\\\/\\\/www.kliinikum.ee\\\/yhendlabor\\\/?s={search_term_string}\"},\"query-input\":{\"@type\":\"PropertyValueSpecification\",\"valueRequired\":true,\"valueName\":\"search_term_string\"}}],\"inLanguage\":\"et\"}]}<\/script>\n<!-- \/ Yoast SEO plugin. -->","yoast_head_json":{"title":"Koorioni- ja amnionirakkude kontaminatsioon ema materjaliga - \u00dchendlabor","robots":{"index":"index","follow":"follow","max-snippet":"max-snippet:-1","max-image-preview":"max-image-preview:large","max-video-preview":"max-video-preview:-1"},"canonical":"https:\/\/www.kliinikum.ee\/yhendlabor\/kasiraamat\/parilike-haiguste-ja-riskialleelide-uuringud\/koorioni-ja-amnionirakkude-kontaminatsioon-ema-materjaliga\/","og_locale":"et_EE","og_type":"article","og_title":"Koorioni- ja amnionirakkude kontaminatsioon ema materjaliga - \u00dchendlabor","og_description":"Geneetika ja personaalmeditsiini kliinik, laboratoorse geneetika osakond, molekulaardiagnostika labor, tel. 731 9487, www.kliinikum.ee\/geneetika &nbsp; Seoses s\u00fcnnieelse diagnostika arenguga on v\u00f5imalik mitmeid p\u00e4rilikke haigusi ja arengudefekte avastada juba enne lapse s\u00fcndi. Tavaliselt saadakse testide l\u00e4biviimiseks loote materjal kas amniotsenteesi v\u00f5i koorionibiopsia teel. M\u00f5lemal protseduuril saadud loote materjalis v\u00f5ib leiduda ka ema rakke (maternal cell contamination \u2013 [&hellip;]","og_url":"https:\/\/www.kliinikum.ee\/yhendlabor\/kasiraamat\/parilike-haiguste-ja-riskialleelide-uuringud\/koorioni-ja-amnionirakkude-kontaminatsioon-ema-materjaliga\/","og_site_name":"\u00dchendlabor","article_modified_time":"2025-12-10T20:53:32+00:00","twitter_card":"summary_large_image","twitter_misc":{"Est. reading time":"2 minutit"},"schema":{"@context":"https:\/\/schema.org","@graph":[{"@type":"WebPage","@id":"https:\/\/www.kliinikum.ee\/yhendlabor\/kasiraamat\/parilike-haiguste-ja-riskialleelide-uuringud\/koorioni-ja-amnionirakkude-kontaminatsioon-ema-materjaliga\/","url":"https:\/\/www.kliinikum.ee\/yhendlabor\/kasiraamat\/parilike-haiguste-ja-riskialleelide-uuringud\/koorioni-ja-amnionirakkude-kontaminatsioon-ema-materjaliga\/","name":"Koorioni- ja amnionirakkude kontaminatsioon ema materjaliga - \u00dchendlabor","isPartOf":{"@id":"https:\/\/www.kliinikum.ee\/yhendlabor\/#website"},"datePublished":"2025-08-14T15:59:37+00:00","dateModified":"2025-12-10T20:53:32+00:00","breadcrumb":{"@id":"https:\/\/www.kliinikum.ee\/yhendlabor\/kasiraamat\/parilike-haiguste-ja-riskialleelide-uuringud\/koorioni-ja-amnionirakkude-kontaminatsioon-ema-materjaliga\/#breadcrumb"},"inLanguage":"et","potentialAction":[{"@type":"ReadAction","target":["https:\/\/www.kliinikum.ee\/yhendlabor\/kasiraamat\/parilike-haiguste-ja-riskialleelide-uuringud\/koorioni-ja-amnionirakkude-kontaminatsioon-ema-materjaliga\/"]}]},{"@type":"BreadcrumbList","@id":"https:\/\/www.kliinikum.ee\/yhendlabor\/kasiraamat\/parilike-haiguste-ja-riskialleelide-uuringud\/koorioni-ja-amnionirakkude-kontaminatsioon-ema-materjaliga\/#breadcrumb","itemListElement":[{"@type":"ListItem","position":1,"name":"Home","item":"https:\/\/www.kliinikum.ee\/yhendlabor\/"},{"@type":"ListItem","position":2,"name":"K\u00e4siraamat","item":"https:\/\/www.kliinikum.ee\/yhendlabor\/kasiraamat\/"},{"@type":"ListItem","position":3,"name":"P\u00e4rilike haiguste ja riskialleelide uuringud","item":"https:\/\/www.kliinikum.ee\/yhendlabor\/kasiraamat\/parilike-haiguste-ja-riskialleelide-uuringud\/"},{"@type":"ListItem","position":4,"name":"Koorioni- ja amnionirakkude kontaminatsioon ema materjaliga"}]},{"@type":"WebSite","@id":"https:\/\/www.kliinikum.ee\/yhendlabor\/#website","url":"https:\/\/www.kliinikum.ee\/yhendlabor\/","name":"\u00dchendlabor","description":"Hoolivus, Uuendusmeelsus, P\u00e4devus ja Usaldusv\u00e4\u00e4rsus","potentialAction":[{"@type":"SearchAction","target":{"@type":"EntryPoint","urlTemplate":"https:\/\/www.kliinikum.ee\/yhendlabor\/?s={search_term_string}"},"query-input":{"@type":"PropertyValueSpecification","valueRequired":true,"valueName":"search_term_string"}}],"inLanguage":"et"}]}},"uagb_featured_image_src":{"full":false,"thumbnail":false,"medium":false,"medium_large":false,"large":false,"1536x1536":false,"2048x2048":false},"uagb_author_info":{"display_name":"Kadi Siigur","author_link":"https:\/\/www.kliinikum.ee\/yhendlabor\/author\/kadisi\/"},"uagb_comment_info":0,"uagb_excerpt":"Geneetika ja personaalmeditsiini kliinik, laboratoorse geneetika osakond, molekulaardiagnostika labor, tel. 731 9487, www.kliinikum.ee\/geneetika &nbsp; Seoses s\u00fcnnieelse diagnostika arenguga on v\u00f5imalik mitmeid p\u00e4rilikke haigusi ja arengudefekte avastada juba enne lapse s\u00fcndi. Tavaliselt saadakse testide l\u00e4biviimiseks loote materjal kas amniotsenteesi v\u00f5i koorionibiopsia teel. M\u00f5lemal protseduuril saadud loote materjalis v\u00f5ib leiduda ka ema rakke (maternal cell contamination \u2013&hellip;","_links":{"self":[{"href":"https:\/\/www.kliinikum.ee\/yhendlabor\/wp-json\/wp\/v2\/pages\/12701","targetHints":{"allow":["GET"]}}],"collection":[{"href":"https:\/\/www.kliinikum.ee\/yhendlabor\/wp-json\/wp\/v2\/pages"}],"about":[{"href":"https:\/\/www.kliinikum.ee\/yhendlabor\/wp-json\/wp\/v2\/types\/page"}],"author":[{"embeddable":true,"href":"https:\/\/www.kliinikum.ee\/yhendlabor\/wp-json\/wp\/v2\/users\/38"}],"replies":[{"embeddable":true,"href":"https:\/\/www.kliinikum.ee\/yhendlabor\/wp-json\/wp\/v2\/comments?post=12701"}],"version-history":[{"count":0,"href":"https:\/\/www.kliinikum.ee\/yhendlabor\/wp-json\/wp\/v2\/pages\/12701\/revisions"}],"up":[{"embeddable":true,"href":"https:\/\/www.kliinikum.ee\/yhendlabor\/wp-json\/wp\/v2\/pages\/7298"}],"wp:attachment":[{"href":"https:\/\/www.kliinikum.ee\/yhendlabor\/wp-json\/wp\/v2\/media?parent=12701"}],"curies":[{"name":"wp","href":"https:\/\/api.w.org\/{rel}","templated":true}]}}