{"id":12754,"date":"2025-08-19T17:21:35","date_gmt":"2025-08-19T15:21:35","guid":{"rendered":"https:\/\/www.kliinikum.ee\/yhendlabor\/?page_id=12754"},"modified":"2025-12-22T00:48:17","modified_gmt":"2025-12-21T22:48:17","slug":"spinotserebellaarne-ataksia-sca12367-atxn1-atxn2-atxn3-cacnaia-ja-atxn7-geenide-trinukleotiidsed-kordused","status":"publish","type":"page","link":"https:\/\/www.kliinikum.ee\/yhendlabor\/kasiraamat\/parilike-haiguste-ja-riskialleelide-uuringud\/spinotserebellaarne-ataksia-sca12367-atxn1-atxn2-atxn3-cacnaia-ja-atxn7-geenide-trinukleotiidsed-kordused\/","title":{"rendered":"Spinotserebellaarne ataksia (SCA1,2,3,6,7) \u2013 ATXN1, ATXN2, ATXN3, CACNAIA ja ATXN7 geenide trinukleotiidsed kordused"},"content":{"rendered":"\n<p><em>Geneetika ja personaalmeditsiini kliinik, laboratoorse geneetika osakond, molekulaardiagnostika labor, tel. 731 9487, <a href=\"http:\/\/www.kliinikum.ee\/geneetika\">www.kliinikum.ee\/geneetika<\/a><\/em><\/p>\n\n\n\n<p>Autosoom-dominantset t\u00fc\u00fcpi <strong>spinotserebellaarsed ataksiad<\/strong> (AD-SCA, ADCA) on progresseeruvate neurodegeneratiivsete haiguste r\u00fchm, mille puhul on peamiseks s\u00fcmptomiks progresseeruv tserebellaarne ataksia. \u00dcldiselt algavad SCA-d 30\u201350 eluaasta vahel, kuid on v\u00f5imalik ka algus lapse- v\u00f5i vanurieas. Tserebellaarsed ataksiad on v\u00e4ga varieeruva kliinilise pildiga, haiguse alguse, raskuse ning progressiooni kiirusega. SCA1 (OMIM #164400), SCA2 (OMIM #183090) ja SCA3 (OMIM #109150) puhul on iseloomulik liigutuste ja k\u00f5nnaku ataksia, supranukleaarne oftalmopleegia, p\u00fcramidaaltrakti ja ekstrap\u00fcramidaaltrakti n\u00e4hud, kerge dementsus ning perifeerne neuropaatia. SCA7 (OMIM #164500) puhul lisanduvad eelpool nimetatud s\u00fcmptomitele veel maakula ja reetina degeneratsioon. SCA6 (OMIM#183086) kirjeldatakse kui hilise algusega tserebellaarset ataksiat.<\/p>\n\n\n\n<p>Rahvusvahelised SCA diagnostikajuhised soovitavad k\u00f5igil riikidel minimaalselt uurida SCA t\u00fc\u00fcpe 1, 2, 3, 6 ja 7 (<em>EMQN best practice guidelines for molecular diagnostic testing of the SCAs, 2010<\/em>). Nende t\u00fc\u00fcpide puhul on \u00fchiseks tunnuseks haigust p\u00f5hjustavates geenides glutamiini kodeerivate CAG korduste arvu suurenemine (vt tabel). Mida suurem on CAG korduste arv, seda varasemalt v\u00f5ib haigus avalduda. Kliiniliselt v\u00f5ib t\u00e4pse SCA alat\u00fc\u00fcbi m\u00e4\u00e4ramine osutuda raskeks, seega on n\u00e4idustatud k\u00f5igi v\u00f5imalike muutuste \u00fcheaegne m\u00e4\u00e4ramine.<\/p>\n\n\n\n<figure class=\"wp-block-table\"><table width=\"100%\"><tbody><tr><td width=\"1%\"><\/td><td width=\"20%\"><strong>T\u00fc\u00fcp<\/strong><\/td><td width=\"19%\"><strong>Geen<\/strong><\/td><td width=\"20%\"><strong>Geeni lokatsioon<\/strong><\/td><td width=\"20%\"><strong>Normaalne CAG korduste arv<\/strong><\/td><td width=\"20%\"><strong>Haiguslik CAG korduste arv<\/strong><\/td><\/tr><tr><td><\/td><td>SCA 1<\/td><td>ATXN1<\/td><td>6p22.3<\/td><td>6\u201335<\/td><td>\u2265 39<\/td><\/tr><tr><td><\/td><td>SCA 2<\/td><td>ATXN2<\/td><td>12q24.1<\/td><td>14\u201331<\/td><td>\u2265 33<\/td><\/tr><tr><td><\/td><td>SCA 3<\/td><td>ATXN3<\/td><td>14q32.12<\/td><td>12\u201344<\/td><td>60\u201387<\/td><\/tr><tr><td><\/td><td>SCA 6<\/td><td>CACNAIA<\/td><td>19p13.13<\/td><td>4\u201318<\/td><td>20\u201333<\/td><\/tr><tr><td><\/td><td>SCA 7<\/td><td>ATXN7<\/td><td>3p14.1<\/td><td>4\u201319<\/td><td>\u2265 36<\/td><\/tr><\/tbody><\/table><\/figure>\n\n\n\n<p><em>GeneReviews, 2022<\/em><\/p>\n\n\n\n<p>Vajadusel on v\u00f5imalik uuringuid j\u00e4tkata anal\u00fc\u00fcsiga \u201cGeenipaneeli sekveneerimine (NGS)\u201d.<\/p>\n\n\n\n<p>Kuigi haigus algab tavaliselt t\u00e4iskasvanueas, on enamusel SCA t\u00fc\u00fcpidel kirjeldatud antitsipatsiooni. Seet\u00f5ttu on p\u00e4rast perekonna geneetilist konsultatsiooni vajadusel v\u00f5imalik m\u00e4\u00e4rata spinotserebellaarse ataksiaga seotud geenides olevaid muutusi ka s\u00fcnnieelselt.<\/p>\n\n\n\n<p class=\"has-medium-font-size\"><strong>Uuritavad muutused<\/strong><\/p>\n\n\n\n<ul class=\"wp-block-list\">\n<li>ATXN1, ATXN2, ATXN3, CACNAIA, ATXN7 geenides CAG korduste arvu m\u00e4\u00e4ramine fragmentanal\u00fc\u00fcsiga<\/li>\n<\/ul>\n\n\n\n<p class=\"has-medium-font-size\"><strong>Uuritav materjal, selle v\u00f5tmine, saatmine ja s\u00e4ilitamine<\/strong><\/p>\n\n\n\n<p>Elektroonse tellimise v\u00f5imaluse puudumisel tuleb koos uuritava materjaliga saata molekulaardiagnostika laborisse ka t\u00e4idetud tellimisleht \u2013 <em>Spinotserebellaarse ataksia&nbsp;(SCA)<\/em>, mis on leitav aadressil <a href=\"https:\/\/www.kliinikum.ee\/geneetikakeskus\/molekulaardiagnostika\">https:\/\/www.kliinikum.ee\/geneetikakeskus\/molekulaardiagnostika<\/a><\/p>\n\n\n\n<figure class=\"wp-block-table is-style-stripes\"><table width=\"100%\"><tbody><tr><td width=\"1%\"><\/td><td width=\"20%\"><strong>Katsuti<\/strong><\/td><td width=\"79%\">Veri: K2E\/K3E-katsuti (lilla kork) <br>Koet\u00fckid: steriilne katsuti (1,5 mL v\u00f5i suurem)<\/td><\/tr><tr><td><\/td><td><strong>Anal\u00fc\u00fcsitav kogus<\/strong><\/td><td>4\u201310 mL (t\u00e4iskasvanud) <br>2\u20135 mL (lapsed)<\/td><\/tr><tr><td><\/td><td><strong>S\u00e4ilivus<\/strong><\/td><td>Veri +4 \u00b0C \u00fcks n\u00e4dal. NB! Mitte k\u00fclmutada!<\/td><\/tr><\/tbody><\/table><\/figure>\n\n\n\n<p>Prenataalse diagnostika puhul on uuritavaks materjaliks amnionirakud, koorionikude v\u00f5i amnioni\/koorionirakkude kultuur. Sellisel juhul tuleb kaasnevalt m\u00e4\u00e4rata loote rakkude kontaminatsioon ema materjaliga.<\/p>\n\n\n\n<p>Vt: <a href=\"https:\/\/www.kliinikum.ee\/yhendlabor\/kasiraamat\/parilike-haiguste-ja-riskialleelide-uuringud\/koorioni-ja-amnionirakkude-kontaminatsioon-ema-materjaliga\/\">Koorioni- ja amnionirakkude kontaminatsioon ema materjaliga<\/a><\/p>\n\n\n\n<p class=\"has-medium-font-size\"><strong>Anal\u00fc\u00fcsi tegemise aeg: <\/strong>t\u00f6\u00f6p\u00e4eviti, anal\u00fc\u00fcsi valmimisaeg 3 kuud alates laborisse saabumise kuup\u00e4evast.<\/p>\n\n\n\n<p class=\"has-medium-font-size\"><strong>Anal\u00fc\u00fcsimeetod: <\/strong>pol\u00fcmeraasi ahelreaktsioon (PCR) fluorestsentsm\u00e4rgisega praimeritega, PCR produkti anal\u00fc\u00fcs ABI 3130XL automaatsekvenaatoril<\/p>\n\n\n\n<p class=\"has-medium-font-size\"><strong>Vastuse vorm<\/strong>: genot\u00fc\u00fcp ja interpretatsioon<\/p>\n\n\n\n<p class=\"has-medium-font-size\"><strong>N\u00e4idustus<\/strong><\/p>\n\n\n\n<p>Spinotserebellaarse ataksia kahtlus, prenataalne diagnostika, spinotserebellaarse ataksia pres\u00fcmptomaatiline uuring.<\/p>\n\n\n\n<p>Koostajad: \u00dclle Murumets, Hanno Roomere<br>Muudetud 06.03.2025<\/p>\n\n\n\n<p><\/p>\n","protected":false},"excerpt":{"rendered":"<p>Geneetika ja personaalmeditsiini kliinik, laboratoorse geneetika osakond, molekulaardiagnostika labor, tel. 731 9487, www.kliinikum.ee\/geneetika Autosoom-dominantset t\u00fc\u00fcpi spinotserebellaarsed ataksiad (AD-SCA, ADCA) on progresseeruvate neurodegeneratiivsete haiguste r\u00fchm, mille puhul on peamiseks s\u00fcmptomiks progresseeruv tserebellaarne ataksia. \u00dcldiselt algavad SCA-d 30\u201350 eluaasta vahel, kuid on v\u00f5imalik ka algus lapse- v\u00f5i vanurieas. Tserebellaarsed ataksiad on v\u00e4ga varieeruva kliinilise pildiga, haiguse alguse, [&hellip;]<\/p>\n","protected":false},"author":38,"featured_media":0,"parent":7298,"menu_order":31,"comment_status":"closed","ping_status":"closed","template":"","meta":{"_uag_custom_page_level_css":"","footnotes":""},"class_list":["post-12754","page","type-page","status-publish","hentry"],"acf":[],"yoast_head":"<!-- This site is optimized with the Yoast SEO plugin v27.3 - https:\/\/yoast.com\/product\/yoast-seo-wordpress\/ -->\n<title>Spinotserebellaarne ataksia (SCA1,2,3,6,7) \u2013 ATXN1, ATXN2, ATXN3, CACNAIA ja ATXN7 geenide trinukleotiidsed kordused - \u00dchendlabor<\/title>\n<meta name=\"robots\" content=\"index, follow, max-snippet:-1, max-image-preview:large, max-video-preview:-1\" \/>\n<link rel=\"canonical\" href=\"https:\/\/www.kliinikum.ee\/yhendlabor\/kasiraamat\/parilike-haiguste-ja-riskialleelide-uuringud\/spinotserebellaarne-ataksia-sca12367-atxn1-atxn2-atxn3-cacnaia-ja-atxn7-geenide-trinukleotiidsed-kordused\/\" \/>\n<meta property=\"og:locale\" content=\"et_EE\" \/>\n<meta property=\"og:type\" content=\"article\" \/>\n<meta property=\"og:title\" content=\"Spinotserebellaarne ataksia (SCA1,2,3,6,7) \u2013 ATXN1, ATXN2, ATXN3, CACNAIA ja ATXN7 geenide trinukleotiidsed kordused - \u00dchendlabor\" \/>\n<meta property=\"og:description\" content=\"Geneetika ja personaalmeditsiini kliinik, laboratoorse geneetika osakond, molekulaardiagnostika labor, tel. 731 9487, www.kliinikum.ee\/geneetika Autosoom-dominantset t\u00fc\u00fcpi spinotserebellaarsed ataksiad (AD-SCA, ADCA) on progresseeruvate neurodegeneratiivsete haiguste r\u00fchm, mille puhul on peamiseks s\u00fcmptomiks progresseeruv tserebellaarne ataksia. \u00dcldiselt algavad SCA-d 30\u201350 eluaasta vahel, kuid on v\u00f5imalik ka algus lapse- v\u00f5i vanurieas. Tserebellaarsed ataksiad on v\u00e4ga varieeruva kliinilise pildiga, haiguse alguse, [&hellip;]\" \/>\n<meta property=\"og:url\" content=\"https:\/\/www.kliinikum.ee\/yhendlabor\/kasiraamat\/parilike-haiguste-ja-riskialleelide-uuringud\/spinotserebellaarne-ataksia-sca12367-atxn1-atxn2-atxn3-cacnaia-ja-atxn7-geenide-trinukleotiidsed-kordused\/\" \/>\n<meta property=\"og:site_name\" content=\"\u00dchendlabor\" \/>\n<meta property=\"article:modified_time\" content=\"2025-12-21T22:48:17+00:00\" \/>\n<meta name=\"twitter:card\" content=\"summary_large_image\" \/>\n<meta name=\"twitter:label1\" content=\"Est. reading time\" \/>\n\t<meta name=\"twitter:data1\" content=\"3 minutit\" \/>\n<script type=\"application\/ld+json\" class=\"yoast-schema-graph\">{\"@context\":\"https:\\\/\\\/schema.org\",\"@graph\":[{\"@type\":\"WebPage\",\"@id\":\"https:\\\/\\\/www.kliinikum.ee\\\/yhendlabor\\\/kasiraamat\\\/parilike-haiguste-ja-riskialleelide-uuringud\\\/spinotserebellaarne-ataksia-sca12367-atxn1-atxn2-atxn3-cacnaia-ja-atxn7-geenide-trinukleotiidsed-kordused\\\/\",\"url\":\"https:\\\/\\\/www.kliinikum.ee\\\/yhendlabor\\\/kasiraamat\\\/parilike-haiguste-ja-riskialleelide-uuringud\\\/spinotserebellaarne-ataksia-sca12367-atxn1-atxn2-atxn3-cacnaia-ja-atxn7-geenide-trinukleotiidsed-kordused\\\/\",\"name\":\"Spinotserebellaarne ataksia (SCA1,2,3,6,7) \u2013 ATXN1, ATXN2, ATXN3, CACNAIA ja ATXN7 geenide trinukleotiidsed kordused - \u00dchendlabor\",\"isPartOf\":{\"@id\":\"https:\\\/\\\/www.kliinikum.ee\\\/yhendlabor\\\/#website\"},\"datePublished\":\"2025-08-19T15:21:35+00:00\",\"dateModified\":\"2025-12-21T22:48:17+00:00\",\"breadcrumb\":{\"@id\":\"https:\\\/\\\/www.kliinikum.ee\\\/yhendlabor\\\/kasiraamat\\\/parilike-haiguste-ja-riskialleelide-uuringud\\\/spinotserebellaarne-ataksia-sca12367-atxn1-atxn2-atxn3-cacnaia-ja-atxn7-geenide-trinukleotiidsed-kordused\\\/#breadcrumb\"},\"inLanguage\":\"et\",\"potentialAction\":[{\"@type\":\"ReadAction\",\"target\":[\"https:\\\/\\\/www.kliinikum.ee\\\/yhendlabor\\\/kasiraamat\\\/parilike-haiguste-ja-riskialleelide-uuringud\\\/spinotserebellaarne-ataksia-sca12367-atxn1-atxn2-atxn3-cacnaia-ja-atxn7-geenide-trinukleotiidsed-kordused\\\/\"]}]},{\"@type\":\"BreadcrumbList\",\"@id\":\"https:\\\/\\\/www.kliinikum.ee\\\/yhendlabor\\\/kasiraamat\\\/parilike-haiguste-ja-riskialleelide-uuringud\\\/spinotserebellaarne-ataksia-sca12367-atxn1-atxn2-atxn3-cacnaia-ja-atxn7-geenide-trinukleotiidsed-kordused\\\/#breadcrumb\",\"itemListElement\":[{\"@type\":\"ListItem\",\"position\":1,\"name\":\"Home\",\"item\":\"https:\\\/\\\/www.kliinikum.ee\\\/yhendlabor\\\/\"},{\"@type\":\"ListItem\",\"position\":2,\"name\":\"K\u00e4siraamat\",\"item\":\"https:\\\/\\\/www.kliinikum.ee\\\/yhendlabor\\\/kasiraamat\\\/\"},{\"@type\":\"ListItem\",\"position\":3,\"name\":\"P\u00e4rilike haiguste ja riskialleelide uuringud\",\"item\":\"https:\\\/\\\/www.kliinikum.ee\\\/yhendlabor\\\/kasiraamat\\\/parilike-haiguste-ja-riskialleelide-uuringud\\\/\"},{\"@type\":\"ListItem\",\"position\":4,\"name\":\"Spinotserebellaarne ataksia (SCA1,2,3,6,7) \u2013 ATXN1, ATXN2, ATXN3, CACNAIA ja ATXN7 geenide trinukleotiidsed kordused\"}]},{\"@type\":\"WebSite\",\"@id\":\"https:\\\/\\\/www.kliinikum.ee\\\/yhendlabor\\\/#website\",\"url\":\"https:\\\/\\\/www.kliinikum.ee\\\/yhendlabor\\\/\",\"name\":\"\u00dchendlabor\",\"description\":\"Hoolivus, Uuendusmeelsus, P\u00e4devus ja Usaldusv\u00e4\u00e4rsus\",\"potentialAction\":[{\"@type\":\"SearchAction\",\"target\":{\"@type\":\"EntryPoint\",\"urlTemplate\":\"https:\\\/\\\/www.kliinikum.ee\\\/yhendlabor\\\/?s={search_term_string}\"},\"query-input\":{\"@type\":\"PropertyValueSpecification\",\"valueRequired\":true,\"valueName\":\"search_term_string\"}}],\"inLanguage\":\"et\"}]}<\/script>\n<!-- \/ Yoast SEO plugin. -->","yoast_head_json":{"title":"Spinotserebellaarne ataksia (SCA1,2,3,6,7) \u2013 ATXN1, ATXN2, ATXN3, CACNAIA ja ATXN7 geenide trinukleotiidsed kordused - \u00dchendlabor","robots":{"index":"index","follow":"follow","max-snippet":"max-snippet:-1","max-image-preview":"max-image-preview:large","max-video-preview":"max-video-preview:-1"},"canonical":"https:\/\/www.kliinikum.ee\/yhendlabor\/kasiraamat\/parilike-haiguste-ja-riskialleelide-uuringud\/spinotserebellaarne-ataksia-sca12367-atxn1-atxn2-atxn3-cacnaia-ja-atxn7-geenide-trinukleotiidsed-kordused\/","og_locale":"et_EE","og_type":"article","og_title":"Spinotserebellaarne ataksia (SCA1,2,3,6,7) \u2013 ATXN1, ATXN2, ATXN3, CACNAIA ja ATXN7 geenide trinukleotiidsed kordused - \u00dchendlabor","og_description":"Geneetika ja personaalmeditsiini kliinik, laboratoorse geneetika osakond, molekulaardiagnostika labor, tel. 731 9487, www.kliinikum.ee\/geneetika Autosoom-dominantset t\u00fc\u00fcpi spinotserebellaarsed ataksiad (AD-SCA, ADCA) on progresseeruvate neurodegeneratiivsete haiguste r\u00fchm, mille puhul on peamiseks s\u00fcmptomiks progresseeruv tserebellaarne ataksia. \u00dcldiselt algavad SCA-d 30\u201350 eluaasta vahel, kuid on v\u00f5imalik ka algus lapse- v\u00f5i vanurieas. Tserebellaarsed ataksiad on v\u00e4ga varieeruva kliinilise pildiga, haiguse alguse, [&hellip;]","og_url":"https:\/\/www.kliinikum.ee\/yhendlabor\/kasiraamat\/parilike-haiguste-ja-riskialleelide-uuringud\/spinotserebellaarne-ataksia-sca12367-atxn1-atxn2-atxn3-cacnaia-ja-atxn7-geenide-trinukleotiidsed-kordused\/","og_site_name":"\u00dchendlabor","article_modified_time":"2025-12-21T22:48:17+00:00","twitter_card":"summary_large_image","twitter_misc":{"Est. reading time":"3 minutit"},"schema":{"@context":"https:\/\/schema.org","@graph":[{"@type":"WebPage","@id":"https:\/\/www.kliinikum.ee\/yhendlabor\/kasiraamat\/parilike-haiguste-ja-riskialleelide-uuringud\/spinotserebellaarne-ataksia-sca12367-atxn1-atxn2-atxn3-cacnaia-ja-atxn7-geenide-trinukleotiidsed-kordused\/","url":"https:\/\/www.kliinikum.ee\/yhendlabor\/kasiraamat\/parilike-haiguste-ja-riskialleelide-uuringud\/spinotserebellaarne-ataksia-sca12367-atxn1-atxn2-atxn3-cacnaia-ja-atxn7-geenide-trinukleotiidsed-kordused\/","name":"Spinotserebellaarne ataksia (SCA1,2,3,6,7) \u2013 ATXN1, ATXN2, ATXN3, CACNAIA ja ATXN7 geenide trinukleotiidsed kordused - \u00dchendlabor","isPartOf":{"@id":"https:\/\/www.kliinikum.ee\/yhendlabor\/#website"},"datePublished":"2025-08-19T15:21:35+00:00","dateModified":"2025-12-21T22:48:17+00:00","breadcrumb":{"@id":"https:\/\/www.kliinikum.ee\/yhendlabor\/kasiraamat\/parilike-haiguste-ja-riskialleelide-uuringud\/spinotserebellaarne-ataksia-sca12367-atxn1-atxn2-atxn3-cacnaia-ja-atxn7-geenide-trinukleotiidsed-kordused\/#breadcrumb"},"inLanguage":"et","potentialAction":[{"@type":"ReadAction","target":["https:\/\/www.kliinikum.ee\/yhendlabor\/kasiraamat\/parilike-haiguste-ja-riskialleelide-uuringud\/spinotserebellaarne-ataksia-sca12367-atxn1-atxn2-atxn3-cacnaia-ja-atxn7-geenide-trinukleotiidsed-kordused\/"]}]},{"@type":"BreadcrumbList","@id":"https:\/\/www.kliinikum.ee\/yhendlabor\/kasiraamat\/parilike-haiguste-ja-riskialleelide-uuringud\/spinotserebellaarne-ataksia-sca12367-atxn1-atxn2-atxn3-cacnaia-ja-atxn7-geenide-trinukleotiidsed-kordused\/#breadcrumb","itemListElement":[{"@type":"ListItem","position":1,"name":"Home","item":"https:\/\/www.kliinikum.ee\/yhendlabor\/"},{"@type":"ListItem","position":2,"name":"K\u00e4siraamat","item":"https:\/\/www.kliinikum.ee\/yhendlabor\/kasiraamat\/"},{"@type":"ListItem","position":3,"name":"P\u00e4rilike haiguste ja riskialleelide uuringud","item":"https:\/\/www.kliinikum.ee\/yhendlabor\/kasiraamat\/parilike-haiguste-ja-riskialleelide-uuringud\/"},{"@type":"ListItem","position":4,"name":"Spinotserebellaarne ataksia (SCA1,2,3,6,7) \u2013 ATXN1, ATXN2, ATXN3, CACNAIA ja ATXN7 geenide trinukleotiidsed kordused"}]},{"@type":"WebSite","@id":"https:\/\/www.kliinikum.ee\/yhendlabor\/#website","url":"https:\/\/www.kliinikum.ee\/yhendlabor\/","name":"\u00dchendlabor","description":"Hoolivus, Uuendusmeelsus, P\u00e4devus ja Usaldusv\u00e4\u00e4rsus","potentialAction":[{"@type":"SearchAction","target":{"@type":"EntryPoint","urlTemplate":"https:\/\/www.kliinikum.ee\/yhendlabor\/?s={search_term_string}"},"query-input":{"@type":"PropertyValueSpecification","valueRequired":true,"valueName":"search_term_string"}}],"inLanguage":"et"}]}},"uagb_featured_image_src":{"full":false,"thumbnail":false,"medium":false,"medium_large":false,"large":false,"1536x1536":false,"2048x2048":false},"uagb_author_info":{"display_name":"Kadi Siigur","author_link":"https:\/\/www.kliinikum.ee\/yhendlabor\/author\/kadisi\/"},"uagb_comment_info":0,"uagb_excerpt":"Geneetika ja personaalmeditsiini kliinik, laboratoorse geneetika osakond, molekulaardiagnostika labor, tel. 731 9487, www.kliinikum.ee\/geneetika Autosoom-dominantset t\u00fc\u00fcpi spinotserebellaarsed ataksiad (AD-SCA, ADCA) on progresseeruvate neurodegeneratiivsete haiguste r\u00fchm, mille puhul on peamiseks s\u00fcmptomiks progresseeruv tserebellaarne ataksia. \u00dcldiselt algavad SCA-d 30\u201350 eluaasta vahel, kuid on v\u00f5imalik ka algus lapse- v\u00f5i vanurieas. Tserebellaarsed ataksiad on v\u00e4ga varieeruva kliinilise pildiga, haiguse alguse,&hellip;","_links":{"self":[{"href":"https:\/\/www.kliinikum.ee\/yhendlabor\/wp-json\/wp\/v2\/pages\/12754","targetHints":{"allow":["GET"]}}],"collection":[{"href":"https:\/\/www.kliinikum.ee\/yhendlabor\/wp-json\/wp\/v2\/pages"}],"about":[{"href":"https:\/\/www.kliinikum.ee\/yhendlabor\/wp-json\/wp\/v2\/types\/page"}],"author":[{"embeddable":true,"href":"https:\/\/www.kliinikum.ee\/yhendlabor\/wp-json\/wp\/v2\/users\/38"}],"replies":[{"embeddable":true,"href":"https:\/\/www.kliinikum.ee\/yhendlabor\/wp-json\/wp\/v2\/comments?post=12754"}],"version-history":[{"count":0,"href":"https:\/\/www.kliinikum.ee\/yhendlabor\/wp-json\/wp\/v2\/pages\/12754\/revisions"}],"up":[{"embeddable":true,"href":"https:\/\/www.kliinikum.ee\/yhendlabor\/wp-json\/wp\/v2\/pages\/7298"}],"wp:attachment":[{"href":"https:\/\/www.kliinikum.ee\/yhendlabor\/wp-json\/wp\/v2\/media?parent=12754"}],"curies":[{"name":"wp","href":"https:\/\/api.w.org\/{rel}","templated":true}]}}