{"id":12806,"date":"2025-08-26T12:37:26","date_gmt":"2025-08-26T10:37:26","guid":{"rendered":"https:\/\/www.kliinikum.ee\/yhendlabor\/?page_id=12806"},"modified":"2025-12-10T18:54:29","modified_gmt":"2025-12-10T16:54:29","slug":"b-hepatiidi-viiruse-uuringud","status":"publish","type":"page","link":"https:\/\/www.kliinikum.ee\/yhendlabor\/kasiraamat\/nakkustekitajate-uuringud-dna-rna-antikehad-antigeenid\/b-hepatiidi-viiruse-uuringud\/","title":{"rendered":"B-hepatiidi viiruse uuringud"},"content":{"rendered":"\n<p class=\"has-medium-font-size\"><strong>Anal\u00fc\u00fcsid:<\/strong><\/p>\n\n\n\n<figure class=\"wp-block-table is-style-stripes\"><table width=\"100%\"><tbody><tr><td width=\"1%\"><\/td><td width=\"39%\">B-hepatiidi viiruse pinnaantigeen<\/td><td width=\"15%\">S,P-HBsAg<\/td><td width=\"45%\">Kliinilise keemia ja laboratoorse hematoloogia osakond<\/td><\/tr><tr><td><\/td><td>B-hepatiidi viiruse pinnaantigeen (kinnitav uuring)<\/td><td>S,P-HBsAg conf<\/td><td>Kliinilise keemia ja laboratoorse hematoloogia osakond<\/td><\/tr><tr><td><\/td><td>B-hepatiidi viiruse pinnaantigeeni vastaste antikehade hulk<\/td><td>S,P-HBs Ab QN<\/td><td>Kliinilise keemia ja laboratoorse hematoloogia osakond<\/td><\/tr><tr><td><\/td><td>B-hepatiidi viiruse \u00fcmbrise antigeen<\/td><td>S,P-HBeAg<\/td><td>Kliinilise keemia ja laboratoorse hematoloogia osakond<\/td><\/tr><tr><td><\/td><td>B-hepatiidi viiruse \u00fcmbrise antigeeni vastased antikehad<\/td><td>S,P-HBe Ab<\/td><td>Kliinilise keemia ja laboratoorse hematoloogia osakond<\/td><\/tr><tr><td><\/td><td>B-hepatiidi viiruse tuuma antigeeni vastane IgM<\/td><td>S,P-HBc IgM<\/td><td>Kliinilise keemia ja laboratoorse hematoloogia osakond<\/td><\/tr><tr><td><\/td><td>B-hepatiidi viiruse tuuma antigeeni vastased antikehad<\/td><td>S,P-HBc Ab<\/td><td>Kliinilise keemia ja laboratoorse hematoloogia osakond<\/td><\/tr><tr><td><\/td><td>B-hepatiidi viiruse DNA hulk<\/td><td>P-HBV DNA QN<\/td><td>Immuunanal\u00fc\u00fcsi osakond<\/td><\/tr><\/tbody><\/table><\/figure>\n\n\n\n<p><strong>B-hepatiidi viirus (HBV)<\/strong> on hepadnaviiruste sugukonda kuuluv DNA viirus. Nakatumine toimub seksuaalsel teel, kokkupuutel verega (infitseerunud veri, vereproduktid, saastunud n\u00f5elad, s\u00fcstlad), vertikaalsel \u00fclekandel emalt vasts\u00fcndinule. Inkubatsiooni periood on keskmiselt 60\u201390 p\u00e4eva (40\u2013180 p\u00e4eva). Kliiniline pilt oleneb patsiendi vanusest ja immuunstaatusest. 2\/3 t\u00e4iskasvanuist p\u00f5eb nakkust haiguss\u00fcmptomiteta v\u00f5i gripisarnase kliinilise pildiga, 1\/3 selgesti v\u00e4ljendunud ikterusega, 1% v\u00f5ib esineda fulminantne kulg maksapuudulikkusega. \u00c4ge hepatiit paraneb 90% patsientidest 3\u20136 kuuga, kuid 5\u201310% muutub infektsioon krooniliseks (viirust leidub veres ka kuus kuud peale nakatumist). Maksatsirroos v\u00f5ib tekkida &lt; 1% k\u00f5igist nakatunutest ja see v\u00f5ib p\u00f5hjustada hepatotsellulaarset kartsinoomi.<\/p>\n\n\n\n<p>1\u201310 n\u00e4dalat peale nakatumist on esimesena veres m\u00e4\u00e4ratav HBV DNA. Seej\u00e4rel ilmuvad verre seroloogilised markerid: HBsAg ja HBeAg. HBeAg n\u00e4itab viiruse intensiivset replikatsiooni ja nakatamisv\u00f5imet. 2\u20134 n\u00e4dalat hiljem ja vahetult enne kliiniliste s\u00fcmptomite teket on veres m\u00e4\u00e4ratavad HBc Ab ja HBc IgM. 5\u201310% \u00e4geda hepatiidiga patsientidest ei pruugi kliiniliste s\u00fcmptomite ilmumisel HBsAg, HBeAg ja HBV DNA enam veres m\u00e4\u00e4ratavad olla. K\u00f5ige esimesena viitab paranemisele HBeAg kadumine ja HBe Ab ilmumine (serokonversioon). Seej\u00e4rel muutuvad m\u00f5ne n\u00e4dala p\u00e4rast negatiivseteks HBsAg, HBV DNA. HBsAg ekspressioon \u00fcle kuue kuu viitab kroonilisele viiruskandlusele. HBsAg kadumise ja HBs Ab ilmumise vahele j\u00e4\u00e4b nn aknaperiood (m\u00f5nest n\u00e4dalast m\u00f5ne kuuni) ja sellel ajal on m\u00e4\u00e4ratavad HBc Ab ja HBc IgM. Kroonilise hepatiidi korral j\u00e4\u00e4vad veres p\u00fcsima HBV DNA, HBeAg, HBsAg. Nii kroonilise kui \u00e4geda hepatiidi korral 6 kuu m\u00f6\u00f6dudes kaob HBc IgM ja j\u00e4\u00e4b m\u00e4\u00e4ratavaks HBc Ab. Pikemaks ajaks j\u00e4\u00e4vad l\u00e4bip\u00f5etud hepatiiti n\u00e4itama veres HBc Ab, HBs Ab. 10\u201315% patsientidest ei teki HBs Ab ja ainult HBc Ab leid viitab l\u00e4bip\u00f5etud infektsioonile. HBs Ab tekivad ka HBV vastu vaktsineerimise korral ja m\u00e4\u00e4rates antikehade tiitrit on v\u00f5imalik hinnata vaktsineerimise efektiivsust. 5% vaktsineeritutest ei teki antikehi. HBV muteerumisel HBsAg v\u00f5i HBeAg ei ilmu verre v\u00f5i j\u00e4\u00e4vad tests\u00fcsteemidele m\u00e4\u00e4ramatuks. Viiruse olemasolu saab siis t\u00f5estada HBV DNA m\u00e4\u00e4ramisega. HBV DNA kvantitatiivne m\u00e4\u00e4ramine (HBV DNA QN) ehk viiruse hulga m\u00e4\u00e4ramine v\u00f5imaldab hinnata haiguse kulgu ning ravi efektiivsust.<\/p>\n\n\n\n<p class=\"has-medium-font-size\"><strong>Uuritav materjal, selle v\u00f5tmine, saatmine ja s\u00e4ilitamine<\/strong><\/p>\n\n\n\n<p><em>HBsAg, HBsAg conf, HBeAg, HBc IgM, HBc Ab, HBs Ab QN, HBe Ab:<\/em><\/p>\n\n\n\n<figure class=\"wp-block-table is-style-stripes\"><table width=\"100%\"><tbody><tr><td width=\"1%\"><\/td><td width=\"20%\"><strong>Katsuti<\/strong><\/td><td width=\"79%\">Geeli ja h\u00fc\u00fcbimisaktivaatoriga katsuti (punane kollase r\u00f5ngaga v\u00f5i kollane kork)<\/td><\/tr><tr><td><\/td><td><strong>S\u00e4ilivus<\/strong><\/td><td>Seerum\/plasma toatemperatuuril 24 tundi, +4 \u00b0C\u00a06 p\u00e4eva; -20 \u00b0C pikemat aega<\/td><\/tr><\/tbody><\/table><\/figure>\n\n\n\n<p><em>HBV DNA QN:<\/em><\/p>\n\n\n\n<figure class=\"wp-block-table is-style-stripes\"><table width=\"100%\"><tbody><tr><td width=\"1%\"><\/td><td width=\"20%\"><strong>Katsuti<\/strong><\/td><td width=\"79%\">K2E\/K3E-katsuti (lilla kork)<\/td><\/tr><tr><td><\/td><td><strong>Anal\u00fc\u00fcsitav kogus<\/strong><\/td><td>0,65 mL plasmat<\/td><\/tr><tr><td><\/td><td><strong>S\u00e4ilivus<\/strong><\/td><td>Veri toatemperatuuril \u00fcks p\u00e4ev, +4 \u00b0C kaks p\u00e4eva. Kui proovimaterjali ei saa 24 tunni jooksul laborisse saata, tuleb plasma eraldada. Plasma toatemperatuuril \u00fcks p\u00e4ev, +4 \u00b0C kolm p\u00e4eva, -20 \u00b0C kolmk\u00fcmmend p\u00e4eva<\/td><\/tr><\/tbody><\/table><\/figure>\n\n\n\n<p class=\"has-medium-font-size\"><strong>Anal\u00fc\u00fcsi tegemise aeg<\/strong><\/p>\n\n\n\n<p>HBsAg, HBsAg conf, HBc IgM, HBc Ab, HBs Ab QN: t\u00f6\u00f6p\u00e4eviti<\/p>\n\n\n\n<p>HBeAg, HBe Ab: kaks korda n\u00e4dalas<\/p>\n\n\n\n<p>HBV DNA QN: kaks korda n\u00e4dalas<\/p>\n\n\n\n<p class=\"has-medium-font-size\"><strong>Anal\u00fc\u00fcsimeetod<\/strong><\/p>\n\n\n\n<p>HBsAg, HBsAg conf, HBeAg, HBc IgM, HBc Ab, HBs Ab QN, HBe Ab: mikropartiklitega kemoluminestsents-immuunmeetod (CMIA)<\/p>\n\n\n\n<p>HBV DNA QN: reaalaja pol\u00fcmeraasi ahelreaktsioon (PCR)<\/p>\n\n\n\n<p class=\"has-medium-font-size\"><strong>Vastuse vorm<\/strong><\/p>\n\n\n\n<p>HBsAg, HBsAg conf, HBeAg, HBe Ab, HBc IgM, HBc Ab: positiivne\/negatiivne<\/p>\n\n\n\n<p>HBs Ab QN: antikehade aktiivsus (U\/L)<\/p>\n\n\n\n<p>HBV DNA QN: viiruse hulga arvulised v\u00e4\u00e4rtused<\/p>\n\n\n\n<p class=\"has-medium-font-size\"><strong>N\u00e4idustus ja kliiniline t\u00e4hendus<\/strong><\/p>\n\n\n\n<ol class=\"wp-block-list\">\n<li>S\u00f5eluuringud infektsiooni esinemise hindamiseks: HBsAg, HBc Ab, HBs Ab QN (kui m\u00f5ni nendest tulemustest on positiivne, siis lisandub HBV DNA QN)<\/li>\n\n\n\n<li>Haiguse kulu j\u00e4lgimine: HBsAg, HBeAg, HBe Ab, HBc Ab, HBs Ab QN, HBV DNA QN<\/li>\n\n\n\n<li>Vaktsineerimisj\u00e4rgsete antikehade olemasolu m\u00e4\u00e4ramine: HBs Ab QN<\/li>\n<\/ol>\n\n\n\n<figure class=\"wp-block-table\"><table width=\"100%\"><tbody><tr><td width=\"1%\"><\/td><td width=\"30%\"><strong>HBsAg positiivne<\/strong><\/td><td width=\"69%\">\u00c4ge infektsioon, krooniline infektsioon (p\u00fcsimine \u2265 6 kuu), kasutusel olev tests\u00fcsteem v\u00f5imaldab m\u00e4\u00e4rata ka siiani teadaolevaid mutantseid viirusi<\/td><\/tr><tr><td><\/td><td><strong>HBV DNA positiivne<\/strong><\/td><td>N\u00e4itab viiruse DNA olemasolu \u00e4geda v\u00f5i kroonilise infektsiooni puhul<\/td><\/tr><tr><td><\/td><td><strong>HBeAg positiivne<\/strong><\/td><td>\u00c4ge infektsioon, krooniline infektsioon<\/td><\/tr><tr><td><\/td><td><strong>HBc IgM positiivne<\/strong><\/td><td>\u00c4ge infektsioon<\/td><\/tr><tr><td><\/td><td><strong>HBc Ab positiivne<\/strong><\/td><td>\u00c4ge infektsioon, krooniline infektsioon v\u00f5i l\u00e4bip\u00f5etud HBV infektsioon<\/td><\/tr><tr><td><\/td><td><strong>HBe Ab positiivne<\/strong><\/td><td>\u00c4geda infektsiooni paranemisfaas, krooniline infektsioon<\/td><\/tr><tr><td><\/td><td><strong>HBs Ab QN positiivne<\/strong><\/td><td>L\u00e4bip\u00f5etud infektsioon v\u00f5i HBV-vastane vaktsineerimine<\/td><\/tr><\/tbody><\/table><\/figure>\n\n\n\n<p>Doonorite s\u00f5eluuringu k\u00e4igus saadud HBsAg positiivne tulemus kinnitatakse alati teise meetodiga \u2013 antikehade neutralisatsioonitestiga (HBsAg conf).<\/p>\n\n\n\n<p>Immuunsuse hindamiseks m\u00e4\u00e4rata HBs Ab QN 1\u20132 kuud peale kolmandat vaktsiinidoosi. HBs Ab QN tulemus &gt; 10 U\/L viitab immuunsuse olemasolule. Inimestel, kellel HBs Ab QN on negatiivne, tuleks viiruskandluse v\u00e4listamiseks m\u00e4\u00e4rata HBsAg. Kui HBs Ab QN j\u00e4\u00e4b ka peale vaktsiini lisadoosi negatiivseks, on tegemist organismi erip\u00e4raga ning isik on HBV infektsioonile vastuv\u00f5tlik.<\/p>\n\n\n\n<p>HBV DNA QN: haiguse kulu ja ravi tulemuslikkuse j\u00e4lgimine. Tulemus 0 IU\/ml ehk negatiivne tulemus n\u00e4itab viiruse puudumist antud proovimaterjalis v\u00f5i on viiruse hulk alla meetodi m\u00e4\u00e4ramispiiri. &lt;10 IU\/ml n\u00e4itab HBV olemasolu aga viiruse hulk j\u00e4\u00e4b alla meetodi kvantiteerimispiiri.<\/p>\n\n\n\n<p>Koostajad: Raili Randoja, Kaja Vaagen<br>Uuendatud 21.09.2020<\/p>\n","protected":false},"excerpt":{"rendered":"<p>Anal\u00fc\u00fcsid: B-hepatiidi viiruse pinnaantigeen S,P-HBsAg Kliinilise keemia ja laboratoorse hematoloogia osakond B-hepatiidi viiruse pinnaantigeen (kinnitav uuring) S,P-HBsAg conf Kliinilise keemia ja laboratoorse hematoloogia osakond B-hepatiidi viiruse pinnaantigeeni vastaste antikehade hulk S,P-HBs Ab QN Kliinilise keemia ja laboratoorse hematoloogia osakond B-hepatiidi viiruse \u00fcmbrise antigeen S,P-HBeAg Kliinilise keemia ja laboratoorse hematoloogia osakond B-hepatiidi viiruse \u00fcmbrise antigeeni vastased [&hellip;]<\/p>\n","protected":false},"author":38,"featured_media":0,"parent":7295,"menu_order":5,"comment_status":"closed","ping_status":"closed","template":"","meta":{"_uag_custom_page_level_css":"","footnotes":""},"class_list":["post-12806","page","type-page","status-publish","hentry"],"acf":[],"yoast_head":"<!-- This site is optimized with the Yoast SEO plugin v27.1.1 - https:\/\/yoast.com\/product\/yoast-seo-wordpress\/ -->\n<title>B-hepatiidi viiruse uuringud - \u00dchendlabor<\/title>\n<meta name=\"robots\" content=\"index, follow, max-snippet:-1, max-image-preview:large, max-video-preview:-1\" \/>\n<link rel=\"canonical\" href=\"https:\/\/www.kliinikum.ee\/yhendlabor\/kasiraamat\/nakkustekitajate-uuringud-dna-rna-antikehad-antigeenid\/b-hepatiidi-viiruse-uuringud\/\" \/>\n<meta property=\"og:locale\" content=\"et_EE\" \/>\n<meta property=\"og:type\" content=\"article\" \/>\n<meta property=\"og:title\" content=\"B-hepatiidi viiruse uuringud - \u00dchendlabor\" \/>\n<meta property=\"og:description\" content=\"Anal\u00fc\u00fcsid: B-hepatiidi viiruse pinnaantigeen S,P-HBsAg Kliinilise keemia ja laboratoorse hematoloogia osakond B-hepatiidi viiruse pinnaantigeen (kinnitav uuring) S,P-HBsAg conf Kliinilise keemia ja laboratoorse hematoloogia osakond B-hepatiidi viiruse pinnaantigeeni vastaste antikehade hulk S,P-HBs Ab QN Kliinilise keemia ja laboratoorse hematoloogia osakond B-hepatiidi viiruse \u00fcmbrise antigeen S,P-HBeAg Kliinilise keemia ja laboratoorse hematoloogia osakond B-hepatiidi viiruse \u00fcmbrise antigeeni vastased [&hellip;]\" \/>\n<meta property=\"og:url\" content=\"https:\/\/www.kliinikum.ee\/yhendlabor\/kasiraamat\/nakkustekitajate-uuringud-dna-rna-antikehad-antigeenid\/b-hepatiidi-viiruse-uuringud\/\" \/>\n<meta property=\"og:site_name\" content=\"\u00dchendlabor\" \/>\n<meta property=\"article:modified_time\" content=\"2025-12-10T16:54:29+00:00\" \/>\n<meta name=\"twitter:card\" content=\"summary_large_image\" \/>\n<meta name=\"twitter:label1\" content=\"Est. reading time\" \/>\n\t<meta name=\"twitter:data1\" content=\"5 minutit\" \/>\n<script type=\"application\/ld+json\" class=\"yoast-schema-graph\">{\"@context\":\"https:\/\/schema.org\",\"@graph\":[{\"@type\":\"WebPage\",\"@id\":\"https:\/\/www.kliinikum.ee\/yhendlabor\/kasiraamat\/nakkustekitajate-uuringud-dna-rna-antikehad-antigeenid\/b-hepatiidi-viiruse-uuringud\/\",\"url\":\"https:\/\/www.kliinikum.ee\/yhendlabor\/kasiraamat\/nakkustekitajate-uuringud-dna-rna-antikehad-antigeenid\/b-hepatiidi-viiruse-uuringud\/\",\"name\":\"B-hepatiidi viiruse uuringud - \u00dchendlabor\",\"isPartOf\":{\"@id\":\"https:\/\/www.kliinikum.ee\/yhendlabor\/#website\"},\"datePublished\":\"2025-08-26T10:37:26+00:00\",\"dateModified\":\"2025-12-10T16:54:29+00:00\",\"breadcrumb\":{\"@id\":\"https:\/\/www.kliinikum.ee\/yhendlabor\/kasiraamat\/nakkustekitajate-uuringud-dna-rna-antikehad-antigeenid\/b-hepatiidi-viiruse-uuringud\/#breadcrumb\"},\"inLanguage\":\"et\",\"potentialAction\":[{\"@type\":\"ReadAction\",\"target\":[\"https:\/\/www.kliinikum.ee\/yhendlabor\/kasiraamat\/nakkustekitajate-uuringud-dna-rna-antikehad-antigeenid\/b-hepatiidi-viiruse-uuringud\/\"]}]},{\"@type\":\"BreadcrumbList\",\"@id\":\"https:\/\/www.kliinikum.ee\/yhendlabor\/kasiraamat\/nakkustekitajate-uuringud-dna-rna-antikehad-antigeenid\/b-hepatiidi-viiruse-uuringud\/#breadcrumb\",\"itemListElement\":[{\"@type\":\"ListItem\",\"position\":1,\"name\":\"Home\",\"item\":\"https:\/\/www.kliinikum.ee\/yhendlabor\/\"},{\"@type\":\"ListItem\",\"position\":2,\"name\":\"K\u00e4siraamat\",\"item\":\"https:\/\/www.kliinikum.ee\/yhendlabor\/kasiraamat\/\"},{\"@type\":\"ListItem\",\"position\":3,\"name\":\"Nakkustekitajate uuringud (DNA\/RNA, antikehad, antigeenid)\",\"item\":\"https:\/\/www.kliinikum.ee\/yhendlabor\/kasiraamat\/nakkustekitajate-uuringud-dna-rna-antikehad-antigeenid\/\"},{\"@type\":\"ListItem\",\"position\":4,\"name\":\"B-hepatiidi viiruse uuringud\"}]},{\"@type\":\"WebSite\",\"@id\":\"https:\/\/www.kliinikum.ee\/yhendlabor\/#website\",\"url\":\"https:\/\/www.kliinikum.ee\/yhendlabor\/\",\"name\":\"\u00dchendlabor\",\"description\":\"Hoolivus, Uuendusmeelsus, P\u00e4devus ja Usaldusv\u00e4\u00e4rsus\",\"potentialAction\":[{\"@type\":\"SearchAction\",\"target\":{\"@type\":\"EntryPoint\",\"urlTemplate\":\"https:\/\/www.kliinikum.ee\/yhendlabor\/?s={search_term_string}\"},\"query-input\":{\"@type\":\"PropertyValueSpecification\",\"valueRequired\":true,\"valueName\":\"search_term_string\"}}],\"inLanguage\":\"et\"}]}<\/script>\n<!-- \/ Yoast SEO plugin. -->","yoast_head_json":{"title":"B-hepatiidi viiruse uuringud - \u00dchendlabor","robots":{"index":"index","follow":"follow","max-snippet":"max-snippet:-1","max-image-preview":"max-image-preview:large","max-video-preview":"max-video-preview:-1"},"canonical":"https:\/\/www.kliinikum.ee\/yhendlabor\/kasiraamat\/nakkustekitajate-uuringud-dna-rna-antikehad-antigeenid\/b-hepatiidi-viiruse-uuringud\/","og_locale":"et_EE","og_type":"article","og_title":"B-hepatiidi viiruse uuringud - \u00dchendlabor","og_description":"Anal\u00fc\u00fcsid: B-hepatiidi viiruse pinnaantigeen S,P-HBsAg Kliinilise keemia ja laboratoorse hematoloogia osakond B-hepatiidi viiruse pinnaantigeen (kinnitav uuring) S,P-HBsAg conf Kliinilise keemia ja laboratoorse hematoloogia osakond B-hepatiidi viiruse pinnaantigeeni vastaste antikehade hulk S,P-HBs Ab QN Kliinilise keemia ja laboratoorse hematoloogia osakond B-hepatiidi viiruse \u00fcmbrise antigeen S,P-HBeAg Kliinilise keemia ja laboratoorse hematoloogia osakond B-hepatiidi viiruse \u00fcmbrise antigeeni vastased [&hellip;]","og_url":"https:\/\/www.kliinikum.ee\/yhendlabor\/kasiraamat\/nakkustekitajate-uuringud-dna-rna-antikehad-antigeenid\/b-hepatiidi-viiruse-uuringud\/","og_site_name":"\u00dchendlabor","article_modified_time":"2025-12-10T16:54:29+00:00","twitter_card":"summary_large_image","twitter_misc":{"Est. reading time":"5 minutit"},"schema":{"@context":"https:\/\/schema.org","@graph":[{"@type":"WebPage","@id":"https:\/\/www.kliinikum.ee\/yhendlabor\/kasiraamat\/nakkustekitajate-uuringud-dna-rna-antikehad-antigeenid\/b-hepatiidi-viiruse-uuringud\/","url":"https:\/\/www.kliinikum.ee\/yhendlabor\/kasiraamat\/nakkustekitajate-uuringud-dna-rna-antikehad-antigeenid\/b-hepatiidi-viiruse-uuringud\/","name":"B-hepatiidi viiruse uuringud - \u00dchendlabor","isPartOf":{"@id":"https:\/\/www.kliinikum.ee\/yhendlabor\/#website"},"datePublished":"2025-08-26T10:37:26+00:00","dateModified":"2025-12-10T16:54:29+00:00","breadcrumb":{"@id":"https:\/\/www.kliinikum.ee\/yhendlabor\/kasiraamat\/nakkustekitajate-uuringud-dna-rna-antikehad-antigeenid\/b-hepatiidi-viiruse-uuringud\/#breadcrumb"},"inLanguage":"et","potentialAction":[{"@type":"ReadAction","target":["https:\/\/www.kliinikum.ee\/yhendlabor\/kasiraamat\/nakkustekitajate-uuringud-dna-rna-antikehad-antigeenid\/b-hepatiidi-viiruse-uuringud\/"]}]},{"@type":"BreadcrumbList","@id":"https:\/\/www.kliinikum.ee\/yhendlabor\/kasiraamat\/nakkustekitajate-uuringud-dna-rna-antikehad-antigeenid\/b-hepatiidi-viiruse-uuringud\/#breadcrumb","itemListElement":[{"@type":"ListItem","position":1,"name":"Home","item":"https:\/\/www.kliinikum.ee\/yhendlabor\/"},{"@type":"ListItem","position":2,"name":"K\u00e4siraamat","item":"https:\/\/www.kliinikum.ee\/yhendlabor\/kasiraamat\/"},{"@type":"ListItem","position":3,"name":"Nakkustekitajate uuringud (DNA\/RNA, antikehad, antigeenid)","item":"https:\/\/www.kliinikum.ee\/yhendlabor\/kasiraamat\/nakkustekitajate-uuringud-dna-rna-antikehad-antigeenid\/"},{"@type":"ListItem","position":4,"name":"B-hepatiidi viiruse uuringud"}]},{"@type":"WebSite","@id":"https:\/\/www.kliinikum.ee\/yhendlabor\/#website","url":"https:\/\/www.kliinikum.ee\/yhendlabor\/","name":"\u00dchendlabor","description":"Hoolivus, Uuendusmeelsus, P\u00e4devus ja Usaldusv\u00e4\u00e4rsus","potentialAction":[{"@type":"SearchAction","target":{"@type":"EntryPoint","urlTemplate":"https:\/\/www.kliinikum.ee\/yhendlabor\/?s={search_term_string}"},"query-input":{"@type":"PropertyValueSpecification","valueRequired":true,"valueName":"search_term_string"}}],"inLanguage":"et"}]}},"uagb_featured_image_src":{"full":false,"thumbnail":false,"medium":false,"medium_large":false,"large":false,"1536x1536":false,"2048x2048":false},"uagb_author_info":{"display_name":"Kadi Siigur","author_link":"https:\/\/www.kliinikum.ee\/yhendlabor\/author\/kadisi\/"},"uagb_comment_info":0,"uagb_excerpt":"Anal\u00fc\u00fcsid: B-hepatiidi viiruse pinnaantigeen S,P-HBsAg Kliinilise keemia ja laboratoorse hematoloogia osakond B-hepatiidi viiruse pinnaantigeen (kinnitav uuring) S,P-HBsAg conf Kliinilise keemia ja laboratoorse hematoloogia osakond B-hepatiidi viiruse pinnaantigeeni vastaste antikehade hulk S,P-HBs Ab QN Kliinilise keemia ja laboratoorse hematoloogia osakond B-hepatiidi viiruse \u00fcmbrise antigeen S,P-HBeAg Kliinilise keemia ja laboratoorse hematoloogia osakond B-hepatiidi viiruse \u00fcmbrise antigeeni vastased&hellip;","_links":{"self":[{"href":"https:\/\/www.kliinikum.ee\/yhendlabor\/wp-json\/wp\/v2\/pages\/12806","targetHints":{"allow":["GET"]}}],"collection":[{"href":"https:\/\/www.kliinikum.ee\/yhendlabor\/wp-json\/wp\/v2\/pages"}],"about":[{"href":"https:\/\/www.kliinikum.ee\/yhendlabor\/wp-json\/wp\/v2\/types\/page"}],"author":[{"embeddable":true,"href":"https:\/\/www.kliinikum.ee\/yhendlabor\/wp-json\/wp\/v2\/users\/38"}],"replies":[{"embeddable":true,"href":"https:\/\/www.kliinikum.ee\/yhendlabor\/wp-json\/wp\/v2\/comments?post=12806"}],"version-history":[{"count":5,"href":"https:\/\/www.kliinikum.ee\/yhendlabor\/wp-json\/wp\/v2\/pages\/12806\/revisions"}],"predecessor-version":[{"id":14661,"href":"https:\/\/www.kliinikum.ee\/yhendlabor\/wp-json\/wp\/v2\/pages\/12806\/revisions\/14661"}],"up":[{"embeddable":true,"href":"https:\/\/www.kliinikum.ee\/yhendlabor\/wp-json\/wp\/v2\/pages\/7295"}],"wp:attachment":[{"href":"https:\/\/www.kliinikum.ee\/yhendlabor\/wp-json\/wp\/v2\/media?parent=12806"}],"curies":[{"name":"wp","href":"https:\/\/api.w.org\/{rel}","templated":true}]}}