{"id":13034,"date":"2025-09-09T17:54:22","date_gmt":"2025-09-09T15:54:22","guid":{"rendered":"https:\/\/www.kliinikum.ee\/yhendlabor\/?page_id=13034"},"modified":"2025-12-21T23:44:42","modified_gmt":"2025-12-21T21:44:42","slug":"yersinia-spp-vastased-iga-ja-igg-s-yersinia-iga-qn-s-yersinia-igg-qn","status":"publish","type":"page","link":"https:\/\/www.kliinikum.ee\/yhendlabor\/kasiraamat\/nakkustekitajate-uuringud-dna-rna-antikehad-antigeenid\/yersinia-spp-vastased-iga-ja-igg-s-yersinia-iga-qn-s-yersinia-igg-qn\/","title":{"rendered":"Yersinia spp. vastased IgA ja IgG (S-Yersinia IgA QN, S-Yersinia IgG QN)"},"content":{"rendered":"\n<p><em>Immuunanal\u00fc\u00fcsi osakond<\/em><\/p>\n\n\n\n<p><strong><em>Yersinia spp<\/em>.<\/strong> reservuaariks on sead, veised, n\u00e4rilised, linnud ja nakatumine v\u00f5ib toimuda ka saastunud toiduainete v\u00f5i joogiveega.<\/p>\n\n\n\n<p><em>Yersinia enterocolitica <\/em>(harvemini <em>Yersinia pseudotuberculosis<\/em>) tekitab k\u00f5hulahtisust, reaktiivset artriiti, s\u00f5lmelist er\u00fcteemi, Reiteri s\u00fcndroomi, apenditsiiti simuleerivat mesenteriaalset l\u00fcmfadeniiti. T\u00e4iskasvanutel v\u00f5ib infektsioon kulgeda ka ilma k\u00f5hulahtisuseta.<\/p>\n\n\n\n<p>Infektsiooni korral saavutavad IgA ja IgG antikehad k\u00f5rgeima taseme 2\u20133 n\u00e4dala jooksul peale haigestumist. IgA kaob m\u00f5ne n\u00e4dala kuni kuue kuu jooksul, IgG v\u00f5ib j\u00e4\u00e4da p\u00fcsima mitmeks aastaks.<\/p>\n\n\n\n<p class=\"has-medium-font-size\"><strong>Uuritav materjal, selle v\u00f5tmine, saatmine ja s\u00e4ilitamine<\/strong><\/p>\n\n\n\n<figure class=\"wp-block-table is-style-stripes\"><table width=\"100%\"><tbody><tr><td width=\"1%\"><\/td><td width=\"15%\"><strong>Katsuti<\/strong><\/td><td width=\"84%\">Geeli ja h\u00fc\u00fcbimisaktivaatoriga katsuti (punane kollase r\u00f5ngaga v\u00f5i kollane kork)<\/td><\/tr><tr><td><\/td><td><strong>S\u00e4ilivus<\/strong><\/td><td>Seerum +4 \u00b0C 5 p\u00e4eva, -20 \u00b0C 6 kuud<\/td><\/tr><\/tbody><\/table><\/figure>\n\n\n\n<p class=\"has-medium-font-size\"><strong>Anal\u00fc\u00fcsi tegemise aeg: <\/strong>t\u00f6\u00f6p\u00e4eviti<\/p>\n\n\n\n<p class=\"has-medium-font-size\"><strong>Anal\u00fc\u00fcsimeetod:<\/strong> ens\u00fc\u00fcm-immuunsorptsioonmeetod (ELISA)<\/p>\n\n\n\n<p class=\"has-medium-font-size\"><strong>Vastuse vorm<\/strong><\/p>\n\n\n\n<figure class=\"wp-block-table\"><table width=\"100%\"><tbody><tr><td width=\"1%\"><\/td><td width=\"30%\"><strong>&lt; 20 kU\/L<\/strong><\/td><td width=\"69%\">negatiivne<\/td><\/tr><tr><td><\/td><td><strong>20\u201325 kU\/L<\/strong><\/td><td>piiripealne<\/td><\/tr><tr><td><\/td><td><strong>> 25 kU\/L<\/strong><\/td><td>positiivne<\/td><\/tr><\/tbody><\/table><\/figure>\n\n\n\n<p class=\"has-medium-font-size\"><strong>N\u00e4idustus ja kliiniline t\u00e4hendus<\/strong><\/p>\n\n\n\n<p>Kahtlusel jersinioosi t\u00fcsistustele (nt reaktiive artriit).<\/p>\n\n\n\n<p>\u00c4geda infektsiooni kahtlusel teostada soolebakterite DNA laiendatud paneel, mille koosseisu kuulub <em>Yersinia enterocolitica DNA<\/em>.<\/p>\n\n\n\n<p>Yersinia IgA ja IgG k\u00f5rges kontsentratsioonis viitavad infektsioonile, kui patsienti pole eelnevalt ravitud. Pikemaajaliselt p\u00fcsivalt k\u00f5rges kontsentratsioonis IgA ja IgG viitavad persisteeruvale infektsioonile.<\/p>\n\n\n\n<p>Vt ka: <a href=\"https:\/\/www.kliinikum.ee\/yhendlabor\/kasiraamat\/nakkustekitajate-uuringud-dna-rna-antikehad-antigeenid\/soolebakterite-dna-paneelid-roojas\/\">Soolebakterite DNA paneelid<\/a><\/p>\n\n\n\n<p>Koostaja: Raili Randoja<br>Muudetud 07.02.2018<\/p>\n","protected":false},"excerpt":{"rendered":"<p>Immuunanal\u00fc\u00fcsi osakond Yersinia spp. reservuaariks on sead, veised, n\u00e4rilised, linnud ja nakatumine v\u00f5ib toimuda ka saastunud toiduainete v\u00f5i joogiveega. Yersinia enterocolitica (harvemini Yersinia pseudotuberculosis) tekitab k\u00f5hulahtisust, reaktiivset artriiti, s\u00f5lmelist er\u00fcteemi, Reiteri s\u00fcndroomi, apenditsiiti simuleerivat mesenteriaalset l\u00fcmfadeniiti. T\u00e4iskasvanutel v\u00f5ib infektsioon kulgeda ka ilma k\u00f5hulahtisuseta. Infektsiooni korral saavutavad IgA ja IgG antikehad k\u00f5rgeima taseme 2\u20133 n\u00e4dala jooksul [&hellip;]<\/p>\n","protected":false},"author":38,"featured_media":0,"parent":7295,"menu_order":53,"comment_status":"closed","ping_status":"closed","template":"","meta":{"_uag_custom_page_level_css":"","footnotes":""},"class_list":["post-13034","page","type-page","status-publish","hentry"],"acf":[],"yoast_head":"<!-- This site is optimized with the Yoast SEO plugin v27.1.1 - https:\/\/yoast.com\/product\/yoast-seo-wordpress\/ -->\n<title>Yersinia spp. vastased IgA ja IgG (S-Yersinia IgA QN, S-Yersinia IgG QN) - \u00dchendlabor<\/title>\n<meta name=\"robots\" content=\"index, follow, max-snippet:-1, max-image-preview:large, max-video-preview:-1\" \/>\n<link rel=\"canonical\" href=\"https:\/\/www.kliinikum.ee\/yhendlabor\/kasiraamat\/nakkustekitajate-uuringud-dna-rna-antikehad-antigeenid\/yersinia-spp-vastased-iga-ja-igg-s-yersinia-iga-qn-s-yersinia-igg-qn\/\" \/>\n<meta property=\"og:locale\" content=\"et_EE\" \/>\n<meta property=\"og:type\" content=\"article\" \/>\n<meta property=\"og:title\" content=\"Yersinia spp. vastased IgA ja IgG (S-Yersinia IgA QN, S-Yersinia IgG QN) - \u00dchendlabor\" \/>\n<meta property=\"og:description\" content=\"Immuunanal\u00fc\u00fcsi osakond Yersinia spp. reservuaariks on sead, veised, n\u00e4rilised, linnud ja nakatumine v\u00f5ib toimuda ka saastunud toiduainete v\u00f5i joogiveega. Yersinia enterocolitica (harvemini Yersinia pseudotuberculosis) tekitab k\u00f5hulahtisust, reaktiivset artriiti, s\u00f5lmelist er\u00fcteemi, Reiteri s\u00fcndroomi, apenditsiiti simuleerivat mesenteriaalset l\u00fcmfadeniiti. T\u00e4iskasvanutel v\u00f5ib infektsioon kulgeda ka ilma k\u00f5hulahtisuseta. Infektsiooni korral saavutavad IgA ja IgG antikehad k\u00f5rgeima taseme 2\u20133 n\u00e4dala jooksul [&hellip;]\" \/>\n<meta property=\"og:url\" content=\"https:\/\/www.kliinikum.ee\/yhendlabor\/kasiraamat\/nakkustekitajate-uuringud-dna-rna-antikehad-antigeenid\/yersinia-spp-vastased-iga-ja-igg-s-yersinia-iga-qn-s-yersinia-igg-qn\/\" \/>\n<meta property=\"og:site_name\" content=\"\u00dchendlabor\" \/>\n<meta property=\"article:modified_time\" content=\"2025-12-21T21:44:42+00:00\" \/>\n<meta name=\"twitter:card\" content=\"summary_large_image\" \/>\n<meta name=\"twitter:label1\" content=\"Est. reading time\" \/>\n\t<meta name=\"twitter:data1\" content=\"1 minut\" \/>\n<script type=\"application\/ld+json\" class=\"yoast-schema-graph\">{\"@context\":\"https:\/\/schema.org\",\"@graph\":[{\"@type\":\"WebPage\",\"@id\":\"https:\/\/www.kliinikum.ee\/yhendlabor\/kasiraamat\/nakkustekitajate-uuringud-dna-rna-antikehad-antigeenid\/yersinia-spp-vastased-iga-ja-igg-s-yersinia-iga-qn-s-yersinia-igg-qn\/\",\"url\":\"https:\/\/www.kliinikum.ee\/yhendlabor\/kasiraamat\/nakkustekitajate-uuringud-dna-rna-antikehad-antigeenid\/yersinia-spp-vastased-iga-ja-igg-s-yersinia-iga-qn-s-yersinia-igg-qn\/\",\"name\":\"Yersinia spp. vastased IgA ja IgG (S-Yersinia IgA QN, S-Yersinia IgG QN) - \u00dchendlabor\",\"isPartOf\":{\"@id\":\"https:\/\/www.kliinikum.ee\/yhendlabor\/#website\"},\"datePublished\":\"2025-09-09T15:54:22+00:00\",\"dateModified\":\"2025-12-21T21:44:42+00:00\",\"breadcrumb\":{\"@id\":\"https:\/\/www.kliinikum.ee\/yhendlabor\/kasiraamat\/nakkustekitajate-uuringud-dna-rna-antikehad-antigeenid\/yersinia-spp-vastased-iga-ja-igg-s-yersinia-iga-qn-s-yersinia-igg-qn\/#breadcrumb\"},\"inLanguage\":\"et\",\"potentialAction\":[{\"@type\":\"ReadAction\",\"target\":[\"https:\/\/www.kliinikum.ee\/yhendlabor\/kasiraamat\/nakkustekitajate-uuringud-dna-rna-antikehad-antigeenid\/yersinia-spp-vastased-iga-ja-igg-s-yersinia-iga-qn-s-yersinia-igg-qn\/\"]}]},{\"@type\":\"BreadcrumbList\",\"@id\":\"https:\/\/www.kliinikum.ee\/yhendlabor\/kasiraamat\/nakkustekitajate-uuringud-dna-rna-antikehad-antigeenid\/yersinia-spp-vastased-iga-ja-igg-s-yersinia-iga-qn-s-yersinia-igg-qn\/#breadcrumb\",\"itemListElement\":[{\"@type\":\"ListItem\",\"position\":1,\"name\":\"Home\",\"item\":\"https:\/\/www.kliinikum.ee\/yhendlabor\/\"},{\"@type\":\"ListItem\",\"position\":2,\"name\":\"K\u00e4siraamat\",\"item\":\"https:\/\/www.kliinikum.ee\/yhendlabor\/kasiraamat\/\"},{\"@type\":\"ListItem\",\"position\":3,\"name\":\"Nakkustekitajate uuringud (DNA\/RNA, antikehad, antigeenid)\",\"item\":\"https:\/\/www.kliinikum.ee\/yhendlabor\/kasiraamat\/nakkustekitajate-uuringud-dna-rna-antikehad-antigeenid\/\"},{\"@type\":\"ListItem\",\"position\":4,\"name\":\"Yersinia spp. vastased IgA ja IgG (S-Yersinia IgA QN, S-Yersinia IgG QN)\"}]},{\"@type\":\"WebSite\",\"@id\":\"https:\/\/www.kliinikum.ee\/yhendlabor\/#website\",\"url\":\"https:\/\/www.kliinikum.ee\/yhendlabor\/\",\"name\":\"\u00dchendlabor\",\"description\":\"Hoolivus, Uuendusmeelsus, P\u00e4devus ja Usaldusv\u00e4\u00e4rsus\",\"potentialAction\":[{\"@type\":\"SearchAction\",\"target\":{\"@type\":\"EntryPoint\",\"urlTemplate\":\"https:\/\/www.kliinikum.ee\/yhendlabor\/?s={search_term_string}\"},\"query-input\":{\"@type\":\"PropertyValueSpecification\",\"valueRequired\":true,\"valueName\":\"search_term_string\"}}],\"inLanguage\":\"et\"}]}<\/script>\n<!-- \/ Yoast SEO plugin. -->","yoast_head_json":{"title":"Yersinia spp. vastased IgA ja IgG (S-Yersinia IgA QN, S-Yersinia IgG QN) - \u00dchendlabor","robots":{"index":"index","follow":"follow","max-snippet":"max-snippet:-1","max-image-preview":"max-image-preview:large","max-video-preview":"max-video-preview:-1"},"canonical":"https:\/\/www.kliinikum.ee\/yhendlabor\/kasiraamat\/nakkustekitajate-uuringud-dna-rna-antikehad-antigeenid\/yersinia-spp-vastased-iga-ja-igg-s-yersinia-iga-qn-s-yersinia-igg-qn\/","og_locale":"et_EE","og_type":"article","og_title":"Yersinia spp. vastased IgA ja IgG (S-Yersinia IgA QN, S-Yersinia IgG QN) - \u00dchendlabor","og_description":"Immuunanal\u00fc\u00fcsi osakond Yersinia spp. reservuaariks on sead, veised, n\u00e4rilised, linnud ja nakatumine v\u00f5ib toimuda ka saastunud toiduainete v\u00f5i joogiveega. Yersinia enterocolitica (harvemini Yersinia pseudotuberculosis) tekitab k\u00f5hulahtisust, reaktiivset artriiti, s\u00f5lmelist er\u00fcteemi, Reiteri s\u00fcndroomi, apenditsiiti simuleerivat mesenteriaalset l\u00fcmfadeniiti. T\u00e4iskasvanutel v\u00f5ib infektsioon kulgeda ka ilma k\u00f5hulahtisuseta. Infektsiooni korral saavutavad IgA ja IgG antikehad k\u00f5rgeima taseme 2\u20133 n\u00e4dala jooksul [&hellip;]","og_url":"https:\/\/www.kliinikum.ee\/yhendlabor\/kasiraamat\/nakkustekitajate-uuringud-dna-rna-antikehad-antigeenid\/yersinia-spp-vastased-iga-ja-igg-s-yersinia-iga-qn-s-yersinia-igg-qn\/","og_site_name":"\u00dchendlabor","article_modified_time":"2025-12-21T21:44:42+00:00","twitter_card":"summary_large_image","twitter_misc":{"Est. reading time":"1 minut"},"schema":{"@context":"https:\/\/schema.org","@graph":[{"@type":"WebPage","@id":"https:\/\/www.kliinikum.ee\/yhendlabor\/kasiraamat\/nakkustekitajate-uuringud-dna-rna-antikehad-antigeenid\/yersinia-spp-vastased-iga-ja-igg-s-yersinia-iga-qn-s-yersinia-igg-qn\/","url":"https:\/\/www.kliinikum.ee\/yhendlabor\/kasiraamat\/nakkustekitajate-uuringud-dna-rna-antikehad-antigeenid\/yersinia-spp-vastased-iga-ja-igg-s-yersinia-iga-qn-s-yersinia-igg-qn\/","name":"Yersinia spp. vastased IgA ja IgG (S-Yersinia IgA QN, S-Yersinia IgG QN) - \u00dchendlabor","isPartOf":{"@id":"https:\/\/www.kliinikum.ee\/yhendlabor\/#website"},"datePublished":"2025-09-09T15:54:22+00:00","dateModified":"2025-12-21T21:44:42+00:00","breadcrumb":{"@id":"https:\/\/www.kliinikum.ee\/yhendlabor\/kasiraamat\/nakkustekitajate-uuringud-dna-rna-antikehad-antigeenid\/yersinia-spp-vastased-iga-ja-igg-s-yersinia-iga-qn-s-yersinia-igg-qn\/#breadcrumb"},"inLanguage":"et","potentialAction":[{"@type":"ReadAction","target":["https:\/\/www.kliinikum.ee\/yhendlabor\/kasiraamat\/nakkustekitajate-uuringud-dna-rna-antikehad-antigeenid\/yersinia-spp-vastased-iga-ja-igg-s-yersinia-iga-qn-s-yersinia-igg-qn\/"]}]},{"@type":"BreadcrumbList","@id":"https:\/\/www.kliinikum.ee\/yhendlabor\/kasiraamat\/nakkustekitajate-uuringud-dna-rna-antikehad-antigeenid\/yersinia-spp-vastased-iga-ja-igg-s-yersinia-iga-qn-s-yersinia-igg-qn\/#breadcrumb","itemListElement":[{"@type":"ListItem","position":1,"name":"Home","item":"https:\/\/www.kliinikum.ee\/yhendlabor\/"},{"@type":"ListItem","position":2,"name":"K\u00e4siraamat","item":"https:\/\/www.kliinikum.ee\/yhendlabor\/kasiraamat\/"},{"@type":"ListItem","position":3,"name":"Nakkustekitajate uuringud (DNA\/RNA, antikehad, antigeenid)","item":"https:\/\/www.kliinikum.ee\/yhendlabor\/kasiraamat\/nakkustekitajate-uuringud-dna-rna-antikehad-antigeenid\/"},{"@type":"ListItem","position":4,"name":"Yersinia spp. vastased IgA ja IgG (S-Yersinia IgA QN, S-Yersinia IgG QN)"}]},{"@type":"WebSite","@id":"https:\/\/www.kliinikum.ee\/yhendlabor\/#website","url":"https:\/\/www.kliinikum.ee\/yhendlabor\/","name":"\u00dchendlabor","description":"Hoolivus, Uuendusmeelsus, P\u00e4devus ja Usaldusv\u00e4\u00e4rsus","potentialAction":[{"@type":"SearchAction","target":{"@type":"EntryPoint","urlTemplate":"https:\/\/www.kliinikum.ee\/yhendlabor\/?s={search_term_string}"},"query-input":{"@type":"PropertyValueSpecification","valueRequired":true,"valueName":"search_term_string"}}],"inLanguage":"et"}]}},"uagb_featured_image_src":{"full":false,"thumbnail":false,"medium":false,"medium_large":false,"large":false,"1536x1536":false,"2048x2048":false},"uagb_author_info":{"display_name":"Kadi Siigur","author_link":"https:\/\/www.kliinikum.ee\/yhendlabor\/author\/kadisi\/"},"uagb_comment_info":0,"uagb_excerpt":"Immuunanal\u00fc\u00fcsi osakond Yersinia spp. reservuaariks on sead, veised, n\u00e4rilised, linnud ja nakatumine v\u00f5ib toimuda ka saastunud toiduainete v\u00f5i joogiveega. Yersinia enterocolitica (harvemini Yersinia pseudotuberculosis) tekitab k\u00f5hulahtisust, reaktiivset artriiti, s\u00f5lmelist er\u00fcteemi, Reiteri s\u00fcndroomi, apenditsiiti simuleerivat mesenteriaalset l\u00fcmfadeniiti. T\u00e4iskasvanutel v\u00f5ib infektsioon kulgeda ka ilma k\u00f5hulahtisuseta. Infektsiooni korral saavutavad IgA ja IgG antikehad k\u00f5rgeima taseme 2\u20133 n\u00e4dala jooksul&hellip;","_links":{"self":[{"href":"https:\/\/www.kliinikum.ee\/yhendlabor\/wp-json\/wp\/v2\/pages\/13034","targetHints":{"allow":["GET"]}}],"collection":[{"href":"https:\/\/www.kliinikum.ee\/yhendlabor\/wp-json\/wp\/v2\/pages"}],"about":[{"href":"https:\/\/www.kliinikum.ee\/yhendlabor\/wp-json\/wp\/v2\/types\/page"}],"author":[{"embeddable":true,"href":"https:\/\/www.kliinikum.ee\/yhendlabor\/wp-json\/wp\/v2\/users\/38"}],"replies":[{"embeddable":true,"href":"https:\/\/www.kliinikum.ee\/yhendlabor\/wp-json\/wp\/v2\/comments?post=13034"}],"version-history":[{"count":3,"href":"https:\/\/www.kliinikum.ee\/yhendlabor\/wp-json\/wp\/v2\/pages\/13034\/revisions"}],"predecessor-version":[{"id":15251,"href":"https:\/\/www.kliinikum.ee\/yhendlabor\/wp-json\/wp\/v2\/pages\/13034\/revisions\/15251"}],"up":[{"embeddable":true,"href":"https:\/\/www.kliinikum.ee\/yhendlabor\/wp-json\/wp\/v2\/pages\/7295"}],"wp:attachment":[{"href":"https:\/\/www.kliinikum.ee\/yhendlabor\/wp-json\/wp\/v2\/media?parent=13034"}],"curies":[{"name":"wp","href":"https:\/\/api.w.org\/{rel}","templated":true}]}}