{"id":13051,"date":"2025-09-12T14:28:35","date_gmt":"2025-09-12T12:28:35","guid":{"rendered":"https:\/\/www.kliinikum.ee\/yhendlabor\/?page_id=13051"},"modified":"2025-12-09T23:40:47","modified_gmt":"2025-12-09T21:40:47","slug":"acanthamoeba-spp-mikroskoopia-silmamaterjalist-eye-acanthamoeba-m","status":"publish","type":"page","link":"https:\/\/www.kliinikum.ee\/yhendlabor\/kasiraamat\/mikrobioloogilised-uuringud\/acanthamoeba-spp-mikroskoopia-silmamaterjalist-eye-acanthamoeba-m\/","title":{"rendered":"Acanthamoeba spp. mikroskoopia silmamaterjalist (Eye-Acanthamoeba-m)"},"content":{"rendered":"\n<p><em>Mikrobioloogia osakond<\/em><\/p>\n\n\n\n<p><strong>Akantam\u00f6\u00f6bide perekonda (<em>Acanthamoeba<\/em> <em>spp.<\/em>) kuuluvad algloomad<\/strong> v\u00f5ivad p\u00f5hjustada am\u00f6biaalset keratiiti. Kuigi vabalt elavaid am\u00f6\u00f6be v\u00f5ib leida erinevatest looduslikest mage- ja riimveekogudest ning mahuteist (s.h basseinid, veev\u00e4rk, k\u00fctte- ja konditsioneerimisseadmed) ning esmaselt diagnoositigi am\u00f6biaalset keratiiti silmatrauma ja saastunud veega seoses, on see t\u00e4nap\u00e4eval pea alati seotud kontaktl\u00e4\u00e4tsede kasutamisega. Riskifaktoreiks on kontaktl\u00e4\u00e4tsede kasutamine ujumisel ja ebapiisav desinfektsioon.<\/p>\n\n\n\n<p class=\"has-medium-font-size\"><strong>Uuritav materjal, selle v\u00f5tmine, saatmine ja s\u00e4ilitamine<\/strong><\/p>\n\n\n\n<figure class=\"wp-block-table is-style-stripes\"><table width=\"100%\"><tbody><tr><td width=\"1%\"><\/td><td width=\"15%\"><strong>Proovin\u00f5u<\/strong><\/td><td width=\"84%\">Steriilne proovitops<\/td><\/tr><tr><td><\/td><td><strong>S\u00e4ilivus<\/strong><\/td><td>Toatemperatuuril kuni \u00fcks p\u00e4ev<\/td><\/tr><\/tbody><\/table><\/figure>\n\n\n\n<p>Prooviks kogutakse sarvkestalt materjali tampooniga, spaatliga v\u00f5i pipetiga. V\u00f5ib koguda ka sarvkesta loputusvedelikku. Am\u00f6\u00f6biga saastunud kontaktl\u00e4\u00e4tsedest p\u00f5hjustatud nakkuse kahtluse korral v\u00f5ib uuringuks saata kontaktl\u00e4\u00e4tse v\u00f5i kontaktl\u00e4\u00e4tsede loputusvedeliku.<\/p>\n\n\n\n<p class=\"has-medium-font-size\"><strong>Anal\u00fc\u00fcsi tegemise aeg: <\/strong>t\u00f6\u00f6p\u00e4eviti<\/p>\n\n\n\n<p class=\"has-medium-font-size\"><strong>Anal\u00fc\u00fcsimeetod: <\/strong>kontsentreeritud algmaterjali v\u00e4rving Leishman-Giemsa j\u00e4rgi<\/p>\n\n\n\n<p class=\"has-medium-font-size\"><strong>Vastuse vorm<\/strong><\/p>\n\n\n\n<p>Negatiivne\/positiivne. Mikroskoopia vastus samal p\u00e4eval.<\/p>\n\n\n\n<p class=\"has-medium-font-size\"><strong>N\u00e4idustus ja kliiniline t\u00e4hendus<\/strong><\/p>\n\n\n\n<p>Am\u00f6biaalse keratiidi kahtlus. <em>Acanthamoeba<\/em> <em>spp<\/em>. silmas normaalselt ei leidu, positiivne leid viitab infektsioonile.<\/p>\n\n\n\n<p>Koostaja: Krista L\u00f5ivukene<br>Muudetud 05.10.2020<\/p>\n\n\n\n<p class=\"has-large-font-size\"><strong><em>Acanthamoeba spp. <\/em><\/strong><strong>DNA (XXX-Acanthamoeba DNA)<\/strong><\/p>\n\n\n\n<p><em>Vastuv\u00f5tu ja logistika osakond korraldab proovi saatmise, anal\u00fc\u00fcsi teostab SYNLAB Eesti labor<\/em><\/p>\n\n\n\n<p class=\"has-medium-font-size\"><strong>Uuritav materjal, selle v\u00f5tmine, saatmine ja s\u00e4ilitamine<\/strong><\/p>\n\n\n\n<figure class=\"wp-block-table is-style-stripes\"><table width=\"100%\"><tbody><tr><td width=\"1%\"><\/td><td width=\"15%\"><strong>Proovin\u00f5u<\/strong><\/td><td width=\"84%\">Silmakaabe: steriilne tampooniga katsuti <br>Koematerjal: steriilne proovitops<\/td><\/tr><tr><td><\/td><td><strong>S\u00e4ilivus<\/strong><\/td><td>Toatemperatuuril kuni \u00fcks p\u00e4ev<\/td><\/tr><\/tbody><\/table><\/figure>\n\n\n\n<p>Transport toimub esmasp\u00e4evast neljap\u00e4evani SYNLAB Eesti autoga.<\/p>\n\n\n\n<p class=\"has-medium-font-size\"><strong>Anal\u00fc\u00fcsi tegemise aeg: <\/strong>tulemus 12 p\u00e4eva jooksul<\/p>\n\n\n\n<p class=\"has-medium-font-size\"><strong>Anal\u00fc\u00fcsimeetod: <\/strong>pol\u00fcmeraasi ahelreaktsioon (PCR)<\/p>\n\n\n\n<p class=\"has-medium-font-size\"><strong>Vastuse vorm<\/strong><\/p>\n\n\n\n<p>Negatiivne\/positiivne<\/p>\n\n\n\n<p class=\"has-medium-font-size\"><strong>N\u00e4idustus ja kliiniline t\u00e4hendus<\/strong><\/p>\n\n\n\n<p>PCR on tundlikum diagnostiline meetod <em>Acanthamoeba spp. <\/em>tuvastamiseks kui mikroskoopia.<\/p>\n\n\n\n<p>Koostaja: Krista L\u00f5ivukene<br>Muudetud 05.10.2020<\/p>\n","protected":false},"excerpt":{"rendered":"<p>Mikrobioloogia osakond Akantam\u00f6\u00f6bide perekonda (Acanthamoeba spp.) kuuluvad algloomad v\u00f5ivad p\u00f5hjustada am\u00f6biaalset keratiiti. Kuigi vabalt elavaid am\u00f6\u00f6be v\u00f5ib leida erinevatest looduslikest mage- ja riimveekogudest ning mahuteist (s.h basseinid, veev\u00e4rk, k\u00fctte- ja konditsioneerimisseadmed) ning esmaselt diagnoositigi am\u00f6biaalset keratiiti silmatrauma ja saastunud veega seoses, on see t\u00e4nap\u00e4eval pea alati seotud kontaktl\u00e4\u00e4tsede kasutamisega. Riskifaktoreiks on kontaktl\u00e4\u00e4tsede kasutamine ujumisel ja [&hellip;]<\/p>\n","protected":false},"author":38,"featured_media":0,"parent":7292,"menu_order":1,"comment_status":"closed","ping_status":"closed","template":"","meta":{"_uag_custom_page_level_css":"","footnotes":""},"class_list":["post-13051","page","type-page","status-publish","hentry"],"acf":[],"yoast_head":"<!-- This site is optimized with the Yoast SEO plugin v27.3 - https:\/\/yoast.com\/product\/yoast-seo-wordpress\/ -->\n<title>Acanthamoeba spp. mikroskoopia silmamaterjalist (Eye-Acanthamoeba-m) - \u00dchendlabor<\/title>\n<meta name=\"robots\" content=\"index, follow, max-snippet:-1, max-image-preview:large, max-video-preview:-1\" \/>\n<link rel=\"canonical\" href=\"https:\/\/www.kliinikum.ee\/yhendlabor\/kasiraamat\/mikrobioloogilised-uuringud\/acanthamoeba-spp-mikroskoopia-silmamaterjalist-eye-acanthamoeba-m\/\" \/>\n<meta property=\"og:locale\" content=\"et_EE\" \/>\n<meta property=\"og:type\" content=\"article\" \/>\n<meta property=\"og:title\" content=\"Acanthamoeba spp. mikroskoopia silmamaterjalist (Eye-Acanthamoeba-m) - \u00dchendlabor\" \/>\n<meta property=\"og:description\" content=\"Mikrobioloogia osakond Akantam\u00f6\u00f6bide perekonda (Acanthamoeba spp.) kuuluvad algloomad v\u00f5ivad p\u00f5hjustada am\u00f6biaalset keratiiti. Kuigi vabalt elavaid am\u00f6\u00f6be v\u00f5ib leida erinevatest looduslikest mage- ja riimveekogudest ning mahuteist (s.h basseinid, veev\u00e4rk, k\u00fctte- ja konditsioneerimisseadmed) ning esmaselt diagnoositigi am\u00f6biaalset keratiiti silmatrauma ja saastunud veega seoses, on see t\u00e4nap\u00e4eval pea alati seotud kontaktl\u00e4\u00e4tsede kasutamisega. Riskifaktoreiks on kontaktl\u00e4\u00e4tsede kasutamine ujumisel ja [&hellip;]\" \/>\n<meta property=\"og:url\" content=\"https:\/\/www.kliinikum.ee\/yhendlabor\/kasiraamat\/mikrobioloogilised-uuringud\/acanthamoeba-spp-mikroskoopia-silmamaterjalist-eye-acanthamoeba-m\/\" \/>\n<meta property=\"og:site_name\" content=\"\u00dchendlabor\" \/>\n<meta property=\"article:modified_time\" content=\"2025-12-09T21:40:47+00:00\" \/>\n<meta name=\"twitter:card\" content=\"summary_large_image\" \/>\n<meta name=\"twitter:label1\" content=\"Est. reading time\" \/>\n\t<meta name=\"twitter:data1\" content=\"2 minutit\" \/>\n<script type=\"application\/ld+json\" class=\"yoast-schema-graph\">{\"@context\":\"https:\\\/\\\/schema.org\",\"@graph\":[{\"@type\":\"WebPage\",\"@id\":\"https:\\\/\\\/www.kliinikum.ee\\\/yhendlabor\\\/kasiraamat\\\/mikrobioloogilised-uuringud\\\/acanthamoeba-spp-mikroskoopia-silmamaterjalist-eye-acanthamoeba-m\\\/\",\"url\":\"https:\\\/\\\/www.kliinikum.ee\\\/yhendlabor\\\/kasiraamat\\\/mikrobioloogilised-uuringud\\\/acanthamoeba-spp-mikroskoopia-silmamaterjalist-eye-acanthamoeba-m\\\/\",\"name\":\"Acanthamoeba spp. mikroskoopia silmamaterjalist (Eye-Acanthamoeba-m) - \u00dchendlabor\",\"isPartOf\":{\"@id\":\"https:\\\/\\\/www.kliinikum.ee\\\/yhendlabor\\\/#website\"},\"datePublished\":\"2025-09-12T12:28:35+00:00\",\"dateModified\":\"2025-12-09T21:40:47+00:00\",\"breadcrumb\":{\"@id\":\"https:\\\/\\\/www.kliinikum.ee\\\/yhendlabor\\\/kasiraamat\\\/mikrobioloogilised-uuringud\\\/acanthamoeba-spp-mikroskoopia-silmamaterjalist-eye-acanthamoeba-m\\\/#breadcrumb\"},\"inLanguage\":\"et\",\"potentialAction\":[{\"@type\":\"ReadAction\",\"target\":[\"https:\\\/\\\/www.kliinikum.ee\\\/yhendlabor\\\/kasiraamat\\\/mikrobioloogilised-uuringud\\\/acanthamoeba-spp-mikroskoopia-silmamaterjalist-eye-acanthamoeba-m\\\/\"]}]},{\"@type\":\"BreadcrumbList\",\"@id\":\"https:\\\/\\\/www.kliinikum.ee\\\/yhendlabor\\\/kasiraamat\\\/mikrobioloogilised-uuringud\\\/acanthamoeba-spp-mikroskoopia-silmamaterjalist-eye-acanthamoeba-m\\\/#breadcrumb\",\"itemListElement\":[{\"@type\":\"ListItem\",\"position\":1,\"name\":\"Home\",\"item\":\"https:\\\/\\\/www.kliinikum.ee\\\/yhendlabor\\\/\"},{\"@type\":\"ListItem\",\"position\":2,\"name\":\"K\u00e4siraamat\",\"item\":\"https:\\\/\\\/www.kliinikum.ee\\\/yhendlabor\\\/kasiraamat\\\/\"},{\"@type\":\"ListItem\",\"position\":3,\"name\":\"Mikrobioloogilised uuringud\",\"item\":\"https:\\\/\\\/www.kliinikum.ee\\\/yhendlabor\\\/kasiraamat\\\/mikrobioloogilised-uuringud\\\/\"},{\"@type\":\"ListItem\",\"position\":4,\"name\":\"Acanthamoeba spp. mikroskoopia silmamaterjalist (Eye-Acanthamoeba-m)\"}]},{\"@type\":\"WebSite\",\"@id\":\"https:\\\/\\\/www.kliinikum.ee\\\/yhendlabor\\\/#website\",\"url\":\"https:\\\/\\\/www.kliinikum.ee\\\/yhendlabor\\\/\",\"name\":\"\u00dchendlabor\",\"description\":\"Hoolivus, Uuendusmeelsus, P\u00e4devus ja Usaldusv\u00e4\u00e4rsus\",\"potentialAction\":[{\"@type\":\"SearchAction\",\"target\":{\"@type\":\"EntryPoint\",\"urlTemplate\":\"https:\\\/\\\/www.kliinikum.ee\\\/yhendlabor\\\/?s={search_term_string}\"},\"query-input\":{\"@type\":\"PropertyValueSpecification\",\"valueRequired\":true,\"valueName\":\"search_term_string\"}}],\"inLanguage\":\"et\"}]}<\/script>\n<!-- \/ Yoast SEO plugin. -->","yoast_head_json":{"title":"Acanthamoeba spp. mikroskoopia silmamaterjalist (Eye-Acanthamoeba-m) - \u00dchendlabor","robots":{"index":"index","follow":"follow","max-snippet":"max-snippet:-1","max-image-preview":"max-image-preview:large","max-video-preview":"max-video-preview:-1"},"canonical":"https:\/\/www.kliinikum.ee\/yhendlabor\/kasiraamat\/mikrobioloogilised-uuringud\/acanthamoeba-spp-mikroskoopia-silmamaterjalist-eye-acanthamoeba-m\/","og_locale":"et_EE","og_type":"article","og_title":"Acanthamoeba spp. mikroskoopia silmamaterjalist (Eye-Acanthamoeba-m) - \u00dchendlabor","og_description":"Mikrobioloogia osakond Akantam\u00f6\u00f6bide perekonda (Acanthamoeba spp.) kuuluvad algloomad v\u00f5ivad p\u00f5hjustada am\u00f6biaalset keratiiti. Kuigi vabalt elavaid am\u00f6\u00f6be v\u00f5ib leida erinevatest looduslikest mage- ja riimveekogudest ning mahuteist (s.h basseinid, veev\u00e4rk, k\u00fctte- ja konditsioneerimisseadmed) ning esmaselt diagnoositigi am\u00f6biaalset keratiiti silmatrauma ja saastunud veega seoses, on see t\u00e4nap\u00e4eval pea alati seotud kontaktl\u00e4\u00e4tsede kasutamisega. Riskifaktoreiks on kontaktl\u00e4\u00e4tsede kasutamine ujumisel ja [&hellip;]","og_url":"https:\/\/www.kliinikum.ee\/yhendlabor\/kasiraamat\/mikrobioloogilised-uuringud\/acanthamoeba-spp-mikroskoopia-silmamaterjalist-eye-acanthamoeba-m\/","og_site_name":"\u00dchendlabor","article_modified_time":"2025-12-09T21:40:47+00:00","twitter_card":"summary_large_image","twitter_misc":{"Est. reading time":"2 minutit"},"schema":{"@context":"https:\/\/schema.org","@graph":[{"@type":"WebPage","@id":"https:\/\/www.kliinikum.ee\/yhendlabor\/kasiraamat\/mikrobioloogilised-uuringud\/acanthamoeba-spp-mikroskoopia-silmamaterjalist-eye-acanthamoeba-m\/","url":"https:\/\/www.kliinikum.ee\/yhendlabor\/kasiraamat\/mikrobioloogilised-uuringud\/acanthamoeba-spp-mikroskoopia-silmamaterjalist-eye-acanthamoeba-m\/","name":"Acanthamoeba spp. mikroskoopia silmamaterjalist (Eye-Acanthamoeba-m) - \u00dchendlabor","isPartOf":{"@id":"https:\/\/www.kliinikum.ee\/yhendlabor\/#website"},"datePublished":"2025-09-12T12:28:35+00:00","dateModified":"2025-12-09T21:40:47+00:00","breadcrumb":{"@id":"https:\/\/www.kliinikum.ee\/yhendlabor\/kasiraamat\/mikrobioloogilised-uuringud\/acanthamoeba-spp-mikroskoopia-silmamaterjalist-eye-acanthamoeba-m\/#breadcrumb"},"inLanguage":"et","potentialAction":[{"@type":"ReadAction","target":["https:\/\/www.kliinikum.ee\/yhendlabor\/kasiraamat\/mikrobioloogilised-uuringud\/acanthamoeba-spp-mikroskoopia-silmamaterjalist-eye-acanthamoeba-m\/"]}]},{"@type":"BreadcrumbList","@id":"https:\/\/www.kliinikum.ee\/yhendlabor\/kasiraamat\/mikrobioloogilised-uuringud\/acanthamoeba-spp-mikroskoopia-silmamaterjalist-eye-acanthamoeba-m\/#breadcrumb","itemListElement":[{"@type":"ListItem","position":1,"name":"Home","item":"https:\/\/www.kliinikum.ee\/yhendlabor\/"},{"@type":"ListItem","position":2,"name":"K\u00e4siraamat","item":"https:\/\/www.kliinikum.ee\/yhendlabor\/kasiraamat\/"},{"@type":"ListItem","position":3,"name":"Mikrobioloogilised uuringud","item":"https:\/\/www.kliinikum.ee\/yhendlabor\/kasiraamat\/mikrobioloogilised-uuringud\/"},{"@type":"ListItem","position":4,"name":"Acanthamoeba spp. mikroskoopia silmamaterjalist (Eye-Acanthamoeba-m)"}]},{"@type":"WebSite","@id":"https:\/\/www.kliinikum.ee\/yhendlabor\/#website","url":"https:\/\/www.kliinikum.ee\/yhendlabor\/","name":"\u00dchendlabor","description":"Hoolivus, Uuendusmeelsus, P\u00e4devus ja Usaldusv\u00e4\u00e4rsus","potentialAction":[{"@type":"SearchAction","target":{"@type":"EntryPoint","urlTemplate":"https:\/\/www.kliinikum.ee\/yhendlabor\/?s={search_term_string}"},"query-input":{"@type":"PropertyValueSpecification","valueRequired":true,"valueName":"search_term_string"}}],"inLanguage":"et"}]}},"uagb_featured_image_src":{"full":false,"thumbnail":false,"medium":false,"medium_large":false,"large":false,"1536x1536":false,"2048x2048":false},"uagb_author_info":{"display_name":"Kadi Siigur","author_link":"https:\/\/www.kliinikum.ee\/yhendlabor\/author\/kadisi\/"},"uagb_comment_info":0,"uagb_excerpt":"Mikrobioloogia osakond Akantam\u00f6\u00f6bide perekonda (Acanthamoeba spp.) kuuluvad algloomad v\u00f5ivad p\u00f5hjustada am\u00f6biaalset keratiiti. Kuigi vabalt elavaid am\u00f6\u00f6be v\u00f5ib leida erinevatest looduslikest mage- ja riimveekogudest ning mahuteist (s.h basseinid, veev\u00e4rk, k\u00fctte- ja konditsioneerimisseadmed) ning esmaselt diagnoositigi am\u00f6biaalset keratiiti silmatrauma ja saastunud veega seoses, on see t\u00e4nap\u00e4eval pea alati seotud kontaktl\u00e4\u00e4tsede kasutamisega. Riskifaktoreiks on kontaktl\u00e4\u00e4tsede kasutamine ujumisel ja&hellip;","_links":{"self":[{"href":"https:\/\/www.kliinikum.ee\/yhendlabor\/wp-json\/wp\/v2\/pages\/13051","targetHints":{"allow":["GET"]}}],"collection":[{"href":"https:\/\/www.kliinikum.ee\/yhendlabor\/wp-json\/wp\/v2\/pages"}],"about":[{"href":"https:\/\/www.kliinikum.ee\/yhendlabor\/wp-json\/wp\/v2\/types\/page"}],"author":[{"embeddable":true,"href":"https:\/\/www.kliinikum.ee\/yhendlabor\/wp-json\/wp\/v2\/users\/38"}],"replies":[{"embeddable":true,"href":"https:\/\/www.kliinikum.ee\/yhendlabor\/wp-json\/wp\/v2\/comments?post=13051"}],"version-history":[{"count":0,"href":"https:\/\/www.kliinikum.ee\/yhendlabor\/wp-json\/wp\/v2\/pages\/13051\/revisions"}],"up":[{"embeddable":true,"href":"https:\/\/www.kliinikum.ee\/yhendlabor\/wp-json\/wp\/v2\/pages\/7292"}],"wp:attachment":[{"href":"https:\/\/www.kliinikum.ee\/yhendlabor\/wp-json\/wp\/v2\/media?parent=13051"}],"curies":[{"name":"wp","href":"https:\/\/api.w.org\/{rel}","templated":true}]}}