{"id":13055,"date":"2025-09-12T14:36:09","date_gmt":"2025-09-12T12:36:09","guid":{"rendered":"https:\/\/www.kliinikum.ee\/yhendlabor\/?page_id=13055"},"modified":"2025-12-09T23:42:01","modified_gmt":"2025-12-09T21:42:01","slug":"anaeroobne-kulv-haavaeritis-punktaadid-hambajuurekanali-materjal-koetukid","status":"publish","type":"page","link":"https:\/\/www.kliinikum.ee\/yhendlabor\/kasiraamat\/mikrobioloogilised-uuringud\/anaeroobne-kulv-haavaeritis-punktaadid-hambajuurekanali-materjal-koetukid\/","title":{"rendered":"Anaeroobne k\u00fclv (haavaeritis, punktaadid, hambajuurekanali materjal, koet\u00fckid)"},"content":{"rendered":"\n<p><em>Mikrobioloogia osakond<\/em><\/p>\n\n\n\n<p><strong>Anaeroobsed bakterid<\/strong> on mikroobide r\u00fchm, mille \u00fchiseks omaduseks on suhteline hapnikutalumatus, sellised mikroobid ei ole v\u00f5imelised kasvama \u00f5hu v\u00f5i 10% s\u00fcsihappegaasi (CO<sub>2<\/sub>) atmosf\u00e4\u00e4ri tingimustes.<\/p>\n\n\n\n<p>Anaeroobsed mikroobid koloniseerivad inimese limaskesti ning v\u00e4hemal m\u00e4\u00e4ral nahka, nende hulk \u00fcletab aeroobsete mikroobide hulka 100\u20131000 korda. Anaeroobsete mikroobide sattumine limaskestadelt keha steriilsetesse piirkondadesse v\u00f5ib p\u00f5hjustada infektsioone.<\/p>\n\n\n\n<p class=\"has-medium-font-size\"><strong>Uuritav materjal, selle v\u00f5tmine, saatmine ja s\u00e4ilitamine<\/strong><\/p>\n\n\n\n<figure class=\"wp-block-table is-style-stripes\"><table width=\"100%\"><tbody><tr><td width=\"1%\"><\/td><td width=\"15%\"><strong>Proovin\u00f5u<\/strong><\/td><td width=\"84%\">eSwab vedela transpordis\u00f6\u00f6tmega katsuti<\/td><\/tr><tr><td><\/td><td><strong>S\u00e4ilivus<\/strong><\/td><td>2 p\u00e4eva toatemperatuuril<\/td><\/tr><tr><td><\/td><td><strong>Proovin\u00f5u<\/strong><\/td><td>Madal transpordis\u00f6\u00f6tmega katsuti<\/td><\/tr><tr><td><\/td><td><strong>S\u00e4ilivus<\/strong><\/td><td>Toatemperatuuril \u00fcks p\u00e4ev<\/td><\/tr><\/tbody><\/table><\/figure>\n\n\n\n<p><em>Abstsessid, punktaadid<\/em>: desinfitseerida punktsioonikoha nahk. Punkteerida, aspireerida materjal s\u00fcstlasse. Kui abstsessi punkteerimisel on eritus v\u00e4hene, s\u00fcstida sinna steriilset f\u00fcsioloogilist lahust ning aspireerida see tagasi s\u00fcstlasse. Eemaldada eSwab vedela transpordis\u00f6\u00f6tmega katsutilt kork, s\u00fcstida 1 ml materjali katsutisse.<\/p>\n\n\n\n<p><em>Haavaeritis<\/em>: haava pind puhastada steriilse f\u00fcsioloogilise lahusega, eemaldada nekrotiseerunud kude (sisaldab leukots\u00fc\u00fctide poolt juba surmatud mikroobe ja detriiti). Parimaks materjaliks haavast on s\u00fcstlaga v\u00f5etud aspiraat v\u00f5i koet\u00fckid. Kui nimetatud materjali pole v\u00f5imalik saada, v\u00f5tta proov tampooniga haavast v\u00f5imalikult s\u00fcgavalt.<\/p>\n\n\n\n<p><em>Hambajuurekanali materjal<\/em>: sondi abil v\u00f5tta materjal juurekanalist v\u00f5imalikult s\u00fcgavalt, suruda sond otsapidi s\u00f6\u00f6tmesse (madal transpordis\u00f6\u00f6tmega katsuti).<\/p>\n\n\n\n<p><em>Koet\u00fckid<\/em>: suruda steriilsete pintsettidega madala transpordis\u00f6\u00f6tmega katsuti s\u00f6\u00f6tmesse.<\/p>\n\n\n\n<p class=\"has-medium-font-size\"><strong>Anal\u00fc\u00fcsi tegemise aeg:<\/strong> t\u00f6\u00f6p\u00e4eviti (esmask\u00fclvid ka n\u00e4dalavahetustel)<\/p>\n\n\n\n<p class=\"has-medium-font-size\"><strong>Anal\u00fc\u00fcsimeetod: <\/strong>k\u00fclv anaeroobide agarile (selektiivne ja mitteselektiivne). Kultiveerimine anaeroobses keskkonnas. Tekitaja samastamine ja ravimitundlikkuse m\u00e4\u00e4ramine. L\u00f5plik vastus: negatiivne 5.\u20136. p\u00e4eval, positiivne koos tundlikkusega 7. p\u00e4eval (<em>Actinomyces<\/em> <em>spp<\/em>. korral kuni kaks n\u00e4dalat).<\/p>\n\n\n\n<p class=\"has-medium-font-size\"><strong>N\u00e4idustus ja kliiniline t\u00e4hendus<\/strong><\/p>\n\n\n\n<p>Anaeroobse infektsiooni kahtlus (ebameeldiva l\u00f5hnaga eritis haavast, kudede nekroos, abstsessid, gaasi teke kahjustatud kudedes, infektsiooni allumatus ravile ainult aeroobidele toimivate antibiootikumidega, infektsiooni tekkekoht l\u00e4hedal normaalselt anaeroobidega koloniseeritud limaskestadele, mikroskoopia leius erineva morfoloogiaga mikroobid, mis aeroobselt v\u00e4lja ei kasva).<\/p>\n\n\n\n<p>V\u00f5imalikud vead:proovi v\u00f5tmine antibakteriaalse ravi foonil, vead s\u00e4ilitamisel ja transpordil.<\/p>\n\n\n\n<p>Koostaja: Krista L\u00f5ivukene<br>Muudetud 28.09.2021<\/p>\n","protected":false},"excerpt":{"rendered":"<p>Mikrobioloogia osakond Anaeroobsed bakterid on mikroobide r\u00fchm, mille \u00fchiseks omaduseks on suhteline hapnikutalumatus, sellised mikroobid ei ole v\u00f5imelised kasvama \u00f5hu v\u00f5i 10% s\u00fcsihappegaasi (CO2) atmosf\u00e4\u00e4ri tingimustes. Anaeroobsed mikroobid koloniseerivad inimese limaskesti ning v\u00e4hemal m\u00e4\u00e4ral nahka, nende hulk \u00fcletab aeroobsete mikroobide hulka 100\u20131000 korda. Anaeroobsete mikroobide sattumine limaskestadelt keha steriilsetesse piirkondadesse v\u00f5ib p\u00f5hjustada infektsioone. Uuritav materjal, [&hellip;]<\/p>\n","protected":false},"author":38,"featured_media":0,"parent":7292,"menu_order":2,"comment_status":"closed","ping_status":"closed","template":"","meta":{"_uag_custom_page_level_css":"","footnotes":""},"class_list":["post-13055","page","type-page","status-publish","hentry"],"acf":[],"yoast_head":"<!-- This site is optimized with the Yoast SEO plugin v27.3 - https:\/\/yoast.com\/product\/yoast-seo-wordpress\/ -->\n<title>Anaeroobne k\u00fclv (haavaeritis, punktaadid, hambajuurekanali materjal, koet\u00fckid) - \u00dchendlabor<\/title>\n<meta name=\"robots\" content=\"index, follow, max-snippet:-1, max-image-preview:large, max-video-preview:-1\" \/>\n<link rel=\"canonical\" href=\"https:\/\/www.kliinikum.ee\/yhendlabor\/kasiraamat\/mikrobioloogilised-uuringud\/anaeroobne-kulv-haavaeritis-punktaadid-hambajuurekanali-materjal-koetukid\/\" \/>\n<meta property=\"og:locale\" content=\"et_EE\" \/>\n<meta property=\"og:type\" content=\"article\" \/>\n<meta property=\"og:title\" content=\"Anaeroobne k\u00fclv (haavaeritis, punktaadid, hambajuurekanali materjal, koet\u00fckid) - \u00dchendlabor\" \/>\n<meta property=\"og:description\" content=\"Mikrobioloogia osakond Anaeroobsed bakterid on mikroobide r\u00fchm, mille \u00fchiseks omaduseks on suhteline hapnikutalumatus, sellised mikroobid ei ole v\u00f5imelised kasvama \u00f5hu v\u00f5i 10% s\u00fcsihappegaasi (CO2) atmosf\u00e4\u00e4ri tingimustes. Anaeroobsed mikroobid koloniseerivad inimese limaskesti ning v\u00e4hemal m\u00e4\u00e4ral nahka, nende hulk \u00fcletab aeroobsete mikroobide hulka 100\u20131000 korda. Anaeroobsete mikroobide sattumine limaskestadelt keha steriilsetesse piirkondadesse v\u00f5ib p\u00f5hjustada infektsioone. Uuritav materjal, [&hellip;]\" \/>\n<meta property=\"og:url\" content=\"https:\/\/www.kliinikum.ee\/yhendlabor\/kasiraamat\/mikrobioloogilised-uuringud\/anaeroobne-kulv-haavaeritis-punktaadid-hambajuurekanali-materjal-koetukid\/\" \/>\n<meta property=\"og:site_name\" content=\"\u00dchendlabor\" \/>\n<meta property=\"article:modified_time\" content=\"2025-12-09T21:42:01+00:00\" \/>\n<meta name=\"twitter:card\" content=\"summary_large_image\" \/>\n<meta name=\"twitter:label1\" content=\"Est. reading time\" \/>\n\t<meta name=\"twitter:data1\" content=\"2 minutit\" \/>\n<script type=\"application\/ld+json\" class=\"yoast-schema-graph\">{\"@context\":\"https:\\\/\\\/schema.org\",\"@graph\":[{\"@type\":\"WebPage\",\"@id\":\"https:\\\/\\\/www.kliinikum.ee\\\/yhendlabor\\\/kasiraamat\\\/mikrobioloogilised-uuringud\\\/anaeroobne-kulv-haavaeritis-punktaadid-hambajuurekanali-materjal-koetukid\\\/\",\"url\":\"https:\\\/\\\/www.kliinikum.ee\\\/yhendlabor\\\/kasiraamat\\\/mikrobioloogilised-uuringud\\\/anaeroobne-kulv-haavaeritis-punktaadid-hambajuurekanali-materjal-koetukid\\\/\",\"name\":\"Anaeroobne k\u00fclv (haavaeritis, punktaadid, hambajuurekanali materjal, koet\u00fckid) - \u00dchendlabor\",\"isPartOf\":{\"@id\":\"https:\\\/\\\/www.kliinikum.ee\\\/yhendlabor\\\/#website\"},\"datePublished\":\"2025-09-12T12:36:09+00:00\",\"dateModified\":\"2025-12-09T21:42:01+00:00\",\"breadcrumb\":{\"@id\":\"https:\\\/\\\/www.kliinikum.ee\\\/yhendlabor\\\/kasiraamat\\\/mikrobioloogilised-uuringud\\\/anaeroobne-kulv-haavaeritis-punktaadid-hambajuurekanali-materjal-koetukid\\\/#breadcrumb\"},\"inLanguage\":\"et\",\"potentialAction\":[{\"@type\":\"ReadAction\",\"target\":[\"https:\\\/\\\/www.kliinikum.ee\\\/yhendlabor\\\/kasiraamat\\\/mikrobioloogilised-uuringud\\\/anaeroobne-kulv-haavaeritis-punktaadid-hambajuurekanali-materjal-koetukid\\\/\"]}]},{\"@type\":\"BreadcrumbList\",\"@id\":\"https:\\\/\\\/www.kliinikum.ee\\\/yhendlabor\\\/kasiraamat\\\/mikrobioloogilised-uuringud\\\/anaeroobne-kulv-haavaeritis-punktaadid-hambajuurekanali-materjal-koetukid\\\/#breadcrumb\",\"itemListElement\":[{\"@type\":\"ListItem\",\"position\":1,\"name\":\"Home\",\"item\":\"https:\\\/\\\/www.kliinikum.ee\\\/yhendlabor\\\/\"},{\"@type\":\"ListItem\",\"position\":2,\"name\":\"K\u00e4siraamat\",\"item\":\"https:\\\/\\\/www.kliinikum.ee\\\/yhendlabor\\\/kasiraamat\\\/\"},{\"@type\":\"ListItem\",\"position\":3,\"name\":\"Mikrobioloogilised uuringud\",\"item\":\"https:\\\/\\\/www.kliinikum.ee\\\/yhendlabor\\\/kasiraamat\\\/mikrobioloogilised-uuringud\\\/\"},{\"@type\":\"ListItem\",\"position\":4,\"name\":\"Anaeroobne k\u00fclv (haavaeritis, punktaadid, hambajuurekanali materjal, koet\u00fckid)\"}]},{\"@type\":\"WebSite\",\"@id\":\"https:\\\/\\\/www.kliinikum.ee\\\/yhendlabor\\\/#website\",\"url\":\"https:\\\/\\\/www.kliinikum.ee\\\/yhendlabor\\\/\",\"name\":\"\u00dchendlabor\",\"description\":\"Hoolivus, Uuendusmeelsus, P\u00e4devus ja Usaldusv\u00e4\u00e4rsus\",\"potentialAction\":[{\"@type\":\"SearchAction\",\"target\":{\"@type\":\"EntryPoint\",\"urlTemplate\":\"https:\\\/\\\/www.kliinikum.ee\\\/yhendlabor\\\/?s={search_term_string}\"},\"query-input\":{\"@type\":\"PropertyValueSpecification\",\"valueRequired\":true,\"valueName\":\"search_term_string\"}}],\"inLanguage\":\"et\"}]}<\/script>\n<!-- \/ Yoast SEO plugin. -->","yoast_head_json":{"title":"Anaeroobne k\u00fclv (haavaeritis, punktaadid, hambajuurekanali materjal, koet\u00fckid) - \u00dchendlabor","robots":{"index":"index","follow":"follow","max-snippet":"max-snippet:-1","max-image-preview":"max-image-preview:large","max-video-preview":"max-video-preview:-1"},"canonical":"https:\/\/www.kliinikum.ee\/yhendlabor\/kasiraamat\/mikrobioloogilised-uuringud\/anaeroobne-kulv-haavaeritis-punktaadid-hambajuurekanali-materjal-koetukid\/","og_locale":"et_EE","og_type":"article","og_title":"Anaeroobne k\u00fclv (haavaeritis, punktaadid, hambajuurekanali materjal, koet\u00fckid) - \u00dchendlabor","og_description":"Mikrobioloogia osakond Anaeroobsed bakterid on mikroobide r\u00fchm, mille \u00fchiseks omaduseks on suhteline hapnikutalumatus, sellised mikroobid ei ole v\u00f5imelised kasvama \u00f5hu v\u00f5i 10% s\u00fcsihappegaasi (CO2) atmosf\u00e4\u00e4ri tingimustes. Anaeroobsed mikroobid koloniseerivad inimese limaskesti ning v\u00e4hemal m\u00e4\u00e4ral nahka, nende hulk \u00fcletab aeroobsete mikroobide hulka 100\u20131000 korda. Anaeroobsete mikroobide sattumine limaskestadelt keha steriilsetesse piirkondadesse v\u00f5ib p\u00f5hjustada infektsioone. Uuritav materjal, [&hellip;]","og_url":"https:\/\/www.kliinikum.ee\/yhendlabor\/kasiraamat\/mikrobioloogilised-uuringud\/anaeroobne-kulv-haavaeritis-punktaadid-hambajuurekanali-materjal-koetukid\/","og_site_name":"\u00dchendlabor","article_modified_time":"2025-12-09T21:42:01+00:00","twitter_card":"summary_large_image","twitter_misc":{"Est. reading time":"2 minutit"},"schema":{"@context":"https:\/\/schema.org","@graph":[{"@type":"WebPage","@id":"https:\/\/www.kliinikum.ee\/yhendlabor\/kasiraamat\/mikrobioloogilised-uuringud\/anaeroobne-kulv-haavaeritis-punktaadid-hambajuurekanali-materjal-koetukid\/","url":"https:\/\/www.kliinikum.ee\/yhendlabor\/kasiraamat\/mikrobioloogilised-uuringud\/anaeroobne-kulv-haavaeritis-punktaadid-hambajuurekanali-materjal-koetukid\/","name":"Anaeroobne k\u00fclv (haavaeritis, punktaadid, hambajuurekanali materjal, koet\u00fckid) - \u00dchendlabor","isPartOf":{"@id":"https:\/\/www.kliinikum.ee\/yhendlabor\/#website"},"datePublished":"2025-09-12T12:36:09+00:00","dateModified":"2025-12-09T21:42:01+00:00","breadcrumb":{"@id":"https:\/\/www.kliinikum.ee\/yhendlabor\/kasiraamat\/mikrobioloogilised-uuringud\/anaeroobne-kulv-haavaeritis-punktaadid-hambajuurekanali-materjal-koetukid\/#breadcrumb"},"inLanguage":"et","potentialAction":[{"@type":"ReadAction","target":["https:\/\/www.kliinikum.ee\/yhendlabor\/kasiraamat\/mikrobioloogilised-uuringud\/anaeroobne-kulv-haavaeritis-punktaadid-hambajuurekanali-materjal-koetukid\/"]}]},{"@type":"BreadcrumbList","@id":"https:\/\/www.kliinikum.ee\/yhendlabor\/kasiraamat\/mikrobioloogilised-uuringud\/anaeroobne-kulv-haavaeritis-punktaadid-hambajuurekanali-materjal-koetukid\/#breadcrumb","itemListElement":[{"@type":"ListItem","position":1,"name":"Home","item":"https:\/\/www.kliinikum.ee\/yhendlabor\/"},{"@type":"ListItem","position":2,"name":"K\u00e4siraamat","item":"https:\/\/www.kliinikum.ee\/yhendlabor\/kasiraamat\/"},{"@type":"ListItem","position":3,"name":"Mikrobioloogilised uuringud","item":"https:\/\/www.kliinikum.ee\/yhendlabor\/kasiraamat\/mikrobioloogilised-uuringud\/"},{"@type":"ListItem","position":4,"name":"Anaeroobne k\u00fclv (haavaeritis, punktaadid, hambajuurekanali materjal, koet\u00fckid)"}]},{"@type":"WebSite","@id":"https:\/\/www.kliinikum.ee\/yhendlabor\/#website","url":"https:\/\/www.kliinikum.ee\/yhendlabor\/","name":"\u00dchendlabor","description":"Hoolivus, Uuendusmeelsus, P\u00e4devus ja Usaldusv\u00e4\u00e4rsus","potentialAction":[{"@type":"SearchAction","target":{"@type":"EntryPoint","urlTemplate":"https:\/\/www.kliinikum.ee\/yhendlabor\/?s={search_term_string}"},"query-input":{"@type":"PropertyValueSpecification","valueRequired":true,"valueName":"search_term_string"}}],"inLanguage":"et"}]}},"uagb_featured_image_src":{"full":false,"thumbnail":false,"medium":false,"medium_large":false,"large":false,"1536x1536":false,"2048x2048":false},"uagb_author_info":{"display_name":"Kadi Siigur","author_link":"https:\/\/www.kliinikum.ee\/yhendlabor\/author\/kadisi\/"},"uagb_comment_info":0,"uagb_excerpt":"Mikrobioloogia osakond Anaeroobsed bakterid on mikroobide r\u00fchm, mille \u00fchiseks omaduseks on suhteline hapnikutalumatus, sellised mikroobid ei ole v\u00f5imelised kasvama \u00f5hu v\u00f5i 10% s\u00fcsihappegaasi (CO2) atmosf\u00e4\u00e4ri tingimustes. Anaeroobsed mikroobid koloniseerivad inimese limaskesti ning v\u00e4hemal m\u00e4\u00e4ral nahka, nende hulk \u00fcletab aeroobsete mikroobide hulka 100\u20131000 korda. Anaeroobsete mikroobide sattumine limaskestadelt keha steriilsetesse piirkondadesse v\u00f5ib p\u00f5hjustada infektsioone. Uuritav materjal,&hellip;","_links":{"self":[{"href":"https:\/\/www.kliinikum.ee\/yhendlabor\/wp-json\/wp\/v2\/pages\/13055","targetHints":{"allow":["GET"]}}],"collection":[{"href":"https:\/\/www.kliinikum.ee\/yhendlabor\/wp-json\/wp\/v2\/pages"}],"about":[{"href":"https:\/\/www.kliinikum.ee\/yhendlabor\/wp-json\/wp\/v2\/types\/page"}],"author":[{"embeddable":true,"href":"https:\/\/www.kliinikum.ee\/yhendlabor\/wp-json\/wp\/v2\/users\/38"}],"replies":[{"embeddable":true,"href":"https:\/\/www.kliinikum.ee\/yhendlabor\/wp-json\/wp\/v2\/comments?post=13055"}],"version-history":[{"count":0,"href":"https:\/\/www.kliinikum.ee\/yhendlabor\/wp-json\/wp\/v2\/pages\/13055\/revisions"}],"up":[{"embeddable":true,"href":"https:\/\/www.kliinikum.ee\/yhendlabor\/wp-json\/wp\/v2\/pages\/7292"}],"wp:attachment":[{"href":"https:\/\/www.kliinikum.ee\/yhendlabor\/wp-json\/wp\/v2\/media?parent=13055"}],"curies":[{"name":"wp","href":"https:\/\/api.w.org\/{rel}","templated":true}]}}