{"id":13067,"date":"2025-09-12T14:52:55","date_gmt":"2025-09-12T12:52:55","guid":{"rendered":"https:\/\/www.kliinikum.ee\/yhendlabor\/?page_id=13067"},"modified":"2025-12-09T23:46:13","modified_gmt":"2025-12-09T21:46:13","slug":"candida-spp-ja-teiste-parmseente-kulv","status":"publish","type":"page","link":"https:\/\/www.kliinikum.ee\/yhendlabor\/kasiraamat\/mikrobioloogilised-uuringud\/candida-spp-ja-teiste-parmseente-kulv\/","title":{"rendered":"Candida spp. ja teiste p\u00e4rmseente k\u00fclv"},"content":{"rendered":"\n<p><em>Mikrobioloogia osakond<\/em><\/p>\n\n\n\n<p><strong><em>Candida<\/em> perekonna p\u00e4rmseened<\/strong> p\u00f5hjustavad pindmisi ja invasiivseid, lokaalseid ja s\u00fcsteemseid infektsioone. T\u00f5sise immuunsupressiooniga patsientidel (nt hematoloogiliste kasvajatega patsiendid, HIV-positiivsed) on n\u00e4idustatud uuringud <em>Candida<\/em>-kolonisatsiooni selgitamiseks, et\u00a0 vajadusel saaks teostada kandidoosi prof\u00fclaktikat.<\/p>\n\n\n\n<p class=\"has-medium-font-size\"><strong>Uuritav materjal, selle v\u00f5tmine, saatmine ja s\u00e4ilitamine<\/strong><\/p>\n\n\n\n<figure class=\"wp-block-table is-style-stripes\"><table width=\"100%\"><tbody><tr><td width=\"1%\"><\/td><td width=\"15%\"><strong>Proovin\u00f5u<\/strong><\/td><td width=\"84%\">eSwab vedela transpordis\u00f6\u00f6tmega katsuti<\/td><\/tr><tr><td><\/td><td><strong>S\u00e4ilivus<\/strong><\/td><td>2 p\u00e4eva toatemperatuuril v\u00f5i +4 \u00b0C<\/td><\/tr><tr><td><\/td><td><strong>Proovin\u00f5u<\/strong><\/td><td>Bactec MYC pudel; roojatops; steriilne proovitops v\u00f5i koonusp\u00f5hjaga katsuti (15 mL)<\/td><\/tr><tr><td><\/td><td><strong>S\u00e4ilivus<\/strong><\/td><td>Veri ja punktsioonimaterjalid transportida v\u00f5imalikult kiiresti laborisse! <br>Uriin, roe +4 \u00b0C \u00fcks p\u00e4ev<\/td><\/tr><\/tbody><\/table><\/figure>\n\n\n\n<p><em>Seenkolpiit<\/em> \u2013 materjali v\u00f5etakse tampooniga tupe limaskestalt.<\/p>\n\n\n\n<p><em>Suu limaskesta kandidoos<\/em> \u2013 tampooniga h\u00f5\u00f5rutakse suu limaskestal asuvaid koldeid.<\/p>\n\n\n\n<p><em>Haavad <\/em>(eriti p\u00f5letushaavad) \u2013 parimaks proovimaterjaliks on koet\u00fckk madalas transpordis\u00f6\u00f6tmes.<\/p>\n\n\n\n<p><em>S\u00fcsteemne kandidoos<\/em> (<em>Candida<\/em>-sepsis) \u2013 uurimiseks sobivad veri, aspiraadid (pleura-, peritoneaal-, perikardi\u00f5\u00f5nest), liikvor. Veri, aspiraadid ja liikvor v\u00f5etakse BACTEC MYC pudelisse (rohelise korgiga) sarnaselt verek\u00fclviga mikrobioloogiliseks uuringuks.<\/p>\n\n\n\n<p><em>Uriin <\/em>\u2013 proov v\u00f5etakse sarnaselt bakterioloogiliseks uuringuks v\u00f5etava prooviga.<\/p>\n\n\n\n<p><em>Rooja uuring kandidoosile<\/em> \u2013 anal\u00fc\u00fcsiks saadetakse v\u00e4rske v\u00e4ljaheide.<\/p>\n\n\n\n<p class=\"has-medium-font-size\"><strong>Anal\u00fc\u00fcsi tegemise aeg: <\/strong>t\u00f6\u00f6p\u00e4eviti (esmask\u00fclvid ka n\u00e4dalavahetustel). Positiivne vastus 2.\u20137. p\u00e4eval, negatiivne 7. p\u00e4eval.<\/p>\n\n\n\n<p class=\"has-medium-font-size\"><strong>Anal\u00fc\u00fcsimeetod:<\/strong> k\u00fclv Sabouraud\u2019 agarile v\u00f5i selektiivsele kromogeensele agarile, p\u00e4rmseente samastamine.<\/p>\n\n\n\n<p>Tundlikkuse testimine minimaalse inhibeeriva kontsentratsiooni m\u00e4\u00e4ramise meetodil.<\/p>\n\n\n\n<p>Ravimitundlikkus gradient-testidega m\u00e4\u00e4ratakse automaatselt j\u00e4rgnevatest materjalidest:<\/p>\n\n\n\n<ol class=\"wp-block-list\">\n<li>k\u00f5ik intensiivravi ja onkoloogiliste patsientide positiivsed seenek\u00fclvid;<\/li>\n\n\n\n<li>veri, veresoonekan\u00fc\u00fclid, liikvor, koet\u00fckid ja primaarselt steriilsetest punktsioonimaterjalidest v\u00f5etud seenek\u00fclvid.<\/li>\n<\/ol>\n\n\n\n<p>K\u00f5igil isolaatidel m\u00e4\u00e4ratakse p\u00f5hi- ja reservrea tundlikkused.<\/p>\n\n\n\n<p>Ravimitundlikkust gradient-testidega reeglina ei m\u00e4\u00e4rata (v.a kui esineb tellimuse m\u00e4rkus \u201dp\u00e4rmseente tundlikkus\u201d, kokkulepe raviarsti v\u00f5i infektsionistiga): g\u00fcnekoloogilised ja androloogilised materjalid, haavaeritis, alumiste hingamisteede materjal (trahheaaspiraat, BAL), kaaped, uriin, roe.<\/p>\n\n\n\n<p class=\"has-medium-font-size\"><strong>N\u00e4idustus ja kliiniline t\u00e4hendus<\/strong><\/p>\n\n\n\n<p>Kahtlus <em>Candida<\/em>-infektsioonile.<\/p>\n\n\n\n<p>V\u00e4heses hulgas kuuluvad p\u00e4rmseened suu\u00f5\u00f5ne, tupe ja j\u00e4mesoole normaalsesse mikrofloorasse. P\u00e4rmseente hulk v\u00e4ljak\u00fclvis s\u00f5ltub eelk\u00f5ige prooviv\u00f5tu kvaliteedist, mitte niiv\u00f5rd patogeeni tegelikust arvukusest haiguskoldes. Seet\u00f5ttu tuleb seenevastase ravi m\u00e4\u00e4ramisel arvestada patsiendi kliinilist tausta ja s\u00fcmptomeid. Antibakteriaalse ravi j\u00e4rgne seedetrakti kandidoos on \u00fcheks d\u00fcsbioosi v\u00e4ljenduseks ning normaalse immuuns\u00fcsteemiga patsiendid seenevastast ravi ei vaja. Uriiniproovi puhul on suhteliselt suur proovi kontaminatsioonioht (naha mikrofloora, kateetri kolonisatsioon).<\/p>\n\n\n\n<p>Koostajad: Helle J\u00e4rv, Krista L\u00f5ivukene<br>Muudetud 16.11.2022<\/p>\n","protected":false},"excerpt":{"rendered":"<p>Mikrobioloogia osakond Candida perekonna p\u00e4rmseened p\u00f5hjustavad pindmisi ja invasiivseid, lokaalseid ja s\u00fcsteemseid infektsioone. T\u00f5sise immuunsupressiooniga patsientidel (nt hematoloogiliste kasvajatega patsiendid, HIV-positiivsed) on n\u00e4idustatud uuringud Candida-kolonisatsiooni selgitamiseks, et\u00a0 vajadusel saaks teostada kandidoosi prof\u00fclaktikat. Uuritav materjal, selle v\u00f5tmine, saatmine ja s\u00e4ilitamine Proovin\u00f5u eSwab vedela transpordis\u00f6\u00f6tmega katsuti S\u00e4ilivus 2 p\u00e4eva toatemperatuuril v\u00f5i +4 \u00b0C Proovin\u00f5u Bactec MYC pudel; [&hellip;]<\/p>\n","protected":false},"author":38,"featured_media":0,"parent":7292,"menu_order":5,"comment_status":"closed","ping_status":"closed","template":"","meta":{"_uag_custom_page_level_css":"","footnotes":""},"class_list":["post-13067","page","type-page","status-publish","hentry"],"acf":[],"yoast_head":"<!-- This site is optimized with the Yoast SEO plugin v27.3 - https:\/\/yoast.com\/product\/yoast-seo-wordpress\/ -->\n<title>Candida spp. ja teiste p\u00e4rmseente k\u00fclv - \u00dchendlabor<\/title>\n<meta name=\"robots\" content=\"index, follow, max-snippet:-1, max-image-preview:large, max-video-preview:-1\" \/>\n<link rel=\"canonical\" href=\"https:\/\/www.kliinikum.ee\/yhendlabor\/kasiraamat\/mikrobioloogilised-uuringud\/candida-spp-ja-teiste-parmseente-kulv\/\" \/>\n<meta property=\"og:locale\" content=\"et_EE\" \/>\n<meta property=\"og:type\" content=\"article\" \/>\n<meta property=\"og:title\" content=\"Candida spp. ja teiste p\u00e4rmseente k\u00fclv - \u00dchendlabor\" \/>\n<meta property=\"og:description\" content=\"Mikrobioloogia osakond Candida perekonna p\u00e4rmseened p\u00f5hjustavad pindmisi ja invasiivseid, lokaalseid ja s\u00fcsteemseid infektsioone. T\u00f5sise immuunsupressiooniga patsientidel (nt hematoloogiliste kasvajatega patsiendid, HIV-positiivsed) on n\u00e4idustatud uuringud Candida-kolonisatsiooni selgitamiseks, et\u00a0 vajadusel saaks teostada kandidoosi prof\u00fclaktikat. Uuritav materjal, selle v\u00f5tmine, saatmine ja s\u00e4ilitamine Proovin\u00f5u eSwab vedela transpordis\u00f6\u00f6tmega katsuti S\u00e4ilivus 2 p\u00e4eva toatemperatuuril v\u00f5i +4 \u00b0C Proovin\u00f5u Bactec MYC pudel; [&hellip;]\" \/>\n<meta property=\"og:url\" content=\"https:\/\/www.kliinikum.ee\/yhendlabor\/kasiraamat\/mikrobioloogilised-uuringud\/candida-spp-ja-teiste-parmseente-kulv\/\" \/>\n<meta property=\"og:site_name\" content=\"\u00dchendlabor\" \/>\n<meta property=\"article:modified_time\" content=\"2025-12-09T21:46:13+00:00\" \/>\n<meta name=\"twitter:card\" content=\"summary_large_image\" \/>\n<meta name=\"twitter:label1\" content=\"Est. reading time\" \/>\n\t<meta name=\"twitter:data1\" content=\"2 minutit\" \/>\n<script type=\"application\/ld+json\" class=\"yoast-schema-graph\">{\"@context\":\"https:\\\/\\\/schema.org\",\"@graph\":[{\"@type\":\"WebPage\",\"@id\":\"https:\\\/\\\/www.kliinikum.ee\\\/yhendlabor\\\/kasiraamat\\\/mikrobioloogilised-uuringud\\\/candida-spp-ja-teiste-parmseente-kulv\\\/\",\"url\":\"https:\\\/\\\/www.kliinikum.ee\\\/yhendlabor\\\/kasiraamat\\\/mikrobioloogilised-uuringud\\\/candida-spp-ja-teiste-parmseente-kulv\\\/\",\"name\":\"Candida spp. ja teiste p\u00e4rmseente k\u00fclv - \u00dchendlabor\",\"isPartOf\":{\"@id\":\"https:\\\/\\\/www.kliinikum.ee\\\/yhendlabor\\\/#website\"},\"datePublished\":\"2025-09-12T12:52:55+00:00\",\"dateModified\":\"2025-12-09T21:46:13+00:00\",\"breadcrumb\":{\"@id\":\"https:\\\/\\\/www.kliinikum.ee\\\/yhendlabor\\\/kasiraamat\\\/mikrobioloogilised-uuringud\\\/candida-spp-ja-teiste-parmseente-kulv\\\/#breadcrumb\"},\"inLanguage\":\"et\",\"potentialAction\":[{\"@type\":\"ReadAction\",\"target\":[\"https:\\\/\\\/www.kliinikum.ee\\\/yhendlabor\\\/kasiraamat\\\/mikrobioloogilised-uuringud\\\/candida-spp-ja-teiste-parmseente-kulv\\\/\"]}]},{\"@type\":\"BreadcrumbList\",\"@id\":\"https:\\\/\\\/www.kliinikum.ee\\\/yhendlabor\\\/kasiraamat\\\/mikrobioloogilised-uuringud\\\/candida-spp-ja-teiste-parmseente-kulv\\\/#breadcrumb\",\"itemListElement\":[{\"@type\":\"ListItem\",\"position\":1,\"name\":\"Home\",\"item\":\"https:\\\/\\\/www.kliinikum.ee\\\/yhendlabor\\\/\"},{\"@type\":\"ListItem\",\"position\":2,\"name\":\"K\u00e4siraamat\",\"item\":\"https:\\\/\\\/www.kliinikum.ee\\\/yhendlabor\\\/kasiraamat\\\/\"},{\"@type\":\"ListItem\",\"position\":3,\"name\":\"Mikrobioloogilised uuringud\",\"item\":\"https:\\\/\\\/www.kliinikum.ee\\\/yhendlabor\\\/kasiraamat\\\/mikrobioloogilised-uuringud\\\/\"},{\"@type\":\"ListItem\",\"position\":4,\"name\":\"Candida spp. ja teiste p\u00e4rmseente k\u00fclv\"}]},{\"@type\":\"WebSite\",\"@id\":\"https:\\\/\\\/www.kliinikum.ee\\\/yhendlabor\\\/#website\",\"url\":\"https:\\\/\\\/www.kliinikum.ee\\\/yhendlabor\\\/\",\"name\":\"\u00dchendlabor\",\"description\":\"Hoolivus, Uuendusmeelsus, P\u00e4devus ja Usaldusv\u00e4\u00e4rsus\",\"potentialAction\":[{\"@type\":\"SearchAction\",\"target\":{\"@type\":\"EntryPoint\",\"urlTemplate\":\"https:\\\/\\\/www.kliinikum.ee\\\/yhendlabor\\\/?s={search_term_string}\"},\"query-input\":{\"@type\":\"PropertyValueSpecification\",\"valueRequired\":true,\"valueName\":\"search_term_string\"}}],\"inLanguage\":\"et\"}]}<\/script>\n<!-- \/ Yoast SEO plugin. -->","yoast_head_json":{"title":"Candida spp. ja teiste p\u00e4rmseente k\u00fclv - \u00dchendlabor","robots":{"index":"index","follow":"follow","max-snippet":"max-snippet:-1","max-image-preview":"max-image-preview:large","max-video-preview":"max-video-preview:-1"},"canonical":"https:\/\/www.kliinikum.ee\/yhendlabor\/kasiraamat\/mikrobioloogilised-uuringud\/candida-spp-ja-teiste-parmseente-kulv\/","og_locale":"et_EE","og_type":"article","og_title":"Candida spp. ja teiste p\u00e4rmseente k\u00fclv - \u00dchendlabor","og_description":"Mikrobioloogia osakond Candida perekonna p\u00e4rmseened p\u00f5hjustavad pindmisi ja invasiivseid, lokaalseid ja s\u00fcsteemseid infektsioone. T\u00f5sise immuunsupressiooniga patsientidel (nt hematoloogiliste kasvajatega patsiendid, HIV-positiivsed) on n\u00e4idustatud uuringud Candida-kolonisatsiooni selgitamiseks, et\u00a0 vajadusel saaks teostada kandidoosi prof\u00fclaktikat. Uuritav materjal, selle v\u00f5tmine, saatmine ja s\u00e4ilitamine Proovin\u00f5u eSwab vedela transpordis\u00f6\u00f6tmega katsuti S\u00e4ilivus 2 p\u00e4eva toatemperatuuril v\u00f5i +4 \u00b0C Proovin\u00f5u Bactec MYC pudel; [&hellip;]","og_url":"https:\/\/www.kliinikum.ee\/yhendlabor\/kasiraamat\/mikrobioloogilised-uuringud\/candida-spp-ja-teiste-parmseente-kulv\/","og_site_name":"\u00dchendlabor","article_modified_time":"2025-12-09T21:46:13+00:00","twitter_card":"summary_large_image","twitter_misc":{"Est. reading time":"2 minutit"},"schema":{"@context":"https:\/\/schema.org","@graph":[{"@type":"WebPage","@id":"https:\/\/www.kliinikum.ee\/yhendlabor\/kasiraamat\/mikrobioloogilised-uuringud\/candida-spp-ja-teiste-parmseente-kulv\/","url":"https:\/\/www.kliinikum.ee\/yhendlabor\/kasiraamat\/mikrobioloogilised-uuringud\/candida-spp-ja-teiste-parmseente-kulv\/","name":"Candida spp. ja teiste p\u00e4rmseente k\u00fclv - \u00dchendlabor","isPartOf":{"@id":"https:\/\/www.kliinikum.ee\/yhendlabor\/#website"},"datePublished":"2025-09-12T12:52:55+00:00","dateModified":"2025-12-09T21:46:13+00:00","breadcrumb":{"@id":"https:\/\/www.kliinikum.ee\/yhendlabor\/kasiraamat\/mikrobioloogilised-uuringud\/candida-spp-ja-teiste-parmseente-kulv\/#breadcrumb"},"inLanguage":"et","potentialAction":[{"@type":"ReadAction","target":["https:\/\/www.kliinikum.ee\/yhendlabor\/kasiraamat\/mikrobioloogilised-uuringud\/candida-spp-ja-teiste-parmseente-kulv\/"]}]},{"@type":"BreadcrumbList","@id":"https:\/\/www.kliinikum.ee\/yhendlabor\/kasiraamat\/mikrobioloogilised-uuringud\/candida-spp-ja-teiste-parmseente-kulv\/#breadcrumb","itemListElement":[{"@type":"ListItem","position":1,"name":"Home","item":"https:\/\/www.kliinikum.ee\/yhendlabor\/"},{"@type":"ListItem","position":2,"name":"K\u00e4siraamat","item":"https:\/\/www.kliinikum.ee\/yhendlabor\/kasiraamat\/"},{"@type":"ListItem","position":3,"name":"Mikrobioloogilised uuringud","item":"https:\/\/www.kliinikum.ee\/yhendlabor\/kasiraamat\/mikrobioloogilised-uuringud\/"},{"@type":"ListItem","position":4,"name":"Candida spp. ja teiste p\u00e4rmseente k\u00fclv"}]},{"@type":"WebSite","@id":"https:\/\/www.kliinikum.ee\/yhendlabor\/#website","url":"https:\/\/www.kliinikum.ee\/yhendlabor\/","name":"\u00dchendlabor","description":"Hoolivus, Uuendusmeelsus, P\u00e4devus ja Usaldusv\u00e4\u00e4rsus","potentialAction":[{"@type":"SearchAction","target":{"@type":"EntryPoint","urlTemplate":"https:\/\/www.kliinikum.ee\/yhendlabor\/?s={search_term_string}"},"query-input":{"@type":"PropertyValueSpecification","valueRequired":true,"valueName":"search_term_string"}}],"inLanguage":"et"}]}},"uagb_featured_image_src":{"full":false,"thumbnail":false,"medium":false,"medium_large":false,"large":false,"1536x1536":false,"2048x2048":false},"uagb_author_info":{"display_name":"Kadi Siigur","author_link":"https:\/\/www.kliinikum.ee\/yhendlabor\/author\/kadisi\/"},"uagb_comment_info":0,"uagb_excerpt":"Mikrobioloogia osakond Candida perekonna p\u00e4rmseened p\u00f5hjustavad pindmisi ja invasiivseid, lokaalseid ja s\u00fcsteemseid infektsioone. T\u00f5sise immuunsupressiooniga patsientidel (nt hematoloogiliste kasvajatega patsiendid, HIV-positiivsed) on n\u00e4idustatud uuringud Candida-kolonisatsiooni selgitamiseks, et\u00a0 vajadusel saaks teostada kandidoosi prof\u00fclaktikat. Uuritav materjal, selle v\u00f5tmine, saatmine ja s\u00e4ilitamine Proovin\u00f5u eSwab vedela transpordis\u00f6\u00f6tmega katsuti S\u00e4ilivus 2 p\u00e4eva toatemperatuuril v\u00f5i +4 \u00b0C Proovin\u00f5u Bactec MYC pudel;&hellip;","_links":{"self":[{"href":"https:\/\/www.kliinikum.ee\/yhendlabor\/wp-json\/wp\/v2\/pages\/13067","targetHints":{"allow":["GET"]}}],"collection":[{"href":"https:\/\/www.kliinikum.ee\/yhendlabor\/wp-json\/wp\/v2\/pages"}],"about":[{"href":"https:\/\/www.kliinikum.ee\/yhendlabor\/wp-json\/wp\/v2\/types\/page"}],"author":[{"embeddable":true,"href":"https:\/\/www.kliinikum.ee\/yhendlabor\/wp-json\/wp\/v2\/users\/38"}],"replies":[{"embeddable":true,"href":"https:\/\/www.kliinikum.ee\/yhendlabor\/wp-json\/wp\/v2\/comments?post=13067"}],"version-history":[{"count":0,"href":"https:\/\/www.kliinikum.ee\/yhendlabor\/wp-json\/wp\/v2\/pages\/13067\/revisions"}],"up":[{"embeddable":true,"href":"https:\/\/www.kliinikum.ee\/yhendlabor\/wp-json\/wp\/v2\/pages\/7292"}],"wp:attachment":[{"href":"https:\/\/www.kliinikum.ee\/yhendlabor\/wp-json\/wp\/v2\/media?parent=13067"}],"curies":[{"name":"wp","href":"https:\/\/api.w.org\/{rel}","templated":true}]}}