{"id":13070,"date":"2025-09-12T15:06:26","date_gmt":"2025-09-12T13:06:26","guid":{"rendered":"https:\/\/www.kliinikum.ee\/yhendlabor\/?page_id=13070"},"modified":"2025-12-21T23:22:12","modified_gmt":"2025-12-21T21:22:12","slug":"emakakaelakanali-tupe-ja-ureetrakaape-mikroskoopia","status":"publish","type":"page","link":"https:\/\/www.kliinikum.ee\/yhendlabor\/kasiraamat\/mikrobioloogilised-uuringud\/emakakaelakanali-tupe-ja-ureetrakaape-mikroskoopia\/","title":{"rendered":"Emakakaelakanali-, tupe- ja ureetrakaape mikroskoopia"},"content":{"rendered":"\n<p><em>Mikrobioloogia osakond<\/em><\/p>\n\n\n\n<p class=\"has-medium-font-size\"><strong>Uuritav materjal, selle v\u00f5tmine, saatmine ja s\u00e4ilitamine<\/strong><\/p>\n\n\n\n<figure class=\"wp-block-table is-style-stripes\"><table width=\"100%\"><tbody><tr><td width=\"1%\"><\/td><td width=\"15%\"><strong>Proovin\u00f5u<\/strong><\/td><td width=\"84%\">Alusklaas<\/td><\/tr><tr><td><\/td><td><strong>S\u00e4ilivus<\/strong><\/td><td>Toatemperatuuril n\u00e4dalaid<\/td><\/tr><\/tbody><\/table><\/figure>\n\n\n\n<p>V\u00f5tta kaks alusklaasi. Eemaldada steriilse tampooniga emakakaelast limakork. Seej\u00e4rel v\u00f5tta uue steriilse tampooniga materjali emakakaela kanalist u 2 cm s\u00fcgavuselt ja kanda m\u00f5lema alusklaasi lihvservapoolsele alale (joonisel C). Oleks soovitav, et materjal kataks umbes 2 cm l\u00e4bim\u00f5\u00f5duga ala.<\/p>\n\n\n\n<p>J\u00e4rgmisena kanda alusklaasidele uue steriilse tampooniga tupe tagumiselt v\u00f5lvilt v\u00f5etud materjal (joonisel T).<\/p>\n\n\n\n<p>Gonorr\u00f6a kahtluse korral tuleks v\u00f5tta lisaks materjali ka ureetrast (joonisel U).<\/p>\n\n\n\n<p>Preparaadid fikseeritakse 96% alkoholiga.<\/p>\n\n\n\n<p>T\u00e4ita saatekiri, preparaadid panna spetsiaalsesse konteinerisse ja suletavasse kilekotti.<\/p>\n\n\n\n<p>Joonis:<\/p>\n\n\n\n<figure class=\"wp-block-image size-full\"><img loading=\"lazy\" decoding=\"async\" width=\"285\" height=\"72\" src=\"https:\/\/www.kliinikum.ee\/yhendlabor\/wp-content\/uploads\/2025\/09\/image.png\" alt=\"\" class=\"wp-image-13073\"\/><\/figure>\n\n\n\n<p class=\"has-medium-font-size\"><strong>Anal\u00fc\u00fcsi tegemise aeg:<\/strong> t\u00f6\u00f6p\u00e4eviti<\/p>\n\n\n\n<p class=\"has-medium-font-size\"><strong>Anal\u00fc\u00fcsimeetod:<\/strong> mikroskoopia Grami ja Leishman-Giemsa j\u00e4rgi<\/p>\n\n\n\n<p class=\"has-medium-font-size\"><strong>N\u00e4idustus ja kliiniline t\u00e4hendus<\/strong><\/p>\n\n\n\n<p>Kahtlus genitaaltrakti infektsioonidele (gonorr\u00f6a, trihhomonoos, seenkolpiit) v\u00f5i bakteriaalsele vaginoosile. Bakteriaalne vaginoos on tupe mikrofloora normaalse koosluse tasakaalustamatus, mille puhul piimhappebakterite osakaal on v\u00e4henenud ja domineerivad anaeroobsed mikroobid. Bakteriaalne vaginoos v\u00f5ib kulgeda kaebusteta, kuid enamasti esineb rohke hallikas ebameeldiva l\u00f5hnaga voolus.<\/p>\n\n\n\n<p>Eelnenud infektsiooni ravi efektiivsuse hindamine.<\/p>\n\n\n\n<p><em>Leukots\u00fc\u00fctide hulk vaatev\u00e4ljas<\/em><\/p>\n\n\n\n<ul class=\"wp-block-list\">\n<li>0\u20139 (ehk \u2264 1 leukots\u00fc\u00fcdi \u00fche epiteeliraku kohta): normaalne<\/li>\n\n\n\n<li>10\u201329: kahtlus \u00e4gedale p\u00f5letikulisele protsessile v\u00f5i krooniline p\u00f5letik (s\u00f5ltub ka materjali v\u00f5tmise tehnikast ja klaasile kandmisest);<\/li>\n\n\n\n<li>\u2265 30: \u00e4ge p\u00f5letikuline protsess;<\/li>\n\n\n\n<li>&gt; 5 leukots\u00fc\u00fcti ureetraeritises: uretriit<\/li>\n<\/ul>\n\n\n\n<p>Bakteriaalne vaginoos ja ts\u00fctol\u00fc\u00fctiline vaginoos ei p\u00f5hjusta p\u00f5letikulist protsessi.<\/p>\n\n\n\n<p><em>Clue-rakkude olemasolu<\/em> viitab bakteriaalsele vaginoosile, kuid neid v\u00f5ib esineda ka ilma bakteriaalse vaginoosita.<\/p>\n\n\n\n<p><em>Lima puudumine ja epiteelirakkude piisav hulk vaatev\u00e4ljas<\/em> on olulised materjali v\u00f5tmise kvaliteedi hindamisel.<\/p>\n\n\n\n<p><em>Lameepiteeli muutused<\/em> v\u00f5ivad viidata d\u00fcsplaasiale ja viirusinfektsioonidele (sagedamini herpes- ja papilloomiviirusinfektsioonidele). V\u00e4ga happelise tupesekreedi toimel v\u00f5ib lameepiteel l\u00fc\u00fcsuda ja preparaadis on n\u00e4htav detriit. Selline pilt v\u00f5ib viidata ts\u00fctol\u00fc\u00fctilisele vaginoosile, kuid v\u00f5ib esineda ka normaalselt.<\/p>\n\n\n\n<p>Tupes <em>domineeriv mikrofloora<\/em> on normaalselt grampositiivne, \u00fclekaalus on pulkbakterid (laktobatsillid). Gramnegatiivse mikrofloora domineerimine viitab bakteriaalsele vaginoosile.<\/p>\n\n\n\n<p><em>Mikrofloora kirjeldamisel<\/em> hinnatakse v\u00e4rvumist Grami j\u00e4rgi (grampositiivsed ja gramnegatiivsed), morfoloogiat (pulkbakterid, kokobakterid, kokid, diplokokid, p\u00e4rmid, pseudom\u00fctseel) ja hulka (1+ \u00fcksikud; 2+ m\u00f5\u00f5dukalt; 3+ massiliselt). Eraldi m\u00e4rgitakse <em>Gardnerella<\/em> ja <em>Mobiluncus\u2019<\/em>e-laadsete mikroobide (viitavad bakteriaalsele vaginoosile) ja <em>Trichomonas vaginalis\u2019<\/em>e olemasolu. Leishman-Giemsa v\u00e4rvingu tundlikkus trihhomonaadide leidmisel on ~60%, seega negatiivne mikroskoopiline leid ei v\u00e4lista trihhomonoosi. Intratsellulaarsete gramnegatiivsete diplokokkide leid viitab \u00e4gedale gonorr\u00f6ale. Grami v\u00e4rvingu tundlikkus gonokokilise tservitisiidi diagnostikaks on ~50%, seega negatiivne mikroskoopiline leid ei v\u00e4lista gonorr\u00f6ad.<\/p>\n\n\n\n<p>Grami ja Leishman-Giemsa v\u00e4rvingu alusel saab arvutada <em>Nugenti kriteeriumi<\/em>, mis n\u00e4itab bakteriaalse vaginoosi esinemise t\u00f5en\u00e4olisust.<\/p>\n\n\n\n<p>0\u20133:&nbsp; bakteriaalne vaginoos ebat\u00f5en\u00e4oline<br>4\u20136 ja v\u00f5tmerakke ei leidu: bakteriaalne vaginoos ebat\u00f5en\u00e4oline<br>4\u20136 ja v\u00f5tmerakke leidub: bakteriaalne vaginoos t\u00f5en\u00e4oline<br>\u2265 7: bakteriaalne vaginoos t\u00f5en\u00e4oline<\/p>\n\n\n\n<p>Vt. ka: <a href=\"https:\/\/www.kliinikum.ee\/yhendlabor\/kasiraamat\/mikrobioloogilised-uuringud\/emakakaelakanalikaape-aeroobne-kulv\/\">Emakakaelakanalikaape aeroobne k\u00fclv<\/a><br><a href=\"https:\/\/www.kliinikum.ee\/yhendlabor\/kasiraamat\/nakkustekitajate-uuringud-dna-rna-antikehad-antigeenid\/neisseria-gonorrhoeae-dna-n-gonorrhoeae-dna\/\"><em>Neisseria gonorrhoeae\u2019<\/em>e DNA<br><\/a><a href=\"https:\/\/www.kliinikum.ee\/yhendlabor\/kasiraamat\/nakkustekitajate-uuringud-dna-rna-antikehad-antigeenid\/trichomonas-vaginalise-dna-t-vaginalis-dna\/\"><em>Trichomonas vaginalis\u2019<\/em>e DNA<br><\/a><a href=\"https:\/\/www.kliinikum.ee\/yhendlabor\/kasiraamat\/nakkustekitajate-uuringud-dna-rna-antikehad-antigeenid\/chlamydia-trachomatise-uuringud\/\"><em>Chlamydia trachomatis\u2019<\/em>e uuringud<br><\/a><a href=\"https:\/\/www.kliinikum.ee\/yhendlabor\/kasiraamat\/nakkustekitajate-uuringud-dna-rna-antikehad-antigeenid\/mycoplasma-genitalium-dna-m-genitalium-dna\/\"><em>Mycoplasma genitalium<\/em> DNA<br><\/a><a href=\"https:\/\/www.kliinikum.ee\/yhendlabor\/kasiraamat\/nakkustekitajate-uuringud-dna-rna-antikehad-antigeenid\/mycoplasma-hominis-dna-m-hominis-dna\/\"><em>Mycoplasma hominis<\/em> DNA<br><\/a><a href=\"https:\/\/www.kliinikum.ee\/yhendlabor\/kasiraamat\/nakkustekitajate-uuringud-dna-rna-antikehad-antigeenid\/ureaplasma-parvum-dna-ureaplasma-urealyticum-dna-u-parvum-dna-u-urealyticum-dna\/\"><em>Ureaplasma parvum<\/em> DNA, <em>Ureaplasma urealyticum<\/em> DNA<\/a><\/p>\n\n\n\n<p>Koostaja: Krista L\u00f5ivukene<br>Muudetud 04.01.2021<\/p>\n\n\n\n<p><\/p>\n","protected":false},"excerpt":{"rendered":"<p>Mikrobioloogia osakond Uuritav materjal, selle v\u00f5tmine, saatmine ja s\u00e4ilitamine Proovin\u00f5u Alusklaas S\u00e4ilivus Toatemperatuuril n\u00e4dalaid V\u00f5tta kaks alusklaasi. Eemaldada steriilse tampooniga emakakaelast limakork. Seej\u00e4rel v\u00f5tta uue steriilse tampooniga materjali emakakaela kanalist u 2 cm s\u00fcgavuselt ja kanda m\u00f5lema alusklaasi lihvservapoolsele alale (joonisel C). Oleks soovitav, et materjal kataks umbes 2 cm l\u00e4bim\u00f5\u00f5duga ala. J\u00e4rgmisena kanda alusklaasidele [&hellip;]<\/p>\n","protected":false},"author":38,"featured_media":0,"parent":7292,"menu_order":6,"comment_status":"closed","ping_status":"closed","template":"","meta":{"_uag_custom_page_level_css":"","footnotes":""},"class_list":["post-13070","page","type-page","status-publish","hentry"],"acf":[],"yoast_head":"<!-- This site is optimized with the Yoast SEO plugin v27.3 - https:\/\/yoast.com\/product\/yoast-seo-wordpress\/ -->\n<title>Emakakaelakanali-, tupe- ja ureetrakaape mikroskoopia - \u00dchendlabor<\/title>\n<meta name=\"robots\" content=\"index, follow, max-snippet:-1, max-image-preview:large, max-video-preview:-1\" \/>\n<link rel=\"canonical\" href=\"https:\/\/www.kliinikum.ee\/yhendlabor\/kasiraamat\/mikrobioloogilised-uuringud\/emakakaelakanali-tupe-ja-ureetrakaape-mikroskoopia\/\" \/>\n<meta property=\"og:locale\" content=\"et_EE\" \/>\n<meta property=\"og:type\" content=\"article\" \/>\n<meta property=\"og:title\" content=\"Emakakaelakanali-, tupe- ja ureetrakaape mikroskoopia - \u00dchendlabor\" \/>\n<meta property=\"og:description\" content=\"Mikrobioloogia osakond Uuritav materjal, selle v\u00f5tmine, saatmine ja s\u00e4ilitamine Proovin\u00f5u Alusklaas S\u00e4ilivus Toatemperatuuril n\u00e4dalaid V\u00f5tta kaks alusklaasi. Eemaldada steriilse tampooniga emakakaelast limakork. Seej\u00e4rel v\u00f5tta uue steriilse tampooniga materjali emakakaela kanalist u 2 cm s\u00fcgavuselt ja kanda m\u00f5lema alusklaasi lihvservapoolsele alale (joonisel C). Oleks soovitav, et materjal kataks umbes 2 cm l\u00e4bim\u00f5\u00f5duga ala. J\u00e4rgmisena kanda alusklaasidele [&hellip;]\" \/>\n<meta property=\"og:url\" content=\"https:\/\/www.kliinikum.ee\/yhendlabor\/kasiraamat\/mikrobioloogilised-uuringud\/emakakaelakanali-tupe-ja-ureetrakaape-mikroskoopia\/\" \/>\n<meta property=\"og:site_name\" content=\"\u00dchendlabor\" \/>\n<meta property=\"article:modified_time\" content=\"2025-12-21T21:22:12+00:00\" \/>\n<meta property=\"og:image\" content=\"https:\/\/www.kliinikum.ee\/yhendlabor\/wp-content\/uploads\/2025\/09\/image.png\" \/>\n\t<meta property=\"og:image:width\" content=\"285\" \/>\n\t<meta property=\"og:image:height\" content=\"72\" \/>\n\t<meta property=\"og:image:type\" content=\"image\/png\" \/>\n<meta name=\"twitter:card\" content=\"summary_large_image\" \/>\n<meta name=\"twitter:label1\" content=\"Est. reading time\" \/>\n\t<meta name=\"twitter:data1\" content=\"3 minutit\" \/>\n<script type=\"application\/ld+json\" class=\"yoast-schema-graph\">{\"@context\":\"https:\\\/\\\/schema.org\",\"@graph\":[{\"@type\":\"WebPage\",\"@id\":\"https:\\\/\\\/www.kliinikum.ee\\\/yhendlabor\\\/kasiraamat\\\/mikrobioloogilised-uuringud\\\/emakakaelakanali-tupe-ja-ureetrakaape-mikroskoopia\\\/\",\"url\":\"https:\\\/\\\/www.kliinikum.ee\\\/yhendlabor\\\/kasiraamat\\\/mikrobioloogilised-uuringud\\\/emakakaelakanali-tupe-ja-ureetrakaape-mikroskoopia\\\/\",\"name\":\"Emakakaelakanali-, tupe- ja ureetrakaape mikroskoopia - \u00dchendlabor\",\"isPartOf\":{\"@id\":\"https:\\\/\\\/www.kliinikum.ee\\\/yhendlabor\\\/#website\"},\"primaryImageOfPage\":{\"@id\":\"https:\\\/\\\/www.kliinikum.ee\\\/yhendlabor\\\/kasiraamat\\\/mikrobioloogilised-uuringud\\\/emakakaelakanali-tupe-ja-ureetrakaape-mikroskoopia\\\/#primaryimage\"},\"image\":{\"@id\":\"https:\\\/\\\/www.kliinikum.ee\\\/yhendlabor\\\/kasiraamat\\\/mikrobioloogilised-uuringud\\\/emakakaelakanali-tupe-ja-ureetrakaape-mikroskoopia\\\/#primaryimage\"},\"thumbnailUrl\":\"https:\\\/\\\/www.kliinikum.ee\\\/yhendlabor\\\/wp-content\\\/uploads\\\/2025\\\/09\\\/image.png\",\"datePublished\":\"2025-09-12T13:06:26+00:00\",\"dateModified\":\"2025-12-21T21:22:12+00:00\",\"breadcrumb\":{\"@id\":\"https:\\\/\\\/www.kliinikum.ee\\\/yhendlabor\\\/kasiraamat\\\/mikrobioloogilised-uuringud\\\/emakakaelakanali-tupe-ja-ureetrakaape-mikroskoopia\\\/#breadcrumb\"},\"inLanguage\":\"et\",\"potentialAction\":[{\"@type\":\"ReadAction\",\"target\":[\"https:\\\/\\\/www.kliinikum.ee\\\/yhendlabor\\\/kasiraamat\\\/mikrobioloogilised-uuringud\\\/emakakaelakanali-tupe-ja-ureetrakaape-mikroskoopia\\\/\"]}]},{\"@type\":\"ImageObject\",\"inLanguage\":\"et\",\"@id\":\"https:\\\/\\\/www.kliinikum.ee\\\/yhendlabor\\\/kasiraamat\\\/mikrobioloogilised-uuringud\\\/emakakaelakanali-tupe-ja-ureetrakaape-mikroskoopia\\\/#primaryimage\",\"url\":\"https:\\\/\\\/www.kliinikum.ee\\\/yhendlabor\\\/wp-content\\\/uploads\\\/2025\\\/09\\\/image.png\",\"contentUrl\":\"https:\\\/\\\/www.kliinikum.ee\\\/yhendlabor\\\/wp-content\\\/uploads\\\/2025\\\/09\\\/image.png\",\"width\":285,\"height\":72},{\"@type\":\"BreadcrumbList\",\"@id\":\"https:\\\/\\\/www.kliinikum.ee\\\/yhendlabor\\\/kasiraamat\\\/mikrobioloogilised-uuringud\\\/emakakaelakanali-tupe-ja-ureetrakaape-mikroskoopia\\\/#breadcrumb\",\"itemListElement\":[{\"@type\":\"ListItem\",\"position\":1,\"name\":\"Home\",\"item\":\"https:\\\/\\\/www.kliinikum.ee\\\/yhendlabor\\\/\"},{\"@type\":\"ListItem\",\"position\":2,\"name\":\"K\u00e4siraamat\",\"item\":\"https:\\\/\\\/www.kliinikum.ee\\\/yhendlabor\\\/kasiraamat\\\/\"},{\"@type\":\"ListItem\",\"position\":3,\"name\":\"Mikrobioloogilised uuringud\",\"item\":\"https:\\\/\\\/www.kliinikum.ee\\\/yhendlabor\\\/kasiraamat\\\/mikrobioloogilised-uuringud\\\/\"},{\"@type\":\"ListItem\",\"position\":4,\"name\":\"Emakakaelakanali-, tupe- ja ureetrakaape mikroskoopia\"}]},{\"@type\":\"WebSite\",\"@id\":\"https:\\\/\\\/www.kliinikum.ee\\\/yhendlabor\\\/#website\",\"url\":\"https:\\\/\\\/www.kliinikum.ee\\\/yhendlabor\\\/\",\"name\":\"\u00dchendlabor\",\"description\":\"Hoolivus, Uuendusmeelsus, P\u00e4devus ja Usaldusv\u00e4\u00e4rsus\",\"potentialAction\":[{\"@type\":\"SearchAction\",\"target\":{\"@type\":\"EntryPoint\",\"urlTemplate\":\"https:\\\/\\\/www.kliinikum.ee\\\/yhendlabor\\\/?s={search_term_string}\"},\"query-input\":{\"@type\":\"PropertyValueSpecification\",\"valueRequired\":true,\"valueName\":\"search_term_string\"}}],\"inLanguage\":\"et\"}]}<\/script>\n<!-- \/ Yoast SEO plugin. -->","yoast_head_json":{"title":"Emakakaelakanali-, tupe- ja ureetrakaape mikroskoopia - \u00dchendlabor","robots":{"index":"index","follow":"follow","max-snippet":"max-snippet:-1","max-image-preview":"max-image-preview:large","max-video-preview":"max-video-preview:-1"},"canonical":"https:\/\/www.kliinikum.ee\/yhendlabor\/kasiraamat\/mikrobioloogilised-uuringud\/emakakaelakanali-tupe-ja-ureetrakaape-mikroskoopia\/","og_locale":"et_EE","og_type":"article","og_title":"Emakakaelakanali-, tupe- ja ureetrakaape mikroskoopia - \u00dchendlabor","og_description":"Mikrobioloogia osakond Uuritav materjal, selle v\u00f5tmine, saatmine ja s\u00e4ilitamine Proovin\u00f5u Alusklaas S\u00e4ilivus Toatemperatuuril n\u00e4dalaid V\u00f5tta kaks alusklaasi. Eemaldada steriilse tampooniga emakakaelast limakork. Seej\u00e4rel v\u00f5tta uue steriilse tampooniga materjali emakakaela kanalist u 2 cm s\u00fcgavuselt ja kanda m\u00f5lema alusklaasi lihvservapoolsele alale (joonisel C). Oleks soovitav, et materjal kataks umbes 2 cm l\u00e4bim\u00f5\u00f5duga ala. J\u00e4rgmisena kanda alusklaasidele [&hellip;]","og_url":"https:\/\/www.kliinikum.ee\/yhendlabor\/kasiraamat\/mikrobioloogilised-uuringud\/emakakaelakanali-tupe-ja-ureetrakaape-mikroskoopia\/","og_site_name":"\u00dchendlabor","article_modified_time":"2025-12-21T21:22:12+00:00","og_image":[{"width":285,"height":72,"url":"https:\/\/www.kliinikum.ee\/yhendlabor\/wp-content\/uploads\/2025\/09\/image.png","type":"image\/png"}],"twitter_card":"summary_large_image","twitter_misc":{"Est. reading time":"3 minutit"},"schema":{"@context":"https:\/\/schema.org","@graph":[{"@type":"WebPage","@id":"https:\/\/www.kliinikum.ee\/yhendlabor\/kasiraamat\/mikrobioloogilised-uuringud\/emakakaelakanali-tupe-ja-ureetrakaape-mikroskoopia\/","url":"https:\/\/www.kliinikum.ee\/yhendlabor\/kasiraamat\/mikrobioloogilised-uuringud\/emakakaelakanali-tupe-ja-ureetrakaape-mikroskoopia\/","name":"Emakakaelakanali-, tupe- ja ureetrakaape mikroskoopia - \u00dchendlabor","isPartOf":{"@id":"https:\/\/www.kliinikum.ee\/yhendlabor\/#website"},"primaryImageOfPage":{"@id":"https:\/\/www.kliinikum.ee\/yhendlabor\/kasiraamat\/mikrobioloogilised-uuringud\/emakakaelakanali-tupe-ja-ureetrakaape-mikroskoopia\/#primaryimage"},"image":{"@id":"https:\/\/www.kliinikum.ee\/yhendlabor\/kasiraamat\/mikrobioloogilised-uuringud\/emakakaelakanali-tupe-ja-ureetrakaape-mikroskoopia\/#primaryimage"},"thumbnailUrl":"https:\/\/www.kliinikum.ee\/yhendlabor\/wp-content\/uploads\/2025\/09\/image.png","datePublished":"2025-09-12T13:06:26+00:00","dateModified":"2025-12-21T21:22:12+00:00","breadcrumb":{"@id":"https:\/\/www.kliinikum.ee\/yhendlabor\/kasiraamat\/mikrobioloogilised-uuringud\/emakakaelakanali-tupe-ja-ureetrakaape-mikroskoopia\/#breadcrumb"},"inLanguage":"et","potentialAction":[{"@type":"ReadAction","target":["https:\/\/www.kliinikum.ee\/yhendlabor\/kasiraamat\/mikrobioloogilised-uuringud\/emakakaelakanali-tupe-ja-ureetrakaape-mikroskoopia\/"]}]},{"@type":"ImageObject","inLanguage":"et","@id":"https:\/\/www.kliinikum.ee\/yhendlabor\/kasiraamat\/mikrobioloogilised-uuringud\/emakakaelakanali-tupe-ja-ureetrakaape-mikroskoopia\/#primaryimage","url":"https:\/\/www.kliinikum.ee\/yhendlabor\/wp-content\/uploads\/2025\/09\/image.png","contentUrl":"https:\/\/www.kliinikum.ee\/yhendlabor\/wp-content\/uploads\/2025\/09\/image.png","width":285,"height":72},{"@type":"BreadcrumbList","@id":"https:\/\/www.kliinikum.ee\/yhendlabor\/kasiraamat\/mikrobioloogilised-uuringud\/emakakaelakanali-tupe-ja-ureetrakaape-mikroskoopia\/#breadcrumb","itemListElement":[{"@type":"ListItem","position":1,"name":"Home","item":"https:\/\/www.kliinikum.ee\/yhendlabor\/"},{"@type":"ListItem","position":2,"name":"K\u00e4siraamat","item":"https:\/\/www.kliinikum.ee\/yhendlabor\/kasiraamat\/"},{"@type":"ListItem","position":3,"name":"Mikrobioloogilised uuringud","item":"https:\/\/www.kliinikum.ee\/yhendlabor\/kasiraamat\/mikrobioloogilised-uuringud\/"},{"@type":"ListItem","position":4,"name":"Emakakaelakanali-, tupe- ja ureetrakaape mikroskoopia"}]},{"@type":"WebSite","@id":"https:\/\/www.kliinikum.ee\/yhendlabor\/#website","url":"https:\/\/www.kliinikum.ee\/yhendlabor\/","name":"\u00dchendlabor","description":"Hoolivus, Uuendusmeelsus, P\u00e4devus ja Usaldusv\u00e4\u00e4rsus","potentialAction":[{"@type":"SearchAction","target":{"@type":"EntryPoint","urlTemplate":"https:\/\/www.kliinikum.ee\/yhendlabor\/?s={search_term_string}"},"query-input":{"@type":"PropertyValueSpecification","valueRequired":true,"valueName":"search_term_string"}}],"inLanguage":"et"}]}},"uagb_featured_image_src":{"full":false,"thumbnail":false,"medium":false,"medium_large":false,"large":false,"1536x1536":false,"2048x2048":false},"uagb_author_info":{"display_name":"Kadi Siigur","author_link":"https:\/\/www.kliinikum.ee\/yhendlabor\/author\/kadisi\/"},"uagb_comment_info":0,"uagb_excerpt":"Mikrobioloogia osakond Uuritav materjal, selle v\u00f5tmine, saatmine ja s\u00e4ilitamine Proovin\u00f5u Alusklaas S\u00e4ilivus Toatemperatuuril n\u00e4dalaid V\u00f5tta kaks alusklaasi. Eemaldada steriilse tampooniga emakakaelast limakork. Seej\u00e4rel v\u00f5tta uue steriilse tampooniga materjali emakakaela kanalist u 2 cm s\u00fcgavuselt ja kanda m\u00f5lema alusklaasi lihvservapoolsele alale (joonisel C). Oleks soovitav, et materjal kataks umbes 2 cm l\u00e4bim\u00f5\u00f5duga ala. J\u00e4rgmisena kanda alusklaasidele&hellip;","_links":{"self":[{"href":"https:\/\/www.kliinikum.ee\/yhendlabor\/wp-json\/wp\/v2\/pages\/13070","targetHints":{"allow":["GET"]}}],"collection":[{"href":"https:\/\/www.kliinikum.ee\/yhendlabor\/wp-json\/wp\/v2\/pages"}],"about":[{"href":"https:\/\/www.kliinikum.ee\/yhendlabor\/wp-json\/wp\/v2\/types\/page"}],"author":[{"embeddable":true,"href":"https:\/\/www.kliinikum.ee\/yhendlabor\/wp-json\/wp\/v2\/users\/38"}],"replies":[{"embeddable":true,"href":"https:\/\/www.kliinikum.ee\/yhendlabor\/wp-json\/wp\/v2\/comments?post=13070"}],"version-history":[{"count":0,"href":"https:\/\/www.kliinikum.ee\/yhendlabor\/wp-json\/wp\/v2\/pages\/13070\/revisions"}],"up":[{"embeddable":true,"href":"https:\/\/www.kliinikum.ee\/yhendlabor\/wp-json\/wp\/v2\/pages\/7292"}],"wp:attachment":[{"href":"https:\/\/www.kliinikum.ee\/yhendlabor\/wp-json\/wp\/v2\/media?parent=13070"}],"curies":[{"name":"wp","href":"https:\/\/api.w.org\/{rel}","templated":true}]}}