{"id":13087,"date":"2025-09-12T15:28:31","date_gmt":"2025-09-12T13:28:31","guid":{"rendered":"https:\/\/www.kliinikum.ee\/yhendlabor\/?page_id=13087"},"modified":"2025-12-09T23:51:43","modified_gmt":"2025-12-09T21:51:43","slug":"endoproteesi-infektsiooni-mikrobioloogiline-diagnostika","status":"publish","type":"page","link":"https:\/\/www.kliinikum.ee\/yhendlabor\/kasiraamat\/mikrobioloogilised-uuringud\/endoproteesi-infektsiooni-mikrobioloogiline-diagnostika\/","title":{"rendered":"Endoproteesi infektsiooni mikrobioloogiline diagnostika"},"content":{"rendered":"\n<p><em>Mikrobioloogia osakond<\/em><\/p>\n\n\n\n<p><strong>Endoproteesi infektsioon<\/strong> on artroplastika raske t\u00fcsistus, mille sagedus on 1\u20133%. Mikroobid v\u00f5ivad proteesi piirkonda sattuda kas operatsiooni ajal v\u00f5i hematogeenselt (patsiendi mikrobioota). Diagnoosi ja ravi raskendab asjaolu, et mikroobid moodustavad proteesi pinnal biofilmi. Seet\u00f5ttu on proteesi infektsioonide mikrobioloogilise diagnostika algoritm mitmeetapiline ja aegan\u00f5udev.<\/p>\n\n\n\n<p>Sagedasemad tekitajad on <em>Staphylococcus aureus <\/em>ja koagulaasnegatiivsed staf\u00fclokokid. Ka teised grampositiivsed bakterid, nagu <em>Streptococcus pyogenes, Enterococcus faecalis<\/em>, <em>Corynebacterium spp. <\/em>ja <em>Propionibacterium<\/em> <em>spp<\/em>., v\u00f5ivad p\u00f5hjustada liigese infektsioone. Gramnegatiivsed olulisemad patogeenid on enterobakterid. <\/p>\n\n\n\n<p class=\"has-medium-font-size\"><strong>Uuritav materjal, selle v\u00f5tmine, saatmine ja s\u00e4ilitamine<\/strong><\/p>\n\n\n\n<figure class=\"wp-block-table is-style-stripes\"><table width=\"100%\"><tbody><tr><td width=\"1%\"><\/td><td width=\"15%\"><strong>Proovin\u00f5u<\/strong><\/td><td width=\"84%\">Proteesi\u00fcmbruse koet\u00fckid: madal transpordis\u00f6\u00f6tmega katsuti <br>Liigesevedelik: BACTEC Peds Plus\/F (roosa kork), BACTEC <br>Lytic\/10 Anaerobic\/F (lilla kork) <br>Konteinerid proteeside transpordiks <br>Kiiruuring: steriilne katsuti v\u00f5i steriilne s\u00fcstal<\/td><\/tr><tr><td><\/td><td><strong>S\u00e4ilivus<\/strong><\/td><td>Transportida toatemperatuuril v\u00f5imalikult kiiresti laborisse<\/td><\/tr><\/tbody><\/table><\/figure>\n\n\n\n<ul class=\"wp-block-list\">\n<li>Proteesi\u00fcmbruse koet\u00fckid (v\u00e4hemalt viis) v\u00f5tta erinevatest paikmetest ja panna madalatesse transpordis\u00f6\u00f6tmega katsutitesse.<\/li>\n\n\n\n<li>Liigeseproteesi osad pannakse steriilsesse konteinerisse ja kaetakse steriilse f\u00fcsioloogilise lahusega.<br>Liigese punktsioonil v\u00f5tta liigesevedelik steriilse s\u00fcstlaga Bactec Peds Plus\/F pudelisse aeroobseks k\u00fclviks (1\u20133 mL materjali) ja BACTEC Lytic\/10 Anaerobic\/F pudelisse anaeroobseks k\u00fclviks (optimaalne kogus 8\u201310 mL, piirid 3\u201310mL). Kiiruuringuks saadetakse laborisse operatsiooni ajal v\u00f5etud liigesevedelik v\u00f5i koet\u00fckk infektsioonikahtlasest piirkonnast. Koet\u00fckk panna kuiva steriilsesse katsutisse, koevedeliku v\u00f5ib saata s\u00fcstlaga, kuid kasutada spetsiaalset s\u00fcstla korki.<\/li>\n<\/ul>\n\n\n\n<p class=\"has-medium-font-size\"><strong>Anal\u00fc\u00fcsi tegemise aeg:<\/strong> t\u00f6\u00f6p\u00e4eviti<\/p>\n\n\n\n<p class=\"has-medium-font-size\"><strong>Anal\u00fc\u00fcsimeetod<\/strong><\/p>\n\n\n\n<p><em>Koet\u00fckid<\/em>: poolkvantitatiivne k\u00fclv veri- ja \u0161okolaadagarile, anaeroobide puhul Wilkins Chalgreni agarile. Grami meetodiga v\u00e4rvitud \u00e4igepreparaat. Tekitaja samastamine ja ravimitundlikkuse m\u00e4\u00e4ramine.<\/p>\n\n\n\n<p><em>Liigeseproteesid<\/em>: sonikeeritud ja tsentrifuugitud materjal k\u00fclvatakse veriagarile,&nbsp;&nbsp; \u0161okolaadagarile, Wilkins Chalgreni agarile. Grami meetodiga v\u00e4rvitud \u00e4igepreparaat. Tekitaja samastamine ja ravimitundlikkuse m\u00e4\u00e4ramine.<br>L\u00f5plik vastus: negatiivne 7. p\u00e4eval.<\/p>\n\n\n\n<p><em>Liigesevedelik<\/em>: inkubatsioon Bactec s\u00fcsteemis 14 p\u00e4eva. Positiivse signaali korral k\u00fclv veri- ja \u0161okolaadagarile, anaeroobide puhul Wilkins Chalgreni agarile (selektiivne ja mitteselektiivne) ja Grami j\u00e4rgi v\u00e4rvitud preparaat Tekitaja samastamine, ravimitundlikkuse m\u00e4\u00e4ramine. L\u00f5plik vastus: negatiivne 14. p\u00e4eval.<\/p>\n\n\n\n<p><em>Kiiruuring<\/em>: materjalist tehakse \u00e4igepreparaadid, mis v\u00e4rvitakse Grami meetodiga. Hinnatakse pol\u00fcmorfonukleaaride (PMN) ja mikroobide olemasolu. L\u00f5plik vastus samal p\u00e4eval.<\/p>\n\n\n\n<p class=\"has-medium-font-size\"><strong>N\u00e4idustus ja kliiniline t\u00e4hendus<\/strong><\/p>\n\n\n\n<p>Liigese proteesi infektsiooni kahtlus.<\/p>\n\n\n\n<p><em>\u201cVarased\u201c patogeenid<\/em>: staf\u00fclokokid, enterokokid, streptokokid ja <em>Enterobacteriaceae<\/em> <em>spp.<\/em> isoleeritakse sagedamini esimesel kultiveerimise n\u00e4dalal.<\/p>\n\n\n\n<p><em>\u201cHilised\u201d patogeenid<\/em>: <em>Propionibacterium spp<\/em>., aeroobsed grampositiivsed pulkbakterid ja <em>Peptostreptococcus spp<\/em>. on aeglasema kasvuga.<\/p>\n\n\n\n<p>V\u00f5imalikud vead:proovi v\u00f5tmine antibakteriaalse ravi foonil, vead s\u00e4ilitamisel ja transpordil.<\/p>\n\n\n\n<p>Koostajad: Krista L\u00f5ivukene, Siiri K\u00f5ljalg<br>Muudetud 05.02.2025<\/p>\n","protected":false},"excerpt":{"rendered":"<p>Mikrobioloogia osakond Endoproteesi infektsioon on artroplastika raske t\u00fcsistus, mille sagedus on 1\u20133%. Mikroobid v\u00f5ivad proteesi piirkonda sattuda kas operatsiooni ajal v\u00f5i hematogeenselt (patsiendi mikrobioota). Diagnoosi ja ravi raskendab asjaolu, et mikroobid moodustavad proteesi pinnal biofilmi. Seet\u00f5ttu on proteesi infektsioonide mikrobioloogilise diagnostika algoritm mitmeetapiline ja aegan\u00f5udev. Sagedasemad tekitajad on Staphylococcus aureus ja koagulaasnegatiivsed staf\u00fclokokid. Ka teised [&hellip;]<\/p>\n","protected":false},"author":38,"featured_media":0,"parent":7292,"menu_order":8,"comment_status":"closed","ping_status":"closed","template":"","meta":{"_uag_custom_page_level_css":"","footnotes":""},"class_list":["post-13087","page","type-page","status-publish","hentry"],"acf":[],"yoast_head":"<!-- This site is optimized with the Yoast SEO plugin v27.3 - https:\/\/yoast.com\/product\/yoast-seo-wordpress\/ -->\n<title>Endoproteesi infektsiooni mikrobioloogiline diagnostika - \u00dchendlabor<\/title>\n<meta name=\"robots\" content=\"index, follow, max-snippet:-1, max-image-preview:large, max-video-preview:-1\" \/>\n<link rel=\"canonical\" href=\"https:\/\/www.kliinikum.ee\/yhendlabor\/kasiraamat\/mikrobioloogilised-uuringud\/endoproteesi-infektsiooni-mikrobioloogiline-diagnostika\/\" \/>\n<meta property=\"og:locale\" content=\"et_EE\" \/>\n<meta property=\"og:type\" content=\"article\" \/>\n<meta property=\"og:title\" content=\"Endoproteesi infektsiooni mikrobioloogiline diagnostika - \u00dchendlabor\" \/>\n<meta property=\"og:description\" content=\"Mikrobioloogia osakond Endoproteesi infektsioon on artroplastika raske t\u00fcsistus, mille sagedus on 1\u20133%. Mikroobid v\u00f5ivad proteesi piirkonda sattuda kas operatsiooni ajal v\u00f5i hematogeenselt (patsiendi mikrobioota). Diagnoosi ja ravi raskendab asjaolu, et mikroobid moodustavad proteesi pinnal biofilmi. Seet\u00f5ttu on proteesi infektsioonide mikrobioloogilise diagnostika algoritm mitmeetapiline ja aegan\u00f5udev. Sagedasemad tekitajad on Staphylococcus aureus ja koagulaasnegatiivsed staf\u00fclokokid. Ka teised [&hellip;]\" \/>\n<meta property=\"og:url\" content=\"https:\/\/www.kliinikum.ee\/yhendlabor\/kasiraamat\/mikrobioloogilised-uuringud\/endoproteesi-infektsiooni-mikrobioloogiline-diagnostika\/\" \/>\n<meta property=\"og:site_name\" content=\"\u00dchendlabor\" \/>\n<meta property=\"article:modified_time\" content=\"2025-12-09T21:51:43+00:00\" \/>\n<meta name=\"twitter:card\" content=\"summary_large_image\" \/>\n<meta name=\"twitter:label1\" content=\"Est. reading time\" \/>\n\t<meta name=\"twitter:data1\" content=\"2 minutit\" \/>\n<script type=\"application\/ld+json\" class=\"yoast-schema-graph\">{\"@context\":\"https:\\\/\\\/schema.org\",\"@graph\":[{\"@type\":\"WebPage\",\"@id\":\"https:\\\/\\\/www.kliinikum.ee\\\/yhendlabor\\\/kasiraamat\\\/mikrobioloogilised-uuringud\\\/endoproteesi-infektsiooni-mikrobioloogiline-diagnostika\\\/\",\"url\":\"https:\\\/\\\/www.kliinikum.ee\\\/yhendlabor\\\/kasiraamat\\\/mikrobioloogilised-uuringud\\\/endoproteesi-infektsiooni-mikrobioloogiline-diagnostika\\\/\",\"name\":\"Endoproteesi infektsiooni mikrobioloogiline diagnostika - \u00dchendlabor\",\"isPartOf\":{\"@id\":\"https:\\\/\\\/www.kliinikum.ee\\\/yhendlabor\\\/#website\"},\"datePublished\":\"2025-09-12T13:28:31+00:00\",\"dateModified\":\"2025-12-09T21:51:43+00:00\",\"breadcrumb\":{\"@id\":\"https:\\\/\\\/www.kliinikum.ee\\\/yhendlabor\\\/kasiraamat\\\/mikrobioloogilised-uuringud\\\/endoproteesi-infektsiooni-mikrobioloogiline-diagnostika\\\/#breadcrumb\"},\"inLanguage\":\"et\",\"potentialAction\":[{\"@type\":\"ReadAction\",\"target\":[\"https:\\\/\\\/www.kliinikum.ee\\\/yhendlabor\\\/kasiraamat\\\/mikrobioloogilised-uuringud\\\/endoproteesi-infektsiooni-mikrobioloogiline-diagnostika\\\/\"]}]},{\"@type\":\"BreadcrumbList\",\"@id\":\"https:\\\/\\\/www.kliinikum.ee\\\/yhendlabor\\\/kasiraamat\\\/mikrobioloogilised-uuringud\\\/endoproteesi-infektsiooni-mikrobioloogiline-diagnostika\\\/#breadcrumb\",\"itemListElement\":[{\"@type\":\"ListItem\",\"position\":1,\"name\":\"Home\",\"item\":\"https:\\\/\\\/www.kliinikum.ee\\\/yhendlabor\\\/\"},{\"@type\":\"ListItem\",\"position\":2,\"name\":\"K\u00e4siraamat\",\"item\":\"https:\\\/\\\/www.kliinikum.ee\\\/yhendlabor\\\/kasiraamat\\\/\"},{\"@type\":\"ListItem\",\"position\":3,\"name\":\"Mikrobioloogilised uuringud\",\"item\":\"https:\\\/\\\/www.kliinikum.ee\\\/yhendlabor\\\/kasiraamat\\\/mikrobioloogilised-uuringud\\\/\"},{\"@type\":\"ListItem\",\"position\":4,\"name\":\"Endoproteesi infektsiooni mikrobioloogiline diagnostika\"}]},{\"@type\":\"WebSite\",\"@id\":\"https:\\\/\\\/www.kliinikum.ee\\\/yhendlabor\\\/#website\",\"url\":\"https:\\\/\\\/www.kliinikum.ee\\\/yhendlabor\\\/\",\"name\":\"\u00dchendlabor\",\"description\":\"Hoolivus, Uuendusmeelsus, P\u00e4devus ja Usaldusv\u00e4\u00e4rsus\",\"potentialAction\":[{\"@type\":\"SearchAction\",\"target\":{\"@type\":\"EntryPoint\",\"urlTemplate\":\"https:\\\/\\\/www.kliinikum.ee\\\/yhendlabor\\\/?s={search_term_string}\"},\"query-input\":{\"@type\":\"PropertyValueSpecification\",\"valueRequired\":true,\"valueName\":\"search_term_string\"}}],\"inLanguage\":\"et\"}]}<\/script>\n<!-- \/ Yoast SEO plugin. -->","yoast_head_json":{"title":"Endoproteesi infektsiooni mikrobioloogiline diagnostika - \u00dchendlabor","robots":{"index":"index","follow":"follow","max-snippet":"max-snippet:-1","max-image-preview":"max-image-preview:large","max-video-preview":"max-video-preview:-1"},"canonical":"https:\/\/www.kliinikum.ee\/yhendlabor\/kasiraamat\/mikrobioloogilised-uuringud\/endoproteesi-infektsiooni-mikrobioloogiline-diagnostika\/","og_locale":"et_EE","og_type":"article","og_title":"Endoproteesi infektsiooni mikrobioloogiline diagnostika - \u00dchendlabor","og_description":"Mikrobioloogia osakond Endoproteesi infektsioon on artroplastika raske t\u00fcsistus, mille sagedus on 1\u20133%. Mikroobid v\u00f5ivad proteesi piirkonda sattuda kas operatsiooni ajal v\u00f5i hematogeenselt (patsiendi mikrobioota). Diagnoosi ja ravi raskendab asjaolu, et mikroobid moodustavad proteesi pinnal biofilmi. Seet\u00f5ttu on proteesi infektsioonide mikrobioloogilise diagnostika algoritm mitmeetapiline ja aegan\u00f5udev. Sagedasemad tekitajad on Staphylococcus aureus ja koagulaasnegatiivsed staf\u00fclokokid. Ka teised [&hellip;]","og_url":"https:\/\/www.kliinikum.ee\/yhendlabor\/kasiraamat\/mikrobioloogilised-uuringud\/endoproteesi-infektsiooni-mikrobioloogiline-diagnostika\/","og_site_name":"\u00dchendlabor","article_modified_time":"2025-12-09T21:51:43+00:00","twitter_card":"summary_large_image","twitter_misc":{"Est. reading time":"2 minutit"},"schema":{"@context":"https:\/\/schema.org","@graph":[{"@type":"WebPage","@id":"https:\/\/www.kliinikum.ee\/yhendlabor\/kasiraamat\/mikrobioloogilised-uuringud\/endoproteesi-infektsiooni-mikrobioloogiline-diagnostika\/","url":"https:\/\/www.kliinikum.ee\/yhendlabor\/kasiraamat\/mikrobioloogilised-uuringud\/endoproteesi-infektsiooni-mikrobioloogiline-diagnostika\/","name":"Endoproteesi infektsiooni mikrobioloogiline diagnostika - \u00dchendlabor","isPartOf":{"@id":"https:\/\/www.kliinikum.ee\/yhendlabor\/#website"},"datePublished":"2025-09-12T13:28:31+00:00","dateModified":"2025-12-09T21:51:43+00:00","breadcrumb":{"@id":"https:\/\/www.kliinikum.ee\/yhendlabor\/kasiraamat\/mikrobioloogilised-uuringud\/endoproteesi-infektsiooni-mikrobioloogiline-diagnostika\/#breadcrumb"},"inLanguage":"et","potentialAction":[{"@type":"ReadAction","target":["https:\/\/www.kliinikum.ee\/yhendlabor\/kasiraamat\/mikrobioloogilised-uuringud\/endoproteesi-infektsiooni-mikrobioloogiline-diagnostika\/"]}]},{"@type":"BreadcrumbList","@id":"https:\/\/www.kliinikum.ee\/yhendlabor\/kasiraamat\/mikrobioloogilised-uuringud\/endoproteesi-infektsiooni-mikrobioloogiline-diagnostika\/#breadcrumb","itemListElement":[{"@type":"ListItem","position":1,"name":"Home","item":"https:\/\/www.kliinikum.ee\/yhendlabor\/"},{"@type":"ListItem","position":2,"name":"K\u00e4siraamat","item":"https:\/\/www.kliinikum.ee\/yhendlabor\/kasiraamat\/"},{"@type":"ListItem","position":3,"name":"Mikrobioloogilised uuringud","item":"https:\/\/www.kliinikum.ee\/yhendlabor\/kasiraamat\/mikrobioloogilised-uuringud\/"},{"@type":"ListItem","position":4,"name":"Endoproteesi infektsiooni mikrobioloogiline diagnostika"}]},{"@type":"WebSite","@id":"https:\/\/www.kliinikum.ee\/yhendlabor\/#website","url":"https:\/\/www.kliinikum.ee\/yhendlabor\/","name":"\u00dchendlabor","description":"Hoolivus, Uuendusmeelsus, P\u00e4devus ja Usaldusv\u00e4\u00e4rsus","potentialAction":[{"@type":"SearchAction","target":{"@type":"EntryPoint","urlTemplate":"https:\/\/www.kliinikum.ee\/yhendlabor\/?s={search_term_string}"},"query-input":{"@type":"PropertyValueSpecification","valueRequired":true,"valueName":"search_term_string"}}],"inLanguage":"et"}]}},"uagb_featured_image_src":{"full":false,"thumbnail":false,"medium":false,"medium_large":false,"large":false,"1536x1536":false,"2048x2048":false},"uagb_author_info":{"display_name":"Kadi Siigur","author_link":"https:\/\/www.kliinikum.ee\/yhendlabor\/author\/kadisi\/"},"uagb_comment_info":0,"uagb_excerpt":"Mikrobioloogia osakond Endoproteesi infektsioon on artroplastika raske t\u00fcsistus, mille sagedus on 1\u20133%. Mikroobid v\u00f5ivad proteesi piirkonda sattuda kas operatsiooni ajal v\u00f5i hematogeenselt (patsiendi mikrobioota). Diagnoosi ja ravi raskendab asjaolu, et mikroobid moodustavad proteesi pinnal biofilmi. Seet\u00f5ttu on proteesi infektsioonide mikrobioloogilise diagnostika algoritm mitmeetapiline ja aegan\u00f5udev. Sagedasemad tekitajad on Staphylococcus aureus ja koagulaasnegatiivsed staf\u00fclokokid. Ka teised&hellip;","_links":{"self":[{"href":"https:\/\/www.kliinikum.ee\/yhendlabor\/wp-json\/wp\/v2\/pages\/13087","targetHints":{"allow":["GET"]}}],"collection":[{"href":"https:\/\/www.kliinikum.ee\/yhendlabor\/wp-json\/wp\/v2\/pages"}],"about":[{"href":"https:\/\/www.kliinikum.ee\/yhendlabor\/wp-json\/wp\/v2\/types\/page"}],"author":[{"embeddable":true,"href":"https:\/\/www.kliinikum.ee\/yhendlabor\/wp-json\/wp\/v2\/users\/38"}],"replies":[{"embeddable":true,"href":"https:\/\/www.kliinikum.ee\/yhendlabor\/wp-json\/wp\/v2\/comments?post=13087"}],"version-history":[{"count":0,"href":"https:\/\/www.kliinikum.ee\/yhendlabor\/wp-json\/wp\/v2\/pages\/13087\/revisions"}],"up":[{"embeddable":true,"href":"https:\/\/www.kliinikum.ee\/yhendlabor\/wp-json\/wp\/v2\/pages\/7292"}],"wp:attachment":[{"href":"https:\/\/www.kliinikum.ee\/yhendlabor\/wp-json\/wp\/v2\/media?parent=13087"}],"curies":[{"name":"wp","href":"https:\/\/api.w.org\/{rel}","templated":true}]}}