{"id":13093,"date":"2025-09-12T18:25:39","date_gmt":"2025-09-12T16:25:39","guid":{"rendered":"https:\/\/www.kliinikum.ee\/yhendlabor\/?page_id=13093"},"modified":"2025-12-21T23:13:52","modified_gmt":"2025-12-21T21:13:52","slug":"enterobius-vermicularise-munade-mikroskoopia-anaalkaapest-an-e-vermicularis-m","status":"publish","type":"page","link":"https:\/\/www.kliinikum.ee\/yhendlabor\/kasiraamat\/mikrobioloogilised-uuringud\/enterobius-vermicularise-munade-mikroskoopia-anaalkaapest-an-e-vermicularis-m\/","title":{"rendered":"Enterobius vermicularis\u2019e munade mikroskoopia anaalkaapest (An-E vermicularis-m)"},"content":{"rendered":"\n<p><em>Mikrobioloogia osakond<\/em><\/p>\n\n\n\n<p><strong>Naaskelsabad (<em>Enterobius vermicularis<\/em>)<\/strong> esinevad k\u00f5ige sagedamini eelkooliealistel lastel ja algklasside \u00f5pilastel. Nakatumine toimub fekaal-oraalselt. Erinevalt teiste ussnugiliste munadest leidub naaskelsabade mune roojas harva, sest need munetakse perianaalsetele voltidele.<\/p>\n\n\n\n<p class=\"has-medium-font-size\"><strong>Uuritav materjal, selle v\u014dtmine, saatmine ja s\u00e4ilitamine<\/strong><\/p>\n\n\n\n<figure class=\"wp-block-table is-style-stripes\"><table width=\"100%\"><tbody><tr><td width=\"1%\"><\/td><td width=\"15%\"><strong>Katsuti<\/strong><\/td><td width=\"84%\">Steriilne gl\u00fctseroolitampooniga katsuti<\/td><\/tr><tr><td><\/td><td><strong>S\u00e4ilivus<\/strong><\/td><td>+4 \u00b0C \u00fcks p\u00e4ev<\/td><\/tr><\/tbody><\/table><\/figure>\n\n\n\n<p>Materjal v\u00f5etakse perianaalsetelt voltidelt gl\u00fctseroolis immutatud tampooniga, mis asetatakse puhtasse katsutisse.<\/p>\n\n\n\n<p class=\"has-medium-font-size\"><strong>Anal\u00fc\u00fcsi tegemise aeg:<\/strong> t\u00f6\u00f6p\u00e4eviti<\/p>\n\n\n\n<p class=\"has-medium-font-size\"><strong>Anal\u00fc\u00fcsimeetod: <\/strong>mikroskoopia<\/p>\n\n\n\n<p class=\"has-medium-font-size\"><strong>Vastuse vorm<\/strong><\/p>\n\n\n\n<p>Positiivne\/negatiivne.<\/p>\n\n\n\n<p class=\"has-medium-font-size\"><strong>N\u00e4idustus ja kliiniline t\u00e4hendus<\/strong><\/p>\n\n\n\n<p>Kahtlus enterobioosile: v\u00e4simus, p\u00e4raku\u00fcmbruse kihelemine, m\u00f5nikord sagenenud iste, eosinofiilia.<\/p>\n\n\n\n<p>Prof\u00fclaktiline uuring.<\/p>\n\n\n\n<p>Vt ka: <a href=\"https:\/\/www.kliinikum.ee\/yhendlabor\/kasiraamat\/nakkustekitajate-uuringud-dna-rna-antikehad-antigeenid\/sooleparasiitide-dna-paneel-roojas\/\">Sooleparasiitide DNA paneel<\/a><br><a href=\"https:\/\/www.kliinikum.ee\/yhendlabor\/kasiraamat\/mikrobioloogilised-uuringud\/parasiitide-mikroskoopia-roojast-st-parasites-m\/\">Parasiitide mikroskoopia roojast<\/a><\/p>\n\n\n\n<p>Koostajad: Helle J\u00e4rv, Krista L\u00f5ivukene<br>Uuendatud 23.01.2018<\/p>\n","protected":false},"excerpt":{"rendered":"<p>Mikrobioloogia osakond Naaskelsabad (Enterobius vermicularis) esinevad k\u00f5ige sagedamini eelkooliealistel lastel ja algklasside \u00f5pilastel. Nakatumine toimub fekaal-oraalselt. Erinevalt teiste ussnugiliste munadest leidub naaskelsabade mune roojas harva, sest need munetakse perianaalsetele voltidele. Uuritav materjal, selle v\u014dtmine, saatmine ja s\u00e4ilitamine Katsuti Steriilne gl\u00fctseroolitampooniga katsuti S\u00e4ilivus +4 \u00b0C \u00fcks p\u00e4ev Materjal v\u00f5etakse perianaalsetelt voltidelt gl\u00fctseroolis immutatud tampooniga, mis asetatakse [&hellip;]<\/p>\n","protected":false},"author":38,"featured_media":0,"parent":7292,"menu_order":9,"comment_status":"closed","ping_status":"closed","template":"","meta":{"_uag_custom_page_level_css":"","footnotes":""},"class_list":["post-13093","page","type-page","status-publish","hentry"],"acf":[],"yoast_head":"<!-- This site is optimized with the Yoast SEO plugin v27.3 - https:\/\/yoast.com\/product\/yoast-seo-wordpress\/ -->\n<title>Enterobius vermicularis\u2019e munade mikroskoopia anaalkaapest (An-E vermicularis-m) - \u00dchendlabor<\/title>\n<meta name=\"robots\" content=\"index, follow, max-snippet:-1, max-image-preview:large, max-video-preview:-1\" \/>\n<link rel=\"canonical\" href=\"https:\/\/www.kliinikum.ee\/yhendlabor\/kasiraamat\/mikrobioloogilised-uuringud\/enterobius-vermicularise-munade-mikroskoopia-anaalkaapest-an-e-vermicularis-m\/\" \/>\n<meta property=\"og:locale\" content=\"et_EE\" \/>\n<meta property=\"og:type\" content=\"article\" \/>\n<meta property=\"og:title\" content=\"Enterobius vermicularis\u2019e munade mikroskoopia anaalkaapest (An-E vermicularis-m) - \u00dchendlabor\" \/>\n<meta property=\"og:description\" content=\"Mikrobioloogia osakond Naaskelsabad (Enterobius vermicularis) esinevad k\u00f5ige sagedamini eelkooliealistel lastel ja algklasside \u00f5pilastel. Nakatumine toimub fekaal-oraalselt. Erinevalt teiste ussnugiliste munadest leidub naaskelsabade mune roojas harva, sest need munetakse perianaalsetele voltidele. Uuritav materjal, selle v\u014dtmine, saatmine ja s\u00e4ilitamine Katsuti Steriilne gl\u00fctseroolitampooniga katsuti S\u00e4ilivus +4 \u00b0C \u00fcks p\u00e4ev Materjal v\u00f5etakse perianaalsetelt voltidelt gl\u00fctseroolis immutatud tampooniga, mis asetatakse [&hellip;]\" \/>\n<meta property=\"og:url\" content=\"https:\/\/www.kliinikum.ee\/yhendlabor\/kasiraamat\/mikrobioloogilised-uuringud\/enterobius-vermicularise-munade-mikroskoopia-anaalkaapest-an-e-vermicularis-m\/\" \/>\n<meta property=\"og:site_name\" content=\"\u00dchendlabor\" \/>\n<meta property=\"article:modified_time\" content=\"2025-12-21T21:13:52+00:00\" \/>\n<meta name=\"twitter:card\" content=\"summary_large_image\" \/>\n<meta name=\"twitter:label1\" content=\"Est. reading time\" \/>\n\t<meta name=\"twitter:data1\" content=\"1 minut\" \/>\n<script type=\"application\/ld+json\" class=\"yoast-schema-graph\">{\"@context\":\"https:\\\/\\\/schema.org\",\"@graph\":[{\"@type\":\"WebPage\",\"@id\":\"https:\\\/\\\/www.kliinikum.ee\\\/yhendlabor\\\/kasiraamat\\\/mikrobioloogilised-uuringud\\\/enterobius-vermicularise-munade-mikroskoopia-anaalkaapest-an-e-vermicularis-m\\\/\",\"url\":\"https:\\\/\\\/www.kliinikum.ee\\\/yhendlabor\\\/kasiraamat\\\/mikrobioloogilised-uuringud\\\/enterobius-vermicularise-munade-mikroskoopia-anaalkaapest-an-e-vermicularis-m\\\/\",\"name\":\"Enterobius vermicularis\u2019e munade mikroskoopia anaalkaapest (An-E vermicularis-m) - \u00dchendlabor\",\"isPartOf\":{\"@id\":\"https:\\\/\\\/www.kliinikum.ee\\\/yhendlabor\\\/#website\"},\"datePublished\":\"2025-09-12T16:25:39+00:00\",\"dateModified\":\"2025-12-21T21:13:52+00:00\",\"breadcrumb\":{\"@id\":\"https:\\\/\\\/www.kliinikum.ee\\\/yhendlabor\\\/kasiraamat\\\/mikrobioloogilised-uuringud\\\/enterobius-vermicularise-munade-mikroskoopia-anaalkaapest-an-e-vermicularis-m\\\/#breadcrumb\"},\"inLanguage\":\"et\",\"potentialAction\":[{\"@type\":\"ReadAction\",\"target\":[\"https:\\\/\\\/www.kliinikum.ee\\\/yhendlabor\\\/kasiraamat\\\/mikrobioloogilised-uuringud\\\/enterobius-vermicularise-munade-mikroskoopia-anaalkaapest-an-e-vermicularis-m\\\/\"]}]},{\"@type\":\"BreadcrumbList\",\"@id\":\"https:\\\/\\\/www.kliinikum.ee\\\/yhendlabor\\\/kasiraamat\\\/mikrobioloogilised-uuringud\\\/enterobius-vermicularise-munade-mikroskoopia-anaalkaapest-an-e-vermicularis-m\\\/#breadcrumb\",\"itemListElement\":[{\"@type\":\"ListItem\",\"position\":1,\"name\":\"Home\",\"item\":\"https:\\\/\\\/www.kliinikum.ee\\\/yhendlabor\\\/\"},{\"@type\":\"ListItem\",\"position\":2,\"name\":\"K\u00e4siraamat\",\"item\":\"https:\\\/\\\/www.kliinikum.ee\\\/yhendlabor\\\/kasiraamat\\\/\"},{\"@type\":\"ListItem\",\"position\":3,\"name\":\"Mikrobioloogilised uuringud\",\"item\":\"https:\\\/\\\/www.kliinikum.ee\\\/yhendlabor\\\/kasiraamat\\\/mikrobioloogilised-uuringud\\\/\"},{\"@type\":\"ListItem\",\"position\":4,\"name\":\"Enterobius vermicularis\u2019e munade mikroskoopia anaalkaapest (An-E vermicularis-m)\"}]},{\"@type\":\"WebSite\",\"@id\":\"https:\\\/\\\/www.kliinikum.ee\\\/yhendlabor\\\/#website\",\"url\":\"https:\\\/\\\/www.kliinikum.ee\\\/yhendlabor\\\/\",\"name\":\"\u00dchendlabor\",\"description\":\"Hoolivus, Uuendusmeelsus, P\u00e4devus ja Usaldusv\u00e4\u00e4rsus\",\"potentialAction\":[{\"@type\":\"SearchAction\",\"target\":{\"@type\":\"EntryPoint\",\"urlTemplate\":\"https:\\\/\\\/www.kliinikum.ee\\\/yhendlabor\\\/?s={search_term_string}\"},\"query-input\":{\"@type\":\"PropertyValueSpecification\",\"valueRequired\":true,\"valueName\":\"search_term_string\"}}],\"inLanguage\":\"et\"}]}<\/script>\n<!-- \/ Yoast SEO plugin. -->","yoast_head_json":{"title":"Enterobius vermicularis\u2019e munade mikroskoopia anaalkaapest (An-E vermicularis-m) - \u00dchendlabor","robots":{"index":"index","follow":"follow","max-snippet":"max-snippet:-1","max-image-preview":"max-image-preview:large","max-video-preview":"max-video-preview:-1"},"canonical":"https:\/\/www.kliinikum.ee\/yhendlabor\/kasiraamat\/mikrobioloogilised-uuringud\/enterobius-vermicularise-munade-mikroskoopia-anaalkaapest-an-e-vermicularis-m\/","og_locale":"et_EE","og_type":"article","og_title":"Enterobius vermicularis\u2019e munade mikroskoopia anaalkaapest (An-E vermicularis-m) - \u00dchendlabor","og_description":"Mikrobioloogia osakond Naaskelsabad (Enterobius vermicularis) esinevad k\u00f5ige sagedamini eelkooliealistel lastel ja algklasside \u00f5pilastel. Nakatumine toimub fekaal-oraalselt. Erinevalt teiste ussnugiliste munadest leidub naaskelsabade mune roojas harva, sest need munetakse perianaalsetele voltidele. Uuritav materjal, selle v\u014dtmine, saatmine ja s\u00e4ilitamine Katsuti Steriilne gl\u00fctseroolitampooniga katsuti S\u00e4ilivus +4 \u00b0C \u00fcks p\u00e4ev Materjal v\u00f5etakse perianaalsetelt voltidelt gl\u00fctseroolis immutatud tampooniga, mis asetatakse [&hellip;]","og_url":"https:\/\/www.kliinikum.ee\/yhendlabor\/kasiraamat\/mikrobioloogilised-uuringud\/enterobius-vermicularise-munade-mikroskoopia-anaalkaapest-an-e-vermicularis-m\/","og_site_name":"\u00dchendlabor","article_modified_time":"2025-12-21T21:13:52+00:00","twitter_card":"summary_large_image","twitter_misc":{"Est. reading time":"1 minut"},"schema":{"@context":"https:\/\/schema.org","@graph":[{"@type":"WebPage","@id":"https:\/\/www.kliinikum.ee\/yhendlabor\/kasiraamat\/mikrobioloogilised-uuringud\/enterobius-vermicularise-munade-mikroskoopia-anaalkaapest-an-e-vermicularis-m\/","url":"https:\/\/www.kliinikum.ee\/yhendlabor\/kasiraamat\/mikrobioloogilised-uuringud\/enterobius-vermicularise-munade-mikroskoopia-anaalkaapest-an-e-vermicularis-m\/","name":"Enterobius vermicularis\u2019e munade mikroskoopia anaalkaapest (An-E vermicularis-m) - \u00dchendlabor","isPartOf":{"@id":"https:\/\/www.kliinikum.ee\/yhendlabor\/#website"},"datePublished":"2025-09-12T16:25:39+00:00","dateModified":"2025-12-21T21:13:52+00:00","breadcrumb":{"@id":"https:\/\/www.kliinikum.ee\/yhendlabor\/kasiraamat\/mikrobioloogilised-uuringud\/enterobius-vermicularise-munade-mikroskoopia-anaalkaapest-an-e-vermicularis-m\/#breadcrumb"},"inLanguage":"et","potentialAction":[{"@type":"ReadAction","target":["https:\/\/www.kliinikum.ee\/yhendlabor\/kasiraamat\/mikrobioloogilised-uuringud\/enterobius-vermicularise-munade-mikroskoopia-anaalkaapest-an-e-vermicularis-m\/"]}]},{"@type":"BreadcrumbList","@id":"https:\/\/www.kliinikum.ee\/yhendlabor\/kasiraamat\/mikrobioloogilised-uuringud\/enterobius-vermicularise-munade-mikroskoopia-anaalkaapest-an-e-vermicularis-m\/#breadcrumb","itemListElement":[{"@type":"ListItem","position":1,"name":"Home","item":"https:\/\/www.kliinikum.ee\/yhendlabor\/"},{"@type":"ListItem","position":2,"name":"K\u00e4siraamat","item":"https:\/\/www.kliinikum.ee\/yhendlabor\/kasiraamat\/"},{"@type":"ListItem","position":3,"name":"Mikrobioloogilised uuringud","item":"https:\/\/www.kliinikum.ee\/yhendlabor\/kasiraamat\/mikrobioloogilised-uuringud\/"},{"@type":"ListItem","position":4,"name":"Enterobius vermicularis\u2019e munade mikroskoopia anaalkaapest (An-E vermicularis-m)"}]},{"@type":"WebSite","@id":"https:\/\/www.kliinikum.ee\/yhendlabor\/#website","url":"https:\/\/www.kliinikum.ee\/yhendlabor\/","name":"\u00dchendlabor","description":"Hoolivus, Uuendusmeelsus, P\u00e4devus ja Usaldusv\u00e4\u00e4rsus","potentialAction":[{"@type":"SearchAction","target":{"@type":"EntryPoint","urlTemplate":"https:\/\/www.kliinikum.ee\/yhendlabor\/?s={search_term_string}"},"query-input":{"@type":"PropertyValueSpecification","valueRequired":true,"valueName":"search_term_string"}}],"inLanguage":"et"}]}},"uagb_featured_image_src":{"full":false,"thumbnail":false,"medium":false,"medium_large":false,"large":false,"1536x1536":false,"2048x2048":false},"uagb_author_info":{"display_name":"Kadi Siigur","author_link":"https:\/\/www.kliinikum.ee\/yhendlabor\/author\/kadisi\/"},"uagb_comment_info":0,"uagb_excerpt":"Mikrobioloogia osakond Naaskelsabad (Enterobius vermicularis) esinevad k\u00f5ige sagedamini eelkooliealistel lastel ja algklasside \u00f5pilastel. Nakatumine toimub fekaal-oraalselt. Erinevalt teiste ussnugiliste munadest leidub naaskelsabade mune roojas harva, sest need munetakse perianaalsetele voltidele. Uuritav materjal, selle v\u014dtmine, saatmine ja s\u00e4ilitamine Katsuti Steriilne gl\u00fctseroolitampooniga katsuti S\u00e4ilivus +4 \u00b0C \u00fcks p\u00e4ev Materjal v\u00f5etakse perianaalsetelt voltidelt gl\u00fctseroolis immutatud tampooniga, mis asetatakse&hellip;","_links":{"self":[{"href":"https:\/\/www.kliinikum.ee\/yhendlabor\/wp-json\/wp\/v2\/pages\/13093","targetHints":{"allow":["GET"]}}],"collection":[{"href":"https:\/\/www.kliinikum.ee\/yhendlabor\/wp-json\/wp\/v2\/pages"}],"about":[{"href":"https:\/\/www.kliinikum.ee\/yhendlabor\/wp-json\/wp\/v2\/types\/page"}],"author":[{"embeddable":true,"href":"https:\/\/www.kliinikum.ee\/yhendlabor\/wp-json\/wp\/v2\/users\/38"}],"replies":[{"embeddable":true,"href":"https:\/\/www.kliinikum.ee\/yhendlabor\/wp-json\/wp\/v2\/comments?post=13093"}],"version-history":[{"count":0,"href":"https:\/\/www.kliinikum.ee\/yhendlabor\/wp-json\/wp\/v2\/pages\/13093\/revisions"}],"up":[{"embeddable":true,"href":"https:\/\/www.kliinikum.ee\/yhendlabor\/wp-json\/wp\/v2\/pages\/7292"}],"wp:attachment":[{"href":"https:\/\/www.kliinikum.ee\/yhendlabor\/wp-json\/wp\/v2\/media?parent=13093"}],"curies":[{"name":"wp","href":"https:\/\/api.w.org\/{rel}","templated":true}]}}