{"id":13096,"date":"2025-09-12T18:30:00","date_gmt":"2025-09-12T16:30:00","guid":{"rendered":"https:\/\/www.kliinikum.ee\/yhendlabor\/?page_id=13096"},"modified":"2025-12-09T23:54:18","modified_gmt":"2025-12-09T21:54:18","slug":"gaas-sterilisatsiooni-kontroll","status":"publish","type":"page","link":"https:\/\/www.kliinikum.ee\/yhendlabor\/kasiraamat\/mikrobioloogilised-uuringud\/gaas-sterilisatsiooni-kontroll\/","title":{"rendered":"Gaas-sterilisatsiooni kontroll\u00a0"},"content":{"rendered":"\n<p><em>Mikrobioloogia osakond, tel. 731 9338, 731 9339<\/em><\/p>\n\n\n\n<p class=\"has-medium-font-size\"><strong>Uuritav materjal, selle v\u00f5tmine, saatmine ja s\u00e4ilitamine<\/strong><\/p>\n\n\n\n<figure class=\"wp-block-table is-style-stripes\"><table width=\"100%\"><tbody><tr><td width=\"1%\"><\/td><td width=\"15%\"><strong>Proovin\u00f5u<\/strong><\/td><td width=\"84%\">Autoklaavi bioloogilise kontrolli tablett testkultuuriga<\/td><\/tr><tr><td><\/td><td><strong>S\u00e4ilivus<\/strong><\/td><td>Toatemperatuuril maksimaalselt kaks tundi<\/td><\/tr><\/tbody><\/table><\/figure>\n\n\n\n<p>Tablett l\u00e4bib steriliseerimists\u00fckli koos steriliseeritava materjaliga. Ts\u00fckli l\u00e4binud tablett saadetakse laborisse uuringuks.<\/p>\n\n\n\n<p class=\"has-medium-font-size\"><strong>Anal\u00fc\u00fcsi tegemise aeg:<\/strong> t\u00f6\u00f6p\u00e4eviti<\/p>\n\n\n\n<p class=\"has-medium-font-size\"><strong>Anal\u00fc\u00fcsimeetod: <\/strong>tablett pannakse (mitte hiljem kui 2 tundi peale sterilisatsiooni) aseptilistes tingimustes rikastuss\u00f6\u00f6tmesse, inkubeeritakse +56 \u00b0C juures viis p\u00e4eva. L\u00f5plik vastus antakse 5. p\u00e4eval.<\/p>\n\n\n\n<p class=\"has-medium-font-size\"><strong>N\u00e4idustus ja kliiniline t\u00e4hendus<\/strong><\/p>\n\n\n\n<p>Gaas-sterilisatsiooni t\u00f5hususe kontroll.<\/p>\n\n\n\n<p>Kasv puudub = steriilne, steriliseerimine on olnud piisav; esineb kasv = mittesteriilne, steriliseerimine ei olnud piisav.<\/p>\n\n\n\n<p>Koostaja: Krista L\u00f5ivukene<\/p>\n","protected":false},"excerpt":{"rendered":"<p>Mikrobioloogia osakond, tel. 731 9338, 731 9339 Uuritav materjal, selle v\u00f5tmine, saatmine ja s\u00e4ilitamine Proovin\u00f5u Autoklaavi bioloogilise kontrolli tablett testkultuuriga S\u00e4ilivus Toatemperatuuril maksimaalselt kaks tundi Tablett l\u00e4bib steriliseerimists\u00fckli koos steriliseeritava materjaliga. Ts\u00fckli l\u00e4binud tablett saadetakse laborisse uuringuks. Anal\u00fc\u00fcsi tegemise aeg: t\u00f6\u00f6p\u00e4eviti Anal\u00fc\u00fcsimeetod: tablett pannakse (mitte hiljem kui 2 tundi peale sterilisatsiooni) aseptilistes tingimustes rikastuss\u00f6\u00f6tmesse, inkubeeritakse [&hellip;]<\/p>\n","protected":false},"author":38,"featured_media":0,"parent":7292,"menu_order":10,"comment_status":"closed","ping_status":"closed","template":"","meta":{"_uag_custom_page_level_css":"","footnotes":""},"class_list":["post-13096","page","type-page","status-publish","hentry"],"acf":[],"yoast_head":"<!-- This site is optimized with the Yoast SEO plugin v27.3 - https:\/\/yoast.com\/product\/yoast-seo-wordpress\/ -->\n<title>Gaas-sterilisatsiooni kontroll\u00a0 - \u00dchendlabor<\/title>\n<meta name=\"robots\" content=\"index, follow, max-snippet:-1, max-image-preview:large, max-video-preview:-1\" \/>\n<link rel=\"canonical\" href=\"https:\/\/www.kliinikum.ee\/yhendlabor\/kasiraamat\/mikrobioloogilised-uuringud\/gaas-sterilisatsiooni-kontroll\/\" \/>\n<meta property=\"og:locale\" content=\"et_EE\" \/>\n<meta property=\"og:type\" content=\"article\" \/>\n<meta property=\"og:title\" content=\"Gaas-sterilisatsiooni kontroll\u00a0 - \u00dchendlabor\" \/>\n<meta property=\"og:description\" content=\"Mikrobioloogia osakond, tel. 731 9338, 731 9339 Uuritav materjal, selle v\u00f5tmine, saatmine ja s\u00e4ilitamine Proovin\u00f5u Autoklaavi bioloogilise kontrolli tablett testkultuuriga S\u00e4ilivus Toatemperatuuril maksimaalselt kaks tundi Tablett l\u00e4bib steriliseerimists\u00fckli koos steriliseeritava materjaliga. Ts\u00fckli l\u00e4binud tablett saadetakse laborisse uuringuks. Anal\u00fc\u00fcsi tegemise aeg: t\u00f6\u00f6p\u00e4eviti Anal\u00fc\u00fcsimeetod: tablett pannakse (mitte hiljem kui 2 tundi peale sterilisatsiooni) aseptilistes tingimustes rikastuss\u00f6\u00f6tmesse, inkubeeritakse [&hellip;]\" \/>\n<meta property=\"og:url\" content=\"https:\/\/www.kliinikum.ee\/yhendlabor\/kasiraamat\/mikrobioloogilised-uuringud\/gaas-sterilisatsiooni-kontroll\/\" \/>\n<meta property=\"og:site_name\" content=\"\u00dchendlabor\" \/>\n<meta property=\"article:modified_time\" content=\"2025-12-09T21:54:18+00:00\" \/>\n<meta name=\"twitter:card\" content=\"summary_large_image\" \/>\n<meta name=\"twitter:label1\" content=\"Est. reading time\" \/>\n\t<meta name=\"twitter:data1\" content=\"1 minut\" \/>\n<script type=\"application\/ld+json\" class=\"yoast-schema-graph\">{\"@context\":\"https:\\\/\\\/schema.org\",\"@graph\":[{\"@type\":\"WebPage\",\"@id\":\"https:\\\/\\\/www.kliinikum.ee\\\/yhendlabor\\\/kasiraamat\\\/mikrobioloogilised-uuringud\\\/gaas-sterilisatsiooni-kontroll\\\/\",\"url\":\"https:\\\/\\\/www.kliinikum.ee\\\/yhendlabor\\\/kasiraamat\\\/mikrobioloogilised-uuringud\\\/gaas-sterilisatsiooni-kontroll\\\/\",\"name\":\"Gaas-sterilisatsiooni kontroll\u00a0 - \u00dchendlabor\",\"isPartOf\":{\"@id\":\"https:\\\/\\\/www.kliinikum.ee\\\/yhendlabor\\\/#website\"},\"datePublished\":\"2025-09-12T16:30:00+00:00\",\"dateModified\":\"2025-12-09T21:54:18+00:00\",\"breadcrumb\":{\"@id\":\"https:\\\/\\\/www.kliinikum.ee\\\/yhendlabor\\\/kasiraamat\\\/mikrobioloogilised-uuringud\\\/gaas-sterilisatsiooni-kontroll\\\/#breadcrumb\"},\"inLanguage\":\"et\",\"potentialAction\":[{\"@type\":\"ReadAction\",\"target\":[\"https:\\\/\\\/www.kliinikum.ee\\\/yhendlabor\\\/kasiraamat\\\/mikrobioloogilised-uuringud\\\/gaas-sterilisatsiooni-kontroll\\\/\"]}]},{\"@type\":\"BreadcrumbList\",\"@id\":\"https:\\\/\\\/www.kliinikum.ee\\\/yhendlabor\\\/kasiraamat\\\/mikrobioloogilised-uuringud\\\/gaas-sterilisatsiooni-kontroll\\\/#breadcrumb\",\"itemListElement\":[{\"@type\":\"ListItem\",\"position\":1,\"name\":\"Home\",\"item\":\"https:\\\/\\\/www.kliinikum.ee\\\/yhendlabor\\\/\"},{\"@type\":\"ListItem\",\"position\":2,\"name\":\"K\u00e4siraamat\",\"item\":\"https:\\\/\\\/www.kliinikum.ee\\\/yhendlabor\\\/kasiraamat\\\/\"},{\"@type\":\"ListItem\",\"position\":3,\"name\":\"Mikrobioloogilised uuringud\",\"item\":\"https:\\\/\\\/www.kliinikum.ee\\\/yhendlabor\\\/kasiraamat\\\/mikrobioloogilised-uuringud\\\/\"},{\"@type\":\"ListItem\",\"position\":4,\"name\":\"Gaas-sterilisatsiooni kontroll\u00a0\"}]},{\"@type\":\"WebSite\",\"@id\":\"https:\\\/\\\/www.kliinikum.ee\\\/yhendlabor\\\/#website\",\"url\":\"https:\\\/\\\/www.kliinikum.ee\\\/yhendlabor\\\/\",\"name\":\"\u00dchendlabor\",\"description\":\"Hoolivus, Uuendusmeelsus, P\u00e4devus ja Usaldusv\u00e4\u00e4rsus\",\"potentialAction\":[{\"@type\":\"SearchAction\",\"target\":{\"@type\":\"EntryPoint\",\"urlTemplate\":\"https:\\\/\\\/www.kliinikum.ee\\\/yhendlabor\\\/?s={search_term_string}\"},\"query-input\":{\"@type\":\"PropertyValueSpecification\",\"valueRequired\":true,\"valueName\":\"search_term_string\"}}],\"inLanguage\":\"et\"}]}<\/script>\n<!-- \/ Yoast SEO plugin. -->","yoast_head_json":{"title":"Gaas-sterilisatsiooni kontroll\u00a0 - \u00dchendlabor","robots":{"index":"index","follow":"follow","max-snippet":"max-snippet:-1","max-image-preview":"max-image-preview:large","max-video-preview":"max-video-preview:-1"},"canonical":"https:\/\/www.kliinikum.ee\/yhendlabor\/kasiraamat\/mikrobioloogilised-uuringud\/gaas-sterilisatsiooni-kontroll\/","og_locale":"et_EE","og_type":"article","og_title":"Gaas-sterilisatsiooni kontroll\u00a0 - \u00dchendlabor","og_description":"Mikrobioloogia osakond, tel. 731 9338, 731 9339 Uuritav materjal, selle v\u00f5tmine, saatmine ja s\u00e4ilitamine Proovin\u00f5u Autoklaavi bioloogilise kontrolli tablett testkultuuriga S\u00e4ilivus Toatemperatuuril maksimaalselt kaks tundi Tablett l\u00e4bib steriliseerimists\u00fckli koos steriliseeritava materjaliga. Ts\u00fckli l\u00e4binud tablett saadetakse laborisse uuringuks. Anal\u00fc\u00fcsi tegemise aeg: t\u00f6\u00f6p\u00e4eviti Anal\u00fc\u00fcsimeetod: tablett pannakse (mitte hiljem kui 2 tundi peale sterilisatsiooni) aseptilistes tingimustes rikastuss\u00f6\u00f6tmesse, inkubeeritakse [&hellip;]","og_url":"https:\/\/www.kliinikum.ee\/yhendlabor\/kasiraamat\/mikrobioloogilised-uuringud\/gaas-sterilisatsiooni-kontroll\/","og_site_name":"\u00dchendlabor","article_modified_time":"2025-12-09T21:54:18+00:00","twitter_card":"summary_large_image","twitter_misc":{"Est. reading time":"1 minut"},"schema":{"@context":"https:\/\/schema.org","@graph":[{"@type":"WebPage","@id":"https:\/\/www.kliinikum.ee\/yhendlabor\/kasiraamat\/mikrobioloogilised-uuringud\/gaas-sterilisatsiooni-kontroll\/","url":"https:\/\/www.kliinikum.ee\/yhendlabor\/kasiraamat\/mikrobioloogilised-uuringud\/gaas-sterilisatsiooni-kontroll\/","name":"Gaas-sterilisatsiooni kontroll\u00a0 - \u00dchendlabor","isPartOf":{"@id":"https:\/\/www.kliinikum.ee\/yhendlabor\/#website"},"datePublished":"2025-09-12T16:30:00+00:00","dateModified":"2025-12-09T21:54:18+00:00","breadcrumb":{"@id":"https:\/\/www.kliinikum.ee\/yhendlabor\/kasiraamat\/mikrobioloogilised-uuringud\/gaas-sterilisatsiooni-kontroll\/#breadcrumb"},"inLanguage":"et","potentialAction":[{"@type":"ReadAction","target":["https:\/\/www.kliinikum.ee\/yhendlabor\/kasiraamat\/mikrobioloogilised-uuringud\/gaas-sterilisatsiooni-kontroll\/"]}]},{"@type":"BreadcrumbList","@id":"https:\/\/www.kliinikum.ee\/yhendlabor\/kasiraamat\/mikrobioloogilised-uuringud\/gaas-sterilisatsiooni-kontroll\/#breadcrumb","itemListElement":[{"@type":"ListItem","position":1,"name":"Home","item":"https:\/\/www.kliinikum.ee\/yhendlabor\/"},{"@type":"ListItem","position":2,"name":"K\u00e4siraamat","item":"https:\/\/www.kliinikum.ee\/yhendlabor\/kasiraamat\/"},{"@type":"ListItem","position":3,"name":"Mikrobioloogilised uuringud","item":"https:\/\/www.kliinikum.ee\/yhendlabor\/kasiraamat\/mikrobioloogilised-uuringud\/"},{"@type":"ListItem","position":4,"name":"Gaas-sterilisatsiooni kontroll\u00a0"}]},{"@type":"WebSite","@id":"https:\/\/www.kliinikum.ee\/yhendlabor\/#website","url":"https:\/\/www.kliinikum.ee\/yhendlabor\/","name":"\u00dchendlabor","description":"Hoolivus, Uuendusmeelsus, P\u00e4devus ja Usaldusv\u00e4\u00e4rsus","potentialAction":[{"@type":"SearchAction","target":{"@type":"EntryPoint","urlTemplate":"https:\/\/www.kliinikum.ee\/yhendlabor\/?s={search_term_string}"},"query-input":{"@type":"PropertyValueSpecification","valueRequired":true,"valueName":"search_term_string"}}],"inLanguage":"et"}]}},"uagb_featured_image_src":{"full":false,"thumbnail":false,"medium":false,"medium_large":false,"large":false,"1536x1536":false,"2048x2048":false},"uagb_author_info":{"display_name":"Kadi Siigur","author_link":"https:\/\/www.kliinikum.ee\/yhendlabor\/author\/kadisi\/"},"uagb_comment_info":0,"uagb_excerpt":"Mikrobioloogia osakond, tel. 731 9338, 731 9339 Uuritav materjal, selle v\u00f5tmine, saatmine ja s\u00e4ilitamine Proovin\u00f5u Autoklaavi bioloogilise kontrolli tablett testkultuuriga S\u00e4ilivus Toatemperatuuril maksimaalselt kaks tundi Tablett l\u00e4bib steriliseerimists\u00fckli koos steriliseeritava materjaliga. Ts\u00fckli l\u00e4binud tablett saadetakse laborisse uuringuks. Anal\u00fc\u00fcsi tegemise aeg: t\u00f6\u00f6p\u00e4eviti Anal\u00fc\u00fcsimeetod: tablett pannakse (mitte hiljem kui 2 tundi peale sterilisatsiooni) aseptilistes tingimustes rikastuss\u00f6\u00f6tmesse, inkubeeritakse&hellip;","_links":{"self":[{"href":"https:\/\/www.kliinikum.ee\/yhendlabor\/wp-json\/wp\/v2\/pages\/13096","targetHints":{"allow":["GET"]}}],"collection":[{"href":"https:\/\/www.kliinikum.ee\/yhendlabor\/wp-json\/wp\/v2\/pages"}],"about":[{"href":"https:\/\/www.kliinikum.ee\/yhendlabor\/wp-json\/wp\/v2\/types\/page"}],"author":[{"embeddable":true,"href":"https:\/\/www.kliinikum.ee\/yhendlabor\/wp-json\/wp\/v2\/users\/38"}],"replies":[{"embeddable":true,"href":"https:\/\/www.kliinikum.ee\/yhendlabor\/wp-json\/wp\/v2\/comments?post=13096"}],"version-history":[{"count":0,"href":"https:\/\/www.kliinikum.ee\/yhendlabor\/wp-json\/wp\/v2\/pages\/13096\/revisions"}],"up":[{"embeddable":true,"href":"https:\/\/www.kliinikum.ee\/yhendlabor\/wp-json\/wp\/v2\/pages\/7292"}],"wp:attachment":[{"href":"https:\/\/www.kliinikum.ee\/yhendlabor\/wp-json\/wp\/v2\/media?parent=13096"}],"curies":[{"name":"wp","href":"https:\/\/api.w.org\/{rel}","templated":true}]}}