{"id":13100,"date":"2025-09-12T18:36:40","date_gmt":"2025-09-12T16:36:40","guid":{"rendered":"https:\/\/www.kliinikum.ee\/yhendlabor\/?page_id=13100"},"modified":"2025-12-21T23:03:40","modified_gmt":"2025-12-21T21:03:40","slug":"haavaeritise-mikrobioloogiline-uuring","status":"publish","type":"page","link":"https:\/\/www.kliinikum.ee\/yhendlabor\/kasiraamat\/mikrobioloogilised-uuringud\/haavaeritise-mikrobioloogiline-uuring\/","title":{"rendered":"Haavaeritise mikrobioloogiline uuring"},"content":{"rendered":"\n<p><em>Mikrobioloogia osakond<\/em><\/p>\n\n\n\n<p><strong>Haavainfektsioonid <\/strong>on naha, limaskestade v\u00f5i nende all asetsevate kudede vigastuse korral tekkivad p\u00f5letikud. S\u00f5ltuvalt haavainfektsiooni liigist on sagedasemad j\u00e4rgmised patogeenid:<br>puhtad kirurgilised haavad \u2013 <em>Staphylococcus aureus<\/em>, <em>Streptococcus pyogenes<\/em>, koagulaasnegatiivsed staf\u00fclokokid, enterobakterid, anaeroobid;<br>mustad kirurgilised haavad \u2013 enterobakterid, <em>Acinetobacter<\/em> <em>spp<\/em>., <em>Pseudomonas<\/em> <em>spp<\/em>., anaeroobid;<br>traumaatilised haavad \u2013 klostriidid, keskkonna bakterid;<br>hammustused \u2013 hammustaja suu mikrofloora, <em>Pasteurella<\/em>, <em>Eikenella<\/em>, <em>Capnocytophaga;<\/em><br>p\u00f5letused \u2013 <em>Pseudomonas aeruginosa<\/em>, <em>Staphylococcus aureus<\/em>, <em>Escherichia coli<\/em>, enterobakterid, <em>Candida.<\/em><\/p>\n\n\n\n<p class=\"has-medium-font-size\"><strong>Uuritav materjal, selle v\u00f5tmine, saatmine ja s\u00e4ilitamine<\/strong><\/p>\n\n\n\n<figure class=\"wp-block-table is-style-stripes\"><table width=\"100%\"><tbody><tr><td width=\"1%\"><\/td><td width=\"15%\"><strong>Proovin\u00f5u<\/strong><\/td><td width=\"84%\">eSwab vedela transpordis\u00f6\u00f6tmega katsuti<\/td><\/tr><tr><td><\/td><td><strong>S\u00e4ilivus<\/strong><\/td><td>Toatemperatuuril v\u00f5i +4 \u00b0C kaks p\u00e4eva<\/td><\/tr><\/tbody><\/table><\/figure>\n\n\n\n<p>Haava pind puhastada steriilse f\u00fcsioloogilise lahusega, eemaldada nekrotiseerunud kude (sisaldab surnud mikroobe ja detriiti). V\u00f5tta materjali tampooniga v\u00f5imalikult s\u00fcgavalt haavast terve ja kahjustatud koe piirilt ja asetada tampoon eSwab vedela transpordis\u00f6\u00f6tmega katsutisse.<\/p>\n\n\n\n<p>NB! M\u00f5elda ka anaeroobse infektsiooni v\u00f5imalusele.<\/p>\n\n\n\n<p class=\"has-medium-font-size\"><strong>Anal\u00fc\u00fcsi tegemise aeg:<\/strong> t\u00f6\u00f6p\u00e4eviti (esmask\u00fclvid ka n\u00e4dalavahetustel)<\/p>\n\n\n\n<p class=\"has-medium-font-size\"><strong>Anal\u00fc\u00fcsimeetod: <\/strong>poolkvantitatiivne k\u00fclv veri- ja \u0161okolaadagarile. Grami j\u00e4rgi v\u00e4rvitud preparaat. Tekitaja samastamine ja ravimitundlikkuse m\u00e4\u00e4ramine. L\u00f5plik vastus: negatiivne 3.\u20134. p\u00e4eval, positiivne 3.\u20135. p\u00e4eval.<\/p>\n\n\n\n<p class=\"has-medium-font-size\"><strong>N\u00e4idustus ja kliiniline t\u00e4hendus<\/strong><\/p>\n\n\n\n<p>Haava- v\u00f5i pehmete kudede infektsioonid.<\/p>\n\n\n\n<p>Sagedasemad tekitajad: <em>S. aureus, S. pyogenes, <\/em>enterobakterid. Koagulaasnegatiivsed staf\u00fclokokid <em>&nbsp;<\/em>on infektsiooni tekitajateks v\u00f5\u00f5rkehadega (veresoonte- ja liigeseproteesid, luunaelad) seotud infektsioonide korral, muudel juhtudel on nende leiu puhul t\u00f5en\u00e4oliselt tegemist proovi saastumisega naha normaalse mikroflooraga.<\/p>\n\n\n\n<p>V\u00f5imalikud vead: proovi v\u00f5tmine antibakteriaalse ravi foonil, vead s\u00e4ilitamisel ja transpordil.<\/p>\n\n\n\n<p>Vt ka: <a href=\"https:\/\/www.kliinikum.ee\/yhendlabor\/kasiraamat\/mikrobioloogilised-uuringud\/anaeroobne-kulv-haavaeritis-punktaadid-hambajuurekanali-materjal-koetukid\/\">Anaeroobne k\u00fclv<\/a><\/p>\n\n\n\n<p>Koostaja: Krista L\u00f5ivukene<br>Muudetud 28.09.2021<\/p>\n","protected":false},"excerpt":{"rendered":"<p>Mikrobioloogia osakond Haavainfektsioonid on naha, limaskestade v\u00f5i nende all asetsevate kudede vigastuse korral tekkivad p\u00f5letikud. S\u00f5ltuvalt haavainfektsiooni liigist on sagedasemad j\u00e4rgmised patogeenid:puhtad kirurgilised haavad \u2013 Staphylococcus aureus, Streptococcus pyogenes, koagulaasnegatiivsed staf\u00fclokokid, enterobakterid, anaeroobid;mustad kirurgilised haavad \u2013 enterobakterid, Acinetobacter spp., Pseudomonas spp., anaeroobid;traumaatilised haavad \u2013 klostriidid, keskkonna bakterid;hammustused \u2013 hammustaja suu mikrofloora, Pasteurella, Eikenella, Capnocytophaga;p\u00f5letused \u2013 [&hellip;]<\/p>\n","protected":false},"author":38,"featured_media":0,"parent":7292,"menu_order":11,"comment_status":"closed","ping_status":"closed","template":"","meta":{"_uag_custom_page_level_css":"","footnotes":""},"class_list":["post-13100","page","type-page","status-publish","hentry"],"acf":[],"yoast_head":"<!-- This site is optimized with the Yoast SEO plugin v27.3 - https:\/\/yoast.com\/product\/yoast-seo-wordpress\/ -->\n<title>Haavaeritise mikrobioloogiline uuring - \u00dchendlabor<\/title>\n<meta name=\"robots\" content=\"index, follow, max-snippet:-1, max-image-preview:large, max-video-preview:-1\" \/>\n<link rel=\"canonical\" href=\"https:\/\/www.kliinikum.ee\/yhendlabor\/kasiraamat\/mikrobioloogilised-uuringud\/haavaeritise-mikrobioloogiline-uuring\/\" \/>\n<meta property=\"og:locale\" content=\"et_EE\" \/>\n<meta property=\"og:type\" content=\"article\" \/>\n<meta property=\"og:title\" content=\"Haavaeritise mikrobioloogiline uuring - \u00dchendlabor\" \/>\n<meta property=\"og:description\" content=\"Mikrobioloogia osakond Haavainfektsioonid on naha, limaskestade v\u00f5i nende all asetsevate kudede vigastuse korral tekkivad p\u00f5letikud. S\u00f5ltuvalt haavainfektsiooni liigist on sagedasemad j\u00e4rgmised patogeenid:puhtad kirurgilised haavad \u2013 Staphylococcus aureus, Streptococcus pyogenes, koagulaasnegatiivsed staf\u00fclokokid, enterobakterid, anaeroobid;mustad kirurgilised haavad \u2013 enterobakterid, Acinetobacter spp., Pseudomonas spp., anaeroobid;traumaatilised haavad \u2013 klostriidid, keskkonna bakterid;hammustused \u2013 hammustaja suu mikrofloora, Pasteurella, Eikenella, Capnocytophaga;p\u00f5letused \u2013 [&hellip;]\" \/>\n<meta property=\"og:url\" content=\"https:\/\/www.kliinikum.ee\/yhendlabor\/kasiraamat\/mikrobioloogilised-uuringud\/haavaeritise-mikrobioloogiline-uuring\/\" \/>\n<meta property=\"og:site_name\" content=\"\u00dchendlabor\" \/>\n<meta property=\"article:modified_time\" content=\"2025-12-21T21:03:40+00:00\" \/>\n<meta name=\"twitter:card\" content=\"summary_large_image\" \/>\n<meta name=\"twitter:label1\" content=\"Est. reading time\" \/>\n\t<meta name=\"twitter:data1\" content=\"2 minutit\" \/>\n<script type=\"application\/ld+json\" class=\"yoast-schema-graph\">{\"@context\":\"https:\\\/\\\/schema.org\",\"@graph\":[{\"@type\":\"WebPage\",\"@id\":\"https:\\\/\\\/www.kliinikum.ee\\\/yhendlabor\\\/kasiraamat\\\/mikrobioloogilised-uuringud\\\/haavaeritise-mikrobioloogiline-uuring\\\/\",\"url\":\"https:\\\/\\\/www.kliinikum.ee\\\/yhendlabor\\\/kasiraamat\\\/mikrobioloogilised-uuringud\\\/haavaeritise-mikrobioloogiline-uuring\\\/\",\"name\":\"Haavaeritise mikrobioloogiline uuring - \u00dchendlabor\",\"isPartOf\":{\"@id\":\"https:\\\/\\\/www.kliinikum.ee\\\/yhendlabor\\\/#website\"},\"datePublished\":\"2025-09-12T16:36:40+00:00\",\"dateModified\":\"2025-12-21T21:03:40+00:00\",\"breadcrumb\":{\"@id\":\"https:\\\/\\\/www.kliinikum.ee\\\/yhendlabor\\\/kasiraamat\\\/mikrobioloogilised-uuringud\\\/haavaeritise-mikrobioloogiline-uuring\\\/#breadcrumb\"},\"inLanguage\":\"et\",\"potentialAction\":[{\"@type\":\"ReadAction\",\"target\":[\"https:\\\/\\\/www.kliinikum.ee\\\/yhendlabor\\\/kasiraamat\\\/mikrobioloogilised-uuringud\\\/haavaeritise-mikrobioloogiline-uuring\\\/\"]}]},{\"@type\":\"BreadcrumbList\",\"@id\":\"https:\\\/\\\/www.kliinikum.ee\\\/yhendlabor\\\/kasiraamat\\\/mikrobioloogilised-uuringud\\\/haavaeritise-mikrobioloogiline-uuring\\\/#breadcrumb\",\"itemListElement\":[{\"@type\":\"ListItem\",\"position\":1,\"name\":\"Home\",\"item\":\"https:\\\/\\\/www.kliinikum.ee\\\/yhendlabor\\\/\"},{\"@type\":\"ListItem\",\"position\":2,\"name\":\"K\u00e4siraamat\",\"item\":\"https:\\\/\\\/www.kliinikum.ee\\\/yhendlabor\\\/kasiraamat\\\/\"},{\"@type\":\"ListItem\",\"position\":3,\"name\":\"Mikrobioloogilised uuringud\",\"item\":\"https:\\\/\\\/www.kliinikum.ee\\\/yhendlabor\\\/kasiraamat\\\/mikrobioloogilised-uuringud\\\/\"},{\"@type\":\"ListItem\",\"position\":4,\"name\":\"Haavaeritise mikrobioloogiline uuring\"}]},{\"@type\":\"WebSite\",\"@id\":\"https:\\\/\\\/www.kliinikum.ee\\\/yhendlabor\\\/#website\",\"url\":\"https:\\\/\\\/www.kliinikum.ee\\\/yhendlabor\\\/\",\"name\":\"\u00dchendlabor\",\"description\":\"Hoolivus, Uuendusmeelsus, P\u00e4devus ja Usaldusv\u00e4\u00e4rsus\",\"potentialAction\":[{\"@type\":\"SearchAction\",\"target\":{\"@type\":\"EntryPoint\",\"urlTemplate\":\"https:\\\/\\\/www.kliinikum.ee\\\/yhendlabor\\\/?s={search_term_string}\"},\"query-input\":{\"@type\":\"PropertyValueSpecification\",\"valueRequired\":true,\"valueName\":\"search_term_string\"}}],\"inLanguage\":\"et\"}]}<\/script>\n<!-- \/ Yoast SEO plugin. -->","yoast_head_json":{"title":"Haavaeritise mikrobioloogiline uuring - \u00dchendlabor","robots":{"index":"index","follow":"follow","max-snippet":"max-snippet:-1","max-image-preview":"max-image-preview:large","max-video-preview":"max-video-preview:-1"},"canonical":"https:\/\/www.kliinikum.ee\/yhendlabor\/kasiraamat\/mikrobioloogilised-uuringud\/haavaeritise-mikrobioloogiline-uuring\/","og_locale":"et_EE","og_type":"article","og_title":"Haavaeritise mikrobioloogiline uuring - \u00dchendlabor","og_description":"Mikrobioloogia osakond Haavainfektsioonid on naha, limaskestade v\u00f5i nende all asetsevate kudede vigastuse korral tekkivad p\u00f5letikud. S\u00f5ltuvalt haavainfektsiooni liigist on sagedasemad j\u00e4rgmised patogeenid:puhtad kirurgilised haavad \u2013 Staphylococcus aureus, Streptococcus pyogenes, koagulaasnegatiivsed staf\u00fclokokid, enterobakterid, anaeroobid;mustad kirurgilised haavad \u2013 enterobakterid, Acinetobacter spp., Pseudomonas spp., anaeroobid;traumaatilised haavad \u2013 klostriidid, keskkonna bakterid;hammustused \u2013 hammustaja suu mikrofloora, Pasteurella, Eikenella, Capnocytophaga;p\u00f5letused \u2013 [&hellip;]","og_url":"https:\/\/www.kliinikum.ee\/yhendlabor\/kasiraamat\/mikrobioloogilised-uuringud\/haavaeritise-mikrobioloogiline-uuring\/","og_site_name":"\u00dchendlabor","article_modified_time":"2025-12-21T21:03:40+00:00","twitter_card":"summary_large_image","twitter_misc":{"Est. reading time":"2 minutit"},"schema":{"@context":"https:\/\/schema.org","@graph":[{"@type":"WebPage","@id":"https:\/\/www.kliinikum.ee\/yhendlabor\/kasiraamat\/mikrobioloogilised-uuringud\/haavaeritise-mikrobioloogiline-uuring\/","url":"https:\/\/www.kliinikum.ee\/yhendlabor\/kasiraamat\/mikrobioloogilised-uuringud\/haavaeritise-mikrobioloogiline-uuring\/","name":"Haavaeritise mikrobioloogiline uuring - \u00dchendlabor","isPartOf":{"@id":"https:\/\/www.kliinikum.ee\/yhendlabor\/#website"},"datePublished":"2025-09-12T16:36:40+00:00","dateModified":"2025-12-21T21:03:40+00:00","breadcrumb":{"@id":"https:\/\/www.kliinikum.ee\/yhendlabor\/kasiraamat\/mikrobioloogilised-uuringud\/haavaeritise-mikrobioloogiline-uuring\/#breadcrumb"},"inLanguage":"et","potentialAction":[{"@type":"ReadAction","target":["https:\/\/www.kliinikum.ee\/yhendlabor\/kasiraamat\/mikrobioloogilised-uuringud\/haavaeritise-mikrobioloogiline-uuring\/"]}]},{"@type":"BreadcrumbList","@id":"https:\/\/www.kliinikum.ee\/yhendlabor\/kasiraamat\/mikrobioloogilised-uuringud\/haavaeritise-mikrobioloogiline-uuring\/#breadcrumb","itemListElement":[{"@type":"ListItem","position":1,"name":"Home","item":"https:\/\/www.kliinikum.ee\/yhendlabor\/"},{"@type":"ListItem","position":2,"name":"K\u00e4siraamat","item":"https:\/\/www.kliinikum.ee\/yhendlabor\/kasiraamat\/"},{"@type":"ListItem","position":3,"name":"Mikrobioloogilised uuringud","item":"https:\/\/www.kliinikum.ee\/yhendlabor\/kasiraamat\/mikrobioloogilised-uuringud\/"},{"@type":"ListItem","position":4,"name":"Haavaeritise mikrobioloogiline uuring"}]},{"@type":"WebSite","@id":"https:\/\/www.kliinikum.ee\/yhendlabor\/#website","url":"https:\/\/www.kliinikum.ee\/yhendlabor\/","name":"\u00dchendlabor","description":"Hoolivus, Uuendusmeelsus, P\u00e4devus ja Usaldusv\u00e4\u00e4rsus","potentialAction":[{"@type":"SearchAction","target":{"@type":"EntryPoint","urlTemplate":"https:\/\/www.kliinikum.ee\/yhendlabor\/?s={search_term_string}"},"query-input":{"@type":"PropertyValueSpecification","valueRequired":true,"valueName":"search_term_string"}}],"inLanguage":"et"}]}},"uagb_featured_image_src":{"full":false,"thumbnail":false,"medium":false,"medium_large":false,"large":false,"1536x1536":false,"2048x2048":false},"uagb_author_info":{"display_name":"Kadi Siigur","author_link":"https:\/\/www.kliinikum.ee\/yhendlabor\/author\/kadisi\/"},"uagb_comment_info":0,"uagb_excerpt":"Mikrobioloogia osakond Haavainfektsioonid on naha, limaskestade v\u00f5i nende all asetsevate kudede vigastuse korral tekkivad p\u00f5letikud. S\u00f5ltuvalt haavainfektsiooni liigist on sagedasemad j\u00e4rgmised patogeenid:puhtad kirurgilised haavad \u2013 Staphylococcus aureus, Streptococcus pyogenes, koagulaasnegatiivsed staf\u00fclokokid, enterobakterid, anaeroobid;mustad kirurgilised haavad \u2013 enterobakterid, Acinetobacter spp., Pseudomonas spp., anaeroobid;traumaatilised haavad \u2013 klostriidid, keskkonna bakterid;hammustused \u2013 hammustaja suu mikrofloora, Pasteurella, Eikenella, Capnocytophaga;p\u00f5letused \u2013&hellip;","_links":{"self":[{"href":"https:\/\/www.kliinikum.ee\/yhendlabor\/wp-json\/wp\/v2\/pages\/13100","targetHints":{"allow":["GET"]}}],"collection":[{"href":"https:\/\/www.kliinikum.ee\/yhendlabor\/wp-json\/wp\/v2\/pages"}],"about":[{"href":"https:\/\/www.kliinikum.ee\/yhendlabor\/wp-json\/wp\/v2\/types\/page"}],"author":[{"embeddable":true,"href":"https:\/\/www.kliinikum.ee\/yhendlabor\/wp-json\/wp\/v2\/users\/38"}],"replies":[{"embeddable":true,"href":"https:\/\/www.kliinikum.ee\/yhendlabor\/wp-json\/wp\/v2\/comments?post=13100"}],"version-history":[{"count":0,"href":"https:\/\/www.kliinikum.ee\/yhendlabor\/wp-json\/wp\/v2\/pages\/13100\/revisions"}],"up":[{"embeddable":true,"href":"https:\/\/www.kliinikum.ee\/yhendlabor\/wp-json\/wp\/v2\/pages\/7292"}],"wp:attachment":[{"href":"https:\/\/www.kliinikum.ee\/yhendlabor\/wp-json\/wp\/v2\/media?parent=13100"}],"curies":[{"name":"wp","href":"https:\/\/api.w.org\/{rel}","templated":true}]}}