{"id":13103,"date":"2025-09-12T18:42:19","date_gmt":"2025-09-12T16:42:19","guid":{"rendered":"https:\/\/www.kliinikum.ee\/yhendlabor\/?page_id=13103"},"modified":"2025-12-21T23:05:45","modified_gmt":"2025-12-21T21:05:45","slug":"koetukkide-mikrobioloogiline-uuring","status":"publish","type":"page","link":"https:\/\/www.kliinikum.ee\/yhendlabor\/kasiraamat\/mikrobioloogilised-uuringud\/koetukkide-mikrobioloogiline-uuring\/","title":{"rendered":"Koet\u00fckkide mikrobioloogiline uuring"},"content":{"rendered":"\n<p><em>Mikrobioloogia osakond<\/em><\/p>\n\n\n\n<p><strong>Koet\u00fckid <\/strong>sobivad k\u00f5ige paremini haavainfektsioonide mikrobioloogiliseks uuringuks, peegeldades paremini infektsioonitekitajate kvantitatiivseid suhteid. Materjal tuleb v\u00f5tta nekrootilise ja terve koe piirilt. Nekrootilises koes ja haava pinnal v\u00f5ivad tundlikumad mikroobid olla hukkunud, samuti esineb kontaminatsiooni v\u00f5imalus.<\/p>\n\n\n\n<p class=\"has-medium-font-size\"><strong>Uuritav materjal, selle v\u00f5tmine, saatmine ja s\u00e4ilitamine<\/strong><\/p>\n\n\n\n<figure class=\"wp-block-table is-style-stripes\"><table width=\"100%\"><tbody><tr><td width=\"1%\"><\/td><td width=\"15%\"><strong>Proovin\u00f5u<\/strong><\/td><td width=\"84%\">Madal transpordis\u00f6\u00f6tmega katsuti<\/td><\/tr><tr><td><\/td><td><strong>S\u00e4ilivus<\/strong><\/td><td>+4 \u00b0C \u00fcks p\u00e4ev<\/td><\/tr><\/tbody><\/table><\/figure>\n\n\n\n<p>Koet\u00fckk suruda steriilsete pintsettidega transpordis\u00f6\u00f6tmesse.<\/p>\n\n\n\n<p class=\"has-medium-font-size\"><strong>Anal\u00fc\u00fcsi tegemise aeg:<\/strong> t\u00f6\u00f6p\u00e4eviti (esmask\u00fclvid ka n\u00e4dalavahetusel)<\/p>\n\n\n\n<p class=\"has-medium-font-size\"><strong>Anal\u00fc\u00fcsimeetod: <\/strong>k\u00fclv veri- ja \u0161okolaadagarile. Akridiinoran\u017eiga v\u00e4rvitud preparaat. Tekitaja samastamine ja ravimitundlikkuse m\u00e4\u00e4ramine.L\u00f5plik vastus: negatiivne 3.\u20134. p\u00e4eval, positiivne 3.\u20135. p\u00e4eval.<\/p>\n\n\n\n<p class=\"has-medium-font-size\"><strong>N\u00e4idustused ja kliiniline t\u00e4hendus<\/strong><\/p>\n\n\n\n<p>Kudede bakteriaalse v\u00f5i seeninfektsiooni kahtlus.<\/p>\n\n\n\n<p>V\u00f5imalikud vead: proovi v\u00f5tmine antibakteriaalse ravi foonil, vead s\u00e4ilitamisel ja transpordil.<\/p>\n\n\n\n<p>Vt ka: <a href=\"https:\/\/www.kliinikum.ee\/yhendlabor\/kasiraamat\/mikrobioloogilised-uuringud\/anaeroobne-kulv-haavaeritis-punktaadid-hambajuurekanali-materjal-koetukid\/\">Anaeroobne k\u00fclv<\/a><br><a href=\"https:\/\/www.kliinikum.ee\/yhendlabor\/kasiraamat\/mikrobioloogilised-uuringud\/haavaeritise-mikrobioloogiline-uuring\/\">Haavaeritise mikrobioloogiline uuring<\/a><\/p>\n\n\n\n<p>Koostaja: Krista L\u00f5ivukene<br>Muudetud 08.02.2018<\/p>\n\n\n\n<p><\/p>\n","protected":false},"excerpt":{"rendered":"<p>Mikrobioloogia osakond Koet\u00fckid sobivad k\u00f5ige paremini haavainfektsioonide mikrobioloogiliseks uuringuks, peegeldades paremini infektsioonitekitajate kvantitatiivseid suhteid. Materjal tuleb v\u00f5tta nekrootilise ja terve koe piirilt. Nekrootilises koes ja haava pinnal v\u00f5ivad tundlikumad mikroobid olla hukkunud, samuti esineb kontaminatsiooni v\u00f5imalus. Uuritav materjal, selle v\u00f5tmine, saatmine ja s\u00e4ilitamine Proovin\u00f5u Madal transpordis\u00f6\u00f6tmega katsuti S\u00e4ilivus +4 \u00b0C \u00fcks p\u00e4ev Koet\u00fckk suruda steriilsete [&hellip;]<\/p>\n","protected":false},"author":38,"featured_media":0,"parent":7292,"menu_order":12,"comment_status":"closed","ping_status":"closed","template":"","meta":{"_uag_custom_page_level_css":"","footnotes":""},"class_list":["post-13103","page","type-page","status-publish","hentry"],"acf":[],"yoast_head":"<!-- This site is optimized with the Yoast SEO plugin v27.3 - https:\/\/yoast.com\/product\/yoast-seo-wordpress\/ -->\n<title>Koet\u00fckkide mikrobioloogiline uuring - \u00dchendlabor<\/title>\n<meta name=\"robots\" content=\"index, follow, max-snippet:-1, max-image-preview:large, max-video-preview:-1\" \/>\n<link rel=\"canonical\" href=\"https:\/\/www.kliinikum.ee\/yhendlabor\/kasiraamat\/mikrobioloogilised-uuringud\/koetukkide-mikrobioloogiline-uuring\/\" \/>\n<meta property=\"og:locale\" content=\"et_EE\" \/>\n<meta property=\"og:type\" content=\"article\" \/>\n<meta property=\"og:title\" content=\"Koet\u00fckkide mikrobioloogiline uuring - \u00dchendlabor\" \/>\n<meta property=\"og:description\" content=\"Mikrobioloogia osakond Koet\u00fckid sobivad k\u00f5ige paremini haavainfektsioonide mikrobioloogiliseks uuringuks, peegeldades paremini infektsioonitekitajate kvantitatiivseid suhteid. Materjal tuleb v\u00f5tta nekrootilise ja terve koe piirilt. Nekrootilises koes ja haava pinnal v\u00f5ivad tundlikumad mikroobid olla hukkunud, samuti esineb kontaminatsiooni v\u00f5imalus. Uuritav materjal, selle v\u00f5tmine, saatmine ja s\u00e4ilitamine Proovin\u00f5u Madal transpordis\u00f6\u00f6tmega katsuti S\u00e4ilivus +4 \u00b0C \u00fcks p\u00e4ev Koet\u00fckk suruda steriilsete [&hellip;]\" \/>\n<meta property=\"og:url\" content=\"https:\/\/www.kliinikum.ee\/yhendlabor\/kasiraamat\/mikrobioloogilised-uuringud\/koetukkide-mikrobioloogiline-uuring\/\" \/>\n<meta property=\"og:site_name\" content=\"\u00dchendlabor\" \/>\n<meta property=\"article:modified_time\" content=\"2025-12-21T21:05:45+00:00\" \/>\n<meta name=\"twitter:card\" content=\"summary_large_image\" \/>\n<meta name=\"twitter:label1\" content=\"Est. reading time\" \/>\n\t<meta name=\"twitter:data1\" content=\"1 minut\" \/>\n<script type=\"application\/ld+json\" class=\"yoast-schema-graph\">{\"@context\":\"https:\\\/\\\/schema.org\",\"@graph\":[{\"@type\":\"WebPage\",\"@id\":\"https:\\\/\\\/www.kliinikum.ee\\\/yhendlabor\\\/kasiraamat\\\/mikrobioloogilised-uuringud\\\/koetukkide-mikrobioloogiline-uuring\\\/\",\"url\":\"https:\\\/\\\/www.kliinikum.ee\\\/yhendlabor\\\/kasiraamat\\\/mikrobioloogilised-uuringud\\\/koetukkide-mikrobioloogiline-uuring\\\/\",\"name\":\"Koet\u00fckkide mikrobioloogiline uuring - \u00dchendlabor\",\"isPartOf\":{\"@id\":\"https:\\\/\\\/www.kliinikum.ee\\\/yhendlabor\\\/#website\"},\"datePublished\":\"2025-09-12T16:42:19+00:00\",\"dateModified\":\"2025-12-21T21:05:45+00:00\",\"breadcrumb\":{\"@id\":\"https:\\\/\\\/www.kliinikum.ee\\\/yhendlabor\\\/kasiraamat\\\/mikrobioloogilised-uuringud\\\/koetukkide-mikrobioloogiline-uuring\\\/#breadcrumb\"},\"inLanguage\":\"et\",\"potentialAction\":[{\"@type\":\"ReadAction\",\"target\":[\"https:\\\/\\\/www.kliinikum.ee\\\/yhendlabor\\\/kasiraamat\\\/mikrobioloogilised-uuringud\\\/koetukkide-mikrobioloogiline-uuring\\\/\"]}]},{\"@type\":\"BreadcrumbList\",\"@id\":\"https:\\\/\\\/www.kliinikum.ee\\\/yhendlabor\\\/kasiraamat\\\/mikrobioloogilised-uuringud\\\/koetukkide-mikrobioloogiline-uuring\\\/#breadcrumb\",\"itemListElement\":[{\"@type\":\"ListItem\",\"position\":1,\"name\":\"Home\",\"item\":\"https:\\\/\\\/www.kliinikum.ee\\\/yhendlabor\\\/\"},{\"@type\":\"ListItem\",\"position\":2,\"name\":\"K\u00e4siraamat\",\"item\":\"https:\\\/\\\/www.kliinikum.ee\\\/yhendlabor\\\/kasiraamat\\\/\"},{\"@type\":\"ListItem\",\"position\":3,\"name\":\"Mikrobioloogilised uuringud\",\"item\":\"https:\\\/\\\/www.kliinikum.ee\\\/yhendlabor\\\/kasiraamat\\\/mikrobioloogilised-uuringud\\\/\"},{\"@type\":\"ListItem\",\"position\":4,\"name\":\"Koet\u00fckkide mikrobioloogiline uuring\"}]},{\"@type\":\"WebSite\",\"@id\":\"https:\\\/\\\/www.kliinikum.ee\\\/yhendlabor\\\/#website\",\"url\":\"https:\\\/\\\/www.kliinikum.ee\\\/yhendlabor\\\/\",\"name\":\"\u00dchendlabor\",\"description\":\"Hoolivus, Uuendusmeelsus, P\u00e4devus ja Usaldusv\u00e4\u00e4rsus\",\"potentialAction\":[{\"@type\":\"SearchAction\",\"target\":{\"@type\":\"EntryPoint\",\"urlTemplate\":\"https:\\\/\\\/www.kliinikum.ee\\\/yhendlabor\\\/?s={search_term_string}\"},\"query-input\":{\"@type\":\"PropertyValueSpecification\",\"valueRequired\":true,\"valueName\":\"search_term_string\"}}],\"inLanguage\":\"et\"}]}<\/script>\n<!-- \/ Yoast SEO plugin. -->","yoast_head_json":{"title":"Koet\u00fckkide mikrobioloogiline uuring - \u00dchendlabor","robots":{"index":"index","follow":"follow","max-snippet":"max-snippet:-1","max-image-preview":"max-image-preview:large","max-video-preview":"max-video-preview:-1"},"canonical":"https:\/\/www.kliinikum.ee\/yhendlabor\/kasiraamat\/mikrobioloogilised-uuringud\/koetukkide-mikrobioloogiline-uuring\/","og_locale":"et_EE","og_type":"article","og_title":"Koet\u00fckkide mikrobioloogiline uuring - \u00dchendlabor","og_description":"Mikrobioloogia osakond Koet\u00fckid sobivad k\u00f5ige paremini haavainfektsioonide mikrobioloogiliseks uuringuks, peegeldades paremini infektsioonitekitajate kvantitatiivseid suhteid. Materjal tuleb v\u00f5tta nekrootilise ja terve koe piirilt. Nekrootilises koes ja haava pinnal v\u00f5ivad tundlikumad mikroobid olla hukkunud, samuti esineb kontaminatsiooni v\u00f5imalus. Uuritav materjal, selle v\u00f5tmine, saatmine ja s\u00e4ilitamine Proovin\u00f5u Madal transpordis\u00f6\u00f6tmega katsuti S\u00e4ilivus +4 \u00b0C \u00fcks p\u00e4ev Koet\u00fckk suruda steriilsete [&hellip;]","og_url":"https:\/\/www.kliinikum.ee\/yhendlabor\/kasiraamat\/mikrobioloogilised-uuringud\/koetukkide-mikrobioloogiline-uuring\/","og_site_name":"\u00dchendlabor","article_modified_time":"2025-12-21T21:05:45+00:00","twitter_card":"summary_large_image","twitter_misc":{"Est. reading time":"1 minut"},"schema":{"@context":"https:\/\/schema.org","@graph":[{"@type":"WebPage","@id":"https:\/\/www.kliinikum.ee\/yhendlabor\/kasiraamat\/mikrobioloogilised-uuringud\/koetukkide-mikrobioloogiline-uuring\/","url":"https:\/\/www.kliinikum.ee\/yhendlabor\/kasiraamat\/mikrobioloogilised-uuringud\/koetukkide-mikrobioloogiline-uuring\/","name":"Koet\u00fckkide mikrobioloogiline uuring - \u00dchendlabor","isPartOf":{"@id":"https:\/\/www.kliinikum.ee\/yhendlabor\/#website"},"datePublished":"2025-09-12T16:42:19+00:00","dateModified":"2025-12-21T21:05:45+00:00","breadcrumb":{"@id":"https:\/\/www.kliinikum.ee\/yhendlabor\/kasiraamat\/mikrobioloogilised-uuringud\/koetukkide-mikrobioloogiline-uuring\/#breadcrumb"},"inLanguage":"et","potentialAction":[{"@type":"ReadAction","target":["https:\/\/www.kliinikum.ee\/yhendlabor\/kasiraamat\/mikrobioloogilised-uuringud\/koetukkide-mikrobioloogiline-uuring\/"]}]},{"@type":"BreadcrumbList","@id":"https:\/\/www.kliinikum.ee\/yhendlabor\/kasiraamat\/mikrobioloogilised-uuringud\/koetukkide-mikrobioloogiline-uuring\/#breadcrumb","itemListElement":[{"@type":"ListItem","position":1,"name":"Home","item":"https:\/\/www.kliinikum.ee\/yhendlabor\/"},{"@type":"ListItem","position":2,"name":"K\u00e4siraamat","item":"https:\/\/www.kliinikum.ee\/yhendlabor\/kasiraamat\/"},{"@type":"ListItem","position":3,"name":"Mikrobioloogilised uuringud","item":"https:\/\/www.kliinikum.ee\/yhendlabor\/kasiraamat\/mikrobioloogilised-uuringud\/"},{"@type":"ListItem","position":4,"name":"Koet\u00fckkide mikrobioloogiline uuring"}]},{"@type":"WebSite","@id":"https:\/\/www.kliinikum.ee\/yhendlabor\/#website","url":"https:\/\/www.kliinikum.ee\/yhendlabor\/","name":"\u00dchendlabor","description":"Hoolivus, Uuendusmeelsus, P\u00e4devus ja Usaldusv\u00e4\u00e4rsus","potentialAction":[{"@type":"SearchAction","target":{"@type":"EntryPoint","urlTemplate":"https:\/\/www.kliinikum.ee\/yhendlabor\/?s={search_term_string}"},"query-input":{"@type":"PropertyValueSpecification","valueRequired":true,"valueName":"search_term_string"}}],"inLanguage":"et"}]}},"uagb_featured_image_src":{"full":false,"thumbnail":false,"medium":false,"medium_large":false,"large":false,"1536x1536":false,"2048x2048":false},"uagb_author_info":{"display_name":"Kadi Siigur","author_link":"https:\/\/www.kliinikum.ee\/yhendlabor\/author\/kadisi\/"},"uagb_comment_info":0,"uagb_excerpt":"Mikrobioloogia osakond Koet\u00fckid sobivad k\u00f5ige paremini haavainfektsioonide mikrobioloogiliseks uuringuks, peegeldades paremini infektsioonitekitajate kvantitatiivseid suhteid. Materjal tuleb v\u00f5tta nekrootilise ja terve koe piirilt. Nekrootilises koes ja haava pinnal v\u00f5ivad tundlikumad mikroobid olla hukkunud, samuti esineb kontaminatsiooni v\u00f5imalus. Uuritav materjal, selle v\u00f5tmine, saatmine ja s\u00e4ilitamine Proovin\u00f5u Madal transpordis\u00f6\u00f6tmega katsuti S\u00e4ilivus +4 \u00b0C \u00fcks p\u00e4ev Koet\u00fckk suruda steriilsete&hellip;","_links":{"self":[{"href":"https:\/\/www.kliinikum.ee\/yhendlabor\/wp-json\/wp\/v2\/pages\/13103","targetHints":{"allow":["GET"]}}],"collection":[{"href":"https:\/\/www.kliinikum.ee\/yhendlabor\/wp-json\/wp\/v2\/pages"}],"about":[{"href":"https:\/\/www.kliinikum.ee\/yhendlabor\/wp-json\/wp\/v2\/types\/page"}],"author":[{"embeddable":true,"href":"https:\/\/www.kliinikum.ee\/yhendlabor\/wp-json\/wp\/v2\/users\/38"}],"replies":[{"embeddable":true,"href":"https:\/\/www.kliinikum.ee\/yhendlabor\/wp-json\/wp\/v2\/comments?post=13103"}],"version-history":[{"count":0,"href":"https:\/\/www.kliinikum.ee\/yhendlabor\/wp-json\/wp\/v2\/pages\/13103\/revisions"}],"up":[{"embeddable":true,"href":"https:\/\/www.kliinikum.ee\/yhendlabor\/wp-json\/wp\/v2\/pages\/7292"}],"wp:attachment":[{"href":"https:\/\/www.kliinikum.ee\/yhendlabor\/wp-json\/wp\/v2\/media?parent=13103"}],"curies":[{"name":"wp","href":"https:\/\/api.w.org\/{rel}","templated":true}]}}